{"id":24308,"date":"2026-01-26T22:58:54","date_gmt":"2026-01-26T14:58:54","guid":{"rendered":"https:\/\/agoravape.com\/?post_type=product&#038;p=24308"},"modified":"2026-02-22T15:14:09","modified_gmt":"2026-02-22T14:14:09","slug":"bang-leader-80k-80000-puffs","status":"publish","type":"product","link":"https:\/\/agoravape.com\/fr\/product\/bang-leader-80k-80000-puffs\/","title":{"rendered":"Bang Leader 80k 80000 bouff\u00e9es 3 en 1 Vape | Trois saveurs, un seul interrupteur"},"content":{"rendered":"<h2 data-v-md-heading=\"what-is-the-special-feature-of-bang-leader-80k-80000-three-in-one-flavor-vape\" data-v-md-line=\"3\"><img loading=\"lazy\" decoding=\"async\" class=\"aligncenter size-full wp-image-24323\" src=\"https:\/\/agoravape.com\/wp-content\/uploads\/2026\/01\/Bang-Leader-80k-80000-Puffs-3in1-Flavor-Vape-Three-Flavours-One-Simple-Switch_Agora_vape-1.webp\" alt=\"\" width=\"2056\" height=\"1089\" srcset=\"https:\/\/agoravape.com\/wp-content\/uploads\/2026\/01\/Bang-Leader-80k-80000-Puffs-3in1-Flavor-Vape-Three-Flavours-One-Simple-Switch_Agora_vape-1.webp 2056w, https:\/\/agoravape.com\/wp-content\/uploads\/2026\/01\/Bang-Leader-80k-80000-Puffs-3in1-Flavor-Vape-Three-Flavours-One-Simple-Switch_Agora_vape-1-1200x636.webp 1200w, https:\/\/agoravape.com\/wp-content\/uploads\/2026\/01\/Bang-Leader-80k-80000-Puffs-3in1-Flavor-Vape-Three-Flavours-One-Simple-Switch_Agora_vape-1-300x159.webp 300w, https:\/\/agoravape.com\/wp-content\/uploads\/2026\/01\/Bang-Leader-80k-80000-Puffs-3in1-Flavor-Vape-Three-Flavours-One-Simple-Switch_Agora_vape-1-1024x542.webp 1024w, https:\/\/agoravape.com\/wp-content\/uploads\/2026\/01\/Bang-Leader-80k-80000-Puffs-3in1-Flavor-Vape-Three-Flavours-One-Simple-Switch_Agora_vape-1-768x407.webp 768w, https:\/\/agoravape.com\/wp-content\/uploads\/2026\/01\/Bang-Leader-80k-80000-Puffs-3in1-Flavor-Vape-Three-Flavours-One-Simple-Switch_Agora_vape-1-1536x814.webp 1536w, https:\/\/agoravape.com\/wp-content\/uploads\/2026\/01\/Bang-Leader-80k-80000-Puffs-3in1-Flavor-Vape-Three-Flavours-One-Simple-Switch_Agora_vape-1-2048x1085.webp 2048w, https:\/\/agoravape.com\/wp-content\/uploads\/2026\/01\/Bang-Leader-80k-80000-Puffs-3in1-Flavor-Vape-Three-Flavours-One-Simple-Switch_Agora_vape-1-18x10.webp 18w\" sizes=\"auto, (max-width: 2056px) 100vw, 2056px\" \/> <img loading=\"lazy\" decoding=\"async\" class=\"aligncenter size-full wp-image-24331\" src=\"https:\/\/agoravape.com\/wp-content\/uploads\/2026\/01\/Bang-Leader-80k-80000-Puffs-3in1-Flavor-Vape-Three-Flavours-One-Simple-Switch_Agora_vape-9-scaled.webp\" alt=\"\" width=\"1437\" height=\"2560\" srcset=\"https:\/\/agoravape.com\/wp-content\/uploads\/2026\/01\/Bang-Leader-80k-80000-Puffs-3in1-Flavor-Vape-Three-Flavours-One-Simple-Switch_Agora_vape-9-scaled.webp 1437w, https:\/\/agoravape.com\/wp-content\/uploads\/2026\/01\/Bang-Leader-80k-80000-Puffs-3in1-Flavor-Vape-Three-Flavours-One-Simple-Switch_Agora_vape-9-scaled-1200x2138.webp 1200w, https:\/\/agoravape.com\/wp-content\/uploads\/2026\/01\/Bang-Leader-80k-80000-Puffs-3in1-Flavor-Vape-Three-Flavours-One-Simple-Switch_Agora_vape-9-168x300.webp 168w, https:\/\/agoravape.com\/wp-content\/uploads\/2026\/01\/Bang-Leader-80k-80000-Puffs-3in1-Flavor-Vape-Three-Flavours-One-Simple-Switch_Agora_vape-9-575x1024.webp 575w, https:\/\/agoravape.com\/wp-content\/uploads\/2026\/01\/Bang-Leader-80k-80000-Puffs-3in1-Flavor-Vape-Three-Flavours-One-Simple-Switch_Agora_vape-9-768x1368.webp 768w, https:\/\/agoravape.com\/wp-content\/uploads\/2026\/01\/Bang-Leader-80k-80000-Puffs-3in1-Flavor-Vape-Three-Flavours-One-Simple-Switch_Agora_vape-9-862x1536.webp 862w, https:\/\/agoravape.com\/wp-content\/uploads\/2026\/01\/Bang-Leader-80k-80000-Puffs-3in1-Flavor-Vape-Three-Flavours-One-Simple-Switch_Agora_vape-9-1150x2048.webp 1150w, https:\/\/agoravape.com\/wp-content\/uploads\/2026\/01\/Bang-Leader-80k-80000-Puffs-3in1-Flavor-Vape-Three-Flavours-One-Simple-Switch_Agora_vape-9-7x12.webp 7w\" sizes=\"auto, (max-width: 1437px) 100vw, 1437px\" \/><\/h2>\n<h2 data-v-md-heading=\"what-is-the-special-feature-of-bang-leader-80k-80000-three-in-one-flavor-vape\" data-v-md-line=\"3\">Quelle est la particularit\u00e9 du vaporisateur Bang Leader 80k 80000 \u00e0 trois saveurs en une ?<\/h2>\n<p data-v-md-line=\"5\">Si vous en avez assez des cigarettes \u00e9lectroniques dont la saveur agr\u00e9able ne dure qu'une journ\u00e9e avant de s'estomper, la Bang Leader 80K est sans aucun doute une meilleure option. Con\u00e7ue pour une utilisation prolong\u00e9e, son principal atout r\u00e9side dans sa capacit\u00e9 \u00e0 proposer trois saveurs diff\u00e9rentes, vous permettant ainsi de varier les plaisirs sans effort.<\/p>\n<p data-v-md-line=\"7\">Vous pourriez penser qu'un appareil dot\u00e9 de 80\u00a0000 ports serait aussi lourd qu'une brique dans votre poche, mais il est en r\u00e9alit\u00e9 tr\u00e8s l\u00e9ger et facile \u00e0 tenir en main. Pour les utilisateurs qui souhaitent limiter les tracas (moins de remplacements, moins de visites en magasin) et profiter d'un plus grand choix de saveurs, sans pour autant transporter plusieurs appareils, cette cigarette \u00e9lectronique est la solution id\u00e9ale.<\/p>\n<h2 data-v-md-heading=\"excellent-performance-easy-and-convenient\" data-v-md-line=\"9\">Excellentes performances, facile et pratique<\/h2>\n<p data-v-md-line=\"11\">Les cigarettes \u00e9lectroniques Bang sont parfaitement adapt\u00e9es \u00e0 une r\u00e9sistance mesh de 1,0 \u03a9 et \u00e0 une batterie rechargeable pour garantir une saveur constante et \u00e9viter tout risque d'allumage accidentel, contrairement \u00e0 d'autres mod\u00e8les. Lorsque la batterie est faible, il suffit de la recharger via le port USB-C, avec le m\u00eame c\u00e2ble que celui utilis\u00e9 pour recharger votre t\u00e9l\u00e9phone. Simple et pratique, sans aucune manipulation complexe.<\/p>\n<h2 data-v-md-heading=\"quick-specifications\" data-v-md-line=\"13\">Sp\u00e9cifications rapides<\/h2>\n<ul data-v-md-line=\"14\">\n<li>Smoking frequency: up to 80000 puffs<\/li>\n<li>Teneur en nicotine : La teneur en nicotine de ce mod\u00e8le n'est pas indiqu\u00e9e dans les donn\u00e9es de ce produit.<\/li>\n<li>Principe de fonctionnement : Activation par inhalation<\/li>\n<li>Noyau d'atomisation : noyau d'atomisation en maille de 1,0 \u03a9<\/li>\n<li>Batterie : 850 mAh (17350)<\/li>\n<li>Interface de chargement : Type-C<\/li>\n<li>\u00c9tat : Pr\u00eat \u00e0 l'emploi d\u00e8s le d\u00e9ballage<\/li>\n<\/ul>\n<h2 data-v-md-heading=\"complete-flavor-lineup\" data-v-md-line=\"22\">Gamme compl\u00e8te de saveurs<\/h2>\n<p data-v-md-line=\"24\">Chaque appareil est fourni avec 3 saveurs (assortiment). Combinaisons possibles\u00a0:<\/p>\n<ul data-v-md-line=\"25\">\n<li>Glace \u00e0 la past\u00e8que\/fraise-mangue\/banane<\/li>\n<li>Mojito \u00e0 la framboise, glace \u00e0 la p\u00eache\/fraise, past\u00e8que\/kiwi, fruit de la passion, goyave<\/li>\n<li>Fraise past\u00e8que\/Glace au raisin\/Bonbons arc-en-ciel<\/li>\n<li>Coca-Cola glac\u00e9 \/ Myrtille Framboise \/ P\u00eache Mangue Past\u00e8que<\/li>\n<li>Myrtilles, past\u00e8ques, fraises, mangues, cassis<\/li>\n<li>Glace \u00e0 la myrtille\/Glace au dragon noir\/Mangue p\u00eache<\/li>\n<li>Glace aux myrtilles\/Fraise-banane\/M\u00e9lange de fruits rouges<\/li>\n<li>Red Bull\/Myrtille Past\u00e8que\/Pomme Poire<\/li>\n<li>Red Bull\/Gomme \u00e0 bulles past\u00e8que\/Glace \u00e0 la fraise<\/li>\n<li>Glace \u00e0 la fraise et au kiwi\/\u00e0 la p\u00eache\/cola \u00e0 la cerise<\/li>\n<li>Kiwi Goyave\/Glace au litchi\/Mangue P\u00eache Ananas<\/li>\n<li>Glace \u00e0 l'avocat\/Citron vert\/Past\u00e8que framboise<\/li>\n<\/ul>\n<h2 data-v-md-heading=\"for-you-and-your-business\" data-v-md-line=\"38\">Pour vous et votre entreprise<\/h2>\n<p data-v-md-line=\"40\">Vous pouvez acheter le Bang Leader. Si vous souhaitez simplement tester quelques combinaisons de saveurs, le kit 80K seul r\u00e9pondra \u00e0 vos besoins. Si vous tenez un magasin, c'est \u00e9galement un choix id\u00e9al gr\u00e2ce \u00e0 sa \u00ab\u00a0forte aspiration et sa vari\u00e9t\u00e9 de saveurs\u00a0\u00bb, ce qui est pratique pour les clients qui ne souhaitent pas se contenter d'une seule saveur pendant plusieurs semaines d'affil\u00e9e.<\/p>\n<p data-v-md-line=\"42\">Pour les commandes en gros, nous proposons la livraison en grande quantit\u00e9 et prenons en charge les commandes importantes\u00a0: 200\u00a0pi\u00e8ces conditionn\u00e9es dans des cartons (65\u00a0x\u00a031\u00a0x\u00a026\u00a0cm, 24\u00a0kg). Nous collaborons \u00e9troitement avec des partenaires logistiques europ\u00e9ens fiables, vous n\u2019avez donc pas \u00e0 vous soucier des formalit\u00e9s douani\u00e8res ni des frais impr\u00e9vus.<\/p>\n<h2 data-v-md-heading=\"reasons-why-you-will-like-it\" data-v-md-line=\"44\">Reasons why you will like it<\/h2>\n<ul data-v-md-line=\"45\">\n<li>R\u00e9sistance \u00e0 l'aspiration ultra longue dur\u00e9e\u00a0: r\u00e9duit le nombre de remplacements, ce qui permet d'\u00e9conomiser du temps et des efforts.<\/li>\n<li>Combinaison de 3 saveurs en 1 : Si une saveur devient lassante, vous pouvez la changer \u00e0 tout moment.<\/li>\n<li>Rechargeable (Type-C)\u00a0: permet une utilisation optimale de l\u2019appareil et \u00e9vite une mise au rebut pr\u00e9matur\u00e9e. R\u00e9sistance Mesh\u00a0: assure une puret\u00e9 de go\u00fbt constante et une dur\u00e9e de vie prolong\u00e9e.<\/li>\n<\/ul>\n<h2 data-v-md-heading=\"why-choose-to-collaborate-with-agoravape\" data-v-md-line=\"49\">Pourquoi choisir de collaborer avec AgoraVape ?<\/h2>\n<p data-v-md-line=\"51\">AgoraVape privil\u00e9gie l'authenticit\u00e9 \u00e0 100 %\u00a0: nous ne vendons jamais de contrefa\u00e7ons de qualit\u00e9 inf\u00e9rieure et vous garantissons une transparence totale. Si vous \u00eates un acheteur professionnel, nous vous proposons des fournisseurs fiables, un service apr\u00e8s-vente performant et des services de livraison adapt\u00e9s aux besoins sp\u00e9cifiques de vos clients europ\u00e9ens. Vous souhaitez acheter l'atomiseur Bang Leader 80k 3-en-1 en gros et b\u00e9n\u00e9ficier d'un prix avantageux\u00a0? Contactez-nous, nous serons ravis de vous aider.<\/p>\n<p><script src=\"chrome-extension:\/\/fpelahbljekknahkcaegamhcndkfpfnc\/iFrame.js\" type=\"text\/javascript\"><\/script><\/p>","protected":false},"excerpt":{"rendered":"<p>&nbsp;<\/p>\n<p><script src=\"chrome-extension:\/\/fpelahbljekknahkcaegamhcndkfpfnc\/iFrame.js\" type=\"text\/javascript\"><\/script><\/p>\n<p><script src=\"chrome-extension:\/\/fpelahbljekknahkcaegamhcndkfpfnc\/iFrame.js\" type=\"text\/javascript\"><\/script><\/p>\n<p><script src=\"chrome-extension:\/\/fpelahbljekknahkcaegamhcndkfpfnc\/iFrame.js\" type=\"text\/javascript\"><\/script><\/p>","protected":false},"featured_media":24336,"comment_status":"open","ping_status":"closed","template":"","meta":[],"product_brand":[197],"product_cat":[124,187,185,188,189,123,1674,174,175,193,191,179,173,186,180,190],"product_tag":[],"class_list":{"0":"post-24308","1":"product","2":"type-product","3":"status-publish","4":"has-post-thumbnail","6":"product_brand-bang","7":"product_cat-vape-by-brand","8":"product_cat-0mg-nicotine-free-vapes","9":"product_cat-10000-puffs-high-capacity","10":"product_cat-10mg-low-nicotine-vapes","11":"product_cat-20mg-standard-nicotine-vapes","12":"product_cat-bang","13":"product_cat-eu-warehouse","14":"product_cat-fruit-flavors","15":"product_cat-icy-mint","16":"product_cat-mesh-coil","17":"product_cat-rechargeable-disposables","18":"product_cat-unique-blends","19":"product_cat-vape-by-flavor-profile","20":"product_cat-vape-by-nicotine-strength","21":"product_cat-vape-by-puff-count","22":"product_cat-vape-by-feature-or-type","24":"first","25":"instock","26":"shipping-taxable","27":"purchasable","28":"product-type-variable","29":"has-default-attributes"},"tiered_pricing_type":"percentage","tiered_pricing_fixed_rules":[],"tiered_pricing_product_settings":{"layout":"default","base_unit_name":{"singular":null,"plural":null},"default_variation":null},"tiered_pricing_minimum_quantity":10,"tiered_pricing_roles_data":[],"tiered_pricing_percentage_rules":{"30":"10","50":"18","100":"24","200":"28","500":"35","1000":"44"},"tiered_pricing_maximum_quantity":null,"tiered_pricing_quantity_step":"10","_links":{"self":[{"href":"https:\/\/agoravape.com\/fr\/wp-json\/wp\/v2\/product\/24308","targetHints":{"allow":["GET"]}}],"collection":[{"href":"https:\/\/agoravape.com\/fr\/wp-json\/wp\/v2\/product"}],"about":[{"href":"https:\/\/agoravape.com\/fr\/wp-json\/wp\/v2\/types\/product"}],"replies":[{"embeddable":true,"href":"https:\/\/agoravape.com\/fr\/wp-json\/wp\/v2\/comments?post=24308"}],"version-history":[{"count":0,"href":"https:\/\/agoravape.com\/fr\/wp-json\/wp\/v2\/product\/24308\/revisions"}],"wp:featuredmedia":[{"embeddable":true,"href":"https:\/\/agoravape.com\/fr\/wp-json\/wp\/v2\/media\/24336"}],"wp:attachment":[{"href":"https:\/\/agoravape.com\/fr\/wp-json\/wp\/v2\/media?parent=24308"}],"wp:term":[{"taxonomy":"product_brand","embeddable":true,"href":"https:\/\/agoravape.com\/fr\/wp-json\/wp\/v2\/product_brand?post=24308"},{"taxonomy":"product_cat","embeddable":true,"href":"https:\/\/agoravape.com\/fr\/wp-json\/wp\/v2\/product_cat?post=24308"},{"taxonomy":"product_tag","embeddable":true,"href":"https:\/\/agoravape.com\/fr\/wp-json\/wp\/v2\/product_tag?post=24308"}],"curies":[{"name":"wp","href":"https:\/\/api.w.org\/{rel}","templated":true}]}}