{"id":24338,"date":"2026-01-26T23:10:46","date_gmt":"2026-01-26T15:10:46","guid":{"rendered":"https:\/\/agoravape.com\/?post_type=product&#038;p=24338"},"modified":"2026-02-22T15:14:05","modified_gmt":"2026-02-22T14:14:05","slug":"bang-leader-85k-3in1-85000-puffs","status":"publish","type":"product","link":"https:\/\/agoravape.com\/fr\/product\/bang-leader-85k-3in1-85000-puffs\/","title":{"rendered":"Bang Leader 85k 85000 bouff\u00e9es Triple Saveur Vape | Trois saveurs, un seul appareil, moins de tracas"},"content":{"rendered":"<h2 data-v-md-heading=\"what-is-the-special-feature-of-bang-leader-85k-85000-three-flavored-vapes\" data-v-md-line=\"3\"><img loading=\"lazy\" decoding=\"async\" class=\"aligncenter size-full wp-image-24356\" src=\"https:\/\/agoravape.com\/wp-content\/uploads\/2026\/01\/Bang-Leader-85k-85000-Puffs-Triple-Flavor-Vape-Three-Flavours-One-Device-Less-Hassle_Agora_vape-5.webp\" alt=\"\" width=\"2277\" height=\"1280\" srcset=\"https:\/\/agoravape.com\/wp-content\/uploads\/2026\/01\/Bang-Leader-85k-85000-Puffs-Triple-Flavor-Vape-Three-Flavours-One-Device-Less-Hassle_Agora_vape-5.webp 2277w, https:\/\/agoravape.com\/wp-content\/uploads\/2026\/01\/Bang-Leader-85k-85000-Puffs-Triple-Flavor-Vape-Three-Flavours-One-Device-Less-Hassle_Agora_vape-5-1200x675.webp 1200w, https:\/\/agoravape.com\/wp-content\/uploads\/2026\/01\/Bang-Leader-85k-85000-Puffs-Triple-Flavor-Vape-Three-Flavours-One-Device-Less-Hassle_Agora_vape-5-300x169.webp 300w, https:\/\/agoravape.com\/wp-content\/uploads\/2026\/01\/Bang-Leader-85k-85000-Puffs-Triple-Flavor-Vape-Three-Flavours-One-Device-Less-Hassle_Agora_vape-5-1024x576.webp 1024w, https:\/\/agoravape.com\/wp-content\/uploads\/2026\/01\/Bang-Leader-85k-85000-Puffs-Triple-Flavor-Vape-Three-Flavours-One-Device-Less-Hassle_Agora_vape-5-768x432.webp 768w, https:\/\/agoravape.com\/wp-content\/uploads\/2026\/01\/Bang-Leader-85k-85000-Puffs-Triple-Flavor-Vape-Three-Flavours-One-Device-Less-Hassle_Agora_vape-5-1536x863.webp 1536w, https:\/\/agoravape.com\/wp-content\/uploads\/2026\/01\/Bang-Leader-85k-85000-Puffs-Triple-Flavor-Vape-Three-Flavours-One-Device-Less-Hassle_Agora_vape-5-2048x1151.webp 2048w, https:\/\/agoravape.com\/wp-content\/uploads\/2026\/01\/Bang-Leader-85k-85000-Puffs-Triple-Flavor-Vape-Three-Flavours-One-Device-Less-Hassle_Agora_vape-5-18x10.webp 18w\" sizes=\"auto, (max-width: 2277px) 100vw, 2277px\" \/><\/h2>\n<h2 data-v-md-heading=\"what-is-the-special-feature-of-bang-leader-85k-85000-three-flavored-vapes\" data-v-md-line=\"3\"><img loading=\"lazy\" decoding=\"async\" class=\"size-full wp-image-24367 aligncenter\" src=\"https:\/\/agoravape.com\/wp-content\/uploads\/2026\/01\/Bang-Leader-85k-85000-Puffs-Triple-Flavor-Vape-Three-Flavours-One-Device-Less-Hassle_Agora_vape-16.webp\" alt=\"\" width=\"1280\" height=\"2491\" srcset=\"https:\/\/agoravape.com\/wp-content\/uploads\/2026\/01\/Bang-Leader-85k-85000-Puffs-Triple-Flavor-Vape-Three-Flavours-One-Device-Less-Hassle_Agora_vape-16.webp 1280w, https:\/\/agoravape.com\/wp-content\/uploads\/2026\/01\/Bang-Leader-85k-85000-Puffs-Triple-Flavor-Vape-Three-Flavours-One-Device-Less-Hassle_Agora_vape-16-1200x2335.webp 1200w, https:\/\/agoravape.com\/wp-content\/uploads\/2026\/01\/Bang-Leader-85k-85000-Puffs-Triple-Flavor-Vape-Three-Flavours-One-Device-Less-Hassle_Agora_vape-16-154x300.webp 154w, https:\/\/agoravape.com\/wp-content\/uploads\/2026\/01\/Bang-Leader-85k-85000-Puffs-Triple-Flavor-Vape-Three-Flavours-One-Device-Less-Hassle_Agora_vape-16-526x1024.webp 526w, https:\/\/agoravape.com\/wp-content\/uploads\/2026\/01\/Bang-Leader-85k-85000-Puffs-Triple-Flavor-Vape-Three-Flavours-One-Device-Less-Hassle_Agora_vape-16-768x1495.webp 768w, https:\/\/agoravape.com\/wp-content\/uploads\/2026\/01\/Bang-Leader-85k-85000-Puffs-Triple-Flavor-Vape-Three-Flavours-One-Device-Less-Hassle_Agora_vape-16-789x1536.webp 789w, https:\/\/agoravape.com\/wp-content\/uploads\/2026\/01\/Bang-Leader-85k-85000-Puffs-Triple-Flavor-Vape-Three-Flavours-One-Device-Less-Hassle_Agora_vape-16-1052x2048.webp 1052w, https:\/\/agoravape.com\/wp-content\/uploads\/2026\/01\/Bang-Leader-85k-85000-Puffs-Triple-Flavor-Vape-Three-Flavours-One-Device-Less-Hassle_Agora_vape-16-6x12.webp 6w\" sizes=\"auto, (max-width: 1280px) 100vw, 1280px\" \/><\/h2>\n<h2 data-v-md-heading=\"what-is-the-special-feature-of-bang-leader-85k-85000-three-flavored-vapes\" data-v-md-line=\"3\">Quelle est la particularit\u00e9 des cigarettes \u00e9lectroniques Bang Leader 85k 85000 \u00e0 trois saveurs ?<\/h2>\n<p data-v-md-line=\"5\">Si vous en avez assez d'acheter une nouvelle cigarette \u00e9lectronique jetable tous les deux jours, la Bang Leader 85k est faite pour vous. Cette cigarette \u00e9lectronique jetable \u00e0 grande capacit\u00e9 est con\u00e7ue pour durer et offre une longue autonomie. Un seul appareil contient trois saveurs, pour encore plus de plaisir.<\/p>\n<p data-v-md-line=\"7\">Voil\u00e0 ce qui compte vraiment pour les utilisateurs. Plus besoin de s'en tenir \u00e0 une seule saveur. Envie d'un go\u00fbt fruit\u00e9 maintenant, puis d'un go\u00fbt bubble-gum plus tard\u00a0? Changez \u00e0 tout moment sans avoir \u00e0 transporter trois cigarettes \u00e9lectroniques. Vous pourriez penser qu'un appareil \u00e0 85\u00a0000\u00a0mAh serait aussi lourd qu'une brique dans votre poche, mais compte tenu de sa capacit\u00e9, son poids est tout \u00e0 fait raisonnable.<\/p>\n<h2 data-v-md-heading=\"excellent-performance-and-easy-operation\" data-v-md-line=\"9\">Excellentes performances et facilit\u00e9 d'utilisation<\/h2>\n<p data-v-md-line=\"11\">La philosophie de conception de Bang repose sur la simplicit\u00e9\u00a0: une activation par inhalation suffit, sans bouton ni menu complexe. Son atomiseur \u00e0 mesh de 1,0\u00a0\u03a9 int\u00e9gr\u00e9 garantit une saveur plus stable, contrairement \u00e0 d\u2019autres produits qui ne perdent pas brutalement de leur intensit\u00e9 apr\u00e8s un ou deux jours.<\/p>\n<p data-v-md-line=\"13\">Compte tenu de la n\u00e9cessit\u00e9 de recharger les appareils de grande capacit\u00e9, il est \u00e9quip\u00e9 d'une interface de charge USB-C. Lorsque la batterie est faible, il suffit d'utiliser le m\u00eame c\u00e2ble de donn\u00e9es que celui utilis\u00e9 habituellement pour recharger votre t\u00e9l\u00e9phone. Tr\u00e8s simple d'utilisation.<\/p>\n<h2 data-v-md-heading=\"quick-specifications\" data-v-md-line=\"15\">Sp\u00e9cifications rapides<\/h2>\n<ul data-v-md-line=\"16\">\n<li>Fr\u00e9quence de consommation : jusqu'\u00e0 85 000 bouff\u00e9es<\/li>\n<li>Capacit\u00e9 de la batterie : 850 mAh (batterie 17350)<\/li>\n<li>Noyau d'atomisation : noyau d'atomisation en maille de 1,0 \u03a9<\/li>\n<li>Utilisation : Inhaler pour activer<\/li>\n<li>Interface de chargement : Type-C<\/li>\n<li>\u00c9tat : Pr\u00eat \u00e0 l'emploi d\u00e8s la sortie de l'emballage<\/li>\n<li>Autre : Prend en charge la personnalisation OEM\/ODM (applicable aux grands grossistes)<\/li>\n<\/ul>\n<h2 data-v-md-heading=\"complete-flavor-lineup\" data-v-md-line=\"24\">Gamme compl\u00e8te de saveurs<\/h2>\n<p data-v-md-line=\"26\">Chacune des saveurs suivantes est une combinaison de trois saveurs en une (un appareil contient trois saveurs)\u00a0:<\/p>\n<ul data-v-md-line=\"27\">\n<li>Glace au raisin \/ Fraise-kiwi \/ Fruit de la passion-goyave<\/li>\n<li>Chewing-gum \u00e0 la fraise glac\u00e9e \/ au citron et \u00e0 l'orange \/ \u00e0 la past\u00e8que<\/li>\n<li>Glace \u00e0 la past\u00e8que \/ Soda mangue-p\u00eache \/ Soda \u00e0 l'orange<\/li>\n<li>Glace \u00e0 l'ananas \/ Red Bull \u00e0 la fraise \/ Fruits rouges m\u00e9lang\u00e9s<\/li>\n<li>Red Bull \/ Glace \u00e0 la past\u00e8que et aux myrtilles \/ Glace \u00e0 la fraise<\/li>\n<li>Coca-Cola glac\u00e9 \/ Pomme-p\u00eache \/ Limonade rose<\/li>\n<li>Glace \u00e0 la banane \/ Fraise-past\u00e8que \/ Bonbons g\u00e9lifi\u00e9s oursons<\/li>\n<li>Glace aux myrtilles \/ Framboise bleue \/ Poire parfum\u00e9e<\/li>\n<li>M\u00e9lange de fruits \/ Mojito P\u00eache \/ Myrtille Framboise<\/li>\n<li>Dragon Noir Glace \/ Guimauve \/ R\u00eave d'\u00e9t\u00e9<\/li>\n<li>Fraise Framboise \/ Cassis \/ Fraise Banane<\/li>\n<li>Fraise-past\u00e8que \/ Coca-Cola cerise \/ Cr\u00e8me de fraise<\/li>\n<li>Glace \u00e0 la pomme rouge \/ Framboise et past\u00e8que \/ Raisin \u00e0 l'alo\u00e8s<\/li>\n<li>Cerise-canneberge \/ P\u00eache-mangue \/ Ananas<\/li>\n<li>Amour 666 \/ Myrtille Framboise \/ Vimto<\/li>\n<\/ul>\n<h2 data-v-md-heading=\"for-you-and-your-business\" data-v-md-line=\"43\">Pour vous et votre entreprise<\/h2>\n<p data-v-md-line=\"45\">Vous pouvez acheter le Bang Leader 85k pour un usage personnel, mais c'est aussi un produit \u00e0 forte rotation tr\u00e8s pratique pour les magasins. Les clients appr\u00e9cient la vari\u00e9t\u00e9, et le \u00ab\u00a0Triple Saveur\u00a0\u00bb est tr\u00e8s populaire en caisse car il r\u00e9sout un probl\u00e8me pratique\u00a0: on se lasse vite de l'utiliser.<\/p>\n<p data-v-md-line=\"47\">Pour la vente en gros, ces produits sont conditionn\u00e9s par cartons de 200 unit\u00e9s (dimensions\u00a0: 51,5\u00a0\u00d7\u00a051,5\u00a0\u00d7\u00a030,5\u00a0cm, poids total\u00a0: 29\u00a0kg). Ces informations sur l\u2019emballage vous permettront d\u2019organiser facilement l\u2019entreposage et le transport pour vos commandes en gros.<\/p>\n<h2 data-v-md-heading=\"the-reason-why-you-will-like-it\" data-v-md-line=\"49\">La raison pour laquelle vous allez l'aimer<\/h2>\n<ul data-v-md-line=\"50\">\n<li>Autonomie de batterie ultra longue : dur\u00e9e de vie prolong\u00e9e, pas besoin de remplacement fr\u00e9quent<\/li>\n<li>Triple saveur : aucun achat suppl\u00e9mentaire n'est n\u00e9cessaire pour pr\u00e9server la fra\u00eecheur.<\/li>\n<li>Rechargeable (Type-C)\u00a0: Optimisez vos ressources<\/li>\n<li>Noyau d'atomiseur en mesh : assure une saveur stable et une faible att\u00e9nuation.<\/li>\n<\/ul>\n<h2 data-v-md-heading=\"why-choose-to-collaborate-with-agoravape\" data-v-md-line=\"55\">Pourquoi choisir de collaborer avec AgoraVape ?<\/h2>\n<p data-v-md-line=\"57\">Chez AgoraVape, nous nous engageons \u00e0 ne vendre que des produits authentiques et \u00e0 ne jamais recourir \u00e0 la fraude. Si vous achetez pour votre boutique, nous vous garantissons des r\u00e9ponses directes, des prix de gros tr\u00e8s comp\u00e9titifs et un service d'approvisionnement fiable, notamment pour les cigarettes \u00e9lectroniques Bang Leader 85k 85000 \u00e0 trois saveurs.<\/p>\n<p><script src=\"chrome-extension:\/\/fpelahbljekknahkcaegamhcndkfpfnc\/iFrame.js\" type=\"text\/javascript\"><\/script><\/p>","protected":false},"excerpt":{"rendered":"<p>&nbsp;<\/p>\n<p><script src=\"chrome-extension:\/\/fpelahbljekknahkcaegamhcndkfpfnc\/iFrame.js\" type=\"text\/javascript\"><\/script><\/p>\n<p><script src=\"chrome-extension:\/\/fpelahbljekknahkcaegamhcndkfpfnc\/iFrame.js\" type=\"text\/javascript\"><\/script><\/p>\n<p><script src=\"chrome-extension:\/\/fpelahbljekknahkcaegamhcndkfpfnc\/iFrame.js\" type=\"text\/javascript\"><\/script><\/p>\n<p><script src=\"chrome-extension:\/\/fpelahbljekknahkcaegamhcndkfpfnc\/iFrame.js\" type=\"text\/javascript\"><\/script><\/p>","protected":false},"featured_media":24368,"comment_status":"open","ping_status":"closed","template":"","meta":[],"product_brand":[197],"product_cat":[124,187,185,188,189,123,174,175,193,191,179,173,186,180,190,192],"product_tag":[],"class_list":{"0":"post-24338","1":"product","2":"type-product","3":"status-publish","4":"has-post-thumbnail","6":"product_brand-bang","7":"product_cat-vape-by-brand","8":"product_cat-0mg-nicotine-free-vapes","9":"product_cat-10000-puffs-high-capacity","10":"product_cat-10mg-low-nicotine-vapes","11":"product_cat-20mg-standard-nicotine-vapes","12":"product_cat-bang","13":"product_cat-fruit-flavors","14":"product_cat-icy-mint","15":"product_cat-mesh-coil","16":"product_cat-rechargeable-disposables","17":"product_cat-unique-blends","18":"product_cat-vape-by-flavor-profile","19":"product_cat-vape-by-nicotine-strength","20":"product_cat-vape-by-puff-count","21":"product_cat-vape-by-feature-or-type","22":"product_cat-vapes-with-screens","24":"first","25":"instock","26":"shipping-taxable","27":"purchasable","28":"product-type-variable","29":"has-default-attributes"},"tiered_pricing_type":"percentage","tiered_pricing_fixed_rules":[],"tiered_pricing_product_settings":{"layout":"default","base_unit_name":{"singular":null,"plural":null},"default_variation":null},"tiered_pricing_minimum_quantity":10,"tiered_pricing_roles_data":[],"tiered_pricing_percentage_rules":{"30":"9","50":"17","100":"23","200":"26","500":"29","1000":"38"},"tiered_pricing_maximum_quantity":null,"tiered_pricing_quantity_step":"10","_links":{"self":[{"href":"https:\/\/agoravape.com\/fr\/wp-json\/wp\/v2\/product\/24338","targetHints":{"allow":["GET"]}}],"collection":[{"href":"https:\/\/agoravape.com\/fr\/wp-json\/wp\/v2\/product"}],"about":[{"href":"https:\/\/agoravape.com\/fr\/wp-json\/wp\/v2\/types\/product"}],"replies":[{"embeddable":true,"href":"https:\/\/agoravape.com\/fr\/wp-json\/wp\/v2\/comments?post=24338"}],"version-history":[{"count":0,"href":"https:\/\/agoravape.com\/fr\/wp-json\/wp\/v2\/product\/24338\/revisions"}],"wp:featuredmedia":[{"embeddable":true,"href":"https:\/\/agoravape.com\/fr\/wp-json\/wp\/v2\/media\/24368"}],"wp:attachment":[{"href":"https:\/\/agoravape.com\/fr\/wp-json\/wp\/v2\/media?parent=24338"}],"wp:term":[{"taxonomy":"product_brand","embeddable":true,"href":"https:\/\/agoravape.com\/fr\/wp-json\/wp\/v2\/product_brand?post=24338"},{"taxonomy":"product_cat","embeddable":true,"href":"https:\/\/agoravape.com\/fr\/wp-json\/wp\/v2\/product_cat?post=24338"},{"taxonomy":"product_tag","embeddable":true,"href":"https:\/\/agoravape.com\/fr\/wp-json\/wp\/v2\/product_tag?post=24338"}],"curies":[{"name":"wp","href":"https:\/\/api.w.org\/{rel}","templated":true}]}}