{"id":24374,"date":"2026-01-26T23:24:03","date_gmt":"2026-01-26T15:24:03","guid":{"rendered":"https:\/\/agoravape.com\/?post_type=product&#038;p=24374"},"modified":"2026-03-21T12:43:59","modified_gmt":"2026-03-21T11:43:59","slug":"bang-leader-100k-4in1-100000-puffs","status":"publish","type":"product","link":"https:\/\/agoravape.com\/fr\/product\/bang-leader-100k-4in1-100000-puffs\/","title":{"rendered":"Bang Leader 100k 100\u00a0000 bouff\u00e9es 4 en 1 Multi-saveurs | Quatre saveurs, un seul appareil, moins de tracas"},"content":{"rendered":"<h2 data-v-md-heading=\"what-is-the-special-feature-of-bang-leader-100k-100000-mouth-4-in-1-multi-flavor\" data-v-md-line=\"3\"><img loading=\"lazy\" decoding=\"async\" class=\"aligncenter size-full wp-image-24401\" src=\"https:\/\/agoravape.com\/wp-content\/uploads\/2026\/01\/Bang-Leader-100k-100000-Puffs-4in1-Multi-Flavor-Four-Flavours-One-Device-Less-Hassle_Agora_vape-11-scaled.webp\" alt=\"\" width=\"1371\" height=\"2560\" srcset=\"https:\/\/agoravape.com\/wp-content\/uploads\/2026\/01\/Bang-Leader-100k-100000-Puffs-4in1-Multi-Flavor-Four-Flavours-One-Device-Less-Hassle_Agora_vape-11-scaled.webp 1371w, https:\/\/agoravape.com\/wp-content\/uploads\/2026\/01\/Bang-Leader-100k-100000-Puffs-4in1-Multi-Flavor-Four-Flavours-One-Device-Less-Hassle_Agora_vape-11-scaled-1200x2241.webp 1200w, https:\/\/agoravape.com\/wp-content\/uploads\/2026\/01\/Bang-Leader-100k-100000-Puffs-4in1-Multi-Flavor-Four-Flavours-One-Device-Less-Hassle_Agora_vape-11-161x300.webp 161w, https:\/\/agoravape.com\/wp-content\/uploads\/2026\/01\/Bang-Leader-100k-100000-Puffs-4in1-Multi-Flavor-Four-Flavours-One-Device-Less-Hassle_Agora_vape-11-548x1024.webp 548w, https:\/\/agoravape.com\/wp-content\/uploads\/2026\/01\/Bang-Leader-100k-100000-Puffs-4in1-Multi-Flavor-Four-Flavours-One-Device-Less-Hassle_Agora_vape-11-768x1434.webp 768w, https:\/\/agoravape.com\/wp-content\/uploads\/2026\/01\/Bang-Leader-100k-100000-Puffs-4in1-Multi-Flavor-Four-Flavours-One-Device-Less-Hassle_Agora_vape-11-823x1536.webp 823w, https:\/\/agoravape.com\/wp-content\/uploads\/2026\/01\/Bang-Leader-100k-100000-Puffs-4in1-Multi-Flavor-Four-Flavours-One-Device-Less-Hassle_Agora_vape-11-1097x2048.webp 1097w, https:\/\/agoravape.com\/wp-content\/uploads\/2026\/01\/Bang-Leader-100k-100000-Puffs-4in1-Multi-Flavor-Four-Flavours-One-Device-Less-Hassle_Agora_vape-11-6x12.webp 6w\" sizes=\"auto, (max-width: 1371px) 100vw, 1371px\" \/><\/h2>\n<h2 data-v-md-heading=\"what-is-the-special-feature-of-bang-leader-100k-100000-mouth-4-in-1-multi-flavor\" data-v-md-line=\"3\">Quelle est la particularit\u00e9 du Bang Leader 100k 100000 embouts 4-en-1 multi-saveurs ?<\/h2>\n<p data-v-md-line=\"5\">Si vous en avez assez de vapoter toujours la m\u00eame saveur, ce produit vous simplifiera la vie. Le Bang Leader 100k est une cigarette \u00e9lectronique jetable grande capacit\u00e9 qui vous permet de d\u00e9couvrir quatre saveurs diff\u00e9rentes avec un seul appareil. Vous pouvez ainsi changer de saveur n'importe o\u00f9, n'importe quand, sans avoir \u00e0 transporter de cartouches de rechange ni \u00e0 acheter plusieurs cigarettes \u00e9lectroniques pour varier les plaisirs.<\/p>\n<p data-v-md-line=\"7\">Autre point surprenant\u00a0: un appareil dot\u00e9 de 100\u00a0000 ports pourrait sembler aussi lourd qu\u2019une brique, mais il est en r\u00e9alit\u00e9 tr\u00e8s facile \u00e0 transporter. Ce produit est con\u00e7u pour ceux qui privil\u00e9gient la durabilit\u00e9, la simplicit\u00e9 d\u2019utilisation et souhaitent \u00e9viter d\u2019avoir \u00e0 remplacer constamment leurs appareils.<\/p>\n<h2 data-v-md-heading=\"excellent-performance-and-easy-operation\" data-v-md-line=\"9\">Excellentes performances et facilit\u00e9 d'utilisation<\/h2>\n<p data-v-md-line=\"11\">Dot\u00e9 d'une r\u00e9sistance mesh de 1,0 \u03a9, ce vaporisateur offre une saveur constante qui ne se d\u00e9grade pas rapidement, contrairement \u00e0 d'autres mod\u00e8les. Lorsque la batterie est faible, vous pouvez la recharger via son port USB-C, le m\u00eame que celui utilis\u00e9 pour recharger vos t\u00e9l\u00e9phones. Aucun chargeur sp\u00e9cifique n'est requis, et son utilisation est tr\u00e8s pratique.<\/p>\n<h2 data-v-md-heading=\"quick-specifications\" data-v-md-line=\"13\">Sp\u00e9cifications rapides<\/h2>\n<ul data-v-md-line=\"14\">\n<li>Fr\u00e9quence de consommation : jusqu'\u00e0 100 000 bouff\u00e9es<\/li>\n<li>Teneur en nicotine\u00a0: (non indiqu\u00e9e explicitement dans les donn\u00e9es produit \u2013 veuillez nous consulter pour conna\u00eetre les disponibilit\u00e9s actuelles)<\/li>\n<li>Utilisation : Inhaler pour activer<\/li>\n<li>M\u00e9thode de chargement\u00a0: interface USB Type-C<\/li>\n<li>Capacit\u00e9 de la batterie : 850 mAh (17350)<\/li>\n<li>Noyau d'atomisation : noyau d'atomisation en maille de 1,0 \u03a9<\/li>\n<li>\u00c9tat du produit : Pr\u00eat \u00e0 l'emploi d\u00e8s sa sortie de l'emballage<\/li>\n<li>Poids unitaire : 137,8 grammes<\/li>\n<\/ul>\n<h2 data-v-md-heading=\"complete-flavor-lineup\" data-v-md-line=\"23\">Gamme compl\u00e8te de saveurs<\/h2>\n<p data-v-md-line=\"25\">Ce vaporisateur \u00e9tant quatre en un, les saveurs sont propos\u00e9es sous forme de quatre combinaisons (vous retrouverez les quatre saveurs sur le m\u00eame appareil). Voici quelques combinaisons de saveurs confirm\u00e9es\u00a0:<\/p>\n<ul data-v-md-line=\"26\">\n<li>Citron vert \/ Glace \u00e0 la past\u00e8que \/ Glace au dragon noir \/ Fruit du dragon et fraise \/ Amour 666<\/li>\n<li>Cola vanille \/ Citron p\u00eache \/ Glace fraise framboise cerise \/ Glace raisin<\/li>\n<li>Explosion de raisin \/ Glace au litchi \/ P\u00eache et baies \/ Kiwi, fruit de la passion et goyave<\/li>\n<li>Glace \u00e0 la past\u00e8que \/ Glace fraise-mangue \/ Glace aux myrtilles \/ Cerise p\u00e9tillante<\/li>\n<li>Fraise-past\u00e8que \/ Cola cerise \/ Glace \u00e0 la p\u00eache juteuse \/ Rafra\u00eechissant au pamplemousse<\/li>\n<li>Citron vert \/ Fraise glac\u00e9e \/ Framboise past\u00e8que \/ Cerise p\u00e9tillante<\/li>\n<li>Limonade rose \/ Kiwi fruit de la passion goyave \/ P\u00eache baies \/ Fraise banane<\/li>\n<li>Limonade fraise-mangue \/ Limonade framboise bleue \/ Cr\u00e8me glac\u00e9e \u00e0 la vanille \/ Limonade acidul\u00e9e aux trois fruits rouges<\/li>\n<li>Fruits rouges \/ Cerise citron \/ Fraise kiwi \/ Fraise past\u00e8que bubblegum<\/li>\n<li>Mojito \/ Mangue Monstre \/ S\u00e9ducteur \/ Limonade Rose<\/li>\n<\/ul>\n<h2 data-v-md-heading=\"suitable-for-you-and-your-business\" data-v-md-line=\"37\">Adapt\u00e9 \u00e0 vous et \u00e0 votre entreprise<\/h2>\n<p data-v-md-line=\"39\">Pour un usage personnel, vous pouvez acheter le Bang Leader 100k s\u00e9par\u00e9ment. Si vous tenez une boutique ou vendez en ligne, la vente en gros est \u00e9galement une bonne option, car les clients appr\u00e9cient le concept \u00ab\u00a0un appareil, quatre saveurs\u00a0\u00bb, ce qui permet de varier les plaisirs.<\/p>\n<p data-v-md-line=\"41\">Pour les commandes en gros, les emballages sont pr\u00e9vus pour 200 pi\u00e8ces par carton (dimensions\u00a0: 51,5 \u00d7 51,5 \u00d7 30,5\u00a0cm, poids total\u00a0: 30\u00a0kg). Nous collaborons avec des transporteurs europ\u00e9ens fiables tels que DHL, DPD et UPS afin d\u2019\u00e9viter tout probl\u00e8me de d\u00e9douanement.<\/p>\n<h2 data-v-md-heading=\"reasons-why-you-will-like-it\" data-v-md-line=\"43\">Reasons why you will like it<\/h2>\n<ul data-v-md-line=\"44\">\n<li>Durable : Longue dur\u00e9e de vie de la batterie, pas besoin de remplacer fr\u00e9quemment les cigarettes \u00e9lectroniques.<\/li>\n<li>Quatre saveurs : Si vous vous lassez des saveurs, vous pouvez les changer \u00e0 tout moment.<\/li>\n<li>Interface de chargement de type C\u00a0: pratique pour utiliser pleinement l\u2019appareil et \u00e9viter une mise au rebut pr\u00e9matur\u00e9e.<\/li>\n<li>Noyau d'atomiseur en mesh : assure un go\u00fbt constant.<\/li>\n<\/ul>\n<h2 data-v-md-heading=\"why-choose-agoravape\" data-v-md-line=\"49\">Pourquoi choisir AgoraVape ?<\/h2>\n<p data-v-md-line=\"51\">Nous privil\u00e9gions la simplicit\u00e9\u00a0: garantie d\u2019authenticit\u00e9 \u00e0 100\u00a0%, assistance grossiste pratique et livraison logistique europ\u00e9enne rapide et fiable. Si vous souhaitez distribuer le dentifrice multi-saveurs 4-en-1 Bang Leader 100k et fid\u00e9liser votre client\u00e8le gr\u00e2ce \u00e0 sa praticit\u00e9, contactez-nous\u00a0; nous vous communiquerons les tarifs et les modalit\u00e9s d\u2019approvisionnement.<\/p>\n<p><script src=\"chrome-extension:\/\/fpelahbljekknahkcaegamhcndkfpfnc\/iFrame.js\" type=\"text\/javascript\"><\/script><\/p>","protected":false},"excerpt":{"rendered":"<p>&nbsp;<\/p>\n<p><script src=\"chrome-extension:\/\/fpelahbljekknahkcaegamhcndkfpfnc\/iFrame.js\" type=\"text\/javascript\"><\/script><\/p>\n<p><script src=\"chrome-extension:\/\/fpelahbljekknahkcaegamhcndkfpfnc\/iFrame.js\" type=\"text\/javascript\"><\/script><\/p>\n<p><script src=\"chrome-extension:\/\/fpelahbljekknahkcaegamhcndkfpfnc\/iFrame.js\" type=\"text\/javascript\"><\/script><\/p>\n<p><script src=\"chrome-extension:\/\/fpelahbljekknahkcaegamhcndkfpfnc\/iFrame.js\" type=\"text\/javascript\"><\/script><\/p>\n<p><script src=\"chrome-extension:\/\/fpelahbljekknahkcaegamhcndkfpfnc\/iFrame.js\" type=\"text\/javascript\"><\/script><\/p>","protected":false},"featured_media":24400,"comment_status":"open","ping_status":"closed","template":"","meta":[],"product_brand":[197],"product_cat":[124,187,185,188,189,123,1674,174,175,193,191,179,173,186,180,190,192],"product_tag":[],"class_list":{"0":"post-24374","1":"product","2":"type-product","3":"status-publish","4":"has-post-thumbnail","6":"product_brand-bang","7":"product_cat-vape-by-brand","8":"product_cat-0mg-nicotine-free-vapes","9":"product_cat-10000-puffs-high-capacity","10":"product_cat-10mg-low-nicotine-vapes","11":"product_cat-20mg-standard-nicotine-vapes","12":"product_cat-bang","13":"product_cat-eu-warehouse","14":"product_cat-fruit-flavors","15":"product_cat-icy-mint","16":"product_cat-mesh-coil","17":"product_cat-rechargeable-disposables","18":"product_cat-unique-blends","19":"product_cat-vape-by-flavor-profile","20":"product_cat-vape-by-nicotine-strength","21":"product_cat-vape-by-puff-count","22":"product_cat-vape-by-feature-or-type","23":"product_cat-vapes-with-screens","25":"first","26":"instock","27":"shipping-taxable","28":"purchasable","29":"product-type-variable","30":"has-default-attributes"},"tiered_pricing_type":"percentage","tiered_pricing_fixed_rules":[],"tiered_pricing_product_settings":{"layout":"default","base_unit_name":{"singular":null,"plural":null},"default_variation":null},"tiered_pricing_minimum_quantity":10,"tiered_pricing_roles_data":[],"tiered_pricing_percentage_rules":{"30":"9","50":"17","100":"23","200":"25","500":"28","1000":"33"},"tiered_pricing_maximum_quantity":null,"tiered_pricing_quantity_step":"10","_links":{"self":[{"href":"https:\/\/agoravape.com\/fr\/wp-json\/wp\/v2\/product\/24374","targetHints":{"allow":["GET"]}}],"collection":[{"href":"https:\/\/agoravape.com\/fr\/wp-json\/wp\/v2\/product"}],"about":[{"href":"https:\/\/agoravape.com\/fr\/wp-json\/wp\/v2\/types\/product"}],"replies":[{"embeddable":true,"href":"https:\/\/agoravape.com\/fr\/wp-json\/wp\/v2\/comments?post=24374"}],"version-history":[{"count":0,"href":"https:\/\/agoravape.com\/fr\/wp-json\/wp\/v2\/product\/24374\/revisions"}],"wp:featuredmedia":[{"embeddable":true,"href":"https:\/\/agoravape.com\/fr\/wp-json\/wp\/v2\/media\/24400"}],"wp:attachment":[{"href":"https:\/\/agoravape.com\/fr\/wp-json\/wp\/v2\/media?parent=24374"}],"wp:term":[{"taxonomy":"product_brand","embeddable":true,"href":"https:\/\/agoravape.com\/fr\/wp-json\/wp\/v2\/product_brand?post=24374"},{"taxonomy":"product_cat","embeddable":true,"href":"https:\/\/agoravape.com\/fr\/wp-json\/wp\/v2\/product_cat?post=24374"},{"taxonomy":"product_tag","embeddable":true,"href":"https:\/\/agoravape.com\/fr\/wp-json\/wp\/v2\/product_tag?post=24374"}],"curies":[{"name":"wp","href":"https:\/\/api.w.org\/{rel}","templated":true}]}}