{"id":24403,"date":"2026-01-26T23:35:02","date_gmt":"2026-01-26T15:35:02","guid":{"rendered":"https:\/\/agoravape.com\/?post_type=product&#038;p=24403"},"modified":"2026-03-14T16:22:20","modified_gmt":"2026-03-14T15:22:20","slug":"bang-leader-110k-110000-puffs","status":"publish","type":"product","link":"https:\/\/agoravape.com\/fr\/product\/bang-leader-110k-110000-puffs\/","title":{"rendered":"Bang Leader 110k\u00a0: Vape haute capacit\u00e9 (110\u00a0000 bouff\u00e9es) | Saveur longue dur\u00e9e, moins de remplacements"},"content":{"rendered":"<h2 data-v-md-heading=\"what-is-the-special-feature-of-bang-leader-s-110k-110000-large-capacity-vape\" data-v-md-line=\"3\"><img loading=\"lazy\" decoding=\"async\" class=\"aligncenter size-full wp-image-24418\" src=\"https:\/\/agoravape.com\/wp-content\/uploads\/2026\/01\/Bang-Leader-110k-110000-Puffs-High-Capacity-Vape-Long-Run-Flavour-Fewer-Replacements_Agora_vape-4-scaled.webp\" alt=\"\" width=\"1223\" height=\"2560\" srcset=\"https:\/\/agoravape.com\/wp-content\/uploads\/2026\/01\/Bang-Leader-110k-110000-Puffs-High-Capacity-Vape-Long-Run-Flavour-Fewer-Replacements_Agora_vape-4-scaled.webp 1223w, https:\/\/agoravape.com\/wp-content\/uploads\/2026\/01\/Bang-Leader-110k-110000-Puffs-High-Capacity-Vape-Long-Run-Flavour-Fewer-Replacements_Agora_vape-4-scaled-1200x2512.webp 1200w, https:\/\/agoravape.com\/wp-content\/uploads\/2026\/01\/Bang-Leader-110k-110000-Puffs-High-Capacity-Vape-Long-Run-Flavour-Fewer-Replacements_Agora_vape-4-143x300.webp 143w, https:\/\/agoravape.com\/wp-content\/uploads\/2026\/01\/Bang-Leader-110k-110000-Puffs-High-Capacity-Vape-Long-Run-Flavour-Fewer-Replacements_Agora_vape-4-489x1024.webp 489w, https:\/\/agoravape.com\/wp-content\/uploads\/2026\/01\/Bang-Leader-110k-110000-Puffs-High-Capacity-Vape-Long-Run-Flavour-Fewer-Replacements_Agora_vape-4-768x1607.webp 768w, https:\/\/agoravape.com\/wp-content\/uploads\/2026\/01\/Bang-Leader-110k-110000-Puffs-High-Capacity-Vape-Long-Run-Flavour-Fewer-Replacements_Agora_vape-4-734x1536.webp 734w, https:\/\/agoravape.com\/wp-content\/uploads\/2026\/01\/Bang-Leader-110k-110000-Puffs-High-Capacity-Vape-Long-Run-Flavour-Fewer-Replacements_Agora_vape-4-979x2048.webp 979w, https:\/\/agoravape.com\/wp-content\/uploads\/2026\/01\/Bang-Leader-110k-110000-Puffs-High-Capacity-Vape-Long-Run-Flavour-Fewer-Replacements_Agora_vape-4-6x12.webp 6w\" sizes=\"auto, (max-width: 1223px) 100vw, 1223px\" \/><\/h2>\n<h2 data-v-md-heading=\"what-is-the-special-feature-of-bang-leader-s-110k-110000-large-capacity-vape\" data-v-md-line=\"3\">Quelle est la particularit\u00e9 du vaporisateur grande capacit\u00e9 110k (110000) de Bang Leader\u00a0?<\/h2>\n<p data-v-md-line=\"5\">Si vous en avez assez des cigarettes \u00e9lectroniques qui ne produisent pas de vapeur imm\u00e9diatement apr\u00e8s l'avoir inhal\u00e9e, la Bang Leader 110K est faite pour vous. Con\u00e7ue sp\u00e9cialement pour les utilisateurs recherchant une cigarette \u00e9lectronique haute capacit\u00e9, fiable et durable, elle ne n\u00e9cessite pas de recharges fr\u00e9quentes.<\/p>\n<p data-v-md-line=\"7\">Le plus surprenant, c'est que tenir une cigarette \u00e9lectronique de cette capacit\u00e9 en main pourrait sembler aussi lourd qu'une brique. Pourtant, elle est \u00e9tonnamment facile \u00e0 prendre en main, avec une sensation de solidit\u00e9 et de stabilit\u00e9 (environ 140 grammes), sans aucune impression de \u00ab\u00a0cigarette \u00e9lectronique jetable bon march\u00e9\u00a0\u00bb.<\/p>\n<h2 data-v-md-heading=\"excellent-performance-and-easy-operation\" data-v-md-line=\"9\">Excellentes performances et facilit\u00e9 d'utilisation<\/h2>\n<p data-v-md-line=\"11\">Le design de Bang est \u00e9pur\u00e9 et minimaliste. Dot\u00e9 d'une r\u00e9sistance mesh int\u00e9gr\u00e9e de 1,0 \u03a9, il offre une restitution des saveurs plus stable, contrairement \u00e0 d'autres produits qui perdent en intensit\u00e9 et en saveur apr\u00e8s une courte utilisation. Gr\u00e2ce \u00e0 sa charge rapide USB-C, vous pouvez recharger votre appareil au quotidien sans avoir besoin de c\u00e2bles sp\u00e9cifiques.<\/p>\n<h2 data-v-md-heading=\"quick-specifications\" data-v-md-line=\"13\">Sp\u00e9cifications rapides<\/h2>\n<ul data-v-md-line=\"14\">\n<li>Fr\u00e9quence de consommation : jusqu'\u00e0 110 000 cigarettes<\/li>\n<li>Batterie : 850 mAh (batterie 17350)<\/li>\n<li>Noyau d'atomisation : noyau d'atomisation en maille de 1,0 \u03a9<\/li>\n<li>Utilisation : Inhaler pour activer<\/li>\n<li>Interface de charge : interface Type-C<\/li>\n<li>\u00c9tat : Pr\u00eat \u00e0 l'emploi d\u00e8s la sortie de l'emballage<\/li>\n<li>Poids unitaire : 140 grammes<\/li>\n<\/ul>\n<h2 data-v-md-heading=\"rich-flavor-options\" data-v-md-line=\"22\">options de saveurs riches<\/h2>\n<p data-v-md-line=\"24\">Le Bang Leader 110K propose une combinaison de trois saveurs en une (un seul appareil contient trois saveurs). Voici les saveurs disponibles\u00a0:<\/p>\n<ul data-v-md-line=\"25\">\n<li>Glace \u00e0 la past\u00e8que \/ Mamba \u00e0 la fraise \/ Past\u00e8que \u00e0 la fraise<\/li>\n<li>Fuji Ice \/ Pomme Raisin \/ Cerise Grenade<\/li>\n<li>Glace \u00e0 la myrtille \/ Citron framboise \/ Chewing-gum \u00e0 la past\u00e8que<\/li>\n<li>Myrtilles Framboises \/ Ananas acidul\u00e9s Oranges \/ Framboises Past\u00e8ques<\/li>\n<li>Glace au raisin \/ Mangue-p\u00eache \/ Myrtille-past\u00e8que<\/li>\n<li>Glace \u00e0 la fraise \/ P\u00eache citron \/ Kiwi fruit de la passion goyave<\/li>\n<li>Ananas-noix de coco \/ Red Bull myrtille \/ Glace \u00e0 la past\u00e8que<\/li>\n<li>Fraise-kiwi \/ Myrtille-noix de coco \/ Fruits rouges m\u00e9lang\u00e9s<\/li>\n<li>Romance citronn\u00e9e \/ Myrtille framboise \/ P\u00eache menthol<\/li>\n<li>Glace \u00e0 la p\u00eache \/ Glace \u00e0 l'ananas et au cassis \/ Glace \u00e0 la pomme verte et au kiwi<\/li>\n<\/ul>\n<h2 data-v-md-heading=\"suitable-for-you-and-your-business\" data-v-md-line=\"36\">Adapt\u00e9 \u00e0 vous et \u00e0 votre entreprise<\/h2>\n<p data-v-md-line=\"38\">Vous pouvez facilement vous procurer le Bang Leader 110K pour un usage personnel. Si vous \u00eates d\u00e9taillant ou distributeur, nous proposons \u00e9galement un conditionnement en gros\u00a0: 200\u00a0pi\u00e8ces par carton (dimensions\u00a0: 51,5\u00a0\u00d7\u00a051,5\u00a0\u00d7\u00a030,5\u00a0cm, poids total du carton\u00a0: 28\u00a0kg).<\/p>\n<p data-v-md-line=\"40\">AgoraVape s'engage \u00e0 assurer des livraisons europ\u00e9ennes sans encombre. Cela inclut des options d'exp\u00e9dition DDP fiables apr\u00e8s paiement des taxes, et nous collaborons avec des partenaires logistiques reconnus tels que DHL, DPD et UPS, vous \u00e9vitant ainsi des frais de douane suppl\u00e9mentaires.<\/p>\n<h2 data-v-md-heading=\"the-reason-why-you-will-like-it\" data-v-md-line=\"42\">La raison pour laquelle vous allez l'aimer<\/h2>\n<ul data-v-md-line=\"43\">\n<li>Durable et r\u00e9sistant : R\u00e9duisez la fr\u00e9quence de remplacement des appareils et simplifiez-vous la vie.<\/li>\n<li>Chargement via USB-C\u00a0: lorsque la batterie est faible, vous pouvez continuer \u00e0 l\u2019utiliser pour \u00e9viter de gaspiller l\u2019\u00e9nergie restante.<\/li>\n<li>Stabilit\u00e9 de la r\u00e9sistance mesh : Go\u00fbt constant.<\/li>\n<li>Trois combinaisons de saveurs : Profitez de plusieurs saveurs sans avoir \u00e0 transporter plusieurs cigarettes \u00e9lectroniques.<\/li>\n<\/ul>\n<h2 data-v-md-heading=\"why-choose-to-collaborate-with-agoravape\" data-v-md-line=\"48\">Pourquoi choisir de collaborer avec AgoraVape ?<\/h2>\n<p data-v-md-line=\"50\">L'authenticit\u00e9 est notre priorit\u00e9 absolue. AgoraVape vous propose des produits 100 % authentiques et b\u00e9n\u00e9ficie d'un approvisionnement fiable et d'un service apr\u00e8s-vente de qualit\u00e9. En tant qu'acheteur professionnel, vous profiterez de prix de gros tr\u00e8s comp\u00e9titifs, d'une gestion des stocks optimis\u00e9e et de solutions de transport sp\u00e9cialement con\u00e7ues pour l'Europe. Vous souhaitez acheter des cigarettes \u00e9lectroniques haute capacit\u00e9 Bang Leader 110k (110\u00a0000 e-liquides)\u00a0? Contactez-nous\u00a0: nous d\u00e9terminerons ensemble la quantit\u00e9, le d\u00e9lai de livraison et le mode d'exp\u00e9dition le plus adapt\u00e9 \u00e0 votre pays\/r\u00e9gion.<\/p>\n<p><script src=\"chrome-extension:\/\/fpelahbljekknahkcaegamhcndkfpfnc\/iFrame.js\" type=\"text\/javascript\"><\/script><\/p>","protected":false},"excerpt":{"rendered":"<p>&nbsp;<\/p>\n<p><script src=\"chrome-extension:\/\/fpelahbljekknahkcaegamhcndkfpfnc\/iFrame.js\" type=\"text\/javascript\"><\/script><\/p>\n<p><script src=\"chrome-extension:\/\/fpelahbljekknahkcaegamhcndkfpfnc\/iFrame.js\" type=\"text\/javascript\"><\/script><\/p>\n<p><script src=\"chrome-extension:\/\/fpelahbljekknahkcaegamhcndkfpfnc\/iFrame.js\" type=\"text\/javascript\"><\/script><\/p>\n<p><script src=\"chrome-extension:\/\/fpelahbljekknahkcaegamhcndkfpfnc\/iFrame.js\" type=\"text\/javascript\"><\/script><\/p>\n<p><script src=\"chrome-extension:\/\/fpelahbljekknahkcaegamhcndkfpfnc\/iFrame.js\" type=\"text\/javascript\"><\/script><\/p>\n<p><script src=\"chrome-extension:\/\/fpelahbljekknahkcaegamhcndkfpfnc\/iFrame.js\" type=\"text\/javascript\"><\/script><\/p>","protected":false},"featured_media":24427,"comment_status":"open","ping_status":"closed","template":"","meta":[],"product_brand":[197],"product_cat":[124,187,185,188,189,123,1674,174,175,193,191,179,173,186,180,190,192],"product_tag":[],"class_list":{"0":"post-24403","1":"product","2":"type-product","3":"status-publish","4":"has-post-thumbnail","6":"product_brand-bang","7":"product_cat-vape-by-brand","8":"product_cat-0mg-nicotine-free-vapes","9":"product_cat-10000-puffs-high-capacity","10":"product_cat-10mg-low-nicotine-vapes","11":"product_cat-20mg-standard-nicotine-vapes","12":"product_cat-bang","13":"product_cat-eu-warehouse","14":"product_cat-fruit-flavors","15":"product_cat-icy-mint","16":"product_cat-mesh-coil","17":"product_cat-rechargeable-disposables","18":"product_cat-unique-blends","19":"product_cat-vape-by-flavor-profile","20":"product_cat-vape-by-nicotine-strength","21":"product_cat-vape-by-puff-count","22":"product_cat-vape-by-feature-or-type","23":"product_cat-vapes-with-screens","25":"first","26":"instock","27":"shipping-taxable","28":"purchasable","29":"product-type-variable","30":"has-default-attributes"},"tiered_pricing_type":"percentage","tiered_pricing_fixed_rules":[],"tiered_pricing_product_settings":{"layout":"default","base_unit_name":{"singular":null,"plural":null},"default_variation":null},"tiered_pricing_minimum_quantity":10,"tiered_pricing_roles_data":[],"tiered_pricing_percentage_rules":{"30":"9","50":"17","100":"23","200":"25","500":"28","1000":"32"},"tiered_pricing_maximum_quantity":null,"tiered_pricing_quantity_step":"10","_links":{"self":[{"href":"https:\/\/agoravape.com\/fr\/wp-json\/wp\/v2\/product\/24403","targetHints":{"allow":["GET"]}}],"collection":[{"href":"https:\/\/agoravape.com\/fr\/wp-json\/wp\/v2\/product"}],"about":[{"href":"https:\/\/agoravape.com\/fr\/wp-json\/wp\/v2\/types\/product"}],"replies":[{"embeddable":true,"href":"https:\/\/agoravape.com\/fr\/wp-json\/wp\/v2\/comments?post=24403"}],"version-history":[{"count":0,"href":"https:\/\/agoravape.com\/fr\/wp-json\/wp\/v2\/product\/24403\/revisions"}],"wp:featuredmedia":[{"embeddable":true,"href":"https:\/\/agoravape.com\/fr\/wp-json\/wp\/v2\/media\/24427"}],"wp:attachment":[{"href":"https:\/\/agoravape.com\/fr\/wp-json\/wp\/v2\/media?parent=24403"}],"wp:term":[{"taxonomy":"product_brand","embeddable":true,"href":"https:\/\/agoravape.com\/fr\/wp-json\/wp\/v2\/product_brand?post=24403"},{"taxonomy":"product_cat","embeddable":true,"href":"https:\/\/agoravape.com\/fr\/wp-json\/wp\/v2\/product_cat?post=24403"},{"taxonomy":"product_tag","embeddable":true,"href":"https:\/\/agoravape.com\/fr\/wp-json\/wp\/v2\/product_tag?post=24403"}],"curies":[{"name":"wp","href":"https:\/\/api.w.org\/{rel}","templated":true}]}}