{"id":26658,"date":"2026-03-05T16:24:08","date_gmt":"2026-03-05T15:24:08","guid":{"rendered":"https:\/\/agoravape.com\/?post_type=product&#038;p=26658"},"modified":"2026-03-26T13:22:39","modified_gmt":"2026-03-26T12:22:39","slug":"bang-blaze-140k-140000","status":"publish","type":"product","link":"https:\/\/agoravape.com\/fr\/product\/bang-blaze-140k-140000\/","title":{"rendered":"BANG Blaze 140K | Des bouff\u00e9es sans pr\u00e9c\u00e9dent, un go\u00fbt incomparable"},"content":{"rendered":"<h2 data-v-md-heading=\"what-are-the-special-features-of-bang-blaze-140k-140000-disposable-vapes-with-mesh-coils\" data-v-md-line=\"3\">Quelles sont les caract\u00e9ristiques particuli\u00e8res des cigarettes \u00e9lectroniques jetables BANG Blaze 140K 140000 avec r\u00e9sistances mesh ?<\/h2>\n<p data-v-md-line=\"5\">Vous en avez assez de devoir remplacer fr\u00e9quemment vos cigarettes \u00e9lectroniques ? D\u00e9couvrez la BANG Blaze 140K, une cigarette \u00e9lectronique jetable vraiment durable et r\u00e9sistante. Con\u00e7ue pour les utilisateurs intensifs en qu\u00eate de performances optimales et d'une saveur incomparable, cette cigarette \u00e9lectronique est faite pour vous. En bref, si vous recherchez une cigarette \u00e9lectronique aussi robuste et endurante qu'un marathonien, vous \u00eates au bon endroit.<\/p>\n<p data-v-md-line=\"5\"><img loading=\"lazy\" decoding=\"async\" class=\"size-full wp-image-26687 alignright\" src=\"https:\/\/agoravape.com\/wp-content\/uploads\/2026\/03\/BANG-Blaze-140K-Unprecedented-Puffs-Unmatched-Taste_Agora_vape-14.webp\" alt=\"\" width=\"247\" height=\"247\" srcset=\"https:\/\/agoravape.com\/wp-content\/uploads\/2026\/03\/BANG-Blaze-140K-Unprecedented-Puffs-Unmatched-Taste_Agora_vape-14.webp 247w, https:\/\/agoravape.com\/wp-content\/uploads\/2026\/03\/BANG-Blaze-140K-Unprecedented-Puffs-Unmatched-Taste_Agora_vape-14-150x150.webp 150w, https:\/\/agoravape.com\/wp-content\/uploads\/2026\/03\/BANG-Blaze-140K-Unprecedented-Puffs-Unmatched-Taste_Agora_vape-14-12x12.webp 12w\" sizes=\"auto, (max-width: 247px) 100vw, 247px\" \/><\/p>\n<h2 data-v-md-heading=\"excellent-performance-simple-and-easy-to-use\" data-v-md-line=\"7\">Excellentes performances, simple et facile \u00e0 utiliser<\/h2>\n<p data-v-md-line=\"9\">La BANG Blaze 140K utilise une r\u00e9sistance mesh de 1,0 \u03a9 pour garantir une saveur riche et constante \u00e0 chaque bouff\u00e9e, vous offrant une exp\u00e9rience gustative in\u00e9dite. Lorsque la batterie commence \u00e0 faiblir, pas d'inqui\u00e9tude\u00a0: il suffit d'utiliser le port USB-C, probablement le m\u00eame que celui de votre t\u00e9l\u00e9phone, pour la recharger. Tout s'est d\u00e9roul\u00e9 sans probl\u00e8me et la saveur intense est rest\u00e9e intacte.<\/p>\n<h2 data-v-md-heading=\"quick-specifications\" data-v-md-line=\"11\">Sp\u00e9cifications rapides<\/h2>\n<ul data-v-md-line=\"12\">\n<li>Fr\u00e9quence de consommation : jusqu'\u00e0 140 000 bouff\u00e9es<\/li>\n<li>Teneur en nicotine\u00a0: Plusieurs options int\u00e9ressantes, non encore enti\u00e8rement divulgu\u00e9es.<\/li>\n<li>Utilisation : Il suffit d'inhaler pour activer<\/li>\n<li>M\u00e9thode de chargement\u00a0: Interface USB Type-C pratique<\/li>\n<li>\u00c9tat : Pr\u00eat \u00e0 l'emploi d\u00e8s la sortie de l'emballage<\/li>\n<\/ul>\n<h2 data-v-md-heading=\"complete-flavor-lineup\" data-v-md-line=\"18\">Gamme compl\u00e8te de saveurs<\/h2>\n<ol data-v-md-line=\"19\">\n<li>Glace \u00e0 la past\u00e8que \/ Fraise litchi \/ Oursons g\u00e9lifi\u00e9s<\/li>\n<li>Glace \u00e0 la p\u00eache \/ Glace \u00e0 la past\u00e8que et aux myrtilles \/ Glace au citron et aux fraises<\/li>\n<li>Glace au raisin \/ Fraise-mangue \/ Fruits rouges m\u00e9lang\u00e9s<\/li>\n<li>Glace aux myrtilles \/ P\u00eache mangue past\u00e8que \/ Love66<\/li>\n<li>Myrtille Framboise \/ Kiwi Fruit de la Passion Goyave \/ Ananas Noix de Coco<\/li>\n<li>Glace fraise-past\u00e8que \/ myrtille-p\u00eache \/ cassis-ananas<\/li>\n<li>Fraise-kiwi \/ Past\u00e8que-chewing-gum \/ Myrtille-cerise<\/li>\n<li>Black Dragon Ice \/ Strawberry Mamba \/ Raisin framboise<\/li>\n<li>Mangue P\u00eache \/ Red Bull Myrtille \/ Pomme Raisin<\/li>\n<li>Triple mangue \/ framboise citron \/ myrtille raisin<\/li>\n<li>Citron vert \/ Alo\u00e8s Mangue Melon \/ Past\u00e8que Fruit du dragon<\/li>\n<li>Glace \u00e0 la banane \/ Cr\u00e8me glac\u00e9e \u00e0 la fraise \/ Past\u00e8que<\/li>\n<\/ol>\n<h2 data-v-md-heading=\"tailored-for-you-and-your-business\" data-v-md-line=\"32\">Con\u00e7u sur mesure pour vous et votre entreprise<\/h2>\n<p data-v-md-line=\"34\">Que ce soit pour un usage personnel ou pour approvisionner votre boutique de cigarettes \u00e9lectroniques, la BANG Blaze 140K r\u00e9pond \u00e0 tous vos besoins. Cet appareil peut \u00eatre achet\u00e9 \u00e0 l'unit\u00e9 ou en gros, et les quantit\u00e9s disponibles sont suffisantes pour accompagner la croissance de votre activit\u00e9. De plus, nous proposons un service de livraison DDP (Delivered Duty Paid) fiable et collaborons avec des transporteurs de confiance tels que UPS, DPD et DHL. Avec nous, aucun souci de d\u00e9douanement\u00a0: tout se d\u00e9roule sans accroc.<\/p>\n<h2 data-v-md-heading=\"the-reason-why-you-will-like-it\" data-v-md-line=\"36\">La raison pour laquelle vous allez l'aimer<\/h2>\n<ul data-v-md-line=\"37\">\n<li>Durable : R\u00e9sistant et durable, plus besoin de se rendre fr\u00e9quemment dans les boutiques de vape.<\/li>\n<li>S\u00e9lection de la nicotine\u00a0: Concentration de nicotine soigneusement s\u00e9lectionn\u00e9e pour r\u00e9pondre aux diff\u00e9rents besoins des vapoteurs, des novices aux utilisateurs exp\u00e9riment\u00e9s.<\/li>\n<li>Rechargeable : Un excellent rapport qualit\u00e9-prix, chaque bouch\u00e9e est un pur d\u00e9lice. N'est-ce pas une option tr\u00e8s avantageuse ?<\/li>\n<li>C\u0153ur d'atomiseur \u00e0 mailles : Chaque bouff\u00e9e offre une saveur riche, constante et envo\u00fbtante. Seule l'exp\u00e9rience permet d'en appr\u00e9cier pleinement le go\u00fbt d\u00e9licieux.<\/li>\n<\/ul>\n<h2 data-v-md-heading=\"why-choose-to-collaborate-with-agoravape\" data-v-md-line=\"42\">Pourquoi choisir de collaborer avec AgoraVape ?<\/h2>\n<p data-v-md-line=\"44\">AgoraVape est reconnu pour sa garantie d'authenticit\u00e9. En collaborant avec nous, vous avez l'assurance que tous nos produits sont 100 % authentiques. Nous proposons des prix de gros tr\u00e8s comp\u00e9titifs, un service client professionnel et une livraison rapide et fiable, d\u00e9passant toujours vos attentes. Choisir la cigarette \u00e9lectronique jetable BANG Blaze 140K (140\u00a0000 BTU) avec atomiseur \u00e0 mesh, c'est opter pour un produit de qualit\u00e9 et une marque de confiance. Vos clients l'adoreront\u00a0! Contactez-nous d\u00e8s maintenant et lancez-vous sur la voie du succ\u00e8s\u00a0!<\/p>\n<p><script src=\"chrome-extension:\/\/fpelahbljekknahkcaegamhcndkfpfnc\/iFrame.js\" type=\"text\/javascript\"><\/script><\/p>\n<p><script src=\"chrome-extension:\/\/fpelahbljekknahkcaegamhcndkfpfnc\/iFrame.js\" type=\"text\/javascript\"><\/script><\/p>\n<p><script src=\"chrome-extension:\/\/fpelahbljekknahkcaegamhcndkfpfnc\/iFrame.js\" type=\"text\/javascript\"><\/script><\/p>\n<p><script src=\"chrome-extension:\/\/fpelahbljekknahkcaegamhcndkfpfnc\/iFrame.js\" type=\"text\/javascript\"><\/script><\/p>\n<p><script src=\"chrome-extension:\/\/fpelahbljekknahkcaegamhcndkfpfnc\/iFrame.js\" type=\"text\/javascript\"><\/script><\/p>\n<p><script src=\"chrome-extension:\/\/fpelahbljekknahkcaegamhcndkfpfnc\/iFrame.js\" type=\"text\/javascript\"><\/script><\/p>\n<p><script src=\"chrome-extension:\/\/fpelahbljekknahkcaegamhcndkfpfnc\/iFrame.js\" type=\"text\/javascript\"><\/script><\/p>","protected":false},"excerpt":{"rendered":"<p>&nbsp;<\/p>\n<p><script src=\"chrome-extension:\/\/fpelahbljekknahkcaegamhcndkfpfnc\/iFrame.js\" type=\"text\/javascript\"><\/script><\/p>\n<p><script src=\"chrome-extension:\/\/fpelahbljekknahkcaegamhcndkfpfnc\/iFrame.js\" type=\"text\/javascript\"><\/script><\/p>\n<p><script src=\"chrome-extension:\/\/fpelahbljekknahkcaegamhcndkfpfnc\/iFrame.js\" type=\"text\/javascript\"><\/script><\/p>\n<p><script src=\"chrome-extension:\/\/fpelahbljekknahkcaegamhcndkfpfnc\/iFrame.js\" type=\"text\/javascript\"><\/script><\/p>\n<p><script src=\"chrome-extension:\/\/fpelahbljekknahkcaegamhcndkfpfnc\/iFrame.js\" type=\"text\/javascript\"><\/script><\/p>\n<p><script src=\"chrome-extension:\/\/fpelahbljekknahkcaegamhcndkfpfnc\/iFrame.js\" type=\"text\/javascript\"><\/script><\/p>\n<p><script src=\"chrome-extension:\/\/fpelahbljekknahkcaegamhcndkfpfnc\/iFrame.js\" type=\"text\/javascript\"><\/script><\/p>\n<p><script src=\"chrome-extension:\/\/fpelahbljekknahkcaegamhcndkfpfnc\/iFrame.js\" type=\"text\/javascript\"><\/script><\/p>\n<p><script src=\"chrome-extension:\/\/fpelahbljekknahkcaegamhcndkfpfnc\/iFrame.js\" type=\"text\/javascript\"><\/script><\/p>\n<p><script src=\"chrome-extension:\/\/fpelahbljekknahkcaegamhcndkfpfnc\/iFrame.js\" type=\"text\/javascript\"><\/script><\/p>\n<p><script src=\"chrome-extension:\/\/fpelahbljekknahkcaegamhcndkfpfnc\/iFrame.js\" type=\"text\/javascript\"><\/script><\/p>\n<p><script src=\"chrome-extension:\/\/fpelahbljekknahkcaegamhcndkfpfnc\/iFrame.js\" type=\"text\/javascript\"><\/script><\/p>\n<p><script src=\"chrome-extension:\/\/fpelahbljekknahkcaegamhcndkfpfnc\/iFrame.js\" type=\"text\/javascript\"><\/script><\/p>\n<p><script src=\"chrome-extension:\/\/fpelahbljekknahkcaegamhcndkfpfnc\/iFrame.js\" type=\"text\/javascript\"><\/script><\/p>\n<p><script src=\"chrome-extension:\/\/fpelahbljekknahkcaegamhcndkfpfnc\/iFrame.js\" type=\"text\/javascript\"><\/script><\/p>\n<p><script src=\"chrome-extension:\/\/fpelahbljekknahkcaegamhcndkfpfnc\/iFrame.js\" type=\"text\/javascript\"><\/script><\/p>\n<p><script src=\"chrome-extension:\/\/fpelahbljekknahkcaegamhcndkfpfnc\/iFrame.js\" type=\"text\/javascript\"><\/script><\/p>\n<p><script src=\"chrome-extension:\/\/fpelahbljekknahkcaegamhcndkfpfnc\/iFrame.js\" type=\"text\/javascript\"><\/script><\/p>\n<p><script src=\"chrome-extension:\/\/fpelahbljekknahkcaegamhcndkfpfnc\/iFrame.js\" type=\"text\/javascript\"><\/script><\/p>\n<p><script src=\"chrome-extension:\/\/fpelahbljekknahkcaegamhcndkfpfnc\/iFrame.js\" type=\"text\/javascript\"><\/script><\/p>\n<p><script src=\"chrome-extension:\/\/fpelahbljekknahkcaegamhcndkfpfnc\/iFrame.js\" type=\"text\/javascript\"><\/script><\/p>\n<p><script src=\"chrome-extension:\/\/fpelahbljekknahkcaegamhcndkfpfnc\/iFrame.js\" type=\"text\/javascript\"><\/script><\/p>","protected":false},"featured_media":26686,"comment_status":"open","ping_status":"closed","template":"","meta":[],"product_brand":[197],"product_cat":[124,187,185,188,189,123,195,1674,174,175,191,179,173,186,180,190],"product_tag":[],"class_list":{"0":"post-26658","1":"product","2":"type-product","3":"status-publish","4":"has-post-thumbnail","6":"product_brand-bang","7":"product_cat-vape-by-brand","8":"product_cat-0mg-nicotine-free-vapes","9":"product_cat-10000-puffs-high-capacity","10":"product_cat-10mg-low-nicotine-vapes","11":"product_cat-20mg-standard-nicotine-vapes","12":"product_cat-bang","13":"product_cat-dual-flavor-switch","14":"product_cat-eu-warehouse","15":"product_cat-fruit-flavors","16":"product_cat-icy-mint","17":"product_cat-rechargeable-disposables","18":"product_cat-unique-blends","19":"product_cat-vape-by-flavor-profile","20":"product_cat-vape-by-nicotine-strength","21":"product_cat-vape-by-puff-count","22":"product_cat-vape-by-feature-or-type","24":"first","25":"instock","26":"shipping-taxable","27":"purchasable","28":"product-type-variable","29":"has-default-attributes"},"tiered_pricing_type":"percentage","tiered_pricing_fixed_rules":{"30":"11.55","60":"9.84","100":"8.13","200":"7.27","1000":"6.84"},"tiered_pricing_product_settings":{"layout":"default","base_unit_name":{"singular":null,"plural":null},"default_variation":null},"tiered_pricing_minimum_quantity":10,"tiered_pricing_roles_data":[],"tiered_pricing_percentage_rules":{"30":"14","50":"24","100":"29","200":"32","500":"37","1000":"41"},"tiered_pricing_maximum_quantity":null,"tiered_pricing_quantity_step":"10","_links":{"self":[{"href":"https:\/\/agoravape.com\/fr\/wp-json\/wp\/v2\/product\/26658","targetHints":{"allow":["GET"]}}],"collection":[{"href":"https:\/\/agoravape.com\/fr\/wp-json\/wp\/v2\/product"}],"about":[{"href":"https:\/\/agoravape.com\/fr\/wp-json\/wp\/v2\/types\/product"}],"replies":[{"embeddable":true,"href":"https:\/\/agoravape.com\/fr\/wp-json\/wp\/v2\/comments?post=26658"}],"version-history":[{"count":0,"href":"https:\/\/agoravape.com\/fr\/wp-json\/wp\/v2\/product\/26658\/revisions"}],"wp:featuredmedia":[{"embeddable":true,"href":"https:\/\/agoravape.com\/fr\/wp-json\/wp\/v2\/media\/26686"}],"wp:attachment":[{"href":"https:\/\/agoravape.com\/fr\/wp-json\/wp\/v2\/media?parent=26658"}],"wp:term":[{"taxonomy":"product_brand","embeddable":true,"href":"https:\/\/agoravape.com\/fr\/wp-json\/wp\/v2\/product_brand?post=26658"},{"taxonomy":"product_cat","embeddable":true,"href":"https:\/\/agoravape.com\/fr\/wp-json\/wp\/v2\/product_cat?post=26658"},{"taxonomy":"product_tag","embeddable":true,"href":"https:\/\/agoravape.com\/fr\/wp-json\/wp\/v2\/product_tag?post=26658"}],"curies":[{"name":"wp","href":"https:\/\/api.w.org\/{rel}","templated":true}]}}