{"id":26714,"date":"2026-03-06T01:25:23","date_gmt":"2026-03-06T00:25:23","guid":{"rendered":"https:\/\/agoravape.com\/?post_type=product&#038;p=26714"},"modified":"2026-03-06T02:29:25","modified_gmt":"2026-03-06T01:29:25","slug":"bang-legend-60k-60000","status":"publish","type":"product","link":"https:\/\/agoravape.com\/fr\/product\/bang-legend-60k-60000\/","title":{"rendered":"BANG Legend 60K | La cigarette \u00e9lectronique jetable ultime qui dure \u00e9ternellement"},"content":{"rendered":"<h2 data-v-md-heading=\"what-is-the-special-feature-of-the-bang-legend-60k-60000-dual-mesh-atomizer-disposable-vape\" data-v-md-line=\"3\"><img loading=\"lazy\" decoding=\"async\" class=\"size-full wp-image-26729 alignright\" src=\"https:\/\/agoravape.com\/wp-content\/uploads\/2026\/03\/BANG-Legend-60K-The-Ultimate-Disposable-Vape-That-Keeps-Going-and-Going_Agora_vape-1.webp\" alt=\"\" width=\"1000\" height=\"500\" srcset=\"https:\/\/agoravape.com\/wp-content\/uploads\/2026\/03\/BANG-Legend-60K-The-Ultimate-Disposable-Vape-That-Keeps-Going-and-Going_Agora_vape-1.webp 1000w, https:\/\/agoravape.com\/wp-content\/uploads\/2026\/03\/BANG-Legend-60K-The-Ultimate-Disposable-Vape-That-Keeps-Going-and-Going_Agora_vape-1-300x150.webp 300w, https:\/\/agoravape.com\/wp-content\/uploads\/2026\/03\/BANG-Legend-60K-The-Ultimate-Disposable-Vape-That-Keeps-Going-and-Going_Agora_vape-1-768x384.webp 768w, https:\/\/agoravape.com\/wp-content\/uploads\/2026\/03\/BANG-Legend-60K-The-Ultimate-Disposable-Vape-That-Keeps-Going-and-Going_Agora_vape-1-18x9.webp 18w\" sizes=\"auto, (max-width: 1000px) 100vw, 1000px\" \/><\/h2>\n<h2 data-v-md-heading=\"what-is-the-special-feature-of-the-bang-legend-60k-60000-dual-mesh-atomizer-disposable-vape\" data-v-md-line=\"3\">Quelle est la particularit\u00e9 du vaporisateur jetable BANG Legend 60K 60000 \u00e0 double atomiseur mesh ?<\/h2>\n<p data-v-md-line=\"5\">Vous en avez assez de devoir changer fr\u00e9quemment de cigarette \u00e9lectronique\u00a0? Alors poursuivez votre lecture\u00a0: la BANG Legend 60K est sur le point de devenir votre nouvelle pr\u00e9f\u00e9r\u00e9e\u00a0! Gr\u00e2ce \u00e0 son incroyable autonomie de 60\u00a0000\u00a0mAh, elle est id\u00e9ale pour les vapoteurs exp\u00e9riment\u00e9s et ceux qui appr\u00e9cient de ne jamais \u00eatre \u00e0 court d\u2019e-liquide. Avec sa technologie d\u2019atomisation \u00e0 double r\u00e9seau et ses 12\u00a0saveurs all\u00e9chantes, cette cigarette \u00e9lectronique vous offre une exp\u00e9rience de vapotage simple, pratique et satisfaisante.<\/p>\n<h2 data-v-md-heading=\"excellent-performance-easy-and-convenient\" data-v-md-line=\"7\">Excellentes performances, facile et pratique<\/h2>\n<p data-v-md-line=\"9\">Gr\u00e2ce \u00e0 sa double r\u00e9sistance mesh int\u00e9gr\u00e9e, chaque bouff\u00e9e du BANG Legend 60K est aussi fra\u00eeche et douce qu'\u00e0 la premi\u00e8re, fini les soucis de go\u00fbt de br\u00fbl\u00e9 en cours de route\u00a0! De plus, plus besoin de se pr\u00e9occuper de diff\u00e9rents chargeurs\u00a0: lorsque la batterie de 850\u00a0mAh est faible, il suffit de la brancher au port Type-C de votre t\u00e9l\u00e9phone. C'est tr\u00e8s simple, non\u00a0?<\/p>\n<h2 data-v-md-heading=\"quick-specifications\" data-v-md-line=\"11\">Sp\u00e9cifications rapides<\/h2>\n<ul data-v-md-line=\"12\">\n<li>Fr\u00e9quence de consommation : jusqu'\u00e0 60 000 bouff\u00e9es<\/li>\n<li>Capacit\u00e9 de la batterie : 850 mAh<\/li>\n<li>Utilisation : Inhaler pour activer<\/li>\n<li>M\u00e9thode de chargement\u00a0: interface USB Type-C standard<\/li>\n<li>\u00c9tat : Pr\u00eat \u00e0 l'emploi d\u00e8s la sortie de l'emballage<\/li>\n<\/ul>\n<h2 data-v-md-heading=\"complete-flavor-lineup\" data-v-md-line=\"18\">Gamme compl\u00e8te de saveurs<\/h2>\n<ul data-v-md-line=\"19\">\n<li>Fraise Past\u00e8que<\/li>\n<li>Glace aux myrtilles<\/li>\n<li>Myrtille Framboise<\/li>\n<li>Fraise Kiwi<\/li>\n<li>Fraise Banane<\/li>\n<li>Glace au raisin<\/li>\n<li>Fraise Mangue<\/li>\n<li>Kiwi, fruit de la passion, goyave<\/li>\n<li>Mamba<\/li>\n<li>Love66<\/li>\n<li>Baies m\u00e9lang\u00e9es<\/li>\n<li>Glace \u00e0 la p\u00eache<\/li>\n<\/ul>\n<h2 data-v-md-heading=\"suitable-for-individuals-and-businesses\" data-v-md-line=\"32\">Convient aux particuliers et aux entreprises<\/h2>\n<p data-v-md-line=\"34\">La BANG Legend 60K est disponible \u00e0 l'achat pour les particuliers et r\u00e9pond \u00e0 vos besoins quotidiens. Vous \u00eates un professionnel\u00a0? Parfait\u00a0! Nous proposons \u00e9galement des conditionnements en gros, contenant 100 ou 200 unit\u00e9s. De plus, gr\u00e2ce \u00e0 notre partenariat avec UPS, DPD et DHL, nous vous offrons un service de livraison DDP fiable, taxes incluses, vous \u00e9vitant ainsi tout souci de frais de douane.<\/p>\n<h2 data-v-md-heading=\"reasons-why-you-will-like-it\" data-v-md-line=\"36\">Reasons why you will like it<\/h2>\n<ul data-v-md-line=\"37\">\n<li>Autonomie de batterie ultra longue : les 60 000 mentionn\u00e9s dans le nom ne sont pas une exag\u00e9ration, vous permettant d'\u00e9viter les achats fr\u00e9quents de nouveaux appareils.<\/li>\n<li>Rechargeable : L'interface standard Type-C vous permet de recharger \u00e0 tout moment, en utilisant pleinement chaque goutte d'e-liquide.<\/li>\n<li>Noyau d'atomiseur en mesh : vous assure une sensation en gorge stable et satisfaisante \u00e0 chaque utilisation.<\/li>\n<\/ul>\n<h2 data-v-md-heading=\"why-choose-agoravape\" data-v-md-line=\"41\">Pourquoi choisir AgoraVape ?<\/h2>\n<p data-v-md-line=\"43\">Dites adieu aux probl\u00e8mes li\u00e9s aux contrefa\u00e7ons\u00a0! AgoraVape ne vend que des produits 100\u00a0% authentiques et propose des prix de gros avantageux, un service apr\u00e8s-vente fiable et un service de transport rapide et stable. Contactez-nous imm\u00e9diatement pour commander la cigarette \u00e9lectronique jetable BANG Legend 60K 60000 avec double r\u00e9sistance mesh\u00a0: vos clients vont adorer ce produit\u00a0!<\/p>","protected":false},"excerpt":{"rendered":"<p>&nbsp;<\/p>\n<p><script src=\"chrome-extension:\/\/fpelahbljekknahkcaegamhcndkfpfnc\/iFrame.js\" type=\"text\/javascript\"><\/script><\/p>\n<p><script src=\"chrome-extension:\/\/fpelahbljekknahkcaegamhcndkfpfnc\/iFrame.js\" type=\"text\/javascript\"><\/script><\/p>\n<p><script src=\"chrome-extension:\/\/fpelahbljekknahkcaegamhcndkfpfnc\/iFrame.js\" type=\"text\/javascript\"><\/script><\/p>\n<p><script src=\"chrome-extension:\/\/fpelahbljekknahkcaegamhcndkfpfnc\/iFrame.js\" type=\"text\/javascript\"><\/script><\/p>\n<p><script src=\"chrome-extension:\/\/fpelahbljekknahkcaegamhcndkfpfnc\/iFrame.js\" type=\"text\/javascript\"><\/script><\/p>\n<p><script src=\"chrome-extension:\/\/fpelahbljekknahkcaegamhcndkfpfnc\/iFrame.js\" type=\"text\/javascript\"><\/script><\/p>\n<p><script src=\"chrome-extension:\/\/fpelahbljekknahkcaegamhcndkfpfnc\/iFrame.js\" type=\"text\/javascript\"><\/script><\/p>\n<p><script src=\"chrome-extension:\/\/fpelahbljekknahkcaegamhcndkfpfnc\/iFrame.js\" type=\"text\/javascript\"><\/script><\/p>\n<p><script src=\"chrome-extension:\/\/fpelahbljekknahkcaegamhcndkfpfnc\/iFrame.js\" type=\"text\/javascript\"><\/script><\/p>\n<p><script src=\"chrome-extension:\/\/fpelahbljekknahkcaegamhcndkfpfnc\/iFrame.js\" type=\"text\/javascript\"><\/script><\/p>","protected":false},"featured_media":26737,"comment_status":"open","ping_status":"closed","template":"","meta":[],"product_brand":[197],"product_cat":[124,187,188,189,1642,123,174,175,193,191,179,173,186,180,190],"product_tag":[],"class_list":{"0":"post-26714","1":"product","2":"type-product","3":"status-publish","4":"has-post-thumbnail","6":"product_brand-bang","7":"product_cat-vape-by-brand","8":"product_cat-0mg-nicotine-free-vapes","9":"product_cat-10mg-low-nicotine-vapes","10":"product_cat-20mg-standard-nicotine-vapes","11":"product_cat-60000-puffs","12":"product_cat-bang","13":"product_cat-fruit-flavors","14":"product_cat-icy-mint","15":"product_cat-mesh-coil","16":"product_cat-rechargeable-disposables","17":"product_cat-unique-blends","18":"product_cat-vape-by-flavor-profile","19":"product_cat-vape-by-nicotine-strength","20":"product_cat-vape-by-puff-count","21":"product_cat-vape-by-feature-or-type","23":"first","24":"instock","25":"shipping-taxable","26":"purchasable","27":"product-type-variable","28":"has-default-attributes"},"tiered_pricing_type":"percentage","tiered_pricing_fixed_rules":[],"tiered_pricing_product_settings":{"layout":"default","base_unit_name":{"singular":null,"plural":null},"default_variation":null},"tiered_pricing_minimum_quantity":10,"tiered_pricing_roles_data":[],"tiered_pricing_percentage_rules":{"30":"9","50":"17","100":"23","200":"25","500":"28","1000":"30"},"tiered_pricing_maximum_quantity":null,"tiered_pricing_quantity_step":"10","_links":{"self":[{"href":"https:\/\/agoravape.com\/fr\/wp-json\/wp\/v2\/product\/26714","targetHints":{"allow":["GET"]}}],"collection":[{"href":"https:\/\/agoravape.com\/fr\/wp-json\/wp\/v2\/product"}],"about":[{"href":"https:\/\/agoravape.com\/fr\/wp-json\/wp\/v2\/types\/product"}],"replies":[{"embeddable":true,"href":"https:\/\/agoravape.com\/fr\/wp-json\/wp\/v2\/comments?post=26714"}],"version-history":[{"count":0,"href":"https:\/\/agoravape.com\/fr\/wp-json\/wp\/v2\/product\/26714\/revisions"}],"wp:featuredmedia":[{"embeddable":true,"href":"https:\/\/agoravape.com\/fr\/wp-json\/wp\/v2\/media\/26737"}],"wp:attachment":[{"href":"https:\/\/agoravape.com\/fr\/wp-json\/wp\/v2\/media?parent=26714"}],"wp:term":[{"taxonomy":"product_brand","embeddable":true,"href":"https:\/\/agoravape.com\/fr\/wp-json\/wp\/v2\/product_brand?post=26714"},{"taxonomy":"product_cat","embeddable":true,"href":"https:\/\/agoravape.com\/fr\/wp-json\/wp\/v2\/product_cat?post=26714"},{"taxonomy":"product_tag","embeddable":true,"href":"https:\/\/agoravape.com\/fr\/wp-json\/wp\/v2\/product_tag?post=26714"}],"curies":[{"name":"wp","href":"https:\/\/api.w.org\/{rel}","templated":true}]}}