{"id":26740,"date":"2026-03-06T02:34:11","date_gmt":"2026-03-06T01:34:11","guid":{"rendered":"https:\/\/agoravape.com\/?post_type=product&#038;p=26740"},"modified":"2026-03-21T12:44:21","modified_gmt":"2026-03-21T11:44:21","slug":"bang-blaze-200k-6in1-200000","status":"publish","type":"product","link":"https:\/\/agoravape.com\/fr\/product\/bang-blaze-200k-6in1-200000\/","title":{"rendered":"BANG Blaze 200K | Un concentr\u00e9 de saveur et de long\u00e9vit\u00e9"},"content":{"rendered":"<h2 data-v-md-heading=\"what-is-a-disposable-vape-with-bang-blaze-200k-200000-mouthed-6-in-1-mesh-coil\" data-v-md-line=\"3\"><img loading=\"lazy\" decoding=\"async\" class=\"size-full wp-image-26759 aligncenter\" src=\"https:\/\/agoravape.com\/wp-content\/uploads\/2026\/03\/BANG-Blaze-200K-A-Powerhouse-of-Flavor-and-Longevity_Agora_vape-6-scaled.webp\" alt=\"\" width=\"1129\" height=\"2560\" srcset=\"https:\/\/agoravape.com\/wp-content\/uploads\/2026\/03\/BANG-Blaze-200K-A-Powerhouse-of-Flavor-and-Longevity_Agora_vape-6-scaled.webp 1129w, https:\/\/agoravape.com\/wp-content\/uploads\/2026\/03\/BANG-Blaze-200K-A-Powerhouse-of-Flavor-and-Longevity_Agora_vape-6-132x300.webp 132w, https:\/\/agoravape.com\/wp-content\/uploads\/2026\/03\/BANG-Blaze-200K-A-Powerhouse-of-Flavor-and-Longevity_Agora_vape-6-452x1024.webp 452w, https:\/\/agoravape.com\/wp-content\/uploads\/2026\/03\/BANG-Blaze-200K-A-Powerhouse-of-Flavor-and-Longevity_Agora_vape-6-768x1741.webp 768w, https:\/\/agoravape.com\/wp-content\/uploads\/2026\/03\/BANG-Blaze-200K-A-Powerhouse-of-Flavor-and-Longevity_Agora_vape-6-678x1536.webp 678w, https:\/\/agoravape.com\/wp-content\/uploads\/2026\/03\/BANG-Blaze-200K-A-Powerhouse-of-Flavor-and-Longevity_Agora_vape-6-903x2048.webp 903w, https:\/\/agoravape.com\/wp-content\/uploads\/2026\/03\/BANG-Blaze-200K-A-Powerhouse-of-Flavor-and-Longevity_Agora_vape-6-5x12.webp 5w, https:\/\/agoravape.com\/wp-content\/uploads\/2026\/03\/BANG-Blaze-200K-A-Powerhouse-of-Flavor-and-Longevity_Agora_vape-6-1200x2721.webp 1200w\" sizes=\"auto, (max-width: 1129px) 100vw, 1129px\" \/><\/h2>\n<h2 data-v-md-heading=\"what-is-a-disposable-vape-with-bang-blaze-200k-200000-mouthed-6-in-1-mesh-coil\" data-v-md-line=\"3\">Qu'est-ce qu'une cigarette \u00e9lectronique jetable avec une r\u00e9sistance BANG Blaze 200K, 200 000 ohms, 6 en 1 \u00e0 mesh ?<\/h2>\n<p data-v-md-line=\"5\">Vous est-il d\u00e9j\u00e0 arriv\u00e9 d'\u00eatre d\u00e9muni face \u00e0 une batterie de cigarette \u00e9lectronique qui s'\u00e9teint subitement\u00a0? La BANG Blaze 200K est la solution id\u00e9ale. Son autonomie exceptionnelle de 200\u00a0000\u00a0heures vous garantit une longue dur\u00e9e de vie et vous \u00e9vite de devoir constamment chercher une prise ou changer de cartouche. Pour les utilisateurs en qu\u00eate de fiabilit\u00e9, de saveurs intenses et d'une utilisation simplifi\u00e9e, ce produit est le choix parfait. Mieux encore, il offre une large gamme de saveurs\u00a0!<\/p>\n<h2 data-v-md-heading=\"powerful-performance-easy-and-convenient\" data-v-md-line=\"7\">Performances exceptionnelles, simplicit\u00e9 et praticit\u00e9<\/h2>\n<p data-v-md-line=\"9\">La BANG Blaze 200K arbore un design discret, mais renferme une technologie de pointe. Gr\u00e2ce \u00e0 sa r\u00e9sistance mesh 1,2 \u03a9 \u00d7 6, chaque bouff\u00e9e offre une saveur riche et constante, ainsi qu'une vapeur dense et abondante \u2013 m\u00eame la 200\u00a0000e bouff\u00e9e est aussi savoureuse que la premi\u00e8re. Et ce n'est pas tout\u00a0: elle est \u00e9galement \u00e9quip\u00e9e d'un port USB-C pour une recharge simplifi\u00e9e. Aucun c\u00e2ble suppl\u00e9mentaire n'est n\u00e9cessaire, utilisez simplement celui de votre t\u00e9l\u00e9phone. Une exp\u00e9rience de vapotage simple et intuitive.<\/p>\n<h2 data-v-md-heading=\"important-parameters\" data-v-md-line=\"11\">Param\u00e8tres importants<\/h2>\n<ul data-v-md-line=\"12\">\n<li>Fr\u00e9quence de consommation : jusqu'\u00e0 200 000 cigarettes<\/li>\n<li>Capacit\u00e9 de la batterie : 600 mAh<\/li>\n<li>M\u00e9thode de chargement\u00a0: interface USB Type-C standard<\/li>\n<li>Utilisation : Inhalez et savourez imm\u00e9diatement !<\/li>\n<li>\u00c9tat : Pr\u00e9charg\u00e9 et pr\u00e9rempli d'huile. Pr\u00eat \u00e0 l'emploi d\u00e8s le d\u00e9ballage.<\/li>\n<\/ul>\n<h2 data-v-md-heading=\"taste-feast\" data-v-md-line=\"18\">Festin de d\u00e9gustation<\/h2>\n<p data-v-md-line=\"20\">Envie de d\u00e9couvrir de nouvelles saveurs\u00a0? BANG Blaze 200K propose une vari\u00e9t\u00e9 de combinaisons pour satisfaire tous les palais. Chaque coffret contient 6 saveurs uniques. En voici quelques exemples\u00a0:<\/p>\n<ul data-v-md-line=\"22\">\n<li>Glace \u00e0 la p\u00eache \/ Citron vert \/ Fraise past\u00e8que \/ Framboise raisin \/ Fraise Mamba \/ Cerise grenade<\/li>\n<li>Glace \u00e0 la past\u00e8que \/ Pomme raisin \/ Myrtille framboise \/ Mangue p\u00eache \/ Ananas orange \/ Myrtille p\u00eache<\/li>\n<li>Glace au raisin \/ Framboise citron \/ Red Bull myrtille \/ Ananas noix de coco \/ Fraise litchi \/ Glace Black Dragon<\/li>\n<li>Glace aux myrtilles \/ Framboise et past\u00e8que \/ Aloe vera et raisin \/ Fraise et banane \/ Love 66 \/ Myrtille et cerise<\/li>\n<li>Glace \u00e0 la pomme \/ Fruits rouges \/ Chewing-gum past\u00e8que \/ Myrtille past\u00e8que \/ Fraise mangue \/ Alo\u00e8s mangue cantaloup<\/li>\n<li>Glace \u00e0 l'ananas \/ Kiwi, fruit de la passion, goyave \/ Bonbons g\u00e9lifi\u00e9s en forme d'ourson \/ Past\u00e8que, fruit du dragon \/ P\u00eache, mangue, past\u00e8que \/ Myrtille, canneberge, cerise<\/li>\n<li>Fraise \/ Cassis Glace Ananas \/ Fruits tropicaux \/ Bubblegum au raisin \/ Myrtille Raisin \/ Mangue Fruit de la passion<\/li>\n<li>Triple mangue \/ Raisin p\u00eache \/ Cr\u00e8me glac\u00e9e \u00e0 la fraise \/ Fraise kiwi \/ Boisson \u00e9nergisante au raisin \/ Cola rouge<\/li>\n<li>Glace \u00e0 la banane \/ Pomme \u00e0 l'aloe vera \/ Pamplemousse et fruit de la passion \/ Fraise et noix de coco \/ Fraise et past\u00e8que bubble-gum \/ Glace past\u00e8que et citron vert<\/li>\n<li>Glace \u00e0 la cerise \/ Citron rose \/ Myrtille menthe \/ Glace \u00e0 la banane \/ Glace fruit de la passion ananas \/ Glace \u00e0 la p\u00eache \/ Pomme verte kiwi<\/li>\n<li>Bonbons arc-en-ciel \/ Glace p\u00eache-poire \/ Cappuccino \/ Mojito \u00e0 la menthe fra\u00eeche \/ Fraise-mangue-cassis \/ Guimauve<\/li>\n<li>Cassis \/ Triple melon \/ Fraise framboise \/ Super baies \/ Myrtille m\u00fbre fraise \/ P\u00eache citron eau<\/li>\n<\/ul>\n<h2 data-v-md-heading=\"bang-blaze-200k-meet-your-and-your-company-s-needs\" data-v-md-line=\"35\">BANG Blaze 200K, r\u00e9pond \u00e0 vos besoins et \u00e0 ceux de votre entreprise<\/h2>\n<p data-v-md-line=\"37\">Que vous soyez un vapoteur particulier ou un professionnel, nous r\u00e9pondons \u00e0 vos besoins. Les cigarettes \u00e9lectroniques jetables BANG Blaze 200K (pack de 200\u00a0000) avec r\u00e9sistance mesh 6 en 1 sont disponibles \u00e0 l'unit\u00e9 ou en gros (bo\u00eete de 200 unit\u00e9s). Nous assurons une livraison fiable \u00ab\u00a0taxes acquitt\u00e9es\u00a0\u00bb gr\u00e2ce \u00e0 nos partenaires de confiance tels que UPS, DPD et DHL. Vous n'aurez donc aucun frais de douane \u00e0 payer et profiterez d'une livraison simple et rapide.<\/p>\n<h2 data-v-md-heading=\"reasons-why-you-will-fall-in-love-with-it\" data-v-md-line=\"39\">Raisons pour lesquelles vous allez en tomber amoureux<\/h2>\n<ul data-v-md-line=\"40\">\n<li>Autonomie de batterie ultra longue : plus besoin de remplacer fr\u00e9quemment la cartouche.<\/li>\n<li>Des saveurs riches et vari\u00e9es : gardez vos papilles gustatives toujours en \u00e9veil.<\/li>\n<li>Rechargeable : vous permettant de profiter pleinement de l'exp\u00e9rience merveilleuse offerte par chaque goutte d'e-liquide.<\/li>\n<li>R\u00e9sistance \u00e0 mailles durables : assure un go\u00fbt stable et une saveur intense \u00e0 chaque bouch\u00e9e.<\/li>\n<\/ul>\n<h2 data-v-md-heading=\"why-choose-agoravape\" data-v-md-line=\"45\">Pourquoi choisir AgoraVape ?<\/h2>\n<p data-v-md-line=\"47\">Distributeur de cigarettes \u00e9lectroniques de confiance en Europe, AgoraVape ne propose que des produits 100 % authentiques. Nous offrons des prix de gros tr\u00e8s comp\u00e9titifs, un excellent service client et une livraison rapide et fiable pour les entreprises, notamment pour les cigarettes \u00e9lectroniques jetables BANG Blaze 200K (pack de 200\u00a0000) avec r\u00e9sistance mesh 6 en 1. Contactez-nous d\u00e8s aujourd'hui pour offrir \u00e0 vos clients une exp\u00e9rience de vapotage optimale.<\/p>\n<p><script src=\"chrome-extension:\/\/fpelahbljekknahkcaegamhcndkfpfnc\/iFrame.js\" type=\"text\/javascript\"><\/script><\/p>\n<p><script src=\"chrome-extension:\/\/fpelahbljekknahkcaegamhcndkfpfnc\/iFrame.js\" type=\"text\/javascript\"><\/script><\/p>","protected":false},"excerpt":{"rendered":"<p>&nbsp;<\/p>\n<p><script src=\"chrome-extension:\/\/fpelahbljekknahkcaegamhcndkfpfnc\/iFrame.js\" type=\"text\/javascript\"><\/script><\/p>\n<p><script src=\"chrome-extension:\/\/fpelahbljekknahkcaegamhcndkfpfnc\/iFrame.js\" type=\"text\/javascript\"><\/script><\/p>\n<p><script src=\"chrome-extension:\/\/fpelahbljekknahkcaegamhcndkfpfnc\/iFrame.js\" type=\"text\/javascript\"><\/script><\/p>\n<p><script src=\"chrome-extension:\/\/fpelahbljekknahkcaegamhcndkfpfnc\/iFrame.js\" type=\"text\/javascript\"><\/script><\/p>\n<p><script src=\"chrome-extension:\/\/fpelahbljekknahkcaegamhcndkfpfnc\/iFrame.js\" type=\"text\/javascript\"><\/script><\/p>\n<p><script src=\"chrome-extension:\/\/fpelahbljekknahkcaegamhcndkfpfnc\/iFrame.js\" type=\"text\/javascript\"><\/script><\/p>\n<p><script src=\"chrome-extension:\/\/fpelahbljekknahkcaegamhcndkfpfnc\/iFrame.js\" type=\"text\/javascript\"><\/script><\/p>\n<p><script src=\"chrome-extension:\/\/fpelahbljekknahkcaegamhcndkfpfnc\/iFrame.js\" type=\"text\/javascript\"><\/script><\/p>\n<p><script src=\"chrome-extension:\/\/fpelahbljekknahkcaegamhcndkfpfnc\/iFrame.js\" type=\"text\/javascript\"><\/script><\/p>\n<p><script src=\"chrome-extension:\/\/fpelahbljekknahkcaegamhcndkfpfnc\/iFrame.js\" type=\"text\/javascript\"><\/script><\/p>\n<p><script src=\"chrome-extension:\/\/fpelahbljekknahkcaegamhcndkfpfnc\/iFrame.js\" type=\"text\/javascript\"><\/script><\/p>\n<p><script src=\"chrome-extension:\/\/fpelahbljekknahkcaegamhcndkfpfnc\/iFrame.js\" type=\"text\/javascript\"><\/script><\/p>\n<p><script src=\"chrome-extension:\/\/fpelahbljekknahkcaegamhcndkfpfnc\/iFrame.js\" type=\"text\/javascript\"><\/script><\/p>","protected":false},"featured_media":26765,"comment_status":"open","ping_status":"closed","template":"","meta":[],"product_brand":[197],"product_cat":[124,187,185,188,189,123,195,174,175,193,191,179,173,186,180,190],"product_tag":[],"class_list":{"0":"post-26740","1":"product","2":"type-product","3":"status-publish","4":"has-post-thumbnail","6":"product_brand-bang","7":"product_cat-vape-by-brand","8":"product_cat-0mg-nicotine-free-vapes","9":"product_cat-10000-puffs-high-capacity","10":"product_cat-10mg-low-nicotine-vapes","11":"product_cat-20mg-standard-nicotine-vapes","12":"product_cat-bang","13":"product_cat-dual-flavor-switch","14":"product_cat-fruit-flavors","15":"product_cat-icy-mint","16":"product_cat-mesh-coil","17":"product_cat-rechargeable-disposables","18":"product_cat-unique-blends","19":"product_cat-vape-by-flavor-profile","20":"product_cat-vape-by-nicotine-strength","21":"product_cat-vape-by-puff-count","22":"product_cat-vape-by-feature-or-type","24":"first","25":"instock","26":"shipping-taxable","27":"purchasable","28":"product-type-variable","29":"has-default-attributes"},"tiered_pricing_type":"percentage","tiered_pricing_fixed_rules":[],"tiered_pricing_product_settings":{"layout":"default","base_unit_name":{"singular":null,"plural":null},"default_variation":null},"tiered_pricing_minimum_quantity":10,"tiered_pricing_roles_data":[],"tiered_pricing_percentage_rules":{"30":"29","50":"34","100":"37","200":"40","500":"44","1000":"47"},"tiered_pricing_maximum_quantity":null,"tiered_pricing_quantity_step":"10","_links":{"self":[{"href":"https:\/\/agoravape.com\/fr\/wp-json\/wp\/v2\/product\/26740","targetHints":{"allow":["GET"]}}],"collection":[{"href":"https:\/\/agoravape.com\/fr\/wp-json\/wp\/v2\/product"}],"about":[{"href":"https:\/\/agoravape.com\/fr\/wp-json\/wp\/v2\/types\/product"}],"replies":[{"embeddable":true,"href":"https:\/\/agoravape.com\/fr\/wp-json\/wp\/v2\/comments?post=26740"}],"version-history":[{"count":0,"href":"https:\/\/agoravape.com\/fr\/wp-json\/wp\/v2\/product\/26740\/revisions"}],"wp:featuredmedia":[{"embeddable":true,"href":"https:\/\/agoravape.com\/fr\/wp-json\/wp\/v2\/media\/26765"}],"wp:attachment":[{"href":"https:\/\/agoravape.com\/fr\/wp-json\/wp\/v2\/media?parent=26740"}],"wp:term":[{"taxonomy":"product_brand","embeddable":true,"href":"https:\/\/agoravape.com\/fr\/wp-json\/wp\/v2\/product_brand?post=26740"},{"taxonomy":"product_cat","embeddable":true,"href":"https:\/\/agoravape.com\/fr\/wp-json\/wp\/v2\/product_cat?post=26740"},{"taxonomy":"product_tag","embeddable":true,"href":"https:\/\/agoravape.com\/fr\/wp-json\/wp\/v2\/product_tag?post=26740"}],"curies":[{"name":"wp","href":"https:\/\/api.w.org\/{rel}","templated":true}]}}