{"id":26772,"date":"2026-03-06T03:05:12","date_gmt":"2026-03-06T02:05:12","guid":{"rendered":"https:\/\/agoravape.com\/?post_type=product&#038;p=26772"},"modified":"2026-03-26T13:22:38","modified_gmt":"2026-03-26T12:22:38","slug":"bang-king-8in1-200k-200000","status":"publish","type":"product","link":"https:\/\/agoravape.com\/fr\/product\/bang-king-8in1-200k-200000\/","title":{"rendered":"BANG King 8EN1 200K | Une symphonie de saveurs dans un seul appareil"},"content":{"rendered":"<h2 data-v-md-heading=\"introduction-to-bang-king-8in1-200k-200000-mesh-coil-disposable-vape\" data-v-md-line=\"3\"><img loading=\"lazy\" decoding=\"async\" class=\"aligncenter size-full wp-image-26787\" src=\"https:\/\/agoravape.com\/wp-content\/uploads\/2026\/03\/BANG-King-8IN1-200K-A-Symphony-of-Flavours-in-a-Single-Device_Agora_vape-2-scaled.webp\" alt=\"\" width=\"2560\" height=\"1439\" srcset=\"https:\/\/agoravape.com\/wp-content\/uploads\/2026\/03\/BANG-King-8IN1-200K-A-Symphony-of-Flavours-in-a-Single-Device_Agora_vape-2-scaled.webp 2560w, https:\/\/agoravape.com\/wp-content\/uploads\/2026\/03\/BANG-King-8IN1-200K-A-Symphony-of-Flavours-in-a-Single-Device_Agora_vape-2-300x169.webp 300w, https:\/\/agoravape.com\/wp-content\/uploads\/2026\/03\/BANG-King-8IN1-200K-A-Symphony-of-Flavours-in-a-Single-Device_Agora_vape-2-1024x576.webp 1024w, https:\/\/agoravape.com\/wp-content\/uploads\/2026\/03\/BANG-King-8IN1-200K-A-Symphony-of-Flavours-in-a-Single-Device_Agora_vape-2-768x432.webp 768w, https:\/\/agoravape.com\/wp-content\/uploads\/2026\/03\/BANG-King-8IN1-200K-A-Symphony-of-Flavours-in-a-Single-Device_Agora_vape-2-1536x864.webp 1536w, https:\/\/agoravape.com\/wp-content\/uploads\/2026\/03\/BANG-King-8IN1-200K-A-Symphony-of-Flavours-in-a-Single-Device_Agora_vape-2-2048x1152.webp 2048w, https:\/\/agoravape.com\/wp-content\/uploads\/2026\/03\/BANG-King-8IN1-200K-A-Symphony-of-Flavours-in-a-Single-Device_Agora_vape-2-18x10.webp 18w, https:\/\/agoravape.com\/wp-content\/uploads\/2026\/03\/BANG-King-8IN1-200K-A-Symphony-of-Flavours-in-a-Single-Device_Agora_vape-2-1200x675.webp 1200w\" sizes=\"auto, (max-width: 2560px) 100vw, 2560px\" \/><\/h2>\n<h2 data-v-md-heading=\"introduction-to-bang-king-8in1-200k-200000-mesh-coil-disposable-vape\" data-v-md-line=\"3\"><img loading=\"lazy\" decoding=\"async\" class=\"aligncenter size-full wp-image-26786\" src=\"https:\/\/agoravape.com\/wp-content\/uploads\/2026\/03\/BANG-King-8IN1-200K-A-Symphony-of-Flavours-in-a-Single-Device_Agora_vape-1.webp\" alt=\"\" width=\"1920\" height=\"1152\" srcset=\"https:\/\/agoravape.com\/wp-content\/uploads\/2026\/03\/BANG-King-8IN1-200K-A-Symphony-of-Flavours-in-a-Single-Device_Agora_vape-1.webp 1920w, https:\/\/agoravape.com\/wp-content\/uploads\/2026\/03\/BANG-King-8IN1-200K-A-Symphony-of-Flavours-in-a-Single-Device_Agora_vape-1-300x180.webp 300w, https:\/\/agoravape.com\/wp-content\/uploads\/2026\/03\/BANG-King-8IN1-200K-A-Symphony-of-Flavours-in-a-Single-Device_Agora_vape-1-1024x614.webp 1024w, https:\/\/agoravape.com\/wp-content\/uploads\/2026\/03\/BANG-King-8IN1-200K-A-Symphony-of-Flavours-in-a-Single-Device_Agora_vape-1-768x461.webp 768w, https:\/\/agoravape.com\/wp-content\/uploads\/2026\/03\/BANG-King-8IN1-200K-A-Symphony-of-Flavours-in-a-Single-Device_Agora_vape-1-1536x922.webp 1536w, https:\/\/agoravape.com\/wp-content\/uploads\/2026\/03\/BANG-King-8IN1-200K-A-Symphony-of-Flavours-in-a-Single-Device_Agora_vape-1-18x12.webp 18w, https:\/\/agoravape.com\/wp-content\/uploads\/2026\/03\/BANG-King-8IN1-200K-A-Symphony-of-Flavours-in-a-Single-Device_Agora_vape-1-1200x720.webp 1200w\" sizes=\"auto, (max-width: 1920px) 100vw, 1920px\" \/><\/h2>\n<h2 data-v-md-heading=\"introduction-to-bang-king-8in1-200k-200000-mesh-coil-disposable-vape\" data-v-md-line=\"3\"><img loading=\"lazy\" decoding=\"async\" class=\"aligncenter size-full wp-image-26800\" src=\"https:\/\/agoravape.com\/wp-content\/uploads\/2026\/03\/BANG-King-8IN1-200K-A-Symphony-of-Flavours-in-a-Single-Device_Agora_vape-15-scaled.webp\" alt=\"\" width=\"1595\" height=\"2560\" srcset=\"https:\/\/agoravape.com\/wp-content\/uploads\/2026\/03\/BANG-King-8IN1-200K-A-Symphony-of-Flavours-in-a-Single-Device_Agora_vape-15-scaled.webp 1595w, https:\/\/agoravape.com\/wp-content\/uploads\/2026\/03\/BANG-King-8IN1-200K-A-Symphony-of-Flavours-in-a-Single-Device_Agora_vape-15-187x300.webp 187w, https:\/\/agoravape.com\/wp-content\/uploads\/2026\/03\/BANG-King-8IN1-200K-A-Symphony-of-Flavours-in-a-Single-Device_Agora_vape-15-638x1024.webp 638w, https:\/\/agoravape.com\/wp-content\/uploads\/2026\/03\/BANG-King-8IN1-200K-A-Symphony-of-Flavours-in-a-Single-Device_Agora_vape-15-768x1233.webp 768w, https:\/\/agoravape.com\/wp-content\/uploads\/2026\/03\/BANG-King-8IN1-200K-A-Symphony-of-Flavours-in-a-Single-Device_Agora_vape-15-957x1536.webp 957w, https:\/\/agoravape.com\/wp-content\/uploads\/2026\/03\/BANG-King-8IN1-200K-A-Symphony-of-Flavours-in-a-Single-Device_Agora_vape-15-1276x2048.webp 1276w, https:\/\/agoravape.com\/wp-content\/uploads\/2026\/03\/BANG-King-8IN1-200K-A-Symphony-of-Flavours-in-a-Single-Device_Agora_vape-15-7x12.webp 7w, https:\/\/agoravape.com\/wp-content\/uploads\/2026\/03\/BANG-King-8IN1-200K-A-Symphony-of-Flavours-in-a-Single-Device_Agora_vape-15-1200x1926.webp 1200w\" sizes=\"auto, (max-width: 1595px) 100vw, 1595px\" \/><\/h2>\n<h2 data-v-md-heading=\"introduction-to-bang-king-8in1-200k-200000-mesh-coil-disposable-vape\" data-v-md-line=\"3\">Pr\u00e9sentation de la cigarette \u00e9lectronique jetable BANG King 8IN1 200K 200000 Mesh Coil<\/h2>\n<p data-v-md-line=\"5\">Imaginez-vous tiraill\u00e9 entre les saveurs fraise-mangue et p\u00eache-past\u00e8que, et vivez l'exp\u00e9rience incroyable de 200\u00a0000 bouff\u00e9es offerte par le BANG King 8IN1 200K. Ce vaporisateur est non seulement durable et dot\u00e9 d'une autonomie exceptionnelle, mais il propose \u00e9galement jusqu'\u00e0 12 combinaisons de 4 saveurs, faciles \u00e0 changer, pour un r\u00e9sultat \u00e9poustouflant. Sp\u00e9cialement con\u00e7u pour les vapoteurs en qu\u00eate d'exp\u00e9riences vari\u00e9es et les marques souhaitant marquer les esprits, ce vaporisateur est un incontournable \u00e0 emporter partout avec vous ou \u00e0 exposer en magasin.<\/p>\n<h2 data-v-md-heading=\"excellent-performance-easy-to-use\" data-v-md-line=\"7\">Excellentes performances, facile \u00e0 utiliser<\/h2>\n<p data-v-md-line=\"9\">Le BANG King 8IN1 200K est \u00e9quip\u00e9 d'une batterie de 650 mAh et se recharge efficacement via un port USB-C. Son atomiseur \u00e0 mesh de 1,0 \u03a9 garantit une inhalation claire, douce et constante \u00e0 chaque utilisation. Simple et pratique d'utilisation, il se recharge \u00e9galement tr\u00e8s facilement. Il est pr\u00eat \u00e0 l'emploi d\u00e8s sa sortie de l'emballage.<\/p>\n<h2 data-v-md-heading=\"product-highlights\" data-v-md-line=\"11\">Points forts du produit<\/h2>\n<ul data-v-md-line=\"12\">\n<li>Jusqu'\u00e0 200 000 portions : ce n'est pas qu'un chiffre, mais aussi un voyage \u00e0 la d\u00e9couverte de mets d\u00e9licieux.<\/li>\n<li>S\u00e9lection du taux de nicotine\u00a0: selon votre exp\u00e9rience et vos pr\u00e9f\u00e9rences, cet appareil ajuste le taux de nicotine en fonction de vos besoins.<\/li>\n<li>Facile d'utilisation : il suffit de l'activer par inhalation, c'est aussi simple que cela.<\/li>\n<li>Recharge : Utilisez le port USB Type-C que vous utilisez peut-\u00eatre pour recharger votre t\u00e9l\u00e9phone afin de le recharger rapidement et facilement.<\/li>\n<li>\u00c9tat : Pr\u00eat \u00e0 l'emploi, profitez-en d\u00e8s la sortie de la bo\u00eete.<\/li>\n<\/ul>\n<h2 data-v-md-heading=\"taste-journey\" data-v-md-line=\"18\">Voyage gustatif<\/h2>\n<p data-v-md-line=\"20\">Vivez un voyage palpitant gr\u00e2ce aux combinaisons de saveurs all\u00e9chantes suivantes\u00a0:<\/p>\n<ul data-v-md-line=\"21\">\n<li>Glace \u00e0 la framboise bleue \/ Glace \u00e0 la p\u00eache \/ Glace au raisin \/ Glace \u00e0 la mangue<\/li>\n<li>P\u00eache Mangue Past\u00e8que \/ Red Bull \/ Red Bull Fraise \/ Fraise Kiwi<\/li>\n<li>Glace \u00e0 la fraise et \u00e0 la mangue \/ Glace \u00e0 la fraise \/ Glace \u00e0 la banane \/ Glace \u00e0 la fraise et au litchi<\/li>\n<li>Double Pomme \/ Mangue P\u00eache \/ Fraise Past\u00e8que \/ Coca-Cola Fraise Vanille<\/li>\n<li>Black Dragon Ice \/ Love 66 \/ Mr Blue \/ Limonade \u00e0 la fraise<\/li>\n<li>Kiwi, fruit de la passion, goyave \/ Oursons g\u00e9lifi\u00e9s \/ Bonbons arc-en-ciel \/ Barbe \u00e0 papa<\/li>\n<li>Glace \u00e0 la past\u00e8que \/ Citron et menthe \/ Glace \u00e0 la fraise \/ Cerise framboise bleue<\/li>\n<li>Triple Baies \/ Fruits tropicaux \/ Fraise Banane \/ Limonade rose<\/li>\n<li>Triple melon \/ Glace aux myrtilles \/ Explosion de cerises \/ Ananas noix de coco<\/li>\n<li>Chewing-gum \u00e0 la past\u00e8que \/ Myrtilles et framboises \/ Past\u00e8que framboise \/ Past\u00e8que myrtille<\/li>\n<li>Menthe fra\u00eeche \/ P\u00eache-cerise \/ P\u00eache-baies-citron \/ Kiwi-past\u00e8que glac\u00e9e<\/li>\n<li>Citron vert p\u00e9tillant \/ Mojito aux pommes \/ Glace \u00e0 l'ananas \/ Glace au cola<\/li>\n<\/ul>\n<h2 data-v-md-heading=\"personal-and-commercial-use\" data-v-md-line=\"34\">usage personnel et commercial<\/h2>\n<p data-v-md-line=\"36\">La cigarette \u00e9lectronique jetable BANG King 8-en-1 avec r\u00e9sistance mesh de 200\u00a0000 ohms est id\u00e9ale pour les particuliers, mais saviez-vous qu'elle convient \u00e9galement \u00e0 un usage commercial\u00a0? Chaque bo\u00eete contient 120 unit\u00e9s, conditionn\u00e9es dans un emballage pratique, et peut \u00eatre exp\u00e9di\u00e9e directement, r\u00e9pondant ainsi aux besoins des commandes en gros. De plus, nous collaborons avec des partenaires reconnus tels que UPS, DPD et DHL pour vous proposer des services d'exp\u00e9dition DDP fiables, taxes incluses, vous \u00e9vitant ainsi tout souci de douane.<\/p>\n<h2 data-v-md-heading=\"advantages-that-you-will-enjoy\" data-v-md-line=\"38\">Les avantages dont vous profiterez<\/h2>\n<ul data-v-md-line=\"39\">\n<li>Durable et r\u00e9sistante : gr\u00e2ce \u00e0 une autonomie de 200\u00a0000 unit\u00e9s, vous n\u2019aurez pas besoin de recharger votre e-liquide fr\u00e9quemment.<\/li>\n<li>Plusieurs concentrations de nicotine au choix\u00a0: choisissez la concentration de nicotine qui correspond \u00e0 vos pr\u00e9f\u00e9rences personnelles.<\/li>\n<li>Rechargeable : Gr\u00e2ce \u00e0 sa conception rechargeable, vous pouvez utiliser tout le e-liquide que vous achetez.<\/li>\n<li>Go\u00fbt riche : Gr\u00e2ce \u00e0 la technologie d'atomisation par maille, vous b\u00e9n\u00e9ficiez d'un go\u00fbt riche et constant \u00e0 chaque utilisation.<\/li>\n<\/ul>\n<h2 data-v-md-heading=\"collaborate-with-agoravape\" data-v-md-line=\"44\">Collaborer avec AgoraVape<\/h2>\n<p data-v-md-line=\"46\">Nous sommes l'un des principaux distributeurs de cigarettes \u00e9lectroniques en Europe et proposons uniquement des produits 100 % authentiques. Choisissez la cigarette \u00e9lectronique jetable BANG King 8IN1 200K 200000 avec r\u00e9sistance mesh et profitez d'excellents prix de gros, d'un service client exclusif et d'une livraison rapide et fiable. Faites craquer vos clients et cr\u00e9ez un produit qui les rendra fous. Croyez-nous, ils appr\u00e9cieront votre choix. Contactez-nous d\u00e8s maintenant\u00a0!<\/p>\n<p><script src=\"chrome-extension:\/\/fpelahbljekknahkcaegamhcndkfpfnc\/iFrame.js\" type=\"text\/javascript\"><\/script><\/p>","protected":false},"excerpt":{"rendered":"<p>&nbsp;<\/p>\n<p><script src=\"chrome-extension:\/\/fpelahbljekknahkcaegamhcndkfpfnc\/iFrame.js\" type=\"text\/javascript\"><\/script><\/p>\n<p><script src=\"chrome-extension:\/\/fpelahbljekknahkcaegamhcndkfpfnc\/iFrame.js\" type=\"text\/javascript\"><\/script><\/p>\n<p><script src=\"chrome-extension:\/\/fpelahbljekknahkcaegamhcndkfpfnc\/iFrame.js\" type=\"text\/javascript\"><\/script><\/p>\n<p><script src=\"chrome-extension:\/\/fpelahbljekknahkcaegamhcndkfpfnc\/iFrame.js\" type=\"text\/javascript\"><\/script><\/p>\n<p><script src=\"chrome-extension:\/\/fpelahbljekknahkcaegamhcndkfpfnc\/iFrame.js\" type=\"text\/javascript\"><\/script><\/p>\n<p><script src=\"chrome-extension:\/\/fpelahbljekknahkcaegamhcndkfpfnc\/iFrame.js\" type=\"text\/javascript\"><\/script><\/p>\n<p><script src=\"chrome-extension:\/\/fpelahbljekknahkcaegamhcndkfpfnc\/iFrame.js\" type=\"text\/javascript\"><\/script><\/p>\n<p><script src=\"chrome-extension:\/\/fpelahbljekknahkcaegamhcndkfpfnc\/iFrame.js\" type=\"text\/javascript\"><\/script><\/p>\n<p><script src=\"chrome-extension:\/\/fpelahbljekknahkcaegamhcndkfpfnc\/iFrame.js\" type=\"text\/javascript\"><\/script><\/p>\n<p><script src=\"chrome-extension:\/\/fpelahbljekknahkcaegamhcndkfpfnc\/iFrame.js\" type=\"text\/javascript\"><\/script><\/p>\n<p><script src=\"chrome-extension:\/\/fpelahbljekknahkcaegamhcndkfpfnc\/iFrame.js\" type=\"text\/javascript\"><\/script><\/p>\n<p><script src=\"chrome-extension:\/\/fpelahbljekknahkcaegamhcndkfpfnc\/iFrame.js\" type=\"text\/javascript\"><\/script><\/p>","protected":false},"featured_media":26798,"comment_status":"open","ping_status":"closed","template":"","meta":[],"product_brand":[231,197],"product_cat":[124,187,185,188,189,123,158,195,174,175,193,191,179,173,186,180,190,192],"product_tag":[],"class_list":{"0":"post-26772","1":"product","2":"type-product","3":"status-publish","4":"has-post-thumbnail","6":"product_brand-bang-box","7":"product_brand-bang","8":"product_cat-vape-by-brand","9":"product_cat-0mg-nicotine-free-vapes","10":"product_cat-10000-puffs-high-capacity","11":"product_cat-10mg-low-nicotine-vapes","12":"product_cat-20mg-standard-nicotine-vapes","13":"product_cat-bang","14":"product_cat-bang-box","15":"product_cat-dual-flavor-switch","16":"product_cat-fruit-flavors","17":"product_cat-icy-mint","18":"product_cat-mesh-coil","19":"product_cat-rechargeable-disposables","20":"product_cat-unique-blends","21":"product_cat-vape-by-flavor-profile","22":"product_cat-vape-by-nicotine-strength","23":"product_cat-vape-by-puff-count","24":"product_cat-vape-by-feature-or-type","25":"product_cat-vapes-with-screens","27":"first","28":"instock","29":"shipping-taxable","30":"purchasable","31":"product-type-variable","32":"has-default-attributes"},"tiered_pricing_type":"percentage","tiered_pricing_fixed_rules":[],"tiered_pricing_product_settings":{"layout":"default","base_unit_name":{"singular":null,"plural":null},"default_variation":null},"tiered_pricing_minimum_quantity":10,"tiered_pricing_roles_data":[],"tiered_pricing_percentage_rules":{"30":"29","50":"34","100":"40","200":"44","500":"47","1000":"49"},"tiered_pricing_maximum_quantity":null,"tiered_pricing_quantity_step":"10","_links":{"self":[{"href":"https:\/\/agoravape.com\/fr\/wp-json\/wp\/v2\/product\/26772","targetHints":{"allow":["GET"]}}],"collection":[{"href":"https:\/\/agoravape.com\/fr\/wp-json\/wp\/v2\/product"}],"about":[{"href":"https:\/\/agoravape.com\/fr\/wp-json\/wp\/v2\/types\/product"}],"replies":[{"embeddable":true,"href":"https:\/\/agoravape.com\/fr\/wp-json\/wp\/v2\/comments?post=26772"}],"version-history":[{"count":0,"href":"https:\/\/agoravape.com\/fr\/wp-json\/wp\/v2\/product\/26772\/revisions"}],"wp:featuredmedia":[{"embeddable":true,"href":"https:\/\/agoravape.com\/fr\/wp-json\/wp\/v2\/media\/26798"}],"wp:attachment":[{"href":"https:\/\/agoravape.com\/fr\/wp-json\/wp\/v2\/media?parent=26772"}],"wp:term":[{"taxonomy":"product_brand","embeddable":true,"href":"https:\/\/agoravape.com\/fr\/wp-json\/wp\/v2\/product_brand?post=26772"},{"taxonomy":"product_cat","embeddable":true,"href":"https:\/\/agoravape.com\/fr\/wp-json\/wp\/v2\/product_cat?post=26772"},{"taxonomy":"product_tag","embeddable":true,"href":"https:\/\/agoravape.com\/fr\/wp-json\/wp\/v2\/product_tag?post=26772"}],"curies":[{"name":"wp","href":"https:\/\/api.w.org\/{rel}","templated":true}]}}