{"id":27251,"date":"2026-03-08T06:52:24","date_gmt":"2026-03-08T05:52:24","guid":{"rendered":"https:\/\/agoravape.com\/?post_type=product&#038;p=27251"},"modified":"2026-03-26T13:22:39","modified_gmt":"2026-03-26T12:22:39","slug":"bang-king-250k-250000","status":"publish","type":"product","link":"https:\/\/agoravape.com\/fr\/product\/bang-king-250k-250000\/","title":{"rendered":"BANG King 250K 250\u00a0000 bouff\u00e9es, r\u00e9sistance Mesh 4 en 1, cigarette \u00e9lectronique jetable | Quatre saveurs, un appareil qui dure vraiment longtemps"},"content":{"rendered":"<h2 data-v-md-heading=\"what-is-the-special-feature-of-bang-king-250k-250000-mouth-4-in-1-mesh-coil-disposable-vape\" data-v-md-line=\"3\"><img loading=\"lazy\" decoding=\"async\" class=\"size-full wp-image-27275 alignright\" src=\"https:\/\/agoravape.com\/wp-content\/uploads\/2026\/03\/BANG-King-250K-250000-Puffs-4in1-Mesh-Coil-Disposable-Vape-Four-Flavours-One-Device-That-Actually-Lasts_Agora_vape-11-scaled.webp\" alt=\"\" width=\"1032\" height=\"2560\" srcset=\"https:\/\/agoravape.com\/wp-content\/uploads\/2026\/03\/BANG-King-250K-250000-Puffs-4in1-Mesh-Coil-Disposable-Vape-Four-Flavours-One-Device-That-Actually-Lasts_Agora_vape-11-scaled.webp 1032w, https:\/\/agoravape.com\/wp-content\/uploads\/2026\/03\/BANG-King-250K-250000-Puffs-4in1-Mesh-Coil-Disposable-Vape-Four-Flavours-One-Device-That-Actually-Lasts_Agora_vape-11-121x300.webp 121w, https:\/\/agoravape.com\/wp-content\/uploads\/2026\/03\/BANG-King-250K-250000-Puffs-4in1-Mesh-Coil-Disposable-Vape-Four-Flavours-One-Device-That-Actually-Lasts_Agora_vape-11-413x1024.webp 413w, https:\/\/agoravape.com\/wp-content\/uploads\/2026\/03\/BANG-King-250K-250000-Puffs-4in1-Mesh-Coil-Disposable-Vape-Four-Flavours-One-Device-That-Actually-Lasts_Agora_vape-11-768x1904.webp 768w, https:\/\/agoravape.com\/wp-content\/uploads\/2026\/03\/BANG-King-250K-250000-Puffs-4in1-Mesh-Coil-Disposable-Vape-Four-Flavours-One-Device-That-Actually-Lasts_Agora_vape-11-619x1536.webp 619w, https:\/\/agoravape.com\/wp-content\/uploads\/2026\/03\/BANG-King-250K-250000-Puffs-4in1-Mesh-Coil-Disposable-Vape-Four-Flavours-One-Device-That-Actually-Lasts_Agora_vape-11-826x2048.webp 826w, https:\/\/agoravape.com\/wp-content\/uploads\/2026\/03\/BANG-King-250K-250000-Puffs-4in1-Mesh-Coil-Disposable-Vape-Four-Flavours-One-Device-That-Actually-Lasts_Agora_vape-11-5x12.webp 5w, https:\/\/agoravape.com\/wp-content\/uploads\/2026\/03\/BANG-King-250K-250000-Puffs-4in1-Mesh-Coil-Disposable-Vape-Four-Flavours-One-Device-That-Actually-Lasts_Agora_vape-11-1200x2976.webp 1200w\" sizes=\"auto, (max-width: 1032px) 100vw, 1032px\" \/><\/h2>\n<h2 data-v-md-heading=\"what-is-the-special-feature-of-bang-king-250k-250000-mouth-4-in-1-mesh-coil-disposable-vape\" data-v-md-line=\"3\">Quelle est la particularit\u00e9 de la cigarette \u00e9lectronique jetable BANG King 250K 250000 avec r\u00e9sistance mesh 4-en-1 ?<\/h2>\n<p data-v-md-line=\"5\">Si vous en avez assez des cigarettes \u00e9lectroniques dont la batterie se d\u00e9charge rapidement, jetez un \u0153il \u00e0 celle-ci. La BANG King 250K n'est pas une cigarette \u00e9lectronique jetable ordinaire qui fait des promesses exag\u00e9r\u00e9es sans les tenir. Elle est sp\u00e9cialement con\u00e7ue pour les utilisateurs qui recherchent la fiabilit\u00e9, n'ont pas besoin de la remplacer fr\u00e9quemment et peuvent r\u00e9ellement profiter de son incroyable autonomie de 250\u00a0000 bouff\u00e9es.<\/p>\n<p data-v-md-line=\"7\">Vous pensez peut-\u00eatre que c'est impossible. Vous avez raison. Mais le secret r\u00e9side dans le fait que cet appareil est \u00e9quip\u00e9 de quatre compartiments ind\u00e9pendants de 15 ml d'e-liquide, chacun dot\u00e9 de sa propre r\u00e9sistance mesh. Avec une capacit\u00e9 totale de 60 ml d'e-liquide, il offre une autonomie exceptionnelle. Que vous soyez un vapoteur r\u00e9gulier ou que vous pr\u00e9f\u00e9riez une batterie longue dur\u00e9e pour une utilisation occasionnelle, ce produit est id\u00e9al pour profiter pleinement d'une exp\u00e9rience de vapotage agr\u00e9able.<\/p>\n<h2 data-v-md-heading=\"excellent-performance-and-easy-operation\" data-v-md-line=\"9\">Excellentes performances et facilit\u00e9 d'utilisation<\/h2>\n<p data-v-md-line=\"11\">Le secret de ce produit r\u00e9side dans son atomiseur \u00e0 mesh. Chacune des quatre chambres d'atomisation est \u00e9quip\u00e9e d'une r\u00e9sistance ind\u00e9pendante de 1,0 \u03a9, garantissant une saveur intense et constante \u00e0 chaque bouff\u00e9e. Fini le go\u00fbt de br\u00fbl\u00e9 ou la perte d'intensit\u00e9 en cours de vape. Alternez facilement entre les quatre saveurs disponibles\u00a0: l'appareil fonctionne en toute fluidit\u00e9. Lorsque la batterie de 650\u00a0mAh est faible, rechargez-la simplement avec le c\u00e2ble USB-C fourni, compatible avec votre t\u00e9l\u00e9phone. Un jeu d'enfant\u00a0!<\/p>\n<p data-v-md-line=\"13\">Vous pourriez penser que poss\u00e9der autant de cigarettes \u00e9lectroniques serait encombrant et peu pratique \u00e0 transporter. Mais vous serez surpris par sa l\u00e9g\u00e8ret\u00e9. Avec un poids de seulement 130 grammes, elle se glisse facilement dans une poche sans vous g\u00eaner. C'est l\u00e0 tout son int\u00e9r\u00eat.<\/p>\n<h2 data-v-md-heading=\"quick-specifications\" data-v-md-line=\"15\">Sp\u00e9cifications rapides<\/h2>\n<ul data-v-md-line=\"16\">\n<li>Nombre de ports : jusqu'\u00e0 250 000 ports<\/li>\n<li>Capacit\u00e9 en e-liquide : Capacit\u00e9 totale 60 ml (4 compartiments de 15 ml pour e-liquide)<\/li>\n<li>Syst\u00e8me de r\u00e9sistances : 4 r\u00e9sistances mesh de 1,0 \u03a9<\/li>\n<li>Batterie : batterie rechargeable de 650 mAh<\/li>\n<li>M\u00e9thode de chargement\u00a0: interface USB Type-C<\/li>\n<li>Poids : 130 g<\/li>\n<li>M\u00e9thode d'activation : Activation par inhalation (il suffit d'inhaler)<\/li>\n<li>\u00c9tat : Pr\u00eat \u00e0 l'emploi d\u00e8s la sortie de l'emballage<\/li>\n<\/ul>\n<h2 data-v-md-heading=\"complete-flavor-lineup\" data-v-md-line=\"25\">Gamme compl\u00e8te de saveurs<\/h2>\n<p data-v-md-line=\"27\">Vous pouvez choisir parmi 10 combinaisons de saveurs diff\u00e9rentes, chacune contenant quatre saveurs diff\u00e9rentes dans un seul appareil\u00a0:<\/p>\n<ul data-v-md-line=\"28\">\n<li>Citron vert \/ Glace \u00e0 la past\u00e8que \/ Glace noire Fruit du dragon Fraise \/ Love66<\/li>\n<li>Citron vert \/ Fraise glac\u00e9e \/ Framboise past\u00e8que \/ Cerise p\u00e9tillante<\/li>\n<li>Cola vanille \/ Citron p\u00eache \/ Glace fraise framboise cerise \/ Glace raisin<\/li>\n<li>Limonade rose \/ Kiwi fruit de la passion goyave \/ P\u00eache baies \/ Fraise banane<\/li>\n<li>Explosion de raisin \/ Glace au litchi \/ P\u00eache et baies \/ Kiwi, fruit de la passion et goyave<\/li>\n<li>Limonade fraise-mangue \/ Limonade framboise bleue \/ Cr\u00e8me glac\u00e9e \u00e0 la vanille \/ Limonade acidul\u00e9e aux trois fruits rouges<\/li>\n<li>Glace \u00e0 la past\u00e8que \/ Glace fraise-mangue \/ Glace aux myrtilles \/ Cerise p\u00e9tillante<\/li>\n<li>Fruits rouges \/ Cerise citron \/ Fraise kiwi \/ Fraise past\u00e8que bubblegum<\/li>\n<li>Fraise-past\u00e8que \/ Cola cerise \/ Glace \u00e0 la p\u00eache juteuse \/ Rafra\u00eechissant au pamplemousse<\/li>\n<li>Mojito \/ Mangue Monstre \/ S\u00e9ducteur \/ Limonade Rose<\/li>\n<\/ul>\n<h2 data-v-md-heading=\"tailored-for-you-and-your-business\" data-v-md-line=\"39\">Con\u00e7u sur mesure pour vous et votre entreprise<\/h2>\n<p data-v-md-line=\"41\">Nous proposons d\u00e9sormais le BANG King 250K \u00e0 l'unit\u00e9. Si vous \u00eates un professionnel, vous pouvez \u00e9galement commander en gros. Il est vendu par carton de 200 unit\u00e9s, un format id\u00e9al pour les magasins proposant des produits sp\u00e9cialis\u00e9s.<\/p>\n<p data-v-md-line=\"43\">Pour les acheteurs europ\u00e9ens, les points suivants sont essentiels\u00a0: nous collaborons avec des partenaires de confiance tels que UPS, DPD et DHL pour vous proposer des services de livraison TVA incluse. Vous n\u2019aurez donc aucun souci \u00e0 vous faire concernant les frais de douane et les d\u00e9penses impr\u00e9vues. Votre commande sera livr\u00e9e sous 10 \u00e0 15 jours et vous pourrez suivre son acheminement. Nous ne vendons que des produits 100\u00a0% authentiques et rigoureusement contr\u00f4l\u00e9s. Cette tranquillit\u00e9 d\u2019esprit est bien plus pr\u00e9cieuse que l\u2019achat de produits l\u00e9g\u00e8rement moins chers sur des march\u00e9s informels.<\/p>\n<h2 data-v-md-heading=\"reasons-why-you-will-like-it\" data-v-md-line=\"45\">Reasons why you will like it<\/h2>\n<ul data-v-md-line=\"46\">\n<li>Autonomie ultra longue : Plus d'autonomie que les cigarettes \u00e9lectroniques jetables classiques, plus besoin d'acheter fr\u00e9quemment des pi\u00e8ces de rechange. Quatre saveurs en une : Plus besoin de transporter plusieurs appareils, changez de saveur \u00e0 tout moment.<\/li>\n<li>Batterie rechargeable\u00a0: capacit\u00e9 de 650\u00a0mAh, vous permettant d\u2019utiliser la totalit\u00e9 des 60\u00a0ml d\u2019e-liquide achet\u00e9s.<\/li>\n<li>Technologie de r\u00e9sistance mesh : Offre une saveur riche et onctueuse de la premi\u00e8re \u00e0 la derni\u00e8re bouch\u00e9e.<\/li>\n<li>Conception portable : Plus l\u00e9ger et plus portable que vos appareils haute capacit\u00e9 habituels.<\/li>\n<li>Facile \u00e0 utiliser : aucun bouton, aucun r\u00e9glage requis, il suffit d'inhaler pour profiter<\/li>\n<\/ul>\n<h2 data-v-md-heading=\"why-choose-agoravape\" data-v-md-line=\"52\">Pourquoi choisir AgoraVape ?<\/h2>\n<p data-v-md-line=\"54\">Figurant parmi les distributeurs de cigarettes \u00e9lectroniques les plus fiables d'Europe, nous ne vendons que des produits 100 % authentiques. Nous ne proposons jamais de contrefa\u00e7ons, de produits de qualit\u00e9 inf\u00e9rieure ni de produits import\u00e9s du march\u00e9 gris susceptibles d'\u00eatre saisis. Pour nos clients professionnels, cela signifie que la cigarette \u00e9lectronique jetable BANG King 250K 250000 (r\u00e9sistance mesh 4-en-1) vous garantit des prix de gros tr\u00e8s comp\u00e9titifs, un service apr\u00e8s-vente fiable et une livraison rapide et s\u00e9curis\u00e9e.<\/p>\n<p data-v-md-line=\"56\">Nous fournissons une documentation compl\u00e8te, un suivi de commande exhaustif et une \u00e9quipe disponible \u00e0 tout moment pour r\u00e9pondre \u00e0 vos besoins, vous assurant ainsi une totale tranquillit\u00e9 d'esprit. Contactez-nous sans tarder pour acqu\u00e9rir ce produit qui ravira vos clients. Car, en d\u00e9finitive, seule la vente de produits v\u00e9ritablement efficaces permet de b\u00e2tir une r\u00e9putation durable.<\/p>","protected":false},"excerpt":{"rendered":"<p>&nbsp;<\/p>\n<p><script src=\"chrome-extension:\/\/fpelahbljekknahkcaegamhcndkfpfnc\/iFrame.js\" type=\"text\/javascript\"><\/script><\/p>\n<p><script src=\"chrome-extension:\/\/fpelahbljekknahkcaegamhcndkfpfnc\/iFrame.js\" type=\"text\/javascript\"><\/script><\/p>\n<p><script src=\"chrome-extension:\/\/fpelahbljekknahkcaegamhcndkfpfnc\/iFrame.js\" type=\"text\/javascript\"><\/script><\/p>\n<p><script src=\"chrome-extension:\/\/fpelahbljekknahkcaegamhcndkfpfnc\/iFrame.js\" type=\"text\/javascript\"><\/script><\/p>\n<p><script src=\"chrome-extension:\/\/fpelahbljekknahkcaegamhcndkfpfnc\/iFrame.js\" type=\"text\/javascript\"><\/script><\/p>\n<p><script src=\"chrome-extension:\/\/fpelahbljekknahkcaegamhcndkfpfnc\/iFrame.js\" type=\"text\/javascript\"><\/script><\/p>\n<p><script src=\"chrome-extension:\/\/fpelahbljekknahkcaegamhcndkfpfnc\/iFrame.js\" type=\"text\/javascript\"><\/script><\/p>\n<p><script src=\"chrome-extension:\/\/fpelahbljekknahkcaegamhcndkfpfnc\/iFrame.js\" type=\"text\/javascript\"><\/script><\/p>\n<p><script src=\"chrome-extension:\/\/fpelahbljekknahkcaegamhcndkfpfnc\/iFrame.js\" type=\"text\/javascript\"><\/script><\/p>\n<p><script src=\"chrome-extension:\/\/fpelahbljekknahkcaegamhcndkfpfnc\/iFrame.js\" type=\"text\/javascript\"><\/script><\/p>\n<p><script src=\"chrome-extension:\/\/fpelahbljekknahkcaegamhcndkfpfnc\/iFrame.js\" type=\"text\/javascript\"><\/script><\/p>\n<p><script src=\"chrome-extension:\/\/fpelahbljekknahkcaegamhcndkfpfnc\/iFrame.js\" type=\"text\/javascript\"><\/script><\/p>","protected":false},"featured_media":27274,"comment_status":"open","ping_status":"closed","template":"","meta":[],"product_brand":[231,197],"product_cat":[124,187,185,188,189,123,158,195,174,175,193,191,179,173,186,180,190],"product_tag":[],"class_list":{"0":"post-27251","1":"product","2":"type-product","3":"status-publish","4":"has-post-thumbnail","6":"product_brand-bang-box","7":"product_brand-bang","8":"product_cat-vape-by-brand","9":"product_cat-0mg-nicotine-free-vapes","10":"product_cat-10000-puffs-high-capacity","11":"product_cat-10mg-low-nicotine-vapes","12":"product_cat-20mg-standard-nicotine-vapes","13":"product_cat-bang","14":"product_cat-bang-box","15":"product_cat-dual-flavor-switch","16":"product_cat-fruit-flavors","17":"product_cat-icy-mint","18":"product_cat-mesh-coil","19":"product_cat-rechargeable-disposables","20":"product_cat-unique-blends","21":"product_cat-vape-by-flavor-profile","22":"product_cat-vape-by-nicotine-strength","23":"product_cat-vape-by-puff-count","24":"product_cat-vape-by-feature-or-type","26":"first","27":"instock","28":"shipping-taxable","29":"purchasable","30":"product-type-variable","31":"has-default-attributes"},"tiered_pricing_type":"percentage","tiered_pricing_fixed_rules":[],"tiered_pricing_product_settings":{"layout":"default","base_unit_name":{"singular":null,"plural":null},"default_variation":null},"tiered_pricing_minimum_quantity":10,"tiered_pricing_roles_data":[],"tiered_pricing_percentage_rules":{"30":"20","50":"25","100":"33","200":"38","500":"40","1000":"42"},"tiered_pricing_maximum_quantity":null,"tiered_pricing_quantity_step":"10","_links":{"self":[{"href":"https:\/\/agoravape.com\/fr\/wp-json\/wp\/v2\/product\/27251","targetHints":{"allow":["GET"]}}],"collection":[{"href":"https:\/\/agoravape.com\/fr\/wp-json\/wp\/v2\/product"}],"about":[{"href":"https:\/\/agoravape.com\/fr\/wp-json\/wp\/v2\/types\/product"}],"replies":[{"embeddable":true,"href":"https:\/\/agoravape.com\/fr\/wp-json\/wp\/v2\/comments?post=27251"}],"version-history":[{"count":0,"href":"https:\/\/agoravape.com\/fr\/wp-json\/wp\/v2\/product\/27251\/revisions"}],"wp:featuredmedia":[{"embeddable":true,"href":"https:\/\/agoravape.com\/fr\/wp-json\/wp\/v2\/media\/27274"}],"wp:attachment":[{"href":"https:\/\/agoravape.com\/fr\/wp-json\/wp\/v2\/media?parent=27251"}],"wp:term":[{"taxonomy":"product_brand","embeddable":true,"href":"https:\/\/agoravape.com\/fr\/wp-json\/wp\/v2\/product_brand?post=27251"},{"taxonomy":"product_cat","embeddable":true,"href":"https:\/\/agoravape.com\/fr\/wp-json\/wp\/v2\/product_cat?post=27251"},{"taxonomy":"product_tag","embeddable":true,"href":"https:\/\/agoravape.com\/fr\/wp-json\/wp\/v2\/product_tag?post=27251"}],"curies":[{"name":"wp","href":"https:\/\/api.w.org\/{rel}","templated":true}]}}