{"id":27345,"date":"2026-03-08T07:49:53","date_gmt":"2026-03-08T06:49:53","guid":{"rendered":"https:\/\/agoravape.com\/?post_type=product&#038;p=27345"},"modified":"2026-03-21T12:44:22","modified_gmt":"2026-03-21T11:44:22","slug":"bang-350k-8in1-350000","status":"publish","type":"product","link":"https:\/\/agoravape.com\/fr\/product\/bang-350k-8in1-350000\/","title":{"rendered":"BANG 350K 350\u00a0000 bouff\u00e9es, cigarette \u00e9lectronique jetable avec r\u00e9sistance mesh 8 en 1 | Huit saveurs en un seul appareil"},"content":{"rendered":"<h2 data-v-md-heading=\"what-are-the-special-features-of-bang-350k-350000-8-in-1-mesh-coil-disposable-vapes\" data-v-md-line=\"3\"><img loading=\"lazy\" decoding=\"async\" class=\"aligncenter size-full wp-image-27359\" src=\"https:\/\/agoravape.com\/wp-content\/uploads\/2026\/03\/BANG-350K-350000-Puffs-8in1-Mesh-Coil-Disposable-Vape-Eight-Flavours-in-One-Device_Agora_vape-1.webp\" alt=\"\" width=\"1920\" height=\"700\" srcset=\"https:\/\/agoravape.com\/wp-content\/uploads\/2026\/03\/BANG-350K-350000-Puffs-8in1-Mesh-Coil-Disposable-Vape-Eight-Flavours-in-One-Device_Agora_vape-1.webp 1920w, https:\/\/agoravape.com\/wp-content\/uploads\/2026\/03\/BANG-350K-350000-Puffs-8in1-Mesh-Coil-Disposable-Vape-Eight-Flavours-in-One-Device_Agora_vape-1-300x109.webp 300w, https:\/\/agoravape.com\/wp-content\/uploads\/2026\/03\/BANG-350K-350000-Puffs-8in1-Mesh-Coil-Disposable-Vape-Eight-Flavours-in-One-Device_Agora_vape-1-1024x373.webp 1024w, https:\/\/agoravape.com\/wp-content\/uploads\/2026\/03\/BANG-350K-350000-Puffs-8in1-Mesh-Coil-Disposable-Vape-Eight-Flavours-in-One-Device_Agora_vape-1-768x280.webp 768w, https:\/\/agoravape.com\/wp-content\/uploads\/2026\/03\/BANG-350K-350000-Puffs-8in1-Mesh-Coil-Disposable-Vape-Eight-Flavours-in-One-Device_Agora_vape-1-1536x560.webp 1536w, https:\/\/agoravape.com\/wp-content\/uploads\/2026\/03\/BANG-350K-350000-Puffs-8in1-Mesh-Coil-Disposable-Vape-Eight-Flavours-in-One-Device_Agora_vape-1-18x7.webp 18w, https:\/\/agoravape.com\/wp-content\/uploads\/2026\/03\/BANG-350K-350000-Puffs-8in1-Mesh-Coil-Disposable-Vape-Eight-Flavours-in-One-Device_Agora_vape-1-1200x438.webp 1200w\" sizes=\"auto, (max-width: 1920px) 100vw, 1920px\" \/> <img loading=\"lazy\" decoding=\"async\" class=\"aligncenter size-full wp-image-27374\" src=\"https:\/\/agoravape.com\/wp-content\/uploads\/2026\/03\/BANG-350K-350000-Puffs-8in1-Mesh-Coil-Disposable-Vape-Eight-Flavours-in-One-Device_Agora_vape-16-scaled.webp\" alt=\"\" width=\"2560\" height=\"1517\" srcset=\"https:\/\/agoravape.com\/wp-content\/uploads\/2026\/03\/BANG-350K-350000-Puffs-8in1-Mesh-Coil-Disposable-Vape-Eight-Flavours-in-One-Device_Agora_vape-16-scaled.webp 2560w, https:\/\/agoravape.com\/wp-content\/uploads\/2026\/03\/BANG-350K-350000-Puffs-8in1-Mesh-Coil-Disposable-Vape-Eight-Flavours-in-One-Device_Agora_vape-16-300x178.webp 300w, https:\/\/agoravape.com\/wp-content\/uploads\/2026\/03\/BANG-350K-350000-Puffs-8in1-Mesh-Coil-Disposable-Vape-Eight-Flavours-in-One-Device_Agora_vape-16-1024x607.webp 1024w, https:\/\/agoravape.com\/wp-content\/uploads\/2026\/03\/BANG-350K-350000-Puffs-8in1-Mesh-Coil-Disposable-Vape-Eight-Flavours-in-One-Device_Agora_vape-16-768x455.webp 768w, https:\/\/agoravape.com\/wp-content\/uploads\/2026\/03\/BANG-350K-350000-Puffs-8in1-Mesh-Coil-Disposable-Vape-Eight-Flavours-in-One-Device_Agora_vape-16-1536x910.webp 1536w, https:\/\/agoravape.com\/wp-content\/uploads\/2026\/03\/BANG-350K-350000-Puffs-8in1-Mesh-Coil-Disposable-Vape-Eight-Flavours-in-One-Device_Agora_vape-16-2048x1214.webp 2048w, https:\/\/agoravape.com\/wp-content\/uploads\/2026\/03\/BANG-350K-350000-Puffs-8in1-Mesh-Coil-Disposable-Vape-Eight-Flavours-in-One-Device_Agora_vape-16-18x12.webp 18w, https:\/\/agoravape.com\/wp-content\/uploads\/2026\/03\/BANG-350K-350000-Puffs-8in1-Mesh-Coil-Disposable-Vape-Eight-Flavours-in-One-Device_Agora_vape-16-1200x711.webp 1200w\" sizes=\"auto, (max-width: 2560px) 100vw, 2560px\" \/> <img loading=\"lazy\" decoding=\"async\" class=\"size-full wp-image-27375 alignright\" src=\"https:\/\/agoravape.com\/wp-content\/uploads\/2026\/03\/BANG-350K-350000-Puffs-8in1-Mesh-Coil-Disposable-Vape-Eight-Flavours-in-One-Device_Agora_vape-17-scaled.webp\" alt=\"\" width=\"1067\" height=\"2560\" srcset=\"https:\/\/agoravape.com\/wp-content\/uploads\/2026\/03\/BANG-350K-350000-Puffs-8in1-Mesh-Coil-Disposable-Vape-Eight-Flavours-in-One-Device_Agora_vape-17-scaled.webp 1067w, https:\/\/agoravape.com\/wp-content\/uploads\/2026\/03\/BANG-350K-350000-Puffs-8in1-Mesh-Coil-Disposable-Vape-Eight-Flavours-in-One-Device_Agora_vape-17-125x300.webp 125w, https:\/\/agoravape.com\/wp-content\/uploads\/2026\/03\/BANG-350K-350000-Puffs-8in1-Mesh-Coil-Disposable-Vape-Eight-Flavours-in-One-Device_Agora_vape-17-427x1024.webp 427w, https:\/\/agoravape.com\/wp-content\/uploads\/2026\/03\/BANG-350K-350000-Puffs-8in1-Mesh-Coil-Disposable-Vape-Eight-Flavours-in-One-Device_Agora_vape-17-768x1843.webp 768w, https:\/\/agoravape.com\/wp-content\/uploads\/2026\/03\/BANG-350K-350000-Puffs-8in1-Mesh-Coil-Disposable-Vape-Eight-Flavours-in-One-Device_Agora_vape-17-640x1536.webp 640w, https:\/\/agoravape.com\/wp-content\/uploads\/2026\/03\/BANG-350K-350000-Puffs-8in1-Mesh-Coil-Disposable-Vape-Eight-Flavours-in-One-Device_Agora_vape-17-854x2048.webp 854w, https:\/\/agoravape.com\/wp-content\/uploads\/2026\/03\/BANG-350K-350000-Puffs-8in1-Mesh-Coil-Disposable-Vape-Eight-Flavours-in-One-Device_Agora_vape-17-5x12.webp 5w, https:\/\/agoravape.com\/wp-content\/uploads\/2026\/03\/BANG-350K-350000-Puffs-8in1-Mesh-Coil-Disposable-Vape-Eight-Flavours-in-One-Device_Agora_vape-17-1200x2879.webp 1200w\" sizes=\"auto, (max-width: 1067px) 100vw, 1067px\" \/><\/h2>\n<h2 data-v-md-heading=\"what-are-the-special-features-of-bang-350k-350000-8-in-1-mesh-coil-disposable-vapes\" data-v-md-line=\"3\">Quelles sont les caract\u00e9ristiques particuli\u00e8res des cigarettes \u00e9lectroniques jetables BANG 350K 350000 avec r\u00e9sistance mesh 8-en-1 ?<\/h2>\n<p data-v-md-line=\"5\">Si vous en avez assez des cigarettes \u00e9lectroniques dont la batterie se d\u00e9charge au bout de deux jours ou dont la saveur s'estompe apr\u00e8s seulement deux jours, alors d\u00e9couvrez le BANG 350K. Ce produit r\u00e9unit huit saveurs diff\u00e9rentes dans un seul appareil, r\u00e9volutionnant ainsi l'exp\u00e9rience de la vape. C'est le choix id\u00e9al pour ceux qui recherchent une cigarette \u00e9lectronique fiable, savoureuse et pratique, sans avoir \u00e0 transporter plusieurs appareils. Son autonomie est longue et sa large gamme de saveurs vous permettra de varier les plaisirs pendant plusieurs semaines.<\/p>\n<p data-v-md-line=\"7\">Imaginez pouvoir glisser une bo\u00eete enti\u00e8re de cigarettes \u00e9lectroniques jetables dans votre poche sans g\u00e9n\u00e9rer de d\u00e9chets. Son autonomie est certes impressionnante, mais sa v\u00e9ritable priorit\u00e9 est la durabilit\u00e9. Cet appareil convient aussi bien aux vapoteurs exp\u00e9riment\u00e9s, soucieux de leur fiabilit\u00e9, qu'aux utilisateurs occasionnels qui pr\u00e9f\u00e8rent \u00e9viter de changer fr\u00e9quemment la r\u00e9sistance. Il est appr\u00e9ci\u00e9 pour son design \u00e9l\u00e9gant et sa simplicit\u00e9 d'utilisation.<\/p>\n<h2 data-v-md-heading=\"excellent-performance-and-simple-operation\" data-v-md-line=\"9\">Excellentes performances et fonctionnement simple<\/h2>\n<p data-v-md-line=\"11\">Vous pensez peut-\u00eatre qu'une technologie complexe est difficile \u00e0 utiliser, mais cet appareil est \u00e9tonnamment simple. Son secret r\u00e9side dans sa r\u00e9sistance mesh de 1,0 \u03a9, qui chauffe uniform\u00e9ment le e-liquide, garantissant une saveur rafra\u00eechissante \u00e0 chaque inhalation. Ainsi, chaque bouff\u00e9e est aussi savoureuse que la premi\u00e8re, sans ce go\u00fbt de br\u00fbl\u00e9 d\u00e9sagr\u00e9able des r\u00e9sistances bas de gamme. Lorsque la batterie est faible, il suffit d'utiliser le c\u00e2ble USB-C, le m\u00eame que celui utilis\u00e9 pour recharger votre t\u00e9l\u00e9phone, pour la recharger facilement.<\/p>\n<p data-v-md-line=\"13\">La batterie de 850 mAh assure une autonomie prolong\u00e9e, vous \u00e9vitant ainsi de chercher constamment un chargeur. Son poids de 140 grammes offre une prise en main s\u00fbre et se glisse facilement dans une poche. Une simple inspiration suffit pour l'activer et profiter d'un flux d'air agr\u00e9able. Aucun bouton \u00e0 presser ni r\u00e9glage \u00e0 effectuer.<\/p>\n<h2 data-v-md-heading=\"quick-specifications\" data-v-md-line=\"15\">Sp\u00e9cifications rapides<\/h2>\n<ul data-v-md-line=\"16\">\n<li>Fr\u00e9quence de consommation : jusqu'\u00e0 350 000 bouff\u00e9es<\/li>\n<li>Teneur en nicotine : conforme aux normes de l'UE<\/li>\n<li>Utilisation : Inhaler pour activer<\/li>\n<li>M\u00e9thode de chargement\u00a0: interface USB Type-C standard<\/li>\n<li>\u00c9tat : Pr\u00eat \u00e0 l'emploi d\u00e8s la sortie de l'emballage<\/li>\n<li>Batterie : 17350 850 mAh<\/li>\n<li>Noyau d'atomisation : noyau d'atomisation en maille de 1,0 \u03a9<\/li>\n<li>Poids : 140 grammes par unit\u00e9<\/li>\n<\/ul>\n<h2 data-v-md-heading=\"rich-flavor-options\" data-v-md-line=\"25\">options de saveurs riches<\/h2>\n<p data-v-md-line=\"27\">Cet appareil propose douze combinaisons de saveurs diff\u00e9rentes, chacune comprenant huit ar\u00f4mes uniques. Vous pouvez choisir entre un seul ar\u00f4me fruit\u00e9 ou un m\u00e9lange original. Voici la liste des boissons\u00a0:<\/p>\n<blockquote data-v-md-line=\"28\">\n<p data-v-md-line=\"28\">Format\u00a0: Les saveurs 1 \u00e0 4 sont des saveurs uniques\u00a0; les saveurs 5 \u00e0 8 sont des saveurs m\u00e9lang\u00e9es (M\u00e9lange 1 + 2 = Saveur 1 \/ Saveur 2)<\/p>\n<\/blockquote>\n<ul data-v-md-line=\"30\">\n<li>Glace framboise bleue \/ Glace past\u00e8que \/ Glace fraise \/ Citron vert \/ Mix 1+2 \/ Mix 2+3 \/ Mix 3+4 \/ Mix 4+1<\/li>\n<li>Glace \u00e0 la myrtille \/ Fruits tropicaux \/ Glace pomme-kiwi \/ Glace framboise bleue et cerise \/ Mix 1+2 \/ Mix 2+3 \/ Mix 3+4 \/ Mix 4+1<\/li>\n<li>Cola cerise \/ Citron p\u00eache \/ Limonade rose \/ Mangue fruit de la passion \/ Mix 1+2 \/ Mix 2+3 \/ Mix 3+4 \/ Mix 4+1<\/li>\n<li>Fraise-kiwi \/ Myrtille-menthe \/ Mangue-ananas acidul\u00e9e \/ Glace fraise-past\u00e8que \/ Mix 1+2 \/ Mix 2+3 \/ Mix 3+4 \/ Mix 4+1<\/li>\n<li>Kiwi et baies de dragon \/ Myrtille et past\u00e8que \/ Fraise et banane \/ Glace \u00e0 la cerise \/ Mix 1+2 \/ Mix 2+3 \/ Mix 3+4 \/ Mix 4+1<\/li>\n<li>Fraise Past\u00e8que \/ Ananas Coco Glac\u00e9 \/ Kiwi Fruit de la Passion Goyave \/ Explosion de Raisin \/ Mix 1+2 \/ Mix 2+3 \/ Mix 3+4 \/ Mix 4+1<\/li>\n<li>Red Bull \/ Cerise Grenade \/ Past\u00e8que \/ Citron Vert \/ Mix 1+2 \/ Mix 2+3 \/ Mix 3+4 \/ Mix 4+1<\/li>\n<li>Glace \u00e0 la past\u00e8que \/ Putain de g\u00e9nial \/ Fraise-framboise \/ Glace pomme-kiwi \/ Mix 1+2 \/ Mix 2+3 \/ Mix 3+4 \/ Mix 4+1<\/li>\n<li>Glace au raisin \/ Love 66 \/ Glace aux myrtilles \/ Glace au fruit du dragon \/ Mix 1+2 \/ Mix 2+3 \/ Mix 3+4 \/ Mix 4+1<\/li>\n<li>Glace \u00e0 la past\u00e8que \/ Fraise-past\u00e8que \/ Framboise-past\u00e8que \/ Myrtille-framboise \/ Mix 1+2 \/ Mix 2+3 \/ Mix 3+4 \/ Mix 4+1<\/li>\n<li>P\u00eache Mangue Past\u00e8que \/ Myrtille Cerise \/ Past\u00e8que Fruit du Dragon \/ Baiser de la Passion \/ Mix 1+2 \/ Mix 2+3 \/ Mix 3+4 \/ Mix 4+1<\/li>\n<li>Fraise Framboise \/ Fraise Kiwi \/ Fraise Glac\u00e9e \/ P\u00eache Mangue Past\u00e8que \/ Mix 1+2 \/ Mix 2+3 \/ Mix 3+4 \/ Mix 4+1<\/li>\n<\/ul>\n<h2 data-v-md-heading=\"tailored-for-you-and-your-business\" data-v-md-line=\"43\">Con\u00e7u sur mesure pour vous et votre entreprise<\/h2>\n<p data-v-md-line=\"45\">Nous avons lanc\u00e9 la cigarette \u00e9lectronique jetable BANG 350K 350000 avec r\u00e9sistance mesh 8-en-1, disponible \u00e0 l'unit\u00e9. Les professionnels peuvent \u00e9galement commander en gros. Nous proposons des conditionnements de 200 unit\u00e9s par carton. Pour les boutiques souhaitant proposer des produits exclusifs et fid\u00e9liser leur client\u00e8le, cette formule d'achat en gros est tr\u00e8s avantageuse.<\/p>\n<p data-v-md-line=\"47\">Nous prenons en charge la logistique, vous n'avez donc pas \u00e0 vous soucier des formalit\u00e9s douani\u00e8res. Notre service de livraison DDP (Delivered Duty Paid) fiable collabore avec des partenaires comme UPS, DPD et DHL pour vous garantir l'absence de frais impr\u00e9vus \u00e0 la douane. Vous recevrez vos marchandises rapidement et en toute s\u00e9curit\u00e9, sans vous pr\u00e9occuper des taxes et frais d'importation. L'ensemble du processus, de notre entrep\u00f4t \u00e0 votre domicile, se d\u00e9roule sans encombre.<\/p>\n<h2 data-v-md-heading=\"reasons-why-you-will-like-it\" data-v-md-line=\"49\">Reasons why you will like it<\/h2>\n<ul data-v-md-line=\"50\">\n<li>Durable et r\u00e9sistant : Plus durable et r\u00e9sistant, plus besoin d'achats fr\u00e9quents.<\/li>\n<li>Choix du taux de nicotine\u00a0: Vous pouvez choisir le taux de nicotine qui vous convient.<\/li>\n<li>Rechargeable : vous permet d'utiliser tout le e-liquide que vous achetez.<\/li>\n<li>Noyau d'atomisation en mesh : Il permet d'obtenir un go\u00fbt stable et riche \u00e0 chaque utilisation.<\/li>\n<li>Huit saveurs : Vous pouvez changer de saveur sans changer d'appareil.<\/li>\n<li>Conception portable : L\u00e9ger et portable, pratique \u00e0 transporter.<\/li>\n<\/ul>\n<h2 data-v-md-heading=\"why-choose-agoravape\" data-v-md-line=\"57\">Pourquoi choisir AgoraVape ?<\/h2>\n<p data-v-md-line=\"59\">Figurant parmi les distributeurs de cigarettes \u00e9lectroniques les plus fiables d'Europe, nous ne vendons que des produits 100 % authentiques. Pour nos clients professionnels, cela se traduit par des prix de gros tr\u00e8s comp\u00e9titifs et un service client irr\u00e9prochable. Nous assurons une livraison rapide et fiable des cigarettes \u00e9lectroniques jetables \u00e9quip\u00e9es de r\u00e9sistances mesh BANG 350K 350000 8-en-1. Chaque produit fait l'objet de contr\u00f4les rigoureux afin de vous garantir une r\u00e9putation sans faille, \u00e0 l'abri des contrefa\u00e7ons. Contactez-nous pour obtenir ce produit qui saura satisfaire pleinement vos clients.<\/p>","protected":false},"excerpt":{"rendered":"<p>&nbsp;<\/p>\n<p><script src=\"chrome-extension:\/\/fpelahbljekknahkcaegamhcndkfpfnc\/iFrame.js\" type=\"text\/javascript\"><\/script><\/p>\n<p><script src=\"chrome-extension:\/\/fpelahbljekknahkcaegamhcndkfpfnc\/iFrame.js\" type=\"text\/javascript\"><\/script><\/p>\n<p><script src=\"chrome-extension:\/\/fpelahbljekknahkcaegamhcndkfpfnc\/iFrame.js\" type=\"text\/javascript\"><\/script><\/p>\n<p><script src=\"chrome-extension:\/\/fpelahbljekknahkcaegamhcndkfpfnc\/iFrame.js\" type=\"text\/javascript\"><\/script><\/p>\n<p><script src=\"chrome-extension:\/\/fpelahbljekknahkcaegamhcndkfpfnc\/iFrame.js\" type=\"text\/javascript\"><\/script><\/p>\n<p><script src=\"chrome-extension:\/\/fpelahbljekknahkcaegamhcndkfpfnc\/iFrame.js\" type=\"text\/javascript\"><\/script><\/p>\n<p><script src=\"chrome-extension:\/\/fpelahbljekknahkcaegamhcndkfpfnc\/iFrame.js\" type=\"text\/javascript\"><\/script><\/p>\n<p><script src=\"chrome-extension:\/\/fpelahbljekknahkcaegamhcndkfpfnc\/iFrame.js\" type=\"text\/javascript\"><\/script><\/p>\n<p><script src=\"chrome-extension:\/\/fpelahbljekknahkcaegamhcndkfpfnc\/iFrame.js\" type=\"text\/javascript\"><\/script><\/p>\n<p><script src=\"chrome-extension:\/\/fpelahbljekknahkcaegamhcndkfpfnc\/iFrame.js\" type=\"text\/javascript\"><\/script><\/p>\n<p><script src=\"chrome-extension:\/\/fpelahbljekknahkcaegamhcndkfpfnc\/iFrame.js\" type=\"text\/javascript\"><\/script><\/p>\n<p><script src=\"chrome-extension:\/\/fpelahbljekknahkcaegamhcndkfpfnc\/iFrame.js\" type=\"text\/javascript\"><\/script><\/p>","protected":false},"featured_media":27360,"comment_status":"open","ping_status":"closed","template":"","meta":[],"product_brand":[197],"product_cat":[124,187,185,188,189,123,195,174,175,193,191,179,173,186,180,190],"product_tag":[],"class_list":{"0":"post-27345","1":"product","2":"type-product","3":"status-publish","4":"has-post-thumbnail","6":"product_brand-bang","7":"product_cat-vape-by-brand","8":"product_cat-0mg-nicotine-free-vapes","9":"product_cat-10000-puffs-high-capacity","10":"product_cat-10mg-low-nicotine-vapes","11":"product_cat-20mg-standard-nicotine-vapes","12":"product_cat-bang","13":"product_cat-dual-flavor-switch","14":"product_cat-fruit-flavors","15":"product_cat-icy-mint","16":"product_cat-mesh-coil","17":"product_cat-rechargeable-disposables","18":"product_cat-unique-blends","19":"product_cat-vape-by-flavor-profile","20":"product_cat-vape-by-nicotine-strength","21":"product_cat-vape-by-puff-count","22":"product_cat-vape-by-feature-or-type","24":"first","25":"instock","26":"shipping-taxable","27":"purchasable","28":"product-type-variable","29":"has-default-attributes"},"tiered_pricing_type":"percentage","tiered_pricing_fixed_rules":[],"tiered_pricing_product_settings":{"layout":"default","base_unit_name":{"singular":null,"plural":null},"default_variation":null},"tiered_pricing_minimum_quantity":10,"tiered_pricing_roles_data":[],"tiered_pricing_percentage_rules":{"30":"29","50":"34","100":"40","200":"44","500":"47","1000":"49"},"tiered_pricing_maximum_quantity":null,"tiered_pricing_quantity_step":"10","_links":{"self":[{"href":"https:\/\/agoravape.com\/fr\/wp-json\/wp\/v2\/product\/27345","targetHints":{"allow":["GET"]}}],"collection":[{"href":"https:\/\/agoravape.com\/fr\/wp-json\/wp\/v2\/product"}],"about":[{"href":"https:\/\/agoravape.com\/fr\/wp-json\/wp\/v2\/types\/product"}],"replies":[{"embeddable":true,"href":"https:\/\/agoravape.com\/fr\/wp-json\/wp\/v2\/comments?post=27345"}],"version-history":[{"count":0,"href":"https:\/\/agoravape.com\/fr\/wp-json\/wp\/v2\/product\/27345\/revisions"}],"wp:featuredmedia":[{"embeddable":true,"href":"https:\/\/agoravape.com\/fr\/wp-json\/wp\/v2\/media\/27360"}],"wp:attachment":[{"href":"https:\/\/agoravape.com\/fr\/wp-json\/wp\/v2\/media?parent=27345"}],"wp:term":[{"taxonomy":"product_brand","embeddable":true,"href":"https:\/\/agoravape.com\/fr\/wp-json\/wp\/v2\/product_brand?post=27345"},{"taxonomy":"product_cat","embeddable":true,"href":"https:\/\/agoravape.com\/fr\/wp-json\/wp\/v2\/product_cat?post=27345"},{"taxonomy":"product_tag","embeddable":true,"href":"https:\/\/agoravape.com\/fr\/wp-json\/wp\/v2\/product_tag?post=27345"}],"curies":[{"name":"wp","href":"https:\/\/api.w.org\/{rel}","templated":true}]}}