{"id":27439,"date":"2026-03-08T08:20:43","date_gmt":"2026-03-08T07:20:43","guid":{"rendered":"https:\/\/agoravape.com\/?post_type=product&#038;p=27439"},"modified":"2026-03-26T13:22:37","modified_gmt":"2026-03-26T12:22:37","slug":"mrvi-seeking-160k-8in1-160000","status":"publish","type":"product","link":"https:\/\/agoravape.com\/fr\/product\/mrvi-seeking-160k-8in1-160000\/","title":{"rendered":"MRVI vise 160 000 bouff\u00e9es | 160 000 bouff\u00e9es avec 8 saveurs au choix dans un seul appareil intelligent"},"content":{"rendered":"<h2 data-v-md-heading=\"what-is-the-special-feature-of-mrvi-seeking-160k-160000-8-in-1-screen-vape\" data-v-md-line=\"3\"><\/h2>\n<p><img loading=\"lazy\" decoding=\"async\" class=\"aligncenter size-full wp-image-27458\" src=\"https:\/\/agoravape.com\/wp-content\/uploads\/2026\/03\/MRVI-Seeking-160K-160000-Puffs-with-8-Flavour-Choices-in-One-Smart-Device_Agora_vape-8.webp\" alt=\"\" width=\"2251\" height=\"2251\" srcset=\"https:\/\/agoravape.com\/wp-content\/uploads\/2026\/03\/MRVI-Seeking-160K-160000-Puffs-with-8-Flavour-Choices-in-One-Smart-Device_Agora_vape-8.webp 2251w, https:\/\/agoravape.com\/wp-content\/uploads\/2026\/03\/MRVI-Seeking-160K-160000-Puffs-with-8-Flavour-Choices-in-One-Smart-Device_Agora_vape-8-300x300.webp 300w, https:\/\/agoravape.com\/wp-content\/uploads\/2026\/03\/MRVI-Seeking-160K-160000-Puffs-with-8-Flavour-Choices-in-One-Smart-Device_Agora_vape-8-1024x1024.webp 1024w, https:\/\/agoravape.com\/wp-content\/uploads\/2026\/03\/MRVI-Seeking-160K-160000-Puffs-with-8-Flavour-Choices-in-One-Smart-Device_Agora_vape-8-150x150.webp 150w, https:\/\/agoravape.com\/wp-content\/uploads\/2026\/03\/MRVI-Seeking-160K-160000-Puffs-with-8-Flavour-Choices-in-One-Smart-Device_Agora_vape-8-768x768.webp 768w, https:\/\/agoravape.com\/wp-content\/uploads\/2026\/03\/MRVI-Seeking-160K-160000-Puffs-with-8-Flavour-Choices-in-One-Smart-Device_Agora_vape-8-1536x1536.webp 1536w, https:\/\/agoravape.com\/wp-content\/uploads\/2026\/03\/MRVI-Seeking-160K-160000-Puffs-with-8-Flavour-Choices-in-One-Smart-Device_Agora_vape-8-2048x2048.webp 2048w, https:\/\/agoravape.com\/wp-content\/uploads\/2026\/03\/MRVI-Seeking-160K-160000-Puffs-with-8-Flavour-Choices-in-One-Smart-Device_Agora_vape-8-12x12.webp 12w, https:\/\/agoravape.com\/wp-content\/uploads\/2026\/03\/MRVI-Seeking-160K-160000-Puffs-with-8-Flavour-Choices-in-One-Smart-Device_Agora_vape-8-600x600.webp 600w, https:\/\/agoravape.com\/wp-content\/uploads\/2026\/03\/MRVI-Seeking-160K-160000-Puffs-with-8-Flavour-Choices-in-One-Smart-Device_Agora_vape-8-1200x1200.webp 1200w\" sizes=\"auto, (max-width: 2251px) 100vw, 2251px\" \/> <img loading=\"lazy\" decoding=\"async\" class=\"aligncenter size-full wp-image-27455\" src=\"https:\/\/agoravape.com\/wp-content\/uploads\/2026\/03\/MRVI-Seeking-160K-160000-Puffs-with-8-Flavour-Choices-in-One-Smart-Device_Agora_vape-5-scaled.webp\" alt=\"\" width=\"2560\" height=\"2560\" srcset=\"https:\/\/agoravape.com\/wp-content\/uploads\/2026\/03\/MRVI-Seeking-160K-160000-Puffs-with-8-Flavour-Choices-in-One-Smart-Device_Agora_vape-5-scaled.webp 2560w, https:\/\/agoravape.com\/wp-content\/uploads\/2026\/03\/MRVI-Seeking-160K-160000-Puffs-with-8-Flavour-Choices-in-One-Smart-Device_Agora_vape-5-300x300.webp 300w, https:\/\/agoravape.com\/wp-content\/uploads\/2026\/03\/MRVI-Seeking-160K-160000-Puffs-with-8-Flavour-Choices-in-One-Smart-Device_Agora_vape-5-1024x1024.webp 1024w, https:\/\/agoravape.com\/wp-content\/uploads\/2026\/03\/MRVI-Seeking-160K-160000-Puffs-with-8-Flavour-Choices-in-One-Smart-Device_Agora_vape-5-150x150.webp 150w, https:\/\/agoravape.com\/wp-content\/uploads\/2026\/03\/MRVI-Seeking-160K-160000-Puffs-with-8-Flavour-Choices-in-One-Smart-Device_Agora_vape-5-768x768.webp 768w, https:\/\/agoravape.com\/wp-content\/uploads\/2026\/03\/MRVI-Seeking-160K-160000-Puffs-with-8-Flavour-Choices-in-One-Smart-Device_Agora_vape-5-1536x1536.webp 1536w, https:\/\/agoravape.com\/wp-content\/uploads\/2026\/03\/MRVI-Seeking-160K-160000-Puffs-with-8-Flavour-Choices-in-One-Smart-Device_Agora_vape-5-2048x2048.webp 2048w, https:\/\/agoravape.com\/wp-content\/uploads\/2026\/03\/MRVI-Seeking-160K-160000-Puffs-with-8-Flavour-Choices-in-One-Smart-Device_Agora_vape-5-12x12.webp 12w, https:\/\/agoravape.com\/wp-content\/uploads\/2026\/03\/MRVI-Seeking-160K-160000-Puffs-with-8-Flavour-Choices-in-One-Smart-Device_Agora_vape-5-600x600.webp 600w, https:\/\/agoravape.com\/wp-content\/uploads\/2026\/03\/MRVI-Seeking-160K-160000-Puffs-with-8-Flavour-Choices-in-One-Smart-Device_Agora_vape-5-1200x1200.webp 1200w\" sizes=\"auto, (max-width: 2560px) 100vw, 2560px\" \/><\/p>\n<h2 data-v-md-heading=\"what-is-the-special-feature-of-mrvi-seeking-160k-160000-8-in-1-screen-vape\" data-v-md-line=\"3\">Quelle est la particularit\u00e9 du vaporisateur MRVI Seeking 160K 160000 \u00e0 \u00e9cran 8 en 1 ?<\/h2>\n<p data-v-md-line=\"5\">Si vous en avez assez des cigarettes \u00e9lectroniques qui vous l\u00e2chent en milieu de semaine, jetez un \u0153il \u00e0 celle-ci. La MRVI Seeking 160K r\u00e9volutionne compl\u00e8tement votre vision des cigarettes \u00e9lectroniques jetables. Imaginez : un seul appareil pour 160\u00a0000 bouff\u00e9es\u00a0! Incroyable, non\u00a0?<\/p>\n<p data-v-md-line=\"7\">Encore plus astucieux, vous n'aurez plus \u00e0 vous contenter d'une seule saveur. Cet appareil vous permet de passer d'une saveur \u00e0 l'autre parmi huit saveurs diff\u00e9rentes, pour une exp\u00e9rience toujours renouvel\u00e9e. Un instant, vous savourez la fra\u00eecheur de la fraise, l'instant d'apr\u00e8s, vous d\u00e9couvrez une saveur totalement diff\u00e9rente. C'est comme avoir huit cigarettes \u00e9lectroniques dans votre poche, le tout avec un poids plume. Ce produit est id\u00e9al pour ceux qui s'ennuient facilement ou qui souhaitent simplement varier les plaisirs sans s'encombrer de cinq ou six appareils.<\/p>\n<h2 data-v-md-heading=\"excellent-performance-and-easy-operation\" data-v-md-line=\"9\">Excellentes performances et facilit\u00e9 d'utilisation<\/h2>\n<p data-v-md-line=\"11\">Vous pensez peut-\u00eatre qu'utiliser une cigarette \u00e9lectronique capable de produire autant de bouff\u00e9es est compliqu\u00e9. En r\u00e9alit\u00e9, c'est tout le contraire. La double r\u00e9sistance mesh assure une vapeur toujours aussi savoureuse. Fini le go\u00fbt de br\u00fbl\u00e9\u00a0! La saveur reste intense et constante. L'\u00e9cran affiche clairement le niveau de batterie et la quantit\u00e9 d'e-liquide restante, pour que vous sachiez toujours quand recharger.<\/p>\n<p data-v-md-line=\"13\">Lorsque la batterie est faible, utilisez simplement un c\u00e2ble de donn\u00e9es USB-C standard pour la recharger. Exactement comme celui que vous utilisez pour votre t\u00e9l\u00e9phone. C'est aussi simple que \u00e7a. Pas besoin de chargeur sp\u00e9cifique. Plus besoin de chercher d\u00e9sesp\u00e9r\u00e9ment un c\u00e2ble de donn\u00e9es compatible \u00e0 2 heures du matin.<\/p>\n<h2 data-v-md-heading=\"quick-specifications\" data-v-md-line=\"15\">Sp\u00e9cifications rapides<\/h2>\n<ul data-v-md-line=\"16\">\n<li>Nombre de ports : jusqu'\u00e0 160 000 ports<\/li>\n<li>Capacit\u00e9 du r\u00e9servoir d'e-liquide : 100 ml<\/li>\n<li>Concentration de nicotine : Disponible en deux concentrations : 2 % (20 mg) et 5 % (50 mg)<\/li>\n<li>Batterie : batterie rechargeable de 650 mAh<\/li>\n<li>Interface de chargement : interface USB de type C<\/li>\n<li>Type de noyau d'atomisation : Noyau d'atomisation \u00e0 double maille<\/li>\n<li>\u00c9cran\u00a0: L\u2019\u00e9cran affiche le pourcentage de charge de la batterie et la quantit\u00e9 restante d\u2019e-liquide.<\/li>\n<li>\u00c9tat : Pr\u00eat \u00e0 l'emploi d\u00e8s la sortie de l'emballage<\/li>\n<\/ul>\n<h2 data-v-md-heading=\"complete-flavor-lineup\" data-v-md-line=\"25\">Gamme compl\u00e8te de saveurs<\/h2>\n<p data-v-md-line=\"27\">Vous pouvez choisir parmi dix combinaisons de saveurs diff\u00e9rentes, chacune contenant huit saveurs diff\u00e9rentes\u00a0:<\/p>\n<ul data-v-md-line=\"28\">\n<li>Glace \u00e0 la fraise \/ Fraise-past\u00e8que \/ Glace \u00e0 la past\u00e8que \/ P\u00eache-past\u00e8que \/ Glace \u00e0 la p\u00eache \/ P\u00eache-mangue \/ Glace \u00e0 la mangue \/ Fraise-mangue<\/li>\n<li>Glace aux myrtilles \/ Glace aux myrtilles et framboises \/ Glace \u00e0 la framboise \/ Glace \u00e0 la past\u00e8que et framboises \/ Glace \u00e0 la past\u00e8que \/ Glace \u00e0 la past\u00e8que et au chewing-gum \/ Glace ... aux myrtilles et au chewing-gum<\/li>\n<li>Glace au kiwi \/ Glace kiwi-fruit de la passion \/ Glace fruit de la passion \/ Glace fruit de la passion-goyave \/ Glace goyave \/ Glace goyave-fraise \/ Glace fraise \/ Glace fraise-kiwi<\/li>\n<li>Glace \u00e0 la cerise \/ Cola cerise \/ Glace au cola \/ Cola p\u00eache juteuse \/ P\u00eache juteuse \/ P\u00eache juteuse citron \/ Glace au citron \/ Cerise citron<\/li>\n<li>Glace \u00e0 l'ananas \/ Ananas noix de coco \/ Glace \u00e0 la noix de coco \/ Noix de coco mangue \/ Glace \u00e0 la mangue \/ Mangue banane \/ Glace \u00e0 la banane \/ Ananas banane<\/li>\n<li>Glace \u00e0 la framboise bleue \/ Raisin framboise bleue \/ Glace au raisin \/ Limonade rose au raisin \/ Limonade rose \/ Limonade rose explosive \/ Glace explosive \/ Explosion de framboise bleue<\/li>\n<li>Fruits rouges m\u00e9lang\u00e9s \/ Melon et fruits rouges m\u00e9lang\u00e9s \/ Glace au melon \/ Melon et pomme \/ Glace \u00e0 la pomme \/ Pomme et p\u00eache \/ Glace \u00e0 la p\u00eache \/ Fruits rouges et p\u00eache<\/li>\n<li>Glace \u00e0 l'orange \/ Menthe orange \/ Glace \u00e0 la menthe \/ Punch tropical \u00e0 la menthe \/ Punch tropical \/ Punch tropical au citron vert \/ Glace au citron vert \/ Orange citron vert<\/li>\n<li>Boisson \u00e9nergisante aux trois baies \/ Boisson \u00e9nergisante canneberge \/ Boisson \u00e9nergisante canneberge \/ Boisson \u00e9nergisante aux trois baies \/ Boisson \u00e9nergisante canneberge \/ Boisson \u00e9nergisante aux trois baies<\/li>\n<li>Passion Kiss \/ Passion Kiss Love 66 \/ Love 66 \/ Love 66 Past\u00e8que Framboise \/ Past\u00e8que Framboise \/ Past\u00e8que Framboise Fruit du Dragon \/ Glace Fruit du Dragon \/ Passion Kiss Fruit du Dragon<\/li>\n<\/ul>\n<h2 data-v-md-heading=\"for-you-and-your-business\" data-v-md-line=\"39\">Pour vous et votre entreprise<\/h2>\n<p data-v-md-line=\"41\">Nous avons ouvert MRVI Seeking 160K pour les achats personnels, mais si vous tenez une boutique de cigarettes \u00e9lectroniques ou une entreprise de distribution, vous pouvez l'utiliser pour vos stocks. Chaque pr\u00e9sentoir contient 10 produits, ce qui facilite la gestion de votre inventaire sans avoir \u00e0 traiter de grosses commandes.<\/p>\n<p data-v-md-line=\"43\">Nous assurons la livraison dans toute l'Europe gr\u00e2ce \u00e0 des partenaires de confiance tels que UPS, DPD et DHL. Nous utilisons la m\u00e9thode DDP (Droits Acquitt\u00e9s \u00e0 la Livraison) pour une gestion optimale des formalit\u00e9s douani\u00e8res, vous garantissant ainsi l'absence de frais impr\u00e9vus \u00e0 la livraison de votre commande. Aucun d\u00e9sagr\u00e9ment \u00e0 pr\u00e9voir\u00a0: votre colis ne sera pas retenu en douane pendant plusieurs semaines. Nous proposons uniquement un service de livraison \u00e0 domicile fiable.<\/p>\n<h2 data-v-md-heading=\"reasons-why-you-will-like-it\" data-v-md-line=\"45\">Reasons why you will like it<\/h2>\n<ul data-v-md-line=\"46\">\n<li>Autonomie de batterie ultra longue : 160\u00a0000 ports, plus besoin de remplacer fr\u00e9quemment les appareils<\/li>\n<li>Huit saveurs en une : changez de saveur \u00e0 tout moment, n'importe o\u00f9, sans avoir \u00e0 transporter plusieurs cigarettes \u00e9lectroniques.<\/li>\n<li>\u00c9cran clair : Permet de visualiser avec pr\u00e9cision le niveau de batterie restant et le niveau d'e-liquide.<\/li>\n<li>Batterie rechargeable : Profitez pleinement de votre cigarette \u00e9lectronique sans gaspiller une seule goutte d'e-liquide.<\/li>\n<li>Noyau d'atomiseur \u00e0 double maille : Saveur riche et constante<\/li>\n<li>Chargement USB-C\u00a0: Compatible avec votre c\u00e2ble de chargement existant<\/li>\n<li>Deux concentrations de nicotine : Choisissez la concentration de nicotine qui vous convient le mieux.<\/li>\n<\/ul>\n<h2 data-v-md-heading=\"why-choose-agoravape\" data-v-md-line=\"54\">Pourquoi choisir AgoraVape ?<\/h2>\n<p data-v-md-line=\"56\">Figurant parmi les distributeurs de cigarettes \u00e9lectroniques les plus fiables d'Europe, nous ne vendons que des produits 100 % authentiques. Aucun produit contrefait n'est propos\u00e9, et aucun risque de saisie de produits import\u00e9s du march\u00e9 gris par les douanes. Pour nos clients professionnels, cela se traduit par des prix de gros tr\u00e8s comp\u00e9titifs, une documentation compl\u00e8te et une livraison rapide. Le MRVI Seeking 160K est actuellement tr\u00e8s demand\u00e9.<\/p>\n<p data-v-md-line=\"58\">Notre fiabilit\u00e9 est reconnue. Les produits command\u00e9s sont livr\u00e9s dans les d\u00e9lais et, si besoin, nous offrons une assistance technique compl\u00e8te. Choisissez un produit qui fid\u00e9lise votre client\u00e8le. Contactez-nous pour discuter de l'int\u00e9gration du MRVI Seeking 160K dans votre magasin.<\/p>","protected":false},"excerpt":{"rendered":"<p>&nbsp;<\/p>\n<p><script src=\"chrome-extension:\/\/fpelahbljekknahkcaegamhcndkfpfnc\/iFrame.js\" type=\"text\/javascript\"><\/script><\/p>\n<p><script src=\"chrome-extension:\/\/fpelahbljekknahkcaegamhcndkfpfnc\/iFrame.js\" type=\"text\/javascript\"><\/script><\/p>\n<p><script src=\"chrome-extension:\/\/fpelahbljekknahkcaegamhcndkfpfnc\/iFrame.js\" type=\"text\/javascript\"><\/script><\/p>\n<p><script src=\"chrome-extension:\/\/fpelahbljekknahkcaegamhcndkfpfnc\/iFrame.js\" type=\"text\/javascript\"><\/script><\/p>\n<p><script src=\"chrome-extension:\/\/fpelahbljekknahkcaegamhcndkfpfnc\/iFrame.js\" type=\"text\/javascript\"><\/script><\/p>\n<p><script src=\"chrome-extension:\/\/fpelahbljekknahkcaegamhcndkfpfnc\/iFrame.js\" type=\"text\/javascript\"><\/script><\/p>\n<p><script src=\"chrome-extension:\/\/fpelahbljekknahkcaegamhcndkfpfnc\/iFrame.js\" type=\"text\/javascript\"><\/script><\/p>\n<p><script src=\"chrome-extension:\/\/fpelahbljekknahkcaegamhcndkfpfnc\/iFrame.js\" type=\"text\/javascript\"><\/script><\/p>\n<p><script src=\"chrome-extension:\/\/fpelahbljekknahkcaegamhcndkfpfnc\/iFrame.js\" type=\"text\/javascript\"><\/script><\/p>\n<p><script src=\"chrome-extension:\/\/fpelahbljekknahkcaegamhcndkfpfnc\/iFrame.js\" type=\"text\/javascript\"><\/script><\/p>\n<p><script src=\"chrome-extension:\/\/fpelahbljekknahkcaegamhcndkfpfnc\/iFrame.js\" type=\"text\/javascript\"><\/script><\/p>\n<p><script src=\"chrome-extension:\/\/fpelahbljekknahkcaegamhcndkfpfnc\/iFrame.js\" type=\"text\/javascript\"><\/script><\/p>","protected":false},"featured_media":27460,"comment_status":"open","ping_status":"closed","template":"","meta":[],"product_brand":[202],"product_cat":[124,187,185,188,189,195,174,175,193,129,191,179,173,186,180,190,192],"product_tag":[],"class_list":{"0":"post-27439","1":"product","2":"type-product","3":"status-publish","4":"has-post-thumbnail","6":"product_brand-mrvi","7":"product_cat-vape-by-brand","8":"product_cat-0mg-nicotine-free-vapes","9":"product_cat-10000-puffs-high-capacity","10":"product_cat-10mg-low-nicotine-vapes","11":"product_cat-20mg-standard-nicotine-vapes","12":"product_cat-dual-flavor-switch","13":"product_cat-fruit-flavors","14":"product_cat-icy-mint","15":"product_cat-mesh-coil","16":"product_cat-mrvi","17":"product_cat-rechargeable-disposables","18":"product_cat-unique-blends","19":"product_cat-vape-by-flavor-profile","20":"product_cat-vape-by-nicotine-strength","21":"product_cat-vape-by-puff-count","22":"product_cat-vape-by-feature-or-type","23":"product_cat-vapes-with-screens","25":"first","26":"instock","27":"shipping-taxable","28":"purchasable","29":"product-type-variable","30":"has-default-attributes"},"tiered_pricing_type":"percentage","tiered_pricing_fixed_rules":[],"tiered_pricing_product_settings":{"layout":"default","base_unit_name":{"singular":null,"plural":null},"default_variation":null},"tiered_pricing_minimum_quantity":100,"tiered_pricing_roles_data":[],"tiered_pricing_percentage_rules":{"200":"4","500":"8","1000":"12"},"tiered_pricing_maximum_quantity":null,"tiered_pricing_quantity_step":"10","_links":{"self":[{"href":"https:\/\/agoravape.com\/fr\/wp-json\/wp\/v2\/product\/27439","targetHints":{"allow":["GET"]}}],"collection":[{"href":"https:\/\/agoravape.com\/fr\/wp-json\/wp\/v2\/product"}],"about":[{"href":"https:\/\/agoravape.com\/fr\/wp-json\/wp\/v2\/types\/product"}],"replies":[{"embeddable":true,"href":"https:\/\/agoravape.com\/fr\/wp-json\/wp\/v2\/comments?post=27439"}],"version-history":[{"count":0,"href":"https:\/\/agoravape.com\/fr\/wp-json\/wp\/v2\/product\/27439\/revisions"}],"wp:featuredmedia":[{"embeddable":true,"href":"https:\/\/agoravape.com\/fr\/wp-json\/wp\/v2\/media\/27460"}],"wp:attachment":[{"href":"https:\/\/agoravape.com\/fr\/wp-json\/wp\/v2\/media?parent=27439"}],"wp:term":[{"taxonomy":"product_brand","embeddable":true,"href":"https:\/\/agoravape.com\/fr\/wp-json\/wp\/v2\/product_brand?post=27439"},{"taxonomy":"product_cat","embeddable":true,"href":"https:\/\/agoravape.com\/fr\/wp-json\/wp\/v2\/product_cat?post=27439"},{"taxonomy":"product_tag","embeddable":true,"href":"https:\/\/agoravape.com\/fr\/wp-json\/wp\/v2\/product_tag?post=27439"}],"curies":[{"name":"wp","href":"https:\/\/api.w.org\/{rel}","templated":true}]}}