{"id":10788,"date":"2025-09-22T18:22:48","date_gmt":"2025-09-22T10:22:48","guid":{"rendered":"https:\/\/green-grasshopper-921422.hostingersite.com\/?page_id=10788"},"modified":"2025-09-22T18:35:39","modified_gmt":"2025-09-22T10:35:39","slug":"szallitasi-politika","status":"publish","type":"page","link":"https:\/\/agoravape.com\/hu\/shipping-policy\/","title":{"rendered":"AgoraVape Sz\u00e1ll\u00edt\u00e1si Szab\u00e1lyzat"},"content":{"rendered":"<h1 class=\"wp-block-heading has-text-align-center\"><strong>AgoraVape Sz\u00e1ll\u00edt\u00e1si Szab\u00e1lyzat<\/strong><\/h1>\n\n\n\n<p>1. A megrendel\u00e9seket 1-3 munkanapon bel\u00fcl feldolgozzuk \u00e9s kisz\u00e1ll\u00edtjuk. A sz\u00e1ll\u00edt\u00e1si id\u0151 \u00e1ltal\u00e1ban 7-15 munkanap. K\u00e9rj\u00fck, vegye figyelembe, hogy h\u00e9tv\u00e9g\u00e9n nem sz\u00e1ll\u00edtunk.<\/p>\n\n\n\n<p>2. A sz\u00e1ll\u00edt\u00e1s ut\u00e1n e-mailben kapja meg a track&amp;trace info-t. Ellen\u0151rizze a csomagj\u00e1t:<br>https:\/\/www.17track.net\/en<br>A nyomon k\u00f6vet\u00e9si friss\u00edt\u00e9sek csak 1-2 nap m\u00falva jelennek meg.<\/p>\n\n\n\n<p>3. Lemond\u00e1s vagy c\u00edmv\u00e1ltoztat\u00e1s CSAK akkor lehets\u00e9ges, ha a megrendel\u00e9s m\u00e9g nem ker\u00fclt kisz\u00e1ll\u00edt\u00e1sra. A sz\u00e1ll\u00edt\u00e1s ut\u00e1n NEM lehets\u00e9ges visszat\u00e9r\u00edt\u00e9s vagy c\u00edmm\u00f3dos\u00edt\u00e1s!!!!<\/p>\n\n\n\n<p>4. Orsz\u00e1gok, ahov\u00e1 sz\u00e1ll\u00edthatunk&nbsp;<strong>DDP<\/strong>&nbsp;(<strong>Fizetett sz\u00e1ll\u00edt\u00e1si v\u00e1m<\/strong>) M\u00f3dszer, nem k\u00e9ri, hogy v\u00e1mkezel\u00e9st v\u00e9gezzen, \u00e9s nincs v\u00e1m az \u00d6n sz\u00e1m\u00e1ra.<\/p>\n\n\n\n<ul class=\"wp-block-list\">\n<li>USA - UPS Express (kiv\u00e9ve Alaszka \u00e9s Hawaii)<\/li>\n\n\n\n<li>UK - Helyi DPD Express<\/li>\n\n\n\n<li>Eur\u00f3pa - UPS Express\/ DPD Express\/ DHL Express<\/li>\n<\/ul>\n\n\n\n<p>Az eur\u00f3pai DDP-m\u00f3dszer orsz\u00e1glist\u00e1i: N\u00e9metorsz\u00e1g, Belgium, Luxemburg, Hollandia, Csehorsz\u00e1g, Lengyelorsz\u00e1g, Horv\u00e1torsz\u00e1g, Szlov\u00e1kia, Szlov\u00e9nia, Finnorsz\u00e1g, D\u00e1nia, Sv\u00e9dorsz\u00e1g, Ausztria, Franciaorsz\u00e1g, Olaszorsz\u00e1g, Magyarorsz\u00e1g, Bulg\u00e1ria, Litv\u00e1nia, \u00c9sztorsz\u00e1g, Lettorsz\u00e1g, G\u00f6r\u00f6gorsz\u00e1g, \u00cdrorsz\u00e1g, Portug\u00e1lia, Spanyolorsz\u00e1g.<\/p>\n\n\n\n<p><strong>K\u00f6sz\u00f6nj\u00fck, hogy a\u00a0<a href=\"https:\/\/agoravape.com\/hu\/\">AgoraVape<\/a>\u00a0a p\u00e1rologtat\u00e1si ig\u00e9nyeidhez!<\/strong><br><br><\/p>\n\n\n\n<div class=\"wp-block-columns is-layout-flex wp-container-core-columns-is-layout-9d6595d7 wp-block-columns-is-layout-flex\">\n<div class=\"wp-block-column is-layout-flow wp-block-column-is-layout-flow\">\n<figure class=\"wp-block-image size-full\"><img loading=\"lazy\" decoding=\"async\" width=\"2000\" height=\"2000\" src=\"https:\/\/agoravape.com\/wp-content\/uploads\/2025\/09\/agora-Shipping-Policy_final.webp\" alt=\"\" class=\"wp-image-10789\" srcset=\"https:\/\/agoravape.com\/wp-content\/uploads\/2025\/09\/agora-Shipping-Policy_final.webp 2000w, https:\/\/agoravape.com\/wp-content\/uploads\/2025\/09\/agora-Shipping-Policy_final-600x600.webp 600w, https:\/\/agoravape.com\/wp-content\/uploads\/2025\/09\/agora-Shipping-Policy_final-1200x1200.webp 1200w, https:\/\/agoravape.com\/wp-content\/uploads\/2025\/09\/agora-Shipping-Policy_final-300x300.webp 300w, https:\/\/agoravape.com\/wp-content\/uploads\/2025\/09\/agora-Shipping-Policy_final-1024x1024.webp 1024w, https:\/\/agoravape.com\/wp-content\/uploads\/2025\/09\/agora-Shipping-Policy_final-150x150.webp 150w, https:\/\/agoravape.com\/wp-content\/uploads\/2025\/09\/agora-Shipping-Policy_final-768x768.webp 768w, https:\/\/agoravape.com\/wp-content\/uploads\/2025\/09\/agora-Shipping-Policy_final-1536x1536.webp 1536w\" sizes=\"auto, (max-width: 2000px) 100vw, 2000px\" \/><\/figure>\n<\/div>\n\n\n\n<div class=\"wp-block-column is-layout-flow wp-block-column-is-layout-flow\">\n<h2 class=\"wp-block-heading\"><strong>Sz\u00e1ll\u00edt\u00e1si id\u0151k egyes orsz\u00e1gok eset\u00e9ben:<\/strong><\/h2>\n\n\n\n<div class=\"wp-block-columns is-layout-flex wp-container-core-columns-is-layout-9d6595d7 wp-block-columns-is-layout-flex\">\n<div class=\"wp-block-column is-layout-flow wp-block-column-is-layout-flow\" style=\"flex-basis:100%\">\n<table id=\"tablepress-1\" class=\"tablepress tablepress-id-1\">\n<thead>\n<tr class=\"row-1\">\n\t<th class=\"column-1\">ORSZ\u00c1G<\/th><th class=\"column-2\">SZ\u00c1LL\u00cdT\u00c1SI M\u00d3D<\/th><th class=\"column-3\">SZ\u00c1LL\u00cdT\u00c1SI ID\u0150<\/th>\n<\/tr>\n<\/thead>\n<tbody class=\"row-striping row-hover\">\n<tr class=\"row-2\">\n\t<td class=\"column-1\">USA<\/td><td class=\"column-2\">Helyi UPS Ground<\/td><td class=\"column-3\">10-15 nap<\/td>\n<\/tr>\n<tr class=\"row-3\">\n\t<td class=\"column-1\">UK<\/td><td class=\"column-2\">Helyi DPD Express<\/td><td class=\"column-3\">7-12 nap<\/td>\n<\/tr>\n<tr class=\"row-4\">\n\t<td class=\"column-1\">N\u00e9metorsz\u00e1g<\/td><td class=\"column-2\">UPS\/DPD\/DHL N\u00e9metorsz\u00e1g<\/td><td class=\"column-3\">8-13 nap<\/td>\n<\/tr>\n<tr class=\"row-5\">\n\t<td class=\"column-1\">Franciaorsz\u00e1g<\/td><td class=\"column-2\">UPS\/DPD\/DHL N\u00e9metorsz\u00e1g<\/td><td class=\"column-3\">8-13 nap<\/td>\n<\/tr>\n<tr class=\"row-6\">\n\t<td class=\"column-1\">Belgium<\/td><td class=\"column-2\">UPS\/DPD\/DHL N\u00e9metorsz\u00e1g<\/td><td class=\"column-3\">8-13 nap<\/td>\n<\/tr>\n<tr class=\"row-7\">\n\t<td class=\"column-1\">Luxemburg<\/td><td class=\"column-2\">UPS\/DPD\/DHL N\u00e9metorsz\u00e1g<\/td><td class=\"column-3\">8-13 nap<\/td>\n<\/tr>\n<tr class=\"row-8\">\n\t<td class=\"column-1\">Hollandia<\/td><td class=\"column-2\">UPS\/DPD\/DHL N\u00e9metorsz\u00e1g<\/td><td class=\"column-3\">8-13 nap<\/td>\n<\/tr>\n<tr class=\"row-9\">\n\t<td class=\"column-1\">Cseh K\u00f6zt\u00e1rsas\u00e1g<\/td><td class=\"column-2\">UPS\/DPD\/DHL N\u00e9metorsz\u00e1g<\/td><td class=\"column-3\">8-13 nap<\/td>\n<\/tr>\n<tr class=\"row-10\">\n\t<td class=\"column-1\">Lengyelorsz\u00e1g<\/td><td class=\"column-2\">UPS\/DPD\/DHL N\u00e9metorsz\u00e1g<\/td><td class=\"column-3\">8-13 nap<\/td>\n<\/tr>\n<tr class=\"row-11\">\n\t<td class=\"column-1\">Horv\u00e1torsz\u00e1g<\/td><td class=\"column-2\">UPS\/DPD\/DHL N\u00e9metorsz\u00e1g<\/td><td class=\"column-3\">8-13 nap<\/td>\n<\/tr>\n<tr class=\"row-12\">\n\t<td class=\"column-1\">Szlov\u00e1kia<\/td><td class=\"column-2\">UPS\/DPD\/DHL N\u00e9metorsz\u00e1g<\/td><td class=\"column-3\">8-13 nap<\/td>\n<\/tr>\n<tr class=\"row-13\">\n\t<td class=\"column-1\">Szlov\u00e9nia<\/td><td class=\"column-2\">UPS\/DPD\/DHL N\u00e9metorsz\u00e1g<\/td><td class=\"column-3\">8-13 nap<\/td>\n<\/tr>\n<tr class=\"row-14\">\n\t<td class=\"column-1\">Finnorsz\u00e1g<\/td><td class=\"column-2\">UPS\/DPD\/DHL N\u00e9metorsz\u00e1g<\/td><td class=\"column-3\">8-13 nap<\/td>\n<\/tr>\n<tr class=\"row-15\">\n\t<td class=\"column-1\">D\u00e1nia<\/td><td class=\"column-2\">UPS\/DPD\/DHL N\u00e9metorsz\u00e1g<\/td><td class=\"column-3\">8-13 nap<\/td>\n<\/tr>\n<tr class=\"row-16\">\n\t<td class=\"column-1\">Sv\u00e9dorsz\u00e1g<\/td><td class=\"column-2\">UPS\/DPD\/DHL N\u00e9metorsz\u00e1g<\/td><td class=\"column-3\">8-13 nap<\/td>\n<\/tr>\n<tr class=\"row-17\">\n\t<td class=\"column-1\">Ausztria<\/td><td class=\"column-2\">UPS\/DPD\/DHL N\u00e9metorsz\u00e1g<\/td><td class=\"column-3\">8-13 nap<\/td>\n<\/tr>\n<tr class=\"row-18\">\n\t<td class=\"column-1\">Olaszorsz\u00e1g<\/td><td class=\"column-2\">UPS\/DPD\/DHL N\u00e9metorsz\u00e1g<\/td><td class=\"column-3\">8-13 nap<\/td>\n<\/tr>\n<tr class=\"row-19\">\n\t<td class=\"column-1\">Magyarorsz\u00e1g<\/td><td class=\"column-2\">UPS\/DPD\/DHL N\u00e9metorsz\u00e1g<\/td><td class=\"column-3\">8-13 nap<\/td>\n<\/tr>\n<tr class=\"row-20\">\n\t<td class=\"column-1\">Litv\u00e1nia<\/td><td class=\"column-2\">UPS\/DPD\/DHL N\u00e9metorsz\u00e1g<\/td><td class=\"column-3\">8-13 nap<\/td>\n<\/tr>\n<tr class=\"row-21\">\n\t<td class=\"column-1\">\u00c9sztorsz\u00e1g<\/td><td class=\"column-2\">UPS\/DPD\/DHL N\u00e9metorsz\u00e1g<\/td><td class=\"column-3\">8-13 nap<\/td>\n<\/tr>\n<tr class=\"row-22\">\n\t<td class=\"column-1\">Lettorsz\u00e1g<\/td><td class=\"column-2\">UPS\/DPD\/DHL N\u00e9metorsz\u00e1g<\/td><td class=\"column-3\">8-13 nap<\/td>\n<\/tr>\n<tr class=\"row-23\">\n\t<td class=\"column-1\">G\u00f6r\u00f6gorsz\u00e1g<\/td><td class=\"column-2\">UPS\/DPD\/DHL N\u00e9metorsz\u00e1g<\/td><td class=\"column-3\">8-13 nap<\/td>\n<\/tr>\n<tr class=\"row-24\">\n\t<td class=\"column-1\">\u00cdrorsz\u00e1g<\/td><td class=\"column-2\">UPS\/DPD\/DHL N\u00e9metorsz\u00e1g<\/td><td class=\"column-3\">8-13 nap<\/td>\n<\/tr>\n<tr class=\"row-25\">\n\t<td class=\"column-1\">Portug\u00e1lia<\/td><td class=\"column-2\">UPS\/DPD\/DHL N\u00e9metorsz\u00e1g<\/td><td class=\"column-3\">8-13 nap<\/td>\n<\/tr>\n<tr class=\"row-26\">\n\t<td class=\"column-1\">Spanyolorsz\u00e1g<\/td><td class=\"column-2\">UPS\/DPD\/DHL N\u00e9metorsz\u00e1g<\/td><td class=\"column-3\">8-13 nap<\/td>\n<\/tr>\n<tr class=\"row-27\">\n\t<td class=\"column-1\">Egyes\u00fclt Arab Em\u00edrs\u00e9gek (Dubai)<\/td><td class=\"column-2\">Dubai dedik\u00e1lt vonal<\/td><td class=\"column-3\">12-18 nap<\/td>\n<\/tr>\n<tr class=\"row-28\">\n\t<td class=\"column-1\">D\u00e9l-Afrika<\/td><td class=\"column-2\">D\u00e9l-afrikai dedik\u00e1lt vonal<\/td><td class=\"column-3\">15-25 nap<\/td>\n<\/tr>\n<tr class=\"row-29\">\n\t<td class=\"column-1\">Vietnam<\/td><td class=\"column-2\">Vietn\u00e1mi dedik\u00e1lt vonal<\/td><td class=\"column-3\">3-5 nap<\/td>\n<\/tr>\n<tr class=\"row-30\">\n\t<td class=\"column-1\">Nyugat-Malajzia<\/td><td class=\"column-2\">Malajzia dedik\u00e1lt vonal<\/td><td class=\"column-3\">4-8 nap<\/td>\n<\/tr>\n<\/tbody>\n<\/table>\n<!-- #tablepress-1 from cache -->\n\n\n\n<p><\/p>\n<\/div>\n<\/div>\n<\/div>\n<\/div>\n\n\n\n<p><\/p>","protected":false},"excerpt":{"rendered":"<p>AgoraVape Shipping Policy 1. Orders are processed and shipped within 1-3 business days. Delivery time is usually 7-15 business days.<\/p>","protected":false},"author":2,"featured_media":10789,"parent":0,"menu_order":0,"comment_status":"closed","ping_status":"closed","template":"elementor_header_footer","meta":{"footnotes":""},"class_list":["post-10788","page","type-page","status-publish","has-post-thumbnail","hentry"],"_links":{"self":[{"href":"https:\/\/agoravape.com\/hu\/wp-json\/wp\/v2\/pages\/10788","targetHints":{"allow":["GET"]}}],"collection":[{"href":"https:\/\/agoravape.com\/hu\/wp-json\/wp\/v2\/pages"}],"about":[{"href":"https:\/\/agoravape.com\/hu\/wp-json\/wp\/v2\/types\/page"}],"author":[{"embeddable":true,"href":"https:\/\/agoravape.com\/hu\/wp-json\/wp\/v2\/users\/2"}],"replies":[{"embeddable":true,"href":"https:\/\/agoravape.com\/hu\/wp-json\/wp\/v2\/comments?post=10788"}],"version-history":[{"count":0,"href":"https:\/\/agoravape.com\/hu\/wp-json\/wp\/v2\/pages\/10788\/revisions"}],"wp:featuredmedia":[{"embeddable":true,"href":"https:\/\/agoravape.com\/hu\/wp-json\/wp\/v2\/media\/10789"}],"wp:attachment":[{"href":"https:\/\/agoravape.com\/hu\/wp-json\/wp\/v2\/media?parent=10788"}],"curies":[{"name":"wp","href":"https:\/\/api.w.org\/{rel}","templated":true}]}}