{"id":10804,"date":"2025-09-22T22:34:52","date_gmt":"2025-09-22T14:34:52","guid":{"rendered":"https:\/\/green-grasshopper-921422.hostingersite.com\/?page_id=10804"},"modified":"2025-09-22T22:34:55","modified_gmt":"2025-09-22T14:34:55","slug":"agoravape-visszateritesi-politika","status":"publish","type":"page","link":"https:\/\/agoravape.com\/hu\/agoravape-return-policy\/","title":{"rendered":"AgoraVape Visszat\u00e9r\u00e9si politika"},"content":{"rendered":"<h1 class=\"wp-block-heading has-text-align-center\">AgoraVape Visszat\u00e9r\u00e9si politika<\/h1>\n\n\n\n<p><br><strong>K\u00f6sz\u00f6nj\u00fck, hogy az AgoraVape-n\u00e9l v\u00e1s\u00e1rolt\u00e1l!<\/strong>\u00a0K\u00e9rj\u00fck, figyelmesen olvassa el a visszak\u00fcld\u00e9si szab\u00e1lyzatunkat:<\/p>\n\n\n\n<p>12 \u00f3r\u00e1n bel\u00fcl visszak\u00fcldhet\u0151: Visszak\u00fcld\u00e9st k\u00e9rhet a rendel\u00e9st\u0151l sz\u00e1m\u00edtott 12 \u00f3r\u00e1n bel\u00fcl. K\u00e9rj\u00fck, hamarosan l\u00e9pjen kapcsolatba vel\u00fcnk, ha lemondja a teljes visszat\u00e9r\u00e9st.<\/p>\n\n\n\n<p>12 \u00f3ra eltelt\u00e9vel: A 12 \u00f3r\u00e1n\u00e1l r\u00e9gebbi megrendel\u00e9sek nem kapnak teljes visszat\u00e9r\u00edt\u00e9st. A csomagot gyakran m\u00e1r elk\u00fcldt\u00e9k a v\u00e1mhoz. Teljes visszak\u00fcld\u00e9s nem lehets\u00e9ges.<\/p>\n\n\n\n<p>R\u00e9szleges visszat\u00e9r\u00e9s a hat\u00e1rid\u0151 ut\u00e1n: 50% a megrendelt \u00f6sszegb\u0151l legfeljebb 12 \u00f3ra eltelt\u00e9vel lehet visszak\u00fcldeni. Ennek oka a csomag v\u00e1mt\u00f3l val\u00f3 visszaszerz\u00e9s\u00e9nek k\u00f6lts\u00e9gei.<\/p>\n\n\n\n<p>Nincs visszak\u00fcld\u00e9s a sz\u00e1ll\u00edt\u00e1s ut\u00e1n: Ha a csomagot elk\u00fcldt\u00e9k, \u00e9s rendelkezik a nyomon k\u00f6vet\u00e9si sz\u00e1mmal, nincs lehet\u0151s\u00e9g a visszak\u00fcld\u00e9sre.<\/p>\n\n\n\n<p>Biztos\u00edt\u00e1si \u00e9s v\u00e1mprobl\u00e9m\u00e1k: Minden csomag biztos\u00edtva van. Ha a v\u00e1mhat\u00f3s\u00e1g visszatartja a csomagot, \u00e9s nem adja ki, akkor teljes visszat\u00e9r\u00edt\u00e9st kap.<\/p>\n\n\n\n<p>Rossz c\u00edm vagy sz\u00e1ll\u00edt\u00e1si probl\u00e9m\u00e1k: Ha a csomagot rossz c\u00edm vagy v\u00e1s\u00e1rl\u00f3i hiba miatt nem lehet k\u00e9zbes\u00edteni, a v\u00e1s\u00e1rl\u00f3nak saj\u00e1t mag\u00e1nak kell \u00faj sz\u00e1ll\u00edt\u00e1si k\u00f6lts\u00e9get fizetnie.<\/p>\n\n\n\n<p>K\u00e9rd\u00e9sek? K\u00e9rj\u00fck, l\u00e9pjen kapcsolatba \u00fcgyf\u00e9lszolg\u00e1latunkkal.<\/p>\n\n\n\n<p><\/p>","protected":false},"excerpt":{"rendered":"<p>AgoraVape Return Policy Thank you for shopping at AgoraVape!\u00a0Please read our Return policy carefully: Return within 12 hours:\u00a0You can request<\/p>","protected":false},"author":2,"featured_media":0,"parent":0,"menu_order":0,"comment_status":"closed","ping_status":"closed","template":"elementor_header_footer","meta":{"footnotes":""},"class_list":["post-10804","page","type-page","status-publish","hentry"],"_links":{"self":[{"href":"https:\/\/agoravape.com\/hu\/wp-json\/wp\/v2\/pages\/10804","targetHints":{"allow":["GET"]}}],"collection":[{"href":"https:\/\/agoravape.com\/hu\/wp-json\/wp\/v2\/pages"}],"about":[{"href":"https:\/\/agoravape.com\/hu\/wp-json\/wp\/v2\/types\/page"}],"author":[{"embeddable":true,"href":"https:\/\/agoravape.com\/hu\/wp-json\/wp\/v2\/users\/2"}],"replies":[{"embeddable":true,"href":"https:\/\/agoravape.com\/hu\/wp-json\/wp\/v2\/comments?post=10804"}],"version-history":[{"count":0,"href":"https:\/\/agoravape.com\/hu\/wp-json\/wp\/v2\/pages\/10804\/revisions"}],"wp:attachment":[{"href":"https:\/\/agoravape.com\/hu\/wp-json\/wp\/v2\/media?parent=10804"}],"curies":[{"name":"wp","href":"https:\/\/api.w.org\/{rel}","templated":true}]}}