{"id":10808,"date":"2025-09-22T22:44:30","date_gmt":"2025-09-22T14:44:30","guid":{"rendered":"https:\/\/green-grasshopper-921422.hostingersite.com\/?page_id=10808"},"modified":"2025-09-22T22:49:20","modified_gmt":"2025-09-22T14:49:20","slug":"agoravape-eletkori-politika","status":"publish","type":"page","link":"https:\/\/agoravape.com\/hu\/agoravape-age-policy\/","title":{"rendered":"AgoraVape Korhat\u00e1rpolitika"},"content":{"rendered":"<h1 class=\"wp-block-heading has-text-align-center\">AgoraVape Korhat\u00e1rpolitika<\/h1>\n\n\n\n<p><strong>AgoraVape Korellen\u0151rz\u00e9s.<\/strong><\/p>\n\n\n\n<p><strong>A doh\u00e1nyz\u00e1s korhat\u00e1ra: <\/strong>Legal\u00e1bb 21 \u00e9vesnek kell lennie ahhoz, hogy vape term\u00e9keket v\u00e1s\u00e1rolhasson az Egyes\u00fclt \u00c1llamokban. Ez a t\u00f6rv\u00e9ny.<\/p>\n\n\n\n<p>Az \u00e9letkor hamis felt\u00fcntet\u00e9se b\u00fcntetend\u0151: Az \u00e9letkor\u00e1nak hazud\u00e1sa v\u00e1s\u00e1rl\u00e1s c\u00e9lj\u00e1b\u00f3l jogi probl\u00e9m\u00e1kat okozhat.<\/p>\n\n\n\n<p>A kiskor\u00faak sz\u00e1m\u00e1ra t\u00f6rt\u00e9n\u0151 v\u00e1s\u00e1rl\u00e1s nem megengedett: A 21 \u00e9v alatti fiatalok sz\u00e1m\u00e1ra tilos vape felszerel\u00e9st v\u00e1s\u00e1rolni. Ez b\u00fcntet\u00e9ss\u00e9 is v\u00e1lhat.<\/p>\n\n\n\n<p><strong>Korellen\u0151rz\u00e9si folyamat: <\/strong>Alaposan ellen\u0151rizz\u00fck az \u00e9letkor\u00e1t. Meg kell adnia nev\u00e9t, c\u00edm\u00e9t, sz\u00fclet\u00e9si d\u00e1tum\u00e1t \u00e9s a BSN utols\u00f3 4 sz\u00e1mjegy\u00e9t. Ezt \u00f6sszevetj\u00fck a nyilv\u00e1nos nyilv\u00e1ntart\u00e1sokkal.<\/p>\n\n\n\n<p>Ez nem m\u0171k\u00f6dik, vagy nincs BSN-ed? Akkor t\u00f6lts\u00f6n fel egy f\u00e9nyk\u00e9pet a szem\u00e9lyazonoss\u00e1gi igazolv\u00e1ny\u00e1r\u00f3l (\u00fatlev\u00e9l vagy jogos\u00edtv\u00e1ny).<\/p>\n\n\n\n<p><strong>Visszautas\u00edthatjuk a megrendel\u00e9seket:<\/strong> Ha nem tudja felmutatni a szem\u00e9lyi igazolv\u00e1ny\u00e1t, t\u00f6r\u00f6lhetj\u00fck a megrendel\u00e9s\u00e9t. Nincs vita.<\/p>\n\n\n\n<p><strong>A fiatalkor\u00faak elad\u00e1s\u00e1nak megakad\u00e1lyoz\u00e1sa:<\/strong> Mindent megtesz\u00fcnk annak \u00e9rdek\u00e9ben, hogy 21 \u00e9v alatti fiatalok ne v\u00e1s\u00e1roljanak t\u0151l\u00fcnk semmit. Ez\u00e9rt ellen\u0151rz\u00fcnk olyan szigor\u00faan.<\/p>\n\n\n\n<p><strong>A szolg\u00e1ltat\u00e1s megtagad\u00e1sa vagy korl\u00e1toz\u00e1sa: <\/strong>N\u00e9ha nemet mondunk az online megrendel\u00e9sekre. \u00d6n szerint ez igazs\u00e1gtalan? Vegye fel a kapcsolatot \u00fcgyf\u00e9lszolg\u00e1latunkkal.<\/p>\n\n\n\n<p><strong>Figyelmeztet\u00e9s:<\/strong> Az oldalunkon egy\u00e9rtelm\u0171 figyelmeztet\u00e9s tal\u00e1lhat\u00f3 a vape-r\u0151l \u00e9s a 21+ szab\u00e1lyr\u00f3l az Egyes\u00fclt \u00c1llamokban.<\/p>\n\n\n\n<p>Az AgoraVape-n\u00e9l a biztons\u00e1g fontos sz\u00e1munkra. Korellen\u0151rz\u00e9seink szigor\u00faak, de sz\u00fcks\u00e9gesek. \u00cdgy \u00e9rt\u00e9kes\u00edtj\u00fck a vape-t felel\u0151ss\u00e9gteljesen. Egy\u00fctt tartjuk a vape k\u00f6z\u00f6ss\u00e9get biztons\u00e1gban \u00e9s leg\u00e1lisan. V\u00e1lassza a megb\u00edzhat\u00f3s\u00e1got - v\u00e1lassza <strong><a href=\"https:\/\/agoravape.com\/hu\/\">AgoraVape<\/a><\/strong>.<\/p>\n\n\n\n<p><strong>K\u00fcldet\u00e9s\u00fcnk:<\/strong> Kiz\u00e1r\u00f3lag 21+ \u00fcgyfelek kiszolg\u00e1l\u00e1sa. Ez a t\u00f6rv\u00e9ny, \u00e9s mi tartjuk is magunkat hozz\u00e1. Nincs kompromisszum. Ellen\u0151rz\u00e9si rendszer\u00fcnk az \u00d6n szem\u00e9lyes adatait \u00e9s szem\u00e9lyazonoss\u00e1gi ellen\u0151rz\u00e9seket haszn\u00e1l. Hazudik a kor\u00e1r\u00f3l? Azonnali jogi l\u00e9p\u00e9sek. M\u00e9g akkor is, ha kiskor\u00fanak v\u00e1s\u00e1rol.<\/p>\n\n\n\n<p>Nincs BSN? T\u00f6ltse fel szem\u00e9lyi igazolv\u00e1ny\u00e1t. K\u00e9ts\u00e9gei vannak? A megrendel\u00e9s nem fog \u00e1tmenni. Pont.<\/p>\n\n\n\n<p>Panaszok elutas\u00edtott megrendel\u00e9sekkel kapcsolatban? \u00cdrjon nek\u00fcnk e-mailt. Mindig meghallgatjuk.<\/p>\n\n\n\n<p><\/p>","protected":false},"excerpt":{"rendered":"<p>AgoraVape Age Policy AgoraVape Age Verification. Legal age to smoke: You must be at least 21 years old to buy<\/p>","protected":false},"author":2,"featured_media":0,"parent":0,"menu_order":0,"comment_status":"closed","ping_status":"closed","template":"elementor_header_footer","meta":{"footnotes":""},"class_list":["post-10808","page","type-page","status-publish","hentry"],"_links":{"self":[{"href":"https:\/\/agoravape.com\/hu\/wp-json\/wp\/v2\/pages\/10808","targetHints":{"allow":["GET"]}}],"collection":[{"href":"https:\/\/agoravape.com\/hu\/wp-json\/wp\/v2\/pages"}],"about":[{"href":"https:\/\/agoravape.com\/hu\/wp-json\/wp\/v2\/types\/page"}],"author":[{"embeddable":true,"href":"https:\/\/agoravape.com\/hu\/wp-json\/wp\/v2\/users\/2"}],"replies":[{"embeddable":true,"href":"https:\/\/agoravape.com\/hu\/wp-json\/wp\/v2\/comments?post=10808"}],"version-history":[{"count":0,"href":"https:\/\/agoravape.com\/hu\/wp-json\/wp\/v2\/pages\/10808\/revisions"}],"wp:attachment":[{"href":"https:\/\/agoravape.com\/hu\/wp-json\/wp\/v2\/media?parent=10808"}],"curies":[{"name":"wp","href":"https:\/\/api.w.org\/{rel}","templated":true}]}}