{"id":10815,"date":"2025-09-22T23:21:55","date_gmt":"2025-09-22T15:21:55","guid":{"rendered":"https:\/\/green-grasshopper-921422.hostingersite.com\/?page_id=10815"},"modified":"2025-09-24T17:19:42","modified_gmt":"2025-09-24T09:19:42","slug":"kerdesek","status":"publish","type":"page","link":"https:\/\/agoravape.com\/hu\/faqs\/","title":{"rendered":"GYIK"},"content":{"rendered":"<h1 class=\"wp-block-heading has-text-align-center\">Gyakran Ism\u00e9telt K\u00e9rd\u00e9sek( GYIK )<\/h1>\n\n\n\n<h2 class=\"wp-block-heading\"><strong>Fizet\u00e9s<\/strong><\/h2>\n\n\n<div id=\"rank-math-faq\" class=\"rank-math-block\">\n<ul class=\"rank-math-list\">\n<li id=\"faq-question-1758677760300\" class=\"rank-math-list-item\">\n<h3 class=\"rank-math-question\">Milyen fizet\u00e9si m\u00f3dokat fogad el?<\/h3>\n<div class=\"rank-math-answer\">\n\n<p>T\u00f6bbf\u00e9le fizet\u00e9si m\u00f3dot is elfogadunk. P\u00e9ld\u00e1ul hitelk\u00e1rtya, Trustly, Bancontact, Przelewy24, Multibanco, SEPA, Crypto\uff08USDT, BTC ect.\uff09 \u00e9s \u00edgy tov\u00e1bb. Ellen\u0151rizze a p\u00e9nzt\u00e1r oldal\u00e1t az \u00f6sszes lehet\u0151s\u00e9g\u00e9rt.<\/p>\n\n<\/div>\n<\/li>\n<li id=\"faq-question-1758677791437\" class=\"rank-math-list-item\">\n<h3 class=\"rank-math-question\">Mi\u00e9rt utas\u00edtott\u00e1k el a fizet\u00e9semet?<\/h3>\n<div class=\"rank-math-answer\">\n\n<p>A kifizet\u00e9sek t\u00f6bb okb\u00f3l is elutas\u00edthat\u00f3k. P\u00e9ld\u00e1ul rossz k\u00e1rtyaadatok, el\u00e9gtelen egyenleg vagy a fizet\u00e9si szolg\u00e1ltat\u00e1ssal kapcsolatos probl\u00e9m\u00e1k. K\u00e9rj\u00fck, ellen\u0151rizze adatait, vagy l\u00e9pjen kapcsolatba bankj\u00e1val\/fizet\u00e9si szolg\u00e1ltat\u00f3j\u00e1val.<\/p>\n\n<\/div>\n<\/li>\n<li id=\"faq-question-1758677799119\" class=\"rank-math-list-item\">\n<h3 class=\"rank-math-question\">Hogyan kaphatok sz\u00e1ml\u00e1t?<\/h3>\n<div class=\"rank-math-answer\">\n\n<p>Sz\u00e1ml\u00e1t k\u00e9r? Megtehet\u0151 a fizet\u00e9s sor\u00e1n. Ezt k\u00f6vet\u0151en e-mailben k\u00fcldj\u00fck el.<\/p>\n\n<\/div>\n<\/li>\n<li id=\"faq-question-1758677805392\" class=\"rank-math-list-item\">\n<h3 class=\"rank-math-question\">K\u00edn\u00e1l ut\u00e1nv\u00e9tes fizet\u00e9si lehet\u0151s\u00e9get?<\/h3>\n<div class=\"rank-math-answer\">\n\n<p>Nem, nincs ut\u00e1nv\u00e9tel. Rendel\u00e9skor online kell fizetnie.<\/p>\n\n<\/div>\n<\/li>\n<li id=\"faq-question-1758677842806\" class=\"rank-math-list-item\">\n<h3 class=\"rank-math-question\">Van lehet\u0151s\u00e9g kedvezm\u00e9nyk\u00f3d vagy aj\u00e1nd\u00e9kk\u00e1rtya megad\u00e1s\u00e1ra?<\/h3>\n<div class=\"rank-math-answer\">\n\n<p>Igen, van k\u00f3dja vagy utalv\u00e1nya? Adja meg a k\u00f3dot a p\u00e9nzt\u00e1r oldalon a kedvezm\u00e9ny\u00e9rt.<\/p>\n\n<\/div>\n<\/li>\n<li id=\"faq-question-1758677850262\" class=\"rank-math-list-item\">\n<h3 class=\"rank-math-question\">Biztons\u00e1gos a fizet\u00e9s?<\/h3>\n<div class=\"rank-math-answer\">\n\n<p>Biztons\u00e1gos fizet\u00e9seket biztos\u00edtunk. Titkos\u00edt\u00e1st haszn\u00e1lunk \u00e9s megfelel\u00fcnk a PCI szabv\u00e1nyoknak.<\/p>\n\n<\/div>\n<\/li>\n<li id=\"faq-question-1758677856599\" class=\"rank-math-list-item\">\n<h3 class=\"rank-math-question\">Hogyan kaphatok visszaigazol\u00e1st a fizet\u00e9s ut\u00e1n?<\/h3>\n<div class=\"rank-math-answer\">\n\n<p>Igen, a sikeres fizet\u00e9s ut\u00e1n azonnal kap egy e-mailt a megrendel\u00e9s visszaigazol\u00e1s\u00e1val.<\/p>\n\n<\/div>\n<\/li>\n<li id=\"faq-question-1758677863213\" class=\"rank-math-list-item\">\n<h3 class=\"rank-math-question\">Hogyan k\u00e9rhetem a visszav\u00e9telt?<\/h3>\n<div class=\"rank-math-answer\">\n\n<p>K\u00e9rj\u00fck, vegye fel a kapcsolatot \u00fcgyf\u00e9lszolg\u00e1lati csapatunkkal. K\u00e9rj\u00fck, adja meg a megrendel\u00e9s adatait. Seg\u00edteni fogunk a visszak\u00fcld\u00e9si szab\u00e1lyzatunknak megfelel\u0151en.<\/p>\n\n<\/div>\n<\/li>\n<li id=\"faq-question-1758677871426\" class=\"rank-math-list-item\">\n<h3 class=\"rank-math-question\">Hogyan tekinthetem meg a rendel\u00e9si el\u0151zm\u00e9nyeket fizet\u00e9s ut\u00e1n?<\/h3>\n<div class=\"rank-math-answer\">\n\n<p>Jelentkezzen be fi\u00f3kj\u00e1ba. Menjen a \u201cFi\u00f3kom\u201d men\u00fcpontra. A rendel\u00e9si el\u0151zm\u00e9nyek k\u00f6z\u00f6tt l\u00e1thatja az \u00f6sszes kifizet\u00e9st \u00e9s a rendel\u00e9sek \u00e1llapot\u00e1t.<\/p>\n\n<\/div>\n<\/li>\n<\/ul>\n<\/div>\n\n\n<h2 class=\"wp-block-heading\">Sz\u00e1ll\u00edt\u00e1s<\/h2>\n\n\n<div id=\"rank-math-faq\" class=\"rank-math-block\">\n<ul class=\"rank-math-list\">\n<li id=\"faq-question-1758677890188\" class=\"rank-math-list-item\">\n<h3 class=\"rank-math-question\">Mi a sz\u00e1ll\u00edt\u00e1si politika?<\/h3>\n<div class=\"rank-math-answer\">\n\n<p>Orsz\u00e1gok, ahov\u00e1 sz\u00e1ll\u00edthatunk\u00a0<strong>DDP<\/strong>\u00a0(<strong>Fizetett sz\u00e1ll\u00edt\u00e1si v\u00e1m<\/strong>) M\u00f3dszer, nem k\u00e9ri, hogy v\u00e1mkezel\u00e9st v\u00e9gezzen, \u00e9s nincs v\u00e1m az \u00d6n sz\u00e1m\u00e1ra.<br \/>- USA - UPS Express (kiv\u00e9ve Alaszka \u00e9s Hawaii)<br \/>- UK - Helyi DPD Express<br \/>- Eur\u00f3pa - UPS Express\/ DPD Express\/ DHL Express<br \/>Az eur\u00f3pai DDP-m\u00f3dszer orsz\u00e1glist\u00e1i: N\u00e9metorsz\u00e1g, Belgium, Luxemburg, Hollandia, Csehorsz\u00e1g, Lengyelorsz\u00e1g, Horv\u00e1torsz\u00e1g, Szlov\u00e1kia, Szlov\u00e9nia, Finnorsz\u00e1g, D\u00e1nia, Sv\u00e9dorsz\u00e1g, Ausztria, Franciaorsz\u00e1g, Olaszorsz\u00e1g, Magyarorsz\u00e1g, Bulg\u00e1ria, Litv\u00e1nia, \u00c9sztorsz\u00e1g, Lettorsz\u00e1g, G\u00f6r\u00f6gorsz\u00e1g, \u00cdrorsz\u00e1g, Portug\u00e1lia, Spanyolorsz\u00e1g.<br \/>Az Egyes\u00fclt Kir\u00e1lys\u00e1g kiv\u00e9tel\u00e9vel az eur\u00f3pai orsz\u00e1gokba ir\u00e1nyul\u00f3 k\u00fcldem\u00e9nyek N\u00e9metorsz\u00e1gban ker\u00fclnek elsz\u00e1mol\u00e1sra, \u00e9s N\u00e9metorsz\u00e1gb\u00f3l sz\u00e1ll\u00edtj\u00e1k a t\u00f6bbi eur\u00f3pai orsz\u00e1gba.<br \/>- Egyes\u00fclt Arab Em\u00edrs\u00e9gek (csak Dubai)<br \/>- D\u00e9l-Afrika<br \/>- Vietnam<br \/>- Nyugat-Malajzia\uff08expcet Kalimantan sziget\uff09<\/p>\n<p><strong>Sz\u00e1ll\u00edt\u00e1si id\u0151k egyes orsz\u00e1gok eset\u00e9ben:<\/strong><br \/>\n<table id=\"tablepress-1\" class=\"tablepress tablepress-id-1\">\n<thead>\n<tr class=\"row-1\">\n\t<th class=\"column-1\">ORSZ\u00c1G<\/th><th class=\"column-2\">SZ\u00c1LL\u00cdT\u00c1SI M\u00d3D<\/th><th class=\"column-3\">SZ\u00c1LL\u00cdT\u00c1SI ID\u0150<\/th>\n<\/tr>\n<\/thead>\n<tbody class=\"row-striping row-hover\">\n<tr class=\"row-2\">\n\t<td class=\"column-1\">USA<\/td><td class=\"column-2\">Helyi UPS Ground<\/td><td class=\"column-3\">10-15 nap<\/td>\n<\/tr>\n<tr class=\"row-3\">\n\t<td class=\"column-1\">UK<\/td><td class=\"column-2\">Helyi DPD Express<\/td><td class=\"column-3\">7-12 nap<\/td>\n<\/tr>\n<tr class=\"row-4\">\n\t<td class=\"column-1\">N\u00e9metorsz\u00e1g<\/td><td class=\"column-2\">UPS\/DPD\/DHL N\u00e9metorsz\u00e1g<\/td><td class=\"column-3\">8-13 nap<\/td>\n<\/tr>\n<tr class=\"row-5\">\n\t<td class=\"column-1\">Franciaorsz\u00e1g<\/td><td class=\"column-2\">UPS\/DPD\/DHL N\u00e9metorsz\u00e1g<\/td><td class=\"column-3\">8-13 nap<\/td>\n<\/tr>\n<tr class=\"row-6\">\n\t<td class=\"column-1\">Belgium<\/td><td class=\"column-2\">UPS\/DPD\/DHL N\u00e9metorsz\u00e1g<\/td><td class=\"column-3\">8-13 nap<\/td>\n<\/tr>\n<tr class=\"row-7\">\n\t<td class=\"column-1\">Luxemburg<\/td><td class=\"column-2\">UPS\/DPD\/DHL N\u00e9metorsz\u00e1g<\/td><td class=\"column-3\">8-13 nap<\/td>\n<\/tr>\n<tr class=\"row-8\">\n\t<td class=\"column-1\">Hollandia<\/td><td class=\"column-2\">UPS\/DPD\/DHL N\u00e9metorsz\u00e1g<\/td><td class=\"column-3\">8-13 nap<\/td>\n<\/tr>\n<tr class=\"row-9\">\n\t<td class=\"column-1\">Cseh K\u00f6zt\u00e1rsas\u00e1g<\/td><td class=\"column-2\">UPS\/DPD\/DHL N\u00e9metorsz\u00e1g<\/td><td class=\"column-3\">8-13 nap<\/td>\n<\/tr>\n<tr class=\"row-10\">\n\t<td class=\"column-1\">Lengyelorsz\u00e1g<\/td><td class=\"column-2\">UPS\/DPD\/DHL N\u00e9metorsz\u00e1g<\/td><td class=\"column-3\">8-13 nap<\/td>\n<\/tr>\n<tr class=\"row-11\">\n\t<td class=\"column-1\">Horv\u00e1torsz\u00e1g<\/td><td class=\"column-2\">UPS\/DPD\/DHL N\u00e9metorsz\u00e1g<\/td><td class=\"column-3\">8-13 nap<\/td>\n<\/tr>\n<tr class=\"row-12\">\n\t<td class=\"column-1\">Szlov\u00e1kia<\/td><td class=\"column-2\">UPS\/DPD\/DHL N\u00e9metorsz\u00e1g<\/td><td class=\"column-3\">8-13 nap<\/td>\n<\/tr>\n<tr class=\"row-13\">\n\t<td class=\"column-1\">Szlov\u00e9nia<\/td><td class=\"column-2\">UPS\/DPD\/DHL N\u00e9metorsz\u00e1g<\/td><td class=\"column-3\">8-13 nap<\/td>\n<\/tr>\n<tr class=\"row-14\">\n\t<td class=\"column-1\">Finnorsz\u00e1g<\/td><td class=\"column-2\">UPS\/DPD\/DHL N\u00e9metorsz\u00e1g<\/td><td class=\"column-3\">8-13 nap<\/td>\n<\/tr>\n<tr class=\"row-15\">\n\t<td class=\"column-1\">D\u00e1nia<\/td><td class=\"column-2\">UPS\/DPD\/DHL N\u00e9metorsz\u00e1g<\/td><td class=\"column-3\">8-13 nap<\/td>\n<\/tr>\n<tr class=\"row-16\">\n\t<td class=\"column-1\">Sv\u00e9dorsz\u00e1g<\/td><td class=\"column-2\">UPS\/DPD\/DHL N\u00e9metorsz\u00e1g<\/td><td class=\"column-3\">8-13 nap<\/td>\n<\/tr>\n<tr class=\"row-17\">\n\t<td class=\"column-1\">Ausztria<\/td><td class=\"column-2\">UPS\/DPD\/DHL N\u00e9metorsz\u00e1g<\/td><td class=\"column-3\">8-13 nap<\/td>\n<\/tr>\n<tr class=\"row-18\">\n\t<td class=\"column-1\">Olaszorsz\u00e1g<\/td><td class=\"column-2\">UPS\/DPD\/DHL N\u00e9metorsz\u00e1g<\/td><td class=\"column-3\">8-13 nap<\/td>\n<\/tr>\n<tr class=\"row-19\">\n\t<td class=\"column-1\">Magyarorsz\u00e1g<\/td><td class=\"column-2\">UPS\/DPD\/DHL N\u00e9metorsz\u00e1g<\/td><td class=\"column-3\">8-13 nap<\/td>\n<\/tr>\n<tr class=\"row-20\">\n\t<td class=\"column-1\">Litv\u00e1nia<\/td><td class=\"column-2\">UPS\/DPD\/DHL N\u00e9metorsz\u00e1g<\/td><td class=\"column-3\">8-13 nap<\/td>\n<\/tr>\n<tr class=\"row-21\">\n\t<td class=\"column-1\">\u00c9sztorsz\u00e1g<\/td><td class=\"column-2\">UPS\/DPD\/DHL N\u00e9metorsz\u00e1g<\/td><td class=\"column-3\">8-13 nap<\/td>\n<\/tr>\n<tr class=\"row-22\">\n\t<td class=\"column-1\">Lettorsz\u00e1g<\/td><td class=\"column-2\">UPS\/DPD\/DHL N\u00e9metorsz\u00e1g<\/td><td class=\"column-3\">8-13 nap<\/td>\n<\/tr>\n<tr class=\"row-23\">\n\t<td class=\"column-1\">G\u00f6r\u00f6gorsz\u00e1g<\/td><td class=\"column-2\">UPS\/DPD\/DHL N\u00e9metorsz\u00e1g<\/td><td class=\"column-3\">8-13 nap<\/td>\n<\/tr>\n<tr class=\"row-24\">\n\t<td class=\"column-1\">\u00cdrorsz\u00e1g<\/td><td class=\"column-2\">UPS\/DPD\/DHL N\u00e9metorsz\u00e1g<\/td><td class=\"column-3\">8-13 nap<\/td>\n<\/tr>\n<tr class=\"row-25\">\n\t<td class=\"column-1\">Portug\u00e1lia<\/td><td class=\"column-2\">UPS\/DPD\/DHL N\u00e9metorsz\u00e1g<\/td><td class=\"column-3\">8-13 nap<\/td>\n<\/tr>\n<tr class=\"row-26\">\n\t<td class=\"column-1\">Spanyolorsz\u00e1g<\/td><td class=\"column-2\">UPS\/DPD\/DHL N\u00e9metorsz\u00e1g<\/td><td class=\"column-3\">8-13 nap<\/td>\n<\/tr>\n<tr class=\"row-27\">\n\t<td class=\"column-1\">Egyes\u00fclt Arab Em\u00edrs\u00e9gek (Dubai)<\/td><td class=\"column-2\">Dubai dedik\u00e1lt vonal<\/td><td class=\"column-3\">12-18 nap<\/td>\n<\/tr>\n<tr class=\"row-28\">\n\t<td class=\"column-1\">D\u00e9l-Afrika<\/td><td class=\"column-2\">D\u00e9l-afrikai dedik\u00e1lt vonal<\/td><td class=\"column-3\">15-25 nap<\/td>\n<\/tr>\n<tr class=\"row-29\">\n\t<td class=\"column-1\">Vietnam<\/td><td class=\"column-2\">Vietn\u00e1mi dedik\u00e1lt vonal<\/td><td class=\"column-3\">3-5 nap<\/td>\n<\/tr>\n<tr class=\"row-30\">\n\t<td class=\"column-1\">Nyugat-Malajzia<\/td><td class=\"column-2\">Malajzia dedik\u00e1lt vonal<\/td><td class=\"column-3\">4-8 nap<\/td>\n<\/tr>\n<\/tbody>\n<\/table>\n<!-- #tablepress-1 from cache --><\/p>\n<p>M\u00e1s orsz\u00e1gok<br \/>A fent felsorolt orsz\u00e1gokon k\u00edv\u00fcl a k\u00f6vetkez\u0151kre van sz\u00fcks\u00e9ged\u00a0<strong>v\u00e1mkezel\u00e9st v\u00e9gezni<\/strong>\u00a0\u00e9s\u00a0<strong>fizet\u00e9si k\u00f6telezetts\u00e9gek<\/strong>\u00a0amikor a csomag meg\u00e9rkezett a v\u00e1mhat\u00f3s\u00e1ghoz, hogy mennyi ad\u00f3t kell fizetnie, k\u00e9rj\u00fck, \u00e9rdekl\u0151dj\u00f6n a helyi v\u00e1mhat\u00f3s\u00e1gokn\u00e1l a r\u00e9szletek\u00e9rt.<br \/>A v\u00e1mhat\u00f3s\u00e1g megk\u00f6vetelheti, hogy\u00a0<strong>m\u0171k\u00f6d\u00e9si enged\u00e9ly<\/strong>\u00a0is. (ha van ilyen)<\/p>\n\n<\/div>\n<\/li>\n<li id=\"faq-question-1758705293446\" class=\"rank-math-list-item\">\n<h3 class=\"rank-math-question\">Hogyan sz\u00e1m\u00edtjuk ki a sz\u00e1ll\u00edt\u00e1si k\u00f6lts\u00e9geket?<\/h3>\n<div class=\"rank-math-answer\">\n\n<p>A sz\u00e1ll\u00edt\u00e1si k\u00f6lts\u00e9geket \u00e1ltal\u00e1ban a t\u00e9telek s\u00falya, a sz\u00e1ll\u00edt\u00e1si c\u00e9l\u00e1llom\u00e1s \u00e9s a kiv\u00e1lasztott sz\u00e1ll\u00edt\u00e1si m\u00f3d alapj\u00e1n sz\u00e1m\u00edtj\u00e1k ki. A sz\u00e1ll\u00edt\u00e1si k\u00f6lts\u00e9get a fizet\u00e9s sor\u00e1n l\u00e1thatja.<\/p>\n\n<\/div>\n<\/li>\n<li id=\"faq-question-1758705303927\" class=\"rank-math-list-item\">\n<h3 class=\"rank-math-question\">Mit tegyek, ha a csomagom elveszett vagy k\u00e9sik?<\/h3>\n<div class=\"rank-math-answer\">\n\n<p>Ha csomagja elveszett vagy jelent\u0151sen k\u00e9sik, k\u00e9rj\u00fck, l\u00e9pjen kapcsolatba \u00fcgyf\u00e9lszolg\u00e1lati csapatunkkal. Kivizsg\u00e1ljuk \u00e9s seg\u00edt\u00fcnk a probl\u00e9ma megold\u00e1s\u00e1ban.<\/p>\n\n<\/div>\n<\/li>\n<li id=\"faq-question-1758705315349\" class=\"rank-math-list-item\">\n<h3 class=\"rank-math-question\">Hogyan k\u00f6vethetem nyomon a rendel\u00e9semet?<\/h3>\n<div class=\"rank-math-answer\">\n\n<p>Rendel\u00e9s\u00e9t nyomon k\u00f6vetheti, ha bejelentkezik fi\u00f3kj\u00e1ba, \u00e9s bel\u00e9p a \u201cRendel\u00e9si el\u0151zm\u00e9nyek\u201d r\u00e9szbe. A rendel\u00e9s nyomon k\u00f6vet\u00e9s\u00e9re vonatkoz\u00f3 inform\u00e1ci\u00f3kat e-mailben is elk\u00fcldj\u00fck.<\/p>\n\n<\/div>\n<\/li>\n<li id=\"faq-question-1758705329899\" class=\"rank-math-list-item\">\n<h3 class=\"rank-math-question\">Kell-e v\u00e1mot fizetnem?<\/h3>\n<div class=\"rank-math-answer\">\n\n<p>Egyel\u0151re nem k\u00f6telez\u0151, kiv\u00e9ve Kanad\u00e1ban \u00e9s D\u00e1ni\u00e1ban.<\/p>\n\n<\/div>\n<\/li>\n<li id=\"faq-question-1758705335223\" class=\"rank-math-list-item\">\n<h3 class=\"rank-math-question\">Mennyi a v\u00e1rhat\u00f3 sz\u00e1ll\u00edt\u00e1si id\u0151?<\/h3>\n<div class=\"rank-math-answer\">\n\n<p>A term\u00e9kt\u0151l f\u00fcgg\u0151en a k\u00e9szletez\u00e9si id\u0151 1-5 nap, a sz\u00e1ll\u00edt\u00e1si id\u0151 pedig 7-15 nap.<\/p>\n\n<\/div>\n<\/li>\n<\/ul>\n<\/div>\n\n\n<h2 class=\"wp-block-heading\">Biztons\u00e1g<\/h2>\n\n\n<div id=\"rank-math-faq\" class=\"rank-math-block\">\n<div class=\"rank-math-list\">\n<div id=\"faq-question-1758705372113\" class=\"rank-math-list-item\">\n<h3 class=\"rank-math-question\">Hogyan garant\u00e1lj\u00e1k a weboldal biztons\u00e1g\u00e1t?<\/h3>\n<div class=\"rank-math-answer\">\n\n<p>T\u00f6bbr\u00e9teg\u0171 biztons\u00e1gi int\u00e9zked\u00e9seket alkalmazunk adatai \u00e9s tranzakci\u00f3i v\u00e9delme \u00e9rdek\u00e9ben, bele\u00e9rtve az adattitkos\u00edt\u00e1st, t\u0171zfalakat \u00e9s rendszeres biztons\u00e1gi ellen\u0151rz\u00e9seket.<\/p>\n\n<\/div>\n<\/div>\n<div id=\"faq-question-1758705383884\" class=\"rank-math-list-item\">\n<h3 class=\"rank-math-question\">Hogyan v\u00e9dik a szem\u00e9lyes adataimat?<\/h3>\n<div class=\"rank-math-answer\">\n\n<p>Szigor\u00faan betartjuk adatv\u00e9delmi szab\u00e1lyzatunkat, \u00e9s nem adjuk el \u00e9s nem osztjuk meg szem\u00e9lyes adatait. Az \u00d6n adatait kiz\u00e1r\u00f3lag a megrendel\u00e9sek feldolgoz\u00e1s\u00e1ra \u00e9s \u00fcgyf\u00e9lszolg\u00e1lat ny\u00fajt\u00e1s\u00e1ra haszn\u00e1ljuk fel.<\/p>\n\n<\/div>\n<\/div>\n<div id=\"faq-question-1758705391537\" class=\"rank-math-list-item\">\n<h3 class=\"rank-math-question\">Biztons\u00e1gosak a fizet\u00e9si inform\u00e1ci\u00f3k?<\/h3>\n<div class=\"rank-math-answer\">\n\n<p>Az \u00d6n fizet\u00e9si adatainak biztons\u00e1ga \u00e9rdek\u00e9ben a PCI-szabv\u00e1nyoknak megfelel\u0151 biztons\u00e1gos fizet\u00e9si rendszert haszn\u00e1lunk.<\/p>\n\n<\/div>\n<\/div>\n<div id=\"faq-question-1758705401483\" class=\"rank-math-list-item\">\n<h3 class=\"rank-math-question\">Hogyan tudok er\u0151s jelsz\u00f3t l\u00e9trehozni?<\/h3>\n<div class=\"rank-math-answer\">\n\n<p>Az er\u0151s jelsz\u00f3 l\u00e9trehoz\u00e1s\u00e1hoz bet\u0171k, sz\u00e1mok \u00e9s speci\u00e1lis karakterek kombin\u00e1ci\u00f3j\u00e1t kell haszn\u00e1lni, \u00e9s ker\u00fclni kell a k\u00f6nnyen kital\u00e1lhat\u00f3 inform\u00e1ci\u00f3kat, p\u00e9ld\u00e1ul a sz\u00fclet\u00e9si d\u00e1tumokat. A jelsz\u00f3 rendszeres megv\u00e1ltoztat\u00e1sa szint\u00e9n a biztons\u00e1g n\u00f6vel\u00e9s\u00e9nek egyik m\u00f3dja.<\/p>\n\n<\/div>\n<\/div>\n<div id=\"faq-question-1758705409709\" class=\"rank-math-list-item\">\n<h3 class=\"rank-math-question\">Hogyan tudom ellen\u0151rizni a weboldal hiteless\u00e9g\u00e9t?<\/h3>\n<div class=\"rank-math-answer\">\n\n<p>Ellen\u0151rizze a weboldal URL-c\u00edm\u00e9t, hogy az megegyezik-e a hivatalos weboldallal. Ezenk\u00edv\u00fcl keresse az SSL-tan\u00fas\u00edtv\u00e1nyt, amelynek jeleznie kell, hogy a webhely biztons\u00e1gos.<\/p>\n\n<\/div>\n<\/div>\n<div id=\"faq-question-1758705417995\" class=\"rank-math-list-item\">\n<h3 class=\"rank-math-question\">Hogyan jelenthetek gyan\u00fas tev\u00e9kenys\u00e9get?<\/h3>\n<div class=\"rank-math-answer\">\n\n<p>Ha b\u00e1rmilyen gyan\u00fas tev\u00e9kenys\u00e9get vagy biztons\u00e1gi probl\u00e9m\u00e1t tapasztal, k\u00e9rj\u00fck, azonnal l\u00e9pjen kapcsolatba \u00fcgyf\u00e9lszolg\u00e1latunkkal. Kivizsg\u00e1ljuk \u00e9s megtessz\u00fck a sz\u00fcks\u00e9ges int\u00e9zked\u00e9seket.<\/p>\n\n<\/div>\n<\/div>\n<div id=\"faq-question-1758705426259\" class=\"rank-math-list-item\">\n<h3 class=\"rank-math-question\">Vannak adathal\u00e1szat elleni int\u00e9zked\u00e9sek?<\/h3>\n<div class=\"rank-math-answer\">\n\n<p>Igen, adathal\u00e1szat elleni int\u00e9zked\u00e9seket vezett\u00fcnk be, hogy megakad\u00e1lyozzuk a rosszindulat\u00fa weboldalakon \u00e9s e-mailekben v\u00e9gzett csal\u00e1rd tev\u00e9kenys\u00e9geket.<\/p>\n\n<\/div>\n<\/div>\n<\/div>\n<\/div>\n\n\n<h2 class=\"wp-block-heading\">Visszat\u00e9r\u00edt\u00e9s<\/h2>\n\n\n<div id=\"rank-math-faq\" class=\"rank-math-block\">\n<div class=\"rank-math-list\">\n<div id=\"faq-question-1758705453340\" class=\"rank-math-list-item\">\n<h3 class=\"rank-math-question\">Szeretn\u00e9m megv\u00e1ltoztatni a megrendelt t\u00e9teleket. Mit kell tennem?<\/h3>\n<div class=\"rank-math-answer\">\n\n<p>Megrendel\u00e9s\u00e9t a megrendel\u00e9s lead\u00e1s\u00e1nak napj\u00e1n 23:00 \u00f3r\u00e1ig (PDT -7 GMT) m\u00f3dos\u00edthatja. K\u00e9rj\u00fck, a m\u00f3dos\u00edt\u00e1sok k\u00e9r\u00e9s\u00e9hez l\u00e9pjen kapcsolatba vel\u00fcnk a info@agoravape.com c\u00edmen.<\/p>\n\n<\/div>\n<\/div>\n<div id=\"faq-question-1758705465220\" class=\"rank-math-list-item\">\n<h3 class=\"rank-math-question\">Hogyan k\u00fcldhetek vissza egy term\u00e9ket?<\/h3>\n<div class=\"rank-math-answer\">\n\n<p>15 nap \u00e1ll rendelkez\u00e9sre, hogy valamit visszak\u00fcldj\u00f6n. A csomag k\u00e9zhezv\u00e9tel\u00e9nek napj\u00e1t\u00f3l sz\u00e1m\u00edtva.<\/p>\n<p>Visszak\u00fcld\u00e9skor a term\u00e9knek pontosan olyannak kell lennie, mint ahogyan azt megkapta. Nem viselt\/haszn\u00e1lt. A c\u00edmk\u00e9knek m\u00e9g mindig rajta kell lenni\u00fck. Az eredeti csomagol\u00e1snak is meg kell lennie. A v\u00e1s\u00e1rl\u00e1s igazol\u00e1sa (blokk) sz\u00fcks\u00e9ges.<\/p>\n<p>K\u00fcldj\u00f6n levelet a info@agoravape.com c\u00edmre a visszak\u00fcld\u00e9si folyamat elind\u00edt\u00e1s\u00e1hoz. Ha a t j\u00f3v\u00e1hagyja, visszak\u00fcldj\u00fck a visszak\u00fcld\u00e9si c\u00edmk\u00e9t + a post\u00e1z\u00e1si utas\u00edt\u00e1sokat. Az egyszer\u0171en, id\u0151pont n\u00e9lk\u00fcl visszak\u00fcld\u00f6tt csomagokat figyelmen k\u00edv\u00fcl hagyjuk.<\/p>\n<p>M\u00e9g t\u00f6bb k\u00e9rd\u00e9s? \u00cdrjon e-mailt a info@agoravape.com c\u00edmre.<\/p>\n\n<\/div>\n<\/div>\n<\/div>\n<\/div>","protected":false},"excerpt":{"rendered":"<p>Gyakran ism\u00e9telt k\u00e9rd\u00e9sek (GYIK) Fizet\u00e9s Sz\u00e1ll\u00edt\u00e1s Biztons\u00e1g Visszak\u00fcld\u00e9s<\/p>","protected":false},"author":2,"featured_media":0,"parent":0,"menu_order":0,"comment_status":"closed","ping_status":"closed","template":"elementor_header_footer","meta":{"footnotes":""},"class_list":["post-10815","page","type-page","status-publish","hentry"],"_links":{"self":[{"href":"https:\/\/agoravape.com\/hu\/wp-json\/wp\/v2\/pages\/10815","targetHints":{"allow":["GET"]}}],"collection":[{"href":"https:\/\/agoravape.com\/hu\/wp-json\/wp\/v2\/pages"}],"about":[{"href":"https:\/\/agoravape.com\/hu\/wp-json\/wp\/v2\/types\/page"}],"author":[{"embeddable":true,"href":"https:\/\/agoravape.com\/hu\/wp-json\/wp\/v2\/users\/2"}],"replies":[{"embeddable":true,"href":"https:\/\/agoravape.com\/hu\/wp-json\/wp\/v2\/comments?post=10815"}],"version-history":[{"count":0,"href":"https:\/\/agoravape.com\/hu\/wp-json\/wp\/v2\/pages\/10815\/revisions"}],"wp:attachment":[{"href":"https:\/\/agoravape.com\/hu\/wp-json\/wp\/v2\/media?parent=10815"}],"curies":[{"name":"wp","href":"https:\/\/api.w.org\/{rel}","templated":true}]}}