{"id":18671,"date":"2025-10-22T21:52:12","date_gmt":"2025-10-22T13:52:12","guid":{"rendered":"https:\/\/green-grasshopper-921422.hostingersite.com\/?page_id=18671"},"modified":"2025-10-23T22:14:58","modified_gmt":"2025-10-23T14:14:58","slug":"rolunk","status":"publish","type":"page","link":"https:\/\/agoravape.com\/hu\/about-us\/","title":{"rendered":"R\u00f3lunk"},"content":{"rendered":"<div data-elementor-type=\"wp-page\" data-elementor-id=\"18671\" class=\"elementor elementor-18671\">\n\t\t\t\t<div class=\"wd-negative-gap elementor-element elementor-element-f1aa532 e-flex e-con-boxed e-con e-parent\" data-id=\"f1aa532\" data-element_type=\"container\" data-e-type=\"container\">\n\t\t\t\t\t<div class=\"e-con-inner\">\n\t\t\t\t<div class=\"elementor-element elementor-element-bac86b3 wd-el-breadcrumbs text-left elementor-widget elementor-widget-wd_wc_breadcrumb\" data-id=\"bac86b3\" data-element_type=\"widget\" data-e-type=\"widget\" data-widget_type=\"wd_wc_breadcrumb.default\">\n\t\t\t\t<div class=\"elementor-widget-container\">\n\t\t\t\t\t<nav class=\"wd-breadcrumbs woocommerce-breadcrumb\" aria-label=\"Navig\u00e1ci\u00f3s morzsa\">\t\t\t\t<span class=\"wd-last\">\n\t\t\t\t\tOtthon\t\t\t\t<\/span>\n\t\t\t<\/nav>\t\t\t\t<\/div>\n\t\t\t\t<\/div>\n\t\t\t\t\t<\/div>\n\t\t\t\t<\/div>\n\t\t\t\t<section class=\"wd-negative-gap elementor-section elementor-top-section elementor-element elementor-element-406b757d wd-section-stretch elementor-section-content-middle elementor-section-boxed elementor-section-height-default elementor-section-height-default\" data-id=\"406b757d\" data-element_type=\"section\" data-e-type=\"section\" data-settings=\"{&quot;background_background&quot;:&quot;classic&quot;}\">\n\t\t\t\t\t\t\t<div class=\"elementor-background-overlay\"><\/div>\n\t\t\t\t\t\t\t<div class=\"elementor-container elementor-column-gap-no\">\n\t\t\t\t\t<div class=\"elementor-column elementor-col-50 elementor-top-column elementor-element elementor-element-4a42ef81\" data-id=\"4a42ef81\" data-element_type=\"column\" data-e-type=\"column\" data-settings=\"{&quot;background_background&quot;:&quot;classic&quot;}\">\n\t\t\t<div class=\"elementor-widget-wrap elementor-element-populated\">\n\t\t\t\t\t\t<section class=\"wd-negative-gap elementor-section elementor-inner-section elementor-element elementor-element-737d0425 elementor-section-boxed elementor-section-height-default elementor-section-height-default\" data-id=\"737d0425\" data-element_type=\"section\" data-e-type=\"section\" data-settings=\"{&quot;background_background&quot;:&quot;classic&quot;}\">\n\t\t\t\t\t\t<div class=\"elementor-container elementor-column-gap-default\">\n\t\t\t\t\t<div class=\"elementor-column elementor-col-100 elementor-inner-column elementor-element elementor-element-30e317dc\" data-id=\"30e317dc\" data-element_type=\"column\" data-e-type=\"column\">\n\t\t\t<div class=\"elementor-widget-wrap elementor-element-populated\">\n\t\t\t\t\t\t<div class=\"elementor-element elementor-element-6a04663d wd-width-100 elementor-widget elementor-widget-wd_title\" data-id=\"6a04663d\" data-element_type=\"widget\" data-e-type=\"widget\" data-widget_type=\"wd_title.default\">\n\t\t\t\t<div class=\"elementor-widget-container\">\n\t\t\t\t\t\t\t<div class=\"title-wrapper wd-set-mb reset-last-child wd-title-color-default wd-title-style-default wd-title-size-default text-left\">\n\n\t\t\t\n\t\t\t<div class=\"liner-continer\">\n\t\t\t\t<h4 class=\"woodmart-title-container title wd-fontsize-l\">R\u00f3lunk<\/h4> \n\t\t\t\t\t\t\t<\/div>\n\n\t\t\t\t\t<\/div>\n\t\t\t\t\t\t<\/div>\n\t\t\t\t<\/div>\n\t\t\t\t<div class=\"elementor-element elementor-element-3f926e7b elementor-widget elementor-widget-wd_text_block\" data-id=\"3f926e7b\" data-element_type=\"widget\" data-e-type=\"widget\" data-widget_type=\"wd_text_block.default\">\n\t\t\t\t<div class=\"elementor-widget-container\">\n\t\t\t\t\t\t\t<div class=\"wd-text-block reset-last-child text-left\">\n\t\t\t\n\t\t\t<p>\u00dcdv\u00f6z\u00f6lj\u00fck az AgoraVape, az \u00d6n els\u0151sz\u00e1m\u00fa online c\u00e9lpontja az eldobhat\u00f3 vape term\u00e9kek sz\u00e1m\u00e1ra. Az e-cigarettaiparban szerzett t\u00f6bb mint egy \u00e9vtizedes gazdag tapasztalatunkra t\u00e1maszkodva megb\u00edzhat\u00f3 vezet\u0151k\u00e9nt alak\u00edtottuk ki magunkat, \u00e9s vil\u00e1gszerte ell\u00e1tjuk mind az egy\u00e9ni kiskereskedelmi v\u00e1s\u00e1rl\u00f3kat, mind a nagykereskedelmi partnereket.<\/p><p>K\u00fcldet\u00e9s\u00fcnk az, hogy az eldobhat\u00f3 vape-piac v\u00e9gs\u0151, egyablakos v\u00e1s\u00e1rl\u00e1si platformja legy\u00fcnk. Elk\u00f6telezettek vagyunk az ipar\u00e1gi sz\u00ednvonal emel\u00e9se ir\u00e1nt, a hatalmas \u00e9s v\u00e1ltozatos term\u00e9kv\u00e1laszt\u00e9kot a min\u0151s\u00e9g \u00e9s a v\u00e1s\u00e1rl\u00f3i el\u00e9gedetts\u00e9g ir\u00e1nti szil\u00e1rd elk\u00f6telezetts\u00e9ggel kombin\u00e1lva. Az e-cigaretta tervez\u00e9s, gy\u00e1rt\u00e1s \u00e9s glob\u00e1lis forgalmaz\u00e1s ter\u00e9n szerzett sz\u00e9lesk\u00f6r\u0171 tapasztalatainkat kihaszn\u00e1lva olyan innovat\u00edv term\u00e9keket k\u00edn\u00e1lunk, amelyek tart\u00f3s teljes\u00edtm\u00e9nyt \u00e9s gazdag, kiel\u00e9g\u00edt\u0151 \u00edzeket biztos\u00edtanak.<\/p><p>Az AgoraVape-n\u00e9l b\u00fcszk\u00e9k vagyunk arra, hogy a n\u00e9pszer\u0171 m\u00e1rk\u00e1k p\u00e1ratlan v\u00e1laszt\u00e9k\u00e1t k\u00edn\u00e1ljuk, minden preferenci\u00e1nak megfelel\u0151 lehet\u0151s\u00e9gekkel. Kur\u00e1tori gy\u0171jtem\u00e9ny\u00fcnk a puffm\u00e9retek, nikotinkoncentr\u00e1ci\u00f3k \u00e9s t\u00f6bb sz\u00e1z \u00edz sz\u00e9les sk\u00e1l\u00e1j\u00e1t \u00f6leli fel. Ak\u00e1r kompakt, hordozhat\u00f3 k\u00e9sz\u00fcl\u00e9ket, ak\u00e1r nagyobb, nagy kapacit\u00e1s\u00fa modellt keres, n\u00e1lunk megtal\u00e1lja.<\/p><p>Elk\u00f6telezettek vagyunk a z\u00f6kken\u0151mentes v\u00e1s\u00e1rl\u00e1si \u00e9lm\u00e9ny \u00e9s a versenyk\u00e9pes \u00e1rk\u00e9pz\u00e9s biztos\u00edt\u00e1sa mellett, k\u00fcl\u00f6n\u00f6sen a nagybani megrendel\u00e9seket leadni k\u00edv\u00e1n\u00f3 nagykereskedelmi \u00fcgyfeleink sz\u00e1m\u00e1ra. Professzion\u00e1lis \u00fcgyf\u00e9lszolg\u00e1lati csapatunk mindig k\u00e9szenl\u00e9tben \u00e1ll, hogy seg\u00edtsen \u00d6nnek, biztos\u00edtva a z\u00f6kken\u0151mentes \u00e9s kiel\u00e9g\u00edt\u0151 folyamatot a b\u00f6ng\u00e9sz\u00e9st\u0151l a sz\u00e1ll\u00edt\u00e1sig.<\/p>\n\t\t\t\t\t<\/div>\n\t\t\t\t\t\t<\/div>\n\t\t\t\t<\/div>\n\t\t\t\t<div class=\"elementor-element elementor-element-6ec283ae elementor-widget elementor-widget-wd_text_block\" data-id=\"6ec283ae\" data-element_type=\"widget\" data-e-type=\"widget\" data-widget_type=\"wd_text_block.default\">\n\t\t\t\t<div class=\"elementor-widget-container\">\n\t\t\t\t\t\t\t<div class=\"wd-text-block reset-last-child text-left\">\n\t\t\t\n\t\t\t<p>Tapasztalja meg az AgoraVape k\u00fcl\u00f6nbs\u00e9g\u00e9t. Megh\u00edvjuk \u00d6nt, hogy fedezze fel \u00e1tfog\u00f3 v\u00e1laszt\u00e9kunkat, \u00e9s csatlakozzon el\u00e9gedett \u00fcgyfeleink n\u00f6vekv\u0151 k\u00f6z\u00f6ss\u00e9g\u00e9hez. B\u00edzzon benn\u00fcnk, hogy megb\u00edzhat\u00f3 partnerei lesz\u00fcnk minden p\u00e1rologtat\u00e1si ig\u00e9nye eset\u00e9n.<\/p>\n\t\t\t\t\t<\/div>\n\t\t\t\t\t\t<\/div>\n\t\t\t\t<\/div>\n\t\t\t\t<div class=\"elementor-element elementor-element-f445c8c elementor-widget__width-auto elementor-widget elementor-widget-wd_social_buttons\" data-id=\"f445c8c\" data-element_type=\"widget\" data-e-type=\"widget\" data-widget_type=\"wd_social_buttons.default\">\n\t\t\t\t<div class=\"elementor-widget-container\">\n\t\t\t\t\t\t\t\t<div\n\t\t\t\t\t\tclass=\"wd-social-icons wd-style-bordered wd-size-small social-share wd-shape-circle color-scheme-dark text-left\">\n\t\t\t\t\n\t\t\t\t\n\t\t\t\t\t\t\t\t\t<a rel=\"nofollow noopener noreferrer\" href=\"https:\/\/www.facebook.com\/sharer\/sharer.php?u=https:\/\/agoravape.com\/hu\/about-us\/\" target=\"_blank\" class=\"wd-social-icon social-facebook\" aria-label=\"Facebook k\u00f6z\u00f6ss\u00e9gi link\">\n\t\t\t\t\t\t<span class=\"wd-icon\"><\/span>\n\t\t\t\t\t\t\t\t\t\t\t<\/a>\n\t\t\t\t\n\t\t\t\t\t\t\t\t\t<a rel=\"nofollow noopener noreferrer\" href=\"https:\/\/x.com\/share?url=https:\/\/agoravape.com\/hu\/about-us\/\" target=\"_blank\" class=\"wd-social-icon social-twitter\" aria-label=\"X t\u00e1rsadalmi kapcsolat\">\n\t\t\t\t\t\t<span class=\"wd-icon\"><\/span>\n\t\t\t\t\t\t\t\t\t\t\t<\/a>\n\t\t\t\t\n\t\t\t\t\n\t\t\t\t\n\t\t\t\t\n\t\t\t\t\n\t\t\t\t\n\t\t\t\t\t\t\t\t\t<a rel=\"nofollow noopener noreferrer\" href=\"https:\/\/pinterest.com\/pin\/create\/button\/?url=https:\/\/agoravape.com\/hu\/about-us\/&#038;media=https:\/\/agoravape.com\/wp-content\/uploads\/2025\/10\/IQTE-2400-Puffs-Four-in-One-Multi-Flavor-Vape_Agora_vape-3.webp&#038;description=About%20Us\" target=\"_blank\" class=\"wd-social-icon social-pinterest\" aria-label=\"Pinterest k\u00f6z\u00f6ss\u00e9gi link\">\n\t\t\t\t\t\t<span class=\"wd-icon\"><\/span>\n\t\t\t\t\t\t\t\t\t\t\t<\/a>\n\t\t\t\t\n\t\t\t\t\n\t\t\t\t\t\t\t\t\t<a rel=\"nofollow noopener noreferrer\" href=\"https:\/\/www.linkedin.com\/shareArticle?mini=true&#038;url=https:\/\/agoravape.com\/hu\/about-us\/\" target=\"_blank\" class=\"wd-social-icon social-linkedin\" aria-label=\"Linkedin k\u00f6z\u00f6ss\u00e9gi link\">\n\t\t\t\t\t\t<span class=\"wd-icon\"><\/span>\n\t\t\t\t\t\t\t\t\t\t\t<\/a>\n\t\t\t\t\n\t\t\t\t\n\t\t\t\t\n\t\t\t\t\n\t\t\t\t\n\t\t\t\t\n\t\t\t\t\n\t\t\t\t\n\t\t\t\t\n\t\t\t\t\n\t\t\t\t\n\t\t\t\t\n\t\t\t\t\n\t\t\t\t\n\t\t\t\t\n\t\t\t\t\t\t\t\t\t<a rel=\"nofollow noopener noreferrer\" href=\"https:\/\/telegram.me\/share\/url?url=https:\/\/agoravape.com\/hu\/about-us\/\" target=\"_blank\" class=\"wd-social-icon social-tg\" aria-label=\"Telegram k\u00f6z\u00f6ss\u00e9gi link\">\n\t\t\t\t\t\t<span class=\"wd-icon\"><\/span>\n\t\t\t\t\t\t\t\t\t\t\t<\/a>\n\t\t\t\t\n\t\t\t\t\n\t\t\t<\/div>\n\n\t\t\t\t\t\t<\/div>\n\t\t\t\t<\/div>\n\t\t\t\t\t<\/div>\n\t\t<\/div>\n\t\t\t\t\t<\/div>\n\t\t<\/section>\n\t\t\t\t\t<\/div>\n\t\t<\/div>\n\t\t\t\t<div class=\"elementor-column elementor-col-50 elementor-top-column elementor-element elementor-element-7c04a333\" data-id=\"7c04a333\" data-element_type=\"column\" data-e-type=\"column\">\n\t\t\t<div class=\"elementor-widget-wrap elementor-element-populated\">\n\t\t\t\t\t\t<div class=\"elementor-element elementor-element-5e1f769d elementor-widget elementor-widget-wd_image_or_svg\" data-id=\"5e1f769d\" data-element_type=\"widget\" data-e-type=\"widget\" data-widget_type=\"wd_image_or_svg.default\">\n\t\t\t\t<div class=\"elementor-widget-container\">\n\t\t\t\t\t\n\t\t<div class=\"wd-image text-center\">\n\t\t\t\t\t\t\t\t<img loading=\"lazy\" decoding=\"async\" width=\"580\" height=\"500\" src=\"https:\/\/agoravape.com\/wp-content\/uploads\/2025\/10\/about-agora-vape.jpg\" class=\"attachment-full size-full\" alt=\"\" srcset=\"https:\/\/agoravape.com\/wp-content\/uploads\/2025\/10\/about-agora-vape.jpg 580w, https:\/\/agoravape.com\/wp-content\/uploads\/2025\/10\/about-agora-vape-300x259.jpg 300w\" sizes=\"auto, (max-width: 580px) 100vw, 580px\" \/>\t\t\t\t\t<\/div>\n\n\t\t\t\t\t\t<\/div>\n\t\t\t\t<\/div>\n\t\t\t\t\t<\/div>\n\t\t<\/div>\n\t\t\t\t\t<\/div>\n\t\t<\/section>\n\t\t\t\t<\/div>","protected":false},"excerpt":{"rendered":"<p>F\u0151oldal R\u00f3lunk \u00dcdv\u00f6z\u00f6lj\u00fck az AgoraVape-n\u00e9l, az eldobhat\u00f3 vape term\u00e9kek els\u0151 sz\u00e1m\u00fa online forgalmaz\u00f3j\u00e1n\u00e1l. T\u00f6bb mint egy \u00e9vtizedes tapasztalatra t\u00e1maszkodva<\/p>","protected":false},"author":2,"featured_media":18600,"parent":0,"menu_order":0,"comment_status":"closed","ping_status":"closed","template":"elementor_header_footer","meta":{"footnotes":""},"class_list":["post-18671","page","type-page","status-publish","has-post-thumbnail","hentry"],"_links":{"self":[{"href":"https:\/\/agoravape.com\/hu\/wp-json\/wp\/v2\/pages\/18671","targetHints":{"allow":["GET"]}}],"collection":[{"href":"https:\/\/agoravape.com\/hu\/wp-json\/wp\/v2\/pages"}],"about":[{"href":"https:\/\/agoravape.com\/hu\/wp-json\/wp\/v2\/types\/page"}],"author":[{"embeddable":true,"href":"https:\/\/agoravape.com\/hu\/wp-json\/wp\/v2\/users\/2"}],"replies":[{"embeddable":true,"href":"https:\/\/agoravape.com\/hu\/wp-json\/wp\/v2\/comments?post=18671"}],"version-history":[{"count":0,"href":"https:\/\/agoravape.com\/hu\/wp-json\/wp\/v2\/pages\/18671\/revisions"}],"wp:featuredmedia":[{"embeddable":true,"href":"https:\/\/agoravape.com\/hu\/wp-json\/wp\/v2\/media\/18600"}],"wp:attachment":[{"href":"https:\/\/agoravape.com\/hu\/wp-json\/wp\/v2\/media?parent=18671"}],"curies":[{"name":"wp","href":"https:\/\/api.w.org\/{rel}","templated":true}]}}