{"id":18887,"date":"2025-10-27T23:02:42","date_gmt":"2025-10-27T15:02:42","guid":{"rendered":"https:\/\/agoravape.com\/?page_id=18887"},"modified":"2025-10-28T09:42:57","modified_gmt":"2025-10-28T01:42:57","slug":"licenc","status":"publish","type":"page","link":"https:\/\/agoravape.com\/hu\/license\/","title":{"rendered":"K\u00e9plicenc, szerz\u0151i jogi \u00e9s szellemi tulajdonjogi nyilatkozat"},"content":{"rendered":"<h1 class=\"wp-block-heading has-text-align-left\">K\u00e9plicenc, szerz\u0151i jogi \u00e9s szellemi tulajdonjogi nyilatkozat<br><br><strong>Bevezet\u00e9s<\/strong><\/h1>\n\n\n\n<p>Ez a nyilatkozat szab\u00e1lyozza az agoravape.com (a tov\u00e1bbiakban \u201ca Weboldal\u201d) \u00f6sszes vizu\u00e1lis tartalm\u00e1nak haszn\u00e1lat\u00e1t. A Weboldalhoz val\u00f3 hozz\u00e1f\u00e9r\u00e9ssel vagy annak haszn\u00e1lat\u00e1val \u00d6n beleegyezik, hogy teljes m\u00e9rt\u00e9kben \u00e9s felt\u00e9tel n\u00e9lk\u00fcl betartja az itt le\u00edrt felt\u00e9teleket.<\/p>\n\n\n\n<h3 class=\"wp-block-heading\"><strong>1. r\u00e9sz: Szerz\u0151i jog \u00e9s szellemi tulajdon<\/strong><\/h3>\n\n\n\n<h4 class=\"wp-block-heading\"><strong>1.1. cikk: Tulajdonosi nyilatkozat<\/strong><\/h4>\n\n\n\n<p>A weboldalon k\u00f6zz\u00e9tett minden k\u00e9p, f\u00e9nyk\u00e9p, grafika, log\u00f3 \u00e9s vide\u00f3 (egy\u00fcttesen \u201cVizu\u00e1lis tartalom\u201d), bele\u00e9rtve, de nem kiz\u00e1r\u00f3lagosan a term\u00e9kekkel, term\u00e9kv\u00e1ltozatokkal \u00e9s prom\u00f3ci\u00f3s anyagokkal kapcsolatosakat, az agoravape.com kiz\u00e1r\u00f3lagos tulajdon\u00e1t k\u00e9pezik, vagy a jogtulajdonosok kifejezett enged\u00e9ly\u00e9vel ker\u00fclnek felhaszn\u00e1l\u00e1sra.<\/p>\n\n\n\n<h4 class=\"wp-block-heading\"><strong>1.2. cikk: Jogv\u00e9delem<\/strong><\/h4>\n\n\n\n<p>Minden vizu\u00e1lis tartalom a francia szellemi tulajdonr\u00f3l sz\u00f3l\u00f3 t\u00f6rv\u00e9nyk\u00f6nyv (Code de la Propri\u00e9t\u00e9 Intellectuelle, k\u00fcl\u00f6n\u00f6sen az L111-1 cikk \u00e9s az azt k\u00f6vet\u0151 cikkek), valamint az alkalmazand\u00f3 eur\u00f3pai \u00e9s nemzetk\u00f6zi szerz\u0151i jogi t\u00f6rv\u00e9nyek \u00e1ltal v\u00e9dett. E tartalom b\u00e1rmilyen jogosulatlan felhaszn\u00e1l\u00e1sa e t\u00f6rv\u00e9nyek megs\u00e9rt\u00e9s\u00e9nek min\u0151s\u00fcl. A szerz\u0151i jogi v\u00e9delem a m\u0171 l\u00e9trehoz\u00e1s\u00e1t\u00f3l kezdve automatikusan \u00e9rv\u00e9nyes\u00fcl, \u00e9s nem ig\u00e9nyel hivatalos bejegyz\u00e9st.<\/p>\n\n\n\n<h3 class=\"wp-block-heading\"><strong>2. r\u00e9sz: Licenc \u00e9s enged\u00e9lyezett haszn\u00e1lat<\/strong><\/h3>\n\n\n\n<h4 class=\"wp-block-heading\"><strong>2.1. cikk: Az enged\u00e9lyezett felhaszn\u00e1l\u00e1s k\u00f6re<\/strong><\/h4>\n\n\n\n<p>Az agoravape.com korl\u00e1tozott, nem kiz\u00e1r\u00f3lagos \u00e9s nem \u00e1truh\u00e1zhat\u00f3 enged\u00e9lyt ad a felhaszn\u00e1l\u00f3knak a Vizu\u00e1lis tartalomhoz val\u00f3 hozz\u00e1f\u00e9r\u00e9sre \u00e9s annak kiz\u00e1r\u00f3lag a k\u00f6vetkez\u0151 c\u00e9lokra t\u00f6rt\u00e9n\u0151 haszn\u00e1lat\u00e1ra:<\/p>\n\n\n\n<ul class=\"wp-block-list\">\n<li><strong>Szem\u00e9lyes konzult\u00e1ci\u00f3:<\/strong>\u00a0A tartalom szem\u00e9lyes eszk\u00f6z\u00f6n t\u00f6rt\u00e9n\u0151 megtekint\u00e9se mag\u00e1njelleg\u0171, nem kereskedelmi c\u00e9lokra.<\/li>\n\n\n\n<li><strong>Nem kereskedelmi megoszt\u00e1s:<\/strong>\u00a0A tartalom linkjeinek vagy k\u00e9perny\u0151k\u00e9p\u00e9nek megoszt\u00e1sa szem\u00e9lyes csatorn\u00e1kon, p\u00e9ld\u00e1ul a k\u00f6z\u00f6ss\u00e9gi m\u00e9di\u00e1ban, felt\u00e9ve, hogy a felhaszn\u00e1l\u00e1s szigor\u00faan nem kereskedelmi c\u00e9l\u00fa, \u00e9s egy\u00e9rtelm\u0171en az agoravape.com-ra utal.<\/li>\n<\/ul>\n\n\n\n<h4 class=\"wp-block-heading\"><strong>2.2. cikk: Tiltott tev\u00e9kenys\u00e9gek<\/strong><\/h4>\n\n\n\n<p>Az agoravape.com el\u0151zetes \u00edr\u00e1sbeli hozz\u00e1j\u00e1rul\u00e1sa n\u00e9lk\u00fcl a k\u00f6vetkez\u0151 tev\u00e9kenys\u00e9gek szigor\u00faan tilosak:<\/p>\n\n\n\n<ul class=\"wp-block-list\">\n<li><strong>Szaporod\u00e1s \u00e9s elterjed\u00e9s:<\/strong>\u00a0A Vizu\u00e1lis tartalom m\u00e1sol\u00e1sa, let\u00f6lt\u00e9se, m\u00f3dos\u00edt\u00e1sa, terjeszt\u00e9se vagy \u00fajrak\u00f6zl\u00e9se b\u00e1rmilyen form\u00e1ban, ak\u00e1r digit\u00e1lis, ak\u00e1r fizikai form\u00e1ban.<\/li>\n\n\n\n<li><strong>M\u00f3dos\u00edt\u00e1s \u00e9s sz\u00e1rmaztatott m\u0171vek:<\/strong>\u00a0A Vizu\u00e1lis tartalom megv\u00e1ltoztat\u00e1sa, szerkeszt\u00e9se, kiv\u00e1g\u00e1sa, sz\u00ednez\u00e9se vagy b\u00e1rmilyen sz\u00e1rmaz\u00e9kos m\u0171 l\u00e9trehoz\u00e1sa a Vizu\u00e1lis tartalom alapj\u00e1n.<\/li>\n\n\n\n<li><strong>Kereskedelmi hasznos\u00edt\u00e1s:<\/strong>\u00a0A Vizu\u00e1lis tartalom b\u00e1rmilyen kereskedelmi c\u00e9l\u00fa felhaszn\u00e1l\u00e1sa, bele\u00e9rtve, de nem kiz\u00e1r\u00f3lagosan a rekl\u00e1moz\u00e1st, marketinget, term\u00e9kcsomagol\u00e1st, online piactereken (pl. Amazon, eBay) t\u00f6rt\u00e9n\u0151 viszontelad\u00e1st, vagy b\u00e1rmilyen m\u00e1s nyeres\u00e9gorient\u00e1lt tev\u00e9kenys\u00e9get.<\/li>\n\n\n\n<li><strong>Nyilv\u00e1nos ki\u00e1ll\u00edt\u00e1s:<\/strong>\u00a0A vizu\u00e1lis tartalom terjeszt\u00e9se vagy nyilv\u00e1nos megjelen\u00edt\u00e9se b\u00e1rmely platformon a k\u00f6telez\u0151 felt\u00fcntet\u00e9si k\u00f6vetelm\u00e9nyek betart\u00e1sa n\u00e9lk\u00fcl.<\/li>\n<\/ul>\n\n\n\n<h4 class=\"wp-block-heading\"><strong>2.3. cikk: Haszn\u00e1lati enged\u00e9ly megszerz\u00e9se<\/strong><\/h4>\n\n\n\n<p>A Vizu\u00e1lis tartalomnak a 2.1. cikk hat\u00e1ly\u00e1n k\u00edv\u00fcl es\u0151 b\u00e1rmely c\u00e9lra t\u00f6rt\u00e9n\u0151 felhaszn\u00e1l\u00e1s\u00e1hoz el\u0151zetes \u00edr\u00e1sbeli enged\u00e9lyt kell beszereznie.<\/p>\n\n\n\n<ul class=\"wp-block-list\">\n<li><strong>Licenct\u00edpus:<\/strong>\u00a0Az egyetlen enged\u00e9lyt a k\u00f6vetkez\u0151kre adj\u00e1k meg\u00a0<strong>Attribution-NonCommercial<\/strong>\u00a0haszn\u00e1lat.<\/li>\n\n\n\n<li><strong>Licencinform\u00e1ci\u00f3s oldal:<\/strong>\u00a0A licenc r\u00e9szletes felt\u00e9telei\u00e9rt k\u00e9rj\u00fck, l\u00e1togasson el a k\u00f6vetkez\u0151 weboldalra:\u00a0<code>https:\/\/agoravape.com\/license\/<\/code><\/li>\n\n\n\n<li><strong>Kapcsolat az enged\u00e9lyk\u00e9relemhez:<\/strong>\u00a0Minden enged\u00e9lyk\u00e9relmet a kapcsolatfelv\u00e9teli oldalunkon kereszt\u00fcl kell beny\u00fajtani:\u00a0<code><a href=\"https:\/\/agoravape.com\/hu\/kapcsolataink\/\">https:\/\/agoravape.com\/contact\/<\/a><\/code><\/li>\n<\/ul>\n\n\n\n<h3 class=\"wp-block-heading\"><strong>3. r\u00e9sz: Attrib\u00faci\u00f3s k\u00f6vetelm\u00e9nyek<\/strong><\/h3>\n\n\n\n<h4 class=\"wp-block-heading\"><strong>3.1. cikk: K\u00f6telez\u0151 hozz\u00e1rendel\u00e9s<\/strong><\/h4>\n\n\n\n<p>A Vizu\u00e1lis tartalom b\u00e1rmilyen enged\u00e9lyezett felhaszn\u00e1l\u00e1s\u00e1t, ak\u00e1r nem kereskedelmi c\u00e9l\u00fa megoszt\u00e1s (2.1. cikk), ak\u00e1r k\u00fcl\u00f6n \u00edr\u00e1sbeli licenc (2.3. cikk) \u00fatj\u00e1n t\u00f6rt\u00e9nik, a k\u00f6vetkez\u0151, j\u00f3l l\u00e1that\u00f3 m\u00f3don t\u00f6rt\u00e9n\u0151 felt\u00fcntet\u00e9ssel kell k\u00eds\u00e9rni:<\/p>\n\n\n\n<blockquote class=\"wp-block-quote is-layout-flow wp-block-quote-is-layout-flow\">\n<p><strong>\u00a9 agoravape.com - Minden jog fenntartva<\/strong><br><strong>K\u00e9p forr\u00e1sa: agoravape.com<\/strong><br><strong>Forr\u00e1s URL: https:\/\/agoravape.com<\/strong><\/p>\n<\/blockquote>\n\n\n\n<p>A megfelel\u0151 felt\u00fcntet\u00e9s elmulaszt\u00e1sa a jelen felt\u00e9telek megszeg\u00e9s\u00e9nek min\u0151s\u00fcl.<\/p>\n\n\n\n<h3 class=\"wp-block-heading\"><strong>4. r\u00e9sz: Jogs\u00e9rt\u00e9sek \u00e9s jogorvoslatok<\/strong><\/h3>\n\n\n\n<h4 class=\"wp-block-heading\"><strong>4.1. cikk: A felt\u00e9telek megs\u00e9rt\u00e9se<\/strong><\/h4>\n\n\n\n<p>A Vizu\u00e1lis tartalom b\u00e1rmilyen olyan felhaszn\u00e1l\u00e1sa, amely s\u00e9rti a jelen nyilatkozatban foglalt felt\u00e9teleket, a szerz\u0151i jogok megs\u00e9rt\u00e9s\u00e9nek min\u0151s\u00fcl.<\/p>\n\n\n\n<h4 class=\"wp-block-heading\"><strong>4.2. cikk: Jogi k\u00f6vetkezm\u00e9nyek<\/strong><\/h4>\n\n\n\n<p>Az agoravape.com fenntartja a jogot, hogy minden sz\u00fcks\u00e9ges jogi l\u00e9p\u00e9st megtegyen b\u00e1rmilyen jogs\u00e9rt\u00e9s eset\u00e9n. Ez mag\u00e1ban foglalhatja, de nem kiz\u00e1r\u00f3lagosan:<\/p>\n\n\n\n<ul class=\"wp-block-list\">\n<li><strong>Azonnali elt\u00e1vol\u00edt\u00e1s k\u00f6vetel\u00e9se:<\/strong>\u00a0Hivatalos felsz\u00f3l\u00edt\u00e1s kibocs\u00e1t\u00e1sa a jogs\u00e9rt\u0151 f\u00e9lnek, amelyben felsz\u00f3l\u00edtja a jogosulatlan haszn\u00e1lat azonnali besz\u00fcntet\u00e9s\u00e9re \u00e9s a jogs\u00e9rt\u0151 tartalom elt\u00e1vol\u00edt\u00e1s\u00e1ra.<\/li>\n\n\n\n<li><strong>K\u00e1rt\u00e9r\u00edt\u00e9si ig\u00e9ny:<\/strong>\u00a0A jogs\u00e9rt\u00e9sb\u0151l ered\u0151 anyagi vesztes\u00e9gek \u00e9s j\u00f3 h\u00edrn\u00e9vben bek\u00f6vetkezett k\u00e1rok p\u00e9nzbeli megt\u00e9r\u00edt\u00e9se az alkalmazand\u00f3 jogszab\u00e1lyoknak megfelel\u0151en.<\/li>\n\n\n\n<li><strong>Jogi elj\u00e1r\u00e1sok:<\/strong>\u00a0Polg\u00e1ri vagy b\u00fcntet\u0151jogi elj\u00e1r\u00e1s kezdem\u00e9nyez\u00e9se a jogs\u00e9rt\u0151 f\u00e9llel szemben az illet\u00e9kes b\u00edr\u00f3s\u00e1g el\u0151tt a szellemi tulajdonjogaink \u00e9rv\u00e9nyes\u00edt\u00e9se \u00e9rdek\u00e9ben.<\/li>\n<\/ul>\n\n\n\n<p><strong>4.3. cikk: \u00c9rtelmez\u00e9si jog<\/strong><br>Az agoravape.com fenntartja a jogot, hogy b\u00e1rmikor m\u00f3dos\u00edtsa ezt a nyilatkozatot. Minden m\u00f3dos\u00edt\u00e1s azonnal hat\u00e1lyba l\u00e9p a Weboldalon val\u00f3 k\u00f6zz\u00e9t\u00e9telt k\u00f6vet\u0151en.<\/p>\n\n\n\n<p><\/p>","protected":false},"excerpt":{"rendered":"<p>K\u00e9pek licencel\u00e9se, szerz\u0151i jogok \u00e9s szellemi tulajdonra vonatkoz\u00f3 nyilatkozat Bevezet\u00e9s Ez a nyilatkozat az agoravape.com weboldalon tal\u00e1lhat\u00f3 \u00f6sszes vizu\u00e1lis tartalom haszn\u00e1lat\u00e1ra vonatkozik (a tov\u00e1bbiakban:<\/p>","protected":false},"author":2,"featured_media":18658,"parent":0,"menu_order":0,"comment_status":"closed","ping_status":"closed","template":"elementor_header_footer","meta":{"footnotes":""},"class_list":["post-18887","page","type-page","status-publish","has-post-thumbnail","hentry"],"_links":{"self":[{"href":"https:\/\/agoravape.com\/hu\/wp-json\/wp\/v2\/pages\/18887","targetHints":{"allow":["GET"]}}],"collection":[{"href":"https:\/\/agoravape.com\/hu\/wp-json\/wp\/v2\/pages"}],"about":[{"href":"https:\/\/agoravape.com\/hu\/wp-json\/wp\/v2\/types\/page"}],"author":[{"embeddable":true,"href":"https:\/\/agoravape.com\/hu\/wp-json\/wp\/v2\/users\/2"}],"replies":[{"embeddable":true,"href":"https:\/\/agoravape.com\/hu\/wp-json\/wp\/v2\/comments?post=18887"}],"version-history":[{"count":0,"href":"https:\/\/agoravape.com\/hu\/wp-json\/wp\/v2\/pages\/18887\/revisions"}],"wp:featuredmedia":[{"embeddable":true,"href":"https:\/\/agoravape.com\/hu\/wp-json\/wp\/v2\/media\/18658"}],"wp:attachment":[{"href":"https:\/\/agoravape.com\/hu\/wp-json\/wp\/v2\/media?parent=18887"}],"curies":[{"name":"wp","href":"https:\/\/api.w.org\/{rel}","templated":true}]}}