{"id":10982,"date":"2025-10-04T10:26:12","date_gmt":"2025-10-04T02:26:12","guid":{"rendered":"https:\/\/green-grasshopper-921422.hostingersite.com\/?post_type=product&#038;p=10982"},"modified":"2026-01-13T01:06:44","modified_gmt":"2026-01-12T17:06:44","slug":"iqte-45000-puffs-eldobhato-vape","status":"publish","type":"product","link":"https:\/\/agoravape.com\/hu\/product\/iqte-45000-puffs-disposable-vape\/","title":{"rendered":"IQTE 45000 long-lasting disposable vapes | Large caliber, easy to charge"},"content":{"rendered":"<h2 data-v-md-heading=\"what-are-the-advantages-of-iqte-45000-long-lasting-disposable-electronic-cigarettes\" data-v-md-line=\"3\">Milyen el\u0151nyei vannak az IQTE 45000 hossz\u00fa \u00e9lettartam\u00fa eldobhat\u00f3 vape-eknek?<\/h2>\n<p data-v-md-line=\"4\">Ha eleged van abb\u00f3l, hogy n\u00e9h\u00e1ny naponta cser\u00e9lgeted az e-cigarett\u00e1dat, ez a term\u00e9k megk\u00f6nny\u00edti az \u00e9letedet. Az IQTE 45000 eldobhat\u00f3 e-cigarett\u00e1j\u00e1t azok sz\u00e1m\u00e1ra tervezt\u00e9k, akik hossz\u00fa akkumul\u00e1tor-\u00fczemid\u0151t \u00e9s k\u00f6zvetlen \u00edz\u00e9lm\u00e9nyt keresnek bonyolult be\u00e1ll\u00edt\u00e1sok n\u00e9lk\u00fcl.<\/p>\n<p data-v-md-line=\"6\">\u00dajrat\u00f6lthet\u0151 akkumul\u00e1torral k\u00f6nnyed\u00e9n felhaszn\u00e1lhatod a megv\u00e1s\u00e1rolt e-liquidet egy nagy kaliber\u0171 vape-rel. Ha nap mint nap megb\u00edzhat\u00f3 teljes\u00edtm\u00e9nyre t\u00f6rekszel, ez a term\u00e9k a legjobb v\u00e1laszt\u00e1s. Azt gondolhatod, hogy a nagy kaliber\u0171 eldobhat\u00f3 vape-ek bonyolultak, de ez a term\u00e9k mindent egyszer\u0171v\u00e9 \u00e9s k\u00f6nnyen haszn\u00e1lhat\u00f3v\u00e1 tesz.<\/p>\n<h2 data-v-md-heading=\"excellent-performance-easy-and-convenient\" data-v-md-line=\"8\">Kiv\u00e1l\u00f3 teljes\u00edtm\u00e9ny, egyszer\u0171 \u00e9s k\u00e9nyelmes<\/h2>\n<p data-v-md-line=\"9\">Az IQTE gondosan megtervezte ezt a k\u00e9sz\u00fcl\u00e9ket, hogy az els\u0151 harap\u00e1st\u00f3l az utols\u00f3 falatig egyenletes \u00edzt biztos\u00edtson \u00d6nnek. Tekercse stabil sz\u00edv\u00e1st biztos\u00edt, \u00e9s m\u00e9g n\u00e9h\u00e1ny nap ut\u00e1n sem bomlik el. Ha az akkumul\u00e1tor lemer\u00fcl, a Type-C interf\u00e9szen kereszt\u00fcl t\u00f6ltheti fel. Ez ugyanaz a k\u00e1bel lehet, mint amit a telefonj\u00e1n haszn\u00e1l, a t\u00f6lt\u00e9s k\u00e9nyelmes \u00e9s gyors.<\/p>\n<h2 data-v-md-heading=\"specification-overview\" data-v-md-line=\"11\">Specifik\u00e1ci\u00f3 \u00e1ttekint\u00e9se<\/h2>\n<ul data-v-md-line=\"12\">\n<li>Sz\u00edv\u00e1s gyakoris\u00e1ga: ak\u00e1r 45000 alkalommal<\/li>\n<li>Nikotintartalom: 2% vagy 5% (enged\u00e9lyezett ter\u00fcleteken)<\/li>\n<li>M\u0171k\u00f6d\u00e9si elv: Bel\u00e9gz\u00e9ssel aktiv\u00e1l\u00f3dik<\/li>\n<li>Charging: Standard Type-C USB interface<\/li>\n<li>\u00c1llapot: Kicsomagol\u00e1s ut\u00e1n haszn\u00e1latra k\u00e9sz<\/li>\n<\/ul>\n<p data-v-md-line=\"18\">Figyelmeztet\u00e9s az EU \u00e9s az Egyes\u00fclt Kir\u00e1lys\u00e1g v\u00e1s\u00e1rl\u00f3inak: Ez a k\u00e9sz\u00fcl\u00e9k 28 milliliteres kapacit\u00e1ssal rendelkezik, \u00e9s nagyon magas sz\u00edv\u00e1si frekvenci\u00e1val rendelkezik. Ez a kapacit\u00e1s meghaladja a TPD hat\u00e1r\u00e9rt\u00e9ket, ez\u00e9rt nem felel meg a TPD szab\u00e1lyoz\u00e1si piac\u00e1nak el\u0151\u00edr\u00e1sainak. V\u00e1s\u00e1rl\u00e1s vagy t\u00e1rol\u00e1s el\u0151tt k\u00e9rj\u00fck, olvassa el a helyi t\u00f6rv\u00e9nyeket \u00e9s el\u0151\u00edr\u00e1sokat.<\/p>\n<h2 data-v-md-heading=\"full-range-of-flavors\" data-v-md-line=\"20\">Full range of flavors<\/h2>\n<ul data-v-md-line=\"21\">\n<li>Eper \u00e9s mang\u00f3 \u00edz\u0171<\/li>\n<li>\u0150szibarack turmix<\/li>\n<li>Szerelem 66 \u00edz<\/li>\n<li>Dupla alma \u00edz\u0171<\/li>\n<li>\u00c1fony\u00e1s-cseresznye \u00edz\u0171<\/li>\n<li>Szeder, v\u00f6r\u00f6s m\u00e1lna \u00edz\u0171<\/li>\n<li>G\u00f6r\u00f6gdinnye turmix<\/li>\n<li>Cseresznye k\u00f3la \u00edz\u0171<\/li>\n<li>Sziv\u00e1rv\u00e1nycukor \u00edz<\/li>\n<li>M\u00e1lna g\u00f6r\u00f6gdinnye \u00edz\u0171<\/li>\n<\/ul>\n<h2 data-v-md-heading=\"for-you-and-for-your-business-as-well\" data-v-md-line=\"32\">Neked, \u00e9s a v\u00e1llalkoz\u00e1sodnak is<\/h2>\n<p data-v-md-line=\"33\">V\u00e1s\u00e1rolhatsz egyet szem\u00e9lyes haszn\u00e1latra, vagy felt\u00f6ltheted az \u00fczletedbe a k\u00e9szleteidet. A nagykereskedelmi doboz 200 darabot tartalmaz, \u00edgy gyorsan felt\u00f6ltheted a k\u00e9szleteidet. Megb\u00edzhat\u00f3 DDP sz\u00e1ll\u00edt\u00e1si szolg\u00e1ltat\u00e1sokat biztos\u00edtunk UPS, DPD \u00e9s DHL fut\u00e1rszolg\u00e1latokkal, ami azt jelenti, hogy az ad\u00f3fizet\u00e9s ut\u00e1n is k\u00e9zbes\u00edthetj\u00fck, v\u00e1ratlan v\u00e1mprobl\u00e9m\u00e1k n\u00e9lk\u00fcl.<\/p>\n<p data-v-md-line=\"35\">Az eur\u00f3pai \u00e9rt\u00e9kes\u00edt\u00e9shez elengedhetetlenek a szab\u00e1lyok. Csapatunk tan\u00e1csot tud adni a megfelel\u0151s\u00e9ggel \u00e9s a leg\u00e1lis ell\u00e1t\u00e1si csatorn\u00e1kkal kapcsolatban az egyes piacokon, hogy biztos\u00edtsa a helyi el\u0151\u00edr\u00e1soknak val\u00f3 megfelel\u00e9st.<\/p>\n<h2 data-v-md-heading=\"why-do-you-like-it\" data-v-md-line=\"37\">Mi\u00e9rt tetszik?<\/h2>\n<ul data-v-md-line=\"38\">\n<li>Nagy sz\u00edv\u00f3teljes\u00edtm\u00e9ny: hosszabb sz\u00edv\u00e1si id\u0151, \u00edgy nem kell gyakran \u00fajakat v\u00e1s\u00e1rolni.<\/li>\n<li>Nikotinv\u00e1laszt\u00e9k: V\u00e1lasszon 2% vagy 5%-os nikotintartalmat az \u00d6n preferenci\u00e1i \u00e9s a piaci kereslet alapj\u00e1n.<\/li>\n<li>\u00dajrat\u00f6lthet\u0151: A C t\u00edpus\u00fa t\u00f6lt\u00e9s azt jelenti, hogy az e-folyad\u00e9k minden cseppj\u00e9t felhaszn\u00e1lhatod.<\/li>\n<li>Folyamatos haszn\u00e1lat: az \u00edz \u00e1lland\u00f3 marad az elej\u00e9t\u0151l a v\u00e9g\u00e9ig.<\/li>\n<\/ul>\n<h2 data-v-md-heading=\"why-choose-agoravape\" data-v-md-line=\"43\">Mi\u00e9rt v\u00e1lassza az AgoraVape-et?<\/h2>\n<p data-v-md-line=\"44\">Kiz\u00e1r\u00f3lag 100%-ban eredeti term\u00e9keket v\u00e1s\u00e1rolunk <a class=\"wpil_keyword_link\" title=\"IQTE\" href=\"https:\/\/agoravape.com\/hu\/vape-marka-szerint\/iqte\/\" data-wpil-keyword-link=\"linked\" data-wpil-monitor-id=\"131\">IQTE<\/a> felszerel\u00e9st \u00e9s \u00e1tfog\u00f3 nyomon k\u00f6vethet\u0151s\u00e9get biztos\u00edt. Az IQTE 45000 hossz\u00fa \u00e9lettartam\u00fa, eldobhat\u00f3 vape-ekkel kedvezm\u00e9nyes nagykereskedelmi \u00e1rakat, gyors technikai t\u00e1mogat\u00e1st \u00e9s gyors DDP kisz\u00e1ll\u00edt\u00e1si szolg\u00e1ltat\u00e1sokat \u00e9lvezhet Eur\u00f3p\u00e1n bel\u00fcl. Biztons\u00e1gos fizet\u00e9si m\u00f3dokat haszn\u00e1lunk, \u00e9s egy\u00e9rtelm\u0171 folyamatot biztos\u00edtunk a hib\u00e1s term\u00e9kek visszak\u00fcld\u00e9s\u00e9re. Szigor\u00fa \u00e9letkor-ellen\u0151rz\u00e9st is v\u00e9gz\u00fcnk a felel\u0151s \u00e9rt\u00e9kes\u00edt\u00e9s biztos\u00edt\u00e1sa \u00e9rdek\u00e9ben. L\u00e9pjen kapcsolatba vel\u00fcnk, hogy megtudja az IQTE 45000 k\u00e9szletinform\u00e1ci\u00f3it, \u00e9s biztos\u00edtsa \u00fcgyfeleinek a v\u00e1rt hossz\u00fa t\u00e1v\u00fa \u00e9s k\u00e9nyelmes \u00e9lm\u00e9nyt.<\/p>","protected":false},"excerpt":{"rendered":"<p>\u00c9lvezze az IQTE 45000 ak\u00e1r 45.000 slukk hosszan tart\u00f3, egyenletes \u00edz\u00e9t. Ez az egyszer\u0171, inhal\u00e1l\u00e1ssal aktiv\u00e1lhat\u00f3 eldobhat\u00f3 k\u00e9sz\u00fcl\u00e9k Type-C-n kereszt\u00fcl \u00fajrat\u00f6lthet\u0151, \u00edgy biztos\u00edtva, hogy minden cseppet felhaszn\u00e1ljon. V\u00e1lasszon 2% vagy 5% nikotin k\u00f6z\u00fcl a megb\u00edzhat\u00f3 vape \u00e9lm\u00e9ny\u00e9rt, amely csak \u00fagy folytat\u00f3dik.<\/p>","protected":false},"featured_media":10984,"comment_status":"open","ping_status":"closed","template":"","meta":[],"product_brand":[198],"product_cat":[124,187,185,188,189,1640,177,174,175,125,191,173,186,180,190],"product_tag":[],"class_list":{"0":"post-10982","1":"product","2":"type-product","3":"status-publish","4":"has-post-thumbnail","6":"product_brand-iqte","7":"product_cat-vape-by-brand","8":"product_cat-0mg-nicotine-free-vapes","9":"product_cat-10000-puffs-high-capacity","10":"product_cat-10mg-low-nicotine-vapes","11":"product_cat-20mg-standard-nicotine-vapes","12":"product_cat-45000-puffs","13":"product_cat-dessert-sweets","14":"product_cat-fruit-flavors","15":"product_cat-icy-mint","16":"product_cat-iqte","17":"product_cat-rechargeable-disposables","18":"product_cat-vape-by-flavor-profile","19":"product_cat-vape-by-nicotine-strength","20":"product_cat-vape-by-puff-count","21":"product_cat-vape-by-feature-or-type","23":"first","24":"instock","25":"shipping-taxable","26":"purchasable","27":"product-type-variable","28":"has-default-attributes"},"tiered_pricing_type":"percentage","tiered_pricing_fixed_rules":[],"tiered_pricing_product_settings":{"layout":"default","base_unit_name":{"singular":null,"plural":null},"default_variation":null},"tiered_pricing_minimum_quantity":10,"tiered_pricing_roles_data":[],"tiered_pricing_percentage_rules":{"30":"29","50":"35","100":"40","200":"44","500":"47","1000":"49"},"tiered_pricing_maximum_quantity":null,"tiered_pricing_quantity_step":"10","_links":{"self":[{"href":"https:\/\/agoravape.com\/hu\/wp-json\/wp\/v2\/product\/10982","targetHints":{"allow":["GET"]}}],"collection":[{"href":"https:\/\/agoravape.com\/hu\/wp-json\/wp\/v2\/product"}],"about":[{"href":"https:\/\/agoravape.com\/hu\/wp-json\/wp\/v2\/types\/product"}],"replies":[{"embeddable":true,"href":"https:\/\/agoravape.com\/hu\/wp-json\/wp\/v2\/comments?post=10982"}],"version-history":[{"count":1,"href":"https:\/\/agoravape.com\/hu\/wp-json\/wp\/v2\/product\/10982\/revisions"}],"predecessor-version":[{"id":29764,"href":"https:\/\/agoravape.com\/hu\/wp-json\/wp\/v2\/product\/10982\/revisions\/29764"}],"wp:featuredmedia":[{"embeddable":true,"href":"https:\/\/agoravape.com\/hu\/wp-json\/wp\/v2\/media\/10984"}],"wp:attachment":[{"href":"https:\/\/agoravape.com\/hu\/wp-json\/wp\/v2\/media?parent=10982"}],"wp:term":[{"taxonomy":"product_brand","embeddable":true,"href":"https:\/\/agoravape.com\/hu\/wp-json\/wp\/v2\/product_brand?post=10982"},{"taxonomy":"product_cat","embeddable":true,"href":"https:\/\/agoravape.com\/hu\/wp-json\/wp\/v2\/product_cat?post=10982"},{"taxonomy":"product_tag","embeddable":true,"href":"https:\/\/agoravape.com\/hu\/wp-json\/wp\/v2\/product_tag?post=10982"}],"curies":[{"name":"wp","href":"https:\/\/api.w.org\/{rel}","templated":true}]}}