{"id":11078,"date":"2025-10-04T18:26:57","date_gmt":"2025-10-04T10:26:57","guid":{"rendered":"https:\/\/green-grasshopper-921422.hostingersite.com\/?post_type=product&#038;p=11078"},"modified":"2026-01-19T22:09:25","modified_gmt":"2026-01-19T14:09:25","slug":"crystal-mary-3in1-65000-puffs-vape","status":"publish","type":"product","link":"https:\/\/agoravape.com\/hu\/product\/crystal-mary-3in1-65000-puffs-vape\/","title":{"rendered":"Crystal Mary 3 az 1-ben 65000 puff vape | H\u00e1romszoros \u00edz, hosszan tart\u00f3 \u00e9s k\u00e9nyelmes"},"content":{"rendered":"<h2 data-v-md-heading=\"what-s-so-special-about-crystal-mary-s-three-in-one-65000-pack-electronic-cigarette\" data-v-md-line=\"3\">Mi a k\u00fcl\u00f6nleges a Crystal Mary h\u00e1rom az egyben 65000 csomagban vape-ben?<\/h2>\n<p data-v-md-line=\"4\">Ha nem szereted, hogy eg\u00e9sz h\u00e9ten csak egy \u00edzes\u00edt\u00e9ssel haszn\u00e1lod, ez a term\u00e9k megv\u00e1ltoztathatja a szok\u00e1saidat. A Crystal Mary h\u00e1rom az egyben vape lehet\u0151v\u00e9 teszi, hogy ugyanazon a k\u00e9sz\u00fcl\u00e9ken h\u00e1rom \u00edz k\u00f6z\u00f6tt v\u00e1ltson, \u00edgy h\u00e1rom vapepap\u00edr cipel\u00e9se n\u00e9lk\u00fcl is friss marad.<\/p>\n<p data-v-md-line=\"6\">Olyan felhaszn\u00e1l\u00f3k sz\u00e1m\u00e1ra k\u00e9sz\u00fclt, akik hossz\u00fa t\u00e1v\u00fa felhaszn\u00e1l\u00f3i \u00e9lm\u00e9nyre t\u00f6rekszenek, \u00e9s k\u00f6nnyen kezelhet\u0151. Nincs sz\u00fcks\u00e9g f\u00e1raszt\u00f3 m\u0171veletekre, nincsenek bonyolult men\u00fck. Csak v\u00e1lassza ki a kedvenc \u00edz\u00e9t, \u00e9s \u00e9lvezze k\u00f6nnyed\u00e9n. Azt gondolhatod, hogy a t\u00f6bb \u00edzes\u00edt\u00e9s\u0171, nagy mennyis\u00e9g\u0171 p\u00e1ra neh\u00e9zkes lehet, de ennek a vape-nek az \u00edzv\u00e1lt\u00e1sa gyors \u00e9s intuit\u00edv.<\/p>\n<h2 data-v-md-heading=\"excellent-performance-easy-and-convenient\" data-v-md-line=\"8\">Kiv\u00e1l\u00f3 teljes\u00edtm\u00e9ny, egyszer\u0171 \u00e9s k\u00e9nyelmes<\/h2>\n<p data-v-md-line=\"9\">A Crystal Mary h\u00e1rom az egyben vape magja a h\u00e1l\u00f3s tekercs, amely seg\u00edt fenntartani az \u00e1lland\u00f3 \u00edzt minden egyes slukkn\u00e1l. Az \u00edz mindig tiszta, \u00e9s nem v\u00e1lik f\u00e9l\u00faton unalmass\u00e1. Ha az akkumul\u00e1tor lemer\u00fcl, a Type-C interf\u00e9szen kereszt\u00fcl t\u00f6ltheti fel. Csak haszn\u00e1lja a telefonj\u00e1n \u00e1ltal\u00e1nosan haszn\u00e1lt k\u00e1beleket. Egyszer\u0171 \u00e9s k\u00e9nyelmes.<\/p>\n<h2 data-v-md-heading=\"specification-introduction\" data-v-md-line=\"11\">Specifik\u00e1ci\u00f3 Bevezet\u00e9s<\/h2>\n<ul data-v-md-line=\"12\">\n<li>Sz\u00edv\u00e1si frekvencia: ak\u00e1r 65000-szer<\/li>\n<li>Nikotin tartalom: 2% vagy 5% opcion\u00e1lis<\/li>\n<li>M\u0171k\u00f6d\u00e9si elv: K\u00f6nnyen kezelhet\u0151, nincs sz\u00fcks\u00e9g gombokra, a k\u00e9sz\u00fcl\u00e9k be\u00e9p\u00edtett \u00edzl\u00e9skapcsol\u00f3val rendelkezik.<\/li>\n<li>Charging: Standard Type-C USB interface<\/li>\n<li>\u00c1llapot: Kicsomagol\u00e1s ut\u00e1n azonnal haszn\u00e1lhat\u00f3<\/li>\n<\/ul>\n<h2 data-v-md-heading=\"full-flavor-series\" data-v-md-line=\"18\">Teljes \u00edz\u0171 sorozat<\/h2>\n<p data-v-md-line=\"19\">Minden k\u00e9sz\u00fcl\u00e9khez 3 kiv\u00e1lasztott \u00edzk\u00e9szlet tartozik:<\/p>\n<ul data-v-md-line=\"20\">\n<li>Eper Van\u00edlia K\u00f3la\/\u00c1fonya M\u00e1lna\/Citrom Lime<\/li>\n<li>Fekete ribizli\/r\u00f3zsasz\u00edn citromos v\u00edz\/Mang\u00f3 passi\u00f3gy\u00fcm\u00f6lcs<\/li>\n<li>G\u00f6r\u00f6gdinnye j\u00e9g\/\u00e9des-savany\u00fa cukorka\/eper kiwi<\/li>\n<li>G\u00f6r\u00f6gdinnye fagylalt\/Eper fagylalt\/Tripladinnye<\/li>\n<li>Eper m\u00e1lna\/cseresznye bogy\u00f3\/sz\u0151l\u0151 j\u00e9g<\/li>\n<li>Savany\u00fa alma j\u00e9g\/eper g\u00f6r\u00f6gdinnye\/citromos barack<\/li>\n<li>Citromos lime\/eper g\u00f6r\u00f6gdinnye\/\u00e1fonya turmix<\/li>\n<li>\u00c1fony\u00e1s smoothie \/ m\u00e1lna g\u00f6r\u00f6gdinnye \/ citromos lime<\/li>\n<li>\u00c1fonya-m\u00e1lna\/eper-savany\u00fa mang\u00f3 turmix\/ citromos k\u00f3la<\/li>\n<li>M\u00e1lna g\u00f6r\u00f6gdinnye\/savany\u00fa mang\u00f3 anan\u00e1sz\/eper kiwi friss\u00edt\u0151 ital<\/li>\n<\/ul>\n<h2 data-v-md-heading=\"for-you-and-for-your-business-as-well\" data-v-md-line=\"31\">Neked, \u00e9s a v\u00e1llalkoz\u00e1sodnak is<\/h2>\n<p data-v-md-line=\"32\">Ha egy hossz\u00fa \u00e9lettartam\u00fa, kapcsolhat\u00f3 \u00edz\u0171 \u00e9s k\u00f6nnyen t\u00f6lthet\u0151 vape-t szeretne, mi\u00e9rt ne v\u00e1s\u00e1roljon egyet. Ha boltja sz\u00e1m\u00e1ra k\u00e9szletezne, vagy online kollekci\u00f3t hozna l\u00e9tre, mindig k\u00e9szen \u00e1llunk a nagykereskedelemre. Dobozonk\u00e9nt 10 darab, dobozonk\u00e9nt 200 darab, \u00edgy k\u00f6nnyed\u00e9n tervezheti a k\u00e9szletet.<\/p>\n<p data-v-md-line=\"34\">Olyan megb\u00edzhat\u00f3 partnerekkel dolgozunk egy\u00fctt, mint a UPS, a DPD \u00e9s a DHL, hogy DDP (Delivered Duty Paid) sz\u00e1ll\u00edt\u00e1st alkalmazzunk, \u00edgy a v\u00e1mok el\u0151re feldolgozhat\u00f3k, \u00e9s nem lesz baleset, amikor a csomag meg\u00e9rkezik a v\u00e1mhoz.<\/p>\n<p data-v-md-line=\"36\">Megfelel\u0151s\u00e9gi nyilatkozat: A nagy kaliber\u0171 \u00e9s az 5% nikotinkoncentr\u00e1ci\u00f3j\u00fa p\u00e1rologtat\u00f3k sz\u00e1mos uni\u00f3s piacon nem felelnek meg a TPD (Eur\u00f3pai Doh\u00e1nyterm\u00e9k-ir\u00e1nyelv) el\u0151\u00edr\u00e1sainak. Az enged\u00e9lyezett r\u00e9gi\u00f3kba sz\u00e1ll\u00edtunk. Ha olyan uni\u00f3s kiskereskedelmi alternat\u00edv\u00e1kra van sz\u00fcks\u00e9ge, amelyek megfelelnek a TPD szabv\u00e1nyoknak, k\u00e9rj\u00fck, forduljon csapatunkhoz.<\/p>\n<h2 data-v-md-heading=\"why-do-you-like-it\" data-v-md-line=\"38\">Mi\u00e9rt tetszik?<\/h2>\n<ul data-v-md-line=\"39\">\n<li>Hatalmas sz\u00edv\u00e1s: kevesebb \u00fajrat\u00f6lt\u00e9s \u00e9s ism\u00e9telt v\u00e1s\u00e1rl\u00e1s.<\/li>\n<li>H\u00e1romszoros \u00edzv\u00e1lt\u00e1s: V\u00e1ltson \u00edzeket b\u00e1rmikor az ig\u00e9nyeinek megfelel\u0151en.<\/li>\n<li>\u00dajrat\u00f6lthet\u0151: C-t\u00edpus\u00fa t\u00f6lt\u00e9s seg\u00edt az e-folyad\u00e9k hat\u00e9kony felhaszn\u00e1l\u00e1s\u00e1ban.<\/li>\n<li>H\u00e1l\u00f3s tekercs: Az elej\u00e9t\u0151l a v\u00e9g\u00e9ig k\u00f6vetkezetes, gazdag \u00e9s l\u00e1gy \u00edzzel.<\/li>\n<\/ul>\n<h2 data-v-md-heading=\"why-collaborate-with-agoravape\" data-v-md-line=\"44\">Mi\u00e9rt \u00e9rdemes az AgoraVape-pel egy\u00fcttm\u0171k\u00f6dni?<\/h2>\n<p data-v-md-line=\"45\">Csak 100% eredeti term\u00e9keket k\u00edn\u00e1lunk, \u00e9s felel\u0151sek vagyunk az \u00e1ltalunk \u00e9rt\u00e9kes\u00edtett term\u00e9kek\u00e9rt. Az \u00fczleti \u00fcgyfelek sz\u00e1m\u00e1ra ez azt jelenti, hogy a Crystal Mary h\u00e1rom az egyben 65000 vaping \u00edzkapcsol\u00f3 kedvezm\u00e9nyes nagykereskedelmi \u00e1rakat, gyors \u00fcgyf\u00e9lszolg\u00e1latot \u00e9s gyors DDP sz\u00e1ll\u00edt\u00e1st k\u00edn\u00e1l. \u00dcdv\u00f6z\u00f6lj\u00fck, hogy megvitassuk vel\u00fcnk, hogyan hozhat rugalmas \u00e9s fenntarthat\u00f3 ism\u00e9tl\u0151d\u0151 v\u00e1s\u00e1rl\u00f3i v\u00e1laszt\u00e1st \u00fcgyfeleinek.<\/p>\n<p data-v-md-line=\"45\"><img loading=\"lazy\" decoding=\"async\" class=\"aligncenter size-full wp-image-11080\" src=\"https:\/\/agoravape.com\/wp-content\/uploads\/2025\/10\/Crystal-Mary-3-in-1-65000-Puffs-Flavor-Switch-Vape-2.webp\" alt=\"\" width=\"1523\" height=\"2444\" srcset=\"https:\/\/agoravape.com\/wp-content\/uploads\/2025\/10\/Crystal-Mary-3-in-1-65000-Puffs-Flavor-Switch-Vape-2.webp 1523w, https:\/\/agoravape.com\/wp-content\/uploads\/2025\/10\/Crystal-Mary-3-in-1-65000-Puffs-Flavor-Switch-Vape-2-1200x1926.webp 1200w, https:\/\/agoravape.com\/wp-content\/uploads\/2025\/10\/Crystal-Mary-3-in-1-65000-Puffs-Flavor-Switch-Vape-2-187x300.webp 187w, https:\/\/agoravape.com\/wp-content\/uploads\/2025\/10\/Crystal-Mary-3-in-1-65000-Puffs-Flavor-Switch-Vape-2-638x1024.webp 638w, https:\/\/agoravape.com\/wp-content\/uploads\/2025\/10\/Crystal-Mary-3-in-1-65000-Puffs-Flavor-Switch-Vape-2-768x1232.webp 768w, https:\/\/agoravape.com\/wp-content\/uploads\/2025\/10\/Crystal-Mary-3-in-1-65000-Puffs-Flavor-Switch-Vape-2-957x1536.webp 957w, https:\/\/agoravape.com\/wp-content\/uploads\/2025\/10\/Crystal-Mary-3-in-1-65000-Puffs-Flavor-Switch-Vape-2-1276x2048.webp 1276w\" sizes=\"auto, (max-width: 1523px) 100vw, 1523px\" \/><\/p>\n<p><script src=\"chrome-extension:\/\/fpelahbljekknahkcaegamhcndkfpfnc\/iFrame.js\" type=\"text\/javascript\"><\/script><\/p>\n<p><script src=\"chrome-extension:\/\/fpelahbljekknahkcaegamhcndkfpfnc\/iFrame.js\" type=\"text\/javascript\"><\/script><\/p>\n<p><script src=\"chrome-extension:\/\/fpelahbljekknahkcaegamhcndkfpfnc\/iFrame.js\" type=\"text\/javascript\"><\/script><\/p>\n<p><script src=\"chrome-extension:\/\/fpelahbljekknahkcaegamhcndkfpfnc\/iFrame.js\" type=\"text\/javascript\"><\/script><\/p>\n<p><script src=\"chrome-extension:\/\/fpelahbljekknahkcaegamhcndkfpfnc\/iFrame.js\" type=\"text\/javascript\"><\/script><\/p>\n<p><script src=\"chrome-extension:\/\/fpelahbljekknahkcaegamhcndkfpfnc\/iFrame.js\" type=\"text\/javascript\"><\/script><\/p>\n<p><script src=\"chrome-extension:\/\/fpelahbljekknahkcaegamhcndkfpfnc\/iFrame.js\" type=\"text\/javascript\"><\/script><\/p>\n<p><script src=\"chrome-extension:\/\/fpelahbljekknahkcaegamhcndkfpfnc\/iFrame.js\" type=\"text\/javascript\"><\/script><\/p>\n<p><script src=\"chrome-extension:\/\/fpelahbljekknahkcaegamhcndkfpfnc\/iFrame.js\" type=\"text\/javascript\"><\/script><\/p>\n<p><script src=\"chrome-extension:\/\/fpelahbljekknahkcaegamhcndkfpfnc\/iFrame.js\" type=\"text\/javascript\"><\/script><\/p>\n<p><script src=\"chrome-extension:\/\/fpelahbljekknahkcaegamhcndkfpfnc\/iFrame.js\" type=\"text\/javascript\"><\/script><\/p>","protected":false},"excerpt":{"rendered":"<p>Elege van egy \u00edzb\u0151l? A Crystal Mary 3 az 1-ben vape lehet\u0151v\u00e9 teszi, hogy egy k\u00e9sz\u00fcl\u00e9kben h\u00e1rom kur\u00e1tori \u00edz k\u00f6z\u00f6tt v\u00e1ltson. \u00c9lvezze az ak\u00e1r 65 000 slukkot a h\u00e1l\u00f3s tekercsb\u0151l sz\u00e1rmaz\u00f3 egyenletes \u00edzzel. Egyszer\u0171, gombok n\u00e9lk\u00fcli \u00e9s Type-C-n kereszt\u00fcl \u00fajrat\u00f6lthet\u0151 a hosszan tart\u00f3 k\u00e9nyelem \u00e9rdek\u00e9ben. A v\u00e9gs\u0151 \u00edz kalandod.<\/p>\n<p><script src=\"chrome-extension:\/\/fpelahbljekknahkcaegamhcndkfpfnc\/iFrame.js\" type=\"text\/javascript\"><\/script><\/p>\n<p><script src=\"chrome-extension:\/\/fpelahbljekknahkcaegamhcndkfpfnc\/iFrame.js\" type=\"text\/javascript\"><\/script><\/p>","protected":false},"featured_media":11079,"comment_status":"open","ping_status":"closed","template":"","meta":[],"product_brand":[199],"product_cat":[124,185,189,176,126,177,195,174,175,193,191,173,186,180,190],"product_tag":[],"class_list":{"0":"post-11078","1":"product","2":"type-product","3":"status-publish","4":"has-post-thumbnail","6":"product_brand-crystal-mary","7":"product_cat-vape-by-brand","8":"product_cat-10000-puffs-high-capacity","9":"product_cat-20mg-standard-nicotine-vapes","10":"product_cat-beverage","11":"product_cat-crystal-mary","12":"product_cat-dessert-sweets","13":"product_cat-dual-flavor-switch","14":"product_cat-fruit-flavors","15":"product_cat-icy-mint","16":"product_cat-mesh-coil","17":"product_cat-rechargeable-disposables","18":"product_cat-vape-by-flavor-profile","19":"product_cat-vape-by-nicotine-strength","20":"product_cat-vape-by-puff-count","21":"product_cat-vape-by-feature-or-type","23":"first","24":"onbackorder","25":"shipping-taxable","26":"purchasable","27":"product-type-variable","28":"has-default-attributes"},"tiered_pricing_type":"percentage","tiered_pricing_fixed_rules":[],"tiered_pricing_product_settings":{"layout":"default","base_unit_name":{"singular":null,"plural":null},"default_variation":null},"tiered_pricing_minimum_quantity":10,"tiered_pricing_roles_data":[],"tiered_pricing_percentage_rules":{"30":"29","50":"35","100":"40","200":"44","500":"47","1000":"49"},"tiered_pricing_maximum_quantity":null,"tiered_pricing_quantity_step":"10","_links":{"self":[{"href":"https:\/\/agoravape.com\/hu\/wp-json\/wp\/v2\/product\/11078","targetHints":{"allow":["GET"]}}],"collection":[{"href":"https:\/\/agoravape.com\/hu\/wp-json\/wp\/v2\/product"}],"about":[{"href":"https:\/\/agoravape.com\/hu\/wp-json\/wp\/v2\/types\/product"}],"replies":[{"embeddable":true,"href":"https:\/\/agoravape.com\/hu\/wp-json\/wp\/v2\/comments?post=11078"}],"version-history":[{"count":0,"href":"https:\/\/agoravape.com\/hu\/wp-json\/wp\/v2\/product\/11078\/revisions"}],"wp:featuredmedia":[{"embeddable":true,"href":"https:\/\/agoravape.com\/hu\/wp-json\/wp\/v2\/media\/11079"}],"wp:attachment":[{"href":"https:\/\/agoravape.com\/hu\/wp-json\/wp\/v2\/media?parent=11078"}],"wp:term":[{"taxonomy":"product_brand","embeddable":true,"href":"https:\/\/agoravape.com\/hu\/wp-json\/wp\/v2\/product_brand?post=11078"},{"taxonomy":"product_cat","embeddable":true,"href":"https:\/\/agoravape.com\/hu\/wp-json\/wp\/v2\/product_cat?post=11078"},{"taxonomy":"product_tag","embeddable":true,"href":"https:\/\/agoravape.com\/hu\/wp-json\/wp\/v2\/product_tag?post=11078"}],"curies":[{"name":"wp","href":"https:\/\/api.w.org\/{rel}","templated":true}]}}