{"id":11109,"date":"2025-10-04T21:27:48","date_gmt":"2025-10-04T13:27:48","guid":{"rendered":"https:\/\/green-grasshopper-921422.hostingersite.com\/?post_type=product&#038;p=11109"},"modified":"2026-01-19T22:09:19","modified_gmt":"2026-01-19T14:09:19","slug":"crystal-mary-groove-50k-erintokepernyos-vape","status":"publish","type":"product","link":"https:\/\/agoravape.com\/hu\/product\/crystal-mary-groove-50k-touch-screen-vape\/","title":{"rendered":"Crystal Mary Groove 50K Okos \u00c9rint\u0151k\u00e9perny\u0151s Vape | K\u00f6nnyen Hosszantart\u00f3 \u00cdzt K\u00e9sz\u00edthetsz"},"content":{"rendered":"<h2 data-v-md-heading=\"what-are-the-advantages-of-crystal-mary-groove-50k-suction-smart-touchscreen-electronic-cigarette\" data-v-md-line=\"3\">Milyen el\u0151nyei vannak a Crystal Mary Groove 50K sz\u00edv\u00f3 intelligens \u00e9rint\u0151k\u00e9perny\u0151s vape-nek?<\/h2>\n<p data-v-md-line=\"4\">Ha belef\u00e1radt\u00e1l abba, hogy n\u00e9h\u00e1ny naponta cser\u00e9lgeted az eldobhat\u00f3 p\u00e1rologtat\u00f3kat, akkor ez a term\u00e9k megk\u00f6nny\u00edti az \u00e9leted. A Crystal Mary Groove ak\u00e1r 50000-as sz\u00edv\u00f3kapacit\u00e1ssal rendelkezik, \u00e9s intelligens \u00e9rint\u0151k\u00e9perny\u0151vel van felszerelve, amely lehet\u0151v\u00e9 teszi, hogy a vape \u00e9lm\u00e9ny\u00e9t tetsz\u00e9s szerint \u00e1ll\u00edtsa be.<\/p>\n<p data-v-md-line=\"6\">Alkalmas mindenkinek, aki tart\u00f3ss\u00e1gra v\u00e1gyik er\u0151fesz\u00edt\u00e9s n\u00e9lk\u00fcl. Tiszta \u00edzt, stabil f\u00fcst\u00f6t \u00e9s egyszer\u0171 k\u00e9sz\u00fcl\u00e9kvez\u00e9rl\u00e9st hozhat. Azt gondolhatod, hogy az ilyen nagy sz\u00edv\u00f3kapacit\u00e1s\u00fa vapek neh\u00e9zkes lenne, de egyszer\u0171 \u00e9s k\u00f6nnyen haszn\u00e1lhat\u00f3, friss\u00edt\u0151.<\/p>\n<h2 data-v-md-heading=\"excellent-performance-easy-and-convenient\" data-v-md-line=\"8\">Kiv\u00e1l\u00f3 teljes\u00edtm\u00e9ny, egyszer\u0171 \u00e9s k\u00e9nyelmes<\/h2>\n<p data-v-md-line=\"9\">A kett\u0151s h\u00e1l\u00f3s tekercs a f\u0151 feladatot l\u00e1tja el. Egyenletesen meleg\u00edtik, \u00edgy minden egyes falat ugyanolyan finom, mint az els\u0151. Ha az akkumul\u00e1tor lemer\u00fcl, a C-t\u00edpuson kereszt\u00fcl t\u00f6ltheti fel. Ugyanaz a k\u00e1bel lehet rajta, mint amit a telefonodon haszn\u00e1lsz, \u00edgy nem kell agg\u00f3dnod, hogy valami k\u00fcl\u00f6nlegeset tal\u00e1lsz.<\/p>\n<h2 data-v-md-heading=\"specification-overview\" data-v-md-line=\"11\">Specifik\u00e1ci\u00f3 \u00e1ttekint\u00e9se<\/h2>\n<ul data-v-md-line=\"12\">\n<li>Sz\u00edv\u00e1si gyakoris\u00e1g: ak\u00e1r 50000-szer<\/li>\n<li>Nikotin tartalom: milliliterenk\u00e9nt 50 milligramm<\/li>\n<li>M\u0171k\u00f6d\u00e9si elv: Az \u00e9rint\u0151k\u00e9perny\u0151 \u00e1ll\u00edtja be a nikotin \u00e9s a j\u00e9g szintj\u00e9t. Egyszer\u0171en bel\u00e9legezve aktiv\u00e1lja a vape-t.<\/li>\n<li>Charging: Standard Type-C USB interface<\/li>\n<li>\u00c1llapot: Kicsomagol\u00e1s ut\u00e1n haszn\u00e1latra k\u00e9sz<\/li>\n<\/ul>\n<h2 data-v-md-heading=\"full-range-of-flavors\" data-v-md-line=\"18\">Full range of flavors<\/h2>\n<ul data-v-md-line=\"19\">\n<li>\u00c1fony\u00e1s turmix<\/li>\n<li>Miami Mint<\/li>\n<li>G\u00f6r\u00f6gdinnye turmix<\/li>\n<li>Epres popcorn<\/li>\n<li>Savany\u00fa alma turmix<\/li>\n<li>Savany\u00fa mang\u00f3 anan\u00e1sz<\/li>\n<li>Citromos cukor<\/li>\n<li>Ban\u00e1n-karamell turmix<\/li>\n<li>Savany\u00fa robban\u00f3 cukor<\/li>\n<li>Eper-kiwi friss\u00edt\u0151<\/li>\n<\/ul>\n<h2 data-v-md-heading=\"for-you-and-your-business\" data-v-md-line=\"30\">\u00d6nnek \u00e9s v\u00e1llalkoz\u00e1s\u00e1nak<\/h2>\n<p data-v-md-line=\"31\">A magunknak val\u00f3 v\u00e1s\u00e1rl\u00e1s nagyon egyszer\u0171. Csak v\u00e1lassza ki az \u00edzl\u00e9s\u00e9t. Ha a bolt sz\u00e1m\u00e1ra k\u00e9szletez, akkor is ki tudjuk el\u00e9g\u00edteni az ig\u00e9nyeit. A Crystal Mary Groove 50K patronok egyf\u00e9le \u00edzes\u00edt\u00e9s\u0171 5 darabos kiszerel\u00e9sben vagy 10 \u00edzes\u00edt\u00e9s\u0171 vegyes kiszerel\u00e9sben kaphat\u00f3k.<\/p>\n<p data-v-md-line=\"33\">Megb\u00edzhat\u00f3 DDP sz\u00e1ll\u00edt\u00e1si szolg\u00e1ltat\u00e1sokat ny\u00fajtunk a UPS, DPD \u00e9s DHL seg\u00edts\u00e9g\u00e9vel, amelyek Eur\u00f3pa-szerte sz\u00e1ll\u00edthat\u00f3ak. A v\u00e1mbalesetek elker\u00fcl\u00e9se \u00e9rdek\u00e9ben a tarif\u00e1k el\u0151re feldolgozhat\u00f3k. Az ell\u00e1t\u00e1si helyzet \u00e9s a nikotinkoncentr\u00e1ci\u00f3 k\u00fcl\u00f6nb\u00f6z\u0151 orsz\u00e1gokban\/r\u00e9gi\u00f3kban elt\u00e9r\u0151 lehet. K\u00e9rj\u00fck, olvassa el a helyi el\u0151\u00edr\u00e1sokat, vagy konzult\u00e1ljon csapatunkkal.<\/p>\n<h2 data-v-md-heading=\"why-do-you-like-it\" data-v-md-line=\"35\">Mi\u00e9rt tetszik?<\/h2>\n<ul data-v-md-line=\"36\">\n<li>Hatalmas sz\u00edv\u00f3er\u0151: ak\u00e1r 50K kapacit\u00e1s kevesebb ism\u00e9telt megrendel\u00e9st \u00e9s gondot jelent<\/li>\n<li>Nikotin kiv\u00e1laszt\u00e1sa: A k\u00e9sz\u00fcl\u00e9k be\u00e9p\u00edtett be\u00e1ll\u00edt\u00e1si funkci\u00f3val rendelkezik, amely lehet\u0151v\u00e9 teszi, hogy sz\u00fcks\u00e9g szerint finomhangolja a koncentr\u00e1ci\u00f3t.<\/li>\n<li>\u00dajrat\u00f6lthet\u0151: C-t\u00edpus\u00fa t\u00f6lt\u00e9s seg\u00edt felhaszn\u00e1lni minden csepp e-folyad\u00e9kot.<\/li>\n<li>H\u00e1l\u00f3s tekercs: Dupla r\u00e9teg\u0171 h\u00e1l\u00f3s tekercs k\u00f6vetkezetes \u00edzt \u00e9s sima f\u00fcst\u00f6t biztos\u00edt.<\/li>\n<\/ul>\n<h2 data-v-md-heading=\"why-collaborate-with-agoravape\" data-v-md-line=\"41\">Mi\u00e9rt \u00e9rdemes az AgoraVape-pel egy\u00fcttm\u0171k\u00f6dni?<\/h2>\n<p data-v-md-line=\"42\">Kiz\u00e1r\u00f3lag 100% eredeti term\u00e9keket forgalmazunk, \u00e9s felel\u0151sek vagyunk az \u00e1ltalunk \u00e9rt\u00e9kes\u00edtett term\u00e9kek\u00e9rt. A Crystal Mary Groove 50K intelligens \u00e9rint\u0151k\u00e9perny\u0151s p\u00e1rologtat\u00f3t v\u00e1s\u00e1rl\u00f3 v\u00e1llalati v\u00e1s\u00e1rl\u00f3k \u00e9lvezhetik a kedvezm\u00e9nyes nagykereskedelmi \u00e1rakat, a rugalmasan reag\u00e1l\u00f3 \u00fcgyf\u00e9lszolg\u00e1latot, valamint a gyors \u00e9s megb\u00edzhat\u00f3 sz\u00e1ll\u00edt\u00e1si szolg\u00e1ltat\u00e1sokat. Szeretne olyan k\u00e9sz\u00fcl\u00e9ket v\u00e1s\u00e1rolni, amelynek magas a v\u00e1s\u00e1rl\u00f3i visszat\u00e9r\u00e9si ar\u00e1nya? Vegye fel vel\u00fcnk a kapcsolatot, \u00e9s \u00f6r\u00f6mmel \u00e1llunk rendelkez\u00e9s\u00e9re.<\/p>\n<p data-v-md-line=\"42\"><img loading=\"lazy\" decoding=\"async\" class=\"aligncenter size-full wp-image-11122\" src=\"https:\/\/agoravape.com\/wp-content\/uploads\/2025\/10\/CRYSTAL-MARY-CM-Groove-50000.webp\" alt=\"\" width=\"1400\" height=\"935\" srcset=\"https:\/\/agoravape.com\/wp-content\/uploads\/2025\/10\/CRYSTAL-MARY-CM-Groove-50000.webp 1400w, https:\/\/agoravape.com\/wp-content\/uploads\/2025\/10\/CRYSTAL-MARY-CM-Groove-50000-1200x801.webp 1200w, https:\/\/agoravape.com\/wp-content\/uploads\/2025\/10\/CRYSTAL-MARY-CM-Groove-50000-300x200.webp 300w, https:\/\/agoravape.com\/wp-content\/uploads\/2025\/10\/CRYSTAL-MARY-CM-Groove-50000-1024x684.webp 1024w, https:\/\/agoravape.com\/wp-content\/uploads\/2025\/10\/CRYSTAL-MARY-CM-Groove-50000-768x513.webp 768w\" sizes=\"auto, (max-width: 1400px) 100vw, 1400px\" \/><\/p>","protected":false},"excerpt":{"rendered":"<p>Ismerd meg a Crystal Mary Groove 50K-t. Ak\u00e1r 50 000 slukkot is sz\u00edvhatsz ezzel az intelligens vape-vel. Haszn\u00e1lja az intuit\u00edv \u00e9rint\u0151k\u00e9perny\u0151t a nikotin- \u00e9s j\u00e9gszintek testreszab\u00e1s\u00e1hoz a t\u00f6k\u00e9letes slukk \u00e9rdek\u00e9ben. A kett\u0151s h\u00e1l\u00f3s tekercsek gazdag, egyenletes \u00edzt biztos\u00edtanak. C-t\u00edpuson kereszt\u00fcl \u00fajrat\u00f6lthet\u0151 a hosszan tart\u00f3, egyszer\u0171s\u00edtett \u00e9lm\u00e9ny\u00e9rt.<\/p>","protected":false},"featured_media":11121,"comment_status":"open","ping_status":"closed","template":"","meta":[],"product_brand":[199],"product_cat":[124,185,1641,126,177,174,175,193,191,173,180,190,192],"product_tag":[],"class_list":{"0":"post-11109","1":"product","2":"type-product","3":"status-publish","4":"has-post-thumbnail","6":"product_brand-crystal-mary","7":"product_cat-vape-by-brand","8":"product_cat-10000-puffs-high-capacity","9":"product_cat-50000-puffs","10":"product_cat-crystal-mary","11":"product_cat-dessert-sweets","12":"product_cat-fruit-flavors","13":"product_cat-icy-mint","14":"product_cat-mesh-coil","15":"product_cat-rechargeable-disposables","16":"product_cat-vape-by-flavor-profile","17":"product_cat-vape-by-puff-count","18":"product_cat-vape-by-feature-or-type","19":"product_cat-vapes-with-screens","21":"first","22":"onbackorder","23":"shipping-taxable","24":"purchasable","25":"product-type-variable","26":"has-default-attributes"},"tiered_pricing_type":"percentage","tiered_pricing_fixed_rules":[],"tiered_pricing_product_settings":{"layout":"default","base_unit_name":{"singular":null,"plural":null},"default_variation":null},"tiered_pricing_minimum_quantity":10,"tiered_pricing_roles_data":[],"tiered_pricing_percentage_rules":{"30":"29","50":"35","100":"40","200":"44","500":"47","1000":"49"},"tiered_pricing_maximum_quantity":null,"tiered_pricing_quantity_step":"10","_links":{"self":[{"href":"https:\/\/agoravape.com\/hu\/wp-json\/wp\/v2\/product\/11109","targetHints":{"allow":["GET"]}}],"collection":[{"href":"https:\/\/agoravape.com\/hu\/wp-json\/wp\/v2\/product"}],"about":[{"href":"https:\/\/agoravape.com\/hu\/wp-json\/wp\/v2\/types\/product"}],"replies":[{"embeddable":true,"href":"https:\/\/agoravape.com\/hu\/wp-json\/wp\/v2\/comments?post=11109"}],"version-history":[{"count":0,"href":"https:\/\/agoravape.com\/hu\/wp-json\/wp\/v2\/product\/11109\/revisions"}],"wp:featuredmedia":[{"embeddable":true,"href":"https:\/\/agoravape.com\/hu\/wp-json\/wp\/v2\/media\/11121"}],"wp:attachment":[{"href":"https:\/\/agoravape.com\/hu\/wp-json\/wp\/v2\/media?parent=11109"}],"wp:term":[{"taxonomy":"product_brand","embeddable":true,"href":"https:\/\/agoravape.com\/hu\/wp-json\/wp\/v2\/product_brand?post=11109"},{"taxonomy":"product_cat","embeddable":true,"href":"https:\/\/agoravape.com\/hu\/wp-json\/wp\/v2\/product_cat?post=11109"},{"taxonomy":"product_tag","embeddable":true,"href":"https:\/\/agoravape.com\/hu\/wp-json\/wp\/v2\/product_tag?post=11109"}],"curies":[{"name":"wp","href":"https:\/\/api.w.org\/{rel}","templated":true}]}}