{"id":11146,"date":"2025-10-05T10:23:12","date_gmt":"2025-10-05T02:23:12","guid":{"rendered":"https:\/\/green-grasshopper-921422.hostingersite.com\/?post_type=product&#038;p=11146"},"modified":"2026-01-19T22:09:13","modified_gmt":"2026-01-19T14:09:13","slug":"crystal-mary-pulsex-20mg-20000-puff-vape","status":"publish","type":"product","link":"https:\/\/agoravape.com\/hu\/product\/crystal-mary-pulsex-20mg-20000-puffs-vape\/","title":{"rendered":"Crystal Mary PulsEX 20000 puff 20mg nikotin vape | Nagy kapacit\u00e1s, \u00e1lland\u00f3 \u00edz"},"content":{"rendered":"<h2 data-v-md-heading=\"what-is-the-charm-of-crystal-mary-pulsex-20000-pack-20mg-nicotine-e-cigarette\" data-v-md-line=\"3\">Mi a Crystal Mary Pulsex 20000 kiszerel\u00e9s\u0171, 20 mg-os nikotinos vape var\u00e1zsa?<\/h2>\n<p data-v-md-line=\"4\">Ha eleged van az eldobhat\u00f3 vape-ekb\u0151l, amik a haszn\u00e1lat kezdet\u00e9n kifogynak a k\u00e9szletb\u0151l, akkor ez a term\u00e9k mindent megv\u00e1ltoztat. A Crystal Mary PulsEX ak\u00e1r 20000 slukk kapacit\u00e1ssal \u00e9s 20 milligramm nikotintartalommal rendelkezik a z\u00f6kken\u0151mentes \u00e9lm\u00e9ny \u00e9rdek\u00e9ben. K\u00f6nnyen kezelhet\u0151 \u00e9s nem ig\u00e9nyel er\u0151fesz\u00edt\u00e9st.<\/p>\n<p data-v-md-line=\"6\">Ha hosszan tart\u00f3 \u00e9s l\u00e1gy g\u0151z\u00f6l\u00e9sre v\u00e1gysz, nem kell agg\u00f3dnod a tekercsek vagy a be\u00e1ll\u00edt\u00e1sok miatt, ez a term\u00e9k az ide\u00e1lis v\u00e1laszt\u00e1s. A sok harap\u00e1st\u00f3l az \u00edz elker\u00fclhetetlen\u00fcl gyeng\u00fcl, de a dupla h\u00e1l\u00f3s tekercs az els\u0151 falatt\u00f3l az utols\u00f3ig stabilit\u00e1st biztos\u00edt.<\/p>\n<h2 data-v-md-heading=\"excellent-performance-easy-and-convenient\" data-v-md-line=\"8\">Kiv\u00e1l\u00f3 teljes\u00edtm\u00e9ny, egyszer\u0171 \u00e9s k\u00e9nyelmes<\/h2>\n<p data-v-md-line=\"9\">Bel\u00fcl dupla h\u00e1l\u00f3s tekercseket haszn\u00e1lnak a gyors \u00e9s egyenletes felmeleg\u00edt\u00e9shez, biztos\u00edtva, hogy minden falat olyan tiszta legyen, mint az els\u0151 \u00edz. Ha az akkumul\u00e1tor lemer\u00fclt, nem kell kidobni. Csak csatlakoztassa a t\u00e1pegys\u00e9get. A Type-C port ugyanazt a k\u00e1belt haszn\u00e1lja, mint a legt\u00f6bb mobiltelefon, \u00edgy k\u00e9nyelmesebb a haszn\u00e1lata.<\/p>\n<h2 data-v-md-heading=\"specification-introduction\" data-v-md-line=\"11\">Specifik\u00e1ci\u00f3 Bevezet\u00e9s<\/h2>\n<ul data-v-md-line=\"12\">\n<li>Sz\u00edv\u00e1s gyakoris\u00e1ga: ak\u00e1r 20000-szer<\/li>\n<li>Nikotin: 20 mg (nikotins\u00f3)<\/li>\n<li>E-folyad\u00e9k kapacit\u00e1sa: 18 milliliter<\/li>\n<li>Porlaszt\u00f3 mag: dupla h\u00e1l\u00f3<\/li>\n<li>Akkumul\u00e1tor: 820mAh \u00fajrat\u00f6lthet\u0151 akkumul\u00e1tor<\/li>\n<li>M\u0171k\u00f6d\u00e9si elv: Egyetlen f\u00faj\u00e1ssal aktiv\u00e1lhat\u00f3<\/li>\n<li>Charging: Standard Type-C USB interface<\/li>\n<li>\u00c1llapot: Kicsomagol\u00e1s ut\u00e1n haszn\u00e1latra k\u00e9sz<\/li>\n<\/ul>\n<h2 data-v-md-heading=\"full-range-of-flavors\" data-v-md-line=\"21\">Full range of flavors<\/h2>\n<ul data-v-md-line=\"22\">\n<li>\u00c1fony\u00e1s-savany\u00fa m\u00e1ln\u00e1s \u00edz<\/li>\n<li>Eper furcsa gy\u00fcm\u00f6lcs\u00edz\u0171<\/li>\n<li>Anan\u00e1szos turmix \u00edz<\/li>\n<li>\u00c1fonya, m\u00e1lna, citrom \u00edz<\/li>\n<li>G\u00f6r\u00f6gdinnye turmix \u00edz\u0171<\/li>\n<li>Kiwi, maracuja, guava \u00edz<\/li>\n<li>\u0150szibarack \u00edz\u0171 turmix<\/li>\n<li>\u00c1fony\u00e1s turmix \u00edz<\/li>\n<li>Sziv\u00e1rv\u00e1nycukor \u00edz<\/li>\n<li>Ban\u00e1n turmix<\/li>\n<\/ul>\n<h2 data-v-md-heading=\"to-create-for-you-and-your-business\" data-v-md-line=\"33\">Alkotni \u00d6nnek \u00e9s v\u00e1llalkoz\u00e1s\u00e1nak<\/h2>\n<p data-v-md-line=\"34\">V\u00e1s\u00e1rolhatsz egyet napi haszn\u00e1latra, vagy felt\u00f6ltheted a polcaidat a legkelend\u0151bb term\u00e9kekkel. \u00cdzenk\u00e9nt 5 darabos nagykereskedelmi dobozokat k\u00edn\u00e1lunk, \u00edgy k\u00f6nnyed\u00e9n \u00f6ssze\u00e1ll\u00edthatsz egy kiegyens\u00falyozott kollekci\u00f3t an\u00e9lk\u00fcl, hogy t\u00fal sokat k\u00f6lten\u00e9l.<\/p>\n<p data-v-md-line=\"36\">Megb\u00edzhat\u00f3 partnerekkel, p\u00e9ld\u00e1ul a UPS-szel, a DPD-vel \u00e9s a DHL-lel m\u0171k\u00f6d\u00fcnk egy\u00fctt a DDP k\u00e9zbes\u00edt\u00e9si szolg\u00e1ltat\u00e1sok biztos\u00edt\u00e1sa \u00e9rdek\u00e9ben, megk\u00edm\u00e9lve \u00d6nt a v\u00e1melj\u00e1r\u00e1sok kellemetlens\u00e9geit\u0151l \u00e9s elker\u00fclve a baleseteket \u00e9rkez\u00e9skor. A helyi szab\u00e1lyoz\u00e1sok miatt az ell\u00e1t\u00e1si helyzet orsz\u00e1gonk\u00e9nt\/r\u00e9gi\u00f3nk\u00e9nt elt\u00e9r\u0151 lehet, ez\u00e9rt k\u00e9rj\u00fck, megrendel\u00e9s el\u0151tt ellen\u0151rizze a helyi szab\u00e1lyoz\u00e1sokat.<\/p>\n<h2 data-v-md-heading=\"why-do-you-like-it\" data-v-md-line=\"38\">Mi\u00e9rt tetszik?<\/h2>\n<ul data-v-md-line=\"39\">\n<li>Nagy sz\u00edv\u00f3teljes\u00edtm\u00e9ny: tart\u00f3s \u00e9s hossz\u00fa \u00e9lettartam\u00fa, nem kell gyakran cser\u00e9lni.<\/li>\n<li>20 mg nikotin: Az e-folyad\u00e9kok teljes v\u00e1laszt\u00e9k\u00e1nak koncentr\u00e1ci\u00f3ja egys\u00e9ges.<\/li>\n<li>\u00dajrat\u00f6lthet\u0151: Csak egyszer kell fizetnie az \u00f6sszes e-folyad\u00e9k haszn\u00e1lat\u00e1\u00e9rt.<\/li>\n<li>H\u00e1l\u00f3s tekercs: Minden alkalommal stabil \u00e9s gazdag \u00edzt hozhat.<\/li>\n<li>C t\u00edpus\u00fa t\u00f6lt\u00e9s: Haszn\u00e1ljon hagyom\u00e1nyos k\u00e1belt a gyors \u00fajrat\u00f6lt\u00e9shez.<\/li>\n<\/ul>\n<h2 data-v-md-heading=\"why-choose-to-collaborate-with-agoravape\" data-v-md-line=\"45\">Mi\u00e9rt \u00e9rdemes az AgoraVape-pel egy\u00fcttm\u0171k\u00f6dni?<\/h2>\n<p data-v-md-line=\"46\">Kiz\u00e1r\u00f3lag 100%-ban eredeti term\u00e9keket forgalmazunk, ebben biztosak lehet\u00fcnk. Eur\u00f3pa egyik megb\u00edzhat\u00f3 vape-forgalmaz\u00f3jak\u00e9nt kedvezm\u00e9nyes nagykereskedelmi \u00e1rakat, seg\u00edt\u0151k\u00e9sz \u00fcgyf\u00e9lszolg\u00e1latot \u00e9s gyors DDP kisz\u00e1ll\u00edt\u00e1si szolg\u00e1ltat\u00e1st \u00e9lvezhet a Crystal Mary PulsEX 20000 slukk 20 mg-os nikotintartalm\u00fa vape-ekhez. L\u00e9pjen kapcsolatba vel\u00fcnk, hogy megtudja, hogyan k\u00e9sz\u00edthet olyan k\u00e9sz\u00fcl\u00e9ket, amelyre \u00e9rdemes visszat\u00e9rni \u00fcgyfelei sz\u00e1m\u00e1ra.<\/p>\n<p><img loading=\"lazy\" decoding=\"async\" class=\"aligncenter size-full wp-image-11170\" src=\"https:\/\/agoravape.com\/wp-content\/uploads\/2025\/10\/crystal-mary-vape.webp\" alt=\"\" width=\"1400\" height=\"650\" srcset=\"https:\/\/agoravape.com\/wp-content\/uploads\/2025\/10\/crystal-mary-vape.webp 1400w, https:\/\/agoravape.com\/wp-content\/uploads\/2025\/10\/crystal-mary-vape-1200x557.webp 1200w, https:\/\/agoravape.com\/wp-content\/uploads\/2025\/10\/crystal-mary-vape-300x139.webp 300w, https:\/\/agoravape.com\/wp-content\/uploads\/2025\/10\/crystal-mary-vape-1024x475.webp 1024w, https:\/\/agoravape.com\/wp-content\/uploads\/2025\/10\/crystal-mary-vape-768x357.webp 768w\" sizes=\"auto, (max-width: 1400px) 100vw, 1400px\" \/><\/p>","protected":false},"excerpt":{"rendered":"<p>Enjoy up to 20,000 puffs with the Crystal Mary PulseX. This high-capacity vape delivers a consistent 20mg nicotine hit and rich flavour from start to finish, thanks to a dual mesh coil. It\u2019s simple, rechargeable via Type-C, and built to last. No fuss, just long-lasting flavour.<\/p>","protected":false},"featured_media":11171,"comment_status":"open","ping_status":"closed","template":"","meta":[],"product_brand":[199],"product_cat":[124,185,1636,189,126,174,175,193,191,173,180,190],"product_tag":[],"class_list":{"0":"post-11146","1":"product","2":"type-product","3":"status-publish","4":"has-post-thumbnail","6":"product_brand-crystal-mary","7":"product_cat-vape-by-brand","8":"product_cat-10000-puffs-high-capacity","9":"product_cat-20000-puffs","10":"product_cat-20mg-standard-nicotine-vapes","11":"product_cat-crystal-mary","12":"product_cat-fruit-flavors","13":"product_cat-icy-mint","14":"product_cat-mesh-coil","15":"product_cat-rechargeable-disposables","16":"product_cat-vape-by-flavor-profile","17":"product_cat-vape-by-puff-count","18":"product_cat-vape-by-feature-or-type","20":"first","21":"onbackorder","22":"shipping-taxable","23":"purchasable","24":"product-type-variable","25":"has-default-attributes"},"tiered_pricing_type":"percentage","tiered_pricing_fixed_rules":[],"tiered_pricing_product_settings":{"layout":"default","base_unit_name":{"singular":null,"plural":null},"default_variation":null},"tiered_pricing_minimum_quantity":10,"tiered_pricing_roles_data":[],"tiered_pricing_percentage_rules":{"30":"29","50":"35","100":"40","200":"44","500":"47","1000":"49"},"tiered_pricing_maximum_quantity":null,"tiered_pricing_quantity_step":"10","_links":{"self":[{"href":"https:\/\/agoravape.com\/hu\/wp-json\/wp\/v2\/product\/11146","targetHints":{"allow":["GET"]}}],"collection":[{"href":"https:\/\/agoravape.com\/hu\/wp-json\/wp\/v2\/product"}],"about":[{"href":"https:\/\/agoravape.com\/hu\/wp-json\/wp\/v2\/types\/product"}],"replies":[{"embeddable":true,"href":"https:\/\/agoravape.com\/hu\/wp-json\/wp\/v2\/comments?post=11146"}],"version-history":[{"count":0,"href":"https:\/\/agoravape.com\/hu\/wp-json\/wp\/v2\/product\/11146\/revisions"}],"wp:featuredmedia":[{"embeddable":true,"href":"https:\/\/agoravape.com\/hu\/wp-json\/wp\/v2\/media\/11171"}],"wp:attachment":[{"href":"https:\/\/agoravape.com\/hu\/wp-json\/wp\/v2\/media?parent=11146"}],"wp:term":[{"taxonomy":"product_brand","embeddable":true,"href":"https:\/\/agoravape.com\/hu\/wp-json\/wp\/v2\/product_brand?post=11146"},{"taxonomy":"product_cat","embeddable":true,"href":"https:\/\/agoravape.com\/hu\/wp-json\/wp\/v2\/product_cat?post=11146"},{"taxonomy":"product_tag","embeddable":true,"href":"https:\/\/agoravape.com\/hu\/wp-json\/wp\/v2\/product_tag?post=11146"}],"curies":[{"name":"wp","href":"https:\/\/api.w.org\/{rel}","templated":true}]}}