{"id":11193,"date":"2025-10-05T11:44:25","date_gmt":"2025-10-05T03:44:25","guid":{"rendered":"https:\/\/green-grasshopper-921422.hostingersite.com\/?post_type=product&#038;p=11193"},"modified":"2026-01-19T22:09:06","modified_gmt":"2026-01-19T14:09:06","slug":"crystal-mary-space-rocket-20000-puffs-vape","status":"publish","type":"product","link":"https:\/\/agoravape.com\/hu\/product\/crystal-mary-space-rocket-20000-puffs-vape\/","title":{"rendered":"Crystal Mary Space Rocket Dual Mode 20000 Portos Vape | Nagy sz\u00e1j\u00fa, k\u00f6nnyen haszn\u00e1lhat\u00f3"},"content":{"rendered":"<h2 data-v-md-heading=\"what-are-the-advantages-of-crystal-mary-space-rocket-dual-mode-20000-puff-vapes\" data-v-md-line=\"3\">Milyen el\u0151nyei vannak a Crystal Mary \u0171rrak\u00e9ta kett\u0151s \u00fczemm\u00f3d\u00fa, 20000 puffan\u00e1sos vape-eknek?<\/h2>\n<p data-v-md-line=\"4\">Ha eleged van abb\u00f3l, hogy n\u00e9h\u00e1ny naponta cser\u00e9lgetned kell az e-cigarett\u00e1dat, ez a term\u00e9k megk\u00f6nny\u00edti az \u00e9letedet. A Crystal Mary \u0171rrak\u00e9ta e-cigaretta ultra hossz\u00fa \u00fczemid\u0151vel rendelkezik, \u00e9s szabadon v\u00e1lthatsz a norm\u00e1l \u00e9s a tov\u00e1bbfejlesztett m\u00f3d k\u00f6z\u00f6tt. A norm\u00e1l m\u00f3dot a hosszabb akkumul\u00e1tor-\u00fczemid\u0151 \u00e9rdek\u00e9ben hangolt\u00e1k. A tov\u00e1bbfejlesztett m\u00f3d nagyobb hat\u00e1ssal b\u00edr, de t\u00f6bb f\u00fcst\u00f6t fogyaszt.<\/p>\n<p data-v-md-line=\"6\">B\u00e1rkinek megfelel\u0151, aki gazdag \u00edzvil\u00e1gra v\u00e1gyik er\u0151fesz\u00edt\u00e9s n\u00e9lk\u00fcl. Nincs sz\u00fcks\u00e9ge men\u00fcre vagy bonyolult be\u00e1ll\u00edt\u00e1sokra. V\u00e1lassza ki a k\u00edv\u00e1nt m\u00f3dot, \u00e9s \u00e9lvezze a teljes \u00e9lm\u00e9nyt. Ennyi.<\/p>\n<h2 data-v-md-heading=\"excellent-performance-easy-and-convenient\" data-v-md-line=\"8\">Kiv\u00e1l\u00f3 teljes\u00edtm\u00e9ny, egyszer\u0171 \u00e9s k\u00e9nyelmes<\/h2>\n<p data-v-md-line=\"9\">Dupla h\u00e1l\u00f3s kialak\u00edt\u00e1s, k\u00f6nnyed\u00e9n kezel mindent. A 0,4 \u03a9-os \u00e9s 0,8 \u03a9-os tekercsek egy\u00fcttesen biztos\u00edtj\u00e1k a tiszta \u00e9s k\u00f6vetkezetes \u00edzt az elej\u00e9t\u0151l a v\u00e9g\u00e9ig. Az akkumul\u00e1tor lassabban mer\u00fcl, \u00e9s a f\u00fcst egyenletesebb. Ha az akkumul\u00e1tor lemer\u00fclt, a Type-C csatlakoz\u00f3n kereszt\u00fcl t\u00f6ltheted. Ugyanaz, mint a telefonodon haszn\u00e1lt k\u00e1bel. K\u00f6nnyen haszn\u00e1lhat\u00f3.<\/p>\n<h2 data-v-md-heading=\"specification-introduction\" data-v-md-line=\"11\">Specifik\u00e1ci\u00f3 Bevezet\u00e9s<\/h2>\n<ul data-v-md-line=\"12\">\n<li>Sz\u00edv\u00e1s gyakoris\u00e1ga: norm\u00e1l m\u00f3dban ak\u00e1r 20000-szer, fokozott m\u00f3dban pedig ak\u00e1r 12000-szer<\/li>\n<li>E-folyad\u00e9k kapacit\u00e1sa: 25 milliliter<\/li>\n<li>Porlaszt\u00f3 mag: 0,4 \u03a9+0,8 \u03a9 dupla h\u00e1l\u00f3<\/li>\n<li>Akkumul\u00e1tor: 650 mAh-s \u00fajrat\u00f6lthet\u0151 akkumul\u00e1tor<\/li>\n<li>Nikotin: A gy\u00e1rt\u00f3 nem hat\u00e1rozta meg a koncentr\u00e1ci\u00f3t. K\u00e9rj\u00fck, ellen\u0151rizze a term\u00e9kle\u00edr\u00e1st, vagy forduljon csapatunkhoz az aktu\u00e1lis ell\u00e1t\u00e1si helyzettel kapcsolatban.<\/li>\n<li>M\u0171k\u00f6d\u00e9si elv: kett\u0151s \u00fczemm\u00f3d\u00fa eszk\u00f6z. Egyszer\u0171en v\u00e1ltson \u00fczemm\u00f3dot bonyolult be\u00e1ll\u00edt\u00e1sok n\u00e9lk\u00fcl, \u00e9s m\u00e1ris elkezdheti haszn\u00e1lni.<\/li>\n<li>Charging: Standard Type-C USB interface<\/li>\n<li>\u00c1llapot: Kicsomagol\u00e1s ut\u00e1n azonnal haszn\u00e1lhat\u00f3<\/li>\n<\/ul>\n<h2 data-v-md-heading=\"full-range-of-flavors\" data-v-md-line=\"21\">Full range of flavors<\/h2>\n<ul data-v-md-line=\"22\">\n<li>\u00c1fony\u00e1s-savany\u00fa m\u00e1ln\u00e1s \u00edz<\/li>\n<li>Eper furcsa gy\u00fcm\u00f6lcs\u00edz\u0171<\/li>\n<li>Anan\u00e1sz turmix<\/li>\n<li>\u00c1fonya, m\u00e1lna, citrom \u00edz<\/li>\n<li>G\u00f6r\u00f6gdinnye turmix<\/li>\n<li>Kiwi, maracuja, guava \u00edz<\/li>\n<li>\u0150szibarack turmix<\/li>\n<li>\u00c1fony\u00e1s turmix<\/li>\n<li>Sziv\u00e1rv\u00e1nycukor \u00edz<\/li>\n<li>Ban\u00e1n turmix<\/li>\n<\/ul>\n<h2 data-v-md-heading=\"for-you-and-for-your-business-as-well\" data-v-md-line=\"33\">Neked, \u00e9s a v\u00e1llalkoz\u00e1sodnak is<\/h2>\n<p data-v-md-line=\"34\">V\u00e1s\u00e1rolhatsz egyet magadnak, vagy felt\u00f6ltheted a k\u00e9szleteidet az \u00fczletedbe. A Crystal Mary Space Rocket nagykereskedelmi dobozos kiszerel\u00e9sben k\u00edn\u00e1lja term\u00e9keit, \u00edzenk\u00e9nt 10 darabbal. K\u00f6nnyen list\u00e1zhat\u00f3 \u00e9s \u00e9rt\u00e9kes\u00edthet\u0151.<\/p>\n<p data-v-md-line=\"36\">Megb\u00edzhat\u00f3 partnerekkel, p\u00e9ld\u00e1ul a UPS-szel, a DPD-vel \u00e9s a DHL-lel dolgozunk egy\u00fctt a DDP k\u00e9zbes\u00edt\u00e9si szolg\u00e1ltat\u00e1sok biztos\u00edt\u00e1sa \u00e9rdek\u00e9ben, \u00edgy a tarif\u00e1k el\u0151re feldolgozhat\u00f3k. A v\u00e1mhat\u00f3s\u00e1g nem fog balesetekkel tal\u00e1lkozni, \u00e9s nem lesznek olyan k\u00e9sedelmek, amelyeket ne tudna megmagyar\u00e1zni az \u00fcgyfeleknek.<\/p>\n<h2 data-v-md-heading=\"why-do-you-like-it\" data-v-md-line=\"38\">Mi\u00e9rt tetszik?<\/h2>\n<ul data-v-md-line=\"39\">\n<li>Nagy Sz\u00e1j Sz\u00e1m: V\u00e1lasszon Tart\u00f3s \u00e9s Hossz\u00fa \u00c9lettartam\u00fa Eszk\u00f6zt, Hogy Aggodalommentesebben Fogyasszon<\/li>\n<li>Nikotinv\u00e1laszt\u00e9k: A k\u00fcl\u00f6nb\u00f6z\u0151 piacok elt\u00e9r\u0151 v\u00e1laszt\u00e9kot k\u00edn\u00e1lnak, \u00e9s kiv\u00e1laszthatja az \u00d6nnek legmegfelel\u0151bbet.<\/li>\n<li>\u00dajrat\u00f6lthet\u0151: A C t\u00edpus\u00fa csatlakoz\u00f3 lehet\u0151v\u00e9 teszi, hogy addig haszn\u00e1ld, am\u00edg az e-folyad\u00e9k ki nem fogy<\/li>\n<li>H\u00e1l\u00f3s tekercs: A dupla h\u00e1l\u00f3s tekercsek stabil \u00edzt \u00e9s sima sz\u00edv\u00e1st biztos\u00edtanak<\/li>\n<\/ul>\n<h2 data-v-md-heading=\"why-choose-to-collaborate-with-agoravape\" data-v-md-line=\"44\">Mi\u00e9rt \u00e9rdemes az AgoraVape-pel egy\u00fcttm\u0171k\u00f6dni?<\/h2>\n<p data-v-md-line=\"45\">Kiz\u00e1r\u00f3lag 100%-ban eredeti term\u00e9keket k\u00edn\u00e1lunk, \u00e9s ebben szil\u00e1rdan hisz\u00fcnk. A Crystal Mary Space Rocket dual-mode 20000-es kiszerel\u00e9s\u0171 elektronikus cigarett\u00e1t v\u00e1s\u00e1rl\u00f3 nagykereskedelmi v\u00e1s\u00e1rl\u00f3k \u00e1rkedvezm\u00e9nyeket, gyors reag\u00e1l\u00e1s\u00fa \u00fcgyf\u00e9lszolg\u00e1latot \u00e9s gyors DDP kisz\u00e1ll\u00edt\u00e1si szolg\u00e1ltat\u00e1sokat \u00e9lvezhetnek Eur\u00f3pa-szerte. L\u00e9pjen kapcsolatba vel\u00fcnk, \u00e9s hozzon l\u00e9tre egy n\u00e9pszer\u0171 term\u00e9ket, amely visszahozza \u00fcgyfeleit.<\/p>\n<p data-v-md-line=\"45\"><img loading=\"lazy\" decoding=\"async\" class=\"aligncenter size-full wp-image-11226\" src=\"https:\/\/agoravape.com\/wp-content\/uploads\/2025\/10\/CM-Space-Rocket-vape.webp\" alt=\"\" width=\"1400\" height=\"813\" srcset=\"https:\/\/agoravape.com\/wp-content\/uploads\/2025\/10\/CM-Space-Rocket-vape.webp 1400w, https:\/\/agoravape.com\/wp-content\/uploads\/2025\/10\/CM-Space-Rocket-vape-1200x697.webp 1200w, https:\/\/agoravape.com\/wp-content\/uploads\/2025\/10\/CM-Space-Rocket-vape-300x174.webp 300w, https:\/\/agoravape.com\/wp-content\/uploads\/2025\/10\/CM-Space-Rocket-vape-1024x595.webp 1024w, https:\/\/agoravape.com\/wp-content\/uploads\/2025\/10\/CM-Space-Rocket-vape-768x446.webp 768w\" sizes=\"auto, (max-width: 1400px) 100vw, 1400px\" \/><\/p>","protected":false},"excerpt":{"rendered":"<p>Belef\u00e1radt a p\u00e1racser\u00e9be? A Crystal Mary Space Rocket ak\u00e1r 20 000 puffot is k\u00edn\u00e1l. V\u00e1ltson a hossz\u00fa \u00e9lettartam\u00fa Regular \u00fczemm\u00f3d \u00e9s a kem\u00e9ny Boost \u00fczemm\u00f3d k\u00f6z\u00f6tt. A kett\u0151s h\u00e1l\u00f3s tekercsek tiszta, egyenletes \u00edzt biztos\u00edtanak. Egyszer\u0171, er\u0151teljes \u00e9s C t\u00edpus\u00fa \u00fajrat\u00f6lthet\u0151 a tart\u00f3s \u00e9lm\u00e9ny\u00e9rt.<\/p>","protected":false},"featured_media":11216,"comment_status":"open","ping_status":"closed","template":"","meta":[],"product_brand":[199],"product_cat":[124,185,1636,126,174,175,193,191,173,186,180,190],"product_tag":[],"class_list":{"0":"post-11193","1":"product","2":"type-product","3":"status-publish","4":"has-post-thumbnail","6":"product_brand-crystal-mary","7":"product_cat-vape-by-brand","8":"product_cat-10000-puffs-high-capacity","9":"product_cat-20000-puffs","10":"product_cat-crystal-mary","11":"product_cat-fruit-flavors","12":"product_cat-icy-mint","13":"product_cat-mesh-coil","14":"product_cat-rechargeable-disposables","15":"product_cat-vape-by-flavor-profile","16":"product_cat-vape-by-nicotine-strength","17":"product_cat-vape-by-puff-count","18":"product_cat-vape-by-feature-or-type","20":"first","21":"onbackorder","22":"shipping-taxable","23":"purchasable","24":"product-type-variable","25":"has-default-attributes"},"tiered_pricing_type":"percentage","tiered_pricing_fixed_rules":[],"tiered_pricing_product_settings":{"layout":"default","base_unit_name":{"singular":null,"plural":null},"default_variation":null},"tiered_pricing_minimum_quantity":10,"tiered_pricing_roles_data":[],"tiered_pricing_percentage_rules":{"30":"29","50":"35","100":"40","200":"44","500":"47","1000":"49"},"tiered_pricing_maximum_quantity":null,"tiered_pricing_quantity_step":"10","_links":{"self":[{"href":"https:\/\/agoravape.com\/hu\/wp-json\/wp\/v2\/product\/11193","targetHints":{"allow":["GET"]}}],"collection":[{"href":"https:\/\/agoravape.com\/hu\/wp-json\/wp\/v2\/product"}],"about":[{"href":"https:\/\/agoravape.com\/hu\/wp-json\/wp\/v2\/types\/product"}],"replies":[{"embeddable":true,"href":"https:\/\/agoravape.com\/hu\/wp-json\/wp\/v2\/comments?post=11193"}],"version-history":[{"count":0,"href":"https:\/\/agoravape.com\/hu\/wp-json\/wp\/v2\/product\/11193\/revisions"}],"wp:featuredmedia":[{"embeddable":true,"href":"https:\/\/agoravape.com\/hu\/wp-json\/wp\/v2\/media\/11216"}],"wp:attachment":[{"href":"https:\/\/agoravape.com\/hu\/wp-json\/wp\/v2\/media?parent=11193"}],"wp:term":[{"taxonomy":"product_brand","embeddable":true,"href":"https:\/\/agoravape.com\/hu\/wp-json\/wp\/v2\/product_brand?post=11193"},{"taxonomy":"product_cat","embeddable":true,"href":"https:\/\/agoravape.com\/hu\/wp-json\/wp\/v2\/product_cat?post=11193"},{"taxonomy":"product_tag","embeddable":true,"href":"https:\/\/agoravape.com\/hu\/wp-json\/wp\/v2\/product_tag?post=11193"}],"curies":[{"name":"wp","href":"https:\/\/api.w.org\/{rel}","templated":true}]}}