{"id":11274,"date":"2025-10-05T16:49:05","date_gmt":"2025-10-05T08:49:05","guid":{"rendered":"https:\/\/green-grasshopper-921422.hostingersite.com\/?post_type=product&#038;p=11274"},"modified":"2026-01-19T22:08:55","modified_gmt":"2026-01-19T14:08:55","slug":"bood-pulse-pro-50000-puffs-vape","status":"publish","type":"product","link":"https:\/\/agoravape.com\/hu\/product\/bood-pulse-pro-50000-puffs-vape\/","title":{"rendered":"Bood Pulse Pro 50000 port | Nagy kapacit\u00e1s\u00fa \u00e9s k\u00e9nyelmes, h\u00e1l\u00f3s tekerccsel \u00e9s C t\u00edpus\u00fa t\u00f6lt\u0151interf\u00e9sszel felszerelve"},"content":{"rendered":"<h2 data-v-md-heading=\"what-are-the-advantages-of-the-bood-pulse-pro-50000-puff-high-capacity-vape\" data-v-md-line=\"3\">Milyen el\u0151nyei vannak a Bood Pulse Pro 50000 puff nagy kapacit\u00e1s\u00fa vape-nek?<\/h2>\n<p data-v-md-line=\"4\">Ha belef\u00e1radt\u00e1l abba, hogy n\u00e9h\u00e1ny naponta cser\u00e9lgeted az eldobhat\u00f3 e-liquidet, \u00e9rdemes lehet megn\u00e9zned ezt a term\u00e9ket. A Bood Pulse Pro nagy kapacit\u00e1s\u00fa olajt\u00e1rol\u00f3 tart\u00e1llyal \u00e9s \u00fajrat\u00f6lthet\u0151 akkumul\u00e1torral van felszerelve, \u00edgy hossz\u00fa ideig haszn\u00e1lhatod an\u00e9lk\u00fcl, hogy gyakran kellene elemet cser\u00e9lni.<\/p>\n<p data-v-md-line=\"6\">Ha egy egyszer\u0171 \u00e9s k\u00f6nnyen haszn\u00e1lhat\u00f3, \u00e1lland\u00f3 \u00edz\u0171 sz\u00edv\u00f3fejes vape-re v\u00e1gysz, akkor ez a term\u00e9k az ide\u00e1lis v\u00e1laszt\u00e1s. Az 50000-es kapacit\u00e1s mer\u00e9sznek t\u0171nhet, de a 38 milliliteres e-folyad\u00e9k kapacit\u00e1s \u00e9s a h\u00e1l\u00f3s tekercsek pontosan az oka annak, hogy ilyen sok\u00e1ig b\u00edrja. Az akkumul\u00e1tor t\u00e9nyleges \u00e9lettartama a haszn\u00e1lat m\u00f3dj\u00e1t\u00f3l f\u00fcgg\u0151en v\u00e1ltozhat, \u00edgy az akkumul\u00e1tor \u00e9lettartama nem korl\u00e1tlan.<\/p>\n<h2 data-v-md-heading=\"excellent-performance-no-need-for-complex-operations\" data-v-md-line=\"8\">Kiv\u00e1l\u00f3 teljes\u00edtm\u00e9ny, nincs sz\u00fcks\u00e9g bonyolult m\u0171veletekre<\/h2>\n<p data-v-md-line=\"9\">A Pulse Pro magja egy h\u00e1l\u00f3s porlaszt\u00f3magot haszn\u00e1l a sima f\u00fcst \u00e9s a tiszta \u00edz biztos\u00edt\u00e1sa \u00e9rdek\u00e9ben. Nincs sz\u00fcks\u00e9g gombokra, men\u00fckre, csak enyhe sz\u00edv\u00e1sra. Ha az akkumul\u00e1tor lemer\u00fclt, Type-C adatk\u00e1bellel (ami megegyezhet a telefon t\u00f6lt\u0151k\u00e1bel\u00e9vel) is t\u00f6ltheted. Egyszer\u0171.<\/p>\n<h2 data-v-md-heading=\"specification-introduction\" data-v-md-line=\"11\">Specifik\u00e1ci\u00f3 Bevezet\u00e9s<\/h2>\n<ul data-v-md-line=\"12\">\n<li>Sz\u00edv\u00e1si gyakoris\u00e1g: ak\u00e1r 50000-szer<\/li>\n<li>E-folyad\u00e9k kapacit\u00e1sa: 38 milliliter<\/li>\n<li>Nikotintartalom: 0%, 2% vagy 5% (a konkr\u00e9t k\u00edn\u00e1lat piact\u00f3l f\u00fcgg\u0151en v\u00e1ltozhat)<\/li>\n<li>Tekercs: H\u00e1l\u00f3s tekercs<\/li>\n<li>Akkumul\u00e1tor: 850mAh<\/li>\n<li>M\u0171k\u00f6d\u00e9si elv: Bel\u00e9gz\u00e9ssel aktiv\u00e1l\u00f3dik<\/li>\n<li>Charging: Standard Type-C USB interface<\/li>\n<li>\u00c1llapot: Kicsomagol\u00e1s ut\u00e1n haszn\u00e1latra k\u00e9sz<\/li>\n<\/ul>\n<h2 data-v-md-heading=\"full-range-of-flavors\" data-v-md-line=\"21\">Full range of flavors<\/h2>\n<ul data-v-md-line=\"22\">\n<li>Dinnye, anan\u00e1sz, narancs \u00edz\u0171<\/li>\n<li>\u00c1fony\u00e1s-savany\u00fa m\u00e1ln\u00e1s \u00edz<\/li>\n<li>G\u00f6r\u00f6gdinnye Furcsa Gy\u00fcm\u00f6lcs\u00edz<\/li>\n<li>\u00c1fonya \u00e9s g\u00f6r\u00f6gdinnye \u00edz\u0171<\/li>\n<li>Szederfagyi \u00edz<\/li>\n<li>H\u00e1rmas dinnye \u00edz<\/li>\n<li>Eperfagyi \u00edz\u0171<\/li>\n<li>Eper-g\u00f6r\u00f6gdinnye j\u00e9g \u00edz\u0171<\/li>\n<li>Dupla citromos v\u00edz \u00edz<\/li>\n<li>Sz\u0151l\u0151, \u00e1fonya, \u00e1fonya, m\u00e1lna \u00edz\u0171<\/li>\n<\/ul>\n<h2 data-v-md-heading=\"to-create-for-you-and-your-business\" data-v-md-line=\"33\">Alkotni \u00d6nnek \u00e9s v\u00e1llalkoz\u00e1s\u00e1nak<\/h2>\n<p data-v-md-line=\"34\">V\u00e1s\u00e1rolhat egyetlen egys\u00e9get szem\u00e9lyes haszn\u00e1latra, vagy felhalmozhat kiskereskedelmi k\u00e9szletet. A nagykereskedelmi kartondoboz 180 darabot tartalmaz, m\u00e9retei 54 \u00d7 38,5 \u00d7 27 centim\u00e9ter, brutt\u00f3 s\u00falya pedig 22,5 kilogramm. Ez seg\u00edt a polct\u00e9r \u00e9s a sz\u00e1ll\u00edt\u00e1si k\u00f6lts\u00e9gek megtervez\u00e9s\u00e9ben.<\/p>\n<p data-v-md-line=\"36\">Gyorsan meg\u00e9rtheted a szab\u00e1lyoz\u00e1sokat. Nagy e-folyad\u00e9k kapacit\u00e1s\u00e1nak \u00e9s opcion\u00e1lis 5%-os nikotintartalm\u00e1nak k\u00f6sz\u00f6nhet\u0151en ez az eszk\u00f6z meghaladja az EU TPD eldobhat\u00f3 vape-ekre vonatkoz\u00f3 hat\u00e1r\u00e9rt\u00e9k\u00e9t. K\u00e9rj\u00fck, ellen\u0151rizd a helyi t\u00f6rv\u00e9nyeket, miel\u0151tt list\u00e1zod vagy megv\u00e1s\u00e1roln\u00e1d. Olyan piacokra sz\u00e1ll\u00edtunk, ahol ezek a specifik\u00e1ci\u00f3k enged\u00e9lyezettek. Az enged\u00e9lyezett c\u00e9l\u00e1llom\u00e1sokra DDP sz\u00e1ll\u00edt\u00e1st k\u00edn\u00e1lunk olyan partnerekkel, mint a UPS, a DPD \u00e9s a DHL, \u00edgy nem \u00e9rhetnek kellemetlen meglepet\u00e9sek a v\u00e1mon.<\/p>\n<h2 data-v-md-heading=\"why-do-you-like-it\" data-v-md-line=\"38\">Mi\u00e9rt tetszik?<\/h2>\n<ul data-v-md-line=\"39\">\n<li>Hatalmas sz\u00edv\u00f3er\u0151: hosszabb haszn\u00e1lati id\u0151, \u00edgy nem kell gyakran \u00fajakat v\u00e1s\u00e1rolni.<\/li>\n<li>Nikotintartalom kiv\u00e1laszt\u00e1sa: V\u00e1lasszon 0%, 2% vagy 5%-ot az e-cigaretta haszn\u00e1lati szok\u00e1sai alapj\u00e1n.<\/li>\n<li>\u00dajrat\u00f6lthet\u0151: A teljes 38 milliliteres e-folyad\u00e9kot felhaszn\u00e1lhatja a r\u00e9szlegesen haszn\u00e1lt eszk\u00f6z\u00f6k kidob\u00e1sa helyett.<\/li>\n<li>H\u00e1l\u00f3s porlaszt\u00f3mag: Egyenletes f\u00fcst \u00e9s \u00edz.<\/li>\n<li>K\u00f6nnyen haszn\u00e1lhat\u00f3: Egyszer\u0171en l\u00e9legezzen be, \u00e9s m\u00e1ris haszn\u00e1lhatja a gombok vagy be\u00e1ll\u00edt\u00e1sok m\u00f3dos\u00edt\u00e1sa n\u00e9lk\u00fcl.<\/li>\n<\/ul>\n<h2 data-v-md-heading=\"why-collaborate-with-agoravape\" data-v-md-line=\"45\">Mi\u00e9rt \u00e9rdemes az AgoraVape-pel egy\u00fcttm\u0171k\u00f6dni?<\/h2>\n<p data-v-md-line=\"46\">Eur\u00f3pa egyik legmegb\u00edzhat\u00f3bb vape-forgalmaz\u00f3ja vagyunk, \u00edgy csak 100%-ban eredeti term\u00e9keket \u00e1rus\u00edtunk. V\u00e1llalati \u00fcgyfeleink, akik... <a class=\"wpil_keyword_link\" title=\"\u00dcZENET\" href=\"https:\/\/agoravape.com\/hu\/marka\/bood\/\" data-wpil-keyword-link=\"linked\" data-wpil-monitor-id=\"103\">\u00dczenet<\/a> A Pulse Pro 50000 nagy kapacit\u00e1s\u00fa vape-ek kedvezm\u00e9nyes nagykereskedelmi \u00e1rakat, megb\u00edzhat\u00f3 \u00fcgyf\u00e9lszolg\u00e1latot, valamint gyors \u00e9s megb\u00edzhat\u00f3 kisz\u00e1ll\u00edt\u00e1si szolg\u00e1ltat\u00e1st k\u00edn\u00e1lnak. Ha egy tart\u00f3s, nagy kapacit\u00e1s\u00fa vape-et szeretne v\u00e1s\u00e1rolni, amely minden bizonnyal elnyeri v\u00e1s\u00e1rl\u00f3i tetsz\u00e9s\u00e9t, k\u00e9rj\u00fck, vegye fel vel\u00fcnk a kapcsolatot.<\/p>\n<p data-v-md-line=\"46\"><img loading=\"lazy\" decoding=\"async\" class=\"aligncenter size-full wp-image-11289\" src=\"https:\/\/agoravape.com\/wp-content\/uploads\/2025\/10\/Boodpro_final.webp\" alt=\"\" width=\"1280\" height=\"892\" srcset=\"https:\/\/agoravape.com\/wp-content\/uploads\/2025\/10\/Boodpro_final.webp 1280w, https:\/\/agoravape.com\/wp-content\/uploads\/2025\/10\/Boodpro_final-1200x836.webp 1200w, https:\/\/agoravape.com\/wp-content\/uploads\/2025\/10\/Boodpro_final-300x209.webp 300w, https:\/\/agoravape.com\/wp-content\/uploads\/2025\/10\/Boodpro_final-1024x714.webp 1024w, https:\/\/agoravape.com\/wp-content\/uploads\/2025\/10\/Boodpro_final-768x535.webp 768w\" sizes=\"auto, (max-width: 1280px) 100vw, 1280px\" \/><\/p>","protected":false},"excerpt":{"rendered":"<p>Tapasztalja meg a tart\u00f3s k\u00e9nyelmet a Bood Pulse Pro k\u00e9sz\u00fcl\u00e9kkel. Ak\u00e1r 50 000 slukkot is sz\u00edvhatsz a hatalmas 38 ml-es kapacit\u00e1sb\u00f3l \u00e9s a C t\u00edpus\u00fa \u00fajrat\u00f6lthet\u0151 akkumul\u00e1torr\u00f3l. A h\u00e1l\u00f3s tekercs sima, egyenletes \u00edzt biztos\u00edt egy egyszer\u0171, h\u00faz\u00e1ssal aktiv\u00e1lhat\u00f3 kialak\u00edt\u00e1sban. Hosszan tart\u00f3, nagy teljes\u00edtm\u00e9ny\u0171 p\u00e1rologtat\u00e1s egyszer\u0171en.<\/p>","protected":false},"featured_media":11286,"comment_status":"open","ping_status":"closed","template":"","meta":[],"product_brand":[200],"product_cat":[124,187,185,189,1641,127,174,175,193,191,173,186,180,190],"product_tag":[],"class_list":{"0":"post-11274","1":"product","2":"type-product","3":"status-publish","4":"has-post-thumbnail","6":"product_brand-bood","7":"product_cat-vape-by-brand","8":"product_cat-0mg-nicotine-free-vapes","9":"product_cat-10000-puffs-high-capacity","10":"product_cat-20mg-standard-nicotine-vapes","11":"product_cat-50000-puffs","12":"product_cat-bood","13":"product_cat-fruit-flavors","14":"product_cat-icy-mint","15":"product_cat-mesh-coil","16":"product_cat-rechargeable-disposables","17":"product_cat-vape-by-flavor-profile","18":"product_cat-vape-by-nicotine-strength","19":"product_cat-vape-by-puff-count","20":"product_cat-vape-by-feature-or-type","22":"first","23":"onbackorder","24":"shipping-taxable","25":"purchasable","26":"product-type-variable","27":"has-default-attributes"},"tiered_pricing_type":"percentage","tiered_pricing_fixed_rules":[],"tiered_pricing_product_settings":{"layout":"default","base_unit_name":{"singular":null,"plural":null},"default_variation":null},"tiered_pricing_minimum_quantity":10,"tiered_pricing_roles_data":[],"tiered_pricing_percentage_rules":{"100":"40","200":"44","500":"47","1000":"49"},"tiered_pricing_maximum_quantity":null,"tiered_pricing_quantity_step":"10","_links":{"self":[{"href":"https:\/\/agoravape.com\/hu\/wp-json\/wp\/v2\/product\/11274","targetHints":{"allow":["GET"]}}],"collection":[{"href":"https:\/\/agoravape.com\/hu\/wp-json\/wp\/v2\/product"}],"about":[{"href":"https:\/\/agoravape.com\/hu\/wp-json\/wp\/v2\/types\/product"}],"replies":[{"embeddable":true,"href":"https:\/\/agoravape.com\/hu\/wp-json\/wp\/v2\/comments?post=11274"}],"version-history":[{"count":0,"href":"https:\/\/agoravape.com\/hu\/wp-json\/wp\/v2\/product\/11274\/revisions"}],"wp:featuredmedia":[{"embeddable":true,"href":"https:\/\/agoravape.com\/hu\/wp-json\/wp\/v2\/media\/11286"}],"wp:attachment":[{"href":"https:\/\/agoravape.com\/hu\/wp-json\/wp\/v2\/media?parent=11274"}],"wp:term":[{"taxonomy":"product_brand","embeddable":true,"href":"https:\/\/agoravape.com\/hu\/wp-json\/wp\/v2\/product_brand?post=11274"},{"taxonomy":"product_cat","embeddable":true,"href":"https:\/\/agoravape.com\/hu\/wp-json\/wp\/v2\/product_cat?post=11274"},{"taxonomy":"product_tag","embeddable":true,"href":"https:\/\/agoravape.com\/hu\/wp-json\/wp\/v2\/product_tag?post=11274"}],"curies":[{"name":"wp","href":"https:\/\/api.w.org\/{rel}","templated":true}]}}