{"id":11309,"date":"2025-10-05T21:01:03","date_gmt":"2025-10-05T13:01:03","guid":{"rendered":"https:\/\/green-grasshopper-921422.hostingersite.com\/?post_type=product&#038;p=11309"},"modified":"2026-01-30T17:39:31","modified_gmt":"2026-01-30T09:39:31","slug":"randm-fumot-tornado-20000-puffs-vape","status":"publish","type":"product","link":"https:\/\/agoravape.com\/hu\/product\/randm-fumot-tornado-20000-puffs-vape\/","title":{"rendered":"RandM Fumot Tornado 20000 Portos Digit\u00e1lis Vape | Nagy Kapacit\u00e1s, Praktikus Kijelz\u0151"},"content":{"rendered":"<h2 data-v-md-heading=\"what-is-the-randm-fumot-tornado-20000-port-digital-vape-like\" data-v-md-line=\"3\">Milyen a RandM Fumot Tornado 20000 portos digit\u00e1lis vape?<\/h2>\n<p data-v-md-line=\"4\">Ha eleged van az eldobhat\u00f3 vape-ekb\u0151l, amik a h\u00e9t fel\u00e9n\u00e9l elfogynak, \u00e9rdemes lehet megn\u00e9zned ezt a term\u00e9ket. A RandM Fumot Tornado ak\u00e1r 20000 port kapacit\u00e1ssal rendelkezik, \u00e9s egy j\u00f3l olvashat\u00f3 digit\u00e1lis kijelz\u0151vel van felszerelve, amely mutatja az akkumul\u00e1tor \u00e9s az e-folyad\u00e9k szintj\u00e9t. Nem kell tal\u00e1lgatni, egyszer\u0171 \u00e9s k\u00e9nyelmes.<\/p>\n<p data-v-md-line=\"6\">B\u00e1rkinek megfelel\u0151, aki hosszan tart\u00f3, kiv\u00e1l\u00f3 \u00edz\u0171 \u00e9s stabil teljes\u00edtm\u00e9ny\u0171 vape-re v\u00e1gyik. Lehet, hogy \u00fagy gondolod, hogy az ilyen nagy kapacit\u00e1s\u00fa vape-ek orm\u00f3tlanok, de meglep\u0151dsz majd, milyen k\u00e9nyelmesek mindennapos hordoz\u00e1sukban.<\/p>\n<h2 data-v-md-heading=\"excellent-performance-easy-and-convenient\" data-v-md-line=\"8\">Kiv\u00e1l\u00f3 teljes\u00edtm\u00e9ny, egyszer\u0171 \u00e9s k\u00e9nyelmes<\/h2>\n<p data-v-md-line=\"9\">A dupla h\u00e1l\u00f3s tekercsek az els\u0151 falatt\u00f3l az utols\u00f3ig \u00e1lland\u00f3 \u00edzt biztos\u00edtanak. A k\u00e9perny\u0151 lehet\u0151v\u00e9 teszi az akkumul\u00e1tor t\u00f6lt\u00f6tts\u00e9gi szintj\u00e9nek pontos ellen\u0151rz\u00e9s\u00e9t \u00e9s mindent vez\u00e9relhet. Ha az akkumul\u00e1tor t\u00f6lt\u00f6tts\u00e9ge alacsony, ugyanazt az adatk\u00e1belt haszn\u00e1lhatod a telefonod t\u00f6lt\u00e9s\u00e9hez Type-C k\u00e1belen kereszt\u00fcl. A 850 mAh-s akkumul\u00e1tor folyamatos t\u00e1pell\u00e1t\u00e1st biztos\u00edt, m\u00edg a 20 ml-es olajtart\u00e1ly hossz\u00fa t\u00e1v\u00fa sz\u00edv\u00e1st tesz lehet\u0151v\u00e9.<\/p>\n<h2 data-v-md-heading=\"specification-introduction\" data-v-md-line=\"11\">Specifik\u00e1ci\u00f3 Bevezet\u00e9s<\/h2>\n<ul data-v-md-line=\"12\">\n<li>Sz\u00edv\u00e1s gyakoris\u00e1ga: ak\u00e1r 20000-szer<\/li>\n<li>Nicotine content: 0%, 2%, 3%, 5%<\/li>\n<li>M\u0171k\u00f6d\u00e9si elv: Egyetlen f\u00faj\u00e1ssal aktiv\u00e1lhat\u00f3<\/li>\n<li>Charging: Standard Type-C USB interface<\/li>\n<li>\u00c1llapot: Kicsomagol\u00e1s ut\u00e1n azonnal haszn\u00e1lhat\u00f3<\/li>\n<\/ul>\n<h2 data-v-md-heading=\"full-range-of-flavors\" data-v-md-line=\"18\">Full range of flavors<\/h2>\n<ul data-v-md-line=\"19\">\n<li>\u00c1fony\u00e1s-m\u00e1ln\u00e1s kem\u00e9ny cukorka<\/li>\n<li>\u00c1fonyabogy\u00f3<\/li>\n<li>Eper kivi<\/li>\n<li>Sziv\u00e1rv\u00e1ny cukorka<\/li>\n<li>Eperfagylalt<\/li>\n<li>K\u00f6rte j\u00e9g<\/li>\n<li>Vattacukor<\/li>\n<li>L\u00e1gy mag\u00fa babcukorka<\/li>\n<li>Ubork\u00e1s-citromos v\u00edz<\/li>\n<li>Anan\u00e1szos k\u00f3kusztej<\/li>\n<li>F\u00f6ldi szeder<\/li>\n<li>G\u00f6r\u00f6gdinnye j\u00e9g<\/li>\n<li>Eper g\u00f6r\u00f6gdinnye<\/li>\n<li>Vegyes bogy\u00f3s gy\u00fcm\u00f6lcs\u00f6k<\/li>\n<li>Licsi dinnye<\/li>\n<li>Cseresznye \u00e9s lime<\/li>\n<li>Anan\u00e1sz, citromz\u00f6ld, alma<\/li>\n<li>Ban\u00e1ntorta<\/li>\n<li>K\u00e9k \u00far<\/li>\n<li>Cseresznye<\/li>\n<li>\u00c1fonya \u00e9s m\u00e1lna<\/li>\n<li>Cseresznye k\u00f3la<\/li>\n<li>Kiwi, maracuja, guava<\/li>\n<li>Eperfagylalt<\/li>\n<li>Eper M\u00e1lna Meggyfagylalt<\/li>\n<li>Cseresznyebogy\u00f3<\/li>\n<li>\u00c1fonya \u00e9s savany\u00fa bogy\u00f3k<\/li>\n<li>\u00c1fony\u00e1s gumicukork\u00e1k<\/li>\n<li>H\u0171s menta<\/li>\n<li>K\u00e9k j\u00e9gp\u00e1lya<\/li>\n<li>Kaktusz j\u00e9g<\/li>\n<li>V\u00f6r\u00f6s sz\u0151l\u0151 \u00e9s lime<\/li>\n<li>K\u00f3la-citrom<\/li>\n<li>Fekete ribizli alma<\/li>\n<li>Kaktusz kivi<\/li>\n<li>Coca-Cola j\u00e9g<\/li>\n<li>Epres V\u00f6r\u00f6s Bika<\/li>\n<li>Raspberry watermelon<\/li>\n<li>Citrom \u00e9s lime<\/li>\n<\/ul>\n<h2 data-v-md-heading=\"for-you-and-for-your-business-as-well\" data-v-md-line=\"59\">Neked, \u00e9s a v\u00e1llalkoz\u00e1sodnak is<\/h2>\n<p data-v-md-line=\"60\">V\u00e1s\u00e1rolhat <a class=\"wpil_keyword_link\" title=\"RandM\" href=\"https:\/\/agoravape.com\/hu\/vape-marka-szerint\/randm\/\" data-wpil-keyword-link=\"linked\" data-wpil-monitor-id=\"102\">RandM<\/a> V\u00e1s\u00e1roljon Fumot Tornado 20000 patront mag\u00e1nak, vagy b\u0151v\u00edtse \u00fczlet\u00e9t. 160 darabos nagykereskedelmi kiszerel\u00e9sben k\u00edn\u00e1ljuk, hogy polcai mindig tele legyenek.<\/p>\n<p data-v-md-line=\"62\">Megb\u00edzhat\u00f3 partnereken, p\u00e9ld\u00e1ul UPS-en, DPD-n \u00e9s DHL-en kereszt\u00fcl sz\u00e1ll\u00edtunk DDP-ben, ad\u00f3fizet\u00e9s ut\u00e1n, \u00edgy nem lesz baleset a v\u00e1mn\u00e1l. A gyors sz\u00e1ll\u00edt\u00e1s \u00e9s az egy\u00e9rtelm\u0171 nyomon k\u00f6vet\u00e9s mindent leegyszer\u0171s\u00edt.<\/p>\n<h2 data-v-md-heading=\"why-do-you-like-it\" data-v-md-line=\"64\">Mi\u00e9rt tetszik?<\/h2>\n<ul data-v-md-line=\"65\">\n<li>Hatalmas sz\u00edv\u00f3er\u0151: A sz\u00edv\u00e1si id\u0151 hosszabb, \u00edgy nem kell gyakran \u00fajakat v\u00e1s\u00e1rolni.<\/li>\n<li>Nikotin kiv\u00e1laszt\u00e1sa: V\u00e1lassza ki az \u00d6nnek megfelel\u0151 nikotinkoncentr\u00e1ci\u00f3t.<\/li>\n<li>\u00dajrat\u00f6lthet\u0151: Minden megv\u00e1s\u00e1rolt e-folyad\u00e9kot haszn\u00e1lhat.<\/li>\n<li>H\u00e1l\u00f3s tekercs: Minden alkalommal stabil \u00e9s \u00edzletes \u00e9lm\u00e9nyben lesz r\u00e9sze.<\/li>\n<li>Digit\u00e1lis kijelz\u0151: Az akkumul\u00e1tor \u00e9s az e-folyad\u00e9k egy pillant\u00e1ssal \u00e1ttekinthet\u0151, \u00edgy soha nem maradsz le semmir\u0151l.<\/li>\n<\/ul>\n<h2 data-v-md-heading=\"why-collaborate-with-agoravape\" data-v-md-line=\"71\">Mi\u00e9rt \u00e9rdemes az AgoraVape-pel egy\u00fcttm\u0171k\u00f6dni?<\/h2>\n<p data-v-md-line=\"72\">Eur\u00f3pa egyik legmegb\u00edzhat\u00f3bb vape forgalmaz\u00f3ja vagyunk, \u00e9s kiz\u00e1r\u00f3lag 100%-ban eredeti term\u00e9keket \u00e1rus\u00edtunk. Kereskedelmi \u00fcgyfelek sz\u00e1m\u00e1ra ez nagykereskedelmi \u00e1rakat, megb\u00edzhat\u00f3 t\u00e1mogat\u00e1st \u00e9s gyors, megb\u00edzhat\u00f3 sz\u00e1ll\u00edt\u00e1st jelent a RandM Fumot Tornado 20000 digit\u00e1lis k\u00e9perny\u0151s vape-ekhez. L\u00e9pjen kapcsolatba vel\u00fcnk, hogy val\u00f3ban megb\u00edzhat\u00f3 term\u00e9ket k\u00edn\u00e1lhassunk \u00fcgyfeleinek.<\/p>","protected":false},"excerpt":{"rendered":"<p>\u00c9lvezze a RandM Fumot Tornado ak\u00e1r 20 000 sz\u00edv\u00e1s\u00e1t. Tiszta digit\u00e1lis kijelz\u0151je val\u00f3s id\u0151ben mutatja az akkumul\u00e1tor \u00e9s az e-folyad\u00e9k szintj\u00e9t, \u00edgy mindig k\u00e9zben tarthatja a helyzetet. Ez a Type-C \u00fajrat\u00f6lthet\u0151 vaporiz\u00e1tor kett\u0151s h\u00e1l\u00f3s tekercset haszn\u00e1l az egyenletes, gazdag \u00edz \u00e9rdek\u00e9ben. V\u00e1lasszon t\u00f6bb nikotinszint k\u00f6z\u00fcl (0%-t\u0151l 5%-ig).<\/p>","protected":false},"featured_media":11359,"comment_status":"open","ping_status":"closed","template":"","meta":[],"product_brand":[201],"product_cat":[124,187,185,1636,189,176,177,174,175,193,128,191,179,173,186,180,190,192],"product_tag":[],"class_list":{"0":"post-11309","1":"product","2":"type-product","3":"status-publish","4":"has-post-thumbnail","6":"product_brand-randm","7":"product_cat-vape-by-brand","8":"product_cat-0mg-nicotine-free-vapes","9":"product_cat-10000-puffs-high-capacity","10":"product_cat-20000-puffs","11":"product_cat-20mg-standard-nicotine-vapes","12":"product_cat-beverage","13":"product_cat-dessert-sweets","14":"product_cat-fruit-flavors","15":"product_cat-icy-mint","16":"product_cat-mesh-coil","17":"product_cat-randm","18":"product_cat-rechargeable-disposables","19":"product_cat-unique-blends","20":"product_cat-vape-by-flavor-profile","21":"product_cat-vape-by-nicotine-strength","22":"product_cat-vape-by-puff-count","23":"product_cat-vape-by-feature-or-type","24":"product_cat-vapes-with-screens","26":"first","27":"instock","28":"shipping-taxable","29":"purchasable","30":"product-type-variable","31":"has-default-attributes"},"tiered_pricing_type":"percentage","tiered_pricing_fixed_rules":[],"tiered_pricing_product_settings":{"layout":"default","base_unit_name":{"singular":null,"plural":null},"default_variation":null},"tiered_pricing_minimum_quantity":10,"tiered_pricing_roles_data":[],"tiered_pricing_percentage_rules":{"30":"29","50":"35","100":"40","200":"44","500":"47","1000":"49"},"tiered_pricing_maximum_quantity":null,"tiered_pricing_quantity_step":"10","_links":{"self":[{"href":"https:\/\/agoravape.com\/hu\/wp-json\/wp\/v2\/product\/11309","targetHints":{"allow":["GET"]}}],"collection":[{"href":"https:\/\/agoravape.com\/hu\/wp-json\/wp\/v2\/product"}],"about":[{"href":"https:\/\/agoravape.com\/hu\/wp-json\/wp\/v2\/types\/product"}],"replies":[{"embeddable":true,"href":"https:\/\/agoravape.com\/hu\/wp-json\/wp\/v2\/comments?post=11309"}],"version-history":[{"count":0,"href":"https:\/\/agoravape.com\/hu\/wp-json\/wp\/v2\/product\/11309\/revisions"}],"wp:featuredmedia":[{"embeddable":true,"href":"https:\/\/agoravape.com\/hu\/wp-json\/wp\/v2\/media\/11359"}],"wp:attachment":[{"href":"https:\/\/agoravape.com\/hu\/wp-json\/wp\/v2\/media?parent=11309"}],"wp:term":[{"taxonomy":"product_brand","embeddable":true,"href":"https:\/\/agoravape.com\/hu\/wp-json\/wp\/v2\/product_brand?post=11309"},{"taxonomy":"product_cat","embeddable":true,"href":"https:\/\/agoravape.com\/hu\/wp-json\/wp\/v2\/product_cat?post=11309"},{"taxonomy":"product_tag","embeddable":true,"href":"https:\/\/agoravape.com\/hu\/wp-json\/wp\/v2\/product_tag?post=11309"}],"curies":[{"name":"wp","href":"https:\/\/api.w.org\/{rel}","templated":true}]}}