{"id":11401,"date":"2025-10-07T09:39:46","date_gmt":"2025-10-07T01:39:46","guid":{"rendered":"https:\/\/green-grasshopper-921422.hostingersite.com\/?post_type=product&#038;p=11401"},"modified":"2026-02-14T17:27:40","modified_gmt":"2026-02-14T16:27:40","slug":"randm-fumot-digitalis-doboz-12000-puffok","status":"publish","type":"product","link":"https:\/\/agoravape.com\/hu\/product\/randm-fumot-digital-box-12000-puffs\/","title":{"rendered":"RandM Fumot Digital Box 12000 Puff Vape | Nagy Sz\u00edv\u00e1ssz\u00e1ml\u00e1l\u00f3 K\u00e9nyelmes Digit\u00e1lis Kijelz\u0151vel"},"content":{"rendered":"<h2 data-v-md-heading=\"what-is-the-randm-fumot-digital-box-12000-puff-vape\" data-v-md-line=\"3\">Mi az a RandM Fumot Digital Box 12000 Puff Vape?<\/h2>\n<p data-v-md-line=\"4\">Ha eleged van abb\u00f3l, hogy t\u00fal kor\u00e1n elhaszn\u00e1lod az eldobhat\u00f3 holmikat, akkor csak \u00edgy tov\u00e1bb. A RandM Fumot digit\u00e1lis doboz ak\u00e1r 12000 slukkra elegend\u0151, \u00e9s egy tiszta digit\u00e1lis k\u00e9perny\u0151n mutatja az akkumul\u00e1tor \u00e9s az elektronikus folyad\u00e9k szintj\u00e9t. Nincsenek tal\u00e1lgat\u00e1sok, nincsenek meglepet\u00e9sek.<\/p>\n<p data-v-md-line=\"6\">Ha egy egyszer\u0171, tart\u00f3s, finom \u00e9s hat\u00e9kony vape-re v\u00e1gysz, ez ide\u00e1lis. Bel\u00e9legzed a g\u0151z\u00f6ket. Amikor az akkumul\u00e1tor lemer\u00fclt, felt\u00f6ltheted. Ennyi.<\/p>\n<h2 data-v-md-heading=\"excellent-performance-without-any-complications\" data-v-md-line=\"8\">Kiv\u00e1l\u00f3 teljes\u00edtm\u00e9ny komplik\u00e1ci\u00f3k n\u00e9lk\u00fcl<\/h2>\n<p data-v-md-line=\"9\">Egy 0,8 \u03a9-os h\u00e1l\u00f3s tekercs van elhelyezve, hogy az elej\u00e9t\u0151l a v\u00e9g\u00e9ig \u00e1lland\u00f3 \u00edzt biztos\u00edtson. Ez a fest\u00e9k nagyon sima tapint\u00e1s\u00fa, \u00e9s a g\u0151z t\u00f6m\u00f6r testtel rendelkezik, amely nem v\u00e1lik \u00e9rdess\u00e9. Amikor az akkumul\u00e1tort t\u00f6lteni kell, Type-C k\u00e1bellel t\u00f6ltheti. Ez a legt\u00f6bb mobiltelefon \u00e1ltal haszn\u00e1lt k\u00e1bel, \u00edgy nem kell semmilyen k\u00fcl\u00f6nleges nyomot keresnie. A digit\u00e1lis kijelz\u0151 mutatja az akkumul\u00e1tor t\u00f6lt\u00f6tts\u00e9gi szintj\u00e9t \u00e9s az elektronikus folyad\u00e9kszintet, \u00edgy a napi haszn\u00e1lat egyszer\u0171.<\/p>\n<h2 data-v-md-heading=\"quick-specifications\" data-v-md-line=\"11\">Gyors specifik\u00e1ci\u00f3k<\/h2>\n<p data-v-md-line=\"12\"><strong>F\u00faj\u00e1s mennyis\u00e9ge:<\/strong>\u00a0Maximum 12000 slukk<br \/>\n<strong>Nikotin:<\/strong>\u00a00%, 2%, 3% \u00e9s 5%-os kiszerel\u00e9sben kaphat\u00f3<br \/>\n<strong>M\u0171k\u00f6d\u00e9si elv:<\/strong>\u00a0Egyszer\u0171en l\u00e9legezzen be az aktiv\u00e1l\u00e1shoz<br \/>\n<strong>T\u00f6lt\u00e9s:<\/strong>\u00a0Standard C t\u00edpus\u00fa USB-port<br \/>\n<strong>\u00c1llapot:<\/strong>\u00a0A dobozb\u00f3l kiv\u00e9ve azonnal haszn\u00e1latra k\u00e9sz<\/p>\n<h2 data-v-md-heading=\"full-flavor-lineup\" data-v-md-line=\"18\">Teljes \u00edzv\u00e1laszt\u00e9k<\/h2>\n<ul data-v-md-line=\"19\">\n<li>H\u0171s menta<\/li>\n<li>G\u00f6r\u00f6gdinnye j\u00e9g<\/li>\n<li>Sz\u0151l\u0151fagylalt<\/li>\n<li>\u00c1fonya \u00e9s m\u00e1lna<\/li>\n<li>Eper g\u00f6r\u00f6gdinnye<\/li>\n<li>Eper \u00e9s ban\u00e1n<\/li>\n<li>Mang\u00f3 j\u00e9g<\/li>\n<li>Vegyes bogy\u00f3s gy\u00fcm\u00f6lcs\u00f6k<\/li>\n<li>Cseresznye k\u00f3la<\/li>\n<li>Kiwi \u00e9s guava<\/li>\n<li>Ezen fel\u00fcl tov\u00e1bbi 49 \u00edzben kaphat\u00f3 term\u00e9k.<\/li>\n<\/ul>\n<h2 data-v-md-heading=\"for-you-and-your-business\" data-v-md-line=\"31\">\u00d6nnek \u00e9s v\u00e1llalkoz\u00e1s\u00e1nak<\/h2>\n<p data-v-md-line=\"32\">V\u00e1laszthat <a class=\"wpil_keyword_link\" title=\"RandM\" href=\"https:\/\/agoravape.com\/hu\/vape-marka-szerint\/randm\/\" data-wpil-keyword-link=\"linked\" data-wpil-monitor-id=\"101\">RandM<\/a> Fumot Digital Box 12000 Bubble Smoke szem\u00e9lyes haszn\u00e1latra vagy t\u00e1rol\u00e1sra az \u00fczletben. 200 nagykereskedelmi kartondobozt tartalmaz, ami megk\u00f6nny\u00edti a k\u00e9szletfelt\u00f6lt\u00e9st. Az EU-n bel\u00fcl DDP-vel sz\u00e1ll\u00edtunk megb\u00edzhat\u00f3 partnerekkel, mint p\u00e9ld\u00e1ul a UPS, a DPD \u00e9s a DHL, \u00edgy a v\u00e1mok el\u0151re feldolgozottak, \u00e9s nem \u00e9rhetnek kellemetlen meglepet\u00e9sek a v\u00e1mon.<\/p>\n<p data-v-md-line=\"34\">Ha k\u00fcl\u00f6nb\u00f6z\u0151 orsz\u00e1gokban \u00e9rt\u00e9kes\u00edtesz, ellen\u0151rizd a helyi el\u0151\u00edr\u00e1sokat a nikotinkoncentr\u00e1ci\u00f3ra \u00e9s az eldobhat\u00f3 kupakokra vonatkoz\u00f3an. Csapatunk a legkeresettebb term\u00e9keket \u00e9s a megfelel\u0151s\u00e9gi lehet\u0151s\u00e9geket tudja aj\u00e1nlani sz\u00e1modra.<\/p>\n<h2 data-v-md-heading=\"why-do-you-like-it\" data-v-md-line=\"36\">Mi\u00e9rt tetszik?<\/h2>\n<p data-v-md-line=\"37\"><strong>Sok puffan\u00e1s:<\/strong>\u00a0Mivel tov\u00e1bb tart, nem kell gyakran \u00fajat venni.<br \/>\n<strong>Nicotine selection:<\/strong>\u00a0V\u00e1lassza ki a vape-haszn\u00e1lat\u00e1hoz megfelel\u0151 er\u0151ss\u00e9g\u0171 term\u00e9ket.<br \/>\n<strong>\u00dajrat\u00f6lthet\u0151:<\/strong>\u00a0Az \u00f6sszes kifizetett e-liquidet felhaszn\u00e1lhatod a f\u00e9l doboz megt\u00f6lt\u00e9se helyett.<br \/>\n<strong>Mesh coil:<\/strong>\u00a0Minden egyes cigaretta \u00edze tiszta \u00e9s k\u00f6vetkezetes, nem csak az els\u0151 n\u00e9h\u00e1ny\u00e9.<br \/>\n<strong>Digit\u00e1lis kijelz\u0151:<\/strong>\u00a0Egy pillant\u00e1ssal k\u00f6nnyen \u00e1ttekintheted az akkumul\u00e1tor \u00e9s az elektronikus folyad\u00e9k szintj\u00e9t, ami seg\u00edt a napi munka megtervez\u00e9s\u00e9ben.<br \/>\n<strong>C t\u00edpus\u00fa t\u00f6lt\u00e9s:<\/strong>\u00a0Egyetlen k\u00e1bel, ami megk\u00f6nny\u00edti az \u00e9letet.<br \/>\n<strong>Gomb n\u00e9lk\u00fcli lott\u00f3:<\/strong>\u00a0Bel\u00e9gz\u00e9ses aktiv\u00e1l\u00e1s a kezd\u00e9shez.<\/p>\n<h2 data-v-md-heading=\"why-choose-to-collaborate-with-agoravape\" data-v-md-line=\"45\">Mi\u00e9rt \u00e9rdemes az AgoraVape-pel egy\u00fcttm\u0171k\u00f6dni?<\/h2>\n<p data-v-md-line=\"46\">Kiz\u00e1r\u00f3lag 100%-ban eredeti berendez\u00e9seket forgalmazunk, \u00e9s ezt mi is t\u00e1mogatjuk. \u00dczleti \u00fcgyfeleinknek kedvezm\u00e9nyes nagykereskedelmi \u00e1rakat, gyors \u00fcgyf\u00e9lszolg\u00e1latot \u00e9s gyors EU DDP sz\u00e1ll\u00edt\u00e1st k\u00edn\u00e1lunk a RandM Fumot Digital Box 12000 Puffs Vape term\u00e9khez. L\u00e9pjen kapcsolatba vel\u00fcnk, hogy megb\u00edzhat\u00f3, magas f\u00fcsttartalm\u00fa, eldobhat\u00f3 term\u00e9ket v\u00e1s\u00e1roljon \u00fcgyfelei sz\u00e1m\u00e1ra.<\/p>","protected":false},"excerpt":{"rendered":"<p>\u00c9lvezze a RandM Fumot Digital Box k\u00e9sz\u00fcl\u00e9kkel ak\u00e1r 12 000 sz\u00edv\u00e1st. Tiszta digit\u00e1lis kijelz\u0151je megmutatja az e-folyad\u00e9k \u00e9s az akkumul\u00e1tor t\u00f6lt\u00f6tts\u00e9gi szintj\u00e9t \u2013 nincs t\u00f6bb\u00e9 tal\u00e1lgat\u00e1s. A h\u00e1l\u00f3s tekercs biztos\u00edtja az egyenletes \u00edzt a kezdetekt\u0151l a v\u00e9g\u00e9ig, \u00e9s k\u00f6nnyen \u00fajrat\u00f6lthet\u0151 egy szabv\u00e1nyos Type-C k\u00e1bellel. Egyszer\u0171, tart\u00f3s \u00e9s megb\u00edzhat\u00f3.<\/p>","protected":false},"featured_media":11541,"comment_status":"open","ping_status":"closed","template":"","meta":[],"product_brand":[201],"product_cat":[124,187,185,1634,189,176,177,1674,174,175,193,128,191,178,179,173,186,180,190,192],"product_tag":[],"class_list":{"0":"post-11401","1":"product","2":"type-product","3":"status-publish","4":"has-post-thumbnail","6":"product_brand-randm","7":"product_cat-vape-by-brand","8":"product_cat-0mg-nicotine-free-vapes","9":"product_cat-10000-puffs-high-capacity","10":"product_cat-12000-puffs","11":"product_cat-20mg-standard-nicotine-vapes","12":"product_cat-beverage","13":"product_cat-dessert-sweets","14":"product_cat-eu-warehouse","15":"product_cat-fruit-flavors","16":"product_cat-icy-mint","17":"product_cat-mesh-coil","18":"product_cat-randm","19":"product_cat-rechargeable-disposables","20":"product_cat-tobacco","21":"product_cat-unique-blends","22":"product_cat-vape-by-flavor-profile","23":"product_cat-vape-by-nicotine-strength","24":"product_cat-vape-by-puff-count","25":"product_cat-vape-by-feature-or-type","26":"product_cat-vapes-with-screens","28":"first","29":"instock","30":"shipping-taxable","31":"purchasable","32":"product-type-variable","33":"has-default-attributes"},"tiered_pricing_type":"percentage","tiered_pricing_fixed_rules":[],"tiered_pricing_product_settings":{"layout":"default","base_unit_name":{"singular":null,"plural":null},"default_variation":null},"tiered_pricing_minimum_quantity":10,"tiered_pricing_roles_data":[],"tiered_pricing_percentage_rules":{"30":"29","50":"35","100":"40","200":"44","500":"47","1000":"49"},"tiered_pricing_maximum_quantity":null,"tiered_pricing_quantity_step":"10","_links":{"self":[{"href":"https:\/\/agoravape.com\/hu\/wp-json\/wp\/v2\/product\/11401","targetHints":{"allow":["GET"]}}],"collection":[{"href":"https:\/\/agoravape.com\/hu\/wp-json\/wp\/v2\/product"}],"about":[{"href":"https:\/\/agoravape.com\/hu\/wp-json\/wp\/v2\/types\/product"}],"replies":[{"embeddable":true,"href":"https:\/\/agoravape.com\/hu\/wp-json\/wp\/v2\/comments?post=11401"}],"version-history":[{"count":0,"href":"https:\/\/agoravape.com\/hu\/wp-json\/wp\/v2\/product\/11401\/revisions"}],"wp:featuredmedia":[{"embeddable":true,"href":"https:\/\/agoravape.com\/hu\/wp-json\/wp\/v2\/media\/11541"}],"wp:attachment":[{"href":"https:\/\/agoravape.com\/hu\/wp-json\/wp\/v2\/media?parent=11401"}],"wp:term":[{"taxonomy":"product_brand","embeddable":true,"href":"https:\/\/agoravape.com\/hu\/wp-json\/wp\/v2\/product_brand?post=11401"},{"taxonomy":"product_cat","embeddable":true,"href":"https:\/\/agoravape.com\/hu\/wp-json\/wp\/v2\/product_cat?post=11401"},{"taxonomy":"product_tag","embeddable":true,"href":"https:\/\/agoravape.com\/hu\/wp-json\/wp\/v2\/product_tag?post=11401"}],"curies":[{"name":"wp","href":"https:\/\/api.w.org\/{rel}","templated":true}]}}