{"id":11876,"date":"2025-10-08T16:13:37","date_gmt":"2025-10-08T08:13:37","guid":{"rendered":"https:\/\/green-grasshopper-921422.hostingersite.com\/?post_type=product&#038;p=11876"},"modified":"2026-03-26T13:22:26","modified_gmt":"2026-03-26T12:22:26","slug":"mrvi-twins-32000-puffs-dual-aroma-vape","status":"publish","type":"product","link":"https:\/\/agoravape.com\/hu\/product\/mrvi-twins-32000-puffs-dual-flavor-vape\/","title":{"rendered":"MRVI Twins 32000 Dual Flavor Eldobhat\u00f3 E-cigaretta | K\u00e9t \u00edz, nagy kortyok, k\u00f6nnyen kezelhet\u0151."},"content":{"rendered":"<h2 data-v-md-heading=\"what-are-the-special-features-of-mrvi-twins-32000-dual-flavored-disposable-vape\" data-v-md-line=\"3\"><img loading=\"lazy\" decoding=\"async\" class=\"aligncenter size-full wp-image-11894\" src=\"https:\/\/agoravape.com\/wp-content\/uploads\/2025\/10\/mrvi-32k-puffs_Agora_vape-scaled.webp\" alt=\"\" width=\"2560\" height=\"1707\" srcset=\"https:\/\/agoravape.com\/wp-content\/uploads\/2025\/10\/mrvi-32k-puffs_Agora_vape-scaled.webp 2560w, https:\/\/agoravape.com\/wp-content\/uploads\/2025\/10\/mrvi-32k-puffs_Agora_vape-scaled-1200x800.webp 1200w, https:\/\/agoravape.com\/wp-content\/uploads\/2025\/10\/mrvi-32k-puffs_Agora_vape-300x200.webp 300w, https:\/\/agoravape.com\/wp-content\/uploads\/2025\/10\/mrvi-32k-puffs_Agora_vape-1024x683.webp 1024w, https:\/\/agoravape.com\/wp-content\/uploads\/2025\/10\/mrvi-32k-puffs_Agora_vape-768x512.webp 768w, https:\/\/agoravape.com\/wp-content\/uploads\/2025\/10\/mrvi-32k-puffs_Agora_vape-1536x1024.webp 1536w, https:\/\/agoravape.com\/wp-content\/uploads\/2025\/10\/mrvi-32k-puffs_Agora_vape-2048x1366.webp 2048w\" sizes=\"auto, (max-width: 2560px) 100vw, 2560px\" \/><\/h2>\n<h2 data-v-md-heading=\"what-are-the-special-features-of-mrvi-twins-32000-dual-flavored-disposable-vape\" data-v-md-line=\"3\">Milyen k\u00fcl\u00f6nleges tulajdons\u00e1gai vannak az MRVI Twins 32000 kett\u0151s \u00edzes\u00edt\u00e9s\u0171 eldobhat\u00f3 vape-nek?<\/h2>\n<p data-v-md-line=\"4\">Ha eleged van az eldobhat\u00f3 vape-ekb\u0151l, amik p\u00e1r nap alatt elhaszn\u00e1l\u00f3dnak, \u00e9rdemes lehet megn\u00e9zned ezt a term\u00e9ket. Az MRVI Twins ak\u00e1r 32000 slukk befogad\u00e1s\u00e1ra is alkalmas, \u00e9s k\u00e9t \u00edzt egyes\u00edt egyetlen eszk\u00f6zben, \u00edgy k\u00f6nnyed\u00e9n v\u00e1lthatsz \u00edzek k\u00f6z\u00f6tt an\u00e9lk\u00fcl, hogy m\u00e1sodik e-cigarett\u00e1t kellene magaddal vinned. Azok sz\u00e1m\u00e1ra k\u00e9sz\u00fclt, akik a hosszan tart\u00f3 \u00edzt \u00e9s az egyszer\u0171 haszn\u00e1lhat\u00f3s\u00e1got keresik (nincs sz\u00fcks\u00e9g be\u00e1ll\u00edt\u00e1sra, egyszer\u0171 \u00e9s k\u00e9nyelmes).<\/p>\n<p data-v-md-line=\"6\">Annak ellen\u00e9re, hogy hatalmas sz\u00e1ja van, m\u00e9gis k\u00e9nyelmes k\u00e9zben tartani, \u00e9s k\u00f6nnyen elf\u00e9r a zsebben. Stabil f\u00fcst\u00f6l\u00e9st \u00e9s k\u00e9nyelmes t\u00f6lt\u00e9st biztos\u00edt, \u00edgy k\u00f6nnyed\u00e9n felveheted \u00e9s \u00e9lvezheted a haszn\u00e1lat\u00e1t.<\/p>\n<h2 data-v-md-heading=\"excellent-performance-easy-and-convenient\" data-v-md-line=\"8\">Kiv\u00e1l\u00f3 teljes\u00edtm\u00e9ny, egyszer\u0171 \u00e9s k\u00e9nyelmes<\/h2>\n<p data-v-md-line=\"9\">A dupla h\u00e1l\u00f3s tekercs a Twins lelke, \u00edgy minden falat olyan finom, mint az els\u0151 k\u00f3stol\u00e1s. A h\u00e1l\u00f3s tekercs egyenletesen melegszik fel, \u00edgy az elej\u00e9t\u0151l a v\u00e9g\u00e9ig tiszta \u00e9s gazdag \u00edz\u00e9lm\u00e9nyt \u00e9lvezhetsz. Amikor az akkumul\u00e1tor lemer\u00fclt, a Type-C csatlakoz\u00f3n kereszt\u00fcl t\u00f6ltheted, a t\u00f6lt\u0151k\u00e1bel pedig olyan egyszer\u0171, mint a telefon t\u00f6lt\u0151k\u00e1bele.<\/p>\n<h2 data-v-md-heading=\"specification-introduction\" data-v-md-line=\"11\">Specifik\u00e1ci\u00f3 Bevezet\u00e9s<\/h2>\n<p data-v-md-line=\"12\"><strong>Suction frequency<\/strong>ak\u00e1r 32000 alkalommal<br \/>\n<strong>Nikotintartalom<\/strong>2% \u00e9s 5% opcion\u00e1lis<br \/>\n<strong>M\u0171k\u00f6d\u00e9si elv<\/strong>Aktiv\u00e1l\u00e1s egyetlen f\u00faj\u00e1ssal<br \/>\n<strong>T\u00f6lt\u00e9s<\/strong>Standard C t\u00edpus\u00fa USB csatlakoz\u00f3<br \/>\n<strong>\u00c1llapot<\/strong>: Ready to use out of the box<\/p>\n<h2 data-v-md-heading=\"multiple-flavor-options\" data-v-md-line=\"18\">T\u00f6bb \u00edzes\u00edt\u00e9si lehet\u0151s\u00e9g<\/h2>\n<ul data-v-md-line=\"19\">\n<li>Anan\u00e1szfagylalt\/Sz\u0151l\u0151fagylalt<\/li>\n<li>Ban\u00e1nfagylalt\/Eper-kivi<\/li>\n<li>Mang\u00f3s turmix\/narancsos kr\u00e9msz\u00f3da<\/li>\n<li>\u0150szibarackfagyi\/Red Bull<\/li>\n<li>\u00c1fony\u00e1s\/pirosalm\u00e1s j\u00e9g<\/li>\n<li>Menta g\u00f6r\u00f6gdinnye\/vegyes bogy\u00f3s gy\u00fcm\u00f6lcs<\/li>\n<li>Epres j\u00e9g\/sziv\u00e1rv\u00e1nycukorka<\/li>\n<li>Meggysz\u00f3da\/\u00c1fony\u00e1s j\u00e9g<\/li>\n<li>Eper, g\u00f6r\u00f6gdinnye\/\u00e1fonya, sz\u0151l\u0151<\/li>\n<li>H\u00e1rmas dinnye\/jeges sz\u00f3da<\/li>\n<\/ul>\n<h2 data-v-md-heading=\"for-you-and-your-business\" data-v-md-line=\"30\">\u00d6nnek \u00e9s v\u00e1llalkoz\u00e1s\u00e1nak<\/h2>\n<p data-v-md-line=\"31\">Az MRVI Twins 32000-et k\u00fcl\u00f6n is megv\u00e1s\u00e1rolhatja szem\u00e9lyes haszn\u00e1latra, vagy felhalmozhatja k\u00e9szlet\u00e9t, hogy nagykereskedelmi szolg\u00e1ltat\u00e1sokat ny\u00fajthasson \u00fczlete sz\u00e1m\u00e1ra. A nagykereskedelmi dobozos csomagol\u00e1s 10 darabot tartalmaz dobozonk\u00e9nt, dobozonk\u00e9nt 160 darabbal, \u00edgy a k\u00e9szlettervez\u00e9s nagyon egyszer\u0171. Ha a kartondobozzal kapcsolatban konkr\u00e9t r\u00e9szletekre van sz\u00fcks\u00e9ge, mindig k\u00e9szen \u00e1llunk megosztani \u00d6nnel.<\/p>\n<p data-v-md-line=\"33\">Megb\u00edzhat\u00f3 partnereken, p\u00e9ld\u00e1ul UPS-en, DPD-n \u00e9s DHL-en kereszt\u00fcl sz\u00e1ll\u00edtunk, ad\u00f3k levon\u00e1sa ut\u00e1n, DDP-vel, hogy biztos\u00edtsuk a kisz\u00e1m\u00edthat\u00f3 sz\u00e1ll\u00edt\u00e1si id\u0151ket \u00e9s elker\u00fclj\u00fck a v\u00e1mbaleseteket Eur\u00f3pa-szerte. A nikotintartalom \u00e9s -koncentr\u00e1ci\u00f3 orsz\u00e1gonk\u00e9nt\/r\u00e9gi\u00f3nk\u00e9nt elt\u00e9r\u0151 lehet, ez\u00e9rt k\u00e9rj\u00fck, rendel\u00e9s el\u0151tt ellen\u0151rizze a helyi el\u0151\u00edr\u00e1sokat.<\/p>\n<h2 data-v-md-heading=\"why-do-you-like-it\" data-v-md-line=\"35\">Mi\u00e9rt tetszik?<\/h2>\n<p data-v-md-line=\"36\"><strong>Heavy Smoking<\/strong>: Durable and long-lasting, no need to frequently purchase new cigarettes.<br \/>\n<strong>Nikotin kiv\u00e1laszt\u00e1s<\/strong>Kiv\u00e1laszthatja az \u00d6nnek megfelel\u0151 koncentr\u00e1ci\u00f3t.<br \/>\n<strong>\u00dajrat\u00f6lthet\u0151<\/strong>: azt jelenti, hogy az \u00f6sszes megv\u00e1s\u00e1rolt e-folyad\u00e9kot haszn\u00e1lhatod.<br \/>\n<strong>H\u00e1l\u00f3s tekercs<\/strong>Minden alkalommal k\u00f6vetkezetes \u00e9s gazdag \u00edzt hoz.<\/p>\n<h2 data-v-md-heading=\"why-choose-to-collaborate-with-agoravape\" data-v-md-line=\"41\">Mi\u00e9rt \u00e9rdemes az AgoraVape-pel egy\u00fcttm\u0171k\u00f6dni?<\/h2>\n<p data-v-md-line=\"42\">Kiz\u00e1r\u00f3lag 100%-ban eredeti berendez\u00e9seket forgalmazunk, \u00e9s garant\u00e1ljuk a sz\u00e1ll\u00edtott term\u00e9kek min\u0151s\u00e9g\u00e9t. Kereskedelmi \u00fcgyfelek sz\u00e1m\u00e1ra ez azt jelenti, hogy az MRVI Twins 32000 kett\u0151s \u00edzes\u00edt\u00e9s\u0171 vape rendk\u00edv\u00fcl versenyk\u00e9pes nagykereskedelmi \u00e1rakkal, megb\u00edzhat\u00f3 \u00fcgyf\u00e9lszolg\u00e1lattal, valamint gyors \u00e9s megb\u00edzhat\u00f3 logisztik\u00e1val rendelkezik. L\u00e9pjen kapcsolatba vel\u00fcnk, hogy megtudja, hogyan v\u00e1s\u00e1rolhat olyan eszk\u00f6zt, amely megfelel az \u00fcgyfelek ig\u00e9nyeinek, gazdag \u00edz\u0171, hossz\u00fa \u00fczemid\u0151vel rendelkezik, \u00e9s k\u00e9nyelmes a mindennapi haszn\u00e1latra.<\/p>","protected":false},"excerpt":{"rendered":"<p>&nbsp;<\/p>","protected":false},"featured_media":11886,"comment_status":"open","ping_status":"closed","template":"","meta":[],"product_brand":[202],"product_cat":[124,185,189,176,195,174,175,193,129,191,173,186,180,190],"product_tag":[],"class_list":{"0":"post-11876","1":"product","2":"type-product","3":"status-publish","4":"has-post-thumbnail","6":"product_brand-mrvi","7":"product_cat-vape-by-brand","8":"product_cat-10000-puffs-high-capacity","9":"product_cat-20mg-standard-nicotine-vapes","10":"product_cat-beverage","11":"product_cat-dual-flavor-switch","12":"product_cat-fruit-flavors","13":"product_cat-icy-mint","14":"product_cat-mesh-coil","15":"product_cat-mrvi","16":"product_cat-rechargeable-disposables","17":"product_cat-vape-by-flavor-profile","18":"product_cat-vape-by-nicotine-strength","19":"product_cat-vape-by-puff-count","20":"product_cat-vape-by-feature-or-type","22":"first","23":"instock","24":"shipping-taxable","25":"purchasable","26":"product-type-variable","27":"has-default-attributes"},"tiered_pricing_type":"percentage","tiered_pricing_fixed_rules":[],"tiered_pricing_product_settings":{"layout":"default","base_unit_name":{"singular":null,"plural":null},"default_variation":null},"tiered_pricing_minimum_quantity":10,"tiered_pricing_roles_data":[],"tiered_pricing_percentage_rules":{"30":"29","50":"35","100":"40","200":"44","500":"47","1000":"49"},"tiered_pricing_maximum_quantity":null,"tiered_pricing_quantity_step":"10","_links":{"self":[{"href":"https:\/\/agoravape.com\/hu\/wp-json\/wp\/v2\/product\/11876","targetHints":{"allow":["GET"]}}],"collection":[{"href":"https:\/\/agoravape.com\/hu\/wp-json\/wp\/v2\/product"}],"about":[{"href":"https:\/\/agoravape.com\/hu\/wp-json\/wp\/v2\/types\/product"}],"replies":[{"embeddable":true,"href":"https:\/\/agoravape.com\/hu\/wp-json\/wp\/v2\/comments?post=11876"}],"version-history":[{"count":0,"href":"https:\/\/agoravape.com\/hu\/wp-json\/wp\/v2\/product\/11876\/revisions"}],"wp:featuredmedia":[{"embeddable":true,"href":"https:\/\/agoravape.com\/hu\/wp-json\/wp\/v2\/media\/11886"}],"wp:attachment":[{"href":"https:\/\/agoravape.com\/hu\/wp-json\/wp\/v2\/media?parent=11876"}],"wp:term":[{"taxonomy":"product_brand","embeddable":true,"href":"https:\/\/agoravape.com\/hu\/wp-json\/wp\/v2\/product_brand?post=11876"},{"taxonomy":"product_cat","embeddable":true,"href":"https:\/\/agoravape.com\/hu\/wp-json\/wp\/v2\/product_cat?post=11876"},{"taxonomy":"product_tag","embeddable":true,"href":"https:\/\/agoravape.com\/hu\/wp-json\/wp\/v2\/product_tag?post=11876"}],"curies":[{"name":"wp","href":"https:\/\/api.w.org\/{rel}","templated":true}]}}