{"id":11954,"date":"2025-10-08T20:53:04","date_gmt":"2025-10-08T12:53:04","guid":{"rendered":"https:\/\/green-grasshopper-921422.hostingersite.com\/?post_type=product&#038;p=11954"},"modified":"2026-03-21T12:43:57","modified_gmt":"2026-03-21T11:43:57","slug":"mrvi-puffing-15k-puffs-vape-kepernyovel","status":"publish","type":"product","link":"https:\/\/agoravape.com\/hu\/product\/mrvi-puffing-15k-puffs-vape-with-screen\/","title":{"rendered":"MRVI Puffing 15K Dual Mesh Vape k\u00e9perny\u0151vel | Hosszan tart\u00f3 \u00edz, praktikus kijelz\u0151"},"content":{"rendered":"<h2 data-v-md-heading=\"what-is-the-mrvi-puffing-15k-dual-eye-vape-with-screen\" data-v-md-line=\"3\">Mi az az MRVI Puffing 15K dupla szem\u0171, k\u00e9perny\u0151s vape?<\/h2>\n<p data-v-md-line=\"4\">Ha egy olyan vape-re v\u00e1gysz, amit nap mint nap lehet haszn\u00e1lni, \u00e9s hosszan tart\u00f3 \u00edzzel rendelkezik, ez a vape mindenk\u00e9ppen a legjobb v\u00e1laszt\u00e1s. Az MRVI Puffing 15K egy 25 ml-es nagy kapacit\u00e1s\u00fa porlaszt\u00f3val \u00e9s dupla szem\u0171 porlaszt\u00f3maggal van felszerelve, amely lehet\u0151v\u00e9 teszi a tiszta \u00e9s \u00e9les sz\u00edv\u00f3er\u0151 fenntart\u00e1s\u00e1t a v\u00e9g\u00e9ig.<\/p>\n<p data-v-md-line=\"6\">Egy egyszer\u0171, be\u00e9p\u00edtett k\u00e9perny\u0151vel is fel van szerelve, amely egy pillant\u00e1ssal megjelen\u00edti az e-folyad\u00e9k mennyis\u00e9g\u00e9t \u00e9s az akkumul\u00e1tor t\u00f6lt\u00f6tts\u00e9gi szintj\u00e9t. Azt gondolhatn\u00e1d, hogy a vape k\u00e9perny\u0151vel t\u00f6rt\u00e9n\u0151 kezel\u00e9se neh\u00e9zkes lenne, de ez a vape nagyon egyszer\u0171. M\u00e9g egy nyakp\u00e1nttal is rendelkezik a k\u00f6nny\u0171 hordoz\u00e1s \u00e9rdek\u00e9ben.<\/p>\n<h2 data-v-md-heading=\"excellent-performance-easy-and-convenient\" data-v-md-line=\"8\">Kiv\u00e1l\u00f3 teljes\u00edtm\u00e9ny, egyszer\u0171 \u00e9s k\u00e9nyelmes<\/h2>\n<p data-v-md-line=\"9\">A dupla h\u00e1l\u00f3s kialak\u00edt\u00e1s gyors \u00e9s egyenletes meleged\u00e9st biztos\u00edt, \u00edgy az els\u0151 falatt\u00f3l az utols\u00f3ig t\u00f6k\u00e9letes text\u00far\u00e1t biztos\u00edt. A 750 mAh-s akkumul\u00e1tor \u00fajrat\u00f6lthet\u0151, \u00edgy k\u00f6nnyed\u00e9n \u00e9lvezhetsz 25 ml e-liquidet an\u00e9lk\u00fcl, hogy pazaroln\u00e1d. Amikor az akkumul\u00e1tor lemer\u00fcl, egy szabv\u00e1nyos Type-C adatk\u00e1bellel csatlakoztathatod. A k\u00e9perny\u0151n megjelenik a fennmarad\u00f3 e-liquid \u00e9s az akkumul\u00e1tor t\u00f6lt\u00f6tts\u00e9gi szintje, \u00edgy nem kell t\u00f6bb\u00e9 tal\u00e1lgatnod.<\/p>\n<h2 data-v-md-heading=\"specification-overview\" data-v-md-line=\"11\">Specifik\u00e1ci\u00f3 \u00e1ttekint\u00e9se<\/h2>\n<ul data-v-md-line=\"12\">\n<li>Sz\u00edv\u00e1s gyakoris\u00e1ga: ak\u00e1r 15000-szer<\/li>\n<li>Nikotintartalom: 2% \u00e9s 5% (a konkr\u00e9t mennyis\u00e9g a helyi el\u0151\u00edr\u00e1sokt\u00f3l f\u00fcgg)<\/li>\n<li>M\u0171k\u00f6d\u00e9si elv: Bel\u00e9gz\u00e9ssel aktiv\u00e1l\u00f3dik<\/li>\n<li>Charging: Standard Type-C USB interface<\/li>\n<li>\u00c1llapot: Kicsomagol\u00e1s ut\u00e1n azonnal haszn\u00e1lhat\u00f3<\/li>\n<\/ul>\n<h2 data-v-md-heading=\"multiple-flavor-options\" data-v-md-line=\"18\">T\u00f6bb \u00edzes\u00edt\u00e9si lehet\u0151s\u00e9g<\/h2>\n<ul data-v-md-line=\"19\">\n<li>\u00c1fony\u00e1s turmix<\/li>\n<li>Ban\u00e1nos turmix<\/li>\n<li>Eper g\u00f6r\u00f6gdinnye<\/li>\n<li>M\u00e9zharmat fagylalt<\/li>\n<li>Piros alma turmix<\/li>\n<li>\u0150szibarack \u00e9s mang\u00f3<\/li>\n<li>\u00c1fony\u00e1s r\u00e1g\u00f3gumi<\/li>\n<li>G\u00f6r\u00f6gdinnye turmix<\/li>\n<li>Anan\u00e1sz turmix<\/li>\n<li>R\u00f3zsasz\u00edn robban\u00e1si iszap<\/li>\n<\/ul>\n<h2 data-v-md-heading=\"for-you-and-for-your-business-as-well\" data-v-md-line=\"30\">Neked, \u00e9s a v\u00e1llalkoz\u00e1sodnak is<\/h2>\n<p data-v-md-line=\"31\">Saj\u00e1t r\u00e9szre v\u00e1s\u00e1roln\u00e1l? Egyszer\u0171 \u00e9s k\u00e9nyelmes. V\u00e1laszd ki az \u00edzt \u00e9s a koncentr\u00e1ci\u00f3t a kezd\u00e9shez. M\u00e9g mindig gy\u0171jtesz a boltba? B\u0151v\u00edthet\u0151 opci\u00f3kat k\u00e9sz\u00edtett\u00fcnk el\u0151. Az MRVI Puffing 15K nagykereskedelmi bels\u0151 dobozokat k\u00edn\u00e1l 10-es kiszerel\u00e9sben \u00e9s k\u00fcls\u0151 dobozokat 160-as kiszerel\u00e9sben. Olyan partnerekkel m\u0171k\u00f6d\u00fcnk egy\u00fctt, mint a UPS, a DPD \u00e9s a DHL, hogy DDP-n kereszt\u00fcl sz\u00e1ll\u00edthassunk Eur\u00f3p\u00e1n bel\u00fcl, \u00edgy a v\u00e1mtarif\u00e1kat el\u0151re feldolgozhatjuk, elker\u00fclve a v\u00e1ratlan v\u00e1mhelyzeteket.<\/p>\n<h2 data-v-md-heading=\"why-do-you-like-it\" data-v-md-line=\"33\">Mi\u00e9rt tetszik?<\/h2>\n<ul data-v-md-line=\"34\">\n<li>Nagy sz\u00edv\u00f3kapacit\u00e1s: ak\u00e1r 15000 sz\u00edv\u00f3ny\u00edl\u00e1s, ami kevesebb \u00fajrat\u00f6lt\u00e9st \u00e9s ism\u00e9telt rendel\u00e9st jelent.<\/li>\n<li>A nikotintartalom 2% vagy 5% k\u00f6z\u00f6tt v\u00e1laszthat\u00f3, hogy megfeleljen a k\u00fcl\u00f6nb\u00f6z\u0151 preferenci\u00e1knak \u00e9s piaci ig\u00e9nyeknek.<\/li>\n<li>\u00dajrat\u00f6lthet\u0151: Haszn\u00e1ld fel az \u00f6sszes e-folyad\u00e9kot, ami\u00e9rt fizetsz.<\/li>\n<li>H\u00e1l\u00f3s tekercs: A k\u00e9tr\u00e9teg\u0171 h\u00e1l\u00f3s tekercs \u00e1lland\u00f3 \u00edzt \u00e9s kiel\u00e9g\u00edt\u0151 sz\u00edv\u00e1si \u00e9lm\u00e9nyt biztos\u00edt.<\/li>\n<li>K\u00e9perny\u0151inform\u00e1ci\u00f3k: Egy pillant\u00e1ssal ellen\u0151rizheti az akkumul\u00e1tor \u00e9s az e-folyad\u00e9k szintj\u00e9t.<\/li>\n<\/ul>\n<h2 data-v-md-heading=\"why-choose-to-collaborate-with-agoravape\" data-v-md-line=\"40\">Mi\u00e9rt \u00e9rdemes az AgoraVape-pel egy\u00fcttm\u0171k\u00f6dni?<\/h2>\n<p data-v-md-line=\"41\">Kiz\u00e1r\u00f3lag 100%-ban eredeti, megb\u00edzhat\u00f3 forr\u00e1sb\u00f3l sz\u00e1rmaz\u00f3 term\u00e9keket k\u00edn\u00e1lunk. Az EU-ban v\u00e9gzett tev\u00e9kenys\u00e9g\u00fcnk a megfelel\u0151s\u00e9gre \u00f6sszpontos\u00edt, bele\u00e9rtve a TPD2-t (ha sz\u00fcks\u00e9ges) \u00e9s a p\u00e9nzt\u00e1rn\u00e1l t\u00f6rt\u00e9n\u0151 korhat\u00e1r-ellen\u0151rz\u00e9st. Biztons\u00e1gos fizet\u00e9seket, egy\u00e9rtelm\u0171 sz\u00e1ml\u00e1kat \u00e9s nyomon k\u00f6vethet\u0151 sz\u00e1ll\u00edt\u00e1st \u00e9lvezhet eg\u00e9sz Eur\u00f3p\u00e1ban. Seg\u00edts\u00e9gre van sz\u00fcks\u00e9ge az \u00edzp\u00e1ros\u00edt\u00e1ssal vagy a k\u00e9szletfelt\u00f6lt\u00e9si tervekkel kapcsolatban? Csapatunk mindig k\u00e9szen \u00e1ll, hogy gyors t\u00e1mogat\u00e1st \u00e9s \u00e9sszer\u0171 tan\u00e1csokat adjon \u00d6nnek. Vegye fel vel\u00fcnk a kapcsolatot azonnal, hogy megrendelje az MRVI Puffing 15K Puffs Dual Mesh Vape-et (sz\u0171r\u0151vel), \u00e9s megb\u00edzhat\u00f3 \u00e9s n\u00e9pszer\u0171 term\u00e9keket biztos\u00edtson \u00fcgyfeleinek.<\/p>","protected":false},"excerpt":{"rendered":"<p>What is the MRVI Puffing 15K dual eye vape with screen? If you want an vape that can be used<\/p>","protected":false},"featured_media":11977,"comment_status":"open","ping_status":"closed","template":"","meta":[],"product_brand":[202],"product_cat":[124,185,1635,189,177,174,175,193,129,191,173,186,180,190,192],"product_tag":[],"class_list":{"0":"post-11954","1":"product","2":"type-product","3":"status-publish","4":"has-post-thumbnail","6":"product_brand-mrvi","7":"product_cat-vape-by-brand","8":"product_cat-10000-puffs-high-capacity","9":"product_cat-15000-puffs","10":"product_cat-20mg-standard-nicotine-vapes","11":"product_cat-dessert-sweets","12":"product_cat-fruit-flavors","13":"product_cat-icy-mint","14":"product_cat-mesh-coil","15":"product_cat-mrvi","16":"product_cat-rechargeable-disposables","17":"product_cat-vape-by-flavor-profile","18":"product_cat-vape-by-nicotine-strength","19":"product_cat-vape-by-puff-count","20":"product_cat-vape-by-feature-or-type","21":"product_cat-vapes-with-screens","23":"first","24":"instock","25":"shipping-taxable","26":"purchasable","27":"product-type-variable","28":"has-default-attributes"},"tiered_pricing_type":"percentage","tiered_pricing_fixed_rules":[],"tiered_pricing_product_settings":{"layout":"default","base_unit_name":{"singular":null,"plural":null},"default_variation":null},"tiered_pricing_minimum_quantity":10,"tiered_pricing_roles_data":[],"tiered_pricing_percentage_rules":{"30":"29","50":"35","100":"40","200":"44","500":"47","1000":"49"},"tiered_pricing_maximum_quantity":null,"tiered_pricing_quantity_step":"10","_links":{"self":[{"href":"https:\/\/agoravape.com\/hu\/wp-json\/wp\/v2\/product\/11954","targetHints":{"allow":["GET"]}}],"collection":[{"href":"https:\/\/agoravape.com\/hu\/wp-json\/wp\/v2\/product"}],"about":[{"href":"https:\/\/agoravape.com\/hu\/wp-json\/wp\/v2\/types\/product"}],"replies":[{"embeddable":true,"href":"https:\/\/agoravape.com\/hu\/wp-json\/wp\/v2\/comments?post=11954"}],"version-history":[{"count":0,"href":"https:\/\/agoravape.com\/hu\/wp-json\/wp\/v2\/product\/11954\/revisions"}],"wp:featuredmedia":[{"embeddable":true,"href":"https:\/\/agoravape.com\/hu\/wp-json\/wp\/v2\/media\/11977"}],"wp:attachment":[{"href":"https:\/\/agoravape.com\/hu\/wp-json\/wp\/v2\/media?parent=11954"}],"wp:term":[{"taxonomy":"product_brand","embeddable":true,"href":"https:\/\/agoravape.com\/hu\/wp-json\/wp\/v2\/product_brand?post=11954"},{"taxonomy":"product_cat","embeddable":true,"href":"https:\/\/agoravape.com\/hu\/wp-json\/wp\/v2\/product_cat?post=11954"},{"taxonomy":"product_tag","embeddable":true,"href":"https:\/\/agoravape.com\/hu\/wp-json\/wp\/v2\/product_tag?post=11954"}],"curies":[{"name":"wp","href":"https:\/\/api.w.org\/{rel}","templated":true}]}}