{"id":12022,"date":"2025-10-09T10:44:23","date_gmt":"2025-10-09T02:44:23","guid":{"rendered":"https:\/\/green-grasshopper-921422.hostingersite.com\/?post_type=product&#038;p=12022"},"modified":"2026-01-19T22:08:48","modified_gmt":"2026-01-19T14:08:48","slug":"fizzy-nova-plus-40000-puffs-vezetett-vape","status":"publish","type":"product","link":"https:\/\/agoravape.com\/hu\/product\/fizzy-nova-plus-40000-puffs-led-vape\/","title":{"rendered":"FIZZY Nova Plus 40000 bites | Long lasting taste, equipped with intelligent LED screen"},"content":{"rendered":"<h2 data-v-md-heading=\"what-about-the-fizzy-nova-plus-40000-port-led-screen-vape\" data-v-md-line=\"3\"><img loading=\"lazy\" decoding=\"async\" class=\"aligncenter size-full wp-image-12076\" src=\"https:\/\/agoravape.com\/wp-content\/uploads\/2025\/10\/fizzy-40000plus_Agora_vape.webp\" alt=\"\" width=\"2121\" height=\"1321\" srcset=\"https:\/\/agoravape.com\/wp-content\/uploads\/2025\/10\/fizzy-40000plus_Agora_vape.webp 2121w, https:\/\/agoravape.com\/wp-content\/uploads\/2025\/10\/fizzy-40000plus_Agora_vape-1200x747.webp 1200w, https:\/\/agoravape.com\/wp-content\/uploads\/2025\/10\/fizzy-40000plus_Agora_vape-300x187.webp 300w, https:\/\/agoravape.com\/wp-content\/uploads\/2025\/10\/fizzy-40000plus_Agora_vape-1024x638.webp 1024w, https:\/\/agoravape.com\/wp-content\/uploads\/2025\/10\/fizzy-40000plus_Agora_vape-768x478.webp 768w, https:\/\/agoravape.com\/wp-content\/uploads\/2025\/10\/fizzy-40000plus_Agora_vape-1536x957.webp 1536w, https:\/\/agoravape.com\/wp-content\/uploads\/2025\/10\/fizzy-40000plus_Agora_vape-2048x1276.webp 2048w\" sizes=\"auto, (max-width: 2121px) 100vw, 2121px\" \/><\/h2>\n<h2 data-v-md-heading=\"what-about-the-fizzy-nova-plus-40000-port-led-screen-vape\" data-v-md-line=\"3\">Mi a helyzet a FIZZY Nova Plus 40000 portos LED k\u00e9perny\u0151s vape-vel?<\/h2>\n<p data-v-md-line=\"4\">Ha belef\u00e1radt\u00e1l abba, hogy n\u00e9h\u00e1ny naponta eldobhat\u00f3 p\u00e1rologtat\u00f3kat kell cser\u00e9lned, ez a term\u00e9k megv\u00e1ltoztathatja a szok\u00e1saidat. A FIZZY Nova Plus ak\u00e1r 40000 port kapacit\u00e1st is k\u00e9pes biztos\u00edtani, \u00e9s egyszer\u0171 LED-k\u00e9perny\u0151vel van felszerelve, \u00edgy b\u00e1rmikor nyomon k\u00f6vetheti a p\u00e1rologtat\u00f3k m\u0171k\u00f6d\u00e9s\u00e9t. Nem kell tal\u00e1lgatni, egy pillant\u00e1sra egy\u00e9rtelm\u0171.<\/p>\n<p data-v-md-line=\"6\">Alkalmas mindenkinek, aki tart\u00f3ss\u00e1got, stabil \u00edzt szeretne, \u00e9s nem kell agg\u00f3dnia a m\u0171k\u00f6d\u00e9s miatt. A h\u00e1l\u00f3s tekercs teljes\u00edtm\u00e9ny\u00e9vel \u00e9s a Type-C interf\u00e9sz k\u00e9nyelm\u00e9vel rendelkezik. Szil\u00e1rd tapint\u00e1s\u00fa, m\u00e9gis k\u00f6nnyen elf\u00e9r egy zsebben. \u00dagy \u00e9rezheti, hogy ez a tart\u00f3s term\u00e9k terjedelmesnek t\u0171nhet, de meglep\u0151en k\u00f6nnyen haszn\u00e1lhat\u00f3 a mindennapokban.<\/p>\n<h2 data-v-md-heading=\"excellent-performance-easy-and-convenient\" data-v-md-line=\"8\">Kiv\u00e1l\u00f3 teljes\u00edtm\u00e9ny, egyszer\u0171 \u00e9s k\u00e9nyelmes<\/h2>\n<p data-v-md-line=\"9\">A Nova Plus magja egy h\u00e1l\u00f3s porlaszt\u00f3 mag, amely minden sz\u00edv\u00e1sn\u00e1l tiszta \u00e9s sima \u00edzt biztos\u00edt, a frissess\u00e9gt\u0151l az ut\u00f3\u00edzig. A LED-k\u00e9perny\u0151 b\u00e1rmikor megjelen\u00edtheti az aktu\u00e1lis \u00e1llapotot, \u00edgy k\u00f6nnyen megtervezhet\u0151 a t\u00f6lt\u00e9si \u00fctemterv. Ha az akkumul\u00e1tor lemer\u00fclt, a Type-C interf\u00e9szen kereszt\u00fcl t\u00f6lthet\u0151. Ez megegyezik a telefonj\u00e1n \u00e1ltal\u00e1nosan haszn\u00e1lt t\u00f6lt\u0151k\u00e1bellel, nem kell agg\u00f3dnia egy k\u00fcl\u00f6n t\u00f6lt\u0151k\u00e1bel keres\u00e9se miatt.<\/p>\n<h2 data-v-md-heading=\"specification-introduction\" data-v-md-line=\"11\">Specifik\u00e1ci\u00f3 Bevezet\u00e9s<\/h2>\n<ul data-v-md-line=\"12\">\n<li>Sz\u00edv\u00e1s gyakoris\u00e1ga: ak\u00e1r 40000-szer<\/li>\n<li>Nikotin: 2% \u00e9s 5% opcion\u00e1lis (a helyi el\u0151\u00edr\u00e1sokt\u00f3l f\u00fcgg)<\/li>\n<li>M\u0171k\u00f6d\u00e9si elv: Bel\u00e9gz\u00e9ssel aktiv\u00e1l\u00f3dik<\/li>\n<li>Charging: Standard Type-C USB interface<\/li>\n<li>\u00c1llapot: Kicsomagol\u00e1s ut\u00e1n azonnal haszn\u00e1lhat\u00f3<\/li>\n<li>E-folyad\u00e9k kapacit\u00e1sa: 40 milliliter<\/li>\n<li>Akkumul\u00e1tor: 850mAh<\/li>\n<li>Tekercs: H\u00e1l\u00f3s tekercs<\/li>\n<li>M\u00e9ret \u00e9s s\u00faly: 52,5 \u00d7 24,5 \u00d7 104,3 millim\u00e9ter, 120 gramm<\/li>\n<\/ul>\n<h2 data-v-md-heading=\"full-range-of-flavors\" data-v-md-line=\"22\">Full range of flavors<\/h2>\n<ul data-v-md-line=\"23\">\n<li>Eper turmix<\/li>\n<li>\u00c1fonya k\u00f3kusz<\/li>\n<li>Eper kivi<\/li>\n<li>\u00c1fony\u00e1s turmix<\/li>\n<li>G\u00f6r\u00f6gdinnye turmix<\/li>\n<li>Taomang Watermelon<\/li>\n<li>Kiwi, maracuja, guava<\/li>\n<li>M\u00e1lna-citrom<\/li>\n<li>H\u00e1rmas bogy\u00f3<\/li>\n<li>Barackos j\u00e9ghomok<\/li>\n<li>Sz\u0151l\u0151 lime<\/li>\n<li>\u00c1fony\u00e1s-citromos v\u00edz<\/li>\n<\/ul>\n<h2 data-v-md-heading=\"for-you-for-your-business\" data-v-md-line=\"36\">\u00d6nnek, az \u00d6n v\u00e1llalkoz\u00e1s\u00e1nak<\/h2>\n<p data-v-md-line=\"37\">A FIZZY Nova Plus 40000 LED k\u00e9perny\u0151s vape k\u00fcl\u00f6n megv\u00e1s\u00e1rolhat\u00f3 szem\u00e9lyes haszn\u00e1latra. Ha fizikai vagy online boltok sz\u00e1m\u00e1ra v\u00e1s\u00e1rol, nagykereskedelmi lehet\u0151s\u00e9geket is k\u00edn\u00e1lunk. V\u00e1laszthat 10 csomag k\u00f6zepes dobozt vagy 180 csomag nagy dobozt, hogy megrendel\u00e9s\u00e9t ig\u00e9nyeihez igaz\u00edtsa.<\/p>\n<p data-v-md-line=\"39\">A DDP sz\u00e1ll\u00edt\u00e1si szolg\u00e1ltat\u00e1sokat megb\u00edzhat\u00f3 partnereinken, p\u00e9ld\u00e1ul a UPS-en, a DPD-n \u00e9s a DHL-en kereszt\u00fcl biztos\u00edtjuk, \u00edgy egy\u00e9rtelm\u0171 \u00e1rakat kaphat, \u00e9s elker\u00fclheti a v\u00e1ratlan v\u00e1mprobl\u00e9m\u00e1kat a megfelel\u0151 \u00fatvonalakon. Megfelel\u0151s\u00e9gi r\u00f6vid nyilatkozat: Ez az eszk\u00f6z 40 milliliter e-folyad\u00e9kot tartalmaz, ami meghaladja az EU TPD 2 milliliteres hat\u00e1r\u00e9rt\u00e9k\u00e9t. K\u00e9rj\u00fck, rendel\u00e9s lead\u00e1sa el\u0151tt ellen\u0151rizze a helyi el\u0151\u00edr\u00e1sokat. A 2% nikotintartalom opci\u00f3 megfelel az uni\u00f3s korl\u00e1toz\u00e1soknak. Az 5% nikotintartalm\u00fa opci\u00f3 olyan piacokon haszn\u00e1lhat\u00f3, ahol megengedett a nagyobb er\u0151ss\u00e9g\u0171 e-folyad\u00e9kok haszn\u00e1lata.<\/p>\n<h2 data-v-md-heading=\"why-do-you-like-it\" data-v-md-line=\"41\">Mi\u00e9rt tetszik?<\/h2>\n<ul data-v-md-line=\"42\">\n<li>T\u00f6bbsz\u00f6ri sz\u00edv\u00e1s: Nem kell gyakran \u00faj cigarett\u00e1t v\u00e1s\u00e1rolni.<\/li>\n<li>Nicotine concentration selection: Choose the nicotine concentration that suits your taste and market<\/li>\n<li>\u00dajrat\u00f6lthet\u0151: Egyszerre haszn\u00e1lja fel az \u00f6sszes megv\u00e1s\u00e1rolt e-folyad\u00e9kot.<\/li>\n<li>H\u00e1l\u00f3s porlaszt\u00f3mag: stabil \u00e9s gazdag sz\u00edv\u00e1si \u00e9lm\u00e9nyt biztos\u00edt minden alkalommal<\/li>\n<li>LED-k\u00e9perny\u0151: egy\u00e9rtelm\u0171 \u00e1llapot egy pillant\u00e1ssal<\/li>\n<\/ul>\n<h2 data-v-md-heading=\"why-collaborate-with-agoravape\" data-v-md-line=\"48\">Mi\u00e9rt \u00e9rdemes az AgoraVape-pel egy\u00fcttm\u0171k\u00f6dni?<\/h2>\n<p data-v-md-line=\"49\">Mi csak az 100% eredeti term\u00e9keket \u00e9rt\u00e9kes\u00edtj\u00fck, \u00e9s nincs k\u00e9ts\u00e9g\u00fcnk afel\u0151l. A FIZZY Nova Plus 40000 LED k\u00e9perny\u0151s FIZZY Nova Plus 40000 LED k\u00e9perny\u0151s vapes v\u00e1s\u00e1rl\u00f3i kedvezm\u00e9nyes nagykereskedelmi \u00e1rakat, gyors \u00e9s megb\u00edzhat\u00f3 t\u00e1mogat\u00e1st, valamint gyors \u00e9s megb\u00edzhat\u00f3 sz\u00e1ll\u00edt\u00e1si szolg\u00e1ltat\u00e1sokat \u00e9lvezhetnek. Ha egy megb\u00edzhat\u00f3 \u00e9s nagym\u00e9rt\u00e9kben kedvelt visszat\u00e9r\u0151 v\u00e1s\u00e1rl\u00f3i term\u00e9ket szeretne v\u00e1s\u00e1rolni, k\u00e9rj\u00fck, l\u00e9pjen kapcsolatba vel\u00fcnk.<\/p>\n<p><script src=\"chrome-extension:\/\/fpelahbljekknahkcaegamhcndkfpfnc\/iFrame.js\" type=\"text\/javascript\"><\/script><\/p>\n<p><script src=\"chrome-extension:\/\/fpelahbljekknahkcaegamhcndkfpfnc\/iFrame.js\" type=\"text\/javascript\"><\/script><\/p>\n<p><script src=\"chrome-extension:\/\/fpelahbljekknahkcaegamhcndkfpfnc\/iFrame.js\" type=\"text\/javascript\"><\/script><\/p>","protected":false},"excerpt":{"rendered":"<p>&nbsp;<\/p>\n<p><script src=\"chrome-extension:\/\/fpelahbljekknahkcaegamhcndkfpfnc\/iFrame.js\" type=\"text\/javascript\"><\/script><\/p>","protected":false},"featured_media":12075,"comment_status":"open","ping_status":"closed","template":"","meta":[],"product_brand":[203],"product_cat":[124,185,189,1639,176,130,174,175,193,191,173,186,180,190,192],"product_tag":[],"class_list":{"0":"post-12022","1":"product","2":"type-product","3":"status-publish","4":"has-post-thumbnail","6":"product_brand-fizzy","7":"product_cat-vape-by-brand","8":"product_cat-10000-puffs-high-capacity","9":"product_cat-20mg-standard-nicotine-vapes","10":"product_cat-40000-puffs","11":"product_cat-beverage","12":"product_cat-fizzy","13":"product_cat-fruit-flavors","14":"product_cat-icy-mint","15":"product_cat-mesh-coil","16":"product_cat-rechargeable-disposables","17":"product_cat-vape-by-flavor-profile","18":"product_cat-vape-by-nicotine-strength","19":"product_cat-vape-by-puff-count","20":"product_cat-vape-by-feature-or-type","21":"product_cat-vapes-with-screens","23":"first","24":"onbackorder","25":"shipping-taxable","26":"purchasable","27":"product-type-variable","28":"has-default-attributes"},"tiered_pricing_type":"percentage","tiered_pricing_fixed_rules":[],"tiered_pricing_product_settings":{"layout":"default","base_unit_name":{"singular":null,"plural":null},"default_variation":null},"tiered_pricing_minimum_quantity":10,"tiered_pricing_roles_data":[],"tiered_pricing_percentage_rules":{"50":"35","100":"40","200":"44","500":"47","1000":"49"},"tiered_pricing_maximum_quantity":null,"tiered_pricing_quantity_step":"10","_links":{"self":[{"href":"https:\/\/agoravape.com\/hu\/wp-json\/wp\/v2\/product\/12022","targetHints":{"allow":["GET"]}}],"collection":[{"href":"https:\/\/agoravape.com\/hu\/wp-json\/wp\/v2\/product"}],"about":[{"href":"https:\/\/agoravape.com\/hu\/wp-json\/wp\/v2\/types\/product"}],"replies":[{"embeddable":true,"href":"https:\/\/agoravape.com\/hu\/wp-json\/wp\/v2\/comments?post=12022"}],"version-history":[{"count":0,"href":"https:\/\/agoravape.com\/hu\/wp-json\/wp\/v2\/product\/12022\/revisions"}],"wp:featuredmedia":[{"embeddable":true,"href":"https:\/\/agoravape.com\/hu\/wp-json\/wp\/v2\/media\/12075"}],"wp:attachment":[{"href":"https:\/\/agoravape.com\/hu\/wp-json\/wp\/v2\/media?parent=12022"}],"wp:term":[{"taxonomy":"product_brand","embeddable":true,"href":"https:\/\/agoravape.com\/hu\/wp-json\/wp\/v2\/product_brand?post=12022"},{"taxonomy":"product_cat","embeddable":true,"href":"https:\/\/agoravape.com\/hu\/wp-json\/wp\/v2\/product_cat?post=12022"},{"taxonomy":"product_tag","embeddable":true,"href":"https:\/\/agoravape.com\/hu\/wp-json\/wp\/v2\/product_tag?post=12022"}],"curies":[{"name":"wp","href":"https:\/\/api.w.org\/{rel}","templated":true}]}}