{"id":12105,"date":"2025-10-09T14:03:05","date_gmt":"2025-10-09T06:03:05","guid":{"rendered":"https:\/\/green-grasshopper-921422.hostingersite.com\/?post_type=product&#038;p=12105"},"modified":"2026-01-13T01:09:17","modified_gmt":"2026-01-12T17:09:17","slug":"fizzy-twins-50000-puffs-kettos-iz-vape","status":"publish","type":"product","link":"https:\/\/agoravape.com\/hu\/product\/fizzy-twins-50000-puffs-dual-flavor-vape\/","title":{"rendered":"FIZZY Twins 50000 two in one dual flavor vape | Two flavors, one device, durable and long-lasting"},"content":{"rendered":"<h2 data-v-md-heading=\"what-are-the-special-features-of-fizzy-twins-50000-two-in-one-dual-flavor-vapes\" data-v-md-line=\"3\">Milyen k\u00fcl\u00f6nleges tulajdons\u00e1gai vannak a FIZZY Twins 50000 kett\u0151 az egyben kett\u0151s \u00edz\u0171 vape-eknek?<\/h2>\n<p data-v-md-line=\"4\">Ha eleged van az eldobhat\u00f3, t\u00fal sok energi\u00e1t fogyaszt\u00f3 vape-ekb\u0151l, ez a term\u00e9k garant\u00e1ltan felfriss\u00edt. A FIZZY Twins k\u00e9t \u00edzt integr\u00e1l egy \u00fajrat\u00f6lthet\u0151 eszk\u00f6zbe, \u00edgy k\u00f6nnyed\u00e9n v\u00e1lthatsz vape-csere n\u00e9lk\u00fcl.<\/p>\n<p data-v-md-line=\"6\">B\u00e1rmely felhaszn\u00e1l\u00f3 sz\u00e1m\u00e1ra alkalmas, aki a hossz\u00fa akkumul\u00e1tor-\u00fczemid\u0151t \u00e9s az egyszer\u0171 kezelhet\u0151s\u00e9get keresi. Nem kell agg\u00f3dnia, csak v\u00e1lassza ki a kedvenc \u00edzkombin\u00e1ci\u00f3j\u00e1t, \u00e9s kezdje el haszn\u00e1lni. Azt gondolhatja, hogy egy ilyen hossz\u00fa akkumul\u00e1tor-\u00fczemid\u0151vel rendelkez\u0151 eszk\u00f6z nagy m\u00e9ret\u0171 lenne, de az \u00e1ra nagyon megfizethet\u0151, \u00e9s mindenk\u00e9ppen meglep.<\/p>\n<h2 data-v-md-heading=\"excellent-performance-easy-and-convenient\" data-v-md-line=\"8\">Kiv\u00e1l\u00f3 teljes\u00edtm\u00e9ny, egyszer\u0171 \u00e9s k\u00e9nyelmes<\/h2>\n<p data-v-md-line=\"9\">A dupla h\u00e1l\u00f3s tekercsek biztos\u00edtj\u00e1k a sima f\u00fcst\u00e1raml\u00e1st \u00e9s a tiszta \u00edzt, \u00edgy az els\u0151 falat ugyanolyan finom lesz, mint a sz\u00e1zadik. K\u00e9nyelmes Type-C t\u00f6lt\u0151interf\u00e9sszel van felszerelve, \u00edgy k\u00f6nnyed\u00e9n t\u00f6ltheted a telefonodat egy t\u00f6lt\u0151k\u00e1bel seg\u00edts\u00e9g\u00e9vel. A LED kijelz\u0151 egy pillant\u00e1ssal megjelen\u00edti az inform\u00e1ci\u00f3kat, \u00edgy nem kell tal\u00e1lgatnod, mikor kell t\u00f6ltened.<\/p>\n<h2 data-v-md-heading=\"specification-introduction\" data-v-md-line=\"11\">Specifik\u00e1ci\u00f3 Bevezet\u00e9s<\/h2>\n<ul data-v-md-line=\"12\">\n<li>Sz\u00edv\u00e1si gyakoris\u00e1g: ak\u00e1r 50000-szer<\/li>\n<li>Nikotintartalom: A k\u00edn\u00e1lati helyzet a piact\u00f3l \u00e9s a megfelel\u0151s\u00e9gi k\u00f6vetelm\u00e9nyekt\u0151l f\u00fcgg\u0151en v\u00e1ltozik. K\u00e9rj\u00fck, vegye fel vel\u00fcnk a kapcsolatot, ha \u00e9rdekl\u0151dik az \u00d6n orsz\u00e1g\u00e1ban\/r\u00e9gi\u00f3j\u00e1ban aktu\u00e1lis nikotintartalomr\u00f3l.<\/li>\n<li>M\u0171k\u00f6d\u00e9si elv: sz\u00edv\u00e1s aktiv\u00e1l\u00e1sa. Nincsenek gombok.<\/li>\n<li>T\u00f6lt\u00e9s: C t\u00edpus\u00fa USB csatlakoz\u00f3<\/li>\n<li>\u00c1llapot: Kicsomagol\u00e1s ut\u00e1n azonnal haszn\u00e1lhat\u00f3<\/li>\n<li>E-folyad\u00e9k kapacit\u00e1sa: kett\u0151s t\u00e1rol\u00f3rekesz, \u00f6sszesen 50 milliliter (egyetlen t\u00e1rol\u00f3rekesz 25 milliliter)<\/li>\n<li>Porlaszt\u00f3 mag: dupla h\u00e1l\u00f3<\/li>\n<li>Akkumul\u00e1tor: 850mAh \u00fajrat\u00f6lthet\u0151 akkumul\u00e1tor<\/li>\n<li>Kijelz\u0151: LED k\u00e9perny\u0151<\/li>\n<li>M\u00e9ret \u00e9s s\u00faly: 65 \u00d7 30 \u00d7 135 millim\u00e9ter, k\u00f6r\u00fclbel\u00fcl 150 gramm<\/li>\n<\/ul>\n<h2 data-v-md-heading=\"full-range-of-flavors\" data-v-md-line=\"23\">Full range of flavors<\/h2>\n<ul data-v-md-line=\"24\">\n<li>G\u00f6r\u00f6gdinnye j\u00e9g\/eper kivi<\/li>\n<li>Eper, kivi, gr\u00e1n\u00e1talma\/Red Bull<\/li>\n<li>\u00c1fony\u00e1s k\u00f3kuszos\/sz\u0151l\u0151s j\u00e9g<\/li>\n<li>\u00c1fonyal\u00e9 Citromos v\u00edz\/H\u00e1rmas dinnye<\/li>\n<li>Epres-g\u00f6r\u00f6gdinnye\/\u00e1fony\u00e1s j\u00e9g<\/li>\n<li>\u0150szibarack-mang\u00f3 g\u00f6r\u00f6gdinnye\/eper-ban\u00e1n<\/li>\n<li>M\u00e1lna, g\u00f6r\u00f6gdinnye\/kivi, maracuja, guava<\/li>\n<li>Anan\u00e1sz, \u0151szibarack, maracuja\/\u00e1fonya, m\u00e1lna<\/li>\n<li>G\u00f6r\u00f6gdinnye j\u00e9g\/citrom-lime<\/li>\n<li>Vegyes bogy\u00f3s\/\u0151szibarackos j\u00e9g<\/li>\n<li>Epres j\u00e9g\/csereszny\u00e9s sz\u00f3da<\/li>\n<li>M\u00e1lna-citromos v\u00edz\/eperfagylalt<\/li>\n<\/ul>\n<h2 data-v-md-heading=\"for-you-and-for-your-business-as-well\" data-v-md-line=\"37\">Neked, \u00e9s a v\u00e1llalkoz\u00e1sodnak is<\/h2>\n<p data-v-md-line=\"38\">A FIZZY Twins csomagokat v\u00e1laszthatja szem\u00e9lyes haszn\u00e1latra, vagy hozz\u00e1adhatja az \u00fczlet\u00e9hez. Nagykereskedelmi szolg\u00e1ltat\u00e1sokat k\u00edn\u00e1lunk 10 k\u00f6zepes \u00e9s 120 nagy dobozra. Megb\u00edzhat\u00f3 partnerekkel, p\u00e9ld\u00e1ul a UPS-szel, a DPD-vel \u00e9s a DHL-lel dolgozunk egy\u00fctt a DDP (Delivered Duty Paid) sz\u00e1ll\u00edt\u00e1si m\u00f3ddal, \u00edgy a v\u00e1mtarif\u00e1k el\u0151re feldolgozhat\u00f3k, elker\u00fclve a v\u00e1ratlan v\u00e1mhelyzeteket.<\/p>\n<p data-v-md-line=\"40\">Megfelel\u0151s\u00e9gi k\u00f6zlem\u00e9ny: Ez az eszk\u00f6z 50 milliliter e-folyad\u00e9kot tartalmaz, ami meghaladja az EU TPD \u00e9s az Egyes\u00fclt Kir\u00e1lys\u00e1g hasonl\u00f3 szab\u00e1lyoz\u00e1sai \u00e1ltal meghat\u00e1rozott 2 milliliteres hat\u00e1r\u00e9rt\u00e9ket. A kiskereskedelmi \u00e9s importszab\u00e1lyoz\u00e1s orsz\u00e1gonk\u00e9nt\/r\u00e9gi\u00f3nk\u00e9nt elt\u00e9r\u0151, ez\u00e9rt k\u00e9rj\u00fck, rendel\u00e9s lead\u00e1sa el\u0151tt ellen\u0151rizze a helyi el\u0151\u00edr\u00e1sokat.<\/p>\n<h2 data-v-md-heading=\"why-do-you-like-it\" data-v-md-line=\"42\">Mi\u00e9rt tetszik?<\/h2>\n<ul data-v-md-line=\"43\">\n<li>T\u00f6meges doh\u00e1nyz\u00e1s: a cserepatronok beszerz\u00e9s\u00e9hez sz\u00fcks\u00e9ges id\u0151 cs\u00f6kkent\u00e9se<\/li>\n<li>K\u00e9t \u00edz kombin\u00e1lva: nem kell eszk\u00f6zt v\u00e1ltani, b\u00e1rmikor v\u00e1lthatsz \u00edzeket<\/li>\n<li>\u00dajrat\u00f6lthet\u0151: Haszn\u00e1lja a megv\u00e1s\u00e1rolt e-folyad\u00e9kot<\/li>\n<li>H\u00e1l\u00f3s porlaszt\u00f3 mag: folyamatos \u00e9s stabil f\u00fcst tiszta \u00edzzel<\/li>\n<li>C t\u00edpus\u00fa csatlakoz\u00f3, k\u00e9nyelmes \u00e9s egyszer\u0171: k\u00f6nnyen t\u00f6lthet\u0151 hagyom\u00e1nyos k\u00e1belekkel<\/li>\n<li>LED kijelz\u0151: Az \u00e1llapot egy pillant\u00e1ssal \u00e1ttekinthet\u0151, nem kell tal\u00e1lgatni<\/li>\n<\/ul>\n<h2 data-v-md-heading=\"to-be-honest-about-the-number-of-suctions\" data-v-md-line=\"50\">\u0150szint\u00e9n sz\u00f3lva a sz\u00edv\u00e1sok sz\u00e1m\u00e1r\u00f3l<\/h2>\n<p data-v-md-line=\"51\">\u201eAk\u00e1r 50000-szeres is lehet\u201d \u2013 becs\u00fcli a gy\u00e1rt\u00f3. A t\u00e9nyleges hat\u00e1s az egyes sz\u00edv\u00e1sok id\u0151tartam\u00e1t\u00f3l \u00e9s teljes\u00edtm\u00e9nyszintj\u00e9t\u0151l f\u00fcgg. Min\u00e9l r\u00f6videbb a sz\u00edv\u00e1si id\u0151, ann\u00e1l hosszabb a sz\u00edv\u00e1si id\u0151. A hossz\u00fa t\u00e1v\u00fa doh\u00e1nyz\u00e1s t\u00f6bb e-folyad\u00e9kot \u00e9s akkumul\u00e1tort fogyaszt.<\/p>\n<h2 data-v-md-heading=\"why-collaborate-with-agoravape\" data-v-md-line=\"53\">Mi\u00e9rt \u00e9rdemes az AgoraVape-pel egy\u00fcttm\u0171k\u00f6dni?<\/h2>\n<p data-v-md-line=\"54\">Kiz\u00e1r\u00f3lag 100%-ban eredeti berendez\u00e9seket forgalmazunk, \u00e9s szigor\u00faan fel\u00fclvizsg\u00e1ljuk ell\u00e1t\u00e1si l\u00e1ncunkat, hogy biztos\u00edtsuk az eredeti term\u00e9kek v\u00e1s\u00e1rl\u00e1s\u00e1t. Kereskedelmi \u00fcgyfeleink kedvezm\u00e9nyes nagykereskedelmi \u00e1rakat, gyors reag\u00e1l\u00e1s\u00fa \u00fcgyf\u00e9lszolg\u00e1latot \u00e9s gyors DDP kisz\u00e1ll\u00edt\u00e1si szolg\u00e1ltat\u00e1sokat \u00e9lvezhetnek a FIZZY Twins 50000 k\u00e9t az egyben, dupla \u00edzes\u00edt\u00e9s\u0171 vape-ek eset\u00e9ben. Ha tart\u00f3s \u00e9s visszak\u00fcld\u00e9sre \u00e9rdemes, dupla \u00edzes\u00edt\u00e9s\u0171 eldobhat\u00f3 vape-et keres, k\u00e9rj\u00fck, vegye fel vel\u00fcnk a kapcsolatot.<\/p>\n<p><script src=\"chrome-extension:\/\/fpelahbljekknahkcaegamhcndkfpfnc\/iFrame.js\" type=\"text\/javascript\"><\/script><\/p>","protected":false},"excerpt":{"rendered":"<p>Melyek a FIZZY Twins 50000 k\u00e9t az egyben, kett\u0151s \u00edz\u0171 e-cigaretta k\u00fcl\u00f6nleges tulajdons\u00e1gai? Ha unod m\u00e1r<\/p>","protected":false},"featured_media":12133,"comment_status":"open","ping_status":"closed","template":"","meta":[],"product_brand":[203],"product_cat":[124,185,189,1641,176,195,130,174,175,193,191,173,186,180,190,192],"product_tag":[],"class_list":{"0":"post-12105","1":"product","2":"type-product","3":"status-publish","4":"has-post-thumbnail","6":"product_brand-fizzy","7":"product_cat-vape-by-brand","8":"product_cat-10000-puffs-high-capacity","9":"product_cat-20mg-standard-nicotine-vapes","10":"product_cat-50000-puffs","11":"product_cat-beverage","12":"product_cat-dual-flavor-switch","13":"product_cat-fizzy","14":"product_cat-fruit-flavors","15":"product_cat-icy-mint","16":"product_cat-mesh-coil","17":"product_cat-rechargeable-disposables","18":"product_cat-vape-by-flavor-profile","19":"product_cat-vape-by-nicotine-strength","20":"product_cat-vape-by-puff-count","21":"product_cat-vape-by-feature-or-type","22":"product_cat-vapes-with-screens","24":"first","25":"instock","26":"shipping-taxable","27":"purchasable","28":"product-type-variable","29":"has-default-attributes"},"tiered_pricing_type":"percentage","tiered_pricing_fixed_rules":[],"tiered_pricing_product_settings":{"layout":"default","base_unit_name":{"singular":null,"plural":null},"default_variation":null},"tiered_pricing_minimum_quantity":10,"tiered_pricing_roles_data":[],"tiered_pricing_percentage_rules":{"50":"35","100":"40","200":"44","500":"47","1000":"49"},"tiered_pricing_maximum_quantity":null,"tiered_pricing_quantity_step":"10","_links":{"self":[{"href":"https:\/\/agoravape.com\/hu\/wp-json\/wp\/v2\/product\/12105","targetHints":{"allow":["GET"]}}],"collection":[{"href":"https:\/\/agoravape.com\/hu\/wp-json\/wp\/v2\/product"}],"about":[{"href":"https:\/\/agoravape.com\/hu\/wp-json\/wp\/v2\/types\/product"}],"replies":[{"embeddable":true,"href":"https:\/\/agoravape.com\/hu\/wp-json\/wp\/v2\/comments?post=12105"}],"version-history":[{"count":0,"href":"https:\/\/agoravape.com\/hu\/wp-json\/wp\/v2\/product\/12105\/revisions"}],"wp:featuredmedia":[{"embeddable":true,"href":"https:\/\/agoravape.com\/hu\/wp-json\/wp\/v2\/media\/12133"}],"wp:attachment":[{"href":"https:\/\/agoravape.com\/hu\/wp-json\/wp\/v2\/media?parent=12105"}],"wp:term":[{"taxonomy":"product_brand","embeddable":true,"href":"https:\/\/agoravape.com\/hu\/wp-json\/wp\/v2\/product_brand?post=12105"},{"taxonomy":"product_cat","embeddable":true,"href":"https:\/\/agoravape.com\/hu\/wp-json\/wp\/v2\/product_cat?post=12105"},{"taxonomy":"product_tag","embeddable":true,"href":"https:\/\/agoravape.com\/hu\/wp-json\/wp\/v2\/product_tag?post=12105"}],"curies":[{"name":"wp","href":"https:\/\/api.w.org\/{rel}","templated":true}]}}