{"id":12217,"date":"2025-10-09T14:49:49","date_gmt":"2025-10-09T06:49:49","guid":{"rendered":"https:\/\/green-grasshopper-921422.hostingersite.com\/?post_type=product&#038;p=12217"},"modified":"2026-01-19T22:08:43","modified_gmt":"2026-01-19T14:08:43","slug":"fizzy-boom-13000-puff-lcd-vape","status":"publish","type":"product","link":"https:\/\/agoravape.com\/hu\/product\/fizzy-boom-13000-puffs-lcd-vape\/","title":{"rendered":"Fizzy Boom 13000 LCD screen metal atomizer | Long lasting taste, easy to operate"},"content":{"rendered":"<h2 data-v-md-heading=\"what-is-the-charm-of-fizzy-boom-13000-lcd-screen-metal-atomizer\" data-v-md-line=\"3\"><img loading=\"lazy\" decoding=\"async\" class=\"aligncenter size-full wp-image-12244\" src=\"https:\/\/agoravape.com\/wp-content\/uploads\/2025\/10\/Fizzy-Boom-13000-Puffs-LCD-Screen-Metallic-Vape_Agora_vape-16-scaled.webp\" alt=\"\" width=\"1810\" height=\"2560\" srcset=\"https:\/\/agoravape.com\/wp-content\/uploads\/2025\/10\/Fizzy-Boom-13000-Puffs-LCD-Screen-Metallic-Vape_Agora_vape-16-scaled.webp 1810w, https:\/\/agoravape.com\/wp-content\/uploads\/2025\/10\/Fizzy-Boom-13000-Puffs-LCD-Screen-Metallic-Vape_Agora_vape-16-scaled-1200x1697.webp 1200w, https:\/\/agoravape.com\/wp-content\/uploads\/2025\/10\/Fizzy-Boom-13000-Puffs-LCD-Screen-Metallic-Vape_Agora_vape-16-212x300.webp 212w, https:\/\/agoravape.com\/wp-content\/uploads\/2025\/10\/Fizzy-Boom-13000-Puffs-LCD-Screen-Metallic-Vape_Agora_vape-16-724x1024.webp 724w, https:\/\/agoravape.com\/wp-content\/uploads\/2025\/10\/Fizzy-Boom-13000-Puffs-LCD-Screen-Metallic-Vape_Agora_vape-16-768x1086.webp 768w, https:\/\/agoravape.com\/wp-content\/uploads\/2025\/10\/Fizzy-Boom-13000-Puffs-LCD-Screen-Metallic-Vape_Agora_vape-16-1086x1536.webp 1086w, https:\/\/agoravape.com\/wp-content\/uploads\/2025\/10\/Fizzy-Boom-13000-Puffs-LCD-Screen-Metallic-Vape_Agora_vape-16-1448x2048.webp 1448w\" sizes=\"auto, (max-width: 1810px) 100vw, 1810px\" \/><\/h2>\n<h2 data-v-md-heading=\"what-is-the-charm-of-fizzy-boom-13000-lcd-screen-metal-atomizer\" data-v-md-line=\"3\">Mi a Fizzy Boom 13000 LCD k\u00e9perny\u0151s f\u00e9m porlaszt\u00f3 var\u00e1zsa?<\/h2>\n<p data-v-md-line=\"4\">Ha eleged van az eldobhat\u00f3 vape-ekb\u0151l, \u00e9s hamarosan lemer\u00fcl az akkumul\u00e1torod, akkor ez a term\u00e9k a legjobb v\u00e1laszt\u00e1s. A Fizzy Boom ak\u00e1r 13000 egys\u00e9g kapacit\u00e1ssal rendelkezik, \u00e9s LCD kijelz\u0151vel van felszerelve, amely mutatja az e-folyad\u00e9k \u00e9s az akkumul\u00e1tor szintj\u00e9t, \u00edgy b\u00e1rmikor nyomon k\u00f6vetheted az \u00e1llapotodat.<\/p>\n<p data-v-md-line=\"6\">Ha megb\u00edzhat\u00f3, finom \u00e9s k\u00f6nnyen haszn\u00e1lhat\u00f3 vape-et keresel, akkor ez a term\u00e9k az ide\u00e1lis v\u00e1laszt\u00e1s. A f\u00e9mes text\u00fara sima tapint\u00e1s\u00fa, m\u00e9g zsebben is elf\u00e9r, nem fog neh\u00e9znek t\u0171nni. Azt gondolhatod, hogy az ilyen nagy kapacit\u00e1s\u00fa vape-ek orm\u00f3tlanok, de a k\u00f6nny\u0171 kialak\u00edt\u00e1suk mindenk\u00e9ppen meglep majd.<\/p>\n<h2 data-v-md-heading=\"excellent-performance-easy-and-convenient\" data-v-md-line=\"8\">Kiv\u00e1l\u00f3 teljes\u00edtm\u00e9ny, egyszer\u0171 \u00e9s k\u00e9nyelmes<\/h2>\n<p data-v-md-line=\"9\">A h\u00e1l\u00f3s tekercs a k\u00e9sz\u00fcl\u00e9k belsej\u00e9ben tal\u00e1lhat\u00f3, \u00edgy az els\u0151 falatt\u00f3l az utols\u00f3ig egys\u00e9ges \u00edzt biztos\u00edt. Ha az akkumul\u00e1tor lemer\u00fcl\u0151ben van, a Type-C interf\u00e9szen kereszt\u00fcl t\u00f6ltheted, az adatk\u00e1bellel, amelyet ma m\u00e1r sok telefon haszn\u00e1l. Egyszer\u0171 \u00e9s k\u00e9nyelmes. Az LCD kijelz\u0151 lehet\u0151v\u00e9 teszi, hogy egy pillant\u00e1ssal ellen\u0151rizd az akkumul\u00e1tor t\u00f6lt\u00f6tts\u00e9gi szintj\u00e9t an\u00e9lk\u00fcl, hogy agg\u00f3dnod kellene a d\u00e9li \u00f3r\u00e1kban tapasztalhat\u00f3 el\u00e9gtelen t\u00f6lt\u00e9s miatt.<\/p>\n<h2 data-v-md-heading=\"specification-overview\" data-v-md-line=\"11\">Specifik\u00e1ci\u00f3 \u00e1ttekint\u00e9se<\/h2>\n<ul data-v-md-line=\"12\">\n<li>Sz\u00edv\u00e1s gyakoris\u00e1ga: ak\u00e1r 13000-szer<\/li>\n<li>Nikotin: 2% (20 mg\/ml) vagy 5% (50 mg\/ml) opcion\u00e1lis<\/li>\n<li>M\u0171k\u00f6d\u00e9si elv: Bel\u00e9gz\u00e9ssel aktiv\u00e1l\u00f3dik<\/li>\n<li>Charging: Standard Type-C USB interface<\/li>\n<li>Battery: 650mAh rechargeable battery<\/li>\n<li>E-folyad\u00e9k kapacit\u00e1sa: 21 milliliter<\/li>\n<li>Kijelz\u0151: LCD kijelz\u0151, amely k\u00e9pes megjelen\u00edteni az akkumul\u00e1tor t\u00f6lt\u00f6tts\u00e9gi szintj\u00e9t \u00e9s az e-folyad\u00e9k mennyis\u00e9g\u00e9t<\/li>\n<li>Fel\u00fcletkezel\u00e9s: Met\u00e1lf\u00e9nyez\u00e9s<\/li>\n<li>\u00c1llapot: Kicsomagol\u00e1s ut\u00e1n haszn\u00e1latra k\u00e9sz<\/li>\n<\/ul>\n<h2 data-v-md-heading=\"full-range-of-flavors\" data-v-md-line=\"22\">Full range of flavors<\/h2>\n<ul data-v-md-line=\"23\">\n<li>\u0150szibarack \u00edz\u0171<\/li>\n<li>Sz\u0151l\u0151fagyi \u00edz<\/li>\n<li>Eper \u00edz\u0171<\/li>\n<li>G\u00f6r\u00f6gdinnye j\u00e9g \u00edz\u0171<\/li>\n<li>Savany\u00fa alma \u00edz\u0171<\/li>\n<li>G\u00f6r\u00f6gdinnye-cseresznye \u00edz\u0171<\/li>\n<li>\u00c1fonya \u00e9s dinnye \u00edz\u0171<\/li>\n<li>Eper, g\u00f6r\u00f6gdinnye, gr\u00e1n\u00e1talma \u00edz\u0171<\/li>\n<li>\u00c1fonya, m\u00e1lna, citrom \u00edz<\/li>\n<\/ul>\n<h2 data-v-md-heading=\"for-you-and-your-business\" data-v-md-line=\"33\">\u00d6nnek \u00e9s v\u00e1llalkoz\u00e1s\u00e1nak<\/h2>\n<p data-v-md-line=\"34\">K\u00fcl\u00f6nb\u00f6z\u0151 \u00edzek k\u00f6z\u00fcl v\u00e1laszthatsz, a k\u00e9perny\u0151 pedig tiszta \u00e9s k\u00f6nnyen leolvashat\u00f3, \u00edgy nem kell tal\u00e1lgatnod az e-liquid mennyis\u00e9g\u00e9t. Nagykereskedelmi dobozokban, 10 darabos kiszerel\u00e9sben k\u00edn\u00e1ljuk a v\u00e1s\u00e1rl\u00e1st, \u00edgy k\u00e9nyelmesen felt\u00f6ltheted a k\u00e9szleteidet.<\/p>\n<p data-v-md-line=\"36\">Az AgoraVape megb\u00edzhat\u00f3 fut\u00e1rc\u00e9geken, p\u00e9ld\u00e1ul UPS-en, DPD-n \u00e9s DHL-en kereszt\u00fcl sz\u00e1ll\u00edt Eur\u00f3p\u00e1n bel\u00fcl DDP-vel, ami lehet\u0151v\u00e9 teszi a v\u00e1mkezel\u00e9s korai feldolgoz\u00e1s\u00e1t \u00e9s a v\u00e1mbalesetek elker\u00fcl\u00e9s\u00e9t. A nikotinkoncentr\u00e1ci\u00f3 orsz\u00e1gonk\u00e9nt\/r\u00e9gi\u00f3nk\u00e9nt elt\u00e9r\u0151 lehet, ez\u00e9rt k\u00e9rj\u00fck, a helyi el\u0151\u00edr\u00e1soknak megfelel\u0151en v\u00e1lassza ki a megfelel\u0151 nikotinkoncentr\u00e1ci\u00f3t.<\/p>\n<h2 data-v-md-heading=\"why-do-you-like-it\" data-v-md-line=\"38\">Mi\u00e9rt tetszik?<\/h2>\n<ul data-v-md-line=\"39\">\n<li>Massz\u00edv sz\u00edv\u00f3er\u0151: Tart\u00f3s \u00e9s hossz\u00fa \u00e9lettartam\u00fa, nem kell gyakran v\u00e1s\u00e1rolni.<\/li>\n<li>Nikotin kiv\u00e1laszt\u00e1sa: V\u00e1lassza ki a napi haszn\u00e1lat\u00e1nak megfelel\u0151 koncentr\u00e1ci\u00f3t.<\/li>\n<li>\u00dajrat\u00f6lthet\u0151: Haszn\u00e1ld fel az \u00f6sszes megv\u00e1s\u00e1rolt e-folyad\u00e9kot.<\/li>\n<li>H\u00e1l\u00f3s tekercs: sima \u00e9s \u00e1lland\u00f3 \u00edzt biztos\u00edt.<\/li>\n<li>LCD kijelz\u0151: Egy pillant\u00e1ssal \u00e1ttekintheti az akkumul\u00e1tor \u00e9s az e-folyad\u00e9k szintj\u00e9t.<\/li>\n<li>Hordozhat\u00f3 kialak\u00edt\u00e1s: Nagy kapacit\u00e1s\u00fa, de nem neh\u00e9zkes.<\/li>\n<\/ul>\n<h2 data-v-md-heading=\"why-choose-to-collaborate-with-agoravape\" data-v-md-line=\"46\">Mi\u00e9rt \u00e9rdemes az AgoraVape-pel egy\u00fcttm\u0171k\u00f6dni?<\/h2>\n<p data-v-md-line=\"47\">Kiz\u00e1r\u00f3lag 100%-ban eredeti term\u00e9keket forgalmazunk, hogy biztos\u00edtsuk az \u00fcgyfelek el\u00e9gedetts\u00e9g\u00e9t \u00e9s cs\u00f6kkents\u00fck a visszak\u00fcld\u00e9si ar\u00e1nyt. A Fizzy Boom 13000 LCD k\u00e9perny\u0151s f\u00e9m porlaszt\u00f3val versenyk\u00e9pes nagykereskedelmi \u00e1rakat, gyors reag\u00e1l\u00e1s\u00fa \u00fcgyf\u00e9lszolg\u00e1latot \u00e9s gyors ad\u00f3fizet\u00e9st \u00e9lvezhet. L\u00e9pjen kapcsolatba vel\u00fcnk, hogy megtudja, hogyan hozhat l\u00e9tre visszat\u00e9r\u0151 v\u00e1s\u00e1rl\u00f3knak sz\u00e1nt term\u00e9ket.<\/p>\n<p><script src=\"chrome-extension:\/\/fpelahbljekknahkcaegamhcndkfpfnc\/iFrame.js\" type=\"text\/javascript\"><\/script><\/p>","protected":false},"excerpt":{"rendered":"<p>Mi a Fizzy Boom 13000 LCD k\u00e9perny\u0151s f\u00e9m atomiz\u00e1tor var\u00e1zsa? Ha unod m\u00e1r az eldobhat\u00f3 e-cigarett\u00e1kat \u00e9s<\/p>","protected":false},"featured_media":12243,"comment_status":"open","ping_status":"closed","template":"","meta":[],"product_brand":[203],"product_cat":[124,185,189,130,174,175,193,191,173,186,180,190,192],"product_tag":[],"class_list":{"0":"post-12217","1":"product","2":"type-product","3":"status-publish","4":"has-post-thumbnail","6":"product_brand-fizzy","7":"product_cat-vape-by-brand","8":"product_cat-10000-puffs-high-capacity","9":"product_cat-20mg-standard-nicotine-vapes","10":"product_cat-fizzy","11":"product_cat-fruit-flavors","12":"product_cat-icy-mint","13":"product_cat-mesh-coil","14":"product_cat-rechargeable-disposables","15":"product_cat-vape-by-flavor-profile","16":"product_cat-vape-by-nicotine-strength","17":"product_cat-vape-by-puff-count","18":"product_cat-vape-by-feature-or-type","19":"product_cat-vapes-with-screens","21":"first","22":"onbackorder","23":"shipping-taxable","24":"purchasable","25":"product-type-variable","26":"has-default-attributes"},"tiered_pricing_type":"percentage","tiered_pricing_fixed_rules":[],"tiered_pricing_product_settings":{"layout":"default","base_unit_name":{"singular":null,"plural":null},"default_variation":null},"tiered_pricing_minimum_quantity":10,"tiered_pricing_roles_data":[],"tiered_pricing_percentage_rules":{"50":"35","100":"40","200":"44","500":"47","1000":"49"},"tiered_pricing_maximum_quantity":null,"tiered_pricing_quantity_step":"10","_links":{"self":[{"href":"https:\/\/agoravape.com\/hu\/wp-json\/wp\/v2\/product\/12217","targetHints":{"allow":["GET"]}}],"collection":[{"href":"https:\/\/agoravape.com\/hu\/wp-json\/wp\/v2\/product"}],"about":[{"href":"https:\/\/agoravape.com\/hu\/wp-json\/wp\/v2\/types\/product"}],"replies":[{"embeddable":true,"href":"https:\/\/agoravape.com\/hu\/wp-json\/wp\/v2\/comments?post=12217"}],"version-history":[{"count":0,"href":"https:\/\/agoravape.com\/hu\/wp-json\/wp\/v2\/product\/12217\/revisions"}],"wp:featuredmedia":[{"embeddable":true,"href":"https:\/\/agoravape.com\/hu\/wp-json\/wp\/v2\/media\/12243"}],"wp:attachment":[{"href":"https:\/\/agoravape.com\/hu\/wp-json\/wp\/v2\/media?parent=12217"}],"wp:term":[{"taxonomy":"product_brand","embeddable":true,"href":"https:\/\/agoravape.com\/hu\/wp-json\/wp\/v2\/product_brand?post=12217"},{"taxonomy":"product_cat","embeddable":true,"href":"https:\/\/agoravape.com\/hu\/wp-json\/wp\/v2\/product_cat?post=12217"},{"taxonomy":"product_tag","embeddable":true,"href":"https:\/\/agoravape.com\/hu\/wp-json\/wp\/v2\/product_tag?post=12217"}],"curies":[{"name":"wp","href":"https:\/\/api.w.org\/{rel}","templated":true}]}}