{"id":12257,"date":"2025-10-09T15:13:28","date_gmt":"2025-10-09T07:13:28","guid":{"rendered":"https:\/\/green-grasshopper-921422.hostingersite.com\/?post_type=product&#038;p=12257"},"modified":"2026-03-21T12:43:56","modified_gmt":"2026-03-21T11:43:56","slug":"vapme-crystal-7000-puffs-halos-vape","status":"publish","type":"product","link":"https:\/\/agoravape.com\/hu\/product\/vapme-crystal-7000-puffs-mesh-vape\/","title":{"rendered":"Vapme Crystal 7000 Mesh Tekercs Eldobhat\u00f3 Vape | Hosszantart\u00f3 \u00cdz, K\u00f6nnyen Kezelhet\u0151"},"content":{"rendered":"<h2 data-v-md-heading=\"what-are-the-advantages-of-vapme-crystal-7000-mesh-coil-disposable-vapes\" data-v-md-line=\"3\"><img loading=\"lazy\" decoding=\"async\" class=\"aligncenter size-full wp-image-12280\" src=\"https:\/\/agoravape.com\/wp-content\/uploads\/2025\/10\/Vapme-Crystal-7000-Puffs-Mesh-Coil-Disposable-Vape_Agora_vape-13-scaled.webp\" alt=\"\" width=\"2560\" height=\"1707\" srcset=\"https:\/\/agoravape.com\/wp-content\/uploads\/2025\/10\/Vapme-Crystal-7000-Puffs-Mesh-Coil-Disposable-Vape_Agora_vape-13-scaled.webp 2560w, https:\/\/agoravape.com\/wp-content\/uploads\/2025\/10\/Vapme-Crystal-7000-Puffs-Mesh-Coil-Disposable-Vape_Agora_vape-13-scaled-1200x800.webp 1200w, https:\/\/agoravape.com\/wp-content\/uploads\/2025\/10\/Vapme-Crystal-7000-Puffs-Mesh-Coil-Disposable-Vape_Agora_vape-13-300x200.webp 300w, https:\/\/agoravape.com\/wp-content\/uploads\/2025\/10\/Vapme-Crystal-7000-Puffs-Mesh-Coil-Disposable-Vape_Agora_vape-13-1024x683.webp 1024w, https:\/\/agoravape.com\/wp-content\/uploads\/2025\/10\/Vapme-Crystal-7000-Puffs-Mesh-Coil-Disposable-Vape_Agora_vape-13-768x512.webp 768w, https:\/\/agoravape.com\/wp-content\/uploads\/2025\/10\/Vapme-Crystal-7000-Puffs-Mesh-Coil-Disposable-Vape_Agora_vape-13-1536x1024.webp 1536w, https:\/\/agoravape.com\/wp-content\/uploads\/2025\/10\/Vapme-Crystal-7000-Puffs-Mesh-Coil-Disposable-Vape_Agora_vape-13-2048x1365.webp 2048w\" sizes=\"auto, (max-width: 2560px) 100vw, 2560px\" \/><\/h2>\n<h2 data-v-md-heading=\"what-are-the-advantages-of-vapme-crystal-7000-mesh-coil-disposable-vapes\" data-v-md-line=\"3\">Milyen el\u0151nyei vannak a Vapme Crystal 7000 mesh tekercses eldobhat\u00f3 vape-eknek?<\/h2>\n<p data-v-md-line=\"4\">Ha eleged van az eldobhat\u00f3 vape-ekb\u0151l, amik gyorsan fogyasztanak, vagy egy h\u00e9ten bel\u00fcl lemer\u00fclnek, ez a term\u00e9k megk\u00f6nny\u00edti az \u00e9letedet. A Vapme Crystal 7000 gazdag \u00edzvil\u00e1got k\u00edn\u00e1l, ami nem ig\u00e9nyel bonyolult t\u00f6lt\u00e9st, \u00edgy tart\u00f3s \u00e9s hossz\u00fa \u00e9lettartam\u00fa.<\/p>\n<p data-v-md-line=\"6\">B\u00e1rkinek alkalmas, aki megb\u00edzhat\u00f3 \u00e9s stabil vape \u00e9lm\u00e9nyre v\u00e1gyik bonyolult be\u00e1ll\u00edt\u00e1sok n\u00e9lk\u00fcl. Nem kell olajat fecskendeznie. Nincsenek gombok. Vedd fel, \u00e9s m\u00e1r haszn\u00e1lhatod is. A 7000 portos kapacit\u00e1s kevesebb cser\u00e9t jelent, \u00edgy id\u0151t \u00e9s energi\u00e1t takar\u00edt meg.<\/p>\n<h2 data-v-md-heading=\"excellent-performance-without-any-complexity\" data-v-md-line=\"8\">Kiv\u00e1l\u00f3 teljes\u00edtm\u00e9ny bonyolults\u00e1g n\u00e9lk\u00fcl<\/h2>\n<p data-v-md-line=\"9\">A term\u00e9k titka az 1.0 \u03a9-os h\u00e1l\u00f3s tekercsben rejlik. Egyenletesen meleg\u00edti az e-liquidet, \u00edgy minden falat olyan finom lesz, mint az els\u0151. Nincs \u00e9gett szag. Az akkumul\u00e1tor t\u00f6lt\u00f6tts\u00e9gi szintje a harmadik napon sem cs\u00f6kken. Ha az akkumul\u00e1tor lemer\u00fcl, Type-C k\u00e1bellel t\u00f6lthet\u0151. Ez ugyanaz, mint a telefonon haszn\u00e1lt adatk\u00e1bel. Egyszer\u0171 \u00e9s k\u00e9nyelmes.<\/p>\n<h2 data-v-md-heading=\"specification-introduction\" data-v-md-line=\"11\">Specifik\u00e1ci\u00f3 Bevezet\u00e9s<\/h2>\n<ul data-v-md-line=\"12\">\n<li>Sz\u00edv\u00e1s gyakoris\u00e1ga: ak\u00e1r 7000-szer<\/li>\n<li>Nikotintartalom: 0%\/2%\/3%\/5%<\/li>\n<li>M\u0171k\u00f6d\u00e9si elv: Egyszer\u0171en l\u00e9legezze be a haszn\u00e1lathoz<\/li>\n<li>T\u00f6lt\u00e9s: C t\u00edpus\u00fa USB csatlakoz\u00f3<\/li>\n<li>E-folyad\u00e9k kapacit\u00e1sa: 14 milliliter<\/li>\n<li>Tekercs: 1,0 \u03a9 h\u00e1l\u00f3s tekercs<\/li>\n<li>Akkumul\u00e1tor: 650mAh<\/li>\n<li>\u00c1llapot: Kicsomagol\u00e1s ut\u00e1n haszn\u00e1latra k\u00e9sz<\/li>\n<\/ul>\n<h2 data-v-md-heading=\"multiple-flavor-options\" data-v-md-line=\"21\">T\u00f6bb \u00edzes\u00edt\u00e9si lehet\u0151s\u00e9g<\/h2>\n<ul data-v-md-line=\"22\">\n<li>\u00c1fonya \u00e9s m\u00e1lna<\/li>\n<li>Sz\u0151l\u0151bogy\u00f3<\/li>\n<li>Epres-g\u00f6r\u00f6gdinnye r\u00e1g\u00f3gumi<\/li>\n<li>Epres-m\u00e1ln\u00e1s cukorka<\/li>\n<li>Eper-ban\u00e1n<\/li>\n<li>Eper-mang\u00f3<\/li>\n<li>\u0150szibarack-mang\u00f3-anan\u00e1sz<\/li>\n<li>G\u00f6r\u00f6gdinnye j\u00e9g<\/li>\n<li>H\u00e1rmas mang\u00f3<\/li>\n<li>Cseresznyefagylalt<\/li>\n<li>Maracuja dinnye j\u00e9g<\/li>\n<li>Kiwi maracuja guava<\/li>\n<li>Eperfagylalt<\/li>\n<li>\u0150szibarackfagylalt<\/li>\n<li>K\u00e9k razz limon\u00e1d\u00e9<\/li>\n<li>Eper kivi<\/li>\n<li>Energiaital<\/li>\n<li>Csereszny\u00e9s k\u00f3la<\/li>\n<li>Vegyes bogy\u00f3s j\u00e9g<\/li>\n<li>Citrom \u00e9s lime<\/li>\n<li>Eper sz\u0151l\u0151<\/li>\n<li>Fekete ribizli j\u00e9g<\/li>\n<li>\u00c1fonya, \u00e1fonya, cseresznye<\/li>\n<li>G\u00f6r\u00f6gdinnye kivi j\u00e9g<\/li>\n<li>Cseresznyebogy\u00f3<\/li>\n<li>Mint<\/li>\n<li>Tr\u00f3pusi gy\u00fcm\u00f6lcspuncs<\/li>\n<li>K\u00e9k \u00far<\/li>\n<li>Dupla alma<\/li>\n<li>Ban\u00e1nfagylalt<\/li>\n<li>Lady Killa<\/li>\n<li>G\u00f6r\u00f6gdinnye Bika<\/li>\n<li>Anan\u00e1szos kivifagylalt<\/li>\n<li>Epres s\u00e1rk\u00e1nygy\u00fcm\u00f6lcs j\u00e9g<\/li>\n<li>G\u00f6r\u00f6gdinnye Citrom<\/li>\n<li>H\u00e1rmas dinnye j\u00e9g<\/li>\n<li>\u00c1fonya M\u00e1lna \u0150szibarack<\/li>\n<li>Epres-m\u00e1ln\u00e1s j\u00e9g<\/li>\n<li>G\u00f6r\u00f6gdinnye Skittle<\/li>\n<li>Epres gumimaci<\/li>\n<li>Epres V\u00f6r\u00f6s Bika<\/li>\n<li>Fekete S\u00e1rk\u00e1ny J\u00e9g<\/li>\n<li>Sz\u0151l\u0151fagylalt<\/li>\n<\/ul>\n<h2 data-v-md-heading=\"to-create-for-you-and-your-business\" data-v-md-line=\"30\">Alkotni \u00d6nnek \u00e9s v\u00e1llalkoz\u00e1s\u00e1nak<\/h2>\n<p data-v-md-line=\"31\">Ha jelenleg kipr\u00f3b\u00e1lod, a Vapme Crystal 7000 mesh tekercses eldobhat\u00f3 vape-et k\u00fcl\u00f6n is megv\u00e1s\u00e1rolhatod, vagy t\u00f6bb darabot is v\u00e1s\u00e1rolhatsz k\u00e9s\u0151bbi felhaszn\u00e1l\u00e1sra. Ha fizikai vagy online \u00e1ruh\u00e1zat \u00fczemeltetsz, nagykereskedelmi rendel\u00e9seket is leadhatsz. 200 darabos dobozos csomagol\u00e1st k\u00edn\u00e1lunk a k\u00f6nny\u0171 \u00e9s kisz\u00e1m\u00edthat\u00f3 \u00fajrak\u00e9szletez\u00e9s biztos\u00edt\u00e1sa \u00e9rdek\u00e9ben.<\/p>\n<p data-v-md-line=\"33\">Megb\u00edzhat\u00f3 partnerekkel, p\u00e9ld\u00e1ul a UPS-szel, a DPD-vel \u00e9s a DHL-lel m\u0171k\u00f6d\u00fcnk egy\u00fctt, \u00e9s a DDP (Delivered Duty Paid) sz\u00e1ll\u00edt\u00e1si felt\u00e9teleket alkalmazzuk a rendel\u00e9s gyors kisz\u00e1ll\u00edt\u00e1s\u00e1nak biztos\u00edt\u00e1sa \u00e9s a v\u00e1mbalesetek elker\u00fcl\u00e9se \u00e9rdek\u00e9ben.<\/p>\n<h2 data-v-md-heading=\"why-do-you-like-it\" data-v-md-line=\"35\">Mi\u00e9rt tetszik?<\/h2>\n<ul data-v-md-line=\"36\">\n<li>Nagy doh\u00e1nyz\u00e1si kapacit\u00e1s: tart\u00f3s \u00e9s hossz\u00fa \u00e9lettartam\u00fa, nem kell gyakran \u00faj cigarett\u00e1t v\u00e1s\u00e1rolni.<\/li>\n<li>Nikotin kiv\u00e1laszt\u00e1sa: V\u00e1lassza ki az \u00d6nnek legmegfelel\u0151bb koncentr\u00e1ci\u00f3t.<\/li>\n<li>\u00dajrat\u00f6lthet\u0151: A C t\u00edpus\u00fa t\u00f6lt\u00e9s seg\u00edt felhaszn\u00e1lni az \u00f6sszes megv\u00e1s\u00e1rolt e-folyad\u00e9kot.<\/li>\n<li>H\u00e1l\u00f3s tekercs: Egyenletes \u00edz, sima \u00e9s akad\u00e1lytalan az elej\u00e9t\u0151l a v\u00e9g\u00e9ig.<\/li>\n<\/ul>\n<h2 data-v-md-heading=\"why-collaborate-with-agoravape\" data-v-md-line=\"41\">Mi\u00e9rt \u00e9rdemes az AgoraVape-pel egy\u00fcttm\u0171k\u00f6dni?<\/h2>\n<p data-v-md-line=\"42\">Kiz\u00e1r\u00f3lag megb\u00edzhat\u00f3 m\u00e1rk\u00e1k 100%-ban eredeti term\u00e9keit forgalmazzuk. Eur\u00f3pa egyik vezet\u0151 vape-forgalmaz\u00f3jak\u00e9nt kedvezm\u00e9nyes nagykereskedelmi \u00e1rakat, \u00e1tfog\u00f3 technikai t\u00e1mogat\u00e1st \u00e9s gyors DDP kisz\u00e1ll\u00edt\u00e1si szolg\u00e1ltat\u00e1sokat k\u00edn\u00e1lunk a Vapme Crystal 7000 eldobhat\u00f3, sz\u00edv\u00f3h\u00e1l\u00f3s vape-ekhez. Kapcsolatfelv\u00e9tel c\u00e9lj\u00e1b\u00f3l \u00e9rdekl\u0151dj\u00f6n a k\u00e9szlet\u00fcnkr\u0151l, \u00e9s strapab\u00edr\u00f3, \u00fajra megv\u00e1s\u00e1rolhat\u00f3 eldobhat\u00f3 vape-t biztos\u00edtson \u00fcgyfeleinek.<\/p>\n<p data-v-md-line=\"42\">\n<p data-v-md-line=\"42\"><img loading=\"lazy\" decoding=\"async\" class=\"aligncenter size-full wp-image-12281\" src=\"https:\/\/agoravape.com\/wp-content\/uploads\/2025\/10\/VAPME-CRYSTAL-7000_04_Agora_vape-scaled.webp\" alt=\"\" width=\"1749\" height=\"2560\" srcset=\"https:\/\/agoravape.com\/wp-content\/uploads\/2025\/10\/VAPME-CRYSTAL-7000_04_Agora_vape-scaled.webp 1749w, https:\/\/agoravape.com\/wp-content\/uploads\/2025\/10\/VAPME-CRYSTAL-7000_04_Agora_vape-scaled-1200x1756.webp 1200w, https:\/\/agoravape.com\/wp-content\/uploads\/2025\/10\/VAPME-CRYSTAL-7000_04_Agora_vape-205x300.webp 205w, https:\/\/agoravape.com\/wp-content\/uploads\/2025\/10\/VAPME-CRYSTAL-7000_04_Agora_vape-699x1024.webp 699w, https:\/\/agoravape.com\/wp-content\/uploads\/2025\/10\/VAPME-CRYSTAL-7000_04_Agora_vape-768x1124.webp 768w, https:\/\/agoravape.com\/wp-content\/uploads\/2025\/10\/VAPME-CRYSTAL-7000_04_Agora_vape-1049x1536.webp 1049w, https:\/\/agoravape.com\/wp-content\/uploads\/2025\/10\/VAPME-CRYSTAL-7000_04_Agora_vape-1399x2048.webp 1399w\" sizes=\"auto, (max-width: 1749px) 100vw, 1749px\" \/><\/p>","protected":false},"excerpt":{"rendered":"<p>What are the advantages of Vapme Crystal 7000 mesh coil disposable vapes? If you\u2019re tired of those disposable vapes that<\/p>","protected":false},"featured_media":12268,"comment_status":"open","ping_status":"closed","template":"","meta":[],"product_brand":[204],"product_cat":[124,187,189,184,176,177,1674,174,175,193,191,179,173,186,180,190,131],"product_tag":[],"class_list":{"0":"post-12257","1":"product","2":"type-product","3":"status-publish","4":"has-post-thumbnail","6":"product_brand-vapme","7":"product_cat-vape-by-brand","8":"product_cat-0mg-nicotine-free-vapes","9":"product_cat-20mg-standard-nicotine-vapes","10":"product_cat-5000-8000-puffs","11":"product_cat-beverage","12":"product_cat-dessert-sweets","13":"product_cat-eu-warehouse","14":"product_cat-fruit-flavors","15":"product_cat-icy-mint","16":"product_cat-mesh-coil","17":"product_cat-rechargeable-disposables","18":"product_cat-unique-blends","19":"product_cat-vape-by-flavor-profile","20":"product_cat-vape-by-nicotine-strength","21":"product_cat-vape-by-puff-count","22":"product_cat-vape-by-feature-or-type","23":"product_cat-vapme","25":"first","26":"instock","27":"shipping-taxable","28":"purchasable","29":"product-type-variable","30":"has-default-attributes"},"tiered_pricing_type":"percentage","tiered_pricing_fixed_rules":[],"tiered_pricing_product_settings":{"layout":"default","base_unit_name":{"singular":null,"plural":null},"default_variation":null},"tiered_pricing_minimum_quantity":10,"tiered_pricing_roles_data":[],"tiered_pricing_percentage_rules":{"50":"35","100":"40","200":"44","500":"47","1000":"49"},"tiered_pricing_maximum_quantity":null,"tiered_pricing_quantity_step":"10","_links":{"self":[{"href":"https:\/\/agoravape.com\/hu\/wp-json\/wp\/v2\/product\/12257","targetHints":{"allow":["GET"]}}],"collection":[{"href":"https:\/\/agoravape.com\/hu\/wp-json\/wp\/v2\/product"}],"about":[{"href":"https:\/\/agoravape.com\/hu\/wp-json\/wp\/v2\/types\/product"}],"replies":[{"embeddable":true,"href":"https:\/\/agoravape.com\/hu\/wp-json\/wp\/v2\/comments?post=12257"}],"version-history":[{"count":0,"href":"https:\/\/agoravape.com\/hu\/wp-json\/wp\/v2\/product\/12257\/revisions"}],"wp:featuredmedia":[{"embeddable":true,"href":"https:\/\/agoravape.com\/hu\/wp-json\/wp\/v2\/media\/12268"}],"wp:attachment":[{"href":"https:\/\/agoravape.com\/hu\/wp-json\/wp\/v2\/media?parent=12257"}],"wp:term":[{"taxonomy":"product_brand","embeddable":true,"href":"https:\/\/agoravape.com\/hu\/wp-json\/wp\/v2\/product_brand?post=12257"},{"taxonomy":"product_cat","embeddable":true,"href":"https:\/\/agoravape.com\/hu\/wp-json\/wp\/v2\/product_cat?post=12257"},{"taxonomy":"product_tag","embeddable":true,"href":"https:\/\/agoravape.com\/hu\/wp-json\/wp\/v2\/product_tag?post=12257"}],"curies":[{"name":"wp","href":"https:\/\/api.w.org\/{rel}","templated":true}]}}