{"id":12415,"date":"2025-10-09T21:14:25","date_gmt":"2025-10-09T13:14:25","guid":{"rendered":"https:\/\/green-grasshopper-921422.hostingersite.com\/?post_type=product&#038;p=12415"},"modified":"2026-02-14T17:23:59","modified_gmt":"2026-02-14T16:23:59","slug":"vapme-crystal-30000-puffs-tripla-iz-vape","status":"publish","type":"product","link":"https:\/\/agoravape.com\/hu\/product\/vapme-crystal-30000-puffs-triple-flavor-vape\/","title":{"rendered":"Vapme Crystal 30000 H\u00e1rom az egyben h\u00e1romszoros \u00edz\u0171 vape | H\u00e1rom \u00edz, hosszan tart\u00f3 \u00e9s egyszer\u0171"},"content":{"rendered":"<h2 data-v-md-heading=\"what-are-the-advantages-of-vaping-the-vapme-crystal-30000-triple-flavored-vape\" data-v-md-line=\"3\">Milyen el\u0151nyei vannak a Vapme Crystal 30000 tripla \u00edzes\u00edt\u00e9s\u0171 vape g\u0151z\u00f6l\u00e9s\u00e9nek?<\/h2>\n<p data-v-md-line=\"4\">Ha m\u00e1r unja, hogy a h\u00e9t fel\u00e9n\u00e9l k\u00e9sz\u00fcl\u00e9ket kell cser\u00e9lnie, akkor ez a term\u00e9k az ide\u00e1lis v\u00e1laszt\u00e1s. A Vapme Crystal 30000 h\u00e1rom k\u00fcl\u00f6nb\u00f6z\u0151 \u00edzt integr\u00e1l egy k\u00e9sz\u00fcl\u00e9kbe, \u00edgy k\u00f6nnyed\u00e9n v\u00e1lthatsz an\u00e9lk\u00fcl, hogy egy m\u00e1sodik vape-t kellene magaddal vinned.<\/p>\n<p data-v-md-line=\"6\">Mindenki sz\u00e1m\u00e1ra alkalmas, aki egy egyszer\u0171, k\u00f6nnyen haszn\u00e1lhat\u00f3, finom \u00e9s tart\u00f3s vape \u00e9lm\u00e9nyt szeretne megtapasztalni. Nem kell agg\u00f3dni, nem kell gyakran felt\u00f6lteni. Csak sima \u00edzre \u00e9s egyszer\u0171 t\u00f6lt\u00e9sre van sz\u00fcks\u00e9ge, amikor sz\u00fcks\u00e9ges.<\/p>\n<h2 data-v-md-heading=\"excellent-performance-easy-and-convenient\" data-v-md-line=\"8\">Kiv\u00e1l\u00f3 teljes\u00edtm\u00e9ny, egyszer\u0171 \u00e9s k\u00e9nyelmes<\/h2>\n<p data-v-md-line=\"9\">A 0,6 \u03a9-os h\u00e1l\u00f3s tekercs biztos\u00edtja a sima f\u00fcst\u00e1raml\u00e1st \u00e9s az egyenletes \u00edzt, \u00edgy minden falat ugyanolyan finom lesz, mint az els\u0151. A h\u00e1rmas olajt\u00e1rol\u00f3 rendszer h\u00e1rom k\u00fcl\u00f6nb\u00f6z\u0151 \u00edz befogad\u00e1s\u00e1ra k\u00e9pes, \u00edgy minden \u00edz vil\u00e1gos \u00e9s egyedi marad, elker\u00fclve a zavart. Ha az akkumul\u00e1tor lemer\u00fcl, a t\u00f6lt\u00e9shez haszn\u00e1lhatja a megl\u00e9v\u0151 C t\u00edpus\u00fa adatk\u00e1belt. A 650mAh-s akkumul\u00e1tor \u00fajrat\u00f6lthet\u0151, \u00edgy a megv\u00e1s\u00e1rolt e-folyad\u00e9kot is haszn\u00e1lhatja.<\/p>\n<h2 data-v-md-heading=\"specification-introduction\" data-v-md-line=\"11\">Specifik\u00e1ci\u00f3 Bevezet\u00e9s<\/h2>\n<ul data-v-md-line=\"12\">\n<li>Sz\u00edv\u00e1s gyakoris\u00e1ga: ak\u00e1r 30000-szer<\/li>\n<li>Nikotin tartalom: 0%, 2%, 3% \u00e9s 5%<\/li>\n<li>M\u0171k\u00f6d\u00e9si elv: Egyetlen f\u00faj\u00e1ssal aktiv\u00e1lhat\u00f3<\/li>\n<li>Charging: Standard Type-C USB interface<\/li>\n<li>\u00c1llapot: Kicsomagol\u00e1s ut\u00e1n azonnal haszn\u00e1lhat\u00f3<\/li>\n<\/ul>\n<h2 data-v-md-heading=\"full-flavor-series\" data-v-md-line=\"18\">Teljes \u00edz\u0171 sorozat<\/h2>\n<ul data-v-md-line=\"19\">\n<li>\u00c1fonya \u00e9s m\u00e1lna \u00edz+dinnye j\u00e9g+eper limon\u00e1d\u00e9<\/li>\n<li>Eper g\u00f6r\u00f6gdinnye \u00edz+szenved\u00e9lygy\u00fcm\u00f6lcs dinnye j\u00e9g+\u00e1fonya m\u00e1lna \u00edz+\u00e1fonya m\u00e1lna \u00edz<\/li>\n<li>Cherry Ice+\u00c1fonyal\u00e9 Citromos v\u00edz+Passion Fruit Dinnye Ice<\/li>\n<li>Sz\u0151l\u0151 j\u00e9g+eper kiwi+barack \u00e9s anan\u00e1sz \u00edzes\u00edt\u00e9ssel<\/li>\n<li>Eper ban\u00e1n \u00edz+dupla alma \u00edz+dinnye j\u00e9g<\/li>\n<li>Vegyes bogy\u00f3s j\u00e9g+barack anan\u00e1sz+m\u00e1lna g\u00f6r\u00f6gdinnye \u00edzes\u00edt\u00e9ssel<\/li>\n<li>Eper j\u00e9g+dinnye kiwi j\u00e9g+cseresznye j\u00e9g<\/li>\n<li>Red Bull+Cseresznye Cola+Parack aroma<\/li>\n<li>Eper m\u00e1lna cukor+barack smoothie+kiwi maracuja guava<\/li>\n<li>Eper mang\u00f3+kiwi maracuja guava+dinnye turmix<\/li>\n<li>Tr\u00f3pusi gy\u00fcm\u00f6lcs bingzhi+eper sz\u0151l\u0151+\u00e1fonya citromos v\u00edz<\/li>\n<li>Eper g\u00f6r\u00f6gdinnye r\u00e1g\u00f3gumi+cseresznye bogy\u00f3+Red Bull turmix<\/li>\n<li>Mr. Blue+Killer Lady+Love 66<\/li>\n<li>G\u00f6r\u00f6gdinnye marhah\u00fas+anan\u00e1sz kiwi turmix+Eper turmix<\/li>\n<li>Eper s\u00e1rk\u00e1nygy\u00fcm\u00f6lcs smoothie+dinnye citrom+tr\u00f3pusi gy\u00fcm\u00f6lcs smoothie<\/li>\n<li>H\u00e1romszoros dinnye turmix+ \u00e1fonya m\u00e1lna \u0151szibarack+eper turmix<\/li>\n<li>Eper-\u00e1fonya turmix+ban\u00e1n turmix+mixelt bogy\u00f3s gy\u00fcm\u00f6lcs\u00f6k turmixa<\/li>\n<li>G\u00f6r\u00f6gdinnye Sziv\u00e1rv\u00e1ny Candy+Eper Cub Candy+\u00c1fonya M\u00e1lna Candy<\/li>\n<li>Cseresznye sz\u00f3da + citromos lime + \u00e1fonya turmix<\/li>\n<li>Epres Red Bull+Fekete S\u00e1rk\u00e1ny Fagylalt+Cseresznye Bogy\u00f3<\/li>\n<\/ul>\n<h2 data-v-md-heading=\"dedicated-to-you-and-your-company\" data-v-md-line=\"40\">\u00d6nnek \u00e9s v\u00e1llalat\u00e1nak szentelve<\/h2>\n<p data-v-md-line=\"41\">A Vapme Crystal 30000-t megv\u00e1s\u00e1rolhatja egy szem\u00e9ly sz\u00e1m\u00e1ra, vagy rakt\u00e1rk\u00e9szletet v\u00e1s\u00e1rolhat a boltja sz\u00e1m\u00e1ra. A nagykereskedelmi kartondoboz 160 darabot tartalmaz, \u00edgy k\u00e9nyelmesen tervezheti a k\u00e9szletet. Ad\u00f3k\u00f6teles DDP sz\u00e1ll\u00edt\u00e1si szolg\u00e1ltat\u00e1sokat ny\u00fajtunk megb\u00edzhat\u00f3 partnerekkel, mint p\u00e9ld\u00e1ul a UPS, a DPD \u00e9s a DHL, hogy biztos\u00edtsuk, hogy v\u00e9dve legyen a v\u00e1ratlan tarif\u00e1kt\u00f3l.<\/p>\n<p data-v-md-line=\"43\">Ha viszontelad\u00e1sra v\u00e1s\u00e1rol, k\u00e9rj\u00fck, a k\u00f6zz\u00e9t\u00e9tel el\u0151tt ellen\u0151rizze a helyi el\u0151\u00edr\u00e1sokat. A nagy kapacit\u00e1s\u00fa, eldobhat\u00f3 term\u00e9kekre speci\u00e1lis nemzeti\/region\u00e1lis el\u0151\u00edr\u00e1sok vonatkozhatnak.<\/p>\n<h2 data-v-md-heading=\"why-do-you-like-it\" data-v-md-line=\"45\">Mi\u00e9rt tetszik?<\/h2>\n<ul data-v-md-line=\"46\">\n<li>Hatalmas sz\u00edv\u00f3er\u0151: tart\u00f3s \u00e9s hossz\u00fa \u00e9lettartam\u00fa, nem kell folyamatosan \u00faj patronokat v\u00e1s\u00e1rolni<\/li>\n<li>Nikotin kiv\u00e1laszt\u00e1sa: v\u00e1lassza ki a doh\u00e1nyz\u00e1si m\u00f3dj\u00e1nak megfelel\u0151 koncentr\u00e1ci\u00f3t.<\/li>\n<li>\u00dajrat\u00f6lthet\u0151: Minden megv\u00e1s\u00e1rolt e-folyad\u00e9kot haszn\u00e1lhatsz<\/li>\n<li>H\u00e1l\u00f3s tekercs: konzisztens \u00e9s gazdag \u00edzt biztos\u00edt minden alkalommal<\/li>\n<li>H\u00e1romf\u00e9le \u00edz: B\u00e1rmikor v\u00e1lthatsz \u00edzeket an\u00e9lk\u00fcl, hogy egy m\u00e1sodik k\u00e9sz\u00fcl\u00e9ket kellene magaddal vinned.<\/li>\n<\/ul>\n<h2 data-v-md-heading=\"why-collaborate-with-agoravape\" data-v-md-line=\"52\">Mi\u00e9rt \u00e9rdemes az AgoraVape-pel egy\u00fcttm\u0171k\u00f6dni?<\/h2>\n<p data-v-md-line=\"53\">Kiz\u00e1r\u00f3lag 100% eredeti term\u00e9keket forgalmazunk, \u00e9s garant\u00e1ljuk a sz\u00e1ll\u00edtm\u00e1nyok min\u0151s\u00e9g\u00e9t. A kereskedelmi \u00fcgyfelek sz\u00e1m\u00e1ra kedvezm\u00e9nyes nagykereskedelmi \u00e1rakat, megb\u00edzhat\u00f3 t\u00e1mogat\u00e1st, valamint a Vapme Crystal 30000 h\u00e1rom az egyben h\u00e1romszoros \u00edzes\u00edt\u00e9s\u0171 Vapme Crystal 30000 gyors \u00e9s megb\u00edzhat\u00f3 sz\u00e1ll\u00edt\u00e1s\u00e1t \u00e9lvezheti. Vegye fel vel\u00fcnk a kapcsolatot, \u00e9s mi felt\u00f6ltj\u00fck a k\u00e9szleteket \u00fcgyfelei sz\u00e1m\u00e1ra, hogy biztos\u00edtsuk az \u00d6n el\u00e9gedetts\u00e9g\u00e9t.<\/p>","protected":false},"excerpt":{"rendered":"<p>What are the advantages of vaping the Vapme Crystal 30000 triple flavored vape? If you\u2019re tired of changing devices halfway<\/p>","protected":false},"featured_media":12487,"comment_status":"open","ping_status":"closed","template":"","meta":[],"product_brand":[204],"product_cat":[124,187,185,189,1637,176,177,195,1674,174,175,193,191,173,186,180,190,131],"product_tag":[],"class_list":{"0":"post-12415","1":"product","2":"type-product","3":"status-publish","4":"has-post-thumbnail","6":"product_brand-vapme","7":"product_cat-vape-by-brand","8":"product_cat-0mg-nicotine-free-vapes","9":"product_cat-10000-puffs-high-capacity","10":"product_cat-20mg-standard-nicotine-vapes","11":"product_cat-30000-puffs","12":"product_cat-beverage","13":"product_cat-dessert-sweets","14":"product_cat-dual-flavor-switch","15":"product_cat-eu-warehouse","16":"product_cat-fruit-flavors","17":"product_cat-icy-mint","18":"product_cat-mesh-coil","19":"product_cat-rechargeable-disposables","20":"product_cat-vape-by-flavor-profile","21":"product_cat-vape-by-nicotine-strength","22":"product_cat-vape-by-puff-count","23":"product_cat-vape-by-feature-or-type","24":"product_cat-vapme","26":"first","27":"instock","28":"shipping-taxable","29":"purchasable","30":"product-type-variable","31":"has-default-attributes"},"tiered_pricing_type":"percentage","tiered_pricing_fixed_rules":[],"tiered_pricing_product_settings":{"layout":"default","base_unit_name":{"singular":null,"plural":null},"default_variation":null},"tiered_pricing_minimum_quantity":10,"tiered_pricing_roles_data":[],"tiered_pricing_percentage_rules":{"50":"35","100":"40","200":"44","500":"47","1000":"49"},"tiered_pricing_maximum_quantity":null,"tiered_pricing_quantity_step":"10","_links":{"self":[{"href":"https:\/\/agoravape.com\/hu\/wp-json\/wp\/v2\/product\/12415","targetHints":{"allow":["GET"]}}],"collection":[{"href":"https:\/\/agoravape.com\/hu\/wp-json\/wp\/v2\/product"}],"about":[{"href":"https:\/\/agoravape.com\/hu\/wp-json\/wp\/v2\/types\/product"}],"replies":[{"embeddable":true,"href":"https:\/\/agoravape.com\/hu\/wp-json\/wp\/v2\/comments?post=12415"}],"version-history":[{"count":0,"href":"https:\/\/agoravape.com\/hu\/wp-json\/wp\/v2\/product\/12415\/revisions"}],"wp:featuredmedia":[{"embeddable":true,"href":"https:\/\/agoravape.com\/hu\/wp-json\/wp\/v2\/media\/12487"}],"wp:attachment":[{"href":"https:\/\/agoravape.com\/hu\/wp-json\/wp\/v2\/media?parent=12415"}],"wp:term":[{"taxonomy":"product_brand","embeddable":true,"href":"https:\/\/agoravape.com\/hu\/wp-json\/wp\/v2\/product_brand?post=12415"},{"taxonomy":"product_cat","embeddable":true,"href":"https:\/\/agoravape.com\/hu\/wp-json\/wp\/v2\/product_cat?post=12415"},{"taxonomy":"product_tag","embeddable":true,"href":"https:\/\/agoravape.com\/hu\/wp-json\/wp\/v2\/product_tag?post=12415"}],"curies":[{"name":"wp","href":"https:\/\/api.w.org\/{rel}","templated":true}]}}