{"id":12538,"date":"2025-10-10T09:29:18","date_gmt":"2025-10-10T01:29:18","guid":{"rendered":"https:\/\/green-grasshopper-921422.hostingersite.com\/?post_type=product&#038;p=12538"},"modified":"2026-03-26T13:22:25","modified_gmt":"2026-03-26T12:22:25","slug":"vapme-crystal-20000-puffs-kettos-izu-vape","status":"publish","type":"product","link":"https:\/\/agoravape.com\/hu\/product\/vapme-crystal-20000-puffs-dual-flavor-vape\/","title":{"rendered":"Vapme Crystal 20000 F\u00faj\u00e1s 2 az 1-ben Dual \u00cdzes Vape | K\u00e9t \u00cdz, Egy Hosszan Tart\u00f3s Eszk\u00f6z"},"content":{"rendered":"<h2 data-v-md-heading=\"what-are-the-advantages-of-vapme-crystal-20000-in-one-dual-flavor-vape\" data-v-md-line=\"3\">Milyen el\u0151nyei vannak a Vapme Crystal 20000-nek egyetlen, kett\u0151s \u00edzes\u00edt\u00e9s\u0171 vape-ben?<\/h2>\n<p data-v-md-line=\"4\">Ha eleged van a gyakori eszk\u00f6zcser\u00e9b\u0151l a kellemetlen \u00edz vagy az alacsony akkumul\u00e1tor-t\u00f6lt\u00f6tts\u00e9g miatt, ez a term\u00e9k friss leheletet biztos\u00edt. A Vapme Crystal 20000 ak\u00e1r 20000 slukkot \u00e9s k\u00e9t \u00edzt is k\u00e9pes biztos\u00edtani egyetlen k\u00e9sz\u00fcl\u00e9kben, \u00edgy \u00e9lvezheted a sz\u00f3rakoz\u00e1st an\u00e9lk\u00fcl, hogy tartal\u00e9k vape-et cipeln\u00e9l magaddal.<\/p>\n<p data-v-md-line=\"6\">Ha megb\u00edzhat\u00f3, finom, \u00fajrat\u00f6lthet\u0151 \u00e9s k\u00f6nnyen fogyaszthat\u00f3 eldobhat\u00f3 vape-t keresel, akkor ez a term\u00e9k az ide\u00e1lis v\u00e1laszt\u00e1s. Nincs sz\u00fcks\u00e9g unalmas m\u0171veletekre vagy men\u00fckre. Csak vedd a kezedbe, \u00e9s \u00e9lvezd az \u00e1lland\u00f3 \u00edzt az els\u0151 falatt\u00f3l az utols\u00f3ig.<\/p>\n<h2 data-v-md-heading=\"excellent-performance-easy-and-convenient\" data-v-md-line=\"8\">Kiv\u00e1l\u00f3 teljes\u00edtm\u00e9ny, egyszer\u0171 \u00e9s k\u00e9nyelmes<\/h2>\n<p data-v-md-line=\"9\">Az 1.0 \u03a9-os h\u00e1l\u00f3s tekercs nagy teljes\u00edtm\u00e9nyt ny\u00fajt. Egyenletesen melegszik, \u00e9s minden falat olyan finom, mint az els\u0151. Ha az akkumul\u00e1tor lemer\u00fclt, egyszer\u0171en csatlakoztassa a Type-C adatk\u00e1belt, amely megegyezhet a mobiltelefonokhoz haszn\u00e1lt k\u00e1bellel. Egyszer\u0171 \u00e9s k\u00e9nyelmes. Azt gondolhatja, hogy a nagym\u00e9ret\u0171 eszk\u00f6z\u00f6kkel neh\u00e9zkes lenne, de ez az eszk\u00f6z k\u00f6nnyen kezelhet\u0151.<\/p>\n<h2 data-v-md-heading=\"specification-introduction\" data-v-md-line=\"11\">Specifik\u00e1ci\u00f3 Bevezet\u00e9s<\/h2>\n<ul data-v-md-line=\"12\">\n<li>Sz\u00edv\u00e1s gyakoris\u00e1ga: ak\u00e1r 20000-szer<\/li>\n<li>Nikotintartalom: 2% (20 mg\/ml)<\/li>\n<li>M\u0171k\u00f6d\u00e9si elv: Bel\u00e9gz\u00e9ssel aktiv\u00e1l\u00f3dik<\/li>\n<li>T\u00f6lt\u00e9s: C t\u00edpus\u00fa USB csatlakoz\u00f3<\/li>\n<li>E-folyad\u00e9k kapacit\u00e1sa: 20 milliliter<\/li>\n<li>Porlaszt\u00f3 mag: 1,0 \u03a9 h\u00e1l\u00f3<\/li>\n<li>Akkumul\u00e1tor: 700 mAh-s \u00fajrat\u00f6lthet\u0151 akkumul\u00e1tor<\/li>\n<li>\u00c1llapot: Kicsomagol\u00e1s ut\u00e1n haszn\u00e1latra k\u00e9sz<\/li>\n<\/ul>\n<h2 data-v-md-heading=\"full-range-of-flavors\" data-v-md-line=\"21\">Full range of flavors<\/h2>\n<p data-v-md-line=\"22\">A k\u00f6vetkez\u0151k a meger\u0151s\u00edtett kett\u0151s \u00edzkombin\u00e1ci\u00f3k:<\/p>\n<ul data-v-md-line=\"23\">\n<li>\u00c1fonya, m\u00e1lna \u00e9s g\u00f6r\u00f6gdinnyefagylalt<\/li>\n<li>Eper, g\u00f6r\u00f6gdinnye+maracuja dinnyefagylalt<\/li>\n<li>Cseresznyefagylalt + \u00e1fony\u00e1s-citromos v\u00edz<\/li>\n<li>Sz\u0151l\u0151fagylalt + Eper-Kiwi<\/li>\n<li>Eper-ban\u00e1n + dupla alma<\/li>\n<li>Vegyes bogy\u00f3s j\u00e9g + \u0151szibarack-anan\u00e1sz<\/li>\n<li>Eperfagylalt + g\u00f6r\u00f6gdinnye kivifagylalt<\/li>\n<li>Energiaital+csereszny\u00e9s k\u00f3la<\/li>\n<li>Eper-m\u00e1lna cukor+barackfagylalt<\/li>\n<li>Eper-mang\u00f3+kivi+maracuja-guava<\/li>\n<\/ul>\n<p data-v-md-line=\"34\">\u00c9l\u00e9nk sz\u00edn\u0171 gy\u00fcm\u00f6lcs\u00f6s kokt\u00e9lok, h\u0171t\u00f6tt j\u00e9gkock\u00e1k \u00e9s nosztalgikus desszertboltok v\u00e1laszt\u00e9ka v\u00e1rja a vend\u00e9geket. Az \u00e1fony\u00e1s citromos v\u00edz \u00e9des-savany\u00fa \u00edzt k\u00f6lcs\u00f6n\u00f6z, m\u00edg a meggyes k\u00f3la a k\u00f3la \u00e9s a meggy kever\u00e9s\u00e9nek pezsg\u0151 \u00e9lm\u00e9ny\u00e9t ny\u00fajtja.<\/p>\n<h2 data-v-md-heading=\"for-you-and-for-your-business-as-well\" data-v-md-line=\"36\">Neked, \u00e9s a v\u00e1llalkoz\u00e1sodnak is<\/h2>\n<p data-v-md-line=\"37\">V\u00e1laszthatsz magadnak egy poharat, vagy v\u00e1s\u00e1rolhatsz polcra val\u00f3 term\u00e9keket. Vapme Crystal 20000 kett\u0151 az egyben \u00edzes\u00edt\u00e9s\u0171 vape-eket k\u00edn\u00e1lunk szem\u00e9lyes v\u00e1s\u00e1rl\u00e1sra \u00e9s nagykereskedelmi v\u00e1s\u00e1rl\u00e1sra. A nagykereskedelmi v\u00e1s\u00e1rl\u00f3k nagykereskedelmi rendel\u00e9seket is leadhatnak, dobozonk\u00e9nt 160 egys\u00e9ggel.<\/p>\n<p data-v-md-line=\"39\">DDP, ad\u00f3k\u00f6teles eur\u00f3pai sz\u00e1ll\u00edt\u00e1si szolg\u00e1ltat\u00e1sokat k\u00edn\u00e1lunk olyan megb\u00edzhat\u00f3 partnereken kereszt\u00fcl, mint a UPS, a DPD \u00e9s a DHL, \u00edgy k\u00f6nnyed\u00e9n \u00e9s k\u00e9nyelmesen elker\u00fclheti a baleseteket a v\u00e1mellen\u0151rz\u00e9sek sor\u00e1n.<\/p>\n<h2 data-v-md-heading=\"why-do-you-like-it\" data-v-md-line=\"41\">Mi\u00e9rt tetszik?<\/h2>\n<ul data-v-md-line=\"42\">\n<li>Hatalmas sz\u00edv\u00f3er\u0151: ak\u00e1r 20 000 szippant\u00e1s, ami kevesebb ism\u00e9telt rendel\u00e9st \u00e9s t\u00f6bb id\u0151t jelent az \u00e9lvezetre.<\/li>\n<li>Nikotinv\u00e1laszt\u00e9k: A 2%-os nikotin azok sz\u00e1m\u00e1ra alkalmas, akik az er\u0151sebb \u00e9s kiel\u00e9g\u00edt\u0151bb \u00e9lm\u00e9nyeket kedvelik.<\/li>\n<li>\u00dajrat\u00f6lthet\u0151: Haszn\u00e1ld fel az \u00f6sszes megv\u00e1s\u00e1rolt e-liquidet an\u00e9lk\u00fcl, hogy egy cseppet is pazaroln\u00e1l.<\/li>\n<li>H\u00e1l\u00f3s tekercs: Az els\u0151 falatt\u00f3l az utols\u00f3ig az \u00edze konzisztens \u00e9s selymesen sima marad.<\/li>\n<\/ul>\n<h2 data-v-md-heading=\"why-choose-to-collaborate-with-agoravape\" data-v-md-line=\"47\">Mi\u00e9rt \u00e9rdemes az AgoraVape-pel egy\u00fcttm\u0171k\u00f6dni?<\/h2>\n<p data-v-md-line=\"48\">Kiz\u00e1r\u00f3lag 100%-ban eredeti term\u00e9keket forgalmazunk, egy\u00e9rtelm\u0171 specifik\u00e1ci\u00f3kkal \u00e9s er\u0151s nyomon k\u00f6vethet\u0151s\u00e9ggel. B2B \u00fcgyfeleink kedvezm\u00e9nyes nagykereskedelmi \u00e1rakat, gyors reag\u00e1l\u00e1s\u00fa \u00fcgyf\u00e9lszolg\u00e1latot \u00e9s gyors h\u00e1zhozsz\u00e1ll\u00edt\u00e1si szolg\u00e1ltat\u00e1st (DDP) \u00e9lvezhetnek az Eur\u00f3pai Uni\u00f3n bel\u00fcl, ha Vapme Crystal 20000 kett\u0151 az egyben, kett\u0151s \u00edzes\u00edt\u00e9s\u0171 vape-eket (DDP) v\u00e1s\u00e1rolnak. Szeretne egy megb\u00edzhat\u00f3 eszk\u00f6zt, amely visszacs\u00e1b\u00edtja \u00fcgyfeleit? \u00c9rdekl\u0151dj\u00f6n bizalommal.<\/p>","protected":false},"excerpt":{"rendered":"<p>&nbsp;<\/p>\n<p><script src=\"chrome-extension:\/\/fpelahbljekknahkcaegamhcndkfpfnc\/iFrame.js\" type=\"text\/javascript\"><\/script><\/p>","protected":false},"featured_media":12571,"comment_status":"open","ping_status":"closed","template":"","meta":[],"product_brand":[204],"product_cat":[124,185,1636,189,176,177,195,1674,174,175,193,191,173,186,180,190,131],"product_tag":[],"class_list":{"0":"post-12538","1":"product","2":"type-product","3":"status-publish","4":"has-post-thumbnail","6":"product_brand-vapme","7":"product_cat-vape-by-brand","8":"product_cat-10000-puffs-high-capacity","9":"product_cat-20000-puffs","10":"product_cat-20mg-standard-nicotine-vapes","11":"product_cat-beverage","12":"product_cat-dessert-sweets","13":"product_cat-dual-flavor-switch","14":"product_cat-eu-warehouse","15":"product_cat-fruit-flavors","16":"product_cat-icy-mint","17":"product_cat-mesh-coil","18":"product_cat-rechargeable-disposables","19":"product_cat-vape-by-flavor-profile","20":"product_cat-vape-by-nicotine-strength","21":"product_cat-vape-by-puff-count","22":"product_cat-vape-by-feature-or-type","23":"product_cat-vapme","25":"first","26":"instock","27":"shipping-taxable","28":"purchasable","29":"product-type-variable","30":"has-default-attributes"},"tiered_pricing_type":"percentage","tiered_pricing_fixed_rules":[],"tiered_pricing_product_settings":{"layout":"default","base_unit_name":{"singular":null,"plural":null},"default_variation":null},"tiered_pricing_minimum_quantity":10,"tiered_pricing_roles_data":[],"tiered_pricing_percentage_rules":{"50":"35","100":"40","200":"44","500":"47","1000":"49"},"tiered_pricing_maximum_quantity":null,"tiered_pricing_quantity_step":"10","_links":{"self":[{"href":"https:\/\/agoravape.com\/hu\/wp-json\/wp\/v2\/product\/12538","targetHints":{"allow":["GET"]}}],"collection":[{"href":"https:\/\/agoravape.com\/hu\/wp-json\/wp\/v2\/product"}],"about":[{"href":"https:\/\/agoravape.com\/hu\/wp-json\/wp\/v2\/types\/product"}],"replies":[{"embeddable":true,"href":"https:\/\/agoravape.com\/hu\/wp-json\/wp\/v2\/comments?post=12538"}],"version-history":[{"count":0,"href":"https:\/\/agoravape.com\/hu\/wp-json\/wp\/v2\/product\/12538\/revisions"}],"wp:featuredmedia":[{"embeddable":true,"href":"https:\/\/agoravape.com\/hu\/wp-json\/wp\/v2\/media\/12571"}],"wp:attachment":[{"href":"https:\/\/agoravape.com\/hu\/wp-json\/wp\/v2\/media?parent=12538"}],"wp:term":[{"taxonomy":"product_brand","embeddable":true,"href":"https:\/\/agoravape.com\/hu\/wp-json\/wp\/v2\/product_brand?post=12538"},{"taxonomy":"product_cat","embeddable":true,"href":"https:\/\/agoravape.com\/hu\/wp-json\/wp\/v2\/product_cat?post=12538"},{"taxonomy":"product_tag","embeddable":true,"href":"https:\/\/agoravape.com\/hu\/wp-json\/wp\/v2\/product_tag?post=12538"}],"curies":[{"name":"wp","href":"https:\/\/api.w.org\/{rel}","templated":true}]}}