{"id":12594,"date":"2025-10-10T10:01:20","date_gmt":"2025-10-10T02:01:20","guid":{"rendered":"https:\/\/green-grasshopper-921422.hostingersite.com\/?post_type=product&#038;p=12594"},"modified":"2026-01-15T19:41:29","modified_gmt":"2026-01-15T11:41:29","slug":"vapme-shisha-vizipipa-15000-puff-dtl-vape","status":"publish","type":"product","link":"https:\/\/agoravape.com\/hu\/product\/vapme-shisha-hookah-15000-puffs-dtl-vape\/","title":{"rendered":"Vapme Shisha Hookah 15000 F\u00faj\u00e1s DTL Vape | Nagy Kapacit\u00e1s\u00fa DTL Vaping Egyszer\u0171en"},"content":{"rendered":"<h2 data-v-md-heading=\"what-are-the-advantages-of-vapme-shisha-hookah-15000-dtl-vapes\" data-v-md-line=\"3\"><img loading=\"lazy\" decoding=\"async\" class=\"aligncenter size-full wp-image-12616\" src=\"https:\/\/agoravape.com\/wp-content\/uploads\/2025\/10\/Vapme-Shisha-Hookah-15000-Puffs-DTL-Vape_Agora_vape-1-scaled.webp\" alt=\"\" width=\"2560\" height=\"1707\" srcset=\"https:\/\/agoravape.com\/wp-content\/uploads\/2025\/10\/Vapme-Shisha-Hookah-15000-Puffs-DTL-Vape_Agora_vape-1-scaled.webp 2560w, https:\/\/agoravape.com\/wp-content\/uploads\/2025\/10\/Vapme-Shisha-Hookah-15000-Puffs-DTL-Vape_Agora_vape-1-scaled-1200x800.webp 1200w\" sizes=\"auto, (max-width: 2560px) 100vw, 2560px\" \/><\/h2>\n<h2 data-v-md-heading=\"what-are-the-advantages-of-vapme-shisha-hookah-15000-dtl-vapes\" data-v-md-line=\"3\">Milyen el\u0151nyei vannak a Vapme Shisha Hookah 15000 DTL Vapes el\u0151nyeinek?<\/h2>\n<p data-v-md-line=\"4\">Ha belef\u00e1radt\u00e1l abba, hogy n\u00e9h\u00e1ny naponta eldobhat\u00f3 e-folyad\u00e9kot kell cser\u00e9lned, ez a term\u00e9k megk\u00f6nny\u00edti az \u00e9leted. A Vapme Shisha Hookah 15000 egy nagy kapacit\u00e1s\u00fa DTL eldobhat\u00f3 e-folyad\u00e9k, amelyet hossz\u00fa t\u00e1v\u00fa haszn\u00e1latra terveztek, stabil \u00edzzel \u00e9s nulla gonddal.<\/p>\n<p data-v-md-line=\"6\">Alkalmas mindenkinek, aki v\u00edzipipa st\u00edlus\u00fa f\u00fcst\u00f6t szeretne megtapasztalni, k\u00f6nnyen bel\u00e9legezni, \u00e9s az els\u0151 harap\u00e1st\u00f3l az utols\u00f3 harap\u00e1sig stabil \u00edzt szeretne. Azt gondolhatod, hogy ez a kapacit\u00e1s\u00fa p\u00e1ra egy h\u00e9t haszn\u00e1lat ut\u00e1n enyh\u00e9bb \u00edz\u0171 lesz, de a h\u00e1l\u00f3s tekercs k\u00e9pes meg\u0151rizni a tiszta \u00e9s er\u0151s \u00edz\u00e9t.<\/p>\n<h2 data-v-md-heading=\"excellent-performance-worry-free\" data-v-md-line=\"8\">Kiv\u00e1l\u00f3 teljes\u00edtm\u00e9ny, gondtalan<\/h2>\n<p data-v-md-line=\"9\">A Vapme 0,6 \u03a9-os h\u00e1l\u00f3s tekerccsel \u00e9s 25 ml el\u0151re telep\u00edtett e-folyad\u00e9kkal van felszerelve, \u00edgy minden slukkot sim\u00e1nak \u00e9s teljesnek \u00e9rezhetsz. A 850 mAh-s akkumul\u00e1tor C-t\u00edpuson kereszt\u00fcl t\u00f6lthet\u0151, \u00edgy val\u00f3ban kihaszn\u00e1lhatja a megv\u00e1s\u00e1rolt teljes\u00edtm\u00e9nyt an\u00e9lk\u00fcl, hogy egy f\u00e9l doboz akkumul\u00e1tort elpazarolna. Ha az akkumul\u00e1tor lemer\u00fclt, a telefonj\u00e1val megegyez\u0151 adatk\u00e1bellel t\u00f6ltheti fel. Egyszer\u0171.<\/p>\n<h2 data-v-md-heading=\"specification-introduction\" data-v-md-line=\"11\">Specifik\u00e1ci\u00f3 Bevezet\u00e9s<\/h2>\n<ul data-v-md-line=\"12\">\n<li>Sz\u00edv\u00e1s gyakoris\u00e1ga: ak\u00e1r 15000-szer<\/li>\n<li>Nikotin tartalom: 0% \u00e9s 2%<\/li>\n<li>Doh\u00e1nyz\u00e1si m\u00f3dszer: t\u00fcd\u0151aspir\u00e1ci\u00f3 (DTL)<\/li>\n<li>Atomizing core: 0.6 \u03a9 mesh<\/li>\n<li>E-folyad\u00e9k kapacit\u00e1sa: 25 milliliter<\/li>\n<li>Akkumul\u00e1tor: 850 mAh-s \u00fajrat\u00f6lthet\u0151 akkumul\u00e1tor<\/li>\n<li>Charging: Standard Type-C USB interface<\/li>\n<li>\u00c1llapot: Kicsomagol\u00e1s ut\u00e1n haszn\u00e1latra k\u00e9sz<\/li>\n<\/ul>\n<h2 data-v-md-heading=\"full-range-of-flavors\" data-v-md-line=\"21\">Full range of flavors<\/h2>\n<ul data-v-md-line=\"22\">\n<li>Jeges \u00e1fonya<\/li>\n<li>Kiwi, maracuja, guava<\/li>\n<li>\u00c1fony\u00e1s-citromos v\u00edz<\/li>\n<li>Eper kivi<\/li>\n<li>Vegyes bogy\u00f3s gy\u00fcm\u00f6lcs\u00f6k<\/li>\n<li>Eper g\u00f6r\u00f6gdinnye<\/li>\n<li>Sz\u0151l\u0151fagylalt<\/li>\n<li>G\u00f6r\u00f6gdinnye j\u00e9g<\/li>\n<li>\u0150szibarack-mangan anan\u00e1sz<\/li>\n<li>Eperfagylalt<\/li>\n<li>\u0150szibarack j\u00e9g<\/li>\n<li>Mang\u00f3 \u00e9s ban\u00e1n<\/li>\n<li>Cseresznyebogy\u00f3<\/li>\n<li>\u00c1fonya \u00e9s m\u00e1lna<\/li>\n<li>Szerelem 66<\/li>\n<li>G\u00f6r\u00f6gdinnye teh\u00e9n<\/li>\n<li>Eper sz\u0151l\u0151<\/li>\n<li>Epres-m\u00e1ln\u00e1s cukorka<\/li>\n<li>M\u00e1mba k\u00edgy\u00f3<\/li>\n<li>G\u00f6r\u00f6gdinnye cseresznye<\/li>\n<li>Fagyasztott alma<\/li>\n<li>Lemon mint<\/li>\n<li>Fekete ribizli j\u00e9g<\/li>\n<li>Anan\u00e1sz turmix<\/li>\n<\/ul>\n<h2 data-v-md-heading=\"for-you-and-for-your-business-as-well\" data-v-md-line=\"47\">Neked, \u00e9s a v\u00e1llalkoz\u00e1sodnak is<\/h2>\n<p data-v-md-line=\"48\">Ha egy tart\u00f3s, eldobhat\u00f3 DTL v\u00edzipip\u00e1t szeretne egy ismer\u0151s v\u00edzipipa \u00edzzel, akkor megv\u00e1s\u00e1rolhatja a Vapme Shisha Hookah 15000-et szem\u00e9lyes haszn\u00e1latra. Ha \u00d6n kiskeresked\u0151 vagy v\u00e1s\u00e1rl\u00f3, akkor nagykereskedelmi dobozokat v\u00e1s\u00e1rolhat, amelyekben dobozonk\u00e9nt 200 darab van.<\/p>\n<p data-v-md-line=\"50\">Megb\u00edzhat\u00f3 partnereket, p\u00e9ld\u00e1ul a UPS-t, a DPD-t \u00e9s a DHL-t haszn\u00e1ljuk a DDP-n kereszt\u00fcl Eur\u00f3p\u00e1ba t\u00f6rt\u00e9n\u0151 sz\u00e1ll\u00edt\u00e1shoz, \u00edgy a v\u00e1mkezel\u00e9s el\u0151re megt\u00f6rt\u00e9nhet, hogy elker\u00fclj\u00fck a v\u00e1ratlan helyzeteket a v\u00e1mon. Ha meg kell hat\u00e1roznia egy \u00fatvonalat, vagy t\u00e9telesen kell sz\u00e1ll\u00edtani k\u00fcl\u00f6nb\u00f6z\u0151 \u00fczletek sz\u00e1m\u00e1ra, azt is el tudjuk int\u00e9zni \u00d6nnek.<\/p>\n<p data-v-md-line=\"52\">Megfelel\u0151s\u00e9gi nyilatkozat: A k\u00e9sz\u00fcl\u00e9k kapacit\u00e1sa 25 milliliter, ami meghaladja az el\u0151re csomagolt vapes 2 milliliteres TPD-hat\u00e1r\u00e9rt\u00e9k\u00e9t. A legt\u00f6bb uni\u00f3s orsz\u00e1gban\/r\u00e9gi\u00f3ban \u00e1ltal\u00e1ban nem felel meg a TPD kiskereskedelmi el\u0151\u00edr\u00e1soknak. Az import\u00e1l\u00e1s vagy \u00e9rt\u00e9kes\u00edt\u00e9s el\u0151tt k\u00e9rj\u00fck, ellen\u0151rizze a helyi el\u0151\u00edr\u00e1sokat.<\/p>\n<h2 data-v-md-heading=\"why-do-you-like-it\" data-v-md-line=\"54\">Mi\u00e9rt tetszik?<\/h2>\n<ul data-v-md-line=\"55\">\n<li>Rendk\u00edv\u00fcl nagy kapacit\u00e1s: ak\u00e1r 15000 port, ami kevesebb ism\u00e9telt v\u00e1s\u00e1rl\u00e1st \u00e9s gondot jelent.<\/li>\n<li>Nikotintartalom kiv\u00e1laszt\u00e1sa: V\u00e1lasszon 0% vagy 2% az \u00d6n preferenci\u00e1ja szerint.<\/li>\n<li>\u00dajrat\u00f6lthet\u0151: C-t\u00edpus\u00fa t\u00f6lt\u00e9s, amely seg\u00edt k\u00f6nnyen befejezni az e-folyad\u00e9kot<\/li>\n<li>H\u00e1l\u00f3s tekercs: DTL sz\u00edv\u00e1si \u00e9lm\u00e9ny, egyenletes \u00edz<\/li>\n<\/ul>\n<h2 data-v-md-heading=\"why-choose-to-collaborate-with-agoravape\" data-v-md-line=\"60\">Mi\u00e9rt \u00e9rdemes az AgoraVape-pel egy\u00fcttm\u0171k\u00f6dni?<\/h2>\n<p data-v-md-line=\"61\">Csak ellen\u0151rz\u00f6tt csatorn\u00e1kr\u00f3l sz\u00e1rmaz\u00f3 100% eredeti term\u00e9keket sz\u00e1ll\u00edtunk, hogy minden alkalommal val\u00f3di term\u00e9keket v\u00e1s\u00e1rolhasson. B2B \u00fcgyfeleink \u00e9lvezhetik a rendk\u00edv\u00fcl versenyk\u00e9pes nagykereskedelmi \u00e1rakat, a megb\u00edzhat\u00f3 DDP sz\u00e1ll\u00edt\u00e1si szolg\u00e1ltat\u00e1sokat Eur\u00f3p\u00e1n bel\u00fcl, valamint a gyors t\u00e1mogat\u00e1st olyan szakemberekt\u0151l, akik val\u00f3ban \u00e9rtik a term\u00e9ket. Ha szeretn\u00e9 felvenni a Vapme Shisha Hookah 15000 DTL vape term\u00e9keket a term\u00e9kcsal\u00e1dj\u00e1ba, k\u00e9rj\u00fck, azonnal l\u00e9pjen kapcsolatba vel\u00fcnk, \u00e9s seg\u00edt\u00fcnk kiv\u00e1lasztani a legkelend\u0151bb \u00edzkombin\u00e1ci\u00f3t.<\/p>\n<p data-v-md-line=\"63\">A term\u00e9knek van korhat\u00e1ra. Csak 18 \u00e9ves vagy ann\u00e1l id\u0151sebb szem\u00e9lyek sz\u00e1m\u00e1ra.<\/p>","protected":false},"excerpt":{"rendered":"<p>What are the advantages of Vapme Shisha Hookah 15000 DTL Vapes? If you\u2019re tired of changing disposable e-liquid every few<\/p>","protected":false},"featured_media":12627,"comment_status":"open","ping_status":"closed","template":"","meta":[],"product_brand":[204],"product_cat":[124,187,185,1635,189,176,177,174,175,193,191,179,173,186,180,190,131],"product_tag":[],"class_list":{"0":"post-12594","1":"product","2":"type-product","3":"status-publish","4":"has-post-thumbnail","6":"product_brand-vapme","7":"product_cat-vape-by-brand","8":"product_cat-0mg-nicotine-free-vapes","9":"product_cat-10000-puffs-high-capacity","10":"product_cat-15000-puffs","11":"product_cat-20mg-standard-nicotine-vapes","12":"product_cat-beverage","13":"product_cat-dessert-sweets","14":"product_cat-fruit-flavors","15":"product_cat-icy-mint","16":"product_cat-mesh-coil","17":"product_cat-rechargeable-disposables","18":"product_cat-unique-blends","19":"product_cat-vape-by-flavor-profile","20":"product_cat-vape-by-nicotine-strength","21":"product_cat-vape-by-puff-count","22":"product_cat-vape-by-feature-or-type","23":"product_cat-vapme","25":"first","26":"instock","27":"shipping-taxable","28":"purchasable","29":"product-type-variable","30":"has-default-attributes"},"tiered_pricing_type":"percentage","tiered_pricing_fixed_rules":[],"tiered_pricing_product_settings":{"layout":"default","base_unit_name":{"singular":null,"plural":null},"default_variation":null},"tiered_pricing_minimum_quantity":10,"tiered_pricing_roles_data":[],"tiered_pricing_percentage_rules":{"50":"35","100":"40","200":"44","500":"47","1000":"49"},"tiered_pricing_maximum_quantity":null,"tiered_pricing_quantity_step":"10","_links":{"self":[{"href":"https:\/\/agoravape.com\/hu\/wp-json\/wp\/v2\/product\/12594","targetHints":{"allow":["GET"]}}],"collection":[{"href":"https:\/\/agoravape.com\/hu\/wp-json\/wp\/v2\/product"}],"about":[{"href":"https:\/\/agoravape.com\/hu\/wp-json\/wp\/v2\/types\/product"}],"replies":[{"embeddable":true,"href":"https:\/\/agoravape.com\/hu\/wp-json\/wp\/v2\/comments?post=12594"}],"version-history":[{"count":0,"href":"https:\/\/agoravape.com\/hu\/wp-json\/wp\/v2\/product\/12594\/revisions"}],"wp:featuredmedia":[{"embeddable":true,"href":"https:\/\/agoravape.com\/hu\/wp-json\/wp\/v2\/media\/12627"}],"wp:attachment":[{"href":"https:\/\/agoravape.com\/hu\/wp-json\/wp\/v2\/media?parent=12594"}],"wp:term":[{"taxonomy":"product_brand","embeddable":true,"href":"https:\/\/agoravape.com\/hu\/wp-json\/wp\/v2\/product_brand?post=12594"},{"taxonomy":"product_cat","embeddable":true,"href":"https:\/\/agoravape.com\/hu\/wp-json\/wp\/v2\/product_cat?post=12594"},{"taxonomy":"product_tag","embeddable":true,"href":"https:\/\/agoravape.com\/hu\/wp-json\/wp\/v2\/product_tag?post=12594"}],"curies":[{"name":"wp","href":"https:\/\/api.w.org\/{rel}","templated":true}]}}