{"id":12654,"date":"2025-10-10T10:30:53","date_gmt":"2025-10-10T02:30:53","guid":{"rendered":"https:\/\/green-grasshopper-921422.hostingersite.com\/?post_type=product&#038;p=12654"},"modified":"2026-03-26T13:22:25","modified_gmt":"2026-03-26T12:22:25","slug":"vapme-digitalis-12000-puff-kijelzo-vape","status":"publish","type":"product","link":"https:\/\/agoravape.com\/hu\/product\/vapme-digital-12000-puffs-display-vape\/","title":{"rendered":"Vapme Digital 12000 F\u00faj\u00e1sos Digit\u00e1lis Kijelz\u0151s Vape | Hosszantart\u00f3 \u00cdz, Egyszer\u0171en Elk\u00e9sz\u00edtve"},"content":{"rendered":"<h2 data-v-md-heading=\"what-are-the-highlights-of-vapme-digital-12000-digital-vapes\" data-v-md-line=\"3\">Melyek a Vapme Digital 12000 digit\u00e1lis vape-ek f\u0151bb jellemz\u0151i?<\/h2>\n<p data-v-md-line=\"4\">Ha eleged van az eldobhat\u00f3 vape-ekb\u0151l, amiket a h\u00e9t k\u00f6zep\u00e9n selejteznek, akkor ez a term\u00e9k mindenk\u00e9ppen meg\u00e9r egy pillant\u00e1st. A Vapme Digital 12000 nagy, 20 ml-es e-folyad\u00e9kkal rendelkezik, 850 mAh-s \u00fajrat\u00f6lthet\u0151 akkumul\u00e1torral \u00e9s egy \u00e1ttekinthet\u0151 digit\u00e1lis kijelz\u0151vel, amely egyszerre k\u00e9pes megjelen\u00edteni az akkumul\u00e1tor \u00e9s az e-folyad\u00e9k szintj\u00e9t. Nem kell tal\u00e1lgatni, egyszer\u0171 \u00e9s k\u00e9nyelmes.<\/p>\n<p data-v-md-line=\"6\">Ha megb\u00edzhat\u00f3, finom \u00e9s hat\u00e9kony vape-re v\u00e1gysz, akkor ez a term\u00e9k az ide\u00e1lis v\u00e1laszt\u00e1s. Az olajfelv\u00e9teli szok\u00e1saidt\u00f3l \u00e9s a napi haszn\u00e1latt\u00f3l f\u00fcgg\u0151en ak\u00e1r 12000 slukk is elegend\u0151. Azt gondolhatod, hogy egy ekkora kapacit\u00e1s\u00fa vape-er t\u00fal nagy, de ez a term\u00e9k meglep\u0151en megfizethet\u0151.<\/p>\n<h2 data-v-md-heading=\"excellent-performance-easy-and-convenient\" data-v-md-line=\"8\">Kiv\u00e1l\u00f3 teljes\u00edtm\u00e9ny, egyszer\u0171 \u00e9s k\u00e9nyelmes<\/h2>\n<p data-v-md-line=\"9\">A Vapme Digital 12000 magja egy 1,0 \u03a9-os h\u00e1l\u00f3s porlaszt\u00f3magot haszn\u00e1l, amely biztos\u00edtja, hogy minden falat olyan finom legyen, mint az els\u0151 slukk. Sima sz\u00edv\u00f3er\u0151 \u00e9s egyenletes \u00edz a porlaszt\u00f3ban. Ha az akkumul\u00e1tor lemer\u00fclt, a Type-C csatlakoz\u00f3n kereszt\u00fcl t\u00f6lthet\u0151, \u00e9s a t\u00f6lt\u0151k\u00e1bel megegyezhet a telefon t\u00f6lt\u0151k\u00e1bel\u00e9vel. Egyszer\u0171 \u00e9s k\u00e9nyelmes.<\/p>\n<h2 data-v-md-heading=\"specification-introduction\" data-v-md-line=\"11\">Specifik\u00e1ci\u00f3 Bevezet\u00e9s<\/h2>\n<ul data-v-md-line=\"12\">\n<li>Sz\u00edv\u00e1s gyakoris\u00e1ga: ak\u00e1r 12000-szer<\/li>\n<li>Nikotintartalom: 0%, 2%, 3% vagy 5%<\/li>\n<li>M\u0171k\u00f6d\u00e9si elv: Egyetlen f\u00faj\u00e1ssal aktiv\u00e1lhat\u00f3<\/li>\n<li>Charging: Standard Type-C USB interface<\/li>\n<li>\u00c1llapot: Kicsomagol\u00e1s ut\u00e1n azonnal haszn\u00e1lhat\u00f3<\/li>\n<\/ul>\n<h2 data-v-md-heading=\"full-range-of-flavors\" data-v-md-line=\"18\">Full range of flavors<\/h2>\n<ul data-v-md-line=\"19\">\n<li>\u00c1fony\u00e1s-citromos v\u00edz<\/li>\n<li>Eper g\u00f6r\u00f6gdinnye<\/li>\n<li>G\u00f6r\u00f6gdinnye j\u00e9g<\/li>\n<li>\u0150szibarack j\u00e9g<\/li>\n<li>Vegyes bogy\u00f3s gy\u00fcm\u00f6lcs\u00f6k<\/li>\n<li>Mang\u00f3, \u0150szibarack, Anan\u00e1sz<\/li>\n<li>Eperfagylalt<\/li>\n<li>Cseresznye k\u00f3la<\/li>\n<li>Sz\u0151l\u0151fagylalt<\/li>\n<li>\u00c1fonya \u00e9s m\u00e1lna<\/li>\n<li>Cseresznyefagylalt<\/li>\n<li>Epres-kivis fagylalt<\/li>\n<li>Kiwi, maracuja, guava<\/li>\n<li>Tr\u00f3pusi gy\u00fcm\u00f6lcs Binji<\/li>\n<li>Epres-ban\u00e1nos j\u00e9g<\/li>\n<li>Alm\u00e1s bogy\u00f3s j\u00e9g<\/li>\n<li>Epres s\u00e1rk\u00e1nygy\u00fcm\u00f6lcsfagylalt<\/li>\n<li>\u0150szibarack \u00e9s \u00e1fonyafagylalt<\/li>\n<li>\u0150szibarack \u00e9s mang\u00f3 j\u00e9g<\/li>\n<li>Mentolos j\u00e9g<\/li>\n<\/ul>\n<h2 data-v-md-heading=\"for-you-and-your-business\" data-v-md-line=\"40\">\u00d6nnek \u00e9s v\u00e1llalkoz\u00e1s\u00e1nak<\/h2>\n<p data-v-md-line=\"41\">A Vapme Digital 12000 csomagot szem\u00e9lyes haszn\u00e1latra vagy \u00fczletbe val\u00f3 felt\u00f6lt\u00e9sre is megv\u00e1s\u00e1rolhatod. Nagykereskedelmi kartondobozok, dobozonk\u00e9nt 200 darabosak, \u00edgy k\u00f6nnyed\u00e9n tervezheted a k\u00e9szletet \u00e9s felt\u00f6ltheted a polcokat.<\/p>\n<p data-v-md-line=\"43\">Megb\u00edzhat\u00f3 partnereken, p\u00e9ld\u00e1ul UPS-en, DPD-n \u00e9s DHL-en kereszt\u00fcl sz\u00e1ll\u00edtunk DDP-vel Eur\u00f3pa-szerte, \u00edgy rendel\u00e9se gyorsan k\u00e9zbes\u00edthet\u0151, \u00e9s a v\u00e1mkezel\u00e9s nem okozhat baleseteket. A nagy kapacit\u00e1s\u00fa eldobhat\u00f3 vape-ekre vonatkoz\u00f3 el\u0151\u00edr\u00e1sok orsz\u00e1gonk\u00e9nt\/r\u00e9gi\u00f3nk\u00e9nt elt\u00e9r\u0151ek, ez\u00e9rt k\u00e9rj\u00fck, ellen\u0151rizze a helyi el\u0151\u00edr\u00e1sokat, vagy vegye fel vel\u00fcnk a kapcsolatot \u00fatmutat\u00e1s\u00e9rt a rendel\u00e9s lead\u00e1sa el\u0151tt.<\/p>\n<h2 data-v-md-heading=\"why-do-you-like-it\" data-v-md-line=\"45\">Mi\u00e9rt tetszik?<\/h2>\n<ul data-v-md-line=\"46\">\n<li>Hatalmas sz\u00edv\u00f3er\u0151: hosszabb haszn\u00e1lati id\u0151, \u00edgy nem kell gyakran \u00fajakat v\u00e1s\u00e1rolni.<\/li>\n<li>Nikotin kiv\u00e1laszt\u00e1sa: V\u00e1lassza ki a napi haszn\u00e1lat\u00e1nak megfelel\u0151 koncentr\u00e1ci\u00f3t.<\/li>\n<li>\u00dajrat\u00f6lthet\u0151: Minden megv\u00e1s\u00e1rolt e-folyad\u00e9kot felhaszn\u00e1lhatsz.<\/li>\n<li>H\u00e1l\u00f3s tekercs: Minden alkalommal egyenletes \u00edzt \u00e9s sima sz\u00edv\u00e1si \u00e9lm\u00e9nyt biztos\u00edt.<\/li>\n<li>Digit\u00e1lis kijelz\u0151: \u00c1ttekinthet\u0151 k\u00e9pet ad az akkumul\u00e1torr\u00f3l \u00e9s az e-folyad\u00e9kr\u00f3l, \u00edgy mindig t\u00e1j\u00e9koz\u00f3dhatsz az aktu\u00e1lis \u00e1llapotr\u00f3l.<\/li>\n<\/ul>\n<h2 data-v-md-heading=\"why-choose-agoravape\" data-v-md-line=\"52\">Mi\u00e9rt v\u00e1lassza az AgoraVape-et?<\/h2>\n<p data-v-md-line=\"53\">Kiz\u00e1r\u00f3lag 100%-ban eredeti term\u00e9keket forgalmazunk, \u00e9s garant\u00e1ljuk a sz\u00e1ll\u00edtott term\u00e9kek min\u0151s\u00e9g\u00e9t. V\u00e1llalati \u00fcgyfeleink rendk\u00edv\u00fcl versenyk\u00e9pes nagykereskedelmi \u00e1rakat, gyors \u00fcgyf\u00e9lszolg\u00e1latot, valamint gyors, nyomon k\u00f6vethet\u0151 \u00e9s bizalmas sz\u00e1ll\u00edt\u00e1si szolg\u00e1ltat\u00e1sokat \u00e9lvezhetnek. Biztons\u00e1gos fizet\u00e9si m\u00f3dokat k\u00edn\u00e1lunk, \u00e9s ha b\u00e1rmilyen probl\u00e9ma mer\u00fclne fel, k\u00e9nyelmes visszak\u00fcld\u00e9si szab\u00e1lyzatunk megk\u00f6nny\u00edti a kezel\u00e9st.<\/p>\n<p data-v-md-line=\"55\">K\u00e9szen \u00e1llsz arra, hogy online v\u00e1s\u00e1rolj Vapme Digital 12000-et Eur\u00f3p\u00e1ban, vagy t\u00e1rold az \u00fczletedben? K\u00e9rj\u00fck, vedd fel vel\u00fcnk a kapcsolatot, \u00e9s seg\u00edt\u00fcnk kiv\u00e1lasztani a megfelel\u0151 \u00edzt \u00e9s nikotinkoncentr\u00e1ci\u00f3t az \u00fcgyfeleid sz\u00e1m\u00e1ra.<\/p>","protected":false},"excerpt":{"rendered":"<p>What are the highlights of Vapme Digital 12000 digital vapes? If you are tired of disposable vapes that are scrapped<\/p>","protected":false},"featured_media":12680,"comment_status":"open","ping_status":"closed","template":"","meta":[],"product_brand":[204],"product_cat":[124,187,185,1634,189,176,174,175,193,191,173,186,180,190,192,131],"product_tag":[],"class_list":{"0":"post-12654","1":"product","2":"type-product","3":"status-publish","4":"has-post-thumbnail","6":"product_brand-vapme","7":"product_cat-vape-by-brand","8":"product_cat-0mg-nicotine-free-vapes","9":"product_cat-10000-puffs-high-capacity","10":"product_cat-12000-puffs","11":"product_cat-20mg-standard-nicotine-vapes","12":"product_cat-beverage","13":"product_cat-fruit-flavors","14":"product_cat-icy-mint","15":"product_cat-mesh-coil","16":"product_cat-rechargeable-disposables","17":"product_cat-vape-by-flavor-profile","18":"product_cat-vape-by-nicotine-strength","19":"product_cat-vape-by-puff-count","20":"product_cat-vape-by-feature-or-type","21":"product_cat-vapes-with-screens","22":"product_cat-vapme","24":"first","25":"onbackorder","26":"shipping-taxable","27":"purchasable","28":"product-type-variable","29":"has-default-attributes"},"tiered_pricing_type":"percentage","tiered_pricing_fixed_rules":[],"tiered_pricing_product_settings":{"layout":"default","base_unit_name":{"singular":null,"plural":null},"default_variation":null},"tiered_pricing_minimum_quantity":10,"tiered_pricing_roles_data":[],"tiered_pricing_percentage_rules":{"50":"35","100":"40","200":"44","500":"47","1000":"49"},"tiered_pricing_maximum_quantity":null,"tiered_pricing_quantity_step":"10","_links":{"self":[{"href":"https:\/\/agoravape.com\/hu\/wp-json\/wp\/v2\/product\/12654","targetHints":{"allow":["GET"]}}],"collection":[{"href":"https:\/\/agoravape.com\/hu\/wp-json\/wp\/v2\/product"}],"about":[{"href":"https:\/\/agoravape.com\/hu\/wp-json\/wp\/v2\/types\/product"}],"replies":[{"embeddable":true,"href":"https:\/\/agoravape.com\/hu\/wp-json\/wp\/v2\/comments?post=12654"}],"version-history":[{"count":0,"href":"https:\/\/agoravape.com\/hu\/wp-json\/wp\/v2\/product\/12654\/revisions"}],"wp:featuredmedia":[{"embeddable":true,"href":"https:\/\/agoravape.com\/hu\/wp-json\/wp\/v2\/media\/12680"}],"wp:attachment":[{"href":"https:\/\/agoravape.com\/hu\/wp-json\/wp\/v2\/media?parent=12654"}],"wp:term":[{"taxonomy":"product_brand","embeddable":true,"href":"https:\/\/agoravape.com\/hu\/wp-json\/wp\/v2\/product_brand?post=12654"},{"taxonomy":"product_cat","embeddable":true,"href":"https:\/\/agoravape.com\/hu\/wp-json\/wp\/v2\/product_cat?post=12654"},{"taxonomy":"product_tag","embeddable":true,"href":"https:\/\/agoravape.com\/hu\/wp-json\/wp\/v2\/product_tag?post=12654"}],"curies":[{"name":"wp","href":"https:\/\/api.w.org\/{rel}","templated":true}]}}