{"id":12712,"date":"2025-10-10T11:23:40","date_gmt":"2025-10-10T03:23:40","guid":{"rendered":"https:\/\/green-grasshopper-921422.hostingersite.com\/?post_type=product&#038;p=12712"},"modified":"2026-03-26T13:22:25","modified_gmt":"2026-03-26T12:22:25","slug":"vapme-monster-16000-puffs-vape","status":"publish","type":"product","link":"https:\/\/agoravape.com\/hu\/product\/vapme-monster-16000-puffs-vape\/","title":{"rendered":"Vapme Monster 16000 Puffs Mesh Coil Disposable Vape | Big Puffs, Clean Flavour, Zero Fuss"},"content":{"rendered":"<h2 data-v-md-heading=\"what-about-the-vapme-monster-16000-mesh-coil-disposable-vape\" data-v-md-line=\"3\"><img loading=\"lazy\" decoding=\"async\" class=\"aligncenter size-full wp-image-12734\" src=\"https:\/\/agoravape.com\/wp-content\/uploads\/2025\/10\/Vapme-Monster-16000-Puffs-Mesh-Coil-Disposable-Vape_Agora_vape-1-scaled.webp\" alt=\"\" width=\"2560\" height=\"1937\" srcset=\"https:\/\/agoravape.com\/wp-content\/uploads\/2025\/10\/Vapme-Monster-16000-Puffs-Mesh-Coil-Disposable-Vape_Agora_vape-1-scaled.webp 2560w, https:\/\/agoravape.com\/wp-content\/uploads\/2025\/10\/Vapme-Monster-16000-Puffs-Mesh-Coil-Disposable-Vape_Agora_vape-1-scaled-1200x908.webp 1200w, https:\/\/agoravape.com\/wp-content\/uploads\/2025\/10\/Vapme-Monster-16000-Puffs-Mesh-Coil-Disposable-Vape_Agora_vape-1-300x227.webp 300w, https:\/\/agoravape.com\/wp-content\/uploads\/2025\/10\/Vapme-Monster-16000-Puffs-Mesh-Coil-Disposable-Vape_Agora_vape-1-1024x775.webp 1024w, https:\/\/agoravape.com\/wp-content\/uploads\/2025\/10\/Vapme-Monster-16000-Puffs-Mesh-Coil-Disposable-Vape_Agora_vape-1-768x581.webp 768w, https:\/\/agoravape.com\/wp-content\/uploads\/2025\/10\/Vapme-Monster-16000-Puffs-Mesh-Coil-Disposable-Vape_Agora_vape-1-1536x1162.webp 1536w, https:\/\/agoravape.com\/wp-content\/uploads\/2025\/10\/Vapme-Monster-16000-Puffs-Mesh-Coil-Disposable-Vape_Agora_vape-1-2048x1550.webp 2048w\" sizes=\"auto, (max-width: 2560px) 100vw, 2560px\" \/><\/h2>\n<h2 data-v-md-heading=\"what-about-the-vapme-monster-16000-mesh-coil-disposable-vape\" data-v-md-line=\"3\">Mi a helyzet a Vapme Monster 16000 mesh tekercses eldobhat\u00f3 vape-rel?<\/h2>\n<p data-v-md-line=\"4\">Ha eleged van abb\u00f3l, hogy n\u00e9h\u00e1ny naponta cser\u00e9led az e-cigarett\u00e1dat, akkor ez az e-cigaretta garant\u00e1ltan felfriss\u00edt. A Vapme Monster hossz\u00fa akkumul\u00e1tor-\u00fczemid\u0151vel \u00e9s sima text\u00far\u00e1val rendelkezik, amely nem t\u0171nik el f\u00e9l\u00faton.<\/p>\n<p data-v-md-line=\"6\">B\u00e1rkinek megfelel\u0151, aki megb\u00edzhat\u00f3 \u00e9s finom eldobhat\u00f3 vape-t szeretne an\u00e9lk\u00fcl, hogy a be\u00e1ll\u00edt\u00e1sok miatt kellene agg\u00f3dnia. Csak ki kell v\u00e1lasztania az \u00edzt \u00e9s a nikotintartalmat, \u00e9s m\u00e1ris \u00e9lvezheti a csod\u00e1latos napot. Azt gondolhatja, hogy ennyi vape-szag neh\u00e9zkes lenne, de k\u00f6nnyen elf\u00e9rnek egy zsebben.<\/p>\n<h2 data-v-md-heading=\"excellent-performance-easy-and-convenient\" data-v-md-line=\"8\">Kiv\u00e1l\u00f3 teljes\u00edtm\u00e9ny, egyszer\u0171 \u00e9s k\u00e9nyelmes<\/h2>\n<p data-v-md-line=\"9\">A 0,8 \u03a9-os h\u00e1l\u00f3s tekercs viseli a nagy felel\u0151ss\u00e9get. Egyenletesen meleg\u00edti az e-liquidet, \u00edgy minden falat olyan finom lesz, mint az els\u0151. Ha az akkumul\u00e1tor lemer\u00fcl, nem kell kidobnod. A Type-C porton kereszt\u00fcl t\u00f6ltheted, \u00e9s ugyanazt az adatk\u00e1belt haszn\u00e1lhatod tov\u00e1bb, amelyet a telefonodon is haszn\u00e1lhatsz. Egyszer\u0171 \u00e9s k\u00f6nnyen telep\u00edthet\u0151.<\/p>\n<h2 data-v-md-heading=\"specification-introduction\" data-v-md-line=\"11\">Specifik\u00e1ci\u00f3 Bevezet\u00e9s<\/h2>\n<ul data-v-md-line=\"12\">\n<li>Sz\u00edv\u00e1s gyakoris\u00e1ga: ak\u00e1r 16000-szer<\/li>\n<li>Nikotintartalom: 0%\/2%\/3%\/5%<\/li>\n<li>M\u0171k\u00f6d\u00e9si elv: Bel\u00e9gz\u00e9ssel aktiv\u00e1l\u00f3dik<\/li>\n<li>Charging: Standard Type-C USB interface<\/li>\n<li>E-folyad\u00e9k kapacit\u00e1sa: 26 milliliter<\/li>\n<li>Porlaszt\u00f3 mag: 0,8 \u03a9 h\u00e1l\u00f3<\/li>\n<li>Akkumul\u00e1tor: 850 mAh-s \u00fajrat\u00f6lthet\u0151 akkumul\u00e1tor<\/li>\n<li>\u00c1llapot: Kicsomagol\u00e1s ut\u00e1n haszn\u00e1latra k\u00e9sz<\/li>\n<\/ul>\n<h2 data-v-md-heading=\"full-range-of-flavors\" data-v-md-line=\"21\">Full range of flavors<\/h2>\n<ul data-v-md-line=\"22\">\n<li>\u00c1fony\u00e1s jeges citromos v\u00edz<\/li>\n<li>\u0150szibarack j\u00e9g<\/li>\n<li>G\u00f6r\u00f6gdinnye j\u00e9g<\/li>\n<li>\u00c1fonya \u00e9s m\u00e1lna<\/li>\n<li>Cseresznyefagylalt<\/li>\n<li>Eperfagylalt<\/li>\n<li>Eper g\u00f6r\u00f6gdinnye<\/li>\n<li>Vegyes bogy\u00f3s gy\u00fcm\u00f6lcs\u00f6k<\/li>\n<li>Eper kivi<\/li>\n<li>Kiwi, maracuja, guava<\/li>\n<li>\u00c1fony\u00e1s Red Bull<\/li>\n<li>\u0150szibarack, Mang\u00f3, Anan\u00e1sz<\/li>\n<\/ul>\n<h2 data-v-md-heading=\"for-you-and-your-business\" data-v-md-line=\"35\">\u00d6nnek \u00e9s v\u00e1llalkoz\u00e1s\u00e1nak<\/h2>\n<p data-v-md-line=\"36\">V\u00e1s\u00e1rold meg magadnak, egyszer\u0171en \u00e9s k\u00e9nyelmesen. V\u00e1laszd ki a kedvenc \u00edzedet \u00e9s koncentr\u00e1ci\u00f3dat, hogy gond n\u00e9lk\u00fcl \u00e9lvezhesd a hosszan tart\u00f3 vape \u00e9lm\u00e9nyt. Az \u00fajrat\u00f6lthet\u0151 akkumul\u00e1torok lehet\u0151v\u00e9 teszik, hogy 26 milliliter e-folyad\u00e9kot pazarl\u00e1s n\u00e9lk\u00fcl \u00e9lvezhess.<\/p>\n<p data-v-md-line=\"38\">Fizikai \u00fczletet vagy online \u00e1ruh\u00e1zat \u00fczemeltet? 200 darabos nagykereskedelmi dobozokat k\u00edn\u00e1lunk a hat\u00e9kony k\u00e9szletez\u00e9s \u00e9rdek\u00e9ben. Megb\u00edzhat\u00f3 partnerekkel, p\u00e9ld\u00e1ul UPS-szel, DPD-vel \u00e9s DHL-lel dolgozunk egy\u00fctt a DDP sz\u00e1ll\u00edt\u00e1s \u00e9rdek\u00e9ben, \u00edgy a v\u00e1mok \u00e9s ad\u00f3k el\u0151re feldolgozhat\u00f3k. Nem kell agg\u00f3dnia a v\u00e1mbalesetek miatt, az Eur\u00f3p\u00e1n bel\u00fcli sz\u00e1ll\u00edt\u00e1s teljes m\u00e9rt\u00e9kben nyomon k\u00f6vethet\u0151. K\u00e9rj\u00fck, ellen\u0151rizze a helyi el\u0151\u00edr\u00e1sokat, miel\u0151tt tov\u00e1bb\u00e9rt\u00e9kes\u00edten\u00e9.<\/p>\n<h2 data-v-md-heading=\"why-do-you-like-it\" data-v-md-line=\"40\">Mi\u00e9rt tetszik?<\/h2>\n<ul data-v-md-line=\"41\">\n<li>T\u00f6bbsz\u00f6r\u00f6s sz\u00edv\u00e1si ciklusok: Tart\u00f3s \u00e9s hossz\u00fa \u00e9lettartam\u00fa, nincs sz\u00fcks\u00e9g gyakori cser\u00e9re.<\/li>\n<li>Nikotintartalom kiv\u00e1laszt\u00e1sa: V\u00e1lasszon 0%, 2%, 3% vagy 5%-os nikotinkoncentr\u00e1ci\u00f3t az e-cigaretta haszn\u00e1lati szok\u00e1sai alapj\u00e1n.<\/li>\n<li>\u00dajrat\u00f6lthet\u0151: Az \u00f6sszes megv\u00e1s\u00e1rolt e-liquidet egyszerre haszn\u00e1lhatod an\u00e9lk\u00fcl, hogy f\u00e9lig haszn\u00e1lt eszk\u00f6z\u00f6ket kidobn\u00e1l.<\/li>\n<li>H\u00e1l\u00f3s tekercs: Az els\u0151 falatt\u00f3l az utols\u00f3ig az \u00edze konzisztens \u00e9s sima marad.<\/li>\n<li>A Type-C csatlakoz\u00f3 k\u00e9nyelmes: gyorsan felt\u00f6ltheted a megl\u00e9v\u0151 adatk\u00e1beleddel.<\/li>\n<\/ul>\n<h2 data-v-md-heading=\"why-collaborate-with-agoravape\" data-v-md-line=\"47\">Mi\u00e9rt \u00e9rdemes az AgoraVape-pel egy\u00fcttm\u0171k\u00f6dni?<\/h2>\n<p data-v-md-line=\"48\">Kiz\u00e1r\u00f3lag 100%-ban eredeti term\u00e9keket forgalmazunk, \u00e9s garant\u00e1ljuk a biztons\u00e1gos sz\u00e1ll\u00edt\u00e1st. A Vapme Monster 16000 mesh tekercses eldobhat\u00f3 vape-eket v\u00e1s\u00e1rl\u00f3 B2B \u00fcgyfeleink kedvezm\u00e9nyes nagykereskedelmi \u00e1rakat, megb\u00edzhat\u00f3 \u00fcgyf\u00e9lszolg\u00e1latot \u00e9s gyors, EU-bar\u00e1t logisztik\u00e1t \u00e9lvezhetnek. Szeretne lefoglalni egy eldobhat\u00f3 vape-t, hogy visszat\u00e9r\u0151 v\u00e1s\u00e1rl\u00f3k\u00e9nt megv\u00e1s\u00e1rolhassa azt? K\u00e9rj\u00fck, vegye fel vel\u00fcnk a kapcsolatot, \u00e9s mi int\u00e9zz\u00fck az \u00d6n sz\u00e1m\u00e1ra.<\/p>\n<p data-v-md-line=\"50\">Megjegyz\u00e9s: Az alkalmank\u00e9nti slukkok sz\u00e1ma a doh\u00e1nyz\u00e1si m\u00f3dt\u00f3l \u00e9s a k\u00f6rnyezeti felt\u00e9telekt\u0151l f\u00fcgg\u0151en v\u00e1ltozhat. K\u00e9rj\u00fck, \u00fcgyeljen arra, hogy betartsa a helyi t\u00f6rv\u00e9nyeket \u00e9s a korhat\u00e1rokat.<\/p>","protected":false},"excerpt":{"rendered":"<p>What about the Vapme Monster 16000 mesh coil disposable vape? If you are tired of changing your vape every few<\/p>","protected":false},"featured_media":12745,"comment_status":"open","ping_status":"closed","template":"","meta":[],"product_brand":[204],"product_cat":[124,187,185,189,176,174,175,193,191,173,186,180,190,131],"product_tag":[],"class_list":{"0":"post-12712","1":"product","2":"type-product","3":"status-publish","4":"has-post-thumbnail","6":"product_brand-vapme","7":"product_cat-vape-by-brand","8":"product_cat-0mg-nicotine-free-vapes","9":"product_cat-10000-puffs-high-capacity","10":"product_cat-20mg-standard-nicotine-vapes","11":"product_cat-beverage","12":"product_cat-fruit-flavors","13":"product_cat-icy-mint","14":"product_cat-mesh-coil","15":"product_cat-rechargeable-disposables","16":"product_cat-vape-by-flavor-profile","17":"product_cat-vape-by-nicotine-strength","18":"product_cat-vape-by-puff-count","19":"product_cat-vape-by-feature-or-type","20":"product_cat-vapme","22":"first","23":"instock","24":"shipping-taxable","25":"purchasable","26":"product-type-variable","27":"has-default-attributes"},"tiered_pricing_type":"percentage","tiered_pricing_fixed_rules":[],"tiered_pricing_product_settings":{"layout":"default","base_unit_name":{"singular":null,"plural":null},"default_variation":null},"tiered_pricing_minimum_quantity":10,"tiered_pricing_roles_data":[],"tiered_pricing_percentage_rules":{"50":"35","100":"40","200":"44","500":"47","1000":"49"},"tiered_pricing_maximum_quantity":null,"tiered_pricing_quantity_step":"10","_links":{"self":[{"href":"https:\/\/agoravape.com\/hu\/wp-json\/wp\/v2\/product\/12712","targetHints":{"allow":["GET"]}}],"collection":[{"href":"https:\/\/agoravape.com\/hu\/wp-json\/wp\/v2\/product"}],"about":[{"href":"https:\/\/agoravape.com\/hu\/wp-json\/wp\/v2\/types\/product"}],"replies":[{"embeddable":true,"href":"https:\/\/agoravape.com\/hu\/wp-json\/wp\/v2\/comments?post=12712"}],"version-history":[{"count":0,"href":"https:\/\/agoravape.com\/hu\/wp-json\/wp\/v2\/product\/12712\/revisions"}],"wp:featuredmedia":[{"embeddable":true,"href":"https:\/\/agoravape.com\/hu\/wp-json\/wp\/v2\/media\/12745"}],"wp:attachment":[{"href":"https:\/\/agoravape.com\/hu\/wp-json\/wp\/v2\/media?parent=12712"}],"wp:term":[{"taxonomy":"product_brand","embeddable":true,"href":"https:\/\/agoravape.com\/hu\/wp-json\/wp\/v2\/product_brand?post=12712"},{"taxonomy":"product_cat","embeddable":true,"href":"https:\/\/agoravape.com\/hu\/wp-json\/wp\/v2\/product_cat?post=12712"},{"taxonomy":"product_tag","embeddable":true,"href":"https:\/\/agoravape.com\/hu\/wp-json\/wp\/v2\/product_tag?post=12712"}],"curies":[{"name":"wp","href":"https:\/\/api.w.org\/{rel}","templated":true}]}}