{"id":12760,"date":"2025-10-10T12:11:45","date_gmt":"2025-10-10T04:11:45","guid":{"rendered":"https:\/\/green-grasshopper-921422.hostingersite.com\/?post_type=product&#038;p=12760"},"modified":"2026-01-13T00:39:22","modified_gmt":"2026-01-12T16:39:22","slug":"atvs-hadihajo-12000-puffs-vape","status":"publish","type":"product","link":"https:\/\/agoravape.com\/hu\/product\/atvs-warship-12000-puffs-vape\/","title":{"rendered":"ATVS Warship 12000 Puffs Mesh Coil Eldobhat\u00f3 Vape | Nagy \u00edz, nagyobb fut\u00e1steljes\u00edtm\u00e9ny"},"content":{"rendered":"<h2 data-v-md-heading=\"what-are-the-highlights-of-the-atvs-warship-12000-port-mesh-coil-disposable-vape\" data-v-md-line=\"3\"><img loading=\"lazy\" decoding=\"async\" class=\"alignright wp-image-12776 size-full\" src=\"https:\/\/agoravape.com\/wp-content\/uploads\/2025\/10\/ATVS-Warship-12000-Puffs-Mesh-Coil-Disposable-Vape_Agora_vape-3.webp\" alt=\"\" width=\"1000\" height=\"644\" srcset=\"https:\/\/agoravape.com\/wp-content\/uploads\/2025\/10\/ATVS-Warship-12000-Puffs-Mesh-Coil-Disposable-Vape_Agora_vape-3.webp 1000w, https:\/\/agoravape.com\/wp-content\/uploads\/2025\/10\/ATVS-Warship-12000-Puffs-Mesh-Coil-Disposable-Vape_Agora_vape-3-300x193.webp 300w, https:\/\/agoravape.com\/wp-content\/uploads\/2025\/10\/ATVS-Warship-12000-Puffs-Mesh-Coil-Disposable-Vape_Agora_vape-3-768x495.webp 768w\" sizes=\"auto, (max-width: 1000px) 100vw, 1000px\" \/><\/h2>\n<h2 data-v-md-heading=\"what-are-the-highlights-of-the-atvs-warship-12000-port-mesh-coil-disposable-vape\" data-v-md-line=\"3\">Melyek az ATVS Warship 12000 portos, eldobhat\u00f3, h\u00e1l\u00f3s tekercses vape-j\u00e9nek f\u0151bb jellemz\u0151i?<\/h2>\n<p data-v-md-line=\"4\">Ha eleged van az eldobhat\u00f3 vape-ekb\u0151l, amikb\u0151l az elej\u00e9n kifogy az \u00edz\u00fck, akkor az ATVS Warship 12000 \u00e9rdemes kipr\u00f3b\u00e1lnod. Hossz\u00fa t\u00e1v\u00fa haszn\u00e1latra tervezt\u00e9k, \u00e9s azt \u00e1ll\u00edtja, hogy folyamatosan 12000 falatnyit k\u00e9pes elsz\u00edvni. A h\u00e1l\u00f3s tekercs minden sz\u00edv\u00e1sn\u00e1l tiszta \u00e9s \u00e1lland\u00f3 \u00edzt biztos\u00edt.<\/p>\n<p data-v-md-line=\"6\">Ez az e-cigaretta minden olyan felhaszn\u00e1l\u00f3 sz\u00e1m\u00e1ra alkalmas, aki egyszer\u0171en \u00e9s k\u00e9nyelmesen szeretn\u00e9 megtapasztalni az e-cigarett\u00e1z\u00e1s \u00e9lm\u00e9ny\u00e9t, egyszer\u0171 kezel\u00e9ssel \u00e9s megb\u00edzhat\u00f3 \u00edzzel. Nem kell agg\u00f3dnia. Csak v\u00e1lassza ki az \u00edzt, vegye ki a dobozb\u00f3l, \u00e9s m\u00e1ris elkezdheti haszn\u00e1lni.<\/p>\n<h2 data-v-md-heading=\"excellent-performance-no-need-for-complex-operations\" data-v-md-line=\"8\">Kiv\u00e1l\u00f3 teljes\u00edtm\u00e9ny, nincs sz\u00fcks\u00e9g bonyolult m\u0171veletekre<\/h2>\n<p data-v-md-line=\"9\">Ennek az e-cigarett\u00e1nak a titka a h\u00e1l\u00f3s tekercsben rejlik. Gyorsan \u00e9s egyenletesen k\u00e9pes felmeleg\u00edteni az e-liquidet, \u00edgy az els\u0151 kortyod olyan sima lesz, mint a sz\u00e1zadik. Egy nagy kapacit\u00e1s\u00fa, eldobhat\u00f3 f\u00fav\u00f3ka illata elker\u00fclhetetlen\u00fcl enyh\u00e9bb\u00e9 v\u00e1lhat, de a h\u00e1l\u00f3s kialak\u00edt\u00e1s stabilan tartja. A 15 milliliteres t\u00e1rol\u00f3kapacit\u00e1s is megfelel\u0151 tart\u00e1st biztos\u00edt, a massz\u00edv polikarbon\u00e1t h\u00e9j pedig massz\u00edvnak \u00e9s nem neh\u00e9zkesnek \u00e9rz\u0151dik k\u00e9zben tartva.<\/p>\n<h2 data-v-md-heading=\"specification-overview\" data-v-md-line=\"11\">Specifik\u00e1ci\u00f3 \u00e1ttekint\u00e9se<\/h2>\n<ul data-v-md-line=\"12\">\n<li>Sz\u00edv\u00e1s gyakoris\u00e1ga: ak\u00e1r 12000-szer<\/li>\n<li>Nikotintartalom: a gy\u00e1rt\u00f3 nem hat\u00e1rozta meg (k\u00e9rj\u00fck, \u00e9rdekl\u0151dj\u00f6n n\u00e1lunk az \u00d6n r\u00e9gi\u00f3j\u00e1ban \u00e9rv\u00e9nyes nikotintartalomr\u00f3l)<\/li>\n<li>M\u0171k\u00f6d\u00e9si elv: A gy\u00e1rt\u00f3 nincs megadva<\/li>\n<li>T\u00f6lt\u00e9si m\u00f3d: a gy\u00e1rt\u00f3 nem hat\u00e1rozta meg<\/li>\n<li>E-folyad\u00e9k kapacit\u00e1sa: 15 milliliter<\/li>\n<li>Porlaszt\u00f3 mag: h\u00e1l\u00f3, 0,9 \u03a9<\/li>\n<li>Akkumul\u00e1tor: 650mAh (13450 cella)<\/li>\n<li>Anyag: PC (polikarbon\u00e1t)<\/li>\n<li>\u00c1llapot: Kicsomagol\u00e1s ut\u00e1n haszn\u00e1latra k\u00e9sz<\/li>\n<\/ul>\n<h2 data-v-md-heading=\"full-range-of-flavors\" data-v-md-line=\"22\">Full range of flavors<\/h2>\n<ul data-v-md-line=\"23\">\n<li>Mang\u00f3 j\u00e9g<\/li>\n<li>K\u00e9k j\u00e9gp\u00e1lya<\/li>\n<li>Epres g\u00f6r\u00f6gdinnyefagylalt<\/li>\n<li>Mentolos j\u00e9g<\/li>\n<li>G\u00f6r\u00f6gdinnye j\u00e9g<\/li>\n<li>Vegyes gy\u00fcm\u00f6lcsfagylalt<\/li>\n<li>Eperfagylalt<\/li>\n<li>Tar\u00f3 j\u00e9g<\/li>\n<li>Gr\u00e1n\u00e1talma j\u00e9g<\/li>\n<li>Alm\u00e1s j\u00e9g<\/li>\n<li>Ban\u00e1nfagylalt<\/li>\n<li>Narancs \u00edz\u0171 \u00fcd\u00edt\u0151<\/li>\n<\/ul>\n<h2 data-v-md-heading=\"for-you-and-for-your-business-as-well\" data-v-md-line=\"36\">Neked, \u00e9s a v\u00e1llalkoz\u00e1sodnak is<\/h2>\n<p data-v-md-line=\"37\">V\u00e1s\u00e1roljon egyszer\u0171en mag\u00e1nak. V\u00e1lassza ki az \u00edzt a teljes\u00edt\u00e9s \u00e9rdek\u00e9ben. Ha egy \u00fczletnek vagy \u00fczletl\u00e1ncnak sz\u00e1ll\u00edt, m\u00e9g egyszer\u0171bb. Az ATVS Warship 12000 cigarett\u00e1kat nagykereskedelmi dobozokban k\u00edn\u00e1ljuk, dobozonk\u00e9nt 10 cigarett\u00e1val, \u00e9s nagyobb kiszerel\u00e9s\u0171 dobozokat is k\u00edn\u00e1lunk a nagykereskedelmi v\u00e1s\u00e1rl\u00f3k sz\u00e1m\u00e1ra.<\/p>\n<p data-v-md-line=\"39\">DDP sz\u00e1ll\u00edt\u00e1si szolg\u00e1ltat\u00e1sokat ny\u00fajtunk Eur\u00f3pa-szerte olyan megb\u00edzhat\u00f3 partnereken kereszt\u00fcl, mint a UPS, a DPD \u00e9s a DHL, \u00edgy a v\u00e1mtarif\u00e1kat el\u0151re feldolgoztuk, \u00edgy nem fog balesetbe \u00fctk\u00f6zni a v\u00e1mn\u00e1l.<\/p>\n<h2 data-v-md-heading=\"why-do-you-like-it\" data-v-md-line=\"41\">Mi\u00e9rt tetszik?<\/h2>\n<ul data-v-md-line=\"42\">\n<li>Nagy kapacit\u00e1s: Ak\u00e1r 12000 port eszk\u00f6z\u00f6nk\u00e9nt, ami kevesebb ideiglenes felt\u00f6lt\u00e9st \u00e9s ism\u00e9telt rendel\u00e9st jelent<\/li>\n<li>H\u00e1l\u00f3s \u00e1llag\u00fa, tekercses \u00edz: az els\u0151 falatt\u00f3l az utols\u00f3 falatig sima \u00e9s megb\u00edzhat\u00f3 \u00edzvil\u00e1g<\/li>\n<li>Nagy kapacit\u00e1s\u00fa olajt\u00e1rol\u00f3 rekesz, k\u00e9nyelmes haszn\u00e1lat: 15 milliliter e-folyad\u00e9k kapacit\u00e1s, amely lehet\u0151v\u00e9 teszi a hosszabb ideig tart\u00f3 haszn\u00e1lat\u00e1t a berendez\u00e9scser\u00e9k k\u00f6z\u00f6tt<\/li>\n<li>Kiegyens\u00falyozott sz\u00edv\u00e1s: a 0,9 \u03a9-os tekercs stabil \u00e9s kiel\u00e9g\u00edt\u0151 f\u00fcst\u00f6t biztos\u00edt<\/li>\n<\/ul>\n<h2 data-v-md-heading=\"why-choose-to-collaborate-with-agoravape\" data-v-md-line=\"47\">Mi\u00e9rt \u00e9rdemes az AgoraVape-pel egy\u00fcttm\u0171k\u00f6dni?<\/h2>\n<p data-v-md-line=\"48\">Kiz\u00e1r\u00f3lag 100%-ban eredeti term\u00e9keket v\u00e1s\u00e1rolunk olyan m\u00e1rk\u00e1kt\u00f3l, amelyeket \u00d6n is ismer. Az ATVS Warship 12000 eldobhat\u00f3 vape-ek h\u00e1l\u00f3s tekercsekkel versenyk\u00e9pes nagykereskedelmi \u00e1rakat, gyors v\u00e1laszad\u00e1si t\u00e1mogat\u00e1st \u00e9s gyors, megb\u00edzhat\u00f3 DDP kisz\u00e1ll\u00edt\u00e1si szolg\u00e1ltat\u00e1st k\u00edn\u00e1lnak. K\u00e9szleten szeretne lenni, vagy a r\u00e9gi\u00f3j\u00e1ban n\u00e9pszer\u0171 \u00edzkever\u00e9kre van sz\u00fcks\u00e9ge? K\u00e9rj\u00fck, vegye fel vel\u00fcnk a kapcsolatot, \u00e9s seg\u00edt\u00fcnk gyorsan leadni rendel\u00e9s\u00e9t.<\/p>\n<p data-v-md-line=\"48\"><img loading=\"lazy\" decoding=\"async\" class=\"aligncenter size-full wp-image-12775\" src=\"https:\/\/agoravape.com\/wp-content\/uploads\/2025\/10\/ATVS-Warship-12000-Puffs-Mesh-Coil-Disposable-Vape_Agora_vape-2.webp\" alt=\"\" width=\"1000\" height=\"646\" srcset=\"https:\/\/agoravape.com\/wp-content\/uploads\/2025\/10\/ATVS-Warship-12000-Puffs-Mesh-Coil-Disposable-Vape_Agora_vape-2.webp 1000w, https:\/\/agoravape.com\/wp-content\/uploads\/2025\/10\/ATVS-Warship-12000-Puffs-Mesh-Coil-Disposable-Vape_Agora_vape-2-300x194.webp 300w, https:\/\/agoravape.com\/wp-content\/uploads\/2025\/10\/ATVS-Warship-12000-Puffs-Mesh-Coil-Disposable-Vape_Agora_vape-2-768x496.webp 768w\" sizes=\"auto, (max-width: 1000px) 100vw, 1000px\" \/><\/p>\n<p data-v-md-line=\"48\"><img loading=\"lazy\" decoding=\"async\" class=\"aligncenter size-full wp-image-12774\" src=\"https:\/\/agoravape.com\/wp-content\/uploads\/2025\/10\/ATVS-Warship-12000-Puffs-Mesh-Coil-Disposable-Vape_Agora_vape-1.webp\" alt=\"\" width=\"1000\" height=\"550\" srcset=\"https:\/\/agoravape.com\/wp-content\/uploads\/2025\/10\/ATVS-Warship-12000-Puffs-Mesh-Coil-Disposable-Vape_Agora_vape-1.webp 1000w, https:\/\/agoravape.com\/wp-content\/uploads\/2025\/10\/ATVS-Warship-12000-Puffs-Mesh-Coil-Disposable-Vape_Agora_vape-1-300x165.webp 300w, https:\/\/agoravape.com\/wp-content\/uploads\/2025\/10\/ATVS-Warship-12000-Puffs-Mesh-Coil-Disposable-Vape_Agora_vape-1-768x422.webp 768w\" sizes=\"auto, (max-width: 1000px) 100vw, 1000px\" \/><\/p>","protected":false},"excerpt":{"rendered":"<p>What are the highlights of the ATVS Warship 12000 port mesh coil disposable vape? If you\u2019re tired of disposable vapes<\/p>","protected":false},"featured_media":12796,"comment_status":"open","ping_status":"closed","template":"","meta":[],"product_brand":[205],"product_cat":[124,185,1634,132,176,174,175,193,191,173,186,180,190],"product_tag":[],"class_list":{"0":"post-12760","1":"product","2":"type-product","3":"status-publish","4":"has-post-thumbnail","6":"product_brand-atvs","7":"product_cat-vape-by-brand","8":"product_cat-10000-puffs-high-capacity","9":"product_cat-12000-puffs","10":"product_cat-atvs","11":"product_cat-beverage","12":"product_cat-fruit-flavors","13":"product_cat-icy-mint","14":"product_cat-mesh-coil","15":"product_cat-rechargeable-disposables","16":"product_cat-vape-by-flavor-profile","17":"product_cat-vape-by-nicotine-strength","18":"product_cat-vape-by-puff-count","19":"product_cat-vape-by-feature-or-type","21":"first","22":"instock","23":"shipping-taxable","24":"purchasable","25":"product-type-variable","26":"has-default-attributes"},"tiered_pricing_type":"percentage","tiered_pricing_fixed_rules":[],"tiered_pricing_product_settings":{"layout":"default","base_unit_name":{"singular":null,"plural":null},"default_variation":null},"tiered_pricing_minimum_quantity":10,"tiered_pricing_roles_data":[],"tiered_pricing_percentage_rules":{"30":"29","50":"35","100":"40","200":"44","500":"47","1000":"49"},"tiered_pricing_maximum_quantity":null,"tiered_pricing_quantity_step":"10","_links":{"self":[{"href":"https:\/\/agoravape.com\/hu\/wp-json\/wp\/v2\/product\/12760","targetHints":{"allow":["GET"]}}],"collection":[{"href":"https:\/\/agoravape.com\/hu\/wp-json\/wp\/v2\/product"}],"about":[{"href":"https:\/\/agoravape.com\/hu\/wp-json\/wp\/v2\/types\/product"}],"replies":[{"embeddable":true,"href":"https:\/\/agoravape.com\/hu\/wp-json\/wp\/v2\/comments?post=12760"}],"version-history":[{"count":0,"href":"https:\/\/agoravape.com\/hu\/wp-json\/wp\/v2\/product\/12760\/revisions"}],"wp:featuredmedia":[{"embeddable":true,"href":"https:\/\/agoravape.com\/hu\/wp-json\/wp\/v2\/media\/12796"}],"wp:attachment":[{"href":"https:\/\/agoravape.com\/hu\/wp-json\/wp\/v2\/media?parent=12760"}],"wp:term":[{"taxonomy":"product_brand","embeddable":true,"href":"https:\/\/agoravape.com\/hu\/wp-json\/wp\/v2\/product_brand?post=12760"},{"taxonomy":"product_cat","embeddable":true,"href":"https:\/\/agoravape.com\/hu\/wp-json\/wp\/v2\/product_cat?post=12760"},{"taxonomy":"product_tag","embeddable":true,"href":"https:\/\/agoravape.com\/hu\/wp-json\/wp\/v2\/product_tag?post=12760"}],"curies":[{"name":"wp","href":"https:\/\/api.w.org\/{rel}","templated":true}]}}