{"id":13017,"date":"2025-10-10T17:10:24","date_gmt":"2025-10-10T09:10:24","guid":{"rendered":"https:\/\/green-grasshopper-921422.hostingersite.com\/?post_type=product&#038;p=13017"},"modified":"2026-03-14T16:22:43","modified_gmt":"2026-03-14T15:22:43","slug":"waspe-dupla-iz-40000-puffs-vape","status":"publish","type":"product","link":"https:\/\/agoravape.com\/hu\/product\/waspe-double-flavor-40000-puffs-vape\/","title":{"rendered":"Waspe Double Flavor 40000 F\u00faj\u00e1s 2 az 1-ben LED Vape | K\u00e9t \u00edz egyben. Tart\u00f3sra tervezve"},"content":{"rendered":"<h2 data-v-md-heading=\"what-about-the-wasp-double-flavor-40000-mouth-2-in-1-led-vape\" data-v-md-line=\"3\"><img loading=\"lazy\" decoding=\"async\" class=\"aligncenter size-full wp-image-13045\" src=\"https:\/\/agoravape.com\/wp-content\/uploads\/2025\/10\/Waspe-Double-Flavor-40000-Puffs-2-in-1-LED-Vape_Agora_vape-16.webp\" alt=\"\" width=\"1920\" height=\"1080\" srcset=\"https:\/\/agoravape.com\/wp-content\/uploads\/2025\/10\/Waspe-Double-Flavor-40000-Puffs-2-in-1-LED-Vape_Agora_vape-16.webp 1920w, https:\/\/agoravape.com\/wp-content\/uploads\/2025\/10\/Waspe-Double-Flavor-40000-Puffs-2-in-1-LED-Vape_Agora_vape-16-1200x675.webp 1200w, https:\/\/agoravape.com\/wp-content\/uploads\/2025\/10\/Waspe-Double-Flavor-40000-Puffs-2-in-1-LED-Vape_Agora_vape-16-300x169.webp 300w, https:\/\/agoravape.com\/wp-content\/uploads\/2025\/10\/Waspe-Double-Flavor-40000-Puffs-2-in-1-LED-Vape_Agora_vape-16-1024x576.webp 1024w, https:\/\/agoravape.com\/wp-content\/uploads\/2025\/10\/Waspe-Double-Flavor-40000-Puffs-2-in-1-LED-Vape_Agora_vape-16-768x432.webp 768w, https:\/\/agoravape.com\/wp-content\/uploads\/2025\/10\/Waspe-Double-Flavor-40000-Puffs-2-in-1-LED-Vape_Agora_vape-16-1536x864.webp 1536w\" sizes=\"auto, (max-width: 1920px) 100vw, 1920px\" \/><\/h2>\n<h2 data-v-md-heading=\"what-about-the-wasp-double-flavor-40000-mouth-2-in-1-led-vape\" data-v-md-line=\"3\">Mi a helyzet a Wasp Double Flavor 40000 Mouth 2-in-1 LED vape-pel?<\/h2>\n<p data-v-md-line=\"4\">Ha belef\u00e1radt\u00e1l abba, hogy h\u00e9tk\u00f6znap cser\u00e9lgeted az e-cigarett\u00e1dat, ez a term\u00e9k az ide\u00e1lis v\u00e1laszt\u00e1s. A Wasp kett\u0151s \u00edz funkci\u00f3ja k\u00e9t \u00edzt egyes\u00edt egyben, lehet\u0151v\u00e9 t\u00e9ve a k\u00f6nny\u0171 v\u00e1lt\u00e1st an\u00e9lk\u00fcl, hogy m\u00e1sodik e-cigarett\u00e1t kellene magaddal vinned. Ez az egyszer\u0171 \u00f6tlet megk\u00f6nny\u00edti a napi vapel\u00e9si \u00e9lm\u00e9nyt.<\/p>\n<p data-v-md-line=\"6\">Azt gondolhatod, hogy ennyi g\u0151z\u00f6l\u0151s cigaretta m\u00e9retes, de ez a term\u00e9k meglep\u0151en k\u00f6nny\u0171. K\u00f6r\u00fclbel\u00fcl 120 grammot nyom, \u00e9s k\u00f6nnyen elf\u00e9r egy kab\u00e1tzsebben is. Ha egy megb\u00edzhat\u00f3, kiv\u00e1l\u00f3 \u00edz\u0171 \u00e9s nem ig\u00e9nyel gondos \u00e1pol\u00e1st, akkor ez az ide\u00e1lis v\u00e1laszt\u00e1s.<\/p>\n<h2 data-v-md-heading=\"excellent-performance-easy-and-convenient\" data-v-md-line=\"8\">Kiv\u00e1l\u00f3 teljes\u00edtm\u00e9ny, egyszer\u0171 \u00e9s k\u00e9nyelmes<\/h2>\n<p data-v-md-line=\"9\">A be\u00e9p\u00edtett kett\u0151s 0,9 \u03a9-os h\u00e1l\u00f3s porlaszt\u00f3magok biztos\u00edtj\u00e1k az \u00e1lland\u00f3 \u00edzt az els\u0151 falatt\u00f3l az utols\u00f3ig. A h\u00e1l\u00f3s porlaszt\u00f3mag egyenletesen melegszik fel, \u00edgy sima \u00e9s tiszta \u00edzt biztos\u00edt. Ha az akkumul\u00e1tor lemer\u00fclt, a Type-C csatlakoz\u00f3n kereszt\u00fcl t\u00f6lthet\u0151. Ez ugyanaz az adatk\u00e1bel lehet, amelyet a telefonon is haszn\u00e1l. A LED kijelz\u0151 lehet\u0151v\u00e9 teszi, hogy k\u00f6nnyen meg\u00e9rtse az \u00e1llapotot tal\u00e1lgat\u00e1s n\u00e9lk\u00fcl.<\/p>\n<h2 data-v-md-heading=\"specification-introduction\" data-v-md-line=\"11\">Specifik\u00e1ci\u00f3 Bevezet\u00e9s<\/h2>\n<ul data-v-md-line=\"12\">\n<li>Sz\u00edv\u00e1s gyakoris\u00e1ga: ak\u00e1r 40000-szer<\/li>\n<li>Nikotintartalom: 0%, 2% \u00e9s 5%<\/li>\n<li>M\u0171k\u00f6d\u00e9si elv: Egyetlen f\u00faj\u00e1ssal aktiv\u00e1lhat\u00f3<\/li>\n<li>Charging: Standard Type-C USB interface<\/li>\n<li>\u00c1llapot: Kicsomagol\u00e1s ut\u00e1n haszn\u00e1latra k\u00e9sz<\/li>\n<\/ul>\n<h2 data-v-md-heading=\"full-range-of-flavors\" data-v-md-line=\"18\">Full range of flavors<\/h2>\n<ul data-v-md-line=\"19\">\n<li>G\u00f6r\u00f6gdinnye j\u00e9g \u00e9s citrom-lime<\/li>\n<li>Csereszny\u00e9s sz\u00f3dafagylalt \u00e9s \u00e1fony\u00e1s pillecukor<\/li>\n<li>Eper, g\u00f6r\u00f6gdinnye \u00e9s \u00e1fonya, m\u00e1lna<\/li>\n<li>Red Bull Ice \u00e9s Eper-Mang\u00f3<\/li>\n<li>\u0150szibarackfagylalt \u00e9s anan\u00e1szos mang\u00f3 \u0151szibarack<\/li>\n<li>Sz\u0151l\u0151fagylalt \u00e9s eper kivi<\/li>\n<li>Keverd \u00f6ssze a bogy\u00f3s gy\u00fcm\u00f6lcs\u00f6ket \u00e9s a dupla alm\u00e1s jeget<\/li>\n<li>\u00c1fony\u00e1s limon\u00e1d\u00e9 \u00e9s g\u00f6r\u00f6gdinnye r\u00e1g\u00f3gumi<\/li>\n<li>Eper, m\u00e1lna, cseresznye \u00e9s szerelem 666<\/li>\n<li>Eper, ban\u00e1n, anan\u00e1sz, k\u00f3kuszfagylalt<\/li>\n<li>Eper, g\u00f6r\u00f6gdinnye, r\u00e1g\u00f3gumi \u00e9s vegyes gy\u00fcm\u00f6lcs\u00f6k<\/li>\n<li>Cherry Coke Ice \u00e9s Strawberry M\u00e1lna Cukorka<\/li>\n<li>Savany\u00fa alma, m\u00e1lna, eper \u00edz\u0171<\/li>\n<li>\u0150szibarackos bogy\u00f3s g\u00f6r\u00f6gdinnye-mang\u00f3 \u00edz\u0171<\/li>\n<li>\u00c1fony\u00e1s turmix \u00e9s Fekete S\u00e1rk\u00e1ny turmix<\/li>\n<li>Eper, cseresznye, kivi, maracuja \u00edz<\/li>\n<\/ul>\n<h2 data-v-md-heading=\"for-you-and-for-your-business-as-well\" data-v-md-line=\"36\">Neked, \u00e9s a v\u00e1llalkoz\u00e1sodnak is<\/h2>\n<p data-v-md-line=\"37\">V\u00e1s\u00e1rolhatsz egyet szem\u00e9lyes haszn\u00e1latra, vagy felt\u00f6ltheted az \u00fczletedbe a k\u00e9szleteidet. Waspe dupla \u00edz\u0171, 10 darab\/doboz, 160 darab\/doboz. Ez\u00e1ltal a rendel\u00e9s \u00e9s a k\u00e9szletkezel\u00e9s k\u00e9nyelmesebb.<\/p>\n<p data-v-md-line=\"39\">Megb\u00edzhat\u00f3 partnereken, p\u00e9ld\u00e1ul a UPS-en, a DPD-n \u00e9s a DHL-en kereszt\u00fcl sz\u00e1ll\u00edtunk, v\u00e1mfizet\u00e9ssel fizetve (DDP), \u00edgy kisz\u00e1m\u00edthat\u00f3 sz\u00e1ll\u00edt\u00e1si id\u0151ket kaphatsz, \u00e9s elker\u00fclheted a v\u00e1ratlan helyzeteket a v\u00e1mn\u00e1l. A helyi szab\u00e1lyoz\u00e1sok miatt az ell\u00e1t\u00e1si helyzet \u00e9s a nikotinkoncentr\u00e1ci\u00f3 orsz\u00e1gonk\u00e9nt\/r\u00e9gi\u00f3nk\u00e9nt elt\u00e9r\u0151 lehet.<\/p>\n<h2 data-v-md-heading=\"why-do-you-like-it\" data-v-md-line=\"41\">Mi\u00e9rt tetszik?<\/h2>\n<ul data-v-md-line=\"42\">\n<li>Nagy sz\u00edv\u00f3teljes\u00edtm\u00e9ny: hosszabb \u00e9lettartam, \u00edgy nem kell gyakran \u00fajakat v\u00e1s\u00e1rolni.<\/li>\n<li>Nikotinkoncentr\u00e1ci\u00f3 kiv\u00e1laszt\u00e1sa: V\u00e1lassza ki az \u00d6nnek megfelel\u0151 koncentr\u00e1ci\u00f3t.<\/li>\n<li>\u00dajrat\u00f6lthet\u0151: Minden megv\u00e1s\u00e1rolt e-folyad\u00e9kot felhaszn\u00e1lhatsz.<\/li>\n<li>H\u00e1l\u00f3s tekercs: Egyenletes \u00edz, minden alkalommal sima \u00e9lm\u00e9nyt ny\u00fajt.<\/li>\n<\/ul>\n<h2 data-v-md-heading=\"why-collaborate-with-agoravape\" data-v-md-line=\"47\">Mi\u00e9rt \u00e9rdemes az AgoraVape-pel egy\u00fcttm\u0171k\u00f6dni?<\/h2>\n<p data-v-md-line=\"48\">Csak megb\u00edzhat\u00f3 m\u00e1rk\u00e1k 100% eredeti term\u00e9keit forgalmazzuk. A kereskedelmi v\u00e1s\u00e1rl\u00f3k sz\u00e1m\u00e1ra ez tisztess\u00e9ges nagykereskedelmi \u00e1rakat, megb\u00edzhat\u00f3 t\u00e1mogat\u00e1st, valamint gyors \u00e9s megb\u00edzhat\u00f3 sz\u00e1ll\u00edt\u00e1st jelent a Waspe dual flavor 40000 mouth 2-in-1 LED vapes sz\u00e1m\u00e1ra. Ha olyan eszk\u00f6z\u00f6ket szeretne v\u00e1s\u00e1rolni, amelyeket az ism\u00e9tl\u0151d\u0151 \u00fcgyfelek szeretnek, k\u00e9rj\u00fck, l\u00e9pjen kapcsolatba vel\u00fcnk.<\/p>","protected":false},"excerpt":{"rendered":"<p>Mi a helyzet a Wasp Double Flavor 40000 Mouth 2-in-1 LED vape-vel? Ha belef\u00e1radt\u00e1l abba, hogy a h\u00e9t k\u00f6zep\u00e9n cser\u00e9lgeted a p\u00e1raidat,<\/p>","protected":false},"featured_media":13047,"comment_status":"open","ping_status":"closed","template":"","meta":[],"product_brand":[206],"product_cat":[124,187,185,189,1639,176,177,195,174,175,193,191,173,186,180,190,192,133],"product_tag":[],"class_list":{"0":"post-13017","1":"product","2":"type-product","3":"status-publish","4":"has-post-thumbnail","6":"product_brand-waspe","7":"product_cat-vape-by-brand","8":"product_cat-0mg-nicotine-free-vapes","9":"product_cat-10000-puffs-high-capacity","10":"product_cat-20mg-standard-nicotine-vapes","11":"product_cat-40000-puffs","12":"product_cat-beverage","13":"product_cat-dessert-sweets","14":"product_cat-dual-flavor-switch","15":"product_cat-fruit-flavors","16":"product_cat-icy-mint","17":"product_cat-mesh-coil","18":"product_cat-rechargeable-disposables","19":"product_cat-vape-by-flavor-profile","20":"product_cat-vape-by-nicotine-strength","21":"product_cat-vape-by-puff-count","22":"product_cat-vape-by-feature-or-type","23":"product_cat-vapes-with-screens","24":"product_cat-waspe","26":"first","27":"instock","28":"shipping-taxable","29":"purchasable","30":"product-type-variable","31":"has-default-attributes"},"tiered_pricing_type":"percentage","tiered_pricing_fixed_rules":[],"tiered_pricing_product_settings":{"layout":"default","base_unit_name":{"singular":null,"plural":null},"default_variation":null},"tiered_pricing_minimum_quantity":10,"tiered_pricing_roles_data":[],"tiered_pricing_percentage_rules":{"50":"35","100":"40","200":"44","500":"47","1000":"49"},"tiered_pricing_maximum_quantity":null,"tiered_pricing_quantity_step":"10","_links":{"self":[{"href":"https:\/\/agoravape.com\/hu\/wp-json\/wp\/v2\/product\/13017","targetHints":{"allow":["GET"]}}],"collection":[{"href":"https:\/\/agoravape.com\/hu\/wp-json\/wp\/v2\/product"}],"about":[{"href":"https:\/\/agoravape.com\/hu\/wp-json\/wp\/v2\/types\/product"}],"replies":[{"embeddable":true,"href":"https:\/\/agoravape.com\/hu\/wp-json\/wp\/v2\/comments?post=13017"}],"version-history":[{"count":0,"href":"https:\/\/agoravape.com\/hu\/wp-json\/wp\/v2\/product\/13017\/revisions"}],"wp:featuredmedia":[{"embeddable":true,"href":"https:\/\/agoravape.com\/hu\/wp-json\/wp\/v2\/media\/13047"}],"wp:attachment":[{"href":"https:\/\/agoravape.com\/hu\/wp-json\/wp\/v2\/media?parent=13017"}],"wp:term":[{"taxonomy":"product_brand","embeddable":true,"href":"https:\/\/agoravape.com\/hu\/wp-json\/wp\/v2\/product_brand?post=13017"},{"taxonomy":"product_cat","embeddable":true,"href":"https:\/\/agoravape.com\/hu\/wp-json\/wp\/v2\/product_cat?post=13017"},{"taxonomy":"product_tag","embeddable":true,"href":"https:\/\/agoravape.com\/hu\/wp-json\/wp\/v2\/product_tag?post=13017"}],"curies":[{"name":"wp","href":"https:\/\/api.w.org\/{rel}","templated":true}]}}