{"id":13053,"date":"2025-10-10T20:12:02","date_gmt":"2025-10-10T12:12:02","guid":{"rendered":"https:\/\/green-grasshopper-921422.hostingersite.com\/?post_type=product&#038;p=13053"},"modified":"2026-03-26T13:22:23","modified_gmt":"2026-03-26T12:22:23","slug":"waspe-crystal-40000-puffs-kettos-izu-vape","status":"publish","type":"product","link":"https:\/\/agoravape.com\/hu\/product\/waspe-crystal-40000-puffs-dual-flavor-vape\/","title":{"rendered":"Waspe Crystal 40000 F\u00faj\u00e1s K\u00e9t \u00cdzes Vape | Hatalmas Kapacit\u00e1s K\u00e9t \u00cdzzel Egyben"},"content":{"rendered":"<h2 data-v-md-heading=\"what-are-the-highlights-of-the-waspe-crystal-40000-dual-flavored-vape\" data-v-md-line=\"3\"><\/h2>\n<p><img loading=\"lazy\" decoding=\"async\" class=\"aligncenter size-full wp-image-13071\" src=\"https:\/\/agoravape.com\/wp-content\/uploads\/2025\/10\/Waspe-Crystal-40000-Puffs-Dual-Flavor-Vape_Agora_vape-1.webp\" alt=\"\" width=\"2000\" height=\"1125\" srcset=\"https:\/\/agoravape.com\/wp-content\/uploads\/2025\/10\/Waspe-Crystal-40000-Puffs-Dual-Flavor-Vape_Agora_vape-1.webp 2000w, https:\/\/agoravape.com\/wp-content\/uploads\/2025\/10\/Waspe-Crystal-40000-Puffs-Dual-Flavor-Vape_Agora_vape-1-1200x675.webp 1200w, https:\/\/agoravape.com\/wp-content\/uploads\/2025\/10\/Waspe-Crystal-40000-Puffs-Dual-Flavor-Vape_Agora_vape-1-300x169.webp 300w, https:\/\/agoravape.com\/wp-content\/uploads\/2025\/10\/Waspe-Crystal-40000-Puffs-Dual-Flavor-Vape_Agora_vape-1-1024x576.webp 1024w, https:\/\/agoravape.com\/wp-content\/uploads\/2025\/10\/Waspe-Crystal-40000-Puffs-Dual-Flavor-Vape_Agora_vape-1-768x432.webp 768w, https:\/\/agoravape.com\/wp-content\/uploads\/2025\/10\/Waspe-Crystal-40000-Puffs-Dual-Flavor-Vape_Agora_vape-1-1536x864.webp 1536w\" sizes=\"auto, (max-width: 2000px) 100vw, 2000px\" \/><\/p>\n<h2 data-v-md-heading=\"what-are-the-highlights-of-the-waspe-crystal-40000-dual-flavored-vape\" data-v-md-line=\"3\">Melyek a Waspe Crystal 40000 kett\u0151s \u00edzes\u00edt\u00e9s\u0171 vape legfontosabb tulajdons\u00e1gai?<\/h2>\n<p data-v-md-line=\"4\">Ha nem szeretsz h\u00e9tk\u00f6znapokon vapelni, akkor ez a term\u00e9k biztosan felkelti majd a figyelmedet. A Waspe Crystal egyetlen k\u00e9sz\u00fcl\u00e9k kapacit\u00e1sa ak\u00e1r 40000 falat is, \u00e9s k\u00e9t \u00edzben kaphat\u00f3. \u00c9lvezheted az ultra hossz\u00fa akkumul\u00e1tor-\u00fczemid\u0151t, \u00e9s k\u00fcl\u00f6nb\u00f6z\u0151 \u00edzeket v\u00e1laszthatsz vape-csere n\u00e9lk\u00fcl.<\/p>\n<p data-v-md-line=\"6\">B\u00e1rmely felhaszn\u00e1l\u00f3 sz\u00e1m\u00e1ra alkalmas, aki az egyszer\u0171s\u00e9get, a k\u00f6nny\u0171 kezelhet\u0151s\u00e9get \u00e9s a nagy kapacit\u00e1st keresi. Egyszer\u0171en l\u00e9legezzen be egy nagy leveg\u0151t a cigarettagy\u00fajt\u00e1shoz, \u00e9s a t\u00f6lt\u00e9s a Type-C csatlakoz\u00f3n kereszt\u00fcl megt\u00f6rt\u00e9nik. Nincsenek gombok, k\u00e9nyelmes kezel\u00e9s. A leny\u0171g\u00f6z\u0151 sz\u00e1jsz\u00e1m ellen\u00e9re mind\u00f6ssze 105 grammot nyom, m\u00e9rete pedig 61 \u00d7 31 \u00d7 115 millim\u00e9ter, \u00edgy meglep\u0151en k\u00f6nny\u0171 \u00e9s hordozhat\u00f3.<\/p>\n<h2 data-v-md-heading=\"excellent-performance-easy-and-convenient\" data-v-md-line=\"8\">Kiv\u00e1l\u00f3 teljes\u00edtm\u00e9ny, egyszer\u0171 \u00e9s k\u00e9nyelmes<\/h2>\n<p data-v-md-line=\"9\">0,9 \u03a9-os dupla h\u00e1l\u00f3s tekercs, amely mindig friss\u00edt\u0151 \u00edzt biztos\u00edt. A h\u00e1l\u00f3s tekercs egyenletesen melegszik fel, hogy minden falatban konzisztens \u00edzt biztos\u00edtson. Ha az akkumul\u00e1tor lemer\u00fclt, a megl\u00e9v\u0151 Type-C adatk\u00e1bellel t\u00f6ltheti. A LED kijelz\u0151 lehet\u0151v\u00e9 teszi az akkumul\u00e1tor \u00e1llapot\u00e1nak egyszer\u0171 \u00e1ttekint\u00e9s\u00e9t \u00e9s mindent egy pillant\u00e1ssal vez\u00e9relhet.<\/p>\n<h2 data-v-md-heading=\"specification-introduction\" data-v-md-line=\"11\">Specifik\u00e1ci\u00f3 Bevezet\u00e9s<\/h2>\n<ul data-v-md-line=\"12\">\n<li>Sz\u00edv\u00e1s gyakoris\u00e1ga: ak\u00e1r 40000-szer<\/li>\n<li>Nikotintartalom: 0%, 2% (20 mg), 5%<\/li>\n<li>M\u0171k\u00f6d\u00e9si elv: Bel\u00e9gz\u00e9ssel aktiv\u00e1l\u00f3dik<\/li>\n<li>Charging: Standard Type-C USB interface<\/li>\n<li>Akkumul\u00e1tor: 850mAh<\/li>\n<li>E-folyad\u00e9k kapacit\u00e1sa: 32 milliliter<\/li>\n<li>Porlaszt\u00f3 mag: dupla h\u00e1l\u00f3 0,9 \u03a9\u00d7 2<\/li>\n<li>Kijelz\u0151: LED<\/li>\n<li>M\u00e9ret \u00e9s s\u00faly: 61 \u00d7 31 \u00d7 115 millim\u00e9ter, 105 gramm<\/li>\n<li>\u00c1llapot: Kicsomagol\u00e1s ut\u00e1n haszn\u00e1latra k\u00e9sz<\/li>\n<\/ul>\n<h2 data-v-md-heading=\"multiple-flavor-options\" data-v-md-line=\"23\">T\u00f6bb \u00edzes\u00edt\u00e9si lehet\u0151s\u00e9g<\/h2>\n<ul data-v-md-line=\"24\">\n<li>G\u00f6r\u00f6gdinnye friss\u00edt\u0151, citrom \u00e9s lime \u00edz\u0171<\/li>\n<li>A Red Bull friss\u00edt\u0151 eper-mang\u00f3 \u00edze<\/li>\n<li>Eper, Red Bull, \u00e1fonya, cseresznye \u00edz\u0171<\/li>\n<li>\u00c1fony\u00e1s cukorka, eper, g\u00f6r\u00f6gdinnye \u00edz\u0171<\/li>\n<li>Eper-kiwi, eper-cseresznye \u00edz\u0171<\/li>\n<li>\u00c1fonya, m\u00e1lna, \u0151szibarack, friss\u00edt\u0151 \u00edz<\/li>\n<li>Eper, m\u00e1lna, cseresznye sz\u00edv, 666 \u00edz<\/li>\n<li>\u0150szibarack \u00edz\u0171 j\u00e9gkock\u00e1k g\u00f6r\u00f6gdinny\u00e9vel, mang\u00f3val \u00e9s \u0151szibarackkal p\u00e1ros\u00edtva<\/li>\n<li>Eper, ban\u00e1n, anan\u00e1sz, k\u00f3kusz, j\u00e9gkock\u00e1k<\/li>\n<li>Sz\u0151l\u0151j\u00e9gkock\u00e1k p\u00e1ros\u00edtva Fekete S\u00e1rk\u00e1ny j\u00e9gkock\u00e1kkal<\/li>\n<li>Vegyes bogy\u00f3s m\u00e1lna-citromos v\u00edz<\/li>\n<li>\u00c1fony\u00e1s j\u00e9gkock\u00e1k csereszny\u00e9s k\u00f3l\u00e1s j\u00e9gkock\u00e1kkal p\u00e1ros\u00edtva<\/li>\n<\/ul>\n<h2 data-v-md-heading=\"for-you-for-your-business\" data-v-md-line=\"37\">\u00d6nnek, az \u00d6n v\u00e1llalkoz\u00e1s\u00e1nak<\/h2>\n<p data-v-md-line=\"38\">A Waspe Crystal 40000 p\u00e1r j\u00e9gkock\u00e1t szem\u00e9lyes haszn\u00e1latra v\u00e1laszthatja, vagy megv\u00e1s\u00e1rolhatja \u00fczlet\u00e9be. Nagykereskedelmi csomagol\u00e1s: 10 darab\/doboz, 200 darab\/doboz. Olyan partnerekkel m\u0171k\u00f6d\u00fcnk egy\u00fctt, mint a UPS, a DPD \u00e9s a DHL, hogy DDP sz\u00e1ll\u00edt\u00e1si szolg\u00e1ltat\u00e1sokat ny\u00fajtsunk a v\u00e1melj\u00e1r\u00e1sok lebonyol\u00edt\u00e1s\u00e1hoz \u00e9s a z\u00f6kken\u0151mentes sz\u00e1ll\u00edt\u00e1s biztos\u00edt\u00e1s\u00e1hoz Eur\u00f3pa-szerte.<\/p>\n<p data-v-md-line=\"40\">Nagykereskedelmi v\u00e1s\u00e1rl\u00f3k\u00e9nt k\u00e9rj\u00fck, tudassa vel\u00fcnk piaci ig\u00e9ny\u00e9t. Seg\u00edt\u00fcnk \u00d6nnek a term\u00e9k- \u00e9s \u00edzkombin\u00e1ci\u00f3k megtervez\u00e9s\u00e9ben a gyors sz\u00e1ll\u00edt\u00e1s \u00e9rdek\u00e9ben.<\/p>\n<h2 data-v-md-heading=\"why-do-you-like-it\" data-v-md-line=\"42\">Mi\u00e9rt tetszik?<\/h2>\n<ul data-v-md-line=\"43\">\n<li>Hatalmas sz\u00edv\u00f3er\u0151: Egyszer\u0171en t\u00f6ltse fel a t\u00f6lt\u0151t an\u00e9lk\u00fcl, hogy a k\u00e9szlethi\u00e1ny miatt agg\u00f3dnia kellene<\/li>\n<li>Nikotintartalom kiv\u00e1laszt\u00e1sa: V\u00e1lasszon nikotinmentes, 20 mg-os vagy 50 mg-os v\u00e1ltozatot \u00edzl\u00e9se szerint<\/li>\n<li>\u00dajrat\u00f6lthet\u0151: Minden egyes csepp e-liquid, amit megv\u00e1s\u00e1rolsz, felhaszn\u00e1lhat\u00f3<\/li>\n<li>H\u00e1l\u00f3s tekercs: az els\u0151 falatt\u00f3l az utols\u00f3ig az \u00edze k\u00f6vetkezetes, sima \u00e9s akad\u00e1lytalan<\/li>\n<li>Kett\u0151s \u00edzek: Nem kell k\u00e9t eszk\u00f6zt magaddal vinned az \u00edzek v\u00e1lt\u00e1s\u00e1hoz<\/li>\n<li>LED kijelz\u0151: Gyorsan leolvashat\u00f3 az \u00e1llapot, \u00edgy nem kell tal\u00e1lgatnia<\/li>\n<\/ul>\n<h2 data-v-md-heading=\"important-explanation-on-compliance-and-transparency\" data-v-md-line=\"50\">Fontos magyar\u00e1zat a megfelel\u0151s\u00e9gr\u0151l \u00e9s az \u00e1tl\u00e1that\u00f3s\u00e1gr\u00f3l<\/h2>\n<ul data-v-md-line=\"51\">\n<li>A 40000-szeres n\u00e9vleges sz\u00edv\u00f3kapacit\u00e1s a gy\u00e1rt\u00f3 r\u00f6vid t\u00e1vols\u00e1g\u00fa sz\u00edv\u00f3tesztj\u00e9b\u0151l sz\u00e1rmazik, \u00e9s a t\u00e9nyleges \u00e9rt\u00e9k a haszn\u00e1lati m\u00f3dt\u00f3l f\u00fcgg\u0151en v\u00e1ltozhat.<\/li>\n<li>Ez az eszk\u00f6z 32 milliliteres \u0171rtartalm\u00fa, \u00e9s 5%-os nikotintartalm\u00fa opci\u00f3t is k\u00edn\u00e1l. Ez nem felel meg az EU TPD kiskereskedelmi korl\u00e1toz\u00e1sainak, amelyek 2 milliliteres eldobhat\u00f3 e-folyad\u00e9k \u0171rtartalmat \u00e9s 20 milligrammos nikotintartalmat \u00edrnak el\u0151.<\/li>\n<li>A 2%-os opci\u00f3 megfelel a TPD nikotintartalom-hat\u00e1r\u00e9rt\u00e9k\u00e9nek, de a 32 ml-es \u0171rtartalom nem. Az ell\u00e1t\u00e1si helyzet a helyi el\u0151\u00edr\u00e1sokt\u00f3l f\u00fcgg. K\u00e9rj\u00fck, v\u00e1s\u00e1rl\u00e1s el\u0151tt ellen\u0151rizze az orsz\u00e1g\u00e1ban\/r\u00e9gi\u00f3j\u00e1ban \u00e9rv\u00e9nyes vonatkoz\u00f3 el\u0151\u00edr\u00e1sokat.<\/li>\n<li>A szab\u00e1lyozott EU-s piacon a kereskedelmi v\u00e1s\u00e1rl\u00f3knak kapcsolatba kell l\u00e9pni\u00fck vel\u00fcnk a megfelel\u0151 alternat\u00edv megold\u00e1sok\u00e9rt \u00e9s \u00fatmutat\u00e1s\u00e9rt.<\/li>\n<\/ul>\n<h2 data-v-md-heading=\"why-collaborate-with-agoravape\" data-v-md-line=\"56\">Mi\u00e9rt \u00e9rdemes az AgoraVape-pel egy\u00fcttm\u0171k\u00f6dni?<\/h2>\n<p data-v-md-line=\"57\">Kiz\u00e1r\u00f3lag eredeti berendez\u00e9seket v\u00e1s\u00e1rolunk ellen\u0151rz\u00f6tt csatorn\u00e1kr\u00f3l, \u00e9s egy\u00e9rtelm\u0171 specifik\u00e1ci\u00f3kat, valamint k\u00f6zvetlen v\u00e1laszokat biztos\u00edtunk. Eur\u00f3pa egyik megb\u00edzhat\u00f3 vape-forgalmaz\u00f3jak\u00e9nt korrekt nagykereskedelmi \u00e1rakat, gyors \u00fcgyf\u00e9lszolg\u00e1latot \u00e9s gyors DDP kisz\u00e1ll\u00edt\u00e1st k\u00edn\u00e1lunk. Kapcsolatba l\u00e9phet vel\u00fcnk, ha Waspe Crystal 40000 kett\u0151s \u00edzes\u00edt\u00e9s\u0171 vape-t szeretne rendelni, vagy megtal\u00e1lja az \u00fcgyfelei \u00e1ltal igaz\u00e1n kedvelt, kompatibilis sorozatot.<\/p>","protected":false},"excerpt":{"rendered":"<p>Melyek a Waspe Crystal 40000 kett\u0151s \u00edzes\u00edt\u00e9s\u0171 vape kiemelked\u0151 jellemz\u0151i? Ha nem szereti a h\u00e9tk\u00f6znapokban haszn\u00e1lni a p\u00e1rologtat\u00f3kat, akkor<\/p>","protected":false},"featured_media":13083,"comment_status":"open","ping_status":"closed","template":"","meta":[],"product_brand":[206],"product_cat":[124,187,185,189,1639,176,195,174,175,193,191,179,173,186,180,190,192,133],"product_tag":[],"class_list":{"0":"post-13053","1":"product","2":"type-product","3":"status-publish","4":"has-post-thumbnail","6":"product_brand-waspe","7":"product_cat-vape-by-brand","8":"product_cat-0mg-nicotine-free-vapes","9":"product_cat-10000-puffs-high-capacity","10":"product_cat-20mg-standard-nicotine-vapes","11":"product_cat-40000-puffs","12":"product_cat-beverage","13":"product_cat-dual-flavor-switch","14":"product_cat-fruit-flavors","15":"product_cat-icy-mint","16":"product_cat-mesh-coil","17":"product_cat-rechargeable-disposables","18":"product_cat-unique-blends","19":"product_cat-vape-by-flavor-profile","20":"product_cat-vape-by-nicotine-strength","21":"product_cat-vape-by-puff-count","22":"product_cat-vape-by-feature-or-type","23":"product_cat-vapes-with-screens","24":"product_cat-waspe","26":"first","27":"onbackorder","28":"shipping-taxable","29":"purchasable","30":"product-type-variable","31":"has-default-attributes"},"tiered_pricing_type":"percentage","tiered_pricing_fixed_rules":[],"tiered_pricing_product_settings":{"layout":"default","base_unit_name":{"singular":null,"plural":null},"default_variation":null},"tiered_pricing_minimum_quantity":10,"tiered_pricing_roles_data":[],"tiered_pricing_percentage_rules":{"50":"35","100":"40","200":"44","500":"47","1000":"49"},"tiered_pricing_maximum_quantity":null,"tiered_pricing_quantity_step":"10","_links":{"self":[{"href":"https:\/\/agoravape.com\/hu\/wp-json\/wp\/v2\/product\/13053","targetHints":{"allow":["GET"]}}],"collection":[{"href":"https:\/\/agoravape.com\/hu\/wp-json\/wp\/v2\/product"}],"about":[{"href":"https:\/\/agoravape.com\/hu\/wp-json\/wp\/v2\/types\/product"}],"replies":[{"embeddable":true,"href":"https:\/\/agoravape.com\/hu\/wp-json\/wp\/v2\/comments?post=13053"}],"version-history":[{"count":0,"href":"https:\/\/agoravape.com\/hu\/wp-json\/wp\/v2\/product\/13053\/revisions"}],"wp:featuredmedia":[{"embeddable":true,"href":"https:\/\/agoravape.com\/hu\/wp-json\/wp\/v2\/media\/13083"}],"wp:attachment":[{"href":"https:\/\/agoravape.com\/hu\/wp-json\/wp\/v2\/media?parent=13053"}],"wp:term":[{"taxonomy":"product_brand","embeddable":true,"href":"https:\/\/agoravape.com\/hu\/wp-json\/wp\/v2\/product_brand?post=13053"},{"taxonomy":"product_cat","embeddable":true,"href":"https:\/\/agoravape.com\/hu\/wp-json\/wp\/v2\/product_cat?post=13053"},{"taxonomy":"product_tag","embeddable":true,"href":"https:\/\/agoravape.com\/hu\/wp-json\/wp\/v2\/product_tag?post=13053"}],"curies":[{"name":"wp","href":"https:\/\/api.w.org\/{rel}","templated":true}]}}