{"id":13100,"date":"2025-10-10T20:32:14","date_gmt":"2025-10-10T12:32:14","guid":{"rendered":"https:\/\/green-grasshopper-921422.hostingersite.com\/?post_type=product&#038;p=13100"},"modified":"2026-03-26T13:22:23","modified_gmt":"2026-03-26T12:22:23","slug":"waspe-digitalis-doboz-12000-puffs-lcd-vape","status":"publish","type":"product","link":"https:\/\/agoravape.com\/hu\/product\/waspe-digital-box-12000-puffs-lcd-vape\/","title":{"rendered":"Waspe Digital Box 12000 F\u00faj\u00e1sos LCD Kijelz\u0151s Vape | Hosszantart\u00f3 \u00cdz, Egyszer\u0171 Haszn\u00e1lat"},"content":{"rendered":"<h2 data-v-md-heading=\"what-are-the-advantages-of-waspe-digital-box-12000-lcd-screen-vapes\" data-v-md-line=\"3\">Milyen el\u0151nyei vannak a Waspe Digital Box 12000 LCD k\u00e9perny\u0151s vape-eknek?<\/h2>\n<p data-v-md-line=\"4\">Ha eleged van az eldobhat\u00f3 vape-ekb\u0151l, amik a haszn\u00e1lat elej\u00e9n kifogynak a k\u00e9szletb\u0151l, akkor ez a term\u00e9k sokkal k\u00f6nnyebb\u00e9 teszi a hetedet. A Waspe Digital Box \u00fajrat\u00f6lthet\u0151 akkumul\u00e1torral van felszerelve, amely ak\u00e1r 12000 slukk t\u00e1rol\u00e1s\u00e1ra is alkalmas, \u00edgy val\u00f3j\u00e1ban 20 milliliter e-liquidet haszn\u00e1lhatsz.<\/p>\n<p data-v-md-line=\"6\">Azoknak tervezt\u00e9k, akik megb\u00edzhat\u00f3an, \u00edzletesen \u00e9s k\u00f6nnyed\u00e9n szeretn\u00e9k \u00e9lvezni a vapel\u00e9st. Csak slukkolj egyet az aktiv\u00e1l\u00e1shoz. Az LCD kijelz\u0151 lehet\u0151v\u00e9 teszi, hogy egy pillant\u00e1ssal \u00e1tl\u00e1sd a helyzetet an\u00e9lk\u00fcl, hogy a t\u00f6lt\u00e9s miatt kellene agg\u00f3dnod.<\/p>\n<h2 data-v-md-heading=\"excellent-performance-easy-and-convenient\" data-v-md-line=\"8\">Kiv\u00e1l\u00f3 teljes\u00edtm\u00e9ny, egyszer\u0171 \u00e9s k\u00e9nyelmes<\/h2>\n<p data-v-md-line=\"9\">A h\u00e1l\u00f3s tekercs a k\u00e9sz\u00fcl\u00e9k lelke. Ez\u00e9rt minden falat olyan finom, mint az els\u0151 \u00edzel\u00edt\u0151. Amikor az akkumul\u00e1tor lemer\u00fcl\u0151ben van, a telefonodon esetleg m\u00e1r megl\u00e9v\u0151 Type-C adatk\u00e1bellel csatlakoztathatod a k\u00e9sz\u00fcl\u00e9ket. A k\u00e9perny\u0151n gyorsan megjelennek az \u00e1llapotfriss\u00edt\u00e9sek, \u00edgy mindent vez\u00e9relhetsz an\u00e9lk\u00fcl, hogy a be\u00e1ll\u00edt\u00e1sok miatt kellene agg\u00f3dnod.<\/p>\n<h2 data-v-md-heading=\"specification-introduction\" data-v-md-line=\"11\">Specifik\u00e1ci\u00f3 Bevezet\u00e9s<\/h2>\n<ul data-v-md-line=\"12\">\n<li>Sz\u00edv\u00e1s gyakoris\u00e1ga: ak\u00e1r 12000-szer<\/li>\n<li>Nicotine content: 0%, 2%, 3%, 5%<\/li>\n<li>M\u0171k\u00f6d\u00e9si elv: Egyetlen f\u00faj\u00e1ssal aktiv\u00e1lhat\u00f3<\/li>\n<li>T\u00f6lt\u00e9si m\u00f3d: Standard Type-C USB csatlakoz\u00f3<\/li>\n<li>\u00c1llapot: Kicsomagol\u00e1s ut\u00e1n azonnal haszn\u00e1lhat\u00f3<\/li>\n<li>E-folyad\u00e9k kapacit\u00e1sa: 20 milliliter<\/li>\n<li>Battery: 650mAh rechargeable battery<\/li>\n<li>Porlaszt\u00f3 mag: h\u00e1l\u00f3, 0,8 \u03a9<\/li>\n<li>Kijelz\u0151: LCD k\u00e9perny\u0151<\/li>\n<\/ul>\n<h2 data-v-md-heading=\"full-range-of-flavors\" data-v-md-line=\"22\">Full range of flavors<\/h2>\n<ul data-v-md-line=\"23\">\n<li>G\u00f6r\u00f6gdinnye j\u00e9g<\/li>\n<li>K\u00e9k j\u00e9gp\u00e1lya<\/li>\n<li>Sz\u0151l\u0151fagylalt<\/li>\n<li>Eper g\u00f6r\u00f6gdinnye<\/li>\n<li>Vegyes bogy\u00f3s gy\u00fcm\u00f6lcs\u00f6k<\/li>\n<li>Epres f\u00e1nkok<\/li>\n<li>\u00c1fonya \u00e9s m\u00e1lna<\/li>\n<li>Eper, m\u00e1lna, cseresznye<\/li>\n<li>G\u00f6r\u00f6gdinnye, Mang\u00f3, \u0150szibarack<\/li>\n<li>V\u00f6r\u00f6sboros k\u00f6rtel\u00e9<\/li>\n<\/ul>\n<h2 data-v-md-heading=\"to-create-for-you-and-your-business\" data-v-md-line=\"34\">Alkotni \u00d6nnek \u00e9s v\u00e1llalkoz\u00e1s\u00e1nak<\/h2>\n<p data-v-md-line=\"35\">Hadd v\u00e1lasszak neked egyet m\u00e9g ma! Ha \u00fczletet \u00fczemeltetsz, nagykereskedelmi dobozokban 10 darabot, k\u00fcls\u0151 dobozokban pedig 200 darabot t\u00e1rolhatsz. Minden doboz brutt\u00f3 t\u00f6mege 18,5 kilogramm, m\u00e9retei pedig 690 \u00d7 313 \u00d7 220 millim\u00e9ter.<\/p>\n<p data-v-md-line=\"37\">Megb\u00edzhat\u00f3 partnerekkel, mint p\u00e9ld\u00e1ul a UPS, a DPD \u00e9s a DHL, egy\u00fcttm\u0171k\u00f6d\u00fcnk a teljes eur\u00f3pai DDP sz\u00e1ll\u00edt\u00e1si szolg\u00e1ltat\u00e1sok biztos\u00edt\u00e1s\u00e1ban, biztos\u00edtva, hogy ne \u00e9rje baleset a v\u00e1mon. A dokumentum egy\u00e9rtelm\u0171. Gyors sz\u00e1ll\u00edt\u00e1s. A fizet\u00e9st\u0151l a h\u00e1zhozsz\u00e1ll\u00edt\u00e1sig minden m\u0171velet egy pillant\u00e1ssal \u00e1ttekinthet\u0151.<\/p>\n<h2 data-v-md-heading=\"why-do-you-like-it\" data-v-md-line=\"39\">Mi\u00e9rt tetszik?<\/h2>\n<ul data-v-md-line=\"40\">\n<li>T\u00f6bb szippant\u00e1s: Tart\u00f3s \u00e9s hossz\u00fa \u00e9lettartam\u00fa, nem kell gyakran \u00faj cigarett\u00e1t v\u00e1s\u00e1rolni.<\/li>\n<li>Nikotinkoncentr\u00e1ci\u00f3 kiv\u00e1laszt\u00e1sa: V\u00e1lassza ki a napj\u00e1nak megfelel\u0151 koncentr\u00e1ci\u00f3t.<\/li>\n<li>\u00dajrat\u00f6lthet\u0151: Minden v\u00e1s\u00e1rl\u00e1skor kifogy az e-liquidb\u0151l.<\/li>\n<li>H\u00e1l\u00f3s porlaszt\u00f3mag: Az els\u0151 falatt\u00f3l az utols\u00f3 falatig az \u00edze \u00e1lland\u00f3 marad.<\/li>\n<li>LCD kijelz\u0151: Az \u00e1llapot egy pillant\u00e1ssal \u00e1ttekinthet\u0151, minden k\u00e9zben tarthat\u00f3.<\/li>\n<\/ul>\n<h2 data-v-md-heading=\"why-choose-to-collaborate-with-agoravape\" data-v-md-line=\"46\">Mi\u00e9rt \u00e9rdemes az AgoraVape-pel egy\u00fcttm\u0171k\u00f6dni?<\/h2>\n<p data-v-md-line=\"47\">Kiz\u00e1r\u00f3lag 100%-ban eredeti term\u00e9keket forgalmazunk, \u00e9s ebben semmi k\u00e9ts\u00e9g\u00fcnk sincs. A Waspe Digital Box 12000 LCD k\u00e9perny\u0151s vape-eket v\u00e1s\u00e1rl\u00f3 v\u00e1llalati \u00fcgyfeleink kedvezm\u00e9nyes nagykereskedelmi \u00e1rakat, bar\u00e1ts\u00e1gos \u00fcgyf\u00e9lszolg\u00e1latot, valamint gyors \u00e9s megb\u00edzhat\u00f3 kisz\u00e1ll\u00edt\u00e1st \u00e9lvezhetnek. Szeretn\u00e9 ellen\u0151rizni a term\u00e9k hiteless\u00e9g\u00e9t, vagy nagy t\u00e9telben szeretne rendelni? K\u00e9rj\u00fck, vegye fel vel\u00fcnk a kapcsolatot, \u00e9s mi gondoskodunk a k\u00e9szletr\u0151l, hogy biztos\u00edtsuk a magas visszat\u00e9r\u00e9si ar\u00e1nyt.<\/p>","protected":false},"excerpt":{"rendered":"<p>Milyen el\u0151nyei vannak a Waspe Digital Box 12000 LCD k\u00e9perny\u0151s g\u0151z\u00f6knek? Ha belef\u00e1radt az eldobhat\u00f3 p\u00e1rologtat\u00f3kba, melyek<\/p>","protected":false},"featured_media":13116,"comment_status":"open","ping_status":"closed","template":"","meta":[],"product_brand":[206],"product_cat":[124,187,185,1634,189,174,175,193,191,179,173,186,180,190,192,133],"product_tag":[],"class_list":{"0":"post-13100","1":"product","2":"type-product","3":"status-publish","4":"has-post-thumbnail","6":"product_brand-waspe","7":"product_cat-vape-by-brand","8":"product_cat-0mg-nicotine-free-vapes","9":"product_cat-10000-puffs-high-capacity","10":"product_cat-12000-puffs","11":"product_cat-20mg-standard-nicotine-vapes","12":"product_cat-fruit-flavors","13":"product_cat-icy-mint","14":"product_cat-mesh-coil","15":"product_cat-rechargeable-disposables","16":"product_cat-unique-blends","17":"product_cat-vape-by-flavor-profile","18":"product_cat-vape-by-nicotine-strength","19":"product_cat-vape-by-puff-count","20":"product_cat-vape-by-feature-or-type","21":"product_cat-vapes-with-screens","22":"product_cat-waspe","24":"first","25":"onbackorder","26":"shipping-taxable","27":"purchasable","28":"product-type-variable","29":"has-default-attributes"},"tiered_pricing_type":"percentage","tiered_pricing_fixed_rules":[],"tiered_pricing_product_settings":{"layout":"default","base_unit_name":{"singular":null,"plural":null},"default_variation":null},"tiered_pricing_minimum_quantity":10,"tiered_pricing_roles_data":[],"tiered_pricing_percentage_rules":{"50":"35","100":"40","200":"44","500":"47","1000":"49"},"tiered_pricing_maximum_quantity":null,"tiered_pricing_quantity_step":"10","_links":{"self":[{"href":"https:\/\/agoravape.com\/hu\/wp-json\/wp\/v2\/product\/13100","targetHints":{"allow":["GET"]}}],"collection":[{"href":"https:\/\/agoravape.com\/hu\/wp-json\/wp\/v2\/product"}],"about":[{"href":"https:\/\/agoravape.com\/hu\/wp-json\/wp\/v2\/types\/product"}],"replies":[{"embeddable":true,"href":"https:\/\/agoravape.com\/hu\/wp-json\/wp\/v2\/comments?post=13100"}],"version-history":[{"count":0,"href":"https:\/\/agoravape.com\/hu\/wp-json\/wp\/v2\/product\/13100\/revisions"}],"wp:featuredmedia":[{"embeddable":true,"href":"https:\/\/agoravape.com\/hu\/wp-json\/wp\/v2\/media\/13116"}],"wp:attachment":[{"href":"https:\/\/agoravape.com\/hu\/wp-json\/wp\/v2\/media?parent=13100"}],"wp:term":[{"taxonomy":"product_brand","embeddable":true,"href":"https:\/\/agoravape.com\/hu\/wp-json\/wp\/v2\/product_brand?post=13100"},{"taxonomy":"product_cat","embeddable":true,"href":"https:\/\/agoravape.com\/hu\/wp-json\/wp\/v2\/product_cat?post=13100"},{"taxonomy":"product_tag","embeddable":true,"href":"https:\/\/agoravape.com\/hu\/wp-json\/wp\/v2\/product_tag?post=13100"}],"curies":[{"name":"wp","href":"https:\/\/api.w.org\/{rel}","templated":true}]}}