{"id":13132,"date":"2025-10-10T21:13:29","date_gmt":"2025-10-10T13:13:29","guid":{"rendered":"https:\/\/green-grasshopper-921422.hostingersite.com\/?post_type=product&#038;p=13132"},"modified":"2026-02-14T17:16:39","modified_gmt":"2026-02-14T16:16:39","slug":"uzy-tripla-izek-60k-3in1-vape","status":"publish","type":"product","link":"https:\/\/agoravape.com\/hu\/product\/uzy-triple-flavors-60k-3in1-vape\/","title":{"rendered":"UZY Triple Flavors 60K Puffs 3 az 1-ben LED k\u00e9perny\u0151s vape | H\u00e1rom \u00edz egyben, tart\u00f3sra tervezve"},"content":{"rendered":"<h2 data-v-md-heading=\"what-about-the-uzy-three-in-one-led-screen-vape\" data-v-md-line=\"3\">What about the UZY three in one LED screen vape?<\/h2>\n<p data-v-md-line=\"4\">If you\u2019re tired of disposable cigarette cartridges that run out in a few days, you might want to take a look at this product. The UZY three in one LED screen vape combines three different flavors of cartridges, allowing you to easily switch flavors without changing the vape.<\/p>\n<p data-v-md-line=\"6\">It is suitable for anyone who wants to use it for a long time and with ease and convenience. Just take a gentle puff to use. Clear LED screen displays battery and e-liquid levels. Simply charge through the Type-C interface to continue using. Easy to use.<\/p>\n<h2 data-v-md-heading=\"excellent-performance-easy-and-convenient\" data-v-md-line=\"8\">Kiv\u00e1l\u00f3 teljes\u00edtm\u00e9ny, egyszer\u0171 \u00e9s k\u00e9nyelmes<\/h2>\n<p data-v-md-line=\"9\">Internally, double mesh coils are used to ensure consistent taste from the first bite to the last bite. The LED screen allows you to easily check the battery level and status at a glance, eliminating the need to guess. When charging is needed, simply use the same Type-C data cable as the phone. No need for special chargers, easy and convenient.<\/p>\n<h2 data-v-md-heading=\"specification-overview\" data-v-md-line=\"11\">Specifik\u00e1ci\u00f3 \u00e1ttekint\u00e9se<\/h2>\n<ul data-v-md-line=\"12\">\n<li>Sz\u00edv\u00e1s gyakoris\u00e1ga: ak\u00e1r 60000-szer<\/li>\n<li>Nicotine concentration: provided based on inventory and destination<\/li>\n<li>M\u0171k\u00f6d\u00e9si elv: Egyetlen f\u00faj\u00e1ssal aktiv\u00e1lhat\u00f3<\/li>\n<li>T\u00f6lt\u00e9s: Standard Type-C USB port<\/li>\n<li>Display screen: intelligent LED screen, displaying battery and e-liquid status<\/li>\n<li>Coil: Double mesh coil<\/li>\n<li>E-liquid capacity: Total capacity 54 milliliters (18 milliliters per e-liquid compartment)<\/li>\n<li>Akkumul\u00e1tor: 850 mAh-s \u00fajrat\u00f6lthet\u0151 akkumul\u00e1tor<\/li>\n<li>Weight: Approximately 120 grams per unit<\/li>\n<li>Packaging: 10 units per box. 200 pieces per box<\/li>\n<li>\u00c1llapot: Kicsomagol\u00e1s ut\u00e1n haszn\u00e1latra k\u00e9sz<\/li>\n<li>SKU\uff1aUZY-Tpriple-Flavors-60000-3IN1<\/li>\n<\/ul>\n<h2 data-v-md-heading=\"full-flavor-series\" data-v-md-line=\"25\">Teljes \u00edz\u0171 sorozat<\/h2>\n<ul data-v-md-line=\"26\">\n<li>Blueberries, raspberries, strawberries, kiwis, lemons, and lime<\/li>\n<li>Kiwi passion fruit guava\/blueberry ice\/peach mango<\/li>\n<li>Strawberry watermelon\/Coke ice\/Cherry Coke<\/li>\n<li>Peach Ice\/Strawberry Raspberry Cherry Ice\/Double Apple Ice<\/li>\n<li>Grape Ice\/Love 666 (passion fruit melon)\/Strawberry Red Bull<\/li>\n<li>Mr. Blue\/Teddy Bear Candy\/Red Bull Ice<\/li>\n<li>Peach Mango Pineapple\/Blueberry Ice\/Raspberry Watermelon<\/li>\n<li>Watermelon Ice\/Triple Melon Ice\/Strawberry Banana<\/li>\n<li>Summer Peach Ice\/Strawberry Ice\/Blueberry Ice<\/li>\n<li>Cherry Ice\/Mixed Berry\/Black Dragon Ice<\/li>\n<\/ul>\n<h2 data-v-md-heading=\"for-you-and-your-company\" data-v-md-line=\"37\">\u00d6nnek \u00e9s c\u00e9g\u00e9nek<\/h2>\n<p data-v-md-line=\"38\">You can purchase UZY Triple Flavor 60K for personal use or use it in your store. The wholesale packaging boxes are 10 units, with 200 pieces per box, ensuring orderly inventory planning.<\/p>\n<p data-v-md-line=\"40\">Ad\u00f3k\u00f6teles DDP k\u00e9zbes\u00edt\u00e9si szolg\u00e1ltat\u00e1sokat ny\u00fajtunk megb\u00edzhat\u00f3 partnereken, p\u00e9ld\u00e1ul a UPS-en, a DPD-n \u00e9s a DHL-en kereszt\u00fcl, \u00edgy a jogosult c\u00e9l\u00e1llom\u00e1sokon nem fog balesetbe \u00fctk\u00f6zni a v\u00e1mn\u00e1l. A helyi szab\u00e1lyoz\u00e1sok miatt az ell\u00e1t\u00e1si helyzet \u00e9s a nikotinkoncentr\u00e1ci\u00f3 orsz\u00e1gonk\u00e9nt\/r\u00e9gi\u00f3nk\u00e9nt elt\u00e9r\u0151 lehet. Ha bizonytalan, k\u00e9rj\u00fck, forduljon hozz\u00e1nk, \u00e9s mi \u00fatmutat\u00e1st adunk.<\/p>\n<h2 data-v-md-heading=\"why-do-you-like-it\" data-v-md-line=\"42\">Mi\u00e9rt tetszik?<\/h2>\n<ul data-v-md-line=\"43\">\n<li>Nagy doh\u00e1nyz\u00e1si kapacit\u00e1s: hosszabb akkumul\u00e1tor-\u00fczemid\u0151, nem kell gyakran cser\u00e9lni a vape-eket<\/li>\n<li>Nicotine concentration selection: Choose the nicotine concentration that suits your taste and market<\/li>\n<li>\u00dajrat\u00f6lthet\u0151: Minden megv\u00e1s\u00e1rolt e-folyad\u00e9kot haszn\u00e1lhatsz<\/li>\n<li>H\u00e1l\u00f3s porlaszt\u00f3mag: meg\u0151rzi az \u00edz \u00e1lland\u00f3s\u00e1g\u00e1t, kiel\u00e9g\u00edt\u0151v\u00e9 t\u00e9ve azt<\/li>\n<li>Intelligens LED kijelz\u0151: k\u00f6nnyen leolvashat\u00f3 az akkumul\u00e1tor t\u00f6lt\u00f6tts\u00e9gi szintje \u00e9s a fennmarad\u00f3 e-folyad\u00e9k mennyis\u00e9ge<\/li>\n<li>H\u00e1rom \u00edz: Nem kell eszk\u00f6zt v\u00e1ltani, m\u00e1sodpercek alatt v\u00e1lthat \u00edzeket<\/li>\n<\/ul>\n<h2 data-v-md-heading=\"why-choose-agoravape\" data-v-md-line=\"50\">Mi\u00e9rt v\u00e1lassza az AgoraVape-et?<\/h2>\n<p data-v-md-line=\"51\">Kiz\u00e1r\u00f3lag 100%-ban eredeti, tan\u00fas\u00edtott besz\u00e1ll\u00edt\u00f3kt\u00f3l sz\u00e1rmaz\u00f3 term\u00e9keket forgalmazunk. Kereskedelmi \u00fcgyfeleink rendk\u00edv\u00fcl versenyk\u00e9pes nagykereskedelmi \u00e1rakat, \u00e1tl\u00e1that\u00f3 sz\u00e1ml\u00e1kat, megb\u00edzhat\u00f3 \u00fcgyf\u00e9lszolg\u00e1latot \u00e9s gyors sz\u00e1ll\u00edt\u00e1st \u00e9lvezhetnek az UZY h\u00e1rom az egyben LED-es k\u00e9perny\u0151s vape-ek eset\u00e9ben. Ha tart\u00f3s \u00e9s funkci\u00f3kban gazdag, eldobhat\u00f3 term\u00e9ket keres, \u00e9s rem\u00e9li, hogy \u00fcgyfelei \u00fajra ell\u00e1togatnak hozz\u00e1nk, k\u00e9rj\u00fck, forduljon hozz\u00e1nk bizalommal.<\/p>","protected":false},"excerpt":{"rendered":"<p>&nbsp;<\/p>\n<p><script src=\"chrome-extension:\/\/fpelahbljekknahkcaegamhcndkfpfnc\/iFrame.js\" type=\"text\/javascript\"><\/script><\/p>\n<p><script src=\"chrome-extension:\/\/fpelahbljekknahkcaegamhcndkfpfnc\/iFrame.js\" type=\"text\/javascript\"><\/script><\/p>","protected":false},"featured_media":13153,"comment_status":"open","ping_status":"closed","template":"","meta":[],"product_brand":[207],"product_cat":[124,187,185,189,1642,176,195,1674,174,175,193,191,134,173,186,180,190,192],"product_tag":[],"class_list":{"0":"post-13132","1":"product","2":"type-product","3":"status-publish","4":"has-post-thumbnail","6":"product_brand-uzy","7":"product_cat-vape-by-brand","8":"product_cat-0mg-nicotine-free-vapes","9":"product_cat-10000-puffs-high-capacity","10":"product_cat-20mg-standard-nicotine-vapes","11":"product_cat-60000-puffs","12":"product_cat-beverage","13":"product_cat-dual-flavor-switch","14":"product_cat-eu-warehouse","15":"product_cat-fruit-flavors","16":"product_cat-icy-mint","17":"product_cat-mesh-coil","18":"product_cat-rechargeable-disposables","19":"product_cat-uzy","20":"product_cat-vape-by-flavor-profile","21":"product_cat-vape-by-nicotine-strength","22":"product_cat-vape-by-puff-count","23":"product_cat-vape-by-feature-or-type","24":"product_cat-vapes-with-screens","26":"first","27":"instock","28":"shipping-taxable","29":"purchasable","30":"product-type-variable","31":"has-default-attributes"},"tiered_pricing_type":"percentage","tiered_pricing_fixed_rules":[],"tiered_pricing_product_settings":{"layout":"default","base_unit_name":{"singular":null,"plural":null},"default_variation":null},"tiered_pricing_minimum_quantity":10,"tiered_pricing_roles_data":[],"tiered_pricing_percentage_rules":{"30":"29","50":"35","100":"40","200":"44","500":"47","1000":"49"},"tiered_pricing_maximum_quantity":null,"tiered_pricing_quantity_step":"10","_links":{"self":[{"href":"https:\/\/agoravape.com\/hu\/wp-json\/wp\/v2\/product\/13132","targetHints":{"allow":["GET"]}}],"collection":[{"href":"https:\/\/agoravape.com\/hu\/wp-json\/wp\/v2\/product"}],"about":[{"href":"https:\/\/agoravape.com\/hu\/wp-json\/wp\/v2\/types\/product"}],"replies":[{"embeddable":true,"href":"https:\/\/agoravape.com\/hu\/wp-json\/wp\/v2\/comments?post=13132"}],"version-history":[{"count":0,"href":"https:\/\/agoravape.com\/hu\/wp-json\/wp\/v2\/product\/13132\/revisions"}],"wp:featuredmedia":[{"embeddable":true,"href":"https:\/\/agoravape.com\/hu\/wp-json\/wp\/v2\/media\/13153"}],"wp:attachment":[{"href":"https:\/\/agoravape.com\/hu\/wp-json\/wp\/v2\/media?parent=13132"}],"wp:term":[{"taxonomy":"product_brand","embeddable":true,"href":"https:\/\/agoravape.com\/hu\/wp-json\/wp\/v2\/product_brand?post=13132"},{"taxonomy":"product_cat","embeddable":true,"href":"https:\/\/agoravape.com\/hu\/wp-json\/wp\/v2\/product_cat?post=13132"},{"taxonomy":"product_tag","embeddable":true,"href":"https:\/\/agoravape.com\/hu\/wp-json\/wp\/v2\/product_tag?post=13132"}],"curies":[{"name":"wp","href":"https:\/\/api.w.org\/{rel}","templated":true}]}}