{"id":13178,"date":"2025-10-11T09:15:04","date_gmt":"2025-10-11T01:15:04","guid":{"rendered":"https:\/\/green-grasshopper-921422.hostingersite.com\/?post_type=product&#038;p=13178"},"modified":"2026-01-19T22:08:13","modified_gmt":"2026-01-19T14:08:13","slug":"uzy-tornado-30000-puffs-kettos-izu-vape","status":"publish","type":"product","link":"https:\/\/agoravape.com\/hu\/product\/uzy-tornado-30000-puffs-dual-flavor-vape\/","title":{"rendered":"UZY Tornado 30000 Fuffs Dual Flavor Smart Screen Vape | K\u00e9t \u00edz csapr\u00f3l, tart\u00f3sra tervezve"},"content":{"rendered":"<h2 data-v-md-heading=\"what-exactly-is-the-uzy-crystal-twin-50k-dual-flavor-led-vape\" data-v-md-line=\"3\">Pontosan mi is az UZY Crystal Twin 50K dupla \u00edz\u0171 LED vape?<\/h2>\n<p data-v-md-line=\"4\">Ha eleged van a h\u00e9t k\u00f6zep\u00e9n elhaszn\u00e1lt eldobhat\u00f3 vape-ekb\u0151l, \u00e9rdemes lehet megn\u00e9zned ezt a term\u00e9ket. Az UZY Crystal Twin ak\u00e1r 50000 slukk kapacit\u00e1ssal rendelkezik, \u00e9s egy k\u00e9sz\u00fcl\u00e9k k\u00e9t \u00edzt is k\u00e9pes biztos\u00edtani, \u00edgy k\u00f6nnyed\u00e9n v\u00e1lthatsz \u00edzek k\u00f6z\u00f6tt vape-csere n\u00e9lk\u00fcl. Massz\u00edv \u00e9rzet\u0171, s\u00falya k\u00f6r\u00fclbel\u00fcl 105 gramm, m\u00e9retei pedig k\u00f6r\u00fclbel\u00fcl 61 \u00d7 31 \u00d7 115 millim\u00e9ter, ami k\u00f6zepes m\u00e9ret\u0171 \u00e9s k\u00f6nnyen hordozhat\u00f3.<\/p>\n<p data-v-md-line=\"6\">Ha hosszan tart\u00f3 \u00edzre v\u00e1gysz, nincs ok az aggodalomra, ez a term\u00e9k az ide\u00e1lis v\u00e1laszt\u00e1s. Intelligens LED kijelz\u0151vel van felszerelve, \u00edgy b\u00e1rmikor l\u00e9p\u00e9st tarthatsz a leg\u00fajabb fejleszt\u00e9sekkel. Az \u00e1tl\u00e1tsz\u00f3 krist\u00e1lyh\u00e9jnak k\u00f6sz\u00f6nhet\u0151en rendezett \u00e9s letisztult megjelen\u00e9s\u0171, ak\u00e1r az asztalon, ak\u00e1r a kezedben tartod. Azt gondolhatod, hogy egy ekkora sz\u00edv\u00f3kapacit\u00e1s\u00fa vape neh\u00e9zkes, de meglep\u0151dsz majd, hogy k\u00f6nnyen elf\u00e9r egy kab\u00e1tzsebben is.<\/p>\n<h2 data-v-md-heading=\"excellent-performance-easy-and-convenient\" data-v-md-line=\"8\">Kiv\u00e1l\u00f3 teljes\u00edtm\u00e9ny, egyszer\u0171 \u00e9s k\u00e9nyelmes<\/h2>\n<p data-v-md-line=\"9\">A dupla h\u00e1l\u00f3s tekercsek nagy felel\u0151ss\u00e9get viselnek, \u00edgy minden falat olyan tiszta, mint az els\u0151. K\u00e9t 0,9 \u03a9-os h\u00e1l\u00f3s tekercset egy osztott e-folyad\u00e9k t\u00e1pl\u00e1l, amelynek kapacit\u00e1sa ak\u00e1r 40 milliliteres (\u00edzenk\u00e9nt 20 milliliter). A t\u00e1pegys\u00e9get egy 850 mAh-s \u00fajrat\u00f6lthet\u0151 akkumul\u00e1tor biztos\u00edtja, \u00edgy az olajtart\u00e1lyt alapj\u00e1raton is haszn\u00e1lhatod an\u00e9lk\u00fcl, hogy agg\u00f3dnod kellene az akkumul\u00e1tor lemer\u00fcl\u00e9se miatt. Amikor az akkumul\u00e1tor t\u00f6lt\u00f6tts\u00e9ge alacsony, Type-C adatk\u00e1belt (amely megegyezhet a telefonodon \u00e1ltal\u00e1ban haszn\u00e1lt k\u00e1bellel) haszn\u00e1lhatsz a t\u00f6lt\u00e9shez. Egyszer\u0171.<\/p>\n<h2 data-v-md-heading=\"specification-introduction\" data-v-md-line=\"11\">Specifik\u00e1ci\u00f3 Bevezet\u00e9s<\/h2>\n<p data-v-md-line=\"12\"><strong>Suction frequency<\/strong>ak\u00e1r 50 000 alkalommal<br \/>\n<strong>Nikotintartalom<\/strong>: 0%\/2%\/3%\/5%<br \/>\n<strong>Haszn\u00e1lat<\/strong>Aktiv\u00e1l\u00e1shoz sz\u00edvj egy slukkot<br \/>\n<strong>T\u00f6lt\u00e9s<\/strong>Standard C t\u00edpus\u00fa USB csatlakoz\u00f3<br \/>\n<strong>\u00c1llapot<\/strong>Kicsomagol\u00e1s ut\u00e1n haszn\u00e1latra k\u00e9sz<\/p>\n<h2 data-v-md-heading=\"full-range-of-flavors\" data-v-md-line=\"18\">Full range of flavors<\/h2>\n<ul data-v-md-line=\"19\">\n<li>\u00c1fony\u00e1s \u00e9s ny\u00e1ri \u0151szibarackos turmix<\/li>\n<li>Kiwi, maracuja, gr\u00e1n\u00e1talma \u00e9s \u00e1fonya, m\u00e1lna<\/li>\n<li>Eper-kiwi sz\u0151l\u0151turmix<\/li>\n<li>Kiwi, maracuja, guava \u00e9s dupla alma<\/li>\n<li>Eper, g\u00f6r\u00f6gdinnye \u00e9s citrom-lime<\/li>\n<li>\u00c1fonya, m\u00e1lna, cseresznye, turmixok<\/li>\n<li>Eper M\u00e1lna Cseresznye \u00e9s Mr. Blue<\/li>\n<li>\u0150szibarack, mang\u00f3, anan\u00e1sz \u00e9s Red Bull<\/li>\n<li>G\u00f6r\u00f6gdinnye turmix vegyes bogy\u00f3s gy\u00fcm\u00f6lcs\u00f6kkel<\/li>\n<li>Eper-ban\u00e1n-szerelem 66 (maracuja-dinnye turmix)<\/li>\n<\/ul>\n<h2 data-v-md-heading=\"to-create-for-you-and-your-business\" data-v-md-line=\"30\">Alkotni \u00d6nnek \u00e9s v\u00e1llalkoz\u00e1s\u00e1nak<\/h2>\n<p data-v-md-line=\"31\">Kiv\u00e1laszthat egy eszk\u00f6zt saj\u00e1t haszn\u00e1latra, vagy felhalmozhat bel\u0151le az \u00fczlet\u00e9be. Ha nagy t\u00e9telben szeretne v\u00e1s\u00e1rolni, a nagykereskedelmi csomagol\u00e1s dobozonk\u00e9nt 10, dobozonk\u00e9nt pedig 200 egys\u00e9get tartalmaz. DDP sz\u00e1ll\u00edt\u00e1si szolg\u00e1ltat\u00e1sokat ny\u00fajtunk megb\u00edzhat\u00f3 partnereken, p\u00e9ld\u00e1ul a UPS-en, a DPD-n \u00e9s a DHL-en kereszt\u00fcl, \u00edgy a v\u00e1mtarif\u00e1kat el\u0151re feldolgozhatjuk a v\u00e1mbalesetek elker\u00fcl\u00e9se \u00e9rdek\u00e9ben.<\/p>\n<p data-v-md-line=\"33\">Ha t\u00f6bbf\u00e9le nikotinkoncentr\u00e1ci\u00f3ra van sz\u00fcks\u00e9ge, k\u00fcl\u00f6nb\u00f6z\u0151 koncentr\u00e1ci\u00f3j\u00fa, p\u00e9ld\u00e1ul 0%, 2%, 3% \u00e9s 5%-os nikotinterm\u00e9keket k\u00edn\u00e1lunk, amelyek k\u00f6z\u00fcl v\u00e1laszthat. A letisztult \u00edzkombin\u00e1ci\u00f3k \u00e9s az egys\u00e9ges k\u00fcls\u0151 kialak\u00edt\u00e1s rendet tart polcain \u00e9s kiel\u00e9g\u00edti v\u00e1s\u00e1rl\u00f3it.<\/p>\n<h2 data-v-md-heading=\"why-do-you-like-it\" data-v-md-line=\"35\">Mi\u00e9rt tetszik?<\/h2>\n<p data-v-md-line=\"36\"><strong>Heavy Smoking<\/strong>: Durable and long-lasting, no need to frequently purchase new cigarettes.<br \/>\n<strong>Nikotin kiv\u00e1laszt\u00e1s<\/strong>Kiv\u00e1laszthatja az \u00d6nnek legmegfelel\u0151bb koncentr\u00e1ci\u00f3t.<br \/>\n<strong>\u00dajrat\u00f6lthet\u0151<\/strong>: azt jelenti, hogy az \u00f6sszes megv\u00e1s\u00e1rolt e-folyad\u00e9kot haszn\u00e1lhatod.<br \/>\n<strong>H\u00e1l\u00f3s tekercsek<\/strong>: minden alkalommal k\u00f6vetkezetes \u00e9s \u00edzletes \u00e9lm\u00e9nyt ny\u00fajt.<\/p>\n<h2 data-v-md-heading=\"why-collaborate-with-agoravape\" data-v-md-line=\"41\">Mi\u00e9rt \u00e9rdemes az AgoraVape-pel egy\u00fcttm\u0171k\u00f6dni?<\/h2>\n<p data-v-md-line=\"42\">Csak megb\u00edzhat\u00f3 forr\u00e1sb\u00f3l sz\u00e1rmaz\u00f3 100% eredeti term\u00e9keket k\u00edn\u00e1lunk, \u00e9s felel\u0151sek vagyunk az \u00e1ltalunk \u00e9rt\u00e9kes\u00edtett term\u00e9kek\u00e9rt. A kereskedelmi \u00fcgyfelek sz\u00e1m\u00e1ra ez kedvezm\u00e9nyes nagykereskedelmi \u00e1rakat, megb\u00edzhat\u00f3 \u00fcgyf\u00e9lszolg\u00e1latot, valamint gyors \u00e9s megb\u00edzhat\u00f3 DDP-sz\u00e1ll\u00edt\u00e1st jelent Eur\u00f3p\u00e1n bel\u00fcl. \u00dcdv\u00f6z\u00f6lj\u00fck, hogy megvitassa vel\u00fcnk az UZY Crystal Twin 50K Puffs dual flavor LED vape-t, \u00e9s tegye ezt a kipr\u00f3b\u00e1lt \u00e9s n\u00e9pszer\u0171 term\u00e9ket a polcaira.<\/p>","protected":false},"excerpt":{"rendered":"<p>&nbsp;<\/p>","protected":false},"featured_media":13194,"comment_status":"open","ping_status":"closed","template":"","meta":[],"product_brand":[207],"product_cat":[124,187,185,189,1637,194,195,174,175,193,191,134,173,186,180,190,192],"product_tag":[],"class_list":{"0":"post-13178","1":"product","2":"type-product","3":"status-publish","4":"has-post-thumbnail","6":"product_brand-uzy","7":"product_cat-vape-by-brand","8":"product_cat-0mg-nicotine-free-vapes","9":"product_cat-10000-puffs-high-capacity","10":"product_cat-20mg-standard-nicotine-vapes","11":"product_cat-30000-puffs","12":"product_cat-adjustable-airflow","13":"product_cat-dual-flavor-switch","14":"product_cat-fruit-flavors","15":"product_cat-icy-mint","16":"product_cat-mesh-coil","17":"product_cat-rechargeable-disposables","18":"product_cat-uzy","19":"product_cat-vape-by-flavor-profile","20":"product_cat-vape-by-nicotine-strength","21":"product_cat-vape-by-puff-count","22":"product_cat-vape-by-feature-or-type","23":"product_cat-vapes-with-screens","25":"first","26":"onbackorder","27":"shipping-taxable","28":"purchasable","29":"product-type-variable","30":"has-default-attributes"},"tiered_pricing_type":"percentage","tiered_pricing_fixed_rules":[],"tiered_pricing_product_settings":{"layout":"default","base_unit_name":{"singular":null,"plural":null},"default_variation":null},"tiered_pricing_minimum_quantity":10,"tiered_pricing_roles_data":[],"tiered_pricing_percentage_rules":{"30":"29","50":"35","100":"40","200":"44","500":"47","1000":"49"},"tiered_pricing_maximum_quantity":null,"tiered_pricing_quantity_step":"10","_links":{"self":[{"href":"https:\/\/agoravape.com\/hu\/wp-json\/wp\/v2\/product\/13178","targetHints":{"allow":["GET"]}}],"collection":[{"href":"https:\/\/agoravape.com\/hu\/wp-json\/wp\/v2\/product"}],"about":[{"href":"https:\/\/agoravape.com\/hu\/wp-json\/wp\/v2\/types\/product"}],"replies":[{"embeddable":true,"href":"https:\/\/agoravape.com\/hu\/wp-json\/wp\/v2\/comments?post=13178"}],"version-history":[{"count":0,"href":"https:\/\/agoravape.com\/hu\/wp-json\/wp\/v2\/product\/13178\/revisions"}],"wp:featuredmedia":[{"embeddable":true,"href":"https:\/\/agoravape.com\/hu\/wp-json\/wp\/v2\/media\/13194"}],"wp:attachment":[{"href":"https:\/\/agoravape.com\/hu\/wp-json\/wp\/v2\/media?parent=13178"}],"wp:term":[{"taxonomy":"product_brand","embeddable":true,"href":"https:\/\/agoravape.com\/hu\/wp-json\/wp\/v2\/product_brand?post=13178"},{"taxonomy":"product_cat","embeddable":true,"href":"https:\/\/agoravape.com\/hu\/wp-json\/wp\/v2\/product_cat?post=13178"},{"taxonomy":"product_tag","embeddable":true,"href":"https:\/\/agoravape.com\/hu\/wp-json\/wp\/v2\/product_tag?post=13178"}],"curies":[{"name":"wp","href":"https:\/\/api.w.org\/{rel}","templated":true}]}}