{"id":13204,"date":"2025-10-11T09:36:55","date_gmt":"2025-10-11T01:36:55","guid":{"rendered":"https:\/\/green-grasshopper-921422.hostingersite.com\/?post_type=product&#038;p=13204"},"modified":"2026-01-30T17:32:44","modified_gmt":"2026-01-30T09:32:44","slug":"uzy-crystal-4-az-1-ben-100k-quad-aroma-vape","status":"publish","type":"product","link":"https:\/\/agoravape.com\/hu\/product\/uzy-crystal-4-in-1-100k-quad-flavor-vape\/","title":{"rendered":"UZY Crystal 4 az 1-ben 100K Puffok | N\u00e9gy \u00edz, egy \u00fajrat\u00f6lthet\u0151 k\u00e9sz\u00fcl\u00e9k"},"content":{"rendered":"<h2 data-v-md-heading=\"what-about-the-uzy-crystal-four-in-one-100000-mouth-four-flavored-vape\" data-v-md-line=\"3\"><img loading=\"lazy\" decoding=\"async\" class=\"aligncenter size-full wp-image-13226\" src=\"https:\/\/agoravape.com\/wp-content\/uploads\/2025\/10\/UZY-Crystal-4-in-1-100K-Puffs-Quad-Flavor-Vape_Agora_vape-11-scaled.webp\" alt=\"\" width=\"2560\" height=\"1424\" srcset=\"https:\/\/agoravape.com\/wp-content\/uploads\/2025\/10\/UZY-Crystal-4-in-1-100K-Puffs-Quad-Flavor-Vape_Agora_vape-11-scaled.webp 2560w, https:\/\/agoravape.com\/wp-content\/uploads\/2025\/10\/UZY-Crystal-4-in-1-100K-Puffs-Quad-Flavor-Vape_Agora_vape-11-scaled-1200x668.webp 1200w, https:\/\/agoravape.com\/wp-content\/uploads\/2025\/10\/UZY-Crystal-4-in-1-100K-Puffs-Quad-Flavor-Vape_Agora_vape-11-300x167.webp 300w, https:\/\/agoravape.com\/wp-content\/uploads\/2025\/10\/UZY-Crystal-4-in-1-100K-Puffs-Quad-Flavor-Vape_Agora_vape-11-1024x570.webp 1024w, https:\/\/agoravape.com\/wp-content\/uploads\/2025\/10\/UZY-Crystal-4-in-1-100K-Puffs-Quad-Flavor-Vape_Agora_vape-11-768x427.webp 768w, https:\/\/agoravape.com\/wp-content\/uploads\/2025\/10\/UZY-Crystal-4-in-1-100K-Puffs-Quad-Flavor-Vape_Agora_vape-11-1536x854.webp 1536w, https:\/\/agoravape.com\/wp-content\/uploads\/2025\/10\/UZY-Crystal-4-in-1-100K-Puffs-Quad-Flavor-Vape_Agora_vape-11-2048x1139.webp 2048w\" sizes=\"auto, (max-width: 2560px) 100vw, 2560px\" \/><\/h2>\n<h2 data-v-md-heading=\"what-about-the-uzy-crystal-four-in-one-100000-mouth-four-flavored-vape\" data-v-md-line=\"3\">Mi a helyzet az UZY Crystal n\u00e9gy az egyben 100000 sz\u00e1j\u00fa, n\u00e9gy \u00edzes\u00edtett vape-pel?<\/h2>\n<p data-v-md-line=\"4\">Ha eleged van abb\u00f3l, hogy p\u00e1r naponta cser\u00e9lgeted a k\u00e9sz\u00fcl\u00e9keidet, ez a term\u00e9k megk\u00f6nny\u00edti az \u00e9letedet. Az UZY Crystal n\u00e9gy az egyben ak\u00e1r 100 000 falatnyi ital elk\u00e9sz\u00edt\u00e9s\u00e9re is alkalmas, \u00e9s n\u00e9gy egyedi \u00edzzel rendelkezik, mindezt egy egyszer\u0171, krist\u00e1lytiszta k\u00e9sz\u00fcl\u00e9kben. Nem kell er\u0151lk\u00f6dn\u00f6d, csak v\u00e1laszd ki a hangulatodnak megfelel\u0151 \u00edzes\u00edt\u0151 csomagot.<\/p>\n<p data-v-md-line=\"6\">Ha hossz\u00fa akkumul\u00e1tor-\u00fczemid\u0151re, megb\u00edzhat\u00f3 \u00edzre \u00e9s arra t\u00f6rekszel, hogy szabadon v\u00e1lthass az \u00edzek k\u00f6z\u00f6tt an\u00e9lk\u00fcl, hogy nagy zacsk\u00f3 eldobhat\u00f3 e-liquidet kellene cipelned, akkor ez a term\u00e9k az ide\u00e1lis v\u00e1laszt\u00e1s. Azt gondolhatod, hogy egy ilyen nagy kapacit\u00e1s\u00fa vape neh\u00e9zkes, de meglep\u0151dsz majd, hogy mind\u00f6ssze 140 grammot nyom, \u00e9s nagyon k\u00e9nyelmesen hordozhat\u00f3.<\/p>\n<h2 data-v-md-heading=\"excellent-performance-easy-and-convenient\" data-v-md-line=\"8\">Kiv\u00e1l\u00f3 teljes\u00edtm\u00e9ny, egyszer\u0171 \u00e9s k\u00e9nyelmes<\/h2>\n<p data-v-md-line=\"9\">A k\u00e9sz\u00fcl\u00e9k magja egy n\u00e9gyszeres h\u00e1l\u00f3s tekercset (1,0 \u03a9) haszn\u00e1l, hogy az els\u0151 falatt\u00f3l az utols\u00f3ig \u00e1lland\u00f3 \u00edzt biztos\u00edtson. Az 56 ml-es e-liquid kapacit\u00e1s \u00e9s a 650 mAh-s \u00fajrat\u00f6lthet\u0151 akkumul\u00e1tor z\u00f6kken\u0151mentes \u00e9s \u00e9lvezetes \u00e9lm\u00e9nyt ny\u00fajt. Az intelligens LED-kijelz\u0151 lehet\u0151v\u00e9 teszi, hogy egy pillant\u00e1ssal \u00e1ttekinthesd a leg\u00fajabb fejleszt\u00e9seket. Ha az akkumul\u00e1tor lemer\u00fclt, a telefonodon esetleg haszn\u00e1lt Type-C adatk\u00e1bellel t\u00f6ltheted a k\u00e9sz\u00fcl\u00e9ket. Csak slukkolj egyet az aktiv\u00e1l\u00e1shoz. K\u00f6nnyen haszn\u00e1lhat\u00f3.<\/p>\n<h2 data-v-md-heading=\"specification-overview\" data-v-md-line=\"11\">Specifik\u00e1ci\u00f3 \u00e1ttekint\u00e9se<\/h2>\n<ul data-v-md-line=\"12\">\n<li>Sz\u00edv\u00e1si gyakoris\u00e1g: ak\u00e1r 100 000 alkalommal<\/li>\n<li>Nikotintartalom: 0%, 2%, 3%, 5% (a konkr\u00e9t k\u00edn\u00e1lat r\u00e9gi\u00f3nk\u00e9nt elt\u00e9r\u0151 lehet)<\/li>\n<li>M\u0171k\u00f6d\u00e9si elv: Egyetlen f\u00faj\u00e1ssal aktiv\u00e1lhat\u00f3<\/li>\n<li>T\u00f6lt\u00e9si m\u00f3d: Standard Type-C USB csatlakoz\u00f3<\/li>\n<li>\u00c1llapot: Kicsomagol\u00e1s ut\u00e1n azonnal haszn\u00e1lhat\u00f3<\/li>\n<\/ul>\n<h2 data-v-md-heading=\"multiple-flavor-options\" data-v-md-line=\"18\">T\u00f6bb \u00edzes\u00edt\u00e9si lehet\u0151s\u00e9g<\/h2>\n<p data-v-md-line=\"19\">10 \u00edz k\u00f6z\u00fcl v\u00e1laszthat. Minden eszk\u00f6z n\u00e9gy \u00edzt tartalmaz:<\/p>\n<ul data-v-md-line=\"20\">\n<li>1. szett: Eper-g\u00f6r\u00f6gdinnye, \u00e1fony\u00e1s turmix, \u00e1fony\u00e1s-m\u00e1ln\u00e1s-csereszny\u00e9s turmix, csereszny\u00e9s-sz\u00f3da turmix<\/li>\n<li>2. szett: \u0150szibarack turmix, \u00e1fonya-cseresznye, energiaital, g\u00f6r\u00f6gdinnye-licsi<\/li>\n<li>3. szett: \u00c1fony\u00e1s turmix, epres-ban\u00e1nos, dupla alma, sziv\u00e1rv\u00e1nycukor<\/li>\n<li>4. szett: Cseresznyeturmix, sz\u0151l\u0151turmix, maracuja-mang\u00f3, sz\u00edv 66<\/li>\n<li>5. szett: \u00c1fony\u00e1s turmix, mang\u00f3, \u0151szibarack, s\u00e1rgabarack, kivi, maracuja, guava, feh\u00e9r \u0151szibarack, m\u00e1lna<\/li>\n<li>6. szett: \u0150szibarack, Mang\u00f3, Anan\u00e1sz, \u00c1fonya, M\u00e1lna, Citrom, Lime, G\u00f6r\u00f6gdinnye R\u00e1g\u00f3gumi<\/li>\n<li>7. szett: Vegyes bogy\u00f3s gy\u00fcm\u00f6lcs, maracuja, kivi, lime, \u00e1fonya, sz\u0151l\u0151, eper, kivi<\/li>\n<li>8. szett: Eperturmix, gumimaci, g\u00f6r\u00f6gdinnye s\u00e1rk\u00e1nygy\u00fcm\u00f6lcs, \u00e1fonya-kiwi<\/li>\n<li>9. szett: G\u00f6r\u00f6gdinnye turmix, \u00e1fony\u00e1s-cseresznye, g\u00f6r\u00f6gdinnye-savany\u00fa \u0151szibarack \u00edz, maracuja \u00edz, egzotikus gy\u00fcm\u00f6lcs \u00edz<\/li>\n<li>T\u00edz darabos k\u00e9szlet: Eper-mang\u00f3 \u00edz\u0171, Mr. Blue \u00edz\u0171, Ny\u00e1ri \u0151szibarack \u00edz\u0171, Fekete j\u00e9g \u00edz\u0171<\/li>\n<\/ul>\n<h2 data-v-md-heading=\"for-you-and-for-your-business-as-well\" data-v-md-line=\"31\">Neked, \u00e9s a v\u00e1llalkoz\u00e1sodnak is<\/h2>\n<p data-v-md-line=\"32\">Szeretn\u00e9l saj\u00e1t r\u00e9szre v\u00e1s\u00e1rolni? K\u00fcl\u00f6n is megv\u00e1s\u00e1rolhatod, hogy \u00e9lvezhesd a hossz\u00fa akkumul\u00e1tor-\u00fczemid\u0151t \u00e9s a k\u00e9nyelmes t\u00f6lt\u00e9st. Ha ink\u00e1bb a saj\u00e1t \u00fczletedbe szeretn\u00e9l beszerezni, nagykereskedelmi \u00e1ron is tudunk v\u00e1s\u00e1rolni.<\/p>\n<p data-v-md-line=\"34\">A kereskedelmi v\u00e1s\u00e1rl\u00f3k dobozonk\u00e9nt 10 darabot rendelhetnek, dobozonk\u00e9nt 120 darabbal \u00e9s dobozonk\u00e9nt 18 kilogramm brutt\u00f3 s\u00falyig. DDP sz\u00e1ll\u00edt\u00e1si szolg\u00e1ltat\u00e1sokat ny\u00fajtunk megb\u00edzhat\u00f3 partnereken, p\u00e9ld\u00e1ul a UPS-en, a DPD-n \u00e9s a DHL-en kereszt\u00fcl, hogy biztos\u00edtsuk az EU-ba vagy az Egyes\u00fclt Kir\u00e1lys\u00e1gba t\u00f6rt\u00e9n\u0151 z\u00f6kken\u0151mentes sz\u00e1ll\u00edt\u00e1st \u00e9s elker\u00fclj\u00fck a v\u00e1mbaleseteket.<\/p>\n<h2 data-v-md-heading=\"why-do-you-like-it\" data-v-md-line=\"36\">Mi\u00e9rt tetszik?<\/h2>\n<ul data-v-md-line=\"37\">\n<li>T\u00f6meges doh\u00e1nyz\u00e1s: Tart\u00f3s \u00e9s hossz\u00fa \u00e9lettartam\u00fa, nem kell gyakran \u00faj cigarett\u00e1t v\u00e1s\u00e1rolni.<\/li>\n<li>Nikotin kiv\u00e1laszt\u00e1sa: V\u00e1lassza ki az \u00d6nnek megfelel\u0151 koncentr\u00e1ci\u00f3t.<\/li>\n<li>\u00dajrat\u00f6lthet\u0151: Haszn\u00e1ld fel az \u00f6sszes e-folyad\u00e9kot, ami\u00e9rt fizetsz.<\/li>\n<li>H\u00e1l\u00f3s tekercs: N\u00e9gyes h\u00e1l\u00f3s szerkezet\u00e9nek k\u00f6sz\u00f6nhet\u0151en \u00e1lland\u00f3 \u00edzt biztos\u00edt, \u00e9s \u00e9lvezetes.<\/li>\n<li>N\u00e9gy az egyben: Eszk\u00f6zcsere n\u00e9lk\u00fcl v\u00e1lthatsz \u00edzeket.<\/li>\n<li>Intelligens LED kijelz\u0151: k\u00e9nyelmes \u00e9s egy\u00e9rtelm\u0171 \u00e1llapotjelz\u00e9s egy pillant\u00e1ssal.<\/li>\n<\/ul>\n<h2 data-v-md-heading=\"why-collaborate-with-agoravape\" data-v-md-line=\"44\">Mi\u00e9rt \u00e9rdemes az AgoraVape-pel egy\u00fcttm\u0171k\u00f6dni?<\/h2>\n<p data-v-md-line=\"45\">Kiz\u00e1r\u00f3lag 100%-ban eredeti berendez\u00e9seket forgalmazunk, ami megb\u00edzhat\u00f3 k\u00e9szletet \u00e9s el\u00e9gedett \u00fcgyfeleket jelent. Az UZY Crystal n\u00e9gy az egyben 100 000 f\u00faj\u00e1snyi, n\u00e9gy \u00edzes\u00edtett vape-rel kedvezm\u00e9nyes nagykereskedelmi \u00e1rakat, gyors \u00e9rt\u00e9kes\u00edt\u00e9s ut\u00e1ni szolg\u00e1ltat\u00e1st \u00e9s gyors ad\u00f3fizet\u00e9st k\u00edn\u00e1lunk. L\u00e9pjen kapcsolatba vel\u00fcnk, \u00e9s hozzon l\u00e9tre visszat\u00e9r\u0151 \u00fcgyfeleinek sz\u00e1nt term\u00e9keket.<\/p>\n<p data-v-md-line=\"47\">Megjegyz\u00e9s: A nikotinkoncentr\u00e1ci\u00f3 \u00e9s a term\u00e9k el\u00e9rhet\u0151s\u00e9ge orsz\u00e1gonk\u00e9nt\/r\u00e9gi\u00f3nk\u00e9nt elt\u00e9r\u0151 lehet. K\u00e9rj\u00fck, rendel\u00e9s el\u0151tt ellen\u0151rizze a helyi el\u0151\u00edr\u00e1sokat.<\/p>\n<p data-v-md-line=\"47\"><img loading=\"lazy\" decoding=\"async\" class=\"aligncenter size-full wp-image-13227\" src=\"https:\/\/agoravape.com\/wp-content\/uploads\/2025\/10\/UZY-Crystal-4-in-1-100K-Puffs-Quad-Flavor-Vape_Agora_vape-12-scaled.webp\" alt=\"\" width=\"2560\" height=\"2560\" srcset=\"https:\/\/agoravape.com\/wp-content\/uploads\/2025\/10\/UZY-Crystal-4-in-1-100K-Puffs-Quad-Flavor-Vape_Agora_vape-12-scaled.webp 2560w, https:\/\/agoravape.com\/wp-content\/uploads\/2025\/10\/UZY-Crystal-4-in-1-100K-Puffs-Quad-Flavor-Vape_Agora_vape-12-scaled-600x600.webp 600w, https:\/\/agoravape.com\/wp-content\/uploads\/2025\/10\/UZY-Crystal-4-in-1-100K-Puffs-Quad-Flavor-Vape_Agora_vape-12-scaled-1200x1200.webp 1200w, https:\/\/agoravape.com\/wp-content\/uploads\/2025\/10\/UZY-Crystal-4-in-1-100K-Puffs-Quad-Flavor-Vape_Agora_vape-12-300x300.webp 300w, https:\/\/agoravape.com\/wp-content\/uploads\/2025\/10\/UZY-Crystal-4-in-1-100K-Puffs-Quad-Flavor-Vape_Agora_vape-12-1024x1024.webp 1024w, https:\/\/agoravape.com\/wp-content\/uploads\/2025\/10\/UZY-Crystal-4-in-1-100K-Puffs-Quad-Flavor-Vape_Agora_vape-12-150x150.webp 150w, https:\/\/agoravape.com\/wp-content\/uploads\/2025\/10\/UZY-Crystal-4-in-1-100K-Puffs-Quad-Flavor-Vape_Agora_vape-12-768x768.webp 768w, https:\/\/agoravape.com\/wp-content\/uploads\/2025\/10\/UZY-Crystal-4-in-1-100K-Puffs-Quad-Flavor-Vape_Agora_vape-12-1536x1536.webp 1536w, https:\/\/agoravape.com\/wp-content\/uploads\/2025\/10\/UZY-Crystal-4-in-1-100K-Puffs-Quad-Flavor-Vape_Agora_vape-12-2048x2048.webp 2048w\" sizes=\"auto, (max-width: 2560px) 100vw, 2560px\" \/><\/p>","protected":false},"excerpt":{"rendered":"<p>&nbsp;<\/p>\n<p><script src=\"chrome-extension:\/\/fpelahbljekknahkcaegamhcndkfpfnc\/iFrame.js\" type=\"text\/javascript\"><\/script><\/p>\n<p><script src=\"chrome-extension:\/\/fpelahbljekknahkcaegamhcndkfpfnc\/iFrame.js\" type=\"text\/javascript\"><\/script><\/p>\n<p><script src=\"chrome-extension:\/\/fpelahbljekknahkcaegamhcndkfpfnc\/iFrame.js\" type=\"text\/javascript\"><\/script><\/p>","protected":false},"featured_media":13225,"comment_status":"open","ping_status":"closed","template":"","meta":[],"product_brand":[207],"product_cat":[124,187,185,189,176,177,195,174,175,193,191,134,173,186,180,190,192],"product_tag":[],"class_list":{"0":"post-13204","1":"product","2":"type-product","3":"status-publish","4":"has-post-thumbnail","6":"product_brand-uzy","7":"product_cat-vape-by-brand","8":"product_cat-0mg-nicotine-free-vapes","9":"product_cat-10000-puffs-high-capacity","10":"product_cat-20mg-standard-nicotine-vapes","11":"product_cat-beverage","12":"product_cat-dessert-sweets","13":"product_cat-dual-flavor-switch","14":"product_cat-fruit-flavors","15":"product_cat-icy-mint","16":"product_cat-mesh-coil","17":"product_cat-rechargeable-disposables","18":"product_cat-uzy","19":"product_cat-vape-by-flavor-profile","20":"product_cat-vape-by-nicotine-strength","21":"product_cat-vape-by-puff-count","22":"product_cat-vape-by-feature-or-type","23":"product_cat-vapes-with-screens","25":"first","26":"instock","27":"shipping-taxable","28":"purchasable","29":"product-type-variable","30":"has-default-attributes"},"tiered_pricing_type":"percentage","tiered_pricing_fixed_rules":[],"tiered_pricing_product_settings":{"layout":"default","base_unit_name":{"singular":null,"plural":null},"default_variation":null},"tiered_pricing_minimum_quantity":10,"tiered_pricing_roles_data":[],"tiered_pricing_percentage_rules":{"30":"29","50":"35","100":"40","200":"44","500":"47","1000":"49"},"tiered_pricing_maximum_quantity":null,"tiered_pricing_quantity_step":"10","_links":{"self":[{"href":"https:\/\/agoravape.com\/hu\/wp-json\/wp\/v2\/product\/13204","targetHints":{"allow":["GET"]}}],"collection":[{"href":"https:\/\/agoravape.com\/hu\/wp-json\/wp\/v2\/product"}],"about":[{"href":"https:\/\/agoravape.com\/hu\/wp-json\/wp\/v2\/types\/product"}],"replies":[{"embeddable":true,"href":"https:\/\/agoravape.com\/hu\/wp-json\/wp\/v2\/comments?post=13204"}],"version-history":[{"count":0,"href":"https:\/\/agoravape.com\/hu\/wp-json\/wp\/v2\/product\/13204\/revisions"}],"wp:featuredmedia":[{"embeddable":true,"href":"https:\/\/agoravape.com\/hu\/wp-json\/wp\/v2\/media\/13225"}],"wp:attachment":[{"href":"https:\/\/agoravape.com\/hu\/wp-json\/wp\/v2\/media?parent=13204"}],"wp:term":[{"taxonomy":"product_brand","embeddable":true,"href":"https:\/\/agoravape.com\/hu\/wp-json\/wp\/v2\/product_brand?post=13204"},{"taxonomy":"product_cat","embeddable":true,"href":"https:\/\/agoravape.com\/hu\/wp-json\/wp\/v2\/product_cat?post=13204"},{"taxonomy":"product_tag","embeddable":true,"href":"https:\/\/agoravape.com\/hu\/wp-json\/wp\/v2\/product_tag?post=13204"}],"curies":[{"name":"wp","href":"https:\/\/api.w.org\/{rel}","templated":true}]}}