{"id":13280,"date":"2025-10-11T13:19:38","date_gmt":"2025-10-11T05:19:38","guid":{"rendered":"https:\/\/green-grasshopper-921422.hostingersite.com\/?post_type=product&#038;p=13280"},"modified":"2026-01-13T01:12:14","modified_gmt":"2026-01-12T17:12:14","slug":"sfog-vopk-tripe-60k-puffs-3-az-1-ben-vape","status":"publish","type":"product","link":"https:\/\/agoravape.com\/hu\/product\/sfog-vopk-tripe-60k-puffs-3-in-1-vape\/","title":{"rendered":"SFOG VOPK Tripe 60K Puffs 3 az 1-ben \u00edzes\u00edt\u0151 vape | H\u00e1romf\u00e9le \u00edz, k\u00f6nny\u0171 v\u00e1lt\u00e1s, hosszan tart\u00f3 haszn\u00e1lat"},"content":{"rendered":"<h2 data-v-md-heading=\"what-is-the-charm-of-using-sfog-vopk-tripe-60k-three-in-one-vape\" data-v-md-line=\"3\"><img loading=\"lazy\" decoding=\"async\" class=\"aligncenter size-full wp-image-13304\" src=\"https:\/\/agoravape.com\/wp-content\/uploads\/2025\/10\/SFOG-VOPK-Tripe-60K-Puffs-3-in-1-Flavor-Vape_Agora_vape-11-scaled.webp\" alt=\"\" width=\"2560\" height=\"1707\" srcset=\"https:\/\/agoravape.com\/wp-content\/uploads\/2025\/10\/SFOG-VOPK-Tripe-60K-Puffs-3-in-1-Flavor-Vape_Agora_vape-11-scaled.webp 2560w, https:\/\/agoravape.com\/wp-content\/uploads\/2025\/10\/SFOG-VOPK-Tripe-60K-Puffs-3-in-1-Flavor-Vape_Agora_vape-11-scaled-1200x800.webp 1200w, https:\/\/agoravape.com\/wp-content\/uploads\/2025\/10\/SFOG-VOPK-Tripe-60K-Puffs-3-in-1-Flavor-Vape_Agora_vape-11-300x200.webp 300w, https:\/\/agoravape.com\/wp-content\/uploads\/2025\/10\/SFOG-VOPK-Tripe-60K-Puffs-3-in-1-Flavor-Vape_Agora_vape-11-1024x683.webp 1024w, https:\/\/agoravape.com\/wp-content\/uploads\/2025\/10\/SFOG-VOPK-Tripe-60K-Puffs-3-in-1-Flavor-Vape_Agora_vape-11-768x512.webp 768w, https:\/\/agoravape.com\/wp-content\/uploads\/2025\/10\/SFOG-VOPK-Tripe-60K-Puffs-3-in-1-Flavor-Vape_Agora_vape-11-1536x1024.webp 1536w, https:\/\/agoravape.com\/wp-content\/uploads\/2025\/10\/SFOG-VOPK-Tripe-60K-Puffs-3-in-1-Flavor-Vape_Agora_vape-11-2048x1365.webp 2048w\" sizes=\"auto, (max-width: 2560px) 100vw, 2560px\" \/><\/h2>\n<h2 data-v-md-heading=\"what-is-the-charm-of-using-sfog-vopk-tripe-60k-three-in-one-vape\" data-v-md-line=\"3\">What is the charm of using SFOG VOPK Tripe 60K three in one vape?<\/h2>\n<p data-v-md-line=\"4\">If you are tired of disposable vapes, they will quickly run out, or feel bored after a day of use, then this product will change everything. SFOG VOPK Tripe can hold up to 60000 puffs in one device and offers three different flavors. You can switch flavors at any time without changing cartridges or carrying spare cartridges.<\/p>\n<p data-v-md-line=\"6\">If you want a reliable, delicious, and worry free vape, then it is your ideal choice. Whether it\u2019s commuters, music festival enthusiasts, or night shift enthusiasts, anyone who pursues long-lasting battery life, ease of use, and a variety of options in their pocket can choose it. You may think that a 60000 mouth device is complicated, but Tripe makes it easy and convenient by quickly lifting and rotating the flavor switch.<\/p>\n<h2 data-v-md-heading=\"excellent-performance-easy-and-convenient\" data-v-md-line=\"8\">Kiv\u00e1l\u00f3 teljes\u00edtm\u00e9ny, egyszer\u0171 \u00e9s k\u00e9nyelmes<\/h2>\n<p data-v-md-line=\"9\">Three 0.9 \u03a9 mesh coils are used in conjunction with an independent atomizer to maintain the purity and strength of each flavor. This mesh structure makes every suction as delicious as a first taste. The dual display screen can show the battery level and the amount of e-liquid for each flavor, allowing you to know the current battery level at any time. When the battery is low, you can use the standard Type-C data cable that you may already have to charge it. It\u2019s simple.<\/p>\n<h2 data-v-md-heading=\"specification-overview\" data-v-md-line=\"11\">Specifik\u00e1ci\u00f3 \u00e1ttekint\u00e9se<\/h2>\n<ul data-v-md-line=\"12\">\n<li>Sz\u00edv\u00e1s gyakoris\u00e1ga: ak\u00e1r 60000-szer<\/li>\n<li>Nicotine: Options vary by region; Please check the available concentrations at checkout or consult our team<\/li>\n<li>M\u0171k\u00f6d\u00e9si elv: Bel\u00e9gz\u00e9ssel aktiv\u00e1l\u00f3dik<\/li>\n<li>Charging: Standard Type-C USB interface<\/li>\n<li>\u00c1llapot: Kicsomagol\u00e1s ut\u00e1n azonnal haszn\u00e1lhat\u00f3<\/li>\n<\/ul>\n<p data-v-md-line=\"18\">Other details:<\/p>\n<ul data-v-md-line=\"19\">\n<li>E-liquid capacity: 54 milliliters in total<\/li>\n<li>Akkumul\u00e1tor: 650 mAh-s \u00fajrat\u00f6lthet\u0151 akkumul\u00e1tor<\/li>\n<li>Tekercs: 0,9 \u03a9 \u00d7 3 h\u00e1l\u00f3s tekercs<\/li>\n<li>Taste switching: Lift and rotate selector<\/li>\n<li>Display screen: dual screen display of battery level and independent fuel tank level<\/li>\n<\/ul>\n<h2 data-v-md-heading=\"full-range-of-flavors\" data-v-md-line=\"25\">Full range of flavors<\/h2>\n<p data-v-md-line=\"26\">Each option contains three flavors:<\/p>\n<ul data-v-md-line=\"27\">\n<li>G\u00f6r\u00f6gdinnyefagylalt\/H\u00e1rmas dinnyefagylalt\/Eperfagylalt<\/li>\n<li>Eper-ban\u00e1n\/M\u00e1lna-g\u00f6r\u00f6gdinnye\/Anan\u00e1sz-k\u00f3kusz<\/li>\n<li>\u0150szibarack, bogy\u00f3s gy\u00fcm\u00f6lcs\/\u00e1fony\u00e1s j\u00e9g\/g\u00f6r\u00f6gdinnye, \u0151szibarack, mang\u00f3<\/li>\n<li>Savany\u00fa anan\u00e1sz\/Red Bull eper\/fekete ribizli j\u00e9g<\/li>\n<li>Kiwi maracuja\/Eper-cseresznye\/Szerelem 66<\/li>\n<li>Dupla alm\u00e1s j\u00e9g\/tr\u00f3pusi gy\u00fcm\u00f6lcs\/eperes g\u00f6r\u00f6gdinnye r\u00e1g\u00f3gumi<\/li>\n<li>Sz\u0151l\u0151fagylalt\/Eper-kivi\/G\u00f6r\u00f6gdinnye Red Bull<\/li>\n<li>Eper, g\u00f6r\u00f6gdinnye\/\u00e1fonya, m\u00e1lna\/citrom, lime<\/li>\n<li>Ban\u00e1n-anan\u00e1sz\/Red Bull Ice\/Eper-mang\u00f3<\/li>\n<li>Mack\u00f3s gumicukor\/epres-van\u00edli\u00e1s k\u00f3la\/\u00e1fony\u00e1s pillecukor<\/li>\n<\/ul>\n<h2 data-v-md-heading=\"for-you-and-for-your-business-as-well\" data-v-md-line=\"38\">Neked, \u00e9s a v\u00e1llalkoz\u00e1sodnak is<\/h2>\n<p data-v-md-line=\"39\">You can purchase a separate item for personal use or stock up for your store. Each wholesale box contains 10 pieces. Each box contains 160 pieces, with a gross weight of 21 kilograms and a cardboard box size of 508 \u00d7 413 \u00d7 273 millimeters. This makes shelf space planning and transportation more convenient.<\/p>\n<p data-v-md-line=\"41\">We provide DDP services after tax payment through trusted partners such as UPS, DPD, and DHL, and can ship throughout Europe. You can enjoy fast delivery and avoid customs accidents.<\/p>\n<h2 data-v-md-heading=\"why-do-you-like-it\" data-v-md-line=\"43\">Mi\u00e9rt tetszik?<\/h2>\n<ul data-v-md-line=\"44\">\n<li>Ultra nagy kapacit\u00e1s: ak\u00e1r 60K kapacit\u00e1s r\u00f6videbb \u00fajrat\u00f6lt\u00e9si id\u0151t \u00e9s kevesebb bolti l\u00e1togat\u00e1st jelent.<\/li>\n<li>H\u00e1rom \u00edz k\u00f6z\u00fcl v\u00e1laszthatsz szabadon: M\u00e1sodpercek alatt v\u00e1lthatsz \u00edzeket, \u00edgy nem fogsz \u00edzf\u00e1rad\u00e1st \u00e9rezni.<\/li>\n<li>K\u00e9nyelmes \u00fajrat\u00f6lthet\u0151 kialak\u00edt\u00e1s: A C t\u00edpus\u00fa t\u00f6lt\u00e9s lehet\u0151v\u00e9 teszi, hogy minden csepp e-folyad\u00e9kot felhaszn\u00e1ljon.<\/li>\n<li>A h\u00e1l\u00f3s tekercs \u00e1llaga: az els\u0151 falatt\u00f3l az utols\u00f3 falatig sima sz\u00edv\u00e1st \u00e9s stabil \u00edzt biztos\u00edt.<\/li>\n<\/ul>\n<h2 data-v-md-heading=\"why-choose-agoravape\" data-v-md-line=\"49\">Mi\u00e9rt v\u00e1lassza az AgoraVape-et?<\/h2>\n<p data-v-md-line=\"50\">100%-ban eredeti term\u00e9keket v\u00e1s\u00e1rolunk, \u00e9s garanci\u00e1t v\u00e1llalunk r\u00e1juk. A v\u00e1llalati v\u00e1s\u00e1rl\u00f3k, akik SFOG VOPK Tripe 60K kapacit\u00e1s\u00fa h\u00e1rom az egyben vape-eket v\u00e1s\u00e1rolnak, kedvezm\u00e9nyes nagykereskedelmi \u00e1rakat, seg\u00edt\u0151k\u00e9sz \u00fcgyf\u00e9lszolg\u00e1latot, valamint gyors \u00e9s megb\u00edzhat\u00f3 EU-s kisz\u00e1ll\u00edt\u00e1si szolg\u00e1ltat\u00e1sokat \u00e9lvezhetnek. L\u00e9pjen kapcsolatba vel\u00fcnk, hogy megtudja, hogyan hozhat l\u00e9tre egy olyan eszk\u00f6zt, amelyet meg\u00e9rnek az \u00fcgyfeleinek a v\u00e1s\u00e1rl\u00e1s.<\/p>","protected":false},"excerpt":{"rendered":"<p>&nbsp;<\/p>\n<p><script src=\"chrome-extension:\/\/fpelahbljekknahkcaegamhcndkfpfnc\/iFrame.js\" type=\"text\/javascript\"><\/script><\/p>\n<p><script src=\"chrome-extension:\/\/fpelahbljekknahkcaegamhcndkfpfnc\/iFrame.js\" type=\"text\/javascript\"><\/script><\/p>\n<p><script src=\"chrome-extension:\/\/fpelahbljekknahkcaegamhcndkfpfnc\/iFrame.js\" type=\"text\/javascript\"><\/script><\/p>\n<p><script src=\"chrome-extension:\/\/fpelahbljekknahkcaegamhcndkfpfnc\/iFrame.js\" type=\"text\/javascript\"><\/script><\/p>","protected":false},"featured_media":13294,"comment_status":"open","ping_status":"closed","template":"","meta":[],"product_brand":[208],"product_cat":[124,185,189,1642,176,177,195,174,175,193,191,135,173,186,180,190,192],"product_tag":[],"class_list":{"0":"post-13280","1":"product","2":"type-product","3":"status-publish","4":"has-post-thumbnail","6":"product_brand-sfog","7":"product_cat-vape-by-brand","8":"product_cat-10000-puffs-high-capacity","9":"product_cat-20mg-standard-nicotine-vapes","10":"product_cat-60000-puffs","11":"product_cat-beverage","12":"product_cat-dessert-sweets","13":"product_cat-dual-flavor-switch","14":"product_cat-fruit-flavors","15":"product_cat-icy-mint","16":"product_cat-mesh-coil","17":"product_cat-rechargeable-disposables","18":"product_cat-sfog","19":"product_cat-vape-by-flavor-profile","20":"product_cat-vape-by-nicotine-strength","21":"product_cat-vape-by-puff-count","22":"product_cat-vape-by-feature-or-type","23":"product_cat-vapes-with-screens","25":"first","26":"instock","27":"shipping-taxable","28":"purchasable","29":"product-type-variable","30":"has-default-attributes"},"tiered_pricing_type":"percentage","tiered_pricing_fixed_rules":[],"tiered_pricing_product_settings":{"layout":"default","base_unit_name":{"singular":null,"plural":null},"default_variation":null},"tiered_pricing_minimum_quantity":10,"tiered_pricing_roles_data":[],"tiered_pricing_percentage_rules":{"30":"29","50":"35","100":"40","200":"44","500":"47","1000":"49"},"tiered_pricing_maximum_quantity":null,"tiered_pricing_quantity_step":"10","_links":{"self":[{"href":"https:\/\/agoravape.com\/hu\/wp-json\/wp\/v2\/product\/13280","targetHints":{"allow":["GET"]}}],"collection":[{"href":"https:\/\/agoravape.com\/hu\/wp-json\/wp\/v2\/product"}],"about":[{"href":"https:\/\/agoravape.com\/hu\/wp-json\/wp\/v2\/types\/product"}],"replies":[{"embeddable":true,"href":"https:\/\/agoravape.com\/hu\/wp-json\/wp\/v2\/comments?post=13280"}],"version-history":[{"count":0,"href":"https:\/\/agoravape.com\/hu\/wp-json\/wp\/v2\/product\/13280\/revisions"}],"wp:featuredmedia":[{"embeddable":true,"href":"https:\/\/agoravape.com\/hu\/wp-json\/wp\/v2\/media\/13294"}],"wp:attachment":[{"href":"https:\/\/agoravape.com\/hu\/wp-json\/wp\/v2\/media?parent=13280"}],"wp:term":[{"taxonomy":"product_brand","embeddable":true,"href":"https:\/\/agoravape.com\/hu\/wp-json\/wp\/v2\/product_brand?post=13280"},{"taxonomy":"product_cat","embeddable":true,"href":"https:\/\/agoravape.com\/hu\/wp-json\/wp\/v2\/product_cat?post=13280"},{"taxonomy":"product_tag","embeddable":true,"href":"https:\/\/agoravape.com\/hu\/wp-json\/wp\/v2\/product_tag?post=13280"}],"curies":[{"name":"wp","href":"https:\/\/api.w.org\/{rel}","templated":true}]}}