{"id":13317,"date":"2025-10-11T14:46:10","date_gmt":"2025-10-11T06:46:10","guid":{"rendered":"https:\/\/green-grasshopper-921422.hostingersite.com\/?post_type=product&#038;p=13317"},"modified":"2025-12-15T21:31:08","modified_gmt":"2025-12-15T13:31:08","slug":"sfog-gazzbar-tripla-60k-puffs-vape","status":"publish","type":"product","link":"https:\/\/agoravape.com\/hu\/product\/sfog-gazzbar-triple-60k-puffs-vape\/","title":{"rendered":"SFOG Gazzbar Triple 60K Puffs 3 az 1-ben Eldobhat\u00f3 Vape | H\u00e1romf\u00e9le \u00cdz, Egyszer\u0171 T\u00f6lt\u00e9s"},"content":{"rendered":"<h2 data-v-md-heading=\"what-is-the-charm-of-sfog-gazzbar-triple-60k-disposable-vape\" data-v-md-line=\"3\">Miben rejlik az SFOG Gazzbar Triple 60K eldobhat\u00f3 vape var\u00e1zsa?<\/h2>\n<p data-v-md-line=\"4\">Ha tart\u00f3s \u00e9s friss, eldobhat\u00f3 vape-re v\u00e1gysz, ez a term\u00e9k az ide\u00e1lis v\u00e1laszt\u00e1s. A Gazzbar Triple h\u00e1rom \u00edzt egyes\u00edt egyben, lehet\u0151v\u00e9 t\u00e9ve, hogy a nap folyam\u00e1n b\u00e1rmikor v\u00e1lthass an\u00e9lk\u00fcl, hogy t\u00f6bb vape-et cipeln\u00e9l magaddal. Ez a vape k\u00f6nnyen kezelhet\u0151 \u00e9s nem ig\u00e9nyel er\u0151fesz\u00edt\u00e9st, \u00fagy tervezt\u00e9k, hogy reggelt\u0151l estig \u00e9lvezhesd a vape-el\u00e9s ny\u00fajtotta \u00f6r\u00f6m\u00f6t.<\/p>\n<p data-v-md-line=\"6\">Azt gondolhatod, hogy bonyolult ennyi vape-t birtokolni, de a val\u00f3s\u00e1g nem az. A kijelz\u0151 mutatja az akkumul\u00e1tor \u00e9s az e-liquid szintj\u00e9t, \u00e9s a Type-C csatlakoz\u00f3n kereszt\u00fcl t\u00f6lthet\u0151. Egyszer\u0171en emeld fel \u00e9s forgasd el az \u00edzek v\u00e1lt\u00e1s\u00e1hoz. Nincs sz\u00fcks\u00e9g men\u00fcre, k\u00f6nnyen haszn\u00e1lhat\u00f3.<\/p>\n<h2 data-v-md-heading=\"excellent-performance-and-easy-operation\" data-v-md-line=\"8\">Kiv\u00e1l\u00f3 teljes\u00edtm\u00e9ny \u00e9s egyszer\u0171 kezelhet\u0151s\u00e9g<\/h2>\n<p data-v-md-line=\"9\">A h\u00e1l\u00f3s tekercs a k\u00f6zep\u00e9n tal\u00e1lhat\u00f3, ami seg\u00edt meg\u0151rizni az \u00edz \u00e1lland\u00f3s\u00e1g\u00e1t. Nem fogod elszenvedni azt a m\u00e9lypontot, amikor m\u00e1r n\u00e9h\u00e1ny falat ut\u00e1n j\u00f3l \u00e9rzed magad, majd teljesen elvesz\u00edted az \u00e9rdekl\u0151d\u00e9sedet. Amikor az akkumul\u00e1tor lemer\u00fcl\u0151ben van, k\u00f6zvetlen\u00fcl csatlakoztathatod a telefonodon megszokott Type-C adatk\u00e1belt. Egyszer\u0171.<\/p>\n<h2 data-v-md-heading=\"specification-overview\" data-v-md-line=\"11\">Specifik\u00e1ci\u00f3 \u00e1ttekint\u00e9se<\/h2>\n<p data-v-md-line=\"12\"><strong>Sz\u00edv\u00e1sok sz\u00e1ma<\/strong>ak\u00e1r 60 000 sz\u00edv\u00e1s<br \/>\n<strong>Nikotintartalom<\/strong>2% (20 mg\/ml), a konkr\u00e9t ell\u00e1t\u00e1s piact\u00f3l f\u00fcgg\u0151en v\u00e1ltozhat<br \/>\n<strong>M\u0171k\u00f6d\u00e9si elv<\/strong>Egyszer\u0171en l\u00e9legezze be a haszn\u00e1lathoz<br \/>\n<strong>T\u00f6lt\u00e9s<\/strong>Standard C t\u00edpus\u00fa USB csatlakoz\u00f3<br \/>\n<strong>\u00c1llapot<\/strong>Kicsomagol\u00e1s ut\u00e1n haszn\u00e1latra k\u00e9sz<br \/>\n<strong>e-folyad\u00e9k kapacit\u00e1s<\/strong>\u00d6sszesen 60 milliliter<br \/>\n<strong>Akkumul\u00e1tor<\/strong>650 mAh-s \u00fajrat\u00f6lthet\u0151 akkumul\u00e1tor<br \/>\n<strong>Porlaszt\u00f3 mag<\/strong>: 1,0 \u03a9 \u00d7 3 h\u00e1l\u00f3s lyuk<br \/>\n<strong>Kijelz\u0151k\u00e9perny\u0151<\/strong>LED akkumul\u00e1tor- \u00e9s e-folyad\u00e9kjelz\u0151 f\u00e9ny<br \/>\n<strong>3 az 1-ben funkci\u00f3<\/strong>: Emeld fel \u00e9s forgasd el a h\u00e1rom \u00edz k\u00f6z\u00f6tti v\u00e1lt\u00e1shoz<\/p>\n<h2 data-v-md-heading=\"complete-flavor-lineup\" data-v-md-line=\"23\">Teljes \u00edzv\u00e1laszt\u00e9k<\/h2>\n<ul data-v-md-line=\"24\">\n<li>G\u00f6r\u00f6gdinnyefagylalt, Red Bull, Eper-kiwi<\/li>\n<li>Citrom, lime, eper, g\u00f6r\u00f6gdinnye, k\u00e9k fagylalt<\/li>\n<li>Eper-ban\u00e1n, m\u00e1lna, g\u00f6r\u00f6gdinnye, citrom-lime<\/li>\n<li>Epres kivi savany\u00fa mang\u00f3s anan\u00e1sszal \u00e9s Red Bullal<\/li>\n<li>Tr\u00f3pusi gy\u00fcm\u00f6lcs\u00f6k eperrel, g\u00f6r\u00f6gdinny\u00e9vel \u00e9s citromos \u0151szibarackkal p\u00e1ros\u00edtva<\/li>\n<li>Anan\u00e1szos k\u00f3kusz eperrel, ban\u00e1n \u00e1fonyal\u00e9vel<\/li>\n<li>Eper \u00e9s m\u00e1lna p\u00e1ros\u00edt\u00e1sban tripla \u00e9des dinny\u00e9vel, savany\u00fa mang\u00f3val \u00e9s anan\u00e1sszal<\/li>\n<li>M\u00e1ln\u00e1s g\u00f6r\u00f6gdinnye mang\u00f3val, \u0151szibarackkal \u00e9s eperkiwivel<\/li>\n<li>Epres-van\u00edli\u00e1s k\u00f3la \u00e1fony\u00e1val, m\u00e1lna citromos-lime-os<\/li>\n<li>G\u00f6r\u00f6gdinnyefagylalt eperfagylalttal \u00e9s tripla \u00e9des dinny\u00e9vel<\/li>\n<\/ul>\n<h2 data-v-md-heading=\"for-you-and-your-business\" data-v-md-line=\"35\">\u00d6nnek \u00e9s v\u00e1llalkoz\u00e1s\u00e1nak<\/h2>\n<p data-v-md-line=\"36\">Szem\u00e9lyes haszn\u00e1latra k\u00fcl\u00f6n is \u00e1tveheti az \u00e1rut. Ha \u00fczletet \u00fczemeltet, seg\u00edthet\u00fcnk \u00d6nnek nagy t\u00e9telben felv\u00e1s\u00e1rolni a term\u00e9keket UPS, DPD \u00e9s DHL szolg\u00e1ltat\u00e1ssal, DDP sz\u00e1ll\u00edt\u00e1ssal, ad\u00f3fizet\u00e9ssel, \u00edgy elker\u00fclheti a v\u00e1ratlan v\u00e1mk\u00f6lts\u00e9geket, amikor bel\u00e9p az ajt\u00f3n. A csomagol\u00f3 dobozok sz\u00e1ma t\u00e9telenk\u00e9nt \u00e9s piaconk\u00e9nt v\u00e1ltozhat. K\u00e9rj\u00fck, tekintse meg aktu\u00e1lis dobozm\u00e9ret\u00fcnket \u00e9s nagykereskedelmi \u00e1rainkat.<\/p>\n<p data-v-md-line=\"38\">K\u00f6zlem\u00e9ny eur\u00f3pai v\u00e1s\u00e1rl\u00f3k sz\u00e1m\u00e1ra. A n\u00e9vleges kapacit\u00e1s 60 milliliter, 2%-os nikotintartalommal, ami nem felel meg az EU TPD\/TRRP nikotint tartalmaz\u00f3 eldobhat\u00f3 vape-ekre vonatkoz\u00f3 korl\u00e1toz\u00e1sainak. Ezeknek az eldobhat\u00f3 vape-eknek a kapacit\u00e1sa 2 milliliter, nikotintartalma pedig 20 milligramm milliliterenk\u00e9nt. A nikotinos v\u00e1ltozatok el\u00e9rhet\u0151s\u00e9ge orsz\u00e1gonk\u00e9nt\/r\u00e9gi\u00f3nk\u00e9nt elt\u00e9r\u0151 lehet. Ha olyan vape term\u00e9kekre van sz\u00fcks\u00e9ge, amelyek megfelelnek a TPD szabv\u00e1nyainak, k\u00e9rj\u00fck, vegye fel vel\u00fcnk a kapcsolatot, \u00e9s mi alternat\u00edv term\u00e9keket aj\u00e1nlunk, amelyek megfelelnek az \u00d6n sz\u00e1m\u00e1ra a szabv\u00e1nyoknak.<\/p>\n<h2 data-v-md-heading=\"why-do-you-like-it\" data-v-md-line=\"40\">Mi\u00e9rt tetszik?<\/h2>\n<p data-v-md-line=\"41\"><strong>T\u00f6bb sz\u00edv\u00e1si ciklus:<\/strong>\u00a0Hosszabb akkumul\u00e1tor-\u00fczemid\u0151, nem kell n\u00e9h\u00e1ny naponta cser\u00e9lni.<br \/>\n<strong>H\u00e1rom \u00edz:<\/strong>\u00a0B\u00e1rmikor v\u00e1lthat \u00edzeket tov\u00e1bbi eszk\u00f6z\u00f6k cipel\u00e9se n\u00e9lk\u00fcl.<br \/>\n<strong>\u00dajrat\u00f6lthet\u0151 akkumul\u00e1tor:<\/strong>\u00a0A megv\u00e1s\u00e1rolt e-liquidet an\u00e9lk\u00fcl haszn\u00e1lhatod, hogy a f\u00e9lig haszn\u00e1lt eszk\u00f6zt ki kellene dobnod.<br \/>\n<strong>Mesh coil:<\/strong>\u00a0Mindig \u00fcgyeljen az \u00edzek egys\u00e9gess\u00e9g\u00e9re.<br \/>\n<strong>K\u00e9perny\u0151jelz\u0151:<\/strong>\u00a0Egy pillant\u00e1ssal k\u00f6nnyed\u00e9n \u00e1ttekintheted az akkumul\u00e1tor \u00e9s az e-folyad\u00e9k fennmarad\u00f3 szintj\u00e9t.<\/p>\n<h2 data-v-md-heading=\"why-collaborate-with-agoravape\" data-v-md-line=\"47\">Mi\u00e9rt \u00e9rdemes az AgoraVape-pel egy\u00fcttm\u0171k\u00f6dni?<\/h2>\n<p data-v-md-line=\"48\">Kiz\u00e1r\u00f3lag eredeti, \u00e1tl\u00e1that\u00f3 specifik\u00e1ci\u00f3j\u00fa term\u00e9keket forgalmazunk. Ha v\u00e1llalkoz\u00e1sa van, versenyk\u00e9pes nagykereskedelmi \u00e1rakat, gyors reag\u00e1l\u00e1s\u00fa \u00fcgyf\u00e9lszolg\u00e1latot, valamint gyors \u00e9s megb\u00edzhat\u00f3 DDP kisz\u00e1ll\u00edt\u00e1si szolg\u00e1ltat\u00e1sokat k\u00edn\u00e1lunk Eur\u00f3pa-szerte. Vegye fel vel\u00fcnk a kapcsolatot, ha SFOG Gazzbar Triple 60K Puffs h\u00e1rom az egyben eldobhat\u00f3 vape-t szeretne rendelni, vagy konzult\u00e1ljon vel\u00fcnk a piac\u00e1nak megfelel\u0151, TPD-kompatibilis alternat\u00edv\u00e1k\u00e9rt.<\/p>","protected":false},"excerpt":{"rendered":"<p>&nbsp;<\/p>\n<p><script src=\"chrome-extension:\/\/fpelahbljekknahkcaegamhcndkfpfnc\/iFrame.js\" type=\"text\/javascript\"><\/script><\/p>\n<p><script src=\"chrome-extension:\/\/fpelahbljekknahkcaegamhcndkfpfnc\/iFrame.js\" type=\"text\/javascript\"><\/script><\/p>\n<p><script src=\"chrome-extension:\/\/fpelahbljekknahkcaegamhcndkfpfnc\/iFrame.js\" type=\"text\/javascript\"><\/script><\/p>\n<p><script src=\"chrome-extension:\/\/fpelahbljekknahkcaegamhcndkfpfnc\/iFrame.js\" type=\"text\/javascript\"><\/script><\/p>","protected":false},"featured_media":13338,"comment_status":"open","ping_status":"closed","template":"","meta":[],"product_brand":[208],"product_cat":[124,185,189,176,195,174,175,193,191,135,173,186,180,190],"product_tag":[],"class_list":{"0":"post-13317","1":"product","2":"type-product","3":"status-publish","4":"has-post-thumbnail","6":"product_brand-sfog","7":"product_cat-vape-by-brand","8":"product_cat-10000-puffs-high-capacity","9":"product_cat-20mg-standard-nicotine-vapes","10":"product_cat-beverage","11":"product_cat-dual-flavor-switch","12":"product_cat-fruit-flavors","13":"product_cat-icy-mint","14":"product_cat-mesh-coil","15":"product_cat-rechargeable-disposables","16":"product_cat-sfog","17":"product_cat-vape-by-flavor-profile","18":"product_cat-vape-by-nicotine-strength","19":"product_cat-vape-by-puff-count","20":"product_cat-vape-by-feature-or-type","22":"first","23":"instock","24":"shipping-taxable","25":"purchasable","26":"product-type-variable","27":"has-default-attributes"},"tiered_pricing_type":"percentage","tiered_pricing_fixed_rules":[],"tiered_pricing_product_settings":{"layout":"default","base_unit_name":{"singular":null,"plural":null},"default_variation":null},"tiered_pricing_minimum_quantity":10,"tiered_pricing_roles_data":[],"tiered_pricing_percentage_rules":{"30":"29","50":"35","100":"40","200":"44","500":"47","1000":"49"},"tiered_pricing_maximum_quantity":null,"tiered_pricing_quantity_step":"10","_links":{"self":[{"href":"https:\/\/agoravape.com\/hu\/wp-json\/wp\/v2\/product\/13317","targetHints":{"allow":["GET"]}}],"collection":[{"href":"https:\/\/agoravape.com\/hu\/wp-json\/wp\/v2\/product"}],"about":[{"href":"https:\/\/agoravape.com\/hu\/wp-json\/wp\/v2\/types\/product"}],"replies":[{"embeddable":true,"href":"https:\/\/agoravape.com\/hu\/wp-json\/wp\/v2\/comments?post=13317"}],"version-history":[{"count":0,"href":"https:\/\/agoravape.com\/hu\/wp-json\/wp\/v2\/product\/13317\/revisions"}],"wp:featuredmedia":[{"embeddable":true,"href":"https:\/\/agoravape.com\/hu\/wp-json\/wp\/v2\/media\/13338"}],"wp:attachment":[{"href":"https:\/\/agoravape.com\/hu\/wp-json\/wp\/v2\/media?parent=13317"}],"wp:term":[{"taxonomy":"product_brand","embeddable":true,"href":"https:\/\/agoravape.com\/hu\/wp-json\/wp\/v2\/product_brand?post=13317"},{"taxonomy":"product_cat","embeddable":true,"href":"https:\/\/agoravape.com\/hu\/wp-json\/wp\/v2\/product_cat?post=13317"},{"taxonomy":"product_tag","embeddable":true,"href":"https:\/\/agoravape.com\/hu\/wp-json\/wp\/v2\/product_tag?post=13317"}],"curies":[{"name":"wp","href":"https:\/\/api.w.org\/{rel}","templated":true}]}}