{"id":13355,"date":"2025-10-11T15:06:44","date_gmt":"2025-10-11T07:06:44","guid":{"rendered":"https:\/\/green-grasshopper-921422.hostingersite.com\/?post_type=product&#038;p=13355"},"modified":"2026-01-13T01:10:28","modified_gmt":"2026-01-12T17:10:28","slug":"sfog-gazzbar-ice-god-50k-puffs-vape","status":"publish","type":"product","link":"https:\/\/agoravape.com\/hu\/product\/sfog-gazzbar-ice-god-50k-puffs-vape\/","title":{"rendered":"SFOG Gazzbar Ice God 50K Puffs \u00c1ll\u00edthat\u00f3 J\u00e9gvapor | Egyedi H\u0171t\u00e9s Komoly Kitart\u00e1ssal"},"content":{"rendered":"<h2 data-v-md-heading=\"what-is-the-sfog-gazzbar-ice-god-50k-suction-adjustable-ice-atomizer-like\" data-v-md-line=\"3\">Milyen az SFOG Gazzbar Ice God 50K sz\u00edv\u00f3erej\u0171, \u00e1ll\u00edthat\u00f3 j\u00e9gporlaszt\u00f3ja?<\/h2>\n<p data-v-md-line=\"4\">Ha eleged van a h\u00e9t k\u00f6zep\u00e9n elhaszn\u00e1lt eldobhat\u00f3 e-liquidekb\u0151l, akkor ez a term\u00e9k mindenk\u00e9ppen meg\u00e9ri a megv\u00e1s\u00e1rl\u00e1s\u00e1t. Az SFOG Gazzbar Ice God hossz\u00fa t\u00e1v\u00fa haszn\u00e1latra k\u00e9sz\u00fclt, maxim\u00e1lis sz\u00edv\u00f3kapacit\u00e1sa 50000 f\u00faj\u00e1s. Az egyszer\u0171 \u201esz\u00edv\u00f3 \u00e9s sz\u00edv\u00f3\u201d kialak\u00edt\u00e1s mindent egyszer\u0171v\u00e9 \u00e9s k\u00e9nyelmess\u00e9 tesz.<\/p>\n<p data-v-md-line=\"6\">B\u00e1rkinek megfelel\u0151, aki stabil \u00edzre \u00e9s prec\u00edz j\u00e9gszab\u00e1lyoz\u00e1sra v\u00e1gyik. A j\u00e9g er\u0151ss\u00e9g\u00e9t \u00f6t k\u00fcl\u00f6nb\u00f6z\u0151 \u201ej\u00e9gfok\u201d szinten \u00e1ll\u00edthatja be, a l\u00e1gy szell\u0151t\u0151l a hideg hull\u00e1mokig, minden el\u00e9rhet\u0151. Nincs sz\u00fcks\u00e9g men\u00fckre, nincs sz\u00fcks\u00e9g unalmas m\u0171veletekre. Csak \u00e1ll\u00edtsa be az ig\u00e9nyei szerint, \u00e9s \u00e9lvezze.<\/p>\n<h2 data-v-md-heading=\"excellent-performance-easy-and-convenient\" data-v-md-line=\"8\">Kiv\u00e1l\u00f3 teljes\u00edtm\u00e9ny, egyszer\u0171 \u00e9s k\u00e9nyelmes<\/h2>\n<p data-v-md-line=\"9\">A h\u00e1rmas h\u00e1l\u00f3s tekercs az els\u0151 falatt\u00f3l az utols\u00f3ig \u00e1lland\u00f3 \u00edzt biztos\u00edt. A h\u00e1l\u00f3s tekercs egyenletesen melegszik fel, tiszta \u00e9s kellemes \u00edzt biztos\u00edtva. Ha az akkumul\u00e1tor lemer\u00fclt, egyszer\u0171en csatlakoztassa a Type-C adatk\u00e1belt, \u00e9s haszn\u00e1lja a telefon t\u00f6lt\u0151k\u00e1bel\u00e9t a t\u00f6lt\u00e9shez. Egyszer\u0171 \u00e9s gyors, nem kell k\u00fcl\u00f6n t\u00f6lt\u0151t keresnie.<\/p>\n<h2 data-v-md-heading=\"specification-introduction\" data-v-md-line=\"11\">Specifik\u00e1ci\u00f3 Bevezet\u00e9s<\/h2>\n<ul data-v-md-line=\"12\">\n<li>Sz\u00edv\u00e1si gyakoris\u00e1g: ak\u00e1r 50000-szer<\/li>\n<li>Nikotinkoncentr\u00e1ci\u00f3: 5% (a nikotintartalom orsz\u00e1gonk\u00e9nt\/r\u00e9gi\u00f3nk\u00e9nt elt\u00e9r\u0151 lehet a helyi el\u0151\u00edr\u00e1soknak megfelel\u0151en)<\/li>\n<li>M\u0171k\u00f6d\u00e9si elv: Bel\u00e9gz\u00e9ssel aktiv\u00e1l\u00f3dik<\/li>\n<li>T\u00f6lt\u00e9s: C t\u00edpus\u00fa USB-port, \u00fajrat\u00f6lthet\u0151<\/li>\n<li>E-folyad\u00e9k kapacit\u00e1sa: 30 milliliter<\/li>\n<li>Akkumul\u00e1tor: 850mAh<\/li>\n<li>Porlaszt\u00f3 mag: H\u00e1rmas r\u00e1cs 1,0 \u03a9<\/li>\n<li>H\u0171t\u00e9svez\u00e9rl\u00e9s: \u00d6t szinten \u00e1ll\u00edthat\u00f3 \u201efagy\u00e1spont\u201d<\/li>\n<li>Anyag: \u00d6tv\u00f6zet \u00e9s PCTG<\/li>\n<li>\u00c1llapot: Kicsomagol\u00e1s ut\u00e1n haszn\u00e1latra k\u00e9sz<\/li>\n<\/ul>\n<h2 data-v-md-heading=\"for-you-and-your-business\" data-v-md-line=\"23\">\u00d6nnek \u00e9s v\u00e1llalkoz\u00e1s\u00e1nak<\/h2>\n<p data-v-md-line=\"24\">Az SFOG Gazzbar Ice God 50K cigarett\u00e1t szem\u00e9lyes haszn\u00e1latra vagy \u00fczletben is t\u00e1rolhatja. Eredeti term\u00e9keket k\u00edn\u00e1lunk \u00e9s nagykereskedelmi megrendel\u00e9seket is t\u00e1mogatunk, \u00e1tl\u00e1tsz\u00f3 dobozos opci\u00f3kat k\u00edn\u00e1lva. \u00c9rdekl\u0151dj\u00f6n n\u00e1lunk a cigarett\u00e1sdobozok aktu\u00e1lis m\u00e9ret\u00e9r\u0151l \u00e9s \u00e1r\u00e1r\u00f3l.<\/p>\n<p data-v-md-line=\"26\">Eur\u00f3pa-szerte DDP sz\u00e1ll\u00edt\u00e1si szolg\u00e1ltat\u00e1sokat k\u00edn\u00e1lunk UPS, DPD \u00e9s DHL fut\u00e1rszolg\u00e1latokkal, \u00edgy a v\u00e1mtarif\u00e1kat el\u0151re feldolgozhatjuk, elker\u00fclve a v\u00e1ratlan v\u00e1m\u00fcgyi esem\u00e9nyeket. A gyors sz\u00e1ll\u00edt\u00e1s \u00e9s a pontos nyomon k\u00f6vet\u00e9s biztos\u00edtja a rendel\u00e9s z\u00f6kken\u0151mentes teljes\u00edt\u00e9s\u00e9t.<\/p>\n<h2 data-v-md-heading=\"why-do-you-like-it\" data-v-md-line=\"28\">Mi\u00e9rt tetszik?<\/h2>\n<ul data-v-md-line=\"29\">\n<li>Nagy sz\u00edv\u00f3teljes\u00edtm\u00e9ny: hosszabb sz\u00edv\u00e1si id\u0151, ez\u00e9rt ritk\u00e1bban v\u00e1s\u00e1rolhat\u00f3.<\/li>\n<li>\u00c1ll\u00edthat\u00f3 j\u00e9gkock\u00e1k: finomhangolhat\u00f3 enyh\u00e9n hidegt\u0151l a friss\u00edt\u0151ig.<\/li>\n<li>\u00dajrat\u00f6lthet\u0151: Haszn\u00e1ld fel az \u00f6sszes kifizetett e-folyad\u00e9kot.<\/li>\n<li>H\u00e1l\u00f3s porlaszt\u00f3 mag: Minden sz\u00edv\u00e1s sima \u00e9s egyenletes text\u00far\u00e1t eredm\u00e9nyez.<\/li>\n<li>Nagy kapacit\u00e1s: 30 milliliter, tart\u00f3s \u00e9s hossz\u00fa \u00e9lettartam\u00fa.<\/li>\n<li>C t\u00edpus\u00fa csatlakoz\u00f3, k\u00e9nyelmes t\u00f6lt\u00e9s: egyszer\u0171 t\u00f6lt\u00e9s a mindennapi k\u00e1belekkel.<\/li>\n<\/ul>\n<h2 data-v-md-heading=\"why-collaborate-with-agoravape\" data-v-md-line=\"36\">Mi\u00e9rt \u00e9rdemes az AgoraVape-pel egy\u00fcttm\u0171k\u00f6dni?<\/h2>\n<p data-v-md-line=\"37\">Kiz\u00e1r\u00f3lag 100%-ban eredeti term\u00e9keket forgalmazunk, \u00e9s ebben semmi k\u00e9ts\u00e9g\u00fcnk sincs. Kereskedelmi v\u00e1s\u00e1rl\u00f3k sz\u00e1m\u00e1ra ez korrekt nagykereskedelmi \u00e1rakat, figyelmes kiszolg\u00e1l\u00e1st \u00e9s a SFOG Gazzbar Ice God 50K \u00e1ll\u00edthat\u00f3 j\u00e9gakkus vape-ek gyors DDP kisz\u00e1ll\u00edt\u00e1s\u00e1t jelenti. L\u00e9pjen kapcsolatba vel\u00fcnk, hogy beszerezzen egy olyan k\u00e9sz\u00fcl\u00e9ket, amelyet \u00e9rdemes \u00fajra megv\u00e1s\u00e1rolnia \u00fcgyfele sz\u00e1m\u00e1ra.<\/p>\n<p data-v-md-line=\"39\">Megfelel\u0151s\u00e9gi k\u00f6zlem\u00e9ny: A term\u00e9k nikotintartalma \u00e9s a nikotinkoncentr\u00e1ci\u00f3ja orsz\u00e1gonk\u00e9nt\/r\u00e9gi\u00f3nk\u00e9nt elt\u00e9r\u0151 lehet az EU \u00e9s a helyi el\u0151\u00edr\u00e1sok betart\u00e1sa \u00e9rdek\u00e9ben. Ha bizonytalan az \u00d6n piac\u00e1ra vonatkoz\u00f3 szab\u00e1lyoz\u00e1sokkal kapcsolatban, k\u00e9rj\u00fck, forduljon csapatunkhoz, \u00e9s mi \u00fatmutat\u00e1st ny\u00fajtunk \u00d6nnek.<\/p>","protected":false},"excerpt":{"rendered":"<p>What is the SFOG Gazzbar Ice God 50K suction adjustable ice atomizer like? If you\u2019re tired of disposable e-liquid used<\/p>","protected":false},"featured_media":13351,"comment_status":"open","ping_status":"closed","template":"","meta":[],"product_brand":[208],"product_cat":[124,185,1641,194,176,177,174,175,193,191,135,173,186,180,190],"product_tag":[],"class_list":{"0":"post-13355","1":"product","2":"type-product","3":"status-publish","4":"has-post-thumbnail","6":"product_brand-sfog","7":"product_cat-vape-by-brand","8":"product_cat-10000-puffs-high-capacity","9":"product_cat-50000-puffs","10":"product_cat-adjustable-airflow","11":"product_cat-beverage","12":"product_cat-dessert-sweets","13":"product_cat-fruit-flavors","14":"product_cat-icy-mint","15":"product_cat-mesh-coil","16":"product_cat-rechargeable-disposables","17":"product_cat-sfog","18":"product_cat-vape-by-flavor-profile","19":"product_cat-vape-by-nicotine-strength","20":"product_cat-vape-by-puff-count","21":"product_cat-vape-by-feature-or-type","23":"first","24":"instock","25":"shipping-taxable","26":"purchasable","27":"product-type-variable","28":"has-default-attributes"},"tiered_pricing_type":"percentage","tiered_pricing_fixed_rules":[],"tiered_pricing_product_settings":{"layout":"default","base_unit_name":{"singular":null,"plural":null},"default_variation":null},"tiered_pricing_minimum_quantity":10,"tiered_pricing_roles_data":[],"tiered_pricing_percentage_rules":{"30":"29","50":"35","100":"40","200":"44","500":"47","1000":"49"},"tiered_pricing_maximum_quantity":null,"tiered_pricing_quantity_step":"10","_links":{"self":[{"href":"https:\/\/agoravape.com\/hu\/wp-json\/wp\/v2\/product\/13355","targetHints":{"allow":["GET"]}}],"collection":[{"href":"https:\/\/agoravape.com\/hu\/wp-json\/wp\/v2\/product"}],"about":[{"href":"https:\/\/agoravape.com\/hu\/wp-json\/wp\/v2\/types\/product"}],"replies":[{"embeddable":true,"href":"https:\/\/agoravape.com\/hu\/wp-json\/wp\/v2\/comments?post=13355"}],"version-history":[{"count":0,"href":"https:\/\/agoravape.com\/hu\/wp-json\/wp\/v2\/product\/13355\/revisions"}],"wp:featuredmedia":[{"embeddable":true,"href":"https:\/\/agoravape.com\/hu\/wp-json\/wp\/v2\/media\/13351"}],"wp:attachment":[{"href":"https:\/\/agoravape.com\/hu\/wp-json\/wp\/v2\/media?parent=13355"}],"wp:term":[{"taxonomy":"product_brand","embeddable":true,"href":"https:\/\/agoravape.com\/hu\/wp-json\/wp\/v2\/product_brand?post=13355"},{"taxonomy":"product_cat","embeddable":true,"href":"https:\/\/agoravape.com\/hu\/wp-json\/wp\/v2\/product_cat?post=13355"},{"taxonomy":"product_tag","embeddable":true,"href":"https:\/\/agoravape.com\/hu\/wp-json\/wp\/v2\/product_tag?post=13355"}],"curies":[{"name":"wp","href":"https:\/\/api.w.org\/{rel}","templated":true}]}}