{"id":13389,"date":"2025-10-11T15:26:33","date_gmt":"2025-10-11T07:26:33","guid":{"rendered":"https:\/\/green-grasshopper-921422.hostingersite.com\/?post_type=product&#038;p=13389"},"modified":"2026-01-19T22:08:07","modified_gmt":"2026-01-19T14:08:07","slug":"sfog-galaxy-bar-30k-puffs-kettos-uzemmodu-vape","status":"publish","type":"product","link":"https:\/\/agoravape.com\/hu\/product\/sfog-galaxy-bar-30k-puffs-dual-mode-vape\/","title":{"rendered":"SFOG Galaxy Bar 30K Puffs kett\u0151s \u00fczemm\u00f3d\u00fa eldobhat\u00f3 vape | Hosszan tart\u00f3 \u00edz, kevesebb gond"},"content":{"rendered":"<h2 data-v-md-heading=\"what-are-the-highlights-of-the-sfog-galaxy-bar-30k-dual-mode-disposable-vape\" data-v-md-line=\"3\">Melyek az SFOG Galaxy Bar 30K kett\u0151s \u00fczemm\u00f3d\u00fa eldobhat\u00f3 vape legfontosabb tulajdons\u00e1gai?<\/h2>\n<p data-v-md-line=\"4\">Ha belef\u00e1radt\u00e1l abba, hogy m\u00e1snap eldobhat\u00f3 vape-eket kell cser\u00e9lned, ez a term\u00e9k megk\u00f6nny\u00edti az \u00e9letedet. Az SFOG Galaxy Bar 30K er\u0151s akkumul\u00e1tor-\u00fczemid\u0151vel rendelkezik, \u00e9s kett\u0151s \u00fczemm\u00f3ddal van felszerelve, \u00edgy hosszabb ideig haszn\u00e1lhatod, vagy az ig\u00e9nyeidnek megfelel\u0151en er\u0151sebb teljes\u00edtm\u00e9nyt v\u00e1laszthatsz.<\/p>\n<p data-v-md-line=\"6\">Ha egyszer\u0171 \u00e9s megb\u00edzhat\u00f3 teljes\u00edtm\u00e9nyt keres gazdag \u00edzvil\u00e1ggal, f\u00e1raszt\u00f3 m\u0171veletek n\u00e9lk\u00fcl, akkor ez az ide\u00e1lis v\u00e1laszt\u00e1s. Nincs men\u00fc, nincs sz\u00fcks\u00e9g tanul\u00e1si g\u00f6rb\u00e9re. Csak egy k\u00f6vetkezetesen z\u00f6kken\u0151mentes \u00e9lm\u00e9nyt ny\u00fajt az els\u0151 falatt\u00f3l az utols\u00f3ig.<\/p>\n<h2 data-v-md-heading=\"excellent-performance-worry-free-and-effortless\" data-v-md-line=\"8\">Kiv\u00e1l\u00f3 teljes\u00edtm\u00e9ny, gondtalan \u00e9s k\u00f6nny\u0171<\/h2>\n<p data-v-md-line=\"9\">K\u00e9tmagos tekercsekkel \u00e9s kett\u0151s h\u00e1l\u00f3s porlaszt\u00f3maggal van felszerelve. M\u00e9g ha m\u00e9ly l\u00e9legzetet veszel is, tiszta \u00e9s stabil \u00edzt \u00e9lvezhetsz. V\u00e1laszthatod a norm\u00e1l m\u00f3dot, amely ak\u00e1r 30000 slukkra is k\u00e9pes; vagy v\u00e1lthatsz pulz\u00e1l\u00f3 m\u00f3dra az er\u0151sebb sz\u00edv\u00e1s\u00e9lm\u00e9ny\u00e9rt, ak\u00e1r 15000 slukkig. Az ilyen hossz\u00fa \u00e9lettartam\u00fa vape-ek term\u00e9szetesen fokozatosan cs\u00f6kken\u0151 sz\u00edv\u00e1si sebess\u00e9ggel rendelkeznek a v\u00e9ge fel\u00e9, de a h\u00e1l\u00f3s tekercs kialak\u00edt\u00e1sa mindig \u00edzletess\u00e9 teszi \u0151ket.<\/p>\n<h2 data-v-md-heading=\"specification-overview\" data-v-md-line=\"11\">Specifik\u00e1ci\u00f3 \u00e1ttekint\u00e9se<\/h2>\n<ul data-v-md-line=\"12\">\n<li>Sz\u00edv\u00e1sfrekvencia: Norm\u00e1l m\u00f3dban ak\u00e1r 30 000 slukk, impulzus m\u00f3dban ak\u00e1r 15 000 slukk is sz\u00edvhat\u00f3.<\/li>\n<li>Nikotintartalom: 5%<\/li>\n<li>M\u0171k\u00f6d\u00e9si m\u00f3d: kett\u0151s m\u00f3d (norm\u00e1l vagy impulzus)<\/li>\n<li>T\u00f6lt\u00e9si m\u00f3d: \u00fajrat\u00f6lthet\u0151 akkumul\u00e1tor<\/li>\n<li>E-folyad\u00e9k kapacit\u00e1sa: 28 milliliter<\/li>\n<li>Tekercs: Dupla h\u00e1l\u00f3s tekercs, 1,0 \u03a9<\/li>\n<li>Akkumul\u00e1tor: 850mAh<\/li>\n<li>\u00c1llapot: Kicsomagol\u00e1s ut\u00e1n azonnal haszn\u00e1lhat\u00f3<\/li>\n<\/ul>\n<p data-v-md-line=\"21\">Megjegyz\u00e9s: A nikotinkoncentr\u00e1ci\u00f3 orsz\u00e1gonk\u00e9nt\/r\u00e9gi\u00f3nk\u00e9nt elt\u00e9r\u0151 lehet. K\u00e9rj\u00fck, olvassa el a helyi el\u0151\u00edr\u00e1sokat.<\/p>\n<h2 data-v-md-heading=\"full-flavor-series\" data-v-md-line=\"23\">Teljes \u00edz\u0171 sorozat<\/h2>\n<ul data-v-md-line=\"24\">\n<li>Eper B-POF<\/li>\n<li>K\u00e9k Ranch Tulajdonos<\/li>\n<li>M\u00e1lna-barackfagylalt<\/li>\n<li>Savany\u00fa mang\u00f3 anan\u00e1sz<\/li>\n<li>K\u00e9k j\u00e9gp\u00e1lya<\/li>\n<li>Lime, Bogy\u00f3s, Narancs<\/li>\n<li>Citromfej<\/li>\n<li>G\u00f6r\u00f6gdinnye j\u00e9g<\/li>\n<li>BlackBerry B-POP<\/li>\n<li>Miami Mint<\/li>\n<li>Savany\u00fa almafagylalt<\/li>\n<li>Pomelo h\u0171v\u00f6ss\u00e9ge<\/li>\n<li>Ban\u00e1nkaramell\u00e1s j\u00e9g<\/li>\n<li>\u00c1tl\u00e1tsz\u00f3<\/li>\n<\/ul>\n<h2 data-v-md-heading=\"for-you-and-for-your-business-as-well\" data-v-md-line=\"39\">Neked, \u00e9s a v\u00e1llalkoz\u00e1sodnak is<\/h2>\n<p data-v-md-line=\"40\">Saj\u00e1t r\u00e9szre v\u00e1s\u00e1roln\u00e1l? Egyszer\u0171 \u00e9s k\u00e9nyelmes. V\u00e1laszd ki az \u00edzl\u00e9sedet, v\u00e1laszd ki a m\u00f3dot, \u00e9s \u00e9lvezd a hossz\u00fa csereintervallumokat. A Galaxy Bar 30K egyszer\u0171 tapint\u00e1s\u00fa \u00e9s k\u00f6vetkezetes \u00edz\u0171, ami megb\u00edzhat\u00f3s\u00e1got k\u00f6lcs\u00f6n\u00f6z.<\/p>\n<p data-v-md-line=\"42\">Fizikai vagy online \u00e1ruh\u00e1zat \u00fczemeltetsz? Az SFOG Galaxy Bar 30K-t praktikus nagykereskedelmi form\u00e1ban sz\u00e1ll\u00edtjuk. A ki\u00e1ll\u00edt\u00f3 doboz 5 darabot, a f\u0151 doboz pedig 150 darabot tud befogadni. DDP sz\u00e1ll\u00edt\u00e1si szolg\u00e1ltat\u00e1st biztos\u00edtunk megb\u00edzhat\u00f3 partnereken, p\u00e9ld\u00e1ul a UPS-en, a DPD-n \u00e9s a DHL-en kereszt\u00fcl, \u00edgy tiszt\u00e1n l\u00e1thatja a kirakod\u00e1si k\u00f6lts\u00e9geket \u00e9s elker\u00fclheti a v\u00e1mbaleseteket.<\/p>\n<h2 data-v-md-heading=\"why-do-you-like-it\" data-v-md-line=\"44\">Mi\u00e9rt tetszik?<\/h2>\n<ul data-v-md-line=\"45\">\n<li>Nagy sz\u00edv\u00f3teljes\u00edtm\u00e9ny: Tart\u00f3s \u00e9s hossz\u00fa \u00e9lettartam\u00fa, nem kell gyakran \u00faj patronokat v\u00e1s\u00e1rolni.<\/li>\n<li>M\u00f3dv\u00e1laszt\u00e1s: A norm\u00e1l m\u00f3d a leghosszabb sz\u00edv\u00e1si id\u0151t \u00e9ri el, m\u00edg az impulzus m\u00f3d er\u0151sebb sz\u00edv\u00e1si \u00e9lm\u00e9nyt ny\u00fajt.<\/li>\n<li>\u00dajrat\u00f6lthet\u0151: lehet\u0151v\u00e9 teszi a v\u00e1s\u00e1rl\u00e1skor megv\u00e1s\u00e1rolt 28 ml-es kapacit\u00e1s haszn\u00e1lat\u00e1t.<\/li>\n<li>H\u00e1l\u00f3s tekercs: Mindig k\u00f6vetkezetesen gazdag \u00edzt biztos\u00edt.<\/li>\n<\/ul>\n<h2 data-v-md-heading=\"why-choose-to-collaborate-with-agoravape\" data-v-md-line=\"50\">Mi\u00e9rt \u00e9rdemes az AgoraVape-pel egy\u00fcttm\u0171k\u00f6dni?<\/h2>\n<p data-v-md-line=\"51\">Kiz\u00e1r\u00f3lag 100%-ban eredeti term\u00e9keket forgalmazunk, \u00e9s felel\u0151ss\u00e9get v\u00e1llalunk az \u00e1ltalunk forgalmazott term\u00e9kek\u00e9rt. Ha nagykereskedelmi \u00e1ron v\u00e1s\u00e1rol SFOG Galaxy Bar 30K kett\u0151s \u00fczemm\u00f3d\u00fa eldobhat\u00f3 vape-eket, kedvezm\u00e9nyes \u00e1rakat, megb\u00edzhat\u00f3 \u00fcgyf\u00e9lszolg\u00e1latot, valamint gyors \u00e9s megb\u00edzhat\u00f3 DDP kisz\u00e1ll\u00edt\u00e1si szolg\u00e1ltat\u00e1st kap. Szeretne egy visszat\u00e9r\u0151 v\u00e1s\u00e1rl\u00f3i eszk\u00f6zt lefoglalni \u00fcgyfelei sz\u00e1m\u00e1ra? Hadd seg\u00edts\u00fcnk mindent be\u00e1ll\u00edtani.<\/p>\n<p><script src=\"chrome-extension:\/\/fpelahbljekknahkcaegamhcndkfpfnc\/iFrame.js\" type=\"text\/javascript\"><\/script><\/p>","protected":false},"excerpt":{"rendered":"<p>What are the highlights of the SFOG Galaxy Bar 30K dual-mode disposable vape? If you\u2019re tired of changing disposable vapes<\/p>","protected":false},"featured_media":13425,"comment_status":"open","ping_status":"closed","template":"","meta":[],"product_brand":[208],"product_cat":[124,185,1637,194,174,175,193,191,135,173,186,180,190],"product_tag":[],"class_list":{"0":"post-13389","1":"product","2":"type-product","3":"status-publish","4":"has-post-thumbnail","6":"product_brand-sfog","7":"product_cat-vape-by-brand","8":"product_cat-10000-puffs-high-capacity","9":"product_cat-30000-puffs","10":"product_cat-adjustable-airflow","11":"product_cat-fruit-flavors","12":"product_cat-icy-mint","13":"product_cat-mesh-coil","14":"product_cat-rechargeable-disposables","15":"product_cat-sfog","16":"product_cat-vape-by-flavor-profile","17":"product_cat-vape-by-nicotine-strength","18":"product_cat-vape-by-puff-count","19":"product_cat-vape-by-feature-or-type","21":"first","22":"onbackorder","23":"shipping-taxable","24":"purchasable","25":"product-type-variable","26":"has-default-attributes"},"tiered_pricing_type":"percentage","tiered_pricing_fixed_rules":[],"tiered_pricing_product_settings":{"layout":"default","base_unit_name":{"singular":null,"plural":null},"default_variation":null},"tiered_pricing_minimum_quantity":10,"tiered_pricing_roles_data":[],"tiered_pricing_percentage_rules":{"30":"29","50":"35","100":"40","200":"44","500":"47","1000":"49"},"tiered_pricing_maximum_quantity":null,"tiered_pricing_quantity_step":"10","_links":{"self":[{"href":"https:\/\/agoravape.com\/hu\/wp-json\/wp\/v2\/product\/13389","targetHints":{"allow":["GET"]}}],"collection":[{"href":"https:\/\/agoravape.com\/hu\/wp-json\/wp\/v2\/product"}],"about":[{"href":"https:\/\/agoravape.com\/hu\/wp-json\/wp\/v2\/types\/product"}],"replies":[{"embeddable":true,"href":"https:\/\/agoravape.com\/hu\/wp-json\/wp\/v2\/comments?post=13389"}],"version-history":[{"count":0,"href":"https:\/\/agoravape.com\/hu\/wp-json\/wp\/v2\/product\/13389\/revisions"}],"wp:featuredmedia":[{"embeddable":true,"href":"https:\/\/agoravape.com\/hu\/wp-json\/wp\/v2\/media\/13425"}],"wp:attachment":[{"href":"https:\/\/agoravape.com\/hu\/wp-json\/wp\/v2\/media?parent=13389"}],"wp:term":[{"taxonomy":"product_brand","embeddable":true,"href":"https:\/\/agoravape.com\/hu\/wp-json\/wp\/v2\/product_brand?post=13389"},{"taxonomy":"product_cat","embeddable":true,"href":"https:\/\/agoravape.com\/hu\/wp-json\/wp\/v2\/product_cat?post=13389"},{"taxonomy":"product_tag","embeddable":true,"href":"https:\/\/agoravape.com\/hu\/wp-json\/wp\/v2\/product_tag?post=13389"}],"curies":[{"name":"wp","href":"https:\/\/api.w.org\/{rel}","templated":true}]}}