{"id":13445,"date":"2025-10-11T15:43:42","date_gmt":"2025-10-11T07:43:42","guid":{"rendered":"https:\/\/green-grasshopper-921422.hostingersite.com\/?post_type=product&#038;p=13445"},"modified":"2026-01-19T22:08:00","modified_gmt":"2026-01-19T14:08:00","slug":"sfog-face-bar-18000-puff-shisha-vape","status":"publish","type":"product","link":"https:\/\/agoravape.com\/hu\/product\/sfog-face-bar-18000-puffs-shisha-vape\/","title":{"rendered":"SFOG Face Bar 18000 F\u00faj\u00e1s Shisha Style DTL Vape | Nagy felh\u0151k, k\u00f6nny\u0171 kezelhet\u0151s\u00e9g"},"content":{"rendered":"<h2 data-v-md-heading=\"what-exactly-is-the-sfog-face-bar-18000-mouth-hookah-style-dtl-vape\" data-v-md-line=\"3\">Mi is pontosan az SFOG Face Bar 18000 sz\u00e1j v\u00edzipipa st\u00edlus\u00fa DTL vape?<\/h2>\n<p data-v-md-line=\"4\">Ha belef\u00e1radt\u00e1l abba, hogy n\u00e9h\u00e1ny naponta eldobhat\u00f3 e-folyad\u00e9kot kell cser\u00e9lned, ez a term\u00e9k sokkal k\u00f6nnyebb\u00e9 teszi a hetedet. Az SFOG Face Bar v\u00edzipipa st\u00edlus\u00fa t\u00fcd\u0151sz\u00edv\u00f3 kialak\u00edt\u00e1st alkalmaz, maxim\u00e1lis kapacit\u00e1sa 18000 puff. A bel\u00e9gz\u00e9s sima, nyitott, \u00e9s k\u00f6zelebb \u00e1ll a v\u00edzipip\u00e1hoz, mint a sz\u0171k sz\u00e1jkos\u00e1rhoz.<\/p>\n<p data-v-md-line=\"6\">Ha olyan vape-t szeretne, amely tart\u00f3s, stabil \u00edz\u0171, \u00e9s nem ig\u00e9nyel t\u00falzott m\u0171k\u00f6dtet\u00e9st, akkor ez a term\u00e9k ide\u00e1lis v\u00e1laszt\u00e1s. A h\u00e1l\u00f3s tekercs fenntartja a kiegyens\u00falyozott \u00edzt. A 25 ml-es e-folyad\u00e9k kapacit\u00e1s \u00e9s a 800mAh-s akkumul\u00e1tor lehet\u0151v\u00e9 teszi, hogy k\u00f6nnyed\u00e9n \u00e1tv\u00e9szeljen egy zs\u00fafolt napot an\u00e9lk\u00fcl, hogy gyakran cser\u00e9lnie kellene a tartal\u00e9k akkumul\u00e1torokat.<\/p>\n<h2 data-v-md-heading=\"excellent-performance-and-easy-operation\" data-v-md-line=\"8\">Kiv\u00e1l\u00f3 teljes\u00edtm\u00e9ny \u00e9s egyszer\u0171 kezelhet\u0151s\u00e9g<\/h2>\n<p data-v-md-line=\"9\">A Face Bar magja egy h\u00e1l\u00f3s tekercset alkalmaz, \u00edgy minden sz\u00edv\u00e1s olyan sima, mint az els\u0151 \u00edz. Nincs meg\u00e9gett \u00e9l \u00e9s nem lesz hirtelen \u00e1ramkimarad\u00e1s. Ha az akkumul\u00e1tor lemer\u00fcl, egyszer\u0171en t\u00f6ltse fel USB-n kereszt\u00fcl. Csak haszn\u00e1lja ugyanazt az adatk\u00e1belt, mint a telefon. Egyszer\u0171 \u00e9s k\u00e9nyelmes.<\/p>\n<h2 data-v-md-heading=\"specification-introduction\" data-v-md-line=\"11\">Specifik\u00e1ci\u00f3 Bevezet\u00e9s<\/h2>\n<ul data-v-md-line=\"12\">\n<li>Sz\u00edv\u00e1s gyakoris\u00e1ga: ak\u00e1r 18000-szer<\/li>\n<li>Nikotin: nikotins\u00f3: 0.5% nikotins\u00f3<\/li>\n<li>M\u0171k\u00f6d\u00e9si elv: Bel\u00e9gz\u00e9ssel aktiv\u00e1l\u00f3dik<\/li>\n<li>Charging method: USB charging<\/li>\n<li>E-folyad\u00e9k kapacit\u00e1sa: 25 milliliter<\/li>\n<li>Tekercs: \u03a9<\/li>\n<li>Akkumul\u00e1tor: 800mAh<\/li>\n<li>\u00c1llapot: Kicsomagol\u00e1s ut\u00e1n haszn\u00e1latra k\u00e9sz<\/li>\n<\/ul>\n<h2 data-v-md-heading=\"full-range-of-flavors\" data-v-md-line=\"21\">Full range of flavors<\/h2>\n<ul data-v-md-line=\"22\">\n<li>Dupla alma \u00edz\u0171<\/li>\n<li>Menta r\u00e1g\u00f3gumi<\/li>\n<li>H\u0171s\u00edt\u0151 \u00e9s friss\u00edt\u0151 \u00edz<\/li>\n<li>Berry Ice \u00edz<\/li>\n<li>Menta \u00edz\u0171<\/li>\n<li>Eper Pan Fun<\/li>\n<li>\u00c1fony\u00e1s r\u00e1g\u00f3gumi<\/li>\n<li>K\u00e9k m\u00e1lna citromos v\u00edz<\/li>\n<li>Sz\u0151l\u0151 menta \u00edz<\/li>\n<\/ul>\n<h2 data-v-md-heading=\"for-you-for-your-business\" data-v-md-line=\"32\">\u00d6nnek, az \u00d6n v\u00e1llalkoz\u00e1s\u00e1nak<\/h2>\n<p data-v-md-line=\"33\">Megv\u00e1s\u00e1rolhat egyet-egyet szem\u00e9lyes haszn\u00e1latra, vagy felhalmozhatja a boltja sz\u00e1m\u00e1ra. Kiskereskedelmi kiszerel\u00e9s\u0171 dobozban, dobozonk\u00e9nt 10 darab. A szabv\u00e1nyos kartondobozban 200 darab f\u00e9r el, \u00edgy k\u00f6nnyen \u00e1tvihet\u0151. A bemutat\u00f3 doboz m\u00e9rete 182 \u00d7 76 \u00d7 136 millim\u00e9ter. A k\u00fcls\u0151 doboz m\u00e9rete 395 \u00d7 380 \u00d7 292 millim\u00e9ter, s\u00falya k\u00f6r\u00fclbel\u00fcl 21 kilogramm.<\/p>\n<p data-v-md-line=\"35\">Eur\u00f3pa-szerte megb\u00edzhat\u00f3 partnereinken, p\u00e9ld\u00e1ul a UPS-en, a DPD-n \u00e9s a DHL-en kereszt\u00fcl sz\u00e1ll\u00edtunk v\u00e1mfizet\u00e9ses (Delivered Duty Paid, DDP) alapon, \u00edgy biztos\u00edtva, hogy a v\u00e1mon nem t\u00f6rt\u00e9nnek v\u00e1ratlan incidensek. \u00c9lvezheti a nyomon k\u00f6vethet\u0151 k\u00e9zbes\u00edt\u00e9st \u00e9s a megb\u00edzhat\u00f3 id\u0151szer\u0171s\u00e9get.<\/p>\n<h2 data-v-md-heading=\"why-do-you-like-it\" data-v-md-line=\"37\">Mi\u00e9rt tetszik?<\/h2>\n<ul data-v-md-line=\"38\">\n<li>T\u00f6bb sz\u00edv\u00e1si id\u0151: hosszabb sz\u00edv\u00e1si id\u0151, \u00edgy nem kell gyakran \u00fajat v\u00e1s\u00e1rolnia.<\/li>\n<li>Nikotin kiv\u00e1laszt\u00e1sa: 0,5% nikotins\u00f3 k\u00f6nnyedebb \u00edzt biztos\u00edt, amely alkalmas a nyugodt DTL-\u00e9lm\u00e9nyre.<\/li>\n<li>\u00dajrat\u00f6lthet\u0151: Elhaszn\u00e1lhatja az \u00f6sszes megv\u00e1s\u00e1rolt e-folyad\u00e9kot.<\/li>\n<li>H\u00e1l\u00f3s tekercs: Az els\u0151 falatt\u00f3l az utols\u00f3 falatig az \u00edze \u00e1lland\u00f3 marad.<\/li>\n<\/ul>\n<h2 data-v-md-heading=\"why-choose-to-collaborate-with-agoravape\" data-v-md-line=\"43\">Mi\u00e9rt \u00e9rdemes az AgoraVape-pel egy\u00fcttm\u0171k\u00f6dni?<\/h2>\n<p data-v-md-line=\"44\">Mi csak az 100% eredeti term\u00e9keket forgalmazzuk, \u00edgy \u00d6n hiteles SFOG Face Bar-t kaphat, amely megfelel az elv\u00e1r\u00e1sainak. B2B \u00fcgyfeleink \u00e9lvezhetik a kedvezm\u00e9nyes nagykereskedelmi \u00e1rakat, a k\u00e9nyelmes t\u00e1mogat\u00e1st \u00e9s a gyors DDP sz\u00e1ll\u00edt\u00e1si szolg\u00e1ltat\u00e1sokat. Megfelel\u00fcnk az \u00e9letkor ellen\u0151rz\u00e9s\u00e9re \u00e9s a term\u00e9kmegfelel\u0151s\u00e9gre vonatkoz\u00f3 uni\u00f3s el\u0151\u00edr\u00e1soknak. A 0,5% nikotinkoncentr\u00e1ci\u00f3 teljes m\u00e9rt\u00e9kben megfelel a TPD2 hat\u00e1r\u00e9rt\u00e9knek. Biztons\u00e1gos fizet\u00e9si \u00e1tj\u00e1r\u00f3t haszn\u00e1lunk, \u00e9s fenntartjuk az \u00e1rak \u00e1tl\u00e1that\u00f3s\u00e1g\u00e1t, \u00edgy nem kell agg\u00f3dnia a d\u00edjak miatt. Szeretne egy eldobhat\u00f3 vizes cigaretta DTL term\u00e9ket lefoglalni, amelyet \u00fcgyfelei visszat\u00e9r\u0151 v\u00e1s\u00e1rl\u00f3k\u00e9nt szeretni fognak? \u00dcdv\u00f6z\u00f6lj\u00fck, hogy \u00e9rdekl\u0151dj\u00f6n.<\/p>","protected":false},"excerpt":{"rendered":"<p>What exactly is the SFOG Face Bar 18000 mouth hookah style DTL vape? If you\u2019re tired of changing disposable e-liquid<\/p>","protected":false},"featured_media":13468,"comment_status":"open","ping_status":"closed","template":"","meta":[],"product_brand":[208],"product_cat":[124,185,174,175,193,191,135,173,186,180,190],"product_tag":[],"class_list":{"0":"post-13445","1":"product","2":"type-product","3":"status-publish","4":"has-post-thumbnail","6":"product_brand-sfog","7":"product_cat-vape-by-brand","8":"product_cat-10000-puffs-high-capacity","9":"product_cat-fruit-flavors","10":"product_cat-icy-mint","11":"product_cat-mesh-coil","12":"product_cat-rechargeable-disposables","13":"product_cat-sfog","14":"product_cat-vape-by-flavor-profile","15":"product_cat-vape-by-nicotine-strength","16":"product_cat-vape-by-puff-count","17":"product_cat-vape-by-feature-or-type","19":"first","20":"onbackorder","21":"shipping-taxable","22":"purchasable","23":"product-type-variable","24":"has-default-attributes"},"tiered_pricing_type":"percentage","tiered_pricing_fixed_rules":[],"tiered_pricing_product_settings":{"layout":"default","base_unit_name":{"singular":null,"plural":null},"default_variation":null},"tiered_pricing_minimum_quantity":10,"tiered_pricing_roles_data":[],"tiered_pricing_percentage_rules":{"30":"29","50":"35","100":"40","200":"44","500":"47","1000":"49"},"tiered_pricing_maximum_quantity":null,"tiered_pricing_quantity_step":"10","_links":{"self":[{"href":"https:\/\/agoravape.com\/hu\/wp-json\/wp\/v2\/product\/13445","targetHints":{"allow":["GET"]}}],"collection":[{"href":"https:\/\/agoravape.com\/hu\/wp-json\/wp\/v2\/product"}],"about":[{"href":"https:\/\/agoravape.com\/hu\/wp-json\/wp\/v2\/types\/product"}],"replies":[{"embeddable":true,"href":"https:\/\/agoravape.com\/hu\/wp-json\/wp\/v2\/comments?post=13445"}],"version-history":[{"count":0,"href":"https:\/\/agoravape.com\/hu\/wp-json\/wp\/v2\/product\/13445\/revisions"}],"wp:featuredmedia":[{"embeddable":true,"href":"https:\/\/agoravape.com\/hu\/wp-json\/wp\/v2\/media\/13468"}],"wp:attachment":[{"href":"https:\/\/agoravape.com\/hu\/wp-json\/wp\/v2\/media?parent=13445"}],"wp:term":[{"taxonomy":"product_brand","embeddable":true,"href":"https:\/\/agoravape.com\/hu\/wp-json\/wp\/v2\/product_brand?post=13445"},{"taxonomy":"product_cat","embeddable":true,"href":"https:\/\/agoravape.com\/hu\/wp-json\/wp\/v2\/product_cat?post=13445"},{"taxonomy":"product_tag","embeddable":true,"href":"https:\/\/agoravape.com\/hu\/wp-json\/wp\/v2\/product_tag?post=13445"}],"curies":[{"name":"wp","href":"https:\/\/api.w.org\/{rel}","templated":true}]}}