{"id":13518,"date":"2025-10-11T16:22:46","date_gmt":"2025-10-11T08:22:46","guid":{"rendered":"https:\/\/green-grasshopper-921422.hostingersite.com\/?post_type=product&#038;p=13518"},"modified":"2026-01-19T22:07:49","modified_gmt":"2026-01-19T14:07:49","slug":"sfog-gt-bar-15000-puffs-dtl-vape","status":"publish","type":"product","link":"https:\/\/agoravape.com\/hu\/product\/sfog-gt-bar-15000-puffs-dtl-vape\/","title":{"rendered":"SFOG GT Bar 15000 slukk | Hossz\u00fa, DTL \u00e9lm\u00e9nyek v\u00edzipipa ihlette \u00edzekkel"},"content":{"rendered":"<h2 data-v-md-heading=\"what-exactly-is-the-sfog-gt-bar-15000-mouth-hookah-flavored-dtl-vape\" data-v-md-line=\"3\">Pontosan mi is az SFOG GT Bar 15000 v\u00edzipipa \u00edz\u0171 DTL vape?<\/h2>\n<p data-v-md-line=\"4\">Ha eleged van az eldobhat\u00f3 vape-ekb\u0151l, amik m\u00e9g a h\u00e9tv\u00e9ge el\u0151tt lemer\u00fclnek, ez a term\u00e9k mentes\u00edti a gondjaidt\u00f3l. Az SFOG GT Bar ak\u00e1r 15000 slukkb\u00f3l \u00e1ll\u00f3 DTL \u00e9lm\u00e9nyt is ny\u00fajt, \u00e1tl\u00e1tsz\u00f3 DTL doh\u00e1nyz\u00e1si \u00e9lm\u00e9nnyel, ami ink\u00e1bb a v\u00edzipip\u00e1\u00e9hoz hasonl\u00edt, mint egy tipikus kompakt, sz\u00e1jsz\u00edv\u00f3s vape-hez.<\/p>\n<p data-v-md-line=\"6\">Azok sz\u00e1m\u00e1ra, akik hosszan tart\u00f3 \u00edzre v\u00e1gynak a be\u00e1ll\u00edt\u00e1s gondjai n\u00e9lk\u00fcl, ez a term\u00e9k az ide\u00e1lis v\u00e1laszt\u00e1s. Vegyes v\u00edzipipa \u00edzvil\u00e1ggal, \u00fajrat\u00f6lthet\u0151 akkumul\u00e1torral \u00e9s egy h\u00e1l\u00f3s tekercssel rendelkezik, amely stabil \u00edzt biztos\u00edt. Azt gondolhatn\u00e1d, hogy egy ennyi porttal rendelkez\u0151 eszk\u00f6z olyan neh\u00e9zkes, mint egy t\u00e9gla, de meglep\u0151en megfizethet\u0151.<\/p>\n<h2 data-v-md-heading=\"excellent-performance-and-easy-operation\" data-v-md-line=\"8\">Kiv\u00e1l\u00f3 teljes\u00edtm\u00e9ny \u00e9s egyszer\u0171 kezelhet\u0151s\u00e9g<\/h2>\n<p data-v-md-line=\"9\">A be\u00e9p\u00edtett 0,6 \u03a9-os h\u00e1l\u00f3s porlaszt\u00f3mag biztos\u00edtja a sima f\u00fcst\u00e1raml\u00e1st \u00e9s az \u00e1lland\u00f3 \u00edzt, \u00edgy falatr\u00f3l falatra fogyaszthatod. Nincs men\u00fc, nincsenek gombok, k\u00f6nnyen \u00e9lvezheted. Ha az akkumul\u00e1tor lemer\u00fclt, Type-C interf\u00e9szen kereszt\u00fcl t\u00f6lthet\u0151. Ugyanazt az adatk\u00e1belt haszn\u00e1ld, mint egy mobiltelefont, \u00edgy egyszer\u0171 \u00e9s k\u00e9nyelmes.<\/p>\n<h2 data-v-md-heading=\"specification-overview\" data-v-md-line=\"11\">Specifik\u00e1ci\u00f3 \u00e1ttekint\u00e9se<\/h2>\n<ul data-v-md-line=\"12\">\n<li>Sz\u00edv\u00e1s gyakoris\u00e1ga: ak\u00e1r 15000-szer<\/li>\n<li>Nikotin: 0,5%-os nikotins\u00f3 (k\u00f6r\u00fclbel\u00fcl 5 milligramm milliliterenk\u00e9nt)<\/li>\n<li>E-folyad\u00e9k: 22 milliliter<\/li>\n<li>Porlaszt\u00f3 mag: 0,6 \u03a9 h\u00e1l\u00f3s porlaszt\u00f3 mag<\/li>\n<li>Akkumul\u00e1tor: 600mAh \u00fajrat\u00f6lthet\u0151 akkumul\u00e1tor<\/li>\n<li>M\u0171k\u00f6d\u00e9si elv: Egyetlen f\u00faj\u00e1ssal aktiv\u00e1lhat\u00f3<\/li>\n<li>T\u00f6lt\u00e9si m\u00f3d: Standard Type-C USB csatlakoz\u00f3<\/li>\n<li>\u00c1llapot: Kicsomagol\u00e1s ut\u00e1n azonnal haszn\u00e1lhat\u00f3<\/li>\n<li>M\u00e9ret \u00e9s s\u00faly: k\u00f6r\u00fclbel\u00fcl 32 x 123 millim\u00e9ter 110 gramm<\/li>\n<\/ul>\n<h2 data-v-md-heading=\"full-flavor-series\" data-v-md-line=\"22\">Teljes \u00edz\u0171 sorozat<\/h2>\n<ul data-v-md-line=\"23\">\n<li>Berry mint<\/li>\n<li>\u00c1fony\u00e1s r\u00e1g\u00f3gumi<\/li>\n<li>Cseresznyekarnev\u00e1l<\/li>\n<li>Dupla alm\u00e1k<\/li>\n<li>Lemon mint<\/li>\n<li>Mang\u00f3 j\u00e9g<\/li>\n<li>\u0150szibarack j\u00e9g<\/li>\n<li>\u00c9des maracuja<\/li>\n<li>Fekete ribizli j\u00e9g<\/li>\n<li>Sz\u0151l\u0151fagylalt<\/li>\n<\/ul>\n<h2 data-v-md-heading=\"for-you-and-for-your-business-as-well\" data-v-md-line=\"34\">Neked, \u00e9s a v\u00e1llalkoz\u00e1sodnak is<\/h2>\n<p data-v-md-line=\"35\">V\u00e1s\u00e1rolhat egyet szem\u00e9lyes haszn\u00e1latra, vagy felt\u00f6ltheti \u00e1ruh\u00e1z\u00e1ba a k\u00e9szleteit. 10 darab bemutat\u00f3dobozt biztos\u00edtunk a polcok kezel\u00e9s\u00e9nek megk\u00f6nny\u00edt\u00e9se \u00e9s az ut\u00e1nt\u00f6lt\u00e9si folyamat egyszer\u0171s\u00edt\u00e9se \u00e9rdek\u00e9ben. A nagy t\u00e9telben t\u00f6rt\u00e9n\u0151 megrendel\u00e9sek kiszerelhet\u0151k nagy t\u00e9telben \u00e9s k\u00fcls\u0151 dobozos csomagol\u00e1sban is. Ha a rakt\u00e1ri munkafolyamathoz csomagol\u00e1si specifik\u00e1ci\u00f3kra van sz\u00fcks\u00e9ge, k\u00e9rj\u00fck, forduljon csapatunkhoz.<\/p>\n<p data-v-md-line=\"37\">DDP sz\u00e1ll\u00edt\u00e1si szolg\u00e1ltat\u00e1sokat ny\u00fajtunk megb\u00edzhat\u00f3 partnerekkel, mint p\u00e9ld\u00e1ul a UPS, a DPD \u00e9s a DHL Eur\u00f3pa-szerte, \u00edgy pontos sz\u00e1ll\u00edt\u00e1si id\u0151ket kaphat, \u00e9s elker\u00fclheti a v\u00e1mbaleseteket. T\u00e1mogatjuk a hagyom\u00e1nyos hitelk\u00e1rty\u00e1kat \u00e9s a biztons\u00e1gos PayPal fizet\u00e9seket a z\u00f6kken\u0151mentes fizet\u00e9s \u00e9rdek\u00e9ben.<\/p>\n<p data-v-md-line=\"39\">R\u00f6vid megfelel\u0151s\u00e9gi magyar\u00e1zat. Ez a fajta eldobhat\u00f3, nagym\u00e9ret\u0171 f\u00fcstterm\u00e9k meghaladja az EU TPD e-folyad\u00e9k kapacit\u00e1sra vonatkoz\u00f3 hat\u00e1r\u00e9rt\u00e9k\u00e9t. A kiskereskedelmi ell\u00e1t\u00e1si helyzet orsz\u00e1gonk\u00e9nt\/r\u00e9gi\u00f3nk\u00e9nt elt\u00e9r\u0151 lehet. K\u00e9rj\u00fck, rendel\u00e9s el\u0151tt ellen\u0151rizze a helyi el\u0151\u00edr\u00e1sokat.<\/p>\n<h2 data-v-md-heading=\"why-do-you-like-it\" data-v-md-line=\"41\">Mi\u00e9rt tetszik?<\/h2>\n<ul data-v-md-line=\"42\">\n<li>T\u00f6bb sz\u00edv\u00e1si id\u0151: hosszabb akkumul\u00e1tor-\u00fczemid\u0151, nincs sz\u00fcks\u00e9g gyakori cser\u00e9re.<\/li>\n<li>Nikotinv\u00e1logat\u00e1s: A 0,5%-os nikotins\u00f3 sim\u00e1bb \u00e9s k\u00f6nnyebb \u00e9lm\u00e9nyt ny\u00fajt.<\/li>\n<li>\u00dajrat\u00f6lthet\u0151: Az e-liquid addig tart, am\u00edg el nem fogy.<\/li>\n<li>H\u00e1l\u00f3s tekercs: Minden falat meg\u0151rzi a gazdag \u00edzt \u00e9s \u00e1llagot.<\/li>\n<\/ul>\n<h2 data-v-md-heading=\"why-choose-to-collaborate-with-agoravape\" data-v-md-line=\"47\">Mi\u00e9rt \u00e9rdemes az AgoraVape-pel egy\u00fcttm\u0171k\u00f6dni?<\/h2>\n<p data-v-md-line=\"48\">Kiz\u00e1r\u00f3lag eredeti SFOG term\u00e9keket v\u00e1s\u00e1rolunk hivatalos keresked\u0151kt\u0151l. SFOG GT Bar 15000 v\u00edzipipa \u00edz\u0171 DTL vape-ek, ahol versenyk\u00e9pes nagykereskedelmi \u00e1rakat, megb\u00edzhat\u00f3 \u00fcgyf\u00e9lszolg\u00e1latot \u00e9s gyors DDP kisz\u00e1ll\u00edt\u00e1si szolg\u00e1ltat\u00e1sokat \u00e9lvezhet. Szeretne egy olyan eszk\u00f6zt l\u00e9trehozni, amelyet \u00fcgyfelei val\u00f3ban szeretnek? K\u00e9rj\u00fck, vegye fel vel\u00fcnk a kapcsolatot, \u00f6r\u00f6mmel \u00e1llunk rendelkez\u00e9s\u00e9re.<\/p>\n<p><script src=\"chrome-extension:\/\/fpelahbljekknahkcaegamhcndkfpfnc\/iFrame.js\" type=\"text\/javascript\"><\/script><\/p>","protected":false},"excerpt":{"rendered":"<p>What exactly is the SFOG GT Bar 15000 mouth hookah flavored DTL vape? If you are tired of disposable vapes<\/p>","protected":false},"featured_media":13562,"comment_status":"open","ping_status":"closed","template":"","meta":[],"product_brand":[208],"product_cat":[124,185,1635,174,175,193,191,135,173,186,180,190],"product_tag":[],"class_list":{"0":"post-13518","1":"product","2":"type-product","3":"status-publish","4":"has-post-thumbnail","6":"product_brand-sfog","7":"product_cat-vape-by-brand","8":"product_cat-10000-puffs-high-capacity","9":"product_cat-15000-puffs","10":"product_cat-fruit-flavors","11":"product_cat-icy-mint","12":"product_cat-mesh-coil","13":"product_cat-rechargeable-disposables","14":"product_cat-sfog","15":"product_cat-vape-by-flavor-profile","16":"product_cat-vape-by-nicotine-strength","17":"product_cat-vape-by-puff-count","18":"product_cat-vape-by-feature-or-type","20":"first","21":"onbackorder","22":"shipping-taxable","23":"purchasable","24":"product-type-variable","25":"has-default-attributes"},"tiered_pricing_type":"percentage","tiered_pricing_fixed_rules":[],"tiered_pricing_product_settings":{"layout":"default","base_unit_name":{"singular":null,"plural":null},"default_variation":null},"tiered_pricing_minimum_quantity":10,"tiered_pricing_roles_data":[],"tiered_pricing_percentage_rules":{"30":"29","50":"35","100":"40","200":"44","500":"47","1000":"49"},"tiered_pricing_maximum_quantity":null,"tiered_pricing_quantity_step":"10","_links":{"self":[{"href":"https:\/\/agoravape.com\/hu\/wp-json\/wp\/v2\/product\/13518","targetHints":{"allow":["GET"]}}],"collection":[{"href":"https:\/\/agoravape.com\/hu\/wp-json\/wp\/v2\/product"}],"about":[{"href":"https:\/\/agoravape.com\/hu\/wp-json\/wp\/v2\/types\/product"}],"replies":[{"embeddable":true,"href":"https:\/\/agoravape.com\/hu\/wp-json\/wp\/v2\/comments?post=13518"}],"version-history":[{"count":0,"href":"https:\/\/agoravape.com\/hu\/wp-json\/wp\/v2\/product\/13518\/revisions"}],"wp:featuredmedia":[{"embeddable":true,"href":"https:\/\/agoravape.com\/hu\/wp-json\/wp\/v2\/media\/13562"}],"wp:attachment":[{"href":"https:\/\/agoravape.com\/hu\/wp-json\/wp\/v2\/media?parent=13518"}],"wp:term":[{"taxonomy":"product_brand","embeddable":true,"href":"https:\/\/agoravape.com\/hu\/wp-json\/wp\/v2\/product_brand?post=13518"},{"taxonomy":"product_cat","embeddable":true,"href":"https:\/\/agoravape.com\/hu\/wp-json\/wp\/v2\/product_cat?post=13518"},{"taxonomy":"product_tag","embeddable":true,"href":"https:\/\/agoravape.com\/hu\/wp-json\/wp\/v2\/product_tag?post=13518"}],"curies":[{"name":"wp","href":"https:\/\/api.w.org\/{rel}","templated":true}]}}