{"id":13564,"date":"2025-10-11T17:11:01","date_gmt":"2025-10-11T09:11:01","guid":{"rendered":"https:\/\/green-grasshopper-921422.hostingersite.com\/?post_type=product&#038;p=13564"},"modified":"2026-01-13T00:53:13","modified_gmt":"2026-01-12T16:53:13","slug":"sfog-gazzbar-raketa-20k-puffs-vape","status":"publish","type":"product","link":"https:\/\/agoravape.com\/hu\/product\/sfog-gazzbar-rocket-20k-puffs-vape\/","title":{"rendered":"SFOG Gazzbar Rocket 20K Puffs Dual Mode Vape | Nagyszer\u0171 \u00edz, ami messzire kihat"},"content":{"rendered":"<h2 data-v-md-heading=\"what-exactly-is-the-sfog-gazzbar-rocket-20k-dual-mode-vape\" data-v-md-line=\"3\">Pontosan mi is az a SFOG Gazzbar Rocket 20K kett\u0151s \u00fczemm\u00f3d\u00fa vape?<\/h2>\n<p data-v-md-line=\"4\">Ha eleged van az eldobhat\u00f3, n\u00e9h\u00e1ny napon bel\u00fcl lej\u00e1r\u00f3 vape-ekb\u0151l, \u00e9rdemes lehet megn\u00e9zned ezt a term\u00e9ket. Az SFOG Gazzbar Rocket rendk\u00edv\u00fcl hossz\u00fa akkumul\u00e1tor-\u00fczemid\u0151vel rendelkezik, norm\u00e1l m\u00f3dban ak\u00e1r 20000 slukkot is k\u00e9pes felsz\u00edvni. Ha er\u0151sebb \u00e9s er\u0151sebb sz\u00edv\u00e1s\u00e9lm\u00e9nyt szeretn\u00e9l, pulz\u00e1l\u00f3 m\u00f3dba v\u00e1lthatsz, \u00e9s \u00edgy is ak\u00e1r 10000 slukkot is kib\u00edrsz.<\/p>\n<p data-v-md-line=\"6\">Ha k\u00f6nnyed\u00e9n szeretn\u00e9d \u00e9lvezni a gazdag \u00edzeket, ez az e-cigaretta az ide\u00e1lis v\u00e1laszt\u00e1s. Nem kell megtanulnod a be\u00e1ll\u00edt\u00e1sokat, nincs sz\u00fcks\u00e9g f\u00e1raszt\u00f3 ut\u00e1nt\u00f6lt\u00e9sre. Csak egy massz\u00edv \u00e9s tart\u00f3s e-cigaretta, amely azonnal haszn\u00e1lhat\u00f3, hogy kiel\u00e9g\u00edtse a napi sz\u00fcks\u00e9gleteidet egy h\u00e9ten kereszt\u00fcl.<\/p>\n<h2 data-v-md-heading=\"excellent-performance-worry-free\" data-v-md-line=\"8\">Kiv\u00e1l\u00f3 teljes\u00edtm\u00e9ny, gondtalan<\/h2>\n<p data-v-md-line=\"9\">Be\u00e9p\u00edtett, k\u00e9tmagos, kett\u0151s h\u00e1l\u00f3s tekercsek. Ez a kialak\u00edt\u00e1s biztos\u00edtja az \u00e1lland\u00f3 \u00edzt minden falatn\u00e1l. A tekercs sz\u00edv\u00e1sa sima, az \u00edze tiszta, \u00e9s nem \u00e9g meg vagy zavaros. Ha az akkumul\u00e1tor lemer\u00fclt, egyszer\u0171en t\u00f6ltse fel a tov\u00e1bbi haszn\u00e1lathoz. K\u00f6nnyen haszn\u00e1lhat\u00f3.<\/p>\n<h2 data-v-md-heading=\"specification-introduction\" data-v-md-line=\"11\">Specifik\u00e1ci\u00f3 Bevezet\u00e9s<\/h2>\n<p data-v-md-line=\"12\">-Sz\u00edv\u00e1s gyakoris\u00e1ga: norm\u00e1l \u00fczemm\u00f3dban ak\u00e1r 20000 alkalommal. Impulzus \u00fczemm\u00f3dban maximum 10000 alkalommal<br \/>\n-E-folyad\u00e9k kapacit\u00e1sa: 18 milliliter<br \/>\nNikotin: 5%-os nikotins\u00f3<br \/>\n-Tekercs: K\u00e9tmagos, kett\u0151s h\u00e1l\u00f3s tekercs. 1,0 \u03a9 ellen\u00e1ll\u00e1s<br \/>\n-Akkumul\u00e1tor: 650 mAh<br \/>\n-M\u0171k\u00f6d\u00e9si elv: Egyetlen f\u00faj\u00e1ssal aktiv\u00e1lhat\u00f3<br \/>\n-T\u00f6lt\u00e9si m\u00f3d: USB t\u00f6lt\u00e9s<br \/>\n-\u00c1llapot: Kicsomagol\u00e1s ut\u00e1n haszn\u00e1latra k\u00e9sz<br \/>\n-M\u00e9ret \u00e9s s\u00faly: 82 \u00d7 52 \u00d7 27 millim\u00e9ter. Nett\u00f3 t\u00f6meg 81 gramm<\/p>\n<h2 data-v-md-heading=\"full-flavor-series\" data-v-md-line=\"22\">Teljes \u00edz\u0171 sorozat<\/h2>\n<p data-v-md-line=\"23\">-Feh\u00e9r gumifagylalt<br \/>\n-Eper-kivi j\u00e9g<br \/>\n-K\u00e9k J\u00e9gp\u00e1lya<br \/>\n-Epres-ban\u00e1nos j\u00e9g<br \/>\n-Savany\u00fa almafagylalt<br \/>\n-Epres-mang\u00f3s j\u00e9g<br \/>\n-K\u00e9k J\u00e9gp\u00e1lya<br \/>\n-Tr\u00f3pusi sziv\u00e1rv\u00e1ny l\u00f6k\u00e9shull\u00e1m<br \/>\n-Peach Ice<br \/>\n-G\u00f6r\u00f6gdinnye j\u00e9g<br \/>\n-Mexik\u00f3i mang\u00f3fagylalt<br \/>\n-\u00c1tl\u00e1tsz\u00f3<br \/>\n-Miami Mint<br \/>\n-Doh\u00e1ny<\/p>\n<h2 data-v-md-heading=\"for-you-and-for-your-business-as-well\" data-v-md-line=\"38\">Neked, \u00e9s a v\u00e1llalkoz\u00e1sodnak is<\/h2>\n<p data-v-md-line=\"39\">Az SFOG Gazzbar Rocket 20K-t haszn\u00e1lhatod szem\u00e9lyes haszn\u00e1latra, vagy megv\u00e1s\u00e1rolhatod az \u00fczletedbe. A nagykereskedelmi bels\u0151 doboz 10 darabot tartalmaz, \u00edgy k\u00e9nyelmesen l\u00e9trehozhatsz egy rendezett bemutat\u00f3\u00e1llv\u00e1nyt, vagy gyorsan felt\u00f6ltheted a polcokat. Maga a k\u00e9sz\u00fcl\u00e9k hordozhat\u00f3s\u00e1ga meglep\u0151en j\u00f3, \u00e9s kevesebb sz\u00edv\u00e1si ciklussal is rendelkezik. Lehet, hogy nagydarabnak gondolod, de a 82 \u00d7 52 \u00d7 27 millim\u00e9teres m\u00e9ret\u00e9vel nem fog t\u00e9glak\u00e9nt hatni a zsebedben.<\/p>\n<p data-v-md-line=\"41\">Megb\u00edzhat\u00f3 partnerekkel, p\u00e9ld\u00e1ul a UPS-szel, a DPD-vel \u00e9s a DHL-lel dolgozunk egy\u00fctt, hogy \u00e1ruit v\u00e1mfizet\u00e9ssel (DDP) sz\u00e1ll\u00edtsuk, biztos\u00edtva a z\u00f6kken\u0151mentes sz\u00e1ll\u00edt\u00e1st \u00e9s elker\u00fclve a v\u00e1mbaleseteket. Nagy t\u00e9telben t\u00f6rt\u00e9n\u0151 v\u00e1s\u00e1rl\u00e1s eset\u00e9n megb\u00edzhat\u00f3 \u00fctemtervet \u00e1ll\u00edtunk \u00f6ssze \u00e9s leegyszer\u0171s\u00edtj\u00fck a dokumentumkezel\u00e9si folyamatot.<\/p>\n<h2 data-v-md-heading=\"why-do-you-like-it\" data-v-md-line=\"43\">Mi\u00e9rt tetszik?<\/h2>\n<p data-v-md-line=\"44\">-Nagy doh\u00e1nyz\u00e1si mennyis\u00e9g: hosszabb doh\u00e1nyz\u00e1si id\u0151, nem kell gyakran \u00faj cigarett\u00e1t v\u00e1s\u00e1rolni<br \/>\n-Sz\u00edv\u00e1s m\u00f3d: Norm\u00e1l m\u00f3d, k\u00f6nny\u0171 sz\u00edv\u00e1s. Pulz\u00e1l\u00f3 m\u00f3d, er\u0151s \u00e9s hat\u00e9kony<br \/>\n-\u00dajrat\u00f6lthet\u0151: Minden megv\u00e1s\u00e1rolt e-liquidet haszn\u00e1lhatsz vele<br \/>\n-H\u00e1l\u00f3s tekercs: az els\u0151 falatt\u00f3l az utols\u00f3ig az \u00edze \u00e1lland\u00f3 marad<br \/>\n-Hordozhat\u00f3 \u00e9s k\u00f6nnyen sz\u00e1ll\u00edthat\u00f3: nagy kapacit\u00e1s\u00fa, de nem t\u00fal nagy m\u00e9ret\u0171<\/p>\n<h2 data-v-md-heading=\"why-choose-to-collaborate-with-agoravape\" data-v-md-line=\"50\">Mi\u00e9rt \u00e9rdemes az AgoraVape-pel egy\u00fcttm\u0171k\u00f6dni?<\/h2>\n<p data-v-md-line=\"51\">Kiz\u00e1r\u00f3lag 100%-ban eredeti term\u00e9keket forgalmazunk, ebben biztosak lehet\u00fcnk. Kereskedelmi \u00fcgyfeleink kedvezm\u00e9nyes nagykereskedelmi \u00e1rakat, gyors \u00e9s megb\u00edzhat\u00f3 \u00fcgyf\u00e9lszolg\u00e1latot, valamint gyors \u00e9s megb\u00edzhat\u00f3 kisz\u00e1ll\u00edt\u00e1si szolg\u00e1ltat\u00e1sokat \u00e9lvezhetnek az SFOG Gazzbar Rocket 20K kett\u0151s \u00fczemm\u00f3d\u00fa vape-ek eset\u00e9ben. Ha olyan eszk\u00f6zt szeretne lefoglalni, amelyet az \u00fcgyfelek val\u00f3ban visszat\u00e9r\u0151en v\u00e1s\u00e1rolni fognak, k\u00e9rj\u00fck, vegye fel vel\u00fcnk a kapcsolatot.<\/p>","protected":false},"excerpt":{"rendered":"<p>What exactly is the SFOG Gazzbar Rocket 20K dual-mode vape? If you are tired of disposable vapes that expire in<\/p>","protected":false},"featured_media":13585,"comment_status":"open","ping_status":"closed","template":"","meta":[],"product_brand":[208],"product_cat":[124,185,1636,174,175,193,191,135,178,179,173,186,180,190],"product_tag":[],"class_list":{"0":"post-13564","1":"product","2":"type-product","3":"status-publish","4":"has-post-thumbnail","6":"product_brand-sfog","7":"product_cat-vape-by-brand","8":"product_cat-10000-puffs-high-capacity","9":"product_cat-20000-puffs","10":"product_cat-fruit-flavors","11":"product_cat-icy-mint","12":"product_cat-mesh-coil","13":"product_cat-rechargeable-disposables","14":"product_cat-sfog","15":"product_cat-tobacco","16":"product_cat-unique-blends","17":"product_cat-vape-by-flavor-profile","18":"product_cat-vape-by-nicotine-strength","19":"product_cat-vape-by-puff-count","20":"product_cat-vape-by-feature-or-type","22":"first","23":"instock","24":"shipping-taxable","25":"purchasable","26":"product-type-variable","27":"has-default-attributes"},"tiered_pricing_type":"percentage","tiered_pricing_fixed_rules":[],"tiered_pricing_product_settings":{"layout":"default","base_unit_name":{"singular":null,"plural":null},"default_variation":null},"tiered_pricing_minimum_quantity":10,"tiered_pricing_roles_data":[],"tiered_pricing_percentage_rules":{"30":"29","50":"35","100":"40","200":"44","500":"47","1000":"49"},"tiered_pricing_maximum_quantity":null,"tiered_pricing_quantity_step":"10","_links":{"self":[{"href":"https:\/\/agoravape.com\/hu\/wp-json\/wp\/v2\/product\/13564","targetHints":{"allow":["GET"]}}],"collection":[{"href":"https:\/\/agoravape.com\/hu\/wp-json\/wp\/v2\/product"}],"about":[{"href":"https:\/\/agoravape.com\/hu\/wp-json\/wp\/v2\/types\/product"}],"replies":[{"embeddable":true,"href":"https:\/\/agoravape.com\/hu\/wp-json\/wp\/v2\/comments?post=13564"}],"version-history":[{"count":0,"href":"https:\/\/agoravape.com\/hu\/wp-json\/wp\/v2\/product\/13564\/revisions"}],"wp:featuredmedia":[{"embeddable":true,"href":"https:\/\/agoravape.com\/hu\/wp-json\/wp\/v2\/media\/13585"}],"wp:attachment":[{"href":"https:\/\/agoravape.com\/hu\/wp-json\/wp\/v2\/media?parent=13564"}],"wp:term":[{"taxonomy":"product_brand","embeddable":true,"href":"https:\/\/agoravape.com\/hu\/wp-json\/wp\/v2\/product_brand?post=13564"},{"taxonomy":"product_cat","embeddable":true,"href":"https:\/\/agoravape.com\/hu\/wp-json\/wp\/v2\/product_cat?post=13564"},{"taxonomy":"product_tag","embeddable":true,"href":"https:\/\/agoravape.com\/hu\/wp-json\/wp\/v2\/product_tag?post=13564"}],"curies":[{"name":"wp","href":"https:\/\/api.w.org\/{rel}","templated":true}]}}